{"id":25732,"date":"2025-05-14T12:07:37","date_gmt":"2025-05-14T15:07:37","guid":{"rendered":"https:\/\/ponteseditores.com.br\/loja3\/?post_type=product&#038;p=25732"},"modified":"2025-05-14T12:07:38","modified_gmt":"2025-05-14T15:07:38","slug":"atos-retoricos-de-linguagem-no-discurso-neopentecostal-da-igreja-santa-de-jesus-cristo","status":"publish","type":"product","link":"https:\/\/ponteseditores.com.br\/loja3\/pontes-editores-home-2__trashed\/linguistica\/atos-retoricos-de-linguagem-no-discurso-neopentecostal-da-igreja-santa-de-jesus-cristo\/","title":{"rendered":"Atos ret\u00f3ricos de linguagem no discurso neopentecostal da Igreja Santa de Jesus Cristo"},"content":{"rendered":"<p>Esta c\u00e9lebre obra intitulada ATOS RET\u00d3RICOS DE LINGUAGEM NO DISCURSO NEOPENTECOSTAL DA IGREJA SANTA DE JESUS CRISTO \u00e9 fruto de uma memor\u00e1vel pesquisa de natureza doutoral que se centra nos estudos ret\u00f3ricos do discurso, apresentando um apanhado conceitual desde a g\u00eanese da Ret\u00f3rica, essa preciosa t\u00e9cnica, at\u00e9 a aplicabilidade dos seus conceitos no discurso religioso, sobressaindo-se as estrat\u00e9gias mais recorrentes, quais sejam: a tr\u00edade <em>ethos, logos <\/em>e <em>pathos <\/em>do orador que protagoniza os serm\u00f5es analisados no livro, tendo, assim, essas provas ret\u00f3ricas como recursos fundamentais no processo de convencimento e de persuas\u00e3o do audit\u00f3rio desse orador sacro que intui influenciar ou mesmo manipular as ideias para manter seus signat\u00e1rios e conquistar novos fi\u00e9is.<\/p>\n<p>O trabalho faz uma associa\u00e7\u00e3o epistemol\u00f3gica inovadora entre as teorias da Ret\u00f3rica, da Argumenta\u00e7\u00e3o no Discurso e da Semiolingu\u00edstica, al\u00e9m de um estudo necess\u00e1rio a respeito do neopentecostalismo brasileiro, em especial, acerca da igreja pautada nessa pesquisa. Nessa dire\u00e7\u00e3o, este livro \u00e9 uma obra com uma relevante contribui\u00e7\u00e3o n\u00e3o apenas do ponto de vista te\u00f3rico-metodol\u00f3gico para o meio acad\u00eamico, mas, sobretudo, para o meio social, tendo, assim, como fun\u00e7\u00e3o descortinar as artimanhas persuasivas presentes nos referidos serm\u00f5es, evidenciando como a ret\u00f3rica, por exemplo, por meio da tipologia dos argumentos que se constitui na busca da forte ades\u00e3o do audit\u00f3rio, influencia ou busca influenciar pessoas conforme os prop\u00f3sitos do pastor\/orador em tela.<\/p>\n<p>Considerando os argumentos elencados, esta obra torna-se necess\u00e1ria para todas as pessoas que se interessam pelas teorias da linguagem utilizadas na pesquisa e pela tem\u00e1tica social tratada.<\/p>\n<p>&nbsp;<\/p>\n<p><strong>Prof. Dr. Deywid Wagner de Melo <\/strong><\/p>\n<p>Professor do curso de Letras e do Programa de P\u00f3s-Gradua\u00e7\u00e3o em Lingu\u00edstica e Literatura (PPGLL) da Universidade Federal de Alagoas (UFAL)<\/p>\n","protected":false},"excerpt":{"rendered":"<p>Esta c\u00e9lebre obra intitulada ATOS RET\u00d3RICOS DE LINGUAGEM NO DISCURSO NEOPENTECOSTAL DA IGREJA SANTA DE JESUS CRISTO \u00e9 fruto de uma memor\u00e1vel pesquisa de natureza doutoral que se centra nos estudos ret\u00f3ricos do discurso, apresentando um apanhado conceitual desde a g\u00eanese da Ret\u00f3rica, essa preciosa t\u00e9cnica, at\u00e9 a aplicabilidade dos seus conceitos no discurso religioso, [&hellip;]<\/p>\n","protected":false},"featured_media":25733,"comment_status":"open","ping_status":"closed","template":"","meta":{"_joinchat":[]},"product_brand":[],"product_cat":[301,167,31],"product_tag":[],"class_list":{"0":"post-25732","1":"product","2":"type-product","3":"status-publish","4":"has-post-thumbnail","6":"product_cat-analise-de-discurso","7":"product_cat-lancamento","8":"product_cat-linguistica","10":"first","11":"instock","12":"shipping-taxable","13":"purchasable","14":"product-type-simple"},"yoast_head":"<!-- This site is optimized with the Yoast SEO plugin v27.4 - https:\/\/yoast.com\/product\/yoast-seo-wordpress\/ -->\n<title>Atos ret\u00f3ricos de linguagem no discurso neopentecostal da Igreja Santa de Jesus Cristo - Pontes Editores<\/title>\n<meta name=\"robots\" content=\"index, follow, max-snippet:-1, max-image-preview:large, max-video-preview:-1\" \/>\n<link rel=\"canonical\" href=\"https:\/\/ponteseditores.com.br\/loja3\/pontes-editores-home-2__trashed\/linguistica\/atos-retoricos-de-linguagem-no-discurso-neopentecostal-da-igreja-santa-de-jesus-cristo\/\" \/>\n<meta property=\"og:locale\" content=\"pt_BR\" \/>\n<meta property=\"og:type\" content=\"article\" \/>\n<meta property=\"og:title\" content=\"Atos ret\u00f3ricos de linguagem no discurso neopentecostal da Igreja Santa de Jesus Cristo - Pontes Editores\" \/>\n<meta property=\"og:description\" content=\"Esta c\u00e9lebre obra intitulada ATOS RET\u00d3RICOS DE LINGUAGEM NO DISCURSO NEOPENTECOSTAL DA IGREJA SANTA DE JESUS CRISTO \u00e9 fruto de uma memor\u00e1vel pesquisa de natureza doutoral que se centra nos estudos ret\u00f3ricos do discurso, apresentando um apanhado conceitual desde a g\u00eanese da Ret\u00f3rica, essa preciosa t\u00e9cnica, at\u00e9 a aplicabilidade dos seus conceitos no discurso religioso, [&hellip;]\" \/>\n<meta property=\"og:url\" content=\"https:\/\/ponteseditores.com.br\/loja3\/pontes-editores-home-2__trashed\/linguistica\/atos-retoricos-de-linguagem-no-discurso-neopentecostal-da-igreja-santa-de-jesus-cristo\/\" \/>\n<meta property=\"og:site_name\" content=\"Pontes Editores\" \/>\n<meta property=\"article:modified_time\" content=\"2025-05-14T15:07:38+00:00\" \/>\n<meta property=\"og:image\" content=\"https:\/\/ponteseditores.com.br\/loja3\/wp-content\/uploads\/2025\/05\/Capa_Atos-Retoricos-scaled.jpg\" \/>\n\t<meta property=\"og:image:width\" content=\"1767\" \/>\n\t<meta property=\"og:image:height\" content=\"2560\" \/>\n\t<meta property=\"og:image:type\" content=\"image\/jpeg\" \/>\n<meta name=\"twitter:card\" content=\"summary_large_image\" \/>\n<meta name=\"twitter:label1\" content=\"Est. tempo de leitura\" \/>\n\t<meta name=\"twitter:data1\" content=\"2 minutos\" \/>\n<script type=\"application\/ld+json\" class=\"yoast-schema-graph\">{\"@context\":\"https:\\\/\\\/schema.org\",\"@graph\":[{\"@type\":\"WebPage\",\"@id\":\"https:\\\/\\\/ponteseditores.com.br\\\/loja3\\\/pontes-editores-home-2__trashed\\\/linguistica\\\/atos-retoricos-de-linguagem-no-discurso-neopentecostal-da-igreja-santa-de-jesus-cristo\\\/\",\"url\":\"https:\\\/\\\/ponteseditores.com.br\\\/loja3\\\/pontes-editores-home-2__trashed\\\/linguistica\\\/atos-retoricos-de-linguagem-no-discurso-neopentecostal-da-igreja-santa-de-jesus-cristo\\\/\",\"name\":\"Atos ret\u00f3ricos de linguagem no discurso neopentecostal da Igreja Santa de Jesus Cristo - Pontes Editores\",\"isPartOf\":{\"@id\":\"https:\\\/\\\/ponteseditores.com.br\\\/loja3\\\/#website\"},\"primaryImageOfPage\":{\"@id\":\"https:\\\/\\\/ponteseditores.com.br\\\/loja3\\\/pontes-editores-home-2__trashed\\\/linguistica\\\/atos-retoricos-de-linguagem-no-discurso-neopentecostal-da-igreja-santa-de-jesus-cristo\\\/#primaryimage\"},\"image\":{\"@id\":\"https:\\\/\\\/ponteseditores.com.br\\\/loja3\\\/pontes-editores-home-2__trashed\\\/linguistica\\\/atos-retoricos-de-linguagem-no-discurso-neopentecostal-da-igreja-santa-de-jesus-cristo\\\/#primaryimage\"},\"thumbnailUrl\":\"https:\\\/\\\/ponteseditores.com.br\\\/loja3\\\/wp-content\\\/uploads\\\/2025\\\/05\\\/Capa_Atos-Retoricos-scaled.jpg\",\"datePublished\":\"2025-05-14T15:07:37+00:00\",\"dateModified\":\"2025-05-14T15:07:38+00:00\",\"breadcrumb\":{\"@id\":\"https:\\\/\\\/ponteseditores.com.br\\\/loja3\\\/pontes-editores-home-2__trashed\\\/linguistica\\\/atos-retoricos-de-linguagem-no-discurso-neopentecostal-da-igreja-santa-de-jesus-cristo\\\/#breadcrumb\"},\"inLanguage\":\"pt-BR\",\"potentialAction\":[{\"@type\":\"ReadAction\",\"target\":[\"https:\\\/\\\/ponteseditores.com.br\\\/loja3\\\/pontes-editores-home-2__trashed\\\/linguistica\\\/atos-retoricos-de-linguagem-no-discurso-neopentecostal-da-igreja-santa-de-jesus-cristo\\\/\"]}]},{\"@type\":\"ImageObject\",\"inLanguage\":\"pt-BR\",\"@id\":\"https:\\\/\\\/ponteseditores.com.br\\\/loja3\\\/pontes-editores-home-2__trashed\\\/linguistica\\\/atos-retoricos-de-linguagem-no-discurso-neopentecostal-da-igreja-santa-de-jesus-cristo\\\/#primaryimage\",\"url\":\"https:\\\/\\\/ponteseditores.com.br\\\/loja3\\\/wp-content\\\/uploads\\\/2025\\\/05\\\/Capa_Atos-Retoricos-scaled.jpg\",\"contentUrl\":\"https:\\\/\\\/ponteseditores.com.br\\\/loja3\\\/wp-content\\\/uploads\\\/2025\\\/05\\\/Capa_Atos-Retoricos-scaled.jpg\",\"width\":1767,\"height\":2560},{\"@type\":\"BreadcrumbList\",\"@id\":\"https:\\\/\\\/ponteseditores.com.br\\\/loja3\\\/pontes-editores-home-2__trashed\\\/linguistica\\\/atos-retoricos-de-linguagem-no-discurso-neopentecostal-da-igreja-santa-de-jesus-cristo\\\/#breadcrumb\",\"itemListElement\":[{\"@type\":\"ListItem\",\"position\":1,\"name\":\"Home\",\"item\":\"https:\\\/\\\/ponteseditores.com.br\\\/loja3\\\/\"},{\"@type\":\"ListItem\",\"position\":2,\"name\":\"loja\",\"item\":\"https:\\\/\\\/ponteseditores.com.br\\\/loja3\\\/loja\\\/\"},{\"@type\":\"ListItem\",\"position\":3,\"name\":\"Atos ret\u00f3ricos de linguagem no discurso neopentecostal da Igreja Santa de Jesus Cristo\"}]},{\"@type\":\"WebSite\",\"@id\":\"https:\\\/\\\/ponteseditores.com.br\\\/loja3\\\/#website\",\"url\":\"https:\\\/\\\/ponteseditores.com.br\\\/loja3\\\/\",\"name\":\"Pontes Editores\",\"description\":\"Pontes Editores\",\"publisher\":{\"@id\":\"https:\\\/\\\/ponteseditores.com.br\\\/loja3\\\/#organization\"},\"potentialAction\":[{\"@type\":\"SearchAction\",\"target\":{\"@type\":\"EntryPoint\",\"urlTemplate\":\"https:\\\/\\\/ponteseditores.com.br\\\/loja3\\\/?s={search_term_string}\"},\"query-input\":{\"@type\":\"PropertyValueSpecification\",\"valueRequired\":true,\"valueName\":\"search_term_string\"}}],\"inLanguage\":\"pt-BR\"},{\"@type\":\"Organization\",\"@id\":\"https:\\\/\\\/ponteseditores.com.br\\\/loja3\\\/#organization\",\"name\":\"Pontes Editores\",\"url\":\"https:\\\/\\\/ponteseditores.com.br\\\/loja3\\\/\",\"logo\":{\"@type\":\"ImageObject\",\"inLanguage\":\"pt-BR\",\"@id\":\"https:\\\/\\\/ponteseditores.com.br\\\/loja3\\\/#\\\/schema\\\/logo\\\/image\\\/\",\"url\":\"https:\\\/\\\/ponteseditores.com.br\\\/loja3\\\/wp-content\\\/uploads\\\/2023\\\/12\\\/logo-pontes-editores-v2.png\",\"contentUrl\":\"https:\\\/\\\/ponteseditores.com.br\\\/loja3\\\/wp-content\\\/uploads\\\/2023\\\/12\\\/logo-pontes-editores-v2.png\",\"width\":258,\"height\":100,\"caption\":\"Pontes Editores\"},\"image\":{\"@id\":\"https:\\\/\\\/ponteseditores.com.br\\\/loja3\\\/#\\\/schema\\\/logo\\\/image\\\/\"}}]}<\/script>\n<!-- \/ Yoast SEO plugin. -->","yoast_head_json":{"title":"Atos ret\u00f3ricos de linguagem no discurso neopentecostal da Igreja Santa de Jesus Cristo - Pontes Editores","robots":{"index":"index","follow":"follow","max-snippet":"max-snippet:-1","max-image-preview":"max-image-preview:large","max-video-preview":"max-video-preview:-1"},"canonical":"https:\/\/ponteseditores.com.br\/loja3\/pontes-editores-home-2__trashed\/linguistica\/atos-retoricos-de-linguagem-no-discurso-neopentecostal-da-igreja-santa-de-jesus-cristo\/","og_locale":"pt_BR","og_type":"article","og_title":"Atos ret\u00f3ricos de linguagem no discurso neopentecostal da Igreja Santa de Jesus Cristo - Pontes Editores","og_description":"Esta c\u00e9lebre obra intitulada ATOS RET\u00d3RICOS DE LINGUAGEM NO DISCURSO NEOPENTECOSTAL DA IGREJA SANTA DE JESUS CRISTO \u00e9 fruto de uma memor\u00e1vel pesquisa de natureza doutoral que se centra nos estudos ret\u00f3ricos do discurso, apresentando um apanhado conceitual desde a g\u00eanese da Ret\u00f3rica, essa preciosa t\u00e9cnica, at\u00e9 a aplicabilidade dos seus conceitos no discurso religioso, [&hellip;]","og_url":"https:\/\/ponteseditores.com.br\/loja3\/pontes-editores-home-2__trashed\/linguistica\/atos-retoricos-de-linguagem-no-discurso-neopentecostal-da-igreja-santa-de-jesus-cristo\/","og_site_name":"Pontes Editores","article_modified_time":"2025-05-14T15:07:38+00:00","og_image":[{"width":1767,"height":2560,"url":"https:\/\/ponteseditores.com.br\/loja3\/wp-content\/uploads\/2025\/05\/Capa_Atos-Retoricos-scaled.jpg","type":"image\/jpeg"}],"twitter_card":"summary_large_image","twitter_misc":{"Est. tempo de leitura":"2 minutos"},"schema":{"@context":"https:\/\/schema.org","@graph":[{"@type":"WebPage","@id":"https:\/\/ponteseditores.com.br\/loja3\/pontes-editores-home-2__trashed\/linguistica\/atos-retoricos-de-linguagem-no-discurso-neopentecostal-da-igreja-santa-de-jesus-cristo\/","url":"https:\/\/ponteseditores.com.br\/loja3\/pontes-editores-home-2__trashed\/linguistica\/atos-retoricos-de-linguagem-no-discurso-neopentecostal-da-igreja-santa-de-jesus-cristo\/","name":"Atos ret\u00f3ricos de linguagem no discurso neopentecostal da Igreja Santa de Jesus Cristo - Pontes Editores","isPartOf":{"@id":"https:\/\/ponteseditores.com.br\/loja3\/#website"},"primaryImageOfPage":{"@id":"https:\/\/ponteseditores.com.br\/loja3\/pontes-editores-home-2__trashed\/linguistica\/atos-retoricos-de-linguagem-no-discurso-neopentecostal-da-igreja-santa-de-jesus-cristo\/#primaryimage"},"image":{"@id":"https:\/\/ponteseditores.com.br\/loja3\/pontes-editores-home-2__trashed\/linguistica\/atos-retoricos-de-linguagem-no-discurso-neopentecostal-da-igreja-santa-de-jesus-cristo\/#primaryimage"},"thumbnailUrl":"https:\/\/ponteseditores.com.br\/loja3\/wp-content\/uploads\/2025\/05\/Capa_Atos-Retoricos-scaled.jpg","datePublished":"2025-05-14T15:07:37+00:00","dateModified":"2025-05-14T15:07:38+00:00","breadcrumb":{"@id":"https:\/\/ponteseditores.com.br\/loja3\/pontes-editores-home-2__trashed\/linguistica\/atos-retoricos-de-linguagem-no-discurso-neopentecostal-da-igreja-santa-de-jesus-cristo\/#breadcrumb"},"inLanguage":"pt-BR","potentialAction":[{"@type":"ReadAction","target":["https:\/\/ponteseditores.com.br\/loja3\/pontes-editores-home-2__trashed\/linguistica\/atos-retoricos-de-linguagem-no-discurso-neopentecostal-da-igreja-santa-de-jesus-cristo\/"]}]},{"@type":"ImageObject","inLanguage":"pt-BR","@id":"https:\/\/ponteseditores.com.br\/loja3\/pontes-editores-home-2__trashed\/linguistica\/atos-retoricos-de-linguagem-no-discurso-neopentecostal-da-igreja-santa-de-jesus-cristo\/#primaryimage","url":"https:\/\/ponteseditores.com.br\/loja3\/wp-content\/uploads\/2025\/05\/Capa_Atos-Retoricos-scaled.jpg","contentUrl":"https:\/\/ponteseditores.com.br\/loja3\/wp-content\/uploads\/2025\/05\/Capa_Atos-Retoricos-scaled.jpg","width":1767,"height":2560},{"@type":"BreadcrumbList","@id":"https:\/\/ponteseditores.com.br\/loja3\/pontes-editores-home-2__trashed\/linguistica\/atos-retoricos-de-linguagem-no-discurso-neopentecostal-da-igreja-santa-de-jesus-cristo\/#breadcrumb","itemListElement":[{"@type":"ListItem","position":1,"name":"Home","item":"https:\/\/ponteseditores.com.br\/loja3\/"},{"@type":"ListItem","position":2,"name":"loja","item":"https:\/\/ponteseditores.com.br\/loja3\/loja\/"},{"@type":"ListItem","position":3,"name":"Atos ret\u00f3ricos de linguagem no discurso neopentecostal da Igreja Santa de Jesus Cristo"}]},{"@type":"WebSite","@id":"https:\/\/ponteseditores.com.br\/loja3\/#website","url":"https:\/\/ponteseditores.com.br\/loja3\/","name":"Pontes Editores","description":"Pontes Editores","publisher":{"@id":"https:\/\/ponteseditores.com.br\/loja3\/#organization"},"potentialAction":[{"@type":"SearchAction","target":{"@type":"EntryPoint","urlTemplate":"https:\/\/ponteseditores.com.br\/loja3\/?s={search_term_string}"},"query-input":{"@type":"PropertyValueSpecification","valueRequired":true,"valueName":"search_term_string"}}],"inLanguage":"pt-BR"},{"@type":"Organization","@id":"https:\/\/ponteseditores.com.br\/loja3\/#organization","name":"Pontes Editores","url":"https:\/\/ponteseditores.com.br\/loja3\/","logo":{"@type":"ImageObject","inLanguage":"pt-BR","@id":"https:\/\/ponteseditores.com.br\/loja3\/#\/schema\/logo\/image\/","url":"https:\/\/ponteseditores.com.br\/loja3\/wp-content\/uploads\/2023\/12\/logo-pontes-editores-v2.png","contentUrl":"https:\/\/ponteseditores.com.br\/loja3\/wp-content\/uploads\/2023\/12\/logo-pontes-editores-v2.png","width":258,"height":100,"caption":"Pontes Editores"},"image":{"@id":"https:\/\/ponteseditores.com.br\/loja3\/#\/schema\/logo\/image\/"}}]}},"_links":{"self":[{"href":"https:\/\/ponteseditores.com.br\/loja3\/wp-json\/wp\/v2\/product\/25732","targetHints":{"allow":["GET"]}}],"collection":[{"href":"https:\/\/ponteseditores.com.br\/loja3\/wp-json\/wp\/v2\/product"}],"about":[{"href":"https:\/\/ponteseditores.com.br\/loja3\/wp-json\/wp\/v2\/types\/product"}],"replies":[{"embeddable":true,"href":"https:\/\/ponteseditores.com.br\/loja3\/wp-json\/wp\/v2\/comments?post=25732"}],"version-history":[{"count":1,"href":"https:\/\/ponteseditores.com.br\/loja3\/wp-json\/wp\/v2\/product\/25732\/revisions"}],"predecessor-version":[{"id":25734,"href":"https:\/\/ponteseditores.com.br\/loja3\/wp-json\/wp\/v2\/product\/25732\/revisions\/25734"}],"wp:featuredmedia":[{"embeddable":true,"href":"https:\/\/ponteseditores.com.br\/loja3\/wp-json\/wp\/v2\/media\/25733"}],"wp:attachment":[{"href":"https:\/\/ponteseditores.com.br\/loja3\/wp-json\/wp\/v2\/media?parent=25732"}],"wp:term":[{"taxonomy":"product_brand","embeddable":true,"href":"https:\/\/ponteseditores.com.br\/loja3\/wp-json\/wp\/v2\/product_brand?post=25732"},{"taxonomy":"product_cat","embeddable":true,"href":"https:\/\/ponteseditores.com.br\/loja3\/wp-json\/wp\/v2\/product_cat?post=25732"},{"taxonomy":"product_tag","embeddable":true,"href":"https:\/\/ponteseditores.com.br\/loja3\/wp-json\/wp\/v2\/product_tag?post=25732"}],"curies":[{"name":"wp","href":"https:\/\/api.w.org\/{rel}","templated":true}]}}