{"id":25725,"date":"2025-05-14T11:59:13","date_gmt":"2025-05-14T14:59:13","guid":{"rendered":"https:\/\/ponteseditores.com.br\/loja3\/?post_type=product&#038;p=25725"},"modified":"2025-05-14T11:59:13","modified_gmt":"2025-05-14T14:59:13","slug":"argumentacao-discurso-e-polemica-em-ambientes-digitais","status":"publish","type":"product","link":"https:\/\/ponteseditores.com.br\/loja3\/pontes-editores-home-2__trashed\/linguistica\/argumentacao-discurso-e-polemica-em-ambientes-digitais\/","title":{"rendered":"Argumenta\u00e7\u00e3o, discurso e pol\u00eamica em ambientes digitais"},"content":{"rendered":"<p>Esta colet\u00e2nea apresenta os desdobramentos do ciclo de confer\u00eancias \u201cAn\u00e1lise do Discurso Digital\u201d, realizado em 2022, na Universidade Federal de Goi\u00e1s, de forma on-line. O evento contou com pesquisadores do Brasil e do exterior, os quais, ao longo de diversas confer\u00eancias, refletiram sobre a onipresen\u00e7a das redes sociais, impacto das fake news, discursos de \u00f3dio, ciberviol\u00eancia, al\u00e9m dos efeitos do digital no nosso cotidiano, na educa\u00e7\u00e3o, pol\u00edtica, economia entre outros contextos.<\/p>\n<p>Neste trabalho inclu\u00edmos treze textos, dentre os quais o Pref\u00e1cio de Marie- Anne Paveau e o Posf\u00e1cio de Jos\u00e9Luiz Fiorin. Dividida em tr\u00eas eixos \u2013 <em>Fake news, complotismos e outros estorvos digitais<\/em>, <em>Entrecruzamentos ret\u00f3ricos e argumentativos em rede <\/em>e <em>Tecnog\u00eaneros, pol\u00eamica e letramento digital <\/em>\u2013, a obra oferece uma vis\u00e3o ampla e cr\u00edtica sobre os desafios da comunica\u00e7\u00e3o digital contempor\u00e2nea.<\/p>\n<p>Cada cap\u00edtulo foi escrito com a inten\u00e7\u00e3o de compartilhar n\u00e3o apenas conhecimento, mas tamb\u00e9m reflex\u00f5es acerca de um mundo cada vez mais conectado e, por vezes, desafiador. Feito com muito esmero, e entre debates instigantes, esta obra \u00e9a culmina\u00e7\u00e3o de um ciclo bastante prof\u00edcuo de discuss\u00f5es que, acreditamos, v\u00eam para enriquecer e ajudar-nos a avan\u00e7ar no debate sobre o discurso digital e seus desdobramentos em nossas vidas.<\/p>\n","protected":false},"excerpt":{"rendered":"<p>Esta colet\u00e2nea apresenta os desdobramentos do ciclo de confer\u00eancias \u201cAn\u00e1lise do Discurso Digital\u201d, realizado em 2022, na Universidade Federal de Goi\u00e1s, de forma on-line. O evento contou com pesquisadores do Brasil e do exterior, os quais, ao longo de diversas confer\u00eancias, refletiram sobre a onipresen\u00e7a das redes sociais, impacto das fake news, discursos de \u00f3dio, [&hellip;]<\/p>\n","protected":false},"featured_media":25727,"comment_status":"open","ping_status":"closed","template":"","meta":{"_joinchat":[]},"product_brand":[],"product_cat":[167,31],"product_tag":[],"class_list":{"0":"post-25725","1":"product","2":"type-product","3":"status-publish","4":"has-post-thumbnail","6":"product_cat-lancamento","7":"product_cat-linguistica","9":"first","10":"instock","11":"shipping-taxable","12":"purchasable","13":"product-type-simple"},"yoast_head":"<!-- This site is optimized with the Yoast SEO plugin v27.3 - https:\/\/yoast.com\/product\/yoast-seo-wordpress\/ -->\n<title>Argumenta\u00e7\u00e3o, discurso e pol\u00eamica em ambientes digitais - Pontes Editores<\/title>\n<meta name=\"robots\" content=\"index, follow, max-snippet:-1, max-image-preview:large, max-video-preview:-1\" \/>\n<link rel=\"canonical\" href=\"https:\/\/ponteseditores.com.br\/loja3\/pontes-editores-home-2__trashed\/linguistica\/argumentacao-discurso-e-polemica-em-ambientes-digitais\/\" \/>\n<meta property=\"og:locale\" content=\"pt_BR\" \/>\n<meta property=\"og:type\" content=\"article\" \/>\n<meta property=\"og:title\" content=\"Argumenta\u00e7\u00e3o, discurso e pol\u00eamica em ambientes digitais - Pontes Editores\" \/>\n<meta property=\"og:description\" content=\"Esta colet\u00e2nea apresenta os desdobramentos do ciclo de confer\u00eancias \u201cAn\u00e1lise do Discurso Digital\u201d, realizado em 2022, na Universidade Federal de Goi\u00e1s, de forma on-line. O evento contou com pesquisadores do Brasil e do exterior, os quais, ao longo de diversas confer\u00eancias, refletiram sobre a onipresen\u00e7a das redes sociais, impacto das fake news, discursos de \u00f3dio, [&hellip;]\" \/>\n<meta property=\"og:url\" content=\"https:\/\/ponteseditores.com.br\/loja3\/pontes-editores-home-2__trashed\/linguistica\/argumentacao-discurso-e-polemica-em-ambientes-digitais\/\" \/>\n<meta property=\"og:site_name\" content=\"Pontes Editores\" \/>\n<meta property=\"og:image\" content=\"https:\/\/ponteseditores.com.br\/loja3\/wp-content\/uploads\/2025\/05\/Capa_Argumentacao-discurso-scaled.jpg\" \/>\n\t<meta property=\"og:image:width\" content=\"1767\" \/>\n\t<meta property=\"og:image:height\" content=\"2560\" \/>\n\t<meta property=\"og:image:type\" content=\"image\/jpeg\" \/>\n<meta name=\"twitter:card\" content=\"summary_large_image\" \/>\n<meta name=\"twitter:label1\" content=\"Est. tempo de leitura\" \/>\n\t<meta name=\"twitter:data1\" content=\"2 minutos\" \/>\n<script type=\"application\/ld+json\" class=\"yoast-schema-graph\">{\"@context\":\"https:\\\/\\\/schema.org\",\"@graph\":[{\"@type\":\"WebPage\",\"@id\":\"https:\\\/\\\/ponteseditores.com.br\\\/loja3\\\/pontes-editores-home-2__trashed\\\/linguistica\\\/argumentacao-discurso-e-polemica-em-ambientes-digitais\\\/\",\"url\":\"https:\\\/\\\/ponteseditores.com.br\\\/loja3\\\/pontes-editores-home-2__trashed\\\/linguistica\\\/argumentacao-discurso-e-polemica-em-ambientes-digitais\\\/\",\"name\":\"Argumenta\u00e7\u00e3o, discurso e pol\u00eamica em ambientes digitais - Pontes Editores\",\"isPartOf\":{\"@id\":\"https:\\\/\\\/ponteseditores.com.br\\\/loja3\\\/#website\"},\"primaryImageOfPage\":{\"@id\":\"https:\\\/\\\/ponteseditores.com.br\\\/loja3\\\/pontes-editores-home-2__trashed\\\/linguistica\\\/argumentacao-discurso-e-polemica-em-ambientes-digitais\\\/#primaryimage\"},\"image\":{\"@id\":\"https:\\\/\\\/ponteseditores.com.br\\\/loja3\\\/pontes-editores-home-2__trashed\\\/linguistica\\\/argumentacao-discurso-e-polemica-em-ambientes-digitais\\\/#primaryimage\"},\"thumbnailUrl\":\"https:\\\/\\\/ponteseditores.com.br\\\/loja3\\\/wp-content\\\/uploads\\\/2025\\\/05\\\/Capa_Argumentacao-discurso-scaled.jpg\",\"datePublished\":\"2025-05-14T14:59:13+00:00\",\"breadcrumb\":{\"@id\":\"https:\\\/\\\/ponteseditores.com.br\\\/loja3\\\/pontes-editores-home-2__trashed\\\/linguistica\\\/argumentacao-discurso-e-polemica-em-ambientes-digitais\\\/#breadcrumb\"},\"inLanguage\":\"pt-BR\",\"potentialAction\":[{\"@type\":\"ReadAction\",\"target\":[\"https:\\\/\\\/ponteseditores.com.br\\\/loja3\\\/pontes-editores-home-2__trashed\\\/linguistica\\\/argumentacao-discurso-e-polemica-em-ambientes-digitais\\\/\"]}]},{\"@type\":\"ImageObject\",\"inLanguage\":\"pt-BR\",\"@id\":\"https:\\\/\\\/ponteseditores.com.br\\\/loja3\\\/pontes-editores-home-2__trashed\\\/linguistica\\\/argumentacao-discurso-e-polemica-em-ambientes-digitais\\\/#primaryimage\",\"url\":\"https:\\\/\\\/ponteseditores.com.br\\\/loja3\\\/wp-content\\\/uploads\\\/2025\\\/05\\\/Capa_Argumentacao-discurso-scaled.jpg\",\"contentUrl\":\"https:\\\/\\\/ponteseditores.com.br\\\/loja3\\\/wp-content\\\/uploads\\\/2025\\\/05\\\/Capa_Argumentacao-discurso-scaled.jpg\",\"width\":1767,\"height\":2560},{\"@type\":\"BreadcrumbList\",\"@id\":\"https:\\\/\\\/ponteseditores.com.br\\\/loja3\\\/pontes-editores-home-2__trashed\\\/linguistica\\\/argumentacao-discurso-e-polemica-em-ambientes-digitais\\\/#breadcrumb\",\"itemListElement\":[{\"@type\":\"ListItem\",\"position\":1,\"name\":\"Home\",\"item\":\"https:\\\/\\\/ponteseditores.com.br\\\/loja3\\\/\"},{\"@type\":\"ListItem\",\"position\":2,\"name\":\"loja\",\"item\":\"https:\\\/\\\/ponteseditores.com.br\\\/loja3\\\/loja\\\/\"},{\"@type\":\"ListItem\",\"position\":3,\"name\":\"Argumenta\u00e7\u00e3o, discurso e pol\u00eamica em ambientes digitais\"}]},{\"@type\":\"WebSite\",\"@id\":\"https:\\\/\\\/ponteseditores.com.br\\\/loja3\\\/#website\",\"url\":\"https:\\\/\\\/ponteseditores.com.br\\\/loja3\\\/\",\"name\":\"Pontes Editores\",\"description\":\"Pontes Editores\",\"publisher\":{\"@id\":\"https:\\\/\\\/ponteseditores.com.br\\\/loja3\\\/#organization\"},\"potentialAction\":[{\"@type\":\"SearchAction\",\"target\":{\"@type\":\"EntryPoint\",\"urlTemplate\":\"https:\\\/\\\/ponteseditores.com.br\\\/loja3\\\/?s={search_term_string}\"},\"query-input\":{\"@type\":\"PropertyValueSpecification\",\"valueRequired\":true,\"valueName\":\"search_term_string\"}}],\"inLanguage\":\"pt-BR\"},{\"@type\":\"Organization\",\"@id\":\"https:\\\/\\\/ponteseditores.com.br\\\/loja3\\\/#organization\",\"name\":\"Pontes Editores\",\"url\":\"https:\\\/\\\/ponteseditores.com.br\\\/loja3\\\/\",\"logo\":{\"@type\":\"ImageObject\",\"inLanguage\":\"pt-BR\",\"@id\":\"https:\\\/\\\/ponteseditores.com.br\\\/loja3\\\/#\\\/schema\\\/logo\\\/image\\\/\",\"url\":\"https:\\\/\\\/ponteseditores.com.br\\\/loja3\\\/wp-content\\\/uploads\\\/2023\\\/12\\\/logo-pontes-editores-v2.png\",\"contentUrl\":\"https:\\\/\\\/ponteseditores.com.br\\\/loja3\\\/wp-content\\\/uploads\\\/2023\\\/12\\\/logo-pontes-editores-v2.png\",\"width\":258,\"height\":100,\"caption\":\"Pontes Editores\"},\"image\":{\"@id\":\"https:\\\/\\\/ponteseditores.com.br\\\/loja3\\\/#\\\/schema\\\/logo\\\/image\\\/\"}}]}<\/script>\n<!-- \/ Yoast SEO plugin. -->","yoast_head_json":{"title":"Argumenta\u00e7\u00e3o, discurso e pol\u00eamica em ambientes digitais - Pontes Editores","robots":{"index":"index","follow":"follow","max-snippet":"max-snippet:-1","max-image-preview":"max-image-preview:large","max-video-preview":"max-video-preview:-1"},"canonical":"https:\/\/ponteseditores.com.br\/loja3\/pontes-editores-home-2__trashed\/linguistica\/argumentacao-discurso-e-polemica-em-ambientes-digitais\/","og_locale":"pt_BR","og_type":"article","og_title":"Argumenta\u00e7\u00e3o, discurso e pol\u00eamica em ambientes digitais - Pontes Editores","og_description":"Esta colet\u00e2nea apresenta os desdobramentos do ciclo de confer\u00eancias \u201cAn\u00e1lise do Discurso Digital\u201d, realizado em 2022, na Universidade Federal de Goi\u00e1s, de forma on-line. O evento contou com pesquisadores do Brasil e do exterior, os quais, ao longo de diversas confer\u00eancias, refletiram sobre a onipresen\u00e7a das redes sociais, impacto das fake news, discursos de \u00f3dio, [&hellip;]","og_url":"https:\/\/ponteseditores.com.br\/loja3\/pontes-editores-home-2__trashed\/linguistica\/argumentacao-discurso-e-polemica-em-ambientes-digitais\/","og_site_name":"Pontes Editores","og_image":[{"width":1767,"height":2560,"url":"https:\/\/ponteseditores.com.br\/loja3\/wp-content\/uploads\/2025\/05\/Capa_Argumentacao-discurso-scaled.jpg","type":"image\/jpeg"}],"twitter_card":"summary_large_image","twitter_misc":{"Est. tempo de leitura":"2 minutos"},"schema":{"@context":"https:\/\/schema.org","@graph":[{"@type":"WebPage","@id":"https:\/\/ponteseditores.com.br\/loja3\/pontes-editores-home-2__trashed\/linguistica\/argumentacao-discurso-e-polemica-em-ambientes-digitais\/","url":"https:\/\/ponteseditores.com.br\/loja3\/pontes-editores-home-2__trashed\/linguistica\/argumentacao-discurso-e-polemica-em-ambientes-digitais\/","name":"Argumenta\u00e7\u00e3o, discurso e pol\u00eamica em ambientes digitais - Pontes Editores","isPartOf":{"@id":"https:\/\/ponteseditores.com.br\/loja3\/#website"},"primaryImageOfPage":{"@id":"https:\/\/ponteseditores.com.br\/loja3\/pontes-editores-home-2__trashed\/linguistica\/argumentacao-discurso-e-polemica-em-ambientes-digitais\/#primaryimage"},"image":{"@id":"https:\/\/ponteseditores.com.br\/loja3\/pontes-editores-home-2__trashed\/linguistica\/argumentacao-discurso-e-polemica-em-ambientes-digitais\/#primaryimage"},"thumbnailUrl":"https:\/\/ponteseditores.com.br\/loja3\/wp-content\/uploads\/2025\/05\/Capa_Argumentacao-discurso-scaled.jpg","datePublished":"2025-05-14T14:59:13+00:00","breadcrumb":{"@id":"https:\/\/ponteseditores.com.br\/loja3\/pontes-editores-home-2__trashed\/linguistica\/argumentacao-discurso-e-polemica-em-ambientes-digitais\/#breadcrumb"},"inLanguage":"pt-BR","potentialAction":[{"@type":"ReadAction","target":["https:\/\/ponteseditores.com.br\/loja3\/pontes-editores-home-2__trashed\/linguistica\/argumentacao-discurso-e-polemica-em-ambientes-digitais\/"]}]},{"@type":"ImageObject","inLanguage":"pt-BR","@id":"https:\/\/ponteseditores.com.br\/loja3\/pontes-editores-home-2__trashed\/linguistica\/argumentacao-discurso-e-polemica-em-ambientes-digitais\/#primaryimage","url":"https:\/\/ponteseditores.com.br\/loja3\/wp-content\/uploads\/2025\/05\/Capa_Argumentacao-discurso-scaled.jpg","contentUrl":"https:\/\/ponteseditores.com.br\/loja3\/wp-content\/uploads\/2025\/05\/Capa_Argumentacao-discurso-scaled.jpg","width":1767,"height":2560},{"@type":"BreadcrumbList","@id":"https:\/\/ponteseditores.com.br\/loja3\/pontes-editores-home-2__trashed\/linguistica\/argumentacao-discurso-e-polemica-em-ambientes-digitais\/#breadcrumb","itemListElement":[{"@type":"ListItem","position":1,"name":"Home","item":"https:\/\/ponteseditores.com.br\/loja3\/"},{"@type":"ListItem","position":2,"name":"loja","item":"https:\/\/ponteseditores.com.br\/loja3\/loja\/"},{"@type":"ListItem","position":3,"name":"Argumenta\u00e7\u00e3o, discurso e pol\u00eamica em ambientes digitais"}]},{"@type":"WebSite","@id":"https:\/\/ponteseditores.com.br\/loja3\/#website","url":"https:\/\/ponteseditores.com.br\/loja3\/","name":"Pontes Editores","description":"Pontes Editores","publisher":{"@id":"https:\/\/ponteseditores.com.br\/loja3\/#organization"},"potentialAction":[{"@type":"SearchAction","target":{"@type":"EntryPoint","urlTemplate":"https:\/\/ponteseditores.com.br\/loja3\/?s={search_term_string}"},"query-input":{"@type":"PropertyValueSpecification","valueRequired":true,"valueName":"search_term_string"}}],"inLanguage":"pt-BR"},{"@type":"Organization","@id":"https:\/\/ponteseditores.com.br\/loja3\/#organization","name":"Pontes Editores","url":"https:\/\/ponteseditores.com.br\/loja3\/","logo":{"@type":"ImageObject","inLanguage":"pt-BR","@id":"https:\/\/ponteseditores.com.br\/loja3\/#\/schema\/logo\/image\/","url":"https:\/\/ponteseditores.com.br\/loja3\/wp-content\/uploads\/2023\/12\/logo-pontes-editores-v2.png","contentUrl":"https:\/\/ponteseditores.com.br\/loja3\/wp-content\/uploads\/2023\/12\/logo-pontes-editores-v2.png","width":258,"height":100,"caption":"Pontes Editores"},"image":{"@id":"https:\/\/ponteseditores.com.br\/loja3\/#\/schema\/logo\/image\/"}}]}},"_links":{"self":[{"href":"https:\/\/ponteseditores.com.br\/loja3\/wp-json\/wp\/v2\/product\/25725","targetHints":{"allow":["GET"]}}],"collection":[{"href":"https:\/\/ponteseditores.com.br\/loja3\/wp-json\/wp\/v2\/product"}],"about":[{"href":"https:\/\/ponteseditores.com.br\/loja3\/wp-json\/wp\/v2\/types\/product"}],"replies":[{"embeddable":true,"href":"https:\/\/ponteseditores.com.br\/loja3\/wp-json\/wp\/v2\/comments?post=25725"}],"version-history":[{"count":1,"href":"https:\/\/ponteseditores.com.br\/loja3\/wp-json\/wp\/v2\/product\/25725\/revisions"}],"predecessor-version":[{"id":25728,"href":"https:\/\/ponteseditores.com.br\/loja3\/wp-json\/wp\/v2\/product\/25725\/revisions\/25728"}],"wp:featuredmedia":[{"embeddable":true,"href":"https:\/\/ponteseditores.com.br\/loja3\/wp-json\/wp\/v2\/media\/25727"}],"wp:attachment":[{"href":"https:\/\/ponteseditores.com.br\/loja3\/wp-json\/wp\/v2\/media?parent=25725"}],"wp:term":[{"taxonomy":"product_brand","embeddable":true,"href":"https:\/\/ponteseditores.com.br\/loja3\/wp-json\/wp\/v2\/product_brand?post=25725"},{"taxonomy":"product_cat","embeddable":true,"href":"https:\/\/ponteseditores.com.br\/loja3\/wp-json\/wp\/v2\/product_cat?post=25725"},{"taxonomy":"product_tag","embeddable":true,"href":"https:\/\/ponteseditores.com.br\/loja3\/wp-json\/wp\/v2\/product_tag?post=25725"}],"curies":[{"name":"wp","href":"https:\/\/api.w.org\/{rel}","templated":true}]}}