{"id":25668,"date":"2025-05-13T13:33:45","date_gmt":"2025-05-13T16:33:45","guid":{"rendered":"https:\/\/ponteseditores.com.br\/loja3\/?post_type=product&#038;p=25668"},"modified":"2025-05-13T13:33:46","modified_gmt":"2025-05-13T16:33:46","slug":"enlaces-de-laboratorios-de-linguagem-memorias-e-perspectivas-de-pesquisa","status":"publish","type":"product","link":"https:\/\/ponteseditores.com.br\/loja3\/pontes-editores-home-2__trashed\/ebook\/lancamento-e-book\/enlaces-de-laboratorios-de-linguagem-memorias-e-perspectivas-de-pesquisa\/","title":{"rendered":"Enlaces de Laborat\u00f3rios de Linguagem: mem\u00f3rias e perspectivas de pesquisa"},"content":{"rendered":"<p>\u201cEnlaces de Laborat\u00f3rios de Linguagem: mem\u00f3rias e perspectivas de pesquisa\u201d \u00e9 um e-book resultante do evento realizado entre os dias 23 a 25 de setembro de 2024, na Universidade Federal de Santa Maria. Esse evento abarcou o XXVII Semin\u00e1rio Corpus \u2013 Laborat\u00f3rio Corpus 25 anos: enlaces e perspectivas (FAPERGS), o V Primavera de Pesquisas no Sul: hist\u00f3ria, sujeito e mem\u00f3ria (CAL-UFSM) e o Observat\u00f3rio de pr\u00e1ticas sociais e linguageiras: produ\u00e7\u00e3o de sentidos em tempos de pandemia (Universal-CNPq).<\/p>\n<p>O e-book est\u00e1 organizado em tr\u00eas partes e conta com quatorze cap\u00edtulos, os quais tratam de temas pertinente \u00e0 An\u00e1lise de Discurso Materialista e \u00e0 Hist\u00f3ria das Ideias Lingu\u00edsticas, considerando os enlaces entre laborat\u00f3rios de estudos da linguagem que fazem de n\u00f3s um coletivo diverso e heterog\u00eaneo. Desse modo, os textos nesse e-book reunidos, abordam as rela\u00e7\u00f5es entre a hist\u00f3ria e a contemporaneidade, o pol\u00edtico e a pol\u00edtica, a educa\u00e7\u00e3o presencial e as outras modalidades, as pr\u00e1ticas sociais antes, durante e depois da pandemia.<\/p>\n<p>Cabe destacar que a obra em quest\u00e3o foi financiada integralmente pela Funda\u00e7\u00e3o de Amparo \u00e0 Pesquisa do Estado do Rio Grande do Sul (FAPERGS).<\/p>\n<p>&nbsp;<\/p>\n","protected":false},"excerpt":{"rendered":"<p>\u201cEnlaces de Laborat\u00f3rios de Linguagem: mem\u00f3rias e perspectivas de pesquisa\u201d \u00e9 um e-book resultante do evento realizado entre os dias 23 a 25 de setembro de 2024, na Universidade Federal de Santa Maria. Esse evento abarcou o XXVII Semin\u00e1rio Corpus \u2013 Laborat\u00f3rio Corpus 25 anos: enlaces e perspectivas (FAPERGS), o V Primavera de Pesquisas no [&hellip;]<\/p>\n","protected":false},"featured_media":25670,"comment_status":"open","ping_status":"closed","template":"","meta":{"_joinchat":[]},"product_brand":[],"product_cat":[165,386],"product_tag":[],"class_list":{"0":"post-25668","1":"product","2":"type-product","3":"status-publish","4":"has-post-thumbnail","6":"product_cat-ebook","7":"product_cat-lancamento-e-book","9":"first","10":"instock","11":"downloadable","12":"virtual","13":"purchasable","14":"product-type-simple"},"yoast_head":"<!-- This site is optimized with the Yoast SEO plugin v27.4 - https:\/\/yoast.com\/product\/yoast-seo-wordpress\/ -->\n<title>Enlaces de Laborat\u00f3rios de Linguagem: mem\u00f3rias e perspectivas de pesquisa - Pontes Editores<\/title>\n<meta name=\"robots\" content=\"index, follow, max-snippet:-1, max-image-preview:large, max-video-preview:-1\" \/>\n<link rel=\"canonical\" href=\"https:\/\/ponteseditores.com.br\/loja3\/pontes-editores-home-2__trashed\/ebook\/lancamento-e-book\/enlaces-de-laboratorios-de-linguagem-memorias-e-perspectivas-de-pesquisa\/\" \/>\n<meta property=\"og:locale\" content=\"pt_BR\" \/>\n<meta property=\"og:type\" content=\"article\" \/>\n<meta property=\"og:title\" content=\"Enlaces de Laborat\u00f3rios de Linguagem: mem\u00f3rias e perspectivas de pesquisa - Pontes Editores\" \/>\n<meta property=\"og:description\" content=\"\u201cEnlaces de Laborat\u00f3rios de Linguagem: mem\u00f3rias e perspectivas de pesquisa\u201d \u00e9 um e-book resultante do evento realizado entre os dias 23 a 25 de setembro de 2024, na Universidade Federal de Santa Maria. Esse evento abarcou o XXVII Semin\u00e1rio Corpus \u2013 Laborat\u00f3rio Corpus 25 anos: enlaces e perspectivas (FAPERGS), o V Primavera de Pesquisas no [&hellip;]\" \/>\n<meta property=\"og:url\" content=\"https:\/\/ponteseditores.com.br\/loja3\/pontes-editores-home-2__trashed\/ebook\/lancamento-e-book\/enlaces-de-laboratorios-de-linguagem-memorias-e-perspectivas-de-pesquisa\/\" \/>\n<meta property=\"og:site_name\" content=\"Pontes Editores\" \/>\n<meta property=\"article:modified_time\" content=\"2025-05-13T16:33:46+00:00\" \/>\n<meta property=\"og:image\" content=\"https:\/\/ponteseditores.com.br\/loja3\/wp-content\/uploads\/2025\/05\/Capa_Enlaces-scaled.jpg\" \/>\n\t<meta property=\"og:image:width\" content=\"1767\" \/>\n\t<meta property=\"og:image:height\" content=\"2560\" \/>\n\t<meta property=\"og:image:type\" content=\"image\/jpeg\" \/>\n<meta name=\"twitter:card\" content=\"summary_large_image\" \/>\n<meta name=\"twitter:label1\" content=\"Est. tempo de leitura\" \/>\n\t<meta name=\"twitter:data1\" content=\"2 minutos\" \/>\n<script type=\"application\/ld+json\" class=\"yoast-schema-graph\">{\"@context\":\"https:\\\/\\\/schema.org\",\"@graph\":[{\"@type\":\"WebPage\",\"@id\":\"https:\\\/\\\/ponteseditores.com.br\\\/loja3\\\/pontes-editores-home-2__trashed\\\/ebook\\\/lancamento-e-book\\\/enlaces-de-laboratorios-de-linguagem-memorias-e-perspectivas-de-pesquisa\\\/\",\"url\":\"https:\\\/\\\/ponteseditores.com.br\\\/loja3\\\/pontes-editores-home-2__trashed\\\/ebook\\\/lancamento-e-book\\\/enlaces-de-laboratorios-de-linguagem-memorias-e-perspectivas-de-pesquisa\\\/\",\"name\":\"Enlaces de Laborat\u00f3rios de Linguagem: mem\u00f3rias e perspectivas de pesquisa - Pontes Editores\",\"isPartOf\":{\"@id\":\"https:\\\/\\\/ponteseditores.com.br\\\/loja3\\\/#website\"},\"primaryImageOfPage\":{\"@id\":\"https:\\\/\\\/ponteseditores.com.br\\\/loja3\\\/pontes-editores-home-2__trashed\\\/ebook\\\/lancamento-e-book\\\/enlaces-de-laboratorios-de-linguagem-memorias-e-perspectivas-de-pesquisa\\\/#primaryimage\"},\"image\":{\"@id\":\"https:\\\/\\\/ponteseditores.com.br\\\/loja3\\\/pontes-editores-home-2__trashed\\\/ebook\\\/lancamento-e-book\\\/enlaces-de-laboratorios-de-linguagem-memorias-e-perspectivas-de-pesquisa\\\/#primaryimage\"},\"thumbnailUrl\":\"https:\\\/\\\/ponteseditores.com.br\\\/loja3\\\/wp-content\\\/uploads\\\/2025\\\/05\\\/Capa_Enlaces-scaled.jpg\",\"datePublished\":\"2025-05-13T16:33:45+00:00\",\"dateModified\":\"2025-05-13T16:33:46+00:00\",\"breadcrumb\":{\"@id\":\"https:\\\/\\\/ponteseditores.com.br\\\/loja3\\\/pontes-editores-home-2__trashed\\\/ebook\\\/lancamento-e-book\\\/enlaces-de-laboratorios-de-linguagem-memorias-e-perspectivas-de-pesquisa\\\/#breadcrumb\"},\"inLanguage\":\"pt-BR\",\"potentialAction\":[{\"@type\":\"ReadAction\",\"target\":[\"https:\\\/\\\/ponteseditores.com.br\\\/loja3\\\/pontes-editores-home-2__trashed\\\/ebook\\\/lancamento-e-book\\\/enlaces-de-laboratorios-de-linguagem-memorias-e-perspectivas-de-pesquisa\\\/\"]}]},{\"@type\":\"ImageObject\",\"inLanguage\":\"pt-BR\",\"@id\":\"https:\\\/\\\/ponteseditores.com.br\\\/loja3\\\/pontes-editores-home-2__trashed\\\/ebook\\\/lancamento-e-book\\\/enlaces-de-laboratorios-de-linguagem-memorias-e-perspectivas-de-pesquisa\\\/#primaryimage\",\"url\":\"https:\\\/\\\/ponteseditores.com.br\\\/loja3\\\/wp-content\\\/uploads\\\/2025\\\/05\\\/Capa_Enlaces-scaled.jpg\",\"contentUrl\":\"https:\\\/\\\/ponteseditores.com.br\\\/loja3\\\/wp-content\\\/uploads\\\/2025\\\/05\\\/Capa_Enlaces-scaled.jpg\",\"width\":1767,\"height\":2560},{\"@type\":\"BreadcrumbList\",\"@id\":\"https:\\\/\\\/ponteseditores.com.br\\\/loja3\\\/pontes-editores-home-2__trashed\\\/ebook\\\/lancamento-e-book\\\/enlaces-de-laboratorios-de-linguagem-memorias-e-perspectivas-de-pesquisa\\\/#breadcrumb\",\"itemListElement\":[{\"@type\":\"ListItem\",\"position\":1,\"name\":\"Home\",\"item\":\"https:\\\/\\\/ponteseditores.com.br\\\/loja3\\\/\"},{\"@type\":\"ListItem\",\"position\":2,\"name\":\"loja\",\"item\":\"https:\\\/\\\/ponteseditores.com.br\\\/loja3\\\/loja\\\/\"},{\"@type\":\"ListItem\",\"position\":3,\"name\":\"Enlaces de Laborat\u00f3rios de Linguagem: mem\u00f3rias e perspectivas de pesquisa\"}]},{\"@type\":\"WebSite\",\"@id\":\"https:\\\/\\\/ponteseditores.com.br\\\/loja3\\\/#website\",\"url\":\"https:\\\/\\\/ponteseditores.com.br\\\/loja3\\\/\",\"name\":\"Pontes Editores\",\"description\":\"Pontes Editores\",\"publisher\":{\"@id\":\"https:\\\/\\\/ponteseditores.com.br\\\/loja3\\\/#organization\"},\"potentialAction\":[{\"@type\":\"SearchAction\",\"target\":{\"@type\":\"EntryPoint\",\"urlTemplate\":\"https:\\\/\\\/ponteseditores.com.br\\\/loja3\\\/?s={search_term_string}\"},\"query-input\":{\"@type\":\"PropertyValueSpecification\",\"valueRequired\":true,\"valueName\":\"search_term_string\"}}],\"inLanguage\":\"pt-BR\"},{\"@type\":\"Organization\",\"@id\":\"https:\\\/\\\/ponteseditores.com.br\\\/loja3\\\/#organization\",\"name\":\"Pontes Editores\",\"url\":\"https:\\\/\\\/ponteseditores.com.br\\\/loja3\\\/\",\"logo\":{\"@type\":\"ImageObject\",\"inLanguage\":\"pt-BR\",\"@id\":\"https:\\\/\\\/ponteseditores.com.br\\\/loja3\\\/#\\\/schema\\\/logo\\\/image\\\/\",\"url\":\"https:\\\/\\\/ponteseditores.com.br\\\/loja3\\\/wp-content\\\/uploads\\\/2023\\\/12\\\/logo-pontes-editores-v2.png\",\"contentUrl\":\"https:\\\/\\\/ponteseditores.com.br\\\/loja3\\\/wp-content\\\/uploads\\\/2023\\\/12\\\/logo-pontes-editores-v2.png\",\"width\":258,\"height\":100,\"caption\":\"Pontes Editores\"},\"image\":{\"@id\":\"https:\\\/\\\/ponteseditores.com.br\\\/loja3\\\/#\\\/schema\\\/logo\\\/image\\\/\"}}]}<\/script>\n<!-- \/ Yoast SEO plugin. -->","yoast_head_json":{"title":"Enlaces de Laborat\u00f3rios de Linguagem: mem\u00f3rias e perspectivas de pesquisa - Pontes Editores","robots":{"index":"index","follow":"follow","max-snippet":"max-snippet:-1","max-image-preview":"max-image-preview:large","max-video-preview":"max-video-preview:-1"},"canonical":"https:\/\/ponteseditores.com.br\/loja3\/pontes-editores-home-2__trashed\/ebook\/lancamento-e-book\/enlaces-de-laboratorios-de-linguagem-memorias-e-perspectivas-de-pesquisa\/","og_locale":"pt_BR","og_type":"article","og_title":"Enlaces de Laborat\u00f3rios de Linguagem: mem\u00f3rias e perspectivas de pesquisa - Pontes Editores","og_description":"\u201cEnlaces de Laborat\u00f3rios de Linguagem: mem\u00f3rias e perspectivas de pesquisa\u201d \u00e9 um e-book resultante do evento realizado entre os dias 23 a 25 de setembro de 2024, na Universidade Federal de Santa Maria. Esse evento abarcou o XXVII Semin\u00e1rio Corpus \u2013 Laborat\u00f3rio Corpus 25 anos: enlaces e perspectivas (FAPERGS), o V Primavera de Pesquisas no [&hellip;]","og_url":"https:\/\/ponteseditores.com.br\/loja3\/pontes-editores-home-2__trashed\/ebook\/lancamento-e-book\/enlaces-de-laboratorios-de-linguagem-memorias-e-perspectivas-de-pesquisa\/","og_site_name":"Pontes Editores","article_modified_time":"2025-05-13T16:33:46+00:00","og_image":[{"width":1767,"height":2560,"url":"https:\/\/ponteseditores.com.br\/loja3\/wp-content\/uploads\/2025\/05\/Capa_Enlaces-scaled.jpg","type":"image\/jpeg"}],"twitter_card":"summary_large_image","twitter_misc":{"Est. tempo de leitura":"2 minutos"},"schema":{"@context":"https:\/\/schema.org","@graph":[{"@type":"WebPage","@id":"https:\/\/ponteseditores.com.br\/loja3\/pontes-editores-home-2__trashed\/ebook\/lancamento-e-book\/enlaces-de-laboratorios-de-linguagem-memorias-e-perspectivas-de-pesquisa\/","url":"https:\/\/ponteseditores.com.br\/loja3\/pontes-editores-home-2__trashed\/ebook\/lancamento-e-book\/enlaces-de-laboratorios-de-linguagem-memorias-e-perspectivas-de-pesquisa\/","name":"Enlaces de Laborat\u00f3rios de Linguagem: mem\u00f3rias e perspectivas de pesquisa - Pontes Editores","isPartOf":{"@id":"https:\/\/ponteseditores.com.br\/loja3\/#website"},"primaryImageOfPage":{"@id":"https:\/\/ponteseditores.com.br\/loja3\/pontes-editores-home-2__trashed\/ebook\/lancamento-e-book\/enlaces-de-laboratorios-de-linguagem-memorias-e-perspectivas-de-pesquisa\/#primaryimage"},"image":{"@id":"https:\/\/ponteseditores.com.br\/loja3\/pontes-editores-home-2__trashed\/ebook\/lancamento-e-book\/enlaces-de-laboratorios-de-linguagem-memorias-e-perspectivas-de-pesquisa\/#primaryimage"},"thumbnailUrl":"https:\/\/ponteseditores.com.br\/loja3\/wp-content\/uploads\/2025\/05\/Capa_Enlaces-scaled.jpg","datePublished":"2025-05-13T16:33:45+00:00","dateModified":"2025-05-13T16:33:46+00:00","breadcrumb":{"@id":"https:\/\/ponteseditores.com.br\/loja3\/pontes-editores-home-2__trashed\/ebook\/lancamento-e-book\/enlaces-de-laboratorios-de-linguagem-memorias-e-perspectivas-de-pesquisa\/#breadcrumb"},"inLanguage":"pt-BR","potentialAction":[{"@type":"ReadAction","target":["https:\/\/ponteseditores.com.br\/loja3\/pontes-editores-home-2__trashed\/ebook\/lancamento-e-book\/enlaces-de-laboratorios-de-linguagem-memorias-e-perspectivas-de-pesquisa\/"]}]},{"@type":"ImageObject","inLanguage":"pt-BR","@id":"https:\/\/ponteseditores.com.br\/loja3\/pontes-editores-home-2__trashed\/ebook\/lancamento-e-book\/enlaces-de-laboratorios-de-linguagem-memorias-e-perspectivas-de-pesquisa\/#primaryimage","url":"https:\/\/ponteseditores.com.br\/loja3\/wp-content\/uploads\/2025\/05\/Capa_Enlaces-scaled.jpg","contentUrl":"https:\/\/ponteseditores.com.br\/loja3\/wp-content\/uploads\/2025\/05\/Capa_Enlaces-scaled.jpg","width":1767,"height":2560},{"@type":"BreadcrumbList","@id":"https:\/\/ponteseditores.com.br\/loja3\/pontes-editores-home-2__trashed\/ebook\/lancamento-e-book\/enlaces-de-laboratorios-de-linguagem-memorias-e-perspectivas-de-pesquisa\/#breadcrumb","itemListElement":[{"@type":"ListItem","position":1,"name":"Home","item":"https:\/\/ponteseditores.com.br\/loja3\/"},{"@type":"ListItem","position":2,"name":"loja","item":"https:\/\/ponteseditores.com.br\/loja3\/loja\/"},{"@type":"ListItem","position":3,"name":"Enlaces de Laborat\u00f3rios de Linguagem: mem\u00f3rias e perspectivas de pesquisa"}]},{"@type":"WebSite","@id":"https:\/\/ponteseditores.com.br\/loja3\/#website","url":"https:\/\/ponteseditores.com.br\/loja3\/","name":"Pontes Editores","description":"Pontes Editores","publisher":{"@id":"https:\/\/ponteseditores.com.br\/loja3\/#organization"},"potentialAction":[{"@type":"SearchAction","target":{"@type":"EntryPoint","urlTemplate":"https:\/\/ponteseditores.com.br\/loja3\/?s={search_term_string}"},"query-input":{"@type":"PropertyValueSpecification","valueRequired":true,"valueName":"search_term_string"}}],"inLanguage":"pt-BR"},{"@type":"Organization","@id":"https:\/\/ponteseditores.com.br\/loja3\/#organization","name":"Pontes Editores","url":"https:\/\/ponteseditores.com.br\/loja3\/","logo":{"@type":"ImageObject","inLanguage":"pt-BR","@id":"https:\/\/ponteseditores.com.br\/loja3\/#\/schema\/logo\/image\/","url":"https:\/\/ponteseditores.com.br\/loja3\/wp-content\/uploads\/2023\/12\/logo-pontes-editores-v2.png","contentUrl":"https:\/\/ponteseditores.com.br\/loja3\/wp-content\/uploads\/2023\/12\/logo-pontes-editores-v2.png","width":258,"height":100,"caption":"Pontes Editores"},"image":{"@id":"https:\/\/ponteseditores.com.br\/loja3\/#\/schema\/logo\/image\/"}}]}},"_links":{"self":[{"href":"https:\/\/ponteseditores.com.br\/loja3\/wp-json\/wp\/v2\/product\/25668","targetHints":{"allow":["GET"]}}],"collection":[{"href":"https:\/\/ponteseditores.com.br\/loja3\/wp-json\/wp\/v2\/product"}],"about":[{"href":"https:\/\/ponteseditores.com.br\/loja3\/wp-json\/wp\/v2\/types\/product"}],"replies":[{"embeddable":true,"href":"https:\/\/ponteseditores.com.br\/loja3\/wp-json\/wp\/v2\/comments?post=25668"}],"version-history":[{"count":1,"href":"https:\/\/ponteseditores.com.br\/loja3\/wp-json\/wp\/v2\/product\/25668\/revisions"}],"predecessor-version":[{"id":25671,"href":"https:\/\/ponteseditores.com.br\/loja3\/wp-json\/wp\/v2\/product\/25668\/revisions\/25671"}],"wp:featuredmedia":[{"embeddable":true,"href":"https:\/\/ponteseditores.com.br\/loja3\/wp-json\/wp\/v2\/media\/25670"}],"wp:attachment":[{"href":"https:\/\/ponteseditores.com.br\/loja3\/wp-json\/wp\/v2\/media?parent=25668"}],"wp:term":[{"taxonomy":"product_brand","embeddable":true,"href":"https:\/\/ponteseditores.com.br\/loja3\/wp-json\/wp\/v2\/product_brand?post=25668"},{"taxonomy":"product_cat","embeddable":true,"href":"https:\/\/ponteseditores.com.br\/loja3\/wp-json\/wp\/v2\/product_cat?post=25668"},{"taxonomy":"product_tag","embeddable":true,"href":"https:\/\/ponteseditores.com.br\/loja3\/wp-json\/wp\/v2\/product_tag?post=25668"}],"curies":[{"name":"wp","href":"https:\/\/api.w.org\/{rel}","templated":true}]}}