{"id":25462,"date":"2025-05-08T16:30:34","date_gmt":"2025-05-08T19:30:34","guid":{"rendered":"https:\/\/ponteseditores.com.br\/loja3\/?post_type=product&#038;p=25462"},"modified":"2025-05-08T16:30:35","modified_gmt":"2025-05-08T19:30:35","slug":"percursos-formativos-e-pesquisa-em-educacao-entrelacamentos-com-cotidianos-escolares","status":"publish","type":"product","link":"https:\/\/ponteseditores.com.br\/loja3\/pontes-editores-home-2__trashed\/ebook\/lancamento-e-book\/percursos-formativos-e-pesquisa-em-educacao-entrelacamentos-com-cotidianos-escolares\/","title":{"rendered":"Percursos Formativos e Pesquisa em Educa\u00e7\u00e3o: entrela\u00e7amentos com cotidianos escolares"},"content":{"rendered":"<p><em>Entre otros aspectos concordantes que pueden ser identificados en nuestros autores, hay que hacer menci\u00f3n del uso extenso y riguroso de fuentes te\u00f3ricas lo suficientemente amplias, lo cual conduce a plantear la superaci\u00f3n de los l\u00edmites en que se encuentran encerradas las disciplinas de saber, como una v\u00eda para acceder a la comprensi\u00f3n cabal de las \u201cvidas ordinarias\u201d. Es esta una exigencia epistemol\u00f3gica, por dem\u00e1s, que se justifica tanto por las continuidades y rupturas del campo cient\u00edfico en el tiempo contempor\u00e1neo como por el giro dado en la investigaci\u00f3n narrativa en educaci\u00f3n.<\/em><\/p>\n<p><em>\u00a0<\/em><\/p>\n<p><em>Gabriel Jaime Murillo-Arango<\/em><\/p>\n<p><em>Universidad de Antioquia<\/em><\/p>\n","protected":false},"excerpt":{"rendered":"<p>Entre otros aspectos concordantes que pueden ser identificados en nuestros autores, hay que hacer menci\u00f3n del uso extenso y riguroso de fuentes te\u00f3ricas lo suficientemente amplias, lo cual conduce a plantear la superaci\u00f3n de los l\u00edmites en que se encuentran encerradas las disciplinas de saber, como una v\u00eda para acceder a la comprensi\u00f3n cabal de [&hellip;]<\/p>\n","protected":false},"featured_media":25464,"comment_status":"open","ping_status":"closed","template":"","meta":{"_joinchat":[]},"product_brand":[],"product_cat":[165,386],"product_tag":[],"class_list":{"0":"post-25462","1":"product","2":"type-product","3":"status-publish","4":"has-post-thumbnail","6":"product_cat-ebook","7":"product_cat-lancamento-e-book","9":"first","10":"instock","11":"downloadable","12":"virtual","13":"purchasable","14":"product-type-simple"},"yoast_head":"<!-- This site is optimized with the Yoast SEO plugin v27.4 - https:\/\/yoast.com\/product\/yoast-seo-wordpress\/ -->\n<title>Percursos Formativos e Pesquisa em Educa\u00e7\u00e3o: entrela\u00e7amentos com cotidianos escolares - Pontes Editores<\/title>\n<meta name=\"robots\" content=\"index, follow, max-snippet:-1, max-image-preview:large, max-video-preview:-1\" \/>\n<link rel=\"canonical\" href=\"https:\/\/ponteseditores.com.br\/loja3\/pontes-editores-home-2__trashed\/ebook\/lancamento-e-book\/percursos-formativos-e-pesquisa-em-educacao-entrelacamentos-com-cotidianos-escolares\/\" \/>\n<meta property=\"og:locale\" content=\"pt_BR\" \/>\n<meta property=\"og:type\" content=\"article\" \/>\n<meta property=\"og:title\" content=\"Percursos Formativos e Pesquisa em Educa\u00e7\u00e3o: entrela\u00e7amentos com cotidianos escolares - Pontes Editores\" \/>\n<meta property=\"og:description\" content=\"Entre otros aspectos concordantes que pueden ser identificados en nuestros autores, hay que hacer menci\u00f3n del uso extenso y riguroso de fuentes te\u00f3ricas lo suficientemente amplias, lo cual conduce a plantear la superaci\u00f3n de los l\u00edmites en que se encuentran encerradas las disciplinas de saber, como una v\u00eda para acceder a la comprensi\u00f3n cabal de [&hellip;]\" \/>\n<meta property=\"og:url\" content=\"https:\/\/ponteseditores.com.br\/loja3\/pontes-editores-home-2__trashed\/ebook\/lancamento-e-book\/percursos-formativos-e-pesquisa-em-educacao-entrelacamentos-com-cotidianos-escolares\/\" \/>\n<meta property=\"og:site_name\" content=\"Pontes Editores\" \/>\n<meta property=\"article:modified_time\" content=\"2025-05-08T19:30:35+00:00\" \/>\n<meta property=\"og:image\" content=\"https:\/\/ponteseditores.com.br\/loja3\/wp-content\/uploads\/2025\/05\/Capa_Percursos-Formativos-scaled.jpg\" \/>\n\t<meta property=\"og:image:width\" content=\"1767\" \/>\n\t<meta property=\"og:image:height\" content=\"2560\" \/>\n\t<meta property=\"og:image:type\" content=\"image\/jpeg\" \/>\n<meta name=\"twitter:card\" content=\"summary_large_image\" \/>\n<meta name=\"twitter:label1\" content=\"Est. tempo de leitura\" \/>\n\t<meta name=\"twitter:data1\" content=\"1 minuto\" \/>\n<script type=\"application\/ld+json\" class=\"yoast-schema-graph\">{\"@context\":\"https:\\\/\\\/schema.org\",\"@graph\":[{\"@type\":\"WebPage\",\"@id\":\"https:\\\/\\\/ponteseditores.com.br\\\/loja3\\\/pontes-editores-home-2__trashed\\\/ebook\\\/lancamento-e-book\\\/percursos-formativos-e-pesquisa-em-educacao-entrelacamentos-com-cotidianos-escolares\\\/\",\"url\":\"https:\\\/\\\/ponteseditores.com.br\\\/loja3\\\/pontes-editores-home-2__trashed\\\/ebook\\\/lancamento-e-book\\\/percursos-formativos-e-pesquisa-em-educacao-entrelacamentos-com-cotidianos-escolares\\\/\",\"name\":\"Percursos Formativos e Pesquisa em Educa\u00e7\u00e3o: entrela\u00e7amentos com cotidianos escolares - Pontes Editores\",\"isPartOf\":{\"@id\":\"https:\\\/\\\/ponteseditores.com.br\\\/loja3\\\/#website\"},\"primaryImageOfPage\":{\"@id\":\"https:\\\/\\\/ponteseditores.com.br\\\/loja3\\\/pontes-editores-home-2__trashed\\\/ebook\\\/lancamento-e-book\\\/percursos-formativos-e-pesquisa-em-educacao-entrelacamentos-com-cotidianos-escolares\\\/#primaryimage\"},\"image\":{\"@id\":\"https:\\\/\\\/ponteseditores.com.br\\\/loja3\\\/pontes-editores-home-2__trashed\\\/ebook\\\/lancamento-e-book\\\/percursos-formativos-e-pesquisa-em-educacao-entrelacamentos-com-cotidianos-escolares\\\/#primaryimage\"},\"thumbnailUrl\":\"https:\\\/\\\/ponteseditores.com.br\\\/loja3\\\/wp-content\\\/uploads\\\/2025\\\/05\\\/Capa_Percursos-Formativos-scaled.jpg\",\"datePublished\":\"2025-05-08T19:30:34+00:00\",\"dateModified\":\"2025-05-08T19:30:35+00:00\",\"breadcrumb\":{\"@id\":\"https:\\\/\\\/ponteseditores.com.br\\\/loja3\\\/pontes-editores-home-2__trashed\\\/ebook\\\/lancamento-e-book\\\/percursos-formativos-e-pesquisa-em-educacao-entrelacamentos-com-cotidianos-escolares\\\/#breadcrumb\"},\"inLanguage\":\"pt-BR\",\"potentialAction\":[{\"@type\":\"ReadAction\",\"target\":[\"https:\\\/\\\/ponteseditores.com.br\\\/loja3\\\/pontes-editores-home-2__trashed\\\/ebook\\\/lancamento-e-book\\\/percursos-formativos-e-pesquisa-em-educacao-entrelacamentos-com-cotidianos-escolares\\\/\"]}]},{\"@type\":\"ImageObject\",\"inLanguage\":\"pt-BR\",\"@id\":\"https:\\\/\\\/ponteseditores.com.br\\\/loja3\\\/pontes-editores-home-2__trashed\\\/ebook\\\/lancamento-e-book\\\/percursos-formativos-e-pesquisa-em-educacao-entrelacamentos-com-cotidianos-escolares\\\/#primaryimage\",\"url\":\"https:\\\/\\\/ponteseditores.com.br\\\/loja3\\\/wp-content\\\/uploads\\\/2025\\\/05\\\/Capa_Percursos-Formativos-scaled.jpg\",\"contentUrl\":\"https:\\\/\\\/ponteseditores.com.br\\\/loja3\\\/wp-content\\\/uploads\\\/2025\\\/05\\\/Capa_Percursos-Formativos-scaled.jpg\",\"width\":1767,\"height\":2560},{\"@type\":\"BreadcrumbList\",\"@id\":\"https:\\\/\\\/ponteseditores.com.br\\\/loja3\\\/pontes-editores-home-2__trashed\\\/ebook\\\/lancamento-e-book\\\/percursos-formativos-e-pesquisa-em-educacao-entrelacamentos-com-cotidianos-escolares\\\/#breadcrumb\",\"itemListElement\":[{\"@type\":\"ListItem\",\"position\":1,\"name\":\"Home\",\"item\":\"https:\\\/\\\/ponteseditores.com.br\\\/loja3\\\/\"},{\"@type\":\"ListItem\",\"position\":2,\"name\":\"loja\",\"item\":\"https:\\\/\\\/ponteseditores.com.br\\\/loja3\\\/loja\\\/\"},{\"@type\":\"ListItem\",\"position\":3,\"name\":\"Percursos Formativos e Pesquisa em Educa\u00e7\u00e3o: entrela\u00e7amentos com cotidianos escolares\"}]},{\"@type\":\"WebSite\",\"@id\":\"https:\\\/\\\/ponteseditores.com.br\\\/loja3\\\/#website\",\"url\":\"https:\\\/\\\/ponteseditores.com.br\\\/loja3\\\/\",\"name\":\"Pontes Editores\",\"description\":\"Pontes Editores\",\"publisher\":{\"@id\":\"https:\\\/\\\/ponteseditores.com.br\\\/loja3\\\/#organization\"},\"potentialAction\":[{\"@type\":\"SearchAction\",\"target\":{\"@type\":\"EntryPoint\",\"urlTemplate\":\"https:\\\/\\\/ponteseditores.com.br\\\/loja3\\\/?s={search_term_string}\"},\"query-input\":{\"@type\":\"PropertyValueSpecification\",\"valueRequired\":true,\"valueName\":\"search_term_string\"}}],\"inLanguage\":\"pt-BR\"},{\"@type\":\"Organization\",\"@id\":\"https:\\\/\\\/ponteseditores.com.br\\\/loja3\\\/#organization\",\"name\":\"Pontes Editores\",\"url\":\"https:\\\/\\\/ponteseditores.com.br\\\/loja3\\\/\",\"logo\":{\"@type\":\"ImageObject\",\"inLanguage\":\"pt-BR\",\"@id\":\"https:\\\/\\\/ponteseditores.com.br\\\/loja3\\\/#\\\/schema\\\/logo\\\/image\\\/\",\"url\":\"https:\\\/\\\/ponteseditores.com.br\\\/loja3\\\/wp-content\\\/uploads\\\/2023\\\/12\\\/logo-pontes-editores-v2.png\",\"contentUrl\":\"https:\\\/\\\/ponteseditores.com.br\\\/loja3\\\/wp-content\\\/uploads\\\/2023\\\/12\\\/logo-pontes-editores-v2.png\",\"width\":258,\"height\":100,\"caption\":\"Pontes Editores\"},\"image\":{\"@id\":\"https:\\\/\\\/ponteseditores.com.br\\\/loja3\\\/#\\\/schema\\\/logo\\\/image\\\/\"}}]}<\/script>\n<!-- \/ Yoast SEO plugin. -->","yoast_head_json":{"title":"Percursos Formativos e Pesquisa em Educa\u00e7\u00e3o: entrela\u00e7amentos com cotidianos escolares - Pontes Editores","robots":{"index":"index","follow":"follow","max-snippet":"max-snippet:-1","max-image-preview":"max-image-preview:large","max-video-preview":"max-video-preview:-1"},"canonical":"https:\/\/ponteseditores.com.br\/loja3\/pontes-editores-home-2__trashed\/ebook\/lancamento-e-book\/percursos-formativos-e-pesquisa-em-educacao-entrelacamentos-com-cotidianos-escolares\/","og_locale":"pt_BR","og_type":"article","og_title":"Percursos Formativos e Pesquisa em Educa\u00e7\u00e3o: entrela\u00e7amentos com cotidianos escolares - Pontes Editores","og_description":"Entre otros aspectos concordantes que pueden ser identificados en nuestros autores, hay que hacer menci\u00f3n del uso extenso y riguroso de fuentes te\u00f3ricas lo suficientemente amplias, lo cual conduce a plantear la superaci\u00f3n de los l\u00edmites en que se encuentran encerradas las disciplinas de saber, como una v\u00eda para acceder a la comprensi\u00f3n cabal de [&hellip;]","og_url":"https:\/\/ponteseditores.com.br\/loja3\/pontes-editores-home-2__trashed\/ebook\/lancamento-e-book\/percursos-formativos-e-pesquisa-em-educacao-entrelacamentos-com-cotidianos-escolares\/","og_site_name":"Pontes Editores","article_modified_time":"2025-05-08T19:30:35+00:00","og_image":[{"width":1767,"height":2560,"url":"https:\/\/ponteseditores.com.br\/loja3\/wp-content\/uploads\/2025\/05\/Capa_Percursos-Formativos-scaled.jpg","type":"image\/jpeg"}],"twitter_card":"summary_large_image","twitter_misc":{"Est. tempo de leitura":"1 minuto"},"schema":{"@context":"https:\/\/schema.org","@graph":[{"@type":"WebPage","@id":"https:\/\/ponteseditores.com.br\/loja3\/pontes-editores-home-2__trashed\/ebook\/lancamento-e-book\/percursos-formativos-e-pesquisa-em-educacao-entrelacamentos-com-cotidianos-escolares\/","url":"https:\/\/ponteseditores.com.br\/loja3\/pontes-editores-home-2__trashed\/ebook\/lancamento-e-book\/percursos-formativos-e-pesquisa-em-educacao-entrelacamentos-com-cotidianos-escolares\/","name":"Percursos Formativos e Pesquisa em Educa\u00e7\u00e3o: entrela\u00e7amentos com cotidianos escolares - Pontes Editores","isPartOf":{"@id":"https:\/\/ponteseditores.com.br\/loja3\/#website"},"primaryImageOfPage":{"@id":"https:\/\/ponteseditores.com.br\/loja3\/pontes-editores-home-2__trashed\/ebook\/lancamento-e-book\/percursos-formativos-e-pesquisa-em-educacao-entrelacamentos-com-cotidianos-escolares\/#primaryimage"},"image":{"@id":"https:\/\/ponteseditores.com.br\/loja3\/pontes-editores-home-2__trashed\/ebook\/lancamento-e-book\/percursos-formativos-e-pesquisa-em-educacao-entrelacamentos-com-cotidianos-escolares\/#primaryimage"},"thumbnailUrl":"https:\/\/ponteseditores.com.br\/loja3\/wp-content\/uploads\/2025\/05\/Capa_Percursos-Formativos-scaled.jpg","datePublished":"2025-05-08T19:30:34+00:00","dateModified":"2025-05-08T19:30:35+00:00","breadcrumb":{"@id":"https:\/\/ponteseditores.com.br\/loja3\/pontes-editores-home-2__trashed\/ebook\/lancamento-e-book\/percursos-formativos-e-pesquisa-em-educacao-entrelacamentos-com-cotidianos-escolares\/#breadcrumb"},"inLanguage":"pt-BR","potentialAction":[{"@type":"ReadAction","target":["https:\/\/ponteseditores.com.br\/loja3\/pontes-editores-home-2__trashed\/ebook\/lancamento-e-book\/percursos-formativos-e-pesquisa-em-educacao-entrelacamentos-com-cotidianos-escolares\/"]}]},{"@type":"ImageObject","inLanguage":"pt-BR","@id":"https:\/\/ponteseditores.com.br\/loja3\/pontes-editores-home-2__trashed\/ebook\/lancamento-e-book\/percursos-formativos-e-pesquisa-em-educacao-entrelacamentos-com-cotidianos-escolares\/#primaryimage","url":"https:\/\/ponteseditores.com.br\/loja3\/wp-content\/uploads\/2025\/05\/Capa_Percursos-Formativos-scaled.jpg","contentUrl":"https:\/\/ponteseditores.com.br\/loja3\/wp-content\/uploads\/2025\/05\/Capa_Percursos-Formativos-scaled.jpg","width":1767,"height":2560},{"@type":"BreadcrumbList","@id":"https:\/\/ponteseditores.com.br\/loja3\/pontes-editores-home-2__trashed\/ebook\/lancamento-e-book\/percursos-formativos-e-pesquisa-em-educacao-entrelacamentos-com-cotidianos-escolares\/#breadcrumb","itemListElement":[{"@type":"ListItem","position":1,"name":"Home","item":"https:\/\/ponteseditores.com.br\/loja3\/"},{"@type":"ListItem","position":2,"name":"loja","item":"https:\/\/ponteseditores.com.br\/loja3\/loja\/"},{"@type":"ListItem","position":3,"name":"Percursos Formativos e Pesquisa em Educa\u00e7\u00e3o: entrela\u00e7amentos com cotidianos escolares"}]},{"@type":"WebSite","@id":"https:\/\/ponteseditores.com.br\/loja3\/#website","url":"https:\/\/ponteseditores.com.br\/loja3\/","name":"Pontes Editores","description":"Pontes Editores","publisher":{"@id":"https:\/\/ponteseditores.com.br\/loja3\/#organization"},"potentialAction":[{"@type":"SearchAction","target":{"@type":"EntryPoint","urlTemplate":"https:\/\/ponteseditores.com.br\/loja3\/?s={search_term_string}"},"query-input":{"@type":"PropertyValueSpecification","valueRequired":true,"valueName":"search_term_string"}}],"inLanguage":"pt-BR"},{"@type":"Organization","@id":"https:\/\/ponteseditores.com.br\/loja3\/#organization","name":"Pontes Editores","url":"https:\/\/ponteseditores.com.br\/loja3\/","logo":{"@type":"ImageObject","inLanguage":"pt-BR","@id":"https:\/\/ponteseditores.com.br\/loja3\/#\/schema\/logo\/image\/","url":"https:\/\/ponteseditores.com.br\/loja3\/wp-content\/uploads\/2023\/12\/logo-pontes-editores-v2.png","contentUrl":"https:\/\/ponteseditores.com.br\/loja3\/wp-content\/uploads\/2023\/12\/logo-pontes-editores-v2.png","width":258,"height":100,"caption":"Pontes Editores"},"image":{"@id":"https:\/\/ponteseditores.com.br\/loja3\/#\/schema\/logo\/image\/"}}]}},"_links":{"self":[{"href":"https:\/\/ponteseditores.com.br\/loja3\/wp-json\/wp\/v2\/product\/25462","targetHints":{"allow":["GET"]}}],"collection":[{"href":"https:\/\/ponteseditores.com.br\/loja3\/wp-json\/wp\/v2\/product"}],"about":[{"href":"https:\/\/ponteseditores.com.br\/loja3\/wp-json\/wp\/v2\/types\/product"}],"replies":[{"embeddable":true,"href":"https:\/\/ponteseditores.com.br\/loja3\/wp-json\/wp\/v2\/comments?post=25462"}],"version-history":[{"count":1,"href":"https:\/\/ponteseditores.com.br\/loja3\/wp-json\/wp\/v2\/product\/25462\/revisions"}],"predecessor-version":[{"id":25465,"href":"https:\/\/ponteseditores.com.br\/loja3\/wp-json\/wp\/v2\/product\/25462\/revisions\/25465"}],"wp:featuredmedia":[{"embeddable":true,"href":"https:\/\/ponteseditores.com.br\/loja3\/wp-json\/wp\/v2\/media\/25464"}],"wp:attachment":[{"href":"https:\/\/ponteseditores.com.br\/loja3\/wp-json\/wp\/v2\/media?parent=25462"}],"wp:term":[{"taxonomy":"product_brand","embeddable":true,"href":"https:\/\/ponteseditores.com.br\/loja3\/wp-json\/wp\/v2\/product_brand?post=25462"},{"taxonomy":"product_cat","embeddable":true,"href":"https:\/\/ponteseditores.com.br\/loja3\/wp-json\/wp\/v2\/product_cat?post=25462"},{"taxonomy":"product_tag","embeddable":true,"href":"https:\/\/ponteseditores.com.br\/loja3\/wp-json\/wp\/v2\/product_tag?post=25462"}],"curies":[{"name":"wp","href":"https:\/\/api.w.org\/{rel}","templated":true}]}}