{"id":24980,"date":"2025-04-29T11:14:07","date_gmt":"2025-04-29T14:14:07","guid":{"rendered":"https:\/\/ponteseditores.com.br\/loja3\/?post_type=product&#038;p=24980"},"modified":"2025-04-29T11:14:07","modified_gmt":"2025-04-29T14:14:07","slug":"argumentacao-retorica-e-analise-do-discurso","status":"publish","type":"product","link":"https:\/\/ponteseditores.com.br\/loja3\/pontes-editores-home-2__trashed\/analise-do-discurso\/argumentacao-retorica-e-analise-do-discurso\/","title":{"rendered":"Argumenta\u00e7\u00e3o, Ret\u00f3rica e An\u00e1lise do Discurso"},"content":{"rendered":"<p>Uma obra que oferece ao leitor a possibilidade de acompanhar dois importantes movimentos te\u00f3rico-anal\u00edticos \u00e9 justamente \u201cArgumenta\u00e7\u00e3o, Ret\u00f3rica e An\u00e1lise do Discurso\u201d. Por um lado, os cap\u00edtulos reunidos aqui reafirmam que a ret\u00f3rica pode ser concebida como arte do discurso. Ou seja: entre os variados modos de express\u00e3o humana (como a escrita, a pintura, a escultura, a arquitetura etc.), a ret\u00f3rica se caracteriza como um meio para criar pontes entre o que pode ser pensado (racional e esteticamente) e o que pode ser expresso na comunica\u00e7\u00e3o desenvolvida em variadas situa\u00e7\u00f5es sociais.<\/p>\n<p>Por outro lado, os trabalhos inclu\u00eddos, tanto na parte um quanto na parte dois da obra, indicam que temos na ret\u00f3rica uma disciplina da comunica\u00e7\u00e3o cuja peculiaridade permite articular seus conceitos-chave a distintas perspectivas de estudo e a variados campos de produ\u00e7\u00e3o de conhecimentos e de intera\u00e7\u00e3o intersubjetiva. Os leitores est\u00e3o convidados a uma leitura integral desta obra, pois ela se apresenta como um convite a realizar reflex\u00f5es de valor intelectual e experiencial, visto que as tem\u00e1ticas selecionadas pelos autores e o modo como foram exploradas convidam a uma an\u00e1lise pessoal relativa \u00e0 maneira como interagimos com os objetos de linguagem na sociedade contempor\u00e2nea.<\/p>\n<p>Trata-se, assim, de um livro de valor acad\u00eamico not\u00e1vel e de valor humano, visto possibilitar entender como as a\u00e7\u00f5es cotidianas colaboram com a constru\u00e7\u00e3o da realidade em que vivemos.<\/p>\n<p>Profa. Dra. Isabel Cristina Michelan de Azevedo<\/p>\n","protected":false},"excerpt":{"rendered":"<p>Uma obra que oferece ao leitor a possibilidade de acompanhar dois importantes movimentos te\u00f3rico-anal\u00edticos \u00e9 justamente \u201cArgumenta\u00e7\u00e3o, Ret\u00f3rica e An\u00e1lise do Discurso\u201d. Por um lado, os cap\u00edtulos reunidos aqui reafirmam que a ret\u00f3rica pode ser concebida como arte do discurso. Ou seja: entre os variados modos de express\u00e3o humana (como a escrita, a pintura, a [&hellip;]<\/p>\n","protected":false},"featured_media":24981,"comment_status":"open","ping_status":"closed","template":"","meta":{"_joinchat":[]},"product_brand":[],"product_cat":[301,36,167],"product_tag":[],"class_list":{"0":"post-24980","1":"product","2":"type-product","3":"status-publish","4":"has-post-thumbnail","6":"product_cat-analise-de-discurso","7":"product_cat-analise-do-discurso","8":"product_cat-lancamento","10":"first","11":"instock","12":"shipping-taxable","13":"purchasable","14":"product-type-simple"},"yoast_head":"<!-- This site is optimized with the Yoast SEO plugin v27.3 - https:\/\/yoast.com\/product\/yoast-seo-wordpress\/ -->\n<title>Argumenta\u00e7\u00e3o, Ret\u00f3rica e An\u00e1lise do Discurso - Pontes Editores<\/title>\n<meta name=\"robots\" content=\"index, follow, max-snippet:-1, max-image-preview:large, max-video-preview:-1\" \/>\n<link rel=\"canonical\" href=\"https:\/\/ponteseditores.com.br\/loja3\/pontes-editores-home-2__trashed\/analise-do-discurso\/argumentacao-retorica-e-analise-do-discurso\/\" \/>\n<meta property=\"og:locale\" content=\"pt_BR\" \/>\n<meta property=\"og:type\" content=\"article\" \/>\n<meta property=\"og:title\" content=\"Argumenta\u00e7\u00e3o, Ret\u00f3rica e An\u00e1lise do Discurso - Pontes Editores\" \/>\n<meta property=\"og:description\" content=\"Uma obra que oferece ao leitor a possibilidade de acompanhar dois importantes movimentos te\u00f3rico-anal\u00edticos \u00e9 justamente \u201cArgumenta\u00e7\u00e3o, Ret\u00f3rica e An\u00e1lise do Discurso\u201d. Por um lado, os cap\u00edtulos reunidos aqui reafirmam que a ret\u00f3rica pode ser concebida como arte do discurso. Ou seja: entre os variados modos de express\u00e3o humana (como a escrita, a pintura, a [&hellip;]\" \/>\n<meta property=\"og:url\" content=\"https:\/\/ponteseditores.com.br\/loja3\/pontes-editores-home-2__trashed\/analise-do-discurso\/argumentacao-retorica-e-analise-do-discurso\/\" \/>\n<meta property=\"og:site_name\" content=\"Pontes Editores\" \/>\n<meta property=\"og:image\" content=\"https:\/\/ponteseditores.com.br\/loja3\/wp-content\/uploads\/2025\/04\/Capa_Argumentacao-Retorica-scaled.webp\" \/>\n\t<meta property=\"og:image:width\" content=\"1767\" \/>\n\t<meta property=\"og:image:height\" content=\"2560\" \/>\n\t<meta property=\"og:image:type\" content=\"image\/webp\" \/>\n<meta name=\"twitter:card\" content=\"summary_large_image\" \/>\n<meta name=\"twitter:label1\" content=\"Est. tempo de leitura\" \/>\n\t<meta name=\"twitter:data1\" content=\"2 minutos\" \/>\n<script type=\"application\/ld+json\" class=\"yoast-schema-graph\">{\"@context\":\"https:\\\/\\\/schema.org\",\"@graph\":[{\"@type\":\"WebPage\",\"@id\":\"https:\\\/\\\/ponteseditores.com.br\\\/loja3\\\/pontes-editores-home-2__trashed\\\/analise-do-discurso\\\/argumentacao-retorica-e-analise-do-discurso\\\/\",\"url\":\"https:\\\/\\\/ponteseditores.com.br\\\/loja3\\\/pontes-editores-home-2__trashed\\\/analise-do-discurso\\\/argumentacao-retorica-e-analise-do-discurso\\\/\",\"name\":\"Argumenta\u00e7\u00e3o, Ret\u00f3rica e An\u00e1lise do Discurso - Pontes Editores\",\"isPartOf\":{\"@id\":\"https:\\\/\\\/ponteseditores.com.br\\\/loja3\\\/#website\"},\"primaryImageOfPage\":{\"@id\":\"https:\\\/\\\/ponteseditores.com.br\\\/loja3\\\/pontes-editores-home-2__trashed\\\/analise-do-discurso\\\/argumentacao-retorica-e-analise-do-discurso\\\/#primaryimage\"},\"image\":{\"@id\":\"https:\\\/\\\/ponteseditores.com.br\\\/loja3\\\/pontes-editores-home-2__trashed\\\/analise-do-discurso\\\/argumentacao-retorica-e-analise-do-discurso\\\/#primaryimage\"},\"thumbnailUrl\":\"https:\\\/\\\/ponteseditores.com.br\\\/loja3\\\/wp-content\\\/uploads\\\/2025\\\/04\\\/Capa_Argumentacao-Retorica-scaled.webp\",\"datePublished\":\"2025-04-29T14:14:07+00:00\",\"breadcrumb\":{\"@id\":\"https:\\\/\\\/ponteseditores.com.br\\\/loja3\\\/pontes-editores-home-2__trashed\\\/analise-do-discurso\\\/argumentacao-retorica-e-analise-do-discurso\\\/#breadcrumb\"},\"inLanguage\":\"pt-BR\",\"potentialAction\":[{\"@type\":\"ReadAction\",\"target\":[\"https:\\\/\\\/ponteseditores.com.br\\\/loja3\\\/pontes-editores-home-2__trashed\\\/analise-do-discurso\\\/argumentacao-retorica-e-analise-do-discurso\\\/\"]}]},{\"@type\":\"ImageObject\",\"inLanguage\":\"pt-BR\",\"@id\":\"https:\\\/\\\/ponteseditores.com.br\\\/loja3\\\/pontes-editores-home-2__trashed\\\/analise-do-discurso\\\/argumentacao-retorica-e-analise-do-discurso\\\/#primaryimage\",\"url\":\"https:\\\/\\\/ponteseditores.com.br\\\/loja3\\\/wp-content\\\/uploads\\\/2025\\\/04\\\/Capa_Argumentacao-Retorica-scaled.webp\",\"contentUrl\":\"https:\\\/\\\/ponteseditores.com.br\\\/loja3\\\/wp-content\\\/uploads\\\/2025\\\/04\\\/Capa_Argumentacao-Retorica-scaled.webp\",\"width\":1767,\"height\":2560},{\"@type\":\"BreadcrumbList\",\"@id\":\"https:\\\/\\\/ponteseditores.com.br\\\/loja3\\\/pontes-editores-home-2__trashed\\\/analise-do-discurso\\\/argumentacao-retorica-e-analise-do-discurso\\\/#breadcrumb\",\"itemListElement\":[{\"@type\":\"ListItem\",\"position\":1,\"name\":\"Home\",\"item\":\"https:\\\/\\\/ponteseditores.com.br\\\/loja3\\\/\"},{\"@type\":\"ListItem\",\"position\":2,\"name\":\"loja\",\"item\":\"https:\\\/\\\/ponteseditores.com.br\\\/loja3\\\/loja\\\/\"},{\"@type\":\"ListItem\",\"position\":3,\"name\":\"Argumenta\u00e7\u00e3o, Ret\u00f3rica e An\u00e1lise do Discurso\"}]},{\"@type\":\"WebSite\",\"@id\":\"https:\\\/\\\/ponteseditores.com.br\\\/loja3\\\/#website\",\"url\":\"https:\\\/\\\/ponteseditores.com.br\\\/loja3\\\/\",\"name\":\"Pontes Editores\",\"description\":\"Pontes Editores\",\"publisher\":{\"@id\":\"https:\\\/\\\/ponteseditores.com.br\\\/loja3\\\/#organization\"},\"potentialAction\":[{\"@type\":\"SearchAction\",\"target\":{\"@type\":\"EntryPoint\",\"urlTemplate\":\"https:\\\/\\\/ponteseditores.com.br\\\/loja3\\\/?s={search_term_string}\"},\"query-input\":{\"@type\":\"PropertyValueSpecification\",\"valueRequired\":true,\"valueName\":\"search_term_string\"}}],\"inLanguage\":\"pt-BR\"},{\"@type\":\"Organization\",\"@id\":\"https:\\\/\\\/ponteseditores.com.br\\\/loja3\\\/#organization\",\"name\":\"Pontes Editores\",\"url\":\"https:\\\/\\\/ponteseditores.com.br\\\/loja3\\\/\",\"logo\":{\"@type\":\"ImageObject\",\"inLanguage\":\"pt-BR\",\"@id\":\"https:\\\/\\\/ponteseditores.com.br\\\/loja3\\\/#\\\/schema\\\/logo\\\/image\\\/\",\"url\":\"https:\\\/\\\/ponteseditores.com.br\\\/loja3\\\/wp-content\\\/uploads\\\/2023\\\/12\\\/logo-pontes-editores-v2.png\",\"contentUrl\":\"https:\\\/\\\/ponteseditores.com.br\\\/loja3\\\/wp-content\\\/uploads\\\/2023\\\/12\\\/logo-pontes-editores-v2.png\",\"width\":258,\"height\":100,\"caption\":\"Pontes Editores\"},\"image\":{\"@id\":\"https:\\\/\\\/ponteseditores.com.br\\\/loja3\\\/#\\\/schema\\\/logo\\\/image\\\/\"}}]}<\/script>\n<!-- \/ Yoast SEO plugin. -->","yoast_head_json":{"title":"Argumenta\u00e7\u00e3o, Ret\u00f3rica e An\u00e1lise do Discurso - Pontes Editores","robots":{"index":"index","follow":"follow","max-snippet":"max-snippet:-1","max-image-preview":"max-image-preview:large","max-video-preview":"max-video-preview:-1"},"canonical":"https:\/\/ponteseditores.com.br\/loja3\/pontes-editores-home-2__trashed\/analise-do-discurso\/argumentacao-retorica-e-analise-do-discurso\/","og_locale":"pt_BR","og_type":"article","og_title":"Argumenta\u00e7\u00e3o, Ret\u00f3rica e An\u00e1lise do Discurso - Pontes Editores","og_description":"Uma obra que oferece ao leitor a possibilidade de acompanhar dois importantes movimentos te\u00f3rico-anal\u00edticos \u00e9 justamente \u201cArgumenta\u00e7\u00e3o, Ret\u00f3rica e An\u00e1lise do Discurso\u201d. Por um lado, os cap\u00edtulos reunidos aqui reafirmam que a ret\u00f3rica pode ser concebida como arte do discurso. Ou seja: entre os variados modos de express\u00e3o humana (como a escrita, a pintura, a [&hellip;]","og_url":"https:\/\/ponteseditores.com.br\/loja3\/pontes-editores-home-2__trashed\/analise-do-discurso\/argumentacao-retorica-e-analise-do-discurso\/","og_site_name":"Pontes Editores","og_image":[{"width":1767,"height":2560,"url":"https:\/\/ponteseditores.com.br\/loja3\/wp-content\/uploads\/2025\/04\/Capa_Argumentacao-Retorica-scaled.webp","type":"image\/webp"}],"twitter_card":"summary_large_image","twitter_misc":{"Est. tempo de leitura":"2 minutos"},"schema":{"@context":"https:\/\/schema.org","@graph":[{"@type":"WebPage","@id":"https:\/\/ponteseditores.com.br\/loja3\/pontes-editores-home-2__trashed\/analise-do-discurso\/argumentacao-retorica-e-analise-do-discurso\/","url":"https:\/\/ponteseditores.com.br\/loja3\/pontes-editores-home-2__trashed\/analise-do-discurso\/argumentacao-retorica-e-analise-do-discurso\/","name":"Argumenta\u00e7\u00e3o, Ret\u00f3rica e An\u00e1lise do Discurso - Pontes Editores","isPartOf":{"@id":"https:\/\/ponteseditores.com.br\/loja3\/#website"},"primaryImageOfPage":{"@id":"https:\/\/ponteseditores.com.br\/loja3\/pontes-editores-home-2__trashed\/analise-do-discurso\/argumentacao-retorica-e-analise-do-discurso\/#primaryimage"},"image":{"@id":"https:\/\/ponteseditores.com.br\/loja3\/pontes-editores-home-2__trashed\/analise-do-discurso\/argumentacao-retorica-e-analise-do-discurso\/#primaryimage"},"thumbnailUrl":"https:\/\/ponteseditores.com.br\/loja3\/wp-content\/uploads\/2025\/04\/Capa_Argumentacao-Retorica-scaled.webp","datePublished":"2025-04-29T14:14:07+00:00","breadcrumb":{"@id":"https:\/\/ponteseditores.com.br\/loja3\/pontes-editores-home-2__trashed\/analise-do-discurso\/argumentacao-retorica-e-analise-do-discurso\/#breadcrumb"},"inLanguage":"pt-BR","potentialAction":[{"@type":"ReadAction","target":["https:\/\/ponteseditores.com.br\/loja3\/pontes-editores-home-2__trashed\/analise-do-discurso\/argumentacao-retorica-e-analise-do-discurso\/"]}]},{"@type":"ImageObject","inLanguage":"pt-BR","@id":"https:\/\/ponteseditores.com.br\/loja3\/pontes-editores-home-2__trashed\/analise-do-discurso\/argumentacao-retorica-e-analise-do-discurso\/#primaryimage","url":"https:\/\/ponteseditores.com.br\/loja3\/wp-content\/uploads\/2025\/04\/Capa_Argumentacao-Retorica-scaled.webp","contentUrl":"https:\/\/ponteseditores.com.br\/loja3\/wp-content\/uploads\/2025\/04\/Capa_Argumentacao-Retorica-scaled.webp","width":1767,"height":2560},{"@type":"BreadcrumbList","@id":"https:\/\/ponteseditores.com.br\/loja3\/pontes-editores-home-2__trashed\/analise-do-discurso\/argumentacao-retorica-e-analise-do-discurso\/#breadcrumb","itemListElement":[{"@type":"ListItem","position":1,"name":"Home","item":"https:\/\/ponteseditores.com.br\/loja3\/"},{"@type":"ListItem","position":2,"name":"loja","item":"https:\/\/ponteseditores.com.br\/loja3\/loja\/"},{"@type":"ListItem","position":3,"name":"Argumenta\u00e7\u00e3o, Ret\u00f3rica e An\u00e1lise do Discurso"}]},{"@type":"WebSite","@id":"https:\/\/ponteseditores.com.br\/loja3\/#website","url":"https:\/\/ponteseditores.com.br\/loja3\/","name":"Pontes Editores","description":"Pontes Editores","publisher":{"@id":"https:\/\/ponteseditores.com.br\/loja3\/#organization"},"potentialAction":[{"@type":"SearchAction","target":{"@type":"EntryPoint","urlTemplate":"https:\/\/ponteseditores.com.br\/loja3\/?s={search_term_string}"},"query-input":{"@type":"PropertyValueSpecification","valueRequired":true,"valueName":"search_term_string"}}],"inLanguage":"pt-BR"},{"@type":"Organization","@id":"https:\/\/ponteseditores.com.br\/loja3\/#organization","name":"Pontes Editores","url":"https:\/\/ponteseditores.com.br\/loja3\/","logo":{"@type":"ImageObject","inLanguage":"pt-BR","@id":"https:\/\/ponteseditores.com.br\/loja3\/#\/schema\/logo\/image\/","url":"https:\/\/ponteseditores.com.br\/loja3\/wp-content\/uploads\/2023\/12\/logo-pontes-editores-v2.png","contentUrl":"https:\/\/ponteseditores.com.br\/loja3\/wp-content\/uploads\/2023\/12\/logo-pontes-editores-v2.png","width":258,"height":100,"caption":"Pontes Editores"},"image":{"@id":"https:\/\/ponteseditores.com.br\/loja3\/#\/schema\/logo\/image\/"}}]}},"_links":{"self":[{"href":"https:\/\/ponteseditores.com.br\/loja3\/wp-json\/wp\/v2\/product\/24980","targetHints":{"allow":["GET"]}}],"collection":[{"href":"https:\/\/ponteseditores.com.br\/loja3\/wp-json\/wp\/v2\/product"}],"about":[{"href":"https:\/\/ponteseditores.com.br\/loja3\/wp-json\/wp\/v2\/types\/product"}],"replies":[{"embeddable":true,"href":"https:\/\/ponteseditores.com.br\/loja3\/wp-json\/wp\/v2\/comments?post=24980"}],"version-history":[{"count":1,"href":"https:\/\/ponteseditores.com.br\/loja3\/wp-json\/wp\/v2\/product\/24980\/revisions"}],"predecessor-version":[{"id":24982,"href":"https:\/\/ponteseditores.com.br\/loja3\/wp-json\/wp\/v2\/product\/24980\/revisions\/24982"}],"wp:featuredmedia":[{"embeddable":true,"href":"https:\/\/ponteseditores.com.br\/loja3\/wp-json\/wp\/v2\/media\/24981"}],"wp:attachment":[{"href":"https:\/\/ponteseditores.com.br\/loja3\/wp-json\/wp\/v2\/media?parent=24980"}],"wp:term":[{"taxonomy":"product_brand","embeddable":true,"href":"https:\/\/ponteseditores.com.br\/loja3\/wp-json\/wp\/v2\/product_brand?post=24980"},{"taxonomy":"product_cat","embeddable":true,"href":"https:\/\/ponteseditores.com.br\/loja3\/wp-json\/wp\/v2\/product_cat?post=24980"},{"taxonomy":"product_tag","embeddable":true,"href":"https:\/\/ponteseditores.com.br\/loja3\/wp-json\/wp\/v2\/product_tag?post=24980"}],"curies":[{"name":"wp","href":"https:\/\/api.w.org\/{rel}","templated":true}]}}