{"id":24976,"date":"2025-04-29T11:09:05","date_gmt":"2025-04-29T14:09:05","guid":{"rendered":"https:\/\/ponteseditores.com.br\/loja3\/?post_type=product&#038;p=24976"},"modified":"2025-04-29T11:09:05","modified_gmt":"2025-04-29T14:09:05","slug":"ambientes-ciber-sociais-e-letramentos-transformacoes-pedagogicas-e-novas-aprendizagens-na-educacao","status":"publish","type":"product","link":"https:\/\/ponteseditores.com.br\/loja3\/pontes-editores-home-2__trashed\/linguistica\/ambientes-ciber-sociais-e-letramentos-transformacoes-pedagogicas-e-novas-aprendizagens-na-educacao\/","title":{"rendered":"Ambientes ciber-sociais e letramentos: transformac\u0327o\u0303es pedago\u0301gicas e novas aprendizagens na educac\u0327a\u0303o"},"content":{"rendered":"<p>Na obra \u201cAmbientes ciber-sociais e Letramentos: transformac\u0327o\u0303es pedago\u0301gicas e novas aprendizagens na educac\u0327a\u0303o\u201d, Rodrigo Abrantes da Silva nos oferece uma vis\u00e3o do futuro da \u00e1rea. Em um mundo marcado por desigualdades, incluindo o acesso a ferramentas e recursos digitais, ele mostra como ferramentas de baixo custo e acess\u00edveis pela <em>web <\/em>podem abrir novas oportunidades para os alunos. Este livro \u00e9 teoricamente inspirado e empiricamente fundamentado. Teoricamente, Abrantes articula uma vers\u00e3o da aprendizagem ciber-social, onde o ciber est\u00e1 firmemente nas m\u00e3os do social. Nesse referencial, a m\u00e1quina facilita o social ao apoiar a colabora\u00e7\u00e3o entre pares e a intelig\u00eancia coletiva.<\/p>\n<p>Empiricamente, o livro captura a rica e complexa experi\u00eancia de alunos que se tornaram criadores ativos de conhecimento socialmente engajado. Enraizado nos desafios espec\u00edficos da experi\u00eancia brasileira, as implica\u00e7\u00f5es desta obra s\u00e3o, no entanto, globais. Hoje, nenhum lugar no mundo est\u00e1 isento dos desafios e oportunidades que surgem na interse\u00e7\u00e3o entre desigualdade educacional e m\u00eddia digital. Este livro busca apontar alguns caminhos a seguir.<\/p>\n<p><strong>\u00a0<\/strong><\/p>\n<p>Bill Cope\/Mary Kalantzis<\/p>\n<p>Profs. Drs. do Departamento de Pol\u00edticas Educacionais, Organiza\u00e7\u00e3o e Lideran\u00e7a da Universidade de Illinois Urbana-Champaign (Estados Unidos). Bill Cope est\u00e1 vinculado ainda ao Instituto de Confian\u00e7a da Informa\u00e7\u00e3o e ao Centro de Sistemas de Engenharia de Sa\u00fade, da Faculdade de Engenharia da Universidade de Illinois Urbana-Champaign.<\/p>\n","protected":false},"excerpt":{"rendered":"<p>Na obra \u201cAmbientes ciber-sociais e Letramentos: transformac\u0327o\u0303es pedago\u0301gicas e novas aprendizagens na educac\u0327a\u0303o\u201d, Rodrigo Abrantes da Silva nos oferece uma vis\u00e3o do futuro da \u00e1rea. Em um mundo marcado por desigualdades, incluindo o acesso a ferramentas e recursos digitais, ele mostra como ferramentas de baixo custo e acess\u00edveis pela web podem abrir novas oportunidades para [&hellip;]<\/p>\n","protected":false},"featured_media":24977,"comment_status":"open","ping_status":"closed","template":"","meta":{"_joinchat":[]},"product_brand":[],"product_cat":[167,31],"product_tag":[],"class_list":{"0":"post-24976","1":"product","2":"type-product","3":"status-publish","4":"has-post-thumbnail","6":"product_cat-lancamento","7":"product_cat-linguistica","9":"first","10":"instock","11":"shipping-taxable","12":"purchasable","13":"product-type-simple"},"yoast_head":"<!-- This site is optimized with the Yoast SEO plugin v27.4 - https:\/\/yoast.com\/product\/yoast-seo-wordpress\/ -->\n<title>Ambientes ciber-sociais e letramentos: transformac\u0327o\u0303es pedago\u0301gicas e novas aprendizagens na educac\u0327a\u0303o - Pontes Editores<\/title>\n<meta name=\"robots\" content=\"index, follow, max-snippet:-1, max-image-preview:large, max-video-preview:-1\" \/>\n<link rel=\"canonical\" href=\"https:\/\/ponteseditores.com.br\/loja3\/pontes-editores-home-2__trashed\/linguistica\/ambientes-ciber-sociais-e-letramentos-transformacoes-pedagogicas-e-novas-aprendizagens-na-educacao\/\" \/>\n<meta property=\"og:locale\" content=\"pt_BR\" \/>\n<meta property=\"og:type\" content=\"article\" \/>\n<meta property=\"og:title\" content=\"Ambientes ciber-sociais e letramentos: transformac\u0327o\u0303es pedago\u0301gicas e novas aprendizagens na educac\u0327a\u0303o - Pontes Editores\" \/>\n<meta property=\"og:description\" content=\"Na obra \u201cAmbientes ciber-sociais e Letramentos: transformac\u0327o\u0303es pedago\u0301gicas e novas aprendizagens na educac\u0327a\u0303o\u201d, Rodrigo Abrantes da Silva nos oferece uma vis\u00e3o do futuro da \u00e1rea. Em um mundo marcado por desigualdades, incluindo o acesso a ferramentas e recursos digitais, ele mostra como ferramentas de baixo custo e acess\u00edveis pela web podem abrir novas oportunidades para [&hellip;]\" \/>\n<meta property=\"og:url\" content=\"https:\/\/ponteseditores.com.br\/loja3\/pontes-editores-home-2__trashed\/linguistica\/ambientes-ciber-sociais-e-letramentos-transformacoes-pedagogicas-e-novas-aprendizagens-na-educacao\/\" \/>\n<meta property=\"og:site_name\" content=\"Pontes Editores\" \/>\n<meta property=\"og:image\" content=\"https:\/\/ponteseditores.com.br\/loja3\/wp-content\/uploads\/2025\/04\/Capa_Ambientes_Ciber-scaled.webp\" \/>\n\t<meta property=\"og:image:width\" content=\"1767\" \/>\n\t<meta property=\"og:image:height\" content=\"2560\" \/>\n\t<meta property=\"og:image:type\" content=\"image\/webp\" \/>\n<meta name=\"twitter:card\" content=\"summary_large_image\" \/>\n<meta name=\"twitter:label1\" content=\"Est. tempo de leitura\" \/>\n\t<meta name=\"twitter:data1\" content=\"2 minutos\" \/>\n<script type=\"application\/ld+json\" class=\"yoast-schema-graph\">{\"@context\":\"https:\\\/\\\/schema.org\",\"@graph\":[{\"@type\":\"WebPage\",\"@id\":\"https:\\\/\\\/ponteseditores.com.br\\\/loja3\\\/pontes-editores-home-2__trashed\\\/linguistica\\\/ambientes-ciber-sociais-e-letramentos-transformacoes-pedagogicas-e-novas-aprendizagens-na-educacao\\\/\",\"url\":\"https:\\\/\\\/ponteseditores.com.br\\\/loja3\\\/pontes-editores-home-2__trashed\\\/linguistica\\\/ambientes-ciber-sociais-e-letramentos-transformacoes-pedagogicas-e-novas-aprendizagens-na-educacao\\\/\",\"name\":\"Ambientes ciber-sociais e letramentos: transformac\u0327o\u0303es pedago\u0301gicas e novas aprendizagens na educac\u0327a\u0303o - Pontes Editores\",\"isPartOf\":{\"@id\":\"https:\\\/\\\/ponteseditores.com.br\\\/loja3\\\/#website\"},\"primaryImageOfPage\":{\"@id\":\"https:\\\/\\\/ponteseditores.com.br\\\/loja3\\\/pontes-editores-home-2__trashed\\\/linguistica\\\/ambientes-ciber-sociais-e-letramentos-transformacoes-pedagogicas-e-novas-aprendizagens-na-educacao\\\/#primaryimage\"},\"image\":{\"@id\":\"https:\\\/\\\/ponteseditores.com.br\\\/loja3\\\/pontes-editores-home-2__trashed\\\/linguistica\\\/ambientes-ciber-sociais-e-letramentos-transformacoes-pedagogicas-e-novas-aprendizagens-na-educacao\\\/#primaryimage\"},\"thumbnailUrl\":\"https:\\\/\\\/ponteseditores.com.br\\\/loja3\\\/wp-content\\\/uploads\\\/2025\\\/04\\\/Capa_Ambientes_Ciber-scaled.webp\",\"datePublished\":\"2025-04-29T14:09:05+00:00\",\"breadcrumb\":{\"@id\":\"https:\\\/\\\/ponteseditores.com.br\\\/loja3\\\/pontes-editores-home-2__trashed\\\/linguistica\\\/ambientes-ciber-sociais-e-letramentos-transformacoes-pedagogicas-e-novas-aprendizagens-na-educacao\\\/#breadcrumb\"},\"inLanguage\":\"pt-BR\",\"potentialAction\":[{\"@type\":\"ReadAction\",\"target\":[\"https:\\\/\\\/ponteseditores.com.br\\\/loja3\\\/pontes-editores-home-2__trashed\\\/linguistica\\\/ambientes-ciber-sociais-e-letramentos-transformacoes-pedagogicas-e-novas-aprendizagens-na-educacao\\\/\"]}]},{\"@type\":\"ImageObject\",\"inLanguage\":\"pt-BR\",\"@id\":\"https:\\\/\\\/ponteseditores.com.br\\\/loja3\\\/pontes-editores-home-2__trashed\\\/linguistica\\\/ambientes-ciber-sociais-e-letramentos-transformacoes-pedagogicas-e-novas-aprendizagens-na-educacao\\\/#primaryimage\",\"url\":\"https:\\\/\\\/ponteseditores.com.br\\\/loja3\\\/wp-content\\\/uploads\\\/2025\\\/04\\\/Capa_Ambientes_Ciber-scaled.webp\",\"contentUrl\":\"https:\\\/\\\/ponteseditores.com.br\\\/loja3\\\/wp-content\\\/uploads\\\/2025\\\/04\\\/Capa_Ambientes_Ciber-scaled.webp\",\"width\":1767,\"height\":2560},{\"@type\":\"BreadcrumbList\",\"@id\":\"https:\\\/\\\/ponteseditores.com.br\\\/loja3\\\/pontes-editores-home-2__trashed\\\/linguistica\\\/ambientes-ciber-sociais-e-letramentos-transformacoes-pedagogicas-e-novas-aprendizagens-na-educacao\\\/#breadcrumb\",\"itemListElement\":[{\"@type\":\"ListItem\",\"position\":1,\"name\":\"Home\",\"item\":\"https:\\\/\\\/ponteseditores.com.br\\\/loja3\\\/\"},{\"@type\":\"ListItem\",\"position\":2,\"name\":\"loja\",\"item\":\"https:\\\/\\\/ponteseditores.com.br\\\/loja3\\\/loja\\\/\"},{\"@type\":\"ListItem\",\"position\":3,\"name\":\"Ambientes ciber-sociais e letramentos: transformac\u0327o\u0303es pedago\u0301gicas e novas aprendizagens na educac\u0327a\u0303o\"}]},{\"@type\":\"WebSite\",\"@id\":\"https:\\\/\\\/ponteseditores.com.br\\\/loja3\\\/#website\",\"url\":\"https:\\\/\\\/ponteseditores.com.br\\\/loja3\\\/\",\"name\":\"Pontes Editores\",\"description\":\"Pontes Editores\",\"publisher\":{\"@id\":\"https:\\\/\\\/ponteseditores.com.br\\\/loja3\\\/#organization\"},\"potentialAction\":[{\"@type\":\"SearchAction\",\"target\":{\"@type\":\"EntryPoint\",\"urlTemplate\":\"https:\\\/\\\/ponteseditores.com.br\\\/loja3\\\/?s={search_term_string}\"},\"query-input\":{\"@type\":\"PropertyValueSpecification\",\"valueRequired\":true,\"valueName\":\"search_term_string\"}}],\"inLanguage\":\"pt-BR\"},{\"@type\":\"Organization\",\"@id\":\"https:\\\/\\\/ponteseditores.com.br\\\/loja3\\\/#organization\",\"name\":\"Pontes Editores\",\"url\":\"https:\\\/\\\/ponteseditores.com.br\\\/loja3\\\/\",\"logo\":{\"@type\":\"ImageObject\",\"inLanguage\":\"pt-BR\",\"@id\":\"https:\\\/\\\/ponteseditores.com.br\\\/loja3\\\/#\\\/schema\\\/logo\\\/image\\\/\",\"url\":\"https:\\\/\\\/ponteseditores.com.br\\\/loja3\\\/wp-content\\\/uploads\\\/2023\\\/12\\\/logo-pontes-editores-v2.png\",\"contentUrl\":\"https:\\\/\\\/ponteseditores.com.br\\\/loja3\\\/wp-content\\\/uploads\\\/2023\\\/12\\\/logo-pontes-editores-v2.png\",\"width\":258,\"height\":100,\"caption\":\"Pontes Editores\"},\"image\":{\"@id\":\"https:\\\/\\\/ponteseditores.com.br\\\/loja3\\\/#\\\/schema\\\/logo\\\/image\\\/\"}}]}<\/script>\n<!-- \/ Yoast SEO plugin. -->","yoast_head_json":{"title":"Ambientes ciber-sociais e letramentos: transformac\u0327o\u0303es pedago\u0301gicas e novas aprendizagens na educac\u0327a\u0303o - Pontes Editores","robots":{"index":"index","follow":"follow","max-snippet":"max-snippet:-1","max-image-preview":"max-image-preview:large","max-video-preview":"max-video-preview:-1"},"canonical":"https:\/\/ponteseditores.com.br\/loja3\/pontes-editores-home-2__trashed\/linguistica\/ambientes-ciber-sociais-e-letramentos-transformacoes-pedagogicas-e-novas-aprendizagens-na-educacao\/","og_locale":"pt_BR","og_type":"article","og_title":"Ambientes ciber-sociais e letramentos: transformac\u0327o\u0303es pedago\u0301gicas e novas aprendizagens na educac\u0327a\u0303o - Pontes Editores","og_description":"Na obra \u201cAmbientes ciber-sociais e Letramentos: transformac\u0327o\u0303es pedago\u0301gicas e novas aprendizagens na educac\u0327a\u0303o\u201d, Rodrigo Abrantes da Silva nos oferece uma vis\u00e3o do futuro da \u00e1rea. Em um mundo marcado por desigualdades, incluindo o acesso a ferramentas e recursos digitais, ele mostra como ferramentas de baixo custo e acess\u00edveis pela web podem abrir novas oportunidades para [&hellip;]","og_url":"https:\/\/ponteseditores.com.br\/loja3\/pontes-editores-home-2__trashed\/linguistica\/ambientes-ciber-sociais-e-letramentos-transformacoes-pedagogicas-e-novas-aprendizagens-na-educacao\/","og_site_name":"Pontes Editores","og_image":[{"width":1767,"height":2560,"url":"https:\/\/ponteseditores.com.br\/loja3\/wp-content\/uploads\/2025\/04\/Capa_Ambientes_Ciber-scaled.webp","type":"image\/webp"}],"twitter_card":"summary_large_image","twitter_misc":{"Est. tempo de leitura":"2 minutos"},"schema":{"@context":"https:\/\/schema.org","@graph":[{"@type":"WebPage","@id":"https:\/\/ponteseditores.com.br\/loja3\/pontes-editores-home-2__trashed\/linguistica\/ambientes-ciber-sociais-e-letramentos-transformacoes-pedagogicas-e-novas-aprendizagens-na-educacao\/","url":"https:\/\/ponteseditores.com.br\/loja3\/pontes-editores-home-2__trashed\/linguistica\/ambientes-ciber-sociais-e-letramentos-transformacoes-pedagogicas-e-novas-aprendizagens-na-educacao\/","name":"Ambientes ciber-sociais e letramentos: transformac\u0327o\u0303es pedago\u0301gicas e novas aprendizagens na educac\u0327a\u0303o - Pontes Editores","isPartOf":{"@id":"https:\/\/ponteseditores.com.br\/loja3\/#website"},"primaryImageOfPage":{"@id":"https:\/\/ponteseditores.com.br\/loja3\/pontes-editores-home-2__trashed\/linguistica\/ambientes-ciber-sociais-e-letramentos-transformacoes-pedagogicas-e-novas-aprendizagens-na-educacao\/#primaryimage"},"image":{"@id":"https:\/\/ponteseditores.com.br\/loja3\/pontes-editores-home-2__trashed\/linguistica\/ambientes-ciber-sociais-e-letramentos-transformacoes-pedagogicas-e-novas-aprendizagens-na-educacao\/#primaryimage"},"thumbnailUrl":"https:\/\/ponteseditores.com.br\/loja3\/wp-content\/uploads\/2025\/04\/Capa_Ambientes_Ciber-scaled.webp","datePublished":"2025-04-29T14:09:05+00:00","breadcrumb":{"@id":"https:\/\/ponteseditores.com.br\/loja3\/pontes-editores-home-2__trashed\/linguistica\/ambientes-ciber-sociais-e-letramentos-transformacoes-pedagogicas-e-novas-aprendizagens-na-educacao\/#breadcrumb"},"inLanguage":"pt-BR","potentialAction":[{"@type":"ReadAction","target":["https:\/\/ponteseditores.com.br\/loja3\/pontes-editores-home-2__trashed\/linguistica\/ambientes-ciber-sociais-e-letramentos-transformacoes-pedagogicas-e-novas-aprendizagens-na-educacao\/"]}]},{"@type":"ImageObject","inLanguage":"pt-BR","@id":"https:\/\/ponteseditores.com.br\/loja3\/pontes-editores-home-2__trashed\/linguistica\/ambientes-ciber-sociais-e-letramentos-transformacoes-pedagogicas-e-novas-aprendizagens-na-educacao\/#primaryimage","url":"https:\/\/ponteseditores.com.br\/loja3\/wp-content\/uploads\/2025\/04\/Capa_Ambientes_Ciber-scaled.webp","contentUrl":"https:\/\/ponteseditores.com.br\/loja3\/wp-content\/uploads\/2025\/04\/Capa_Ambientes_Ciber-scaled.webp","width":1767,"height":2560},{"@type":"BreadcrumbList","@id":"https:\/\/ponteseditores.com.br\/loja3\/pontes-editores-home-2__trashed\/linguistica\/ambientes-ciber-sociais-e-letramentos-transformacoes-pedagogicas-e-novas-aprendizagens-na-educacao\/#breadcrumb","itemListElement":[{"@type":"ListItem","position":1,"name":"Home","item":"https:\/\/ponteseditores.com.br\/loja3\/"},{"@type":"ListItem","position":2,"name":"loja","item":"https:\/\/ponteseditores.com.br\/loja3\/loja\/"},{"@type":"ListItem","position":3,"name":"Ambientes ciber-sociais e letramentos: transformac\u0327o\u0303es pedago\u0301gicas e novas aprendizagens na educac\u0327a\u0303o"}]},{"@type":"WebSite","@id":"https:\/\/ponteseditores.com.br\/loja3\/#website","url":"https:\/\/ponteseditores.com.br\/loja3\/","name":"Pontes Editores","description":"Pontes Editores","publisher":{"@id":"https:\/\/ponteseditores.com.br\/loja3\/#organization"},"potentialAction":[{"@type":"SearchAction","target":{"@type":"EntryPoint","urlTemplate":"https:\/\/ponteseditores.com.br\/loja3\/?s={search_term_string}"},"query-input":{"@type":"PropertyValueSpecification","valueRequired":true,"valueName":"search_term_string"}}],"inLanguage":"pt-BR"},{"@type":"Organization","@id":"https:\/\/ponteseditores.com.br\/loja3\/#organization","name":"Pontes Editores","url":"https:\/\/ponteseditores.com.br\/loja3\/","logo":{"@type":"ImageObject","inLanguage":"pt-BR","@id":"https:\/\/ponteseditores.com.br\/loja3\/#\/schema\/logo\/image\/","url":"https:\/\/ponteseditores.com.br\/loja3\/wp-content\/uploads\/2023\/12\/logo-pontes-editores-v2.png","contentUrl":"https:\/\/ponteseditores.com.br\/loja3\/wp-content\/uploads\/2023\/12\/logo-pontes-editores-v2.png","width":258,"height":100,"caption":"Pontes Editores"},"image":{"@id":"https:\/\/ponteseditores.com.br\/loja3\/#\/schema\/logo\/image\/"}}]}},"_links":{"self":[{"href":"https:\/\/ponteseditores.com.br\/loja3\/wp-json\/wp\/v2\/product\/24976","targetHints":{"allow":["GET"]}}],"collection":[{"href":"https:\/\/ponteseditores.com.br\/loja3\/wp-json\/wp\/v2\/product"}],"about":[{"href":"https:\/\/ponteseditores.com.br\/loja3\/wp-json\/wp\/v2\/types\/product"}],"replies":[{"embeddable":true,"href":"https:\/\/ponteseditores.com.br\/loja3\/wp-json\/wp\/v2\/comments?post=24976"}],"version-history":[{"count":2,"href":"https:\/\/ponteseditores.com.br\/loja3\/wp-json\/wp\/v2\/product\/24976\/revisions"}],"predecessor-version":[{"id":24979,"href":"https:\/\/ponteseditores.com.br\/loja3\/wp-json\/wp\/v2\/product\/24976\/revisions\/24979"}],"wp:featuredmedia":[{"embeddable":true,"href":"https:\/\/ponteseditores.com.br\/loja3\/wp-json\/wp\/v2\/media\/24977"}],"wp:attachment":[{"href":"https:\/\/ponteseditores.com.br\/loja3\/wp-json\/wp\/v2\/media?parent=24976"}],"wp:term":[{"taxonomy":"product_brand","embeddable":true,"href":"https:\/\/ponteseditores.com.br\/loja3\/wp-json\/wp\/v2\/product_brand?post=24976"},{"taxonomy":"product_cat","embeddable":true,"href":"https:\/\/ponteseditores.com.br\/loja3\/wp-json\/wp\/v2\/product_cat?post=24976"},{"taxonomy":"product_tag","embeddable":true,"href":"https:\/\/ponteseditores.com.br\/loja3\/wp-json\/wp\/v2\/product_tag?post=24976"}],"curies":[{"name":"wp","href":"https:\/\/api.w.org\/{rel}","templated":true}]}}