{"id":24590,"date":"2025-04-16T16:42:12","date_gmt":"2025-04-16T19:42:12","guid":{"rendered":"https:\/\/ponteseditores.com.br\/loja3\/?post_type=product&#038;p=24590"},"modified":"2025-04-16T16:42:12","modified_gmt":"2025-04-16T19:42:12","slug":"prevencao-e-combate-aos-assedios-discriminacoes-e-outras-violencias","status":"publish","type":"product","link":"https:\/\/ponteseditores.com.br\/loja3\/pontes-editores-home-2__trashed\/ebook\/lancamento-e-book\/prevencao-e-combate-aos-assedios-discriminacoes-e-outras-violencias\/","title":{"rendered":"Preven\u00e7\u00e3o e Combate aos Ass\u00e9dios, Discrimina\u00e7\u00f5es e Outras Viol\u00eancias"},"content":{"rendered":"<p>A cartilha <strong>Preven\u00e7\u00e3o e Combate aos Ass\u00e9dios, Discrimina\u00e7\u00f5es e Outras Viol\u00eancias<\/strong> \u00e9 uma iniciativa da <strong>Universidade de Bras\u00edlia (UnB)<\/strong> com o apoio da <strong>Editora Pontes<\/strong>, desenvolvida para promover um ambiente acad\u00eamico mais <strong>inclusivo<\/strong>, <strong>respeitoso<\/strong> e <strong>igualit\u00e1rio<\/strong>. Destinada a estudantes, docentes, servidores e toda a comunidade universit\u00e1ria, a obra aborda de forma clara e objetiva as diversas formas de <strong>ass\u00e9dio<\/strong> e <strong>discrimina\u00e7\u00e3o<\/strong> no cotidiano acad\u00eamico.<\/p>\n<p>Com defini\u00e7\u00f5es acess\u00edveis e exemplos pr\u00e1ticos, a cartilha trata de temas essenciais, como <strong>ass\u00e9dio moral e sexual<\/strong>, <strong>discrimina\u00e7\u00e3o racial, de g\u00eanero e por defici\u00eancia<\/strong>, al\u00e9m de oferecer orienta\u00e7\u00f5es sobre como <strong>identificar<\/strong>, <strong>agir<\/strong> e <strong>denunciar<\/strong> essas pr\u00e1ticas no ambiente universit\u00e1rio.<\/p>\n<p>O grande diferencial da cartilha est\u00e1 na <strong>acessibilidade<\/strong>: ela possui <strong>tradu\u00e7\u00e3o completa em Libras<\/strong>, com um <strong>QR Code<\/strong> que direciona para um <strong>v\u00eddeo explicativo<\/strong>. O v\u00eddeo conta com <strong>\u00e1udio narrado<\/strong>, <strong>ilustra\u00e7\u00f5es<\/strong> e <strong>interpreta\u00e7\u00e3o completa em Libras<\/strong>, tornando o conte\u00fado acess\u00edvel a toda a comunidade acad\u00eamica, inclusive \u00e0 popula\u00e7\u00e3o Surda.<\/p>\n<p>Esta cartilha \u00e9 mais do que um material educativo; \u00e9 um convite \u00e0 <strong>transforma\u00e7\u00e3o da cultura universit\u00e1ria<\/strong>, ajudando a criar espa\u00e7os mais <strong>seguros<\/strong> e <strong>acolhedores<\/strong> para todos.<\/p>\n<p><strong>Compartilhe esta cartilha com todos em busca de um ambiente acad\u00eamico mais inclusivo e livre de ass\u00e9dio e discrimina\u00e7\u00e3o. Juntos, podemos promover um espa\u00e7o de respeito e equidade para todos.<\/strong><\/p>\n<p>&nbsp;<\/p>\n<p>&nbsp;<\/p>\n","protected":false},"excerpt":{"rendered":"<p>A cartilha Preven\u00e7\u00e3o e Combate aos Ass\u00e9dios, Discrimina\u00e7\u00f5es e Outras Viol\u00eancias \u00e9 uma iniciativa da Universidade de Bras\u00edlia (UnB) com o apoio da Editora Pontes, desenvolvida para promover um ambiente acad\u00eamico mais inclusivo, respeitoso e igualit\u00e1rio. Destinada a estudantes, docentes, servidores e toda a comunidade universit\u00e1ria, a obra aborda de forma clara e objetiva as [&hellip;]<\/p>\n","protected":false},"featured_media":24592,"comment_status":"open","ping_status":"closed","template":"","meta":{"_joinchat":[]},"product_brand":[],"product_cat":[165,386],"product_tag":[],"class_list":{"0":"post-24590","1":"product","2":"type-product","3":"status-publish","4":"has-post-thumbnail","6":"product_cat-ebook","7":"product_cat-lancamento-e-book","9":"first","10":"instock","11":"downloadable","12":"virtual","13":"purchasable","14":"product-type-simple"},"yoast_head":"<!-- This site is optimized with the Yoast SEO plugin v27.4 - https:\/\/yoast.com\/product\/yoast-seo-wordpress\/ -->\n<title>Preven\u00e7\u00e3o e Combate aos Ass\u00e9dios, Discrimina\u00e7\u00f5es e Outras Viol\u00eancias - Pontes Editores<\/title>\n<meta name=\"robots\" content=\"index, follow, max-snippet:-1, max-image-preview:large, max-video-preview:-1\" \/>\n<link rel=\"canonical\" href=\"https:\/\/ponteseditores.com.br\/loja3\/pontes-editores-home-2__trashed\/ebook\/lancamento-e-book\/prevencao-e-combate-aos-assedios-discriminacoes-e-outras-violencias\/\" \/>\n<meta property=\"og:locale\" content=\"pt_BR\" \/>\n<meta property=\"og:type\" content=\"article\" \/>\n<meta property=\"og:title\" content=\"Preven\u00e7\u00e3o e Combate aos Ass\u00e9dios, Discrimina\u00e7\u00f5es e Outras Viol\u00eancias - Pontes Editores\" \/>\n<meta property=\"og:description\" content=\"A cartilha Preven\u00e7\u00e3o e Combate aos Ass\u00e9dios, Discrimina\u00e7\u00f5es e Outras Viol\u00eancias \u00e9 uma iniciativa da Universidade de Bras\u00edlia (UnB) com o apoio da Editora Pontes, desenvolvida para promover um ambiente acad\u00eamico mais inclusivo, respeitoso e igualit\u00e1rio. Destinada a estudantes, docentes, servidores e toda a comunidade universit\u00e1ria, a obra aborda de forma clara e objetiva as [&hellip;]\" \/>\n<meta property=\"og:url\" content=\"https:\/\/ponteseditores.com.br\/loja3\/pontes-editores-home-2__trashed\/ebook\/lancamento-e-book\/prevencao-e-combate-aos-assedios-discriminacoes-e-outras-violencias\/\" \/>\n<meta property=\"og:site_name\" content=\"Pontes Editores\" \/>\n<meta property=\"og:image\" content=\"https:\/\/ponteseditores.com.br\/loja3\/wp-content\/uploads\/2025\/04\/Capa-Prevencao-e-Combate-Cartilha-1-Conceitos-Fundamentais.jpg\" \/>\n\t<meta property=\"og:image:width\" content=\"1748\" \/>\n\t<meta property=\"og:image:height\" content=\"2480\" \/>\n\t<meta property=\"og:image:type\" content=\"image\/jpeg\" \/>\n<meta name=\"twitter:card\" content=\"summary_large_image\" \/>\n<meta name=\"twitter:label1\" content=\"Est. tempo de leitura\" \/>\n\t<meta name=\"twitter:data1\" content=\"2 minutos\" \/>\n<script type=\"application\/ld+json\" class=\"yoast-schema-graph\">{\"@context\":\"https:\\\/\\\/schema.org\",\"@graph\":[{\"@type\":\"WebPage\",\"@id\":\"https:\\\/\\\/ponteseditores.com.br\\\/loja3\\\/pontes-editores-home-2__trashed\\\/ebook\\\/lancamento-e-book\\\/prevencao-e-combate-aos-assedios-discriminacoes-e-outras-violencias\\\/\",\"url\":\"https:\\\/\\\/ponteseditores.com.br\\\/loja3\\\/pontes-editores-home-2__trashed\\\/ebook\\\/lancamento-e-book\\\/prevencao-e-combate-aos-assedios-discriminacoes-e-outras-violencias\\\/\",\"name\":\"Preven\u00e7\u00e3o e Combate aos Ass\u00e9dios, Discrimina\u00e7\u00f5es e Outras Viol\u00eancias - Pontes Editores\",\"isPartOf\":{\"@id\":\"https:\\\/\\\/ponteseditores.com.br\\\/loja3\\\/#website\"},\"primaryImageOfPage\":{\"@id\":\"https:\\\/\\\/ponteseditores.com.br\\\/loja3\\\/pontes-editores-home-2__trashed\\\/ebook\\\/lancamento-e-book\\\/prevencao-e-combate-aos-assedios-discriminacoes-e-outras-violencias\\\/#primaryimage\"},\"image\":{\"@id\":\"https:\\\/\\\/ponteseditores.com.br\\\/loja3\\\/pontes-editores-home-2__trashed\\\/ebook\\\/lancamento-e-book\\\/prevencao-e-combate-aos-assedios-discriminacoes-e-outras-violencias\\\/#primaryimage\"},\"thumbnailUrl\":\"https:\\\/\\\/ponteseditores.com.br\\\/loja3\\\/wp-content\\\/uploads\\\/2025\\\/04\\\/Capa-Prevencao-e-Combate-Cartilha-1-Conceitos-Fundamentais.jpg\",\"datePublished\":\"2025-04-16T19:42:12+00:00\",\"breadcrumb\":{\"@id\":\"https:\\\/\\\/ponteseditores.com.br\\\/loja3\\\/pontes-editores-home-2__trashed\\\/ebook\\\/lancamento-e-book\\\/prevencao-e-combate-aos-assedios-discriminacoes-e-outras-violencias\\\/#breadcrumb\"},\"inLanguage\":\"pt-BR\",\"potentialAction\":[{\"@type\":\"ReadAction\",\"target\":[\"https:\\\/\\\/ponteseditores.com.br\\\/loja3\\\/pontes-editores-home-2__trashed\\\/ebook\\\/lancamento-e-book\\\/prevencao-e-combate-aos-assedios-discriminacoes-e-outras-violencias\\\/\"]}]},{\"@type\":\"ImageObject\",\"inLanguage\":\"pt-BR\",\"@id\":\"https:\\\/\\\/ponteseditores.com.br\\\/loja3\\\/pontes-editores-home-2__trashed\\\/ebook\\\/lancamento-e-book\\\/prevencao-e-combate-aos-assedios-discriminacoes-e-outras-violencias\\\/#primaryimage\",\"url\":\"https:\\\/\\\/ponteseditores.com.br\\\/loja3\\\/wp-content\\\/uploads\\\/2025\\\/04\\\/Capa-Prevencao-e-Combate-Cartilha-1-Conceitos-Fundamentais.jpg\",\"contentUrl\":\"https:\\\/\\\/ponteseditores.com.br\\\/loja3\\\/wp-content\\\/uploads\\\/2025\\\/04\\\/Capa-Prevencao-e-Combate-Cartilha-1-Conceitos-Fundamentais.jpg\",\"width\":1748,\"height\":2480},{\"@type\":\"BreadcrumbList\",\"@id\":\"https:\\\/\\\/ponteseditores.com.br\\\/loja3\\\/pontes-editores-home-2__trashed\\\/ebook\\\/lancamento-e-book\\\/prevencao-e-combate-aos-assedios-discriminacoes-e-outras-violencias\\\/#breadcrumb\",\"itemListElement\":[{\"@type\":\"ListItem\",\"position\":1,\"name\":\"Home\",\"item\":\"https:\\\/\\\/ponteseditores.com.br\\\/loja3\\\/\"},{\"@type\":\"ListItem\",\"position\":2,\"name\":\"loja\",\"item\":\"https:\\\/\\\/ponteseditores.com.br\\\/loja3\\\/loja\\\/\"},{\"@type\":\"ListItem\",\"position\":3,\"name\":\"Preven\u00e7\u00e3o e Combate aos Ass\u00e9dios, Discrimina\u00e7\u00f5es e Outras Viol\u00eancias\"}]},{\"@type\":\"WebSite\",\"@id\":\"https:\\\/\\\/ponteseditores.com.br\\\/loja3\\\/#website\",\"url\":\"https:\\\/\\\/ponteseditores.com.br\\\/loja3\\\/\",\"name\":\"Pontes Editores\",\"description\":\"Pontes Editores\",\"publisher\":{\"@id\":\"https:\\\/\\\/ponteseditores.com.br\\\/loja3\\\/#organization\"},\"potentialAction\":[{\"@type\":\"SearchAction\",\"target\":{\"@type\":\"EntryPoint\",\"urlTemplate\":\"https:\\\/\\\/ponteseditores.com.br\\\/loja3\\\/?s={search_term_string}\"},\"query-input\":{\"@type\":\"PropertyValueSpecification\",\"valueRequired\":true,\"valueName\":\"search_term_string\"}}],\"inLanguage\":\"pt-BR\"},{\"@type\":\"Organization\",\"@id\":\"https:\\\/\\\/ponteseditores.com.br\\\/loja3\\\/#organization\",\"name\":\"Pontes Editores\",\"url\":\"https:\\\/\\\/ponteseditores.com.br\\\/loja3\\\/\",\"logo\":{\"@type\":\"ImageObject\",\"inLanguage\":\"pt-BR\",\"@id\":\"https:\\\/\\\/ponteseditores.com.br\\\/loja3\\\/#\\\/schema\\\/logo\\\/image\\\/\",\"url\":\"https:\\\/\\\/ponteseditores.com.br\\\/loja3\\\/wp-content\\\/uploads\\\/2023\\\/12\\\/logo-pontes-editores-v2.png\",\"contentUrl\":\"https:\\\/\\\/ponteseditores.com.br\\\/loja3\\\/wp-content\\\/uploads\\\/2023\\\/12\\\/logo-pontes-editores-v2.png\",\"width\":258,\"height\":100,\"caption\":\"Pontes Editores\"},\"image\":{\"@id\":\"https:\\\/\\\/ponteseditores.com.br\\\/loja3\\\/#\\\/schema\\\/logo\\\/image\\\/\"}}]}<\/script>\n<!-- \/ Yoast SEO plugin. -->","yoast_head_json":{"title":"Preven\u00e7\u00e3o e Combate aos Ass\u00e9dios, Discrimina\u00e7\u00f5es e Outras Viol\u00eancias - Pontes Editores","robots":{"index":"index","follow":"follow","max-snippet":"max-snippet:-1","max-image-preview":"max-image-preview:large","max-video-preview":"max-video-preview:-1"},"canonical":"https:\/\/ponteseditores.com.br\/loja3\/pontes-editores-home-2__trashed\/ebook\/lancamento-e-book\/prevencao-e-combate-aos-assedios-discriminacoes-e-outras-violencias\/","og_locale":"pt_BR","og_type":"article","og_title":"Preven\u00e7\u00e3o e Combate aos Ass\u00e9dios, Discrimina\u00e7\u00f5es e Outras Viol\u00eancias - Pontes Editores","og_description":"A cartilha Preven\u00e7\u00e3o e Combate aos Ass\u00e9dios, Discrimina\u00e7\u00f5es e Outras Viol\u00eancias \u00e9 uma iniciativa da Universidade de Bras\u00edlia (UnB) com o apoio da Editora Pontes, desenvolvida para promover um ambiente acad\u00eamico mais inclusivo, respeitoso e igualit\u00e1rio. Destinada a estudantes, docentes, servidores e toda a comunidade universit\u00e1ria, a obra aborda de forma clara e objetiva as [&hellip;]","og_url":"https:\/\/ponteseditores.com.br\/loja3\/pontes-editores-home-2__trashed\/ebook\/lancamento-e-book\/prevencao-e-combate-aos-assedios-discriminacoes-e-outras-violencias\/","og_site_name":"Pontes Editores","og_image":[{"width":1748,"height":2480,"url":"https:\/\/ponteseditores.com.br\/loja3\/wp-content\/uploads\/2025\/04\/Capa-Prevencao-e-Combate-Cartilha-1-Conceitos-Fundamentais.jpg","type":"image\/jpeg"}],"twitter_card":"summary_large_image","twitter_misc":{"Est. tempo de leitura":"2 minutos"},"schema":{"@context":"https:\/\/schema.org","@graph":[{"@type":"WebPage","@id":"https:\/\/ponteseditores.com.br\/loja3\/pontes-editores-home-2__trashed\/ebook\/lancamento-e-book\/prevencao-e-combate-aos-assedios-discriminacoes-e-outras-violencias\/","url":"https:\/\/ponteseditores.com.br\/loja3\/pontes-editores-home-2__trashed\/ebook\/lancamento-e-book\/prevencao-e-combate-aos-assedios-discriminacoes-e-outras-violencias\/","name":"Preven\u00e7\u00e3o e Combate aos Ass\u00e9dios, Discrimina\u00e7\u00f5es e Outras Viol\u00eancias - Pontes Editores","isPartOf":{"@id":"https:\/\/ponteseditores.com.br\/loja3\/#website"},"primaryImageOfPage":{"@id":"https:\/\/ponteseditores.com.br\/loja3\/pontes-editores-home-2__trashed\/ebook\/lancamento-e-book\/prevencao-e-combate-aos-assedios-discriminacoes-e-outras-violencias\/#primaryimage"},"image":{"@id":"https:\/\/ponteseditores.com.br\/loja3\/pontes-editores-home-2__trashed\/ebook\/lancamento-e-book\/prevencao-e-combate-aos-assedios-discriminacoes-e-outras-violencias\/#primaryimage"},"thumbnailUrl":"https:\/\/ponteseditores.com.br\/loja3\/wp-content\/uploads\/2025\/04\/Capa-Prevencao-e-Combate-Cartilha-1-Conceitos-Fundamentais.jpg","datePublished":"2025-04-16T19:42:12+00:00","breadcrumb":{"@id":"https:\/\/ponteseditores.com.br\/loja3\/pontes-editores-home-2__trashed\/ebook\/lancamento-e-book\/prevencao-e-combate-aos-assedios-discriminacoes-e-outras-violencias\/#breadcrumb"},"inLanguage":"pt-BR","potentialAction":[{"@type":"ReadAction","target":["https:\/\/ponteseditores.com.br\/loja3\/pontes-editores-home-2__trashed\/ebook\/lancamento-e-book\/prevencao-e-combate-aos-assedios-discriminacoes-e-outras-violencias\/"]}]},{"@type":"ImageObject","inLanguage":"pt-BR","@id":"https:\/\/ponteseditores.com.br\/loja3\/pontes-editores-home-2__trashed\/ebook\/lancamento-e-book\/prevencao-e-combate-aos-assedios-discriminacoes-e-outras-violencias\/#primaryimage","url":"https:\/\/ponteseditores.com.br\/loja3\/wp-content\/uploads\/2025\/04\/Capa-Prevencao-e-Combate-Cartilha-1-Conceitos-Fundamentais.jpg","contentUrl":"https:\/\/ponteseditores.com.br\/loja3\/wp-content\/uploads\/2025\/04\/Capa-Prevencao-e-Combate-Cartilha-1-Conceitos-Fundamentais.jpg","width":1748,"height":2480},{"@type":"BreadcrumbList","@id":"https:\/\/ponteseditores.com.br\/loja3\/pontes-editores-home-2__trashed\/ebook\/lancamento-e-book\/prevencao-e-combate-aos-assedios-discriminacoes-e-outras-violencias\/#breadcrumb","itemListElement":[{"@type":"ListItem","position":1,"name":"Home","item":"https:\/\/ponteseditores.com.br\/loja3\/"},{"@type":"ListItem","position":2,"name":"loja","item":"https:\/\/ponteseditores.com.br\/loja3\/loja\/"},{"@type":"ListItem","position":3,"name":"Preven\u00e7\u00e3o e Combate aos Ass\u00e9dios, Discrimina\u00e7\u00f5es e Outras Viol\u00eancias"}]},{"@type":"WebSite","@id":"https:\/\/ponteseditores.com.br\/loja3\/#website","url":"https:\/\/ponteseditores.com.br\/loja3\/","name":"Pontes Editores","description":"Pontes Editores","publisher":{"@id":"https:\/\/ponteseditores.com.br\/loja3\/#organization"},"potentialAction":[{"@type":"SearchAction","target":{"@type":"EntryPoint","urlTemplate":"https:\/\/ponteseditores.com.br\/loja3\/?s={search_term_string}"},"query-input":{"@type":"PropertyValueSpecification","valueRequired":true,"valueName":"search_term_string"}}],"inLanguage":"pt-BR"},{"@type":"Organization","@id":"https:\/\/ponteseditores.com.br\/loja3\/#organization","name":"Pontes Editores","url":"https:\/\/ponteseditores.com.br\/loja3\/","logo":{"@type":"ImageObject","inLanguage":"pt-BR","@id":"https:\/\/ponteseditores.com.br\/loja3\/#\/schema\/logo\/image\/","url":"https:\/\/ponteseditores.com.br\/loja3\/wp-content\/uploads\/2023\/12\/logo-pontes-editores-v2.png","contentUrl":"https:\/\/ponteseditores.com.br\/loja3\/wp-content\/uploads\/2023\/12\/logo-pontes-editores-v2.png","width":258,"height":100,"caption":"Pontes Editores"},"image":{"@id":"https:\/\/ponteseditores.com.br\/loja3\/#\/schema\/logo\/image\/"}}]}},"_links":{"self":[{"href":"https:\/\/ponteseditores.com.br\/loja3\/wp-json\/wp\/v2\/product\/24590","targetHints":{"allow":["GET"]}}],"collection":[{"href":"https:\/\/ponteseditores.com.br\/loja3\/wp-json\/wp\/v2\/product"}],"about":[{"href":"https:\/\/ponteseditores.com.br\/loja3\/wp-json\/wp\/v2\/types\/product"}],"replies":[{"embeddable":true,"href":"https:\/\/ponteseditores.com.br\/loja3\/wp-json\/wp\/v2\/comments?post=24590"}],"version-history":[{"count":1,"href":"https:\/\/ponteseditores.com.br\/loja3\/wp-json\/wp\/v2\/product\/24590\/revisions"}],"predecessor-version":[{"id":24593,"href":"https:\/\/ponteseditores.com.br\/loja3\/wp-json\/wp\/v2\/product\/24590\/revisions\/24593"}],"wp:featuredmedia":[{"embeddable":true,"href":"https:\/\/ponteseditores.com.br\/loja3\/wp-json\/wp\/v2\/media\/24592"}],"wp:attachment":[{"href":"https:\/\/ponteseditores.com.br\/loja3\/wp-json\/wp\/v2\/media?parent=24590"}],"wp:term":[{"taxonomy":"product_brand","embeddable":true,"href":"https:\/\/ponteseditores.com.br\/loja3\/wp-json\/wp\/v2\/product_brand?post=24590"},{"taxonomy":"product_cat","embeddable":true,"href":"https:\/\/ponteseditores.com.br\/loja3\/wp-json\/wp\/v2\/product_cat?post=24590"},{"taxonomy":"product_tag","embeddable":true,"href":"https:\/\/ponteseditores.com.br\/loja3\/wp-json\/wp\/v2\/product_tag?post=24590"}],"curies":[{"name":"wp","href":"https:\/\/api.w.org\/{rel}","templated":true}]}}