{"id":23992,"date":"2025-04-04T12:00:55","date_gmt":"2025-04-04T15:00:55","guid":{"rendered":"https:\/\/ponteseditores.com.br\/loja3\/?post_type=product&#038;p=23992"},"modified":"2025-04-04T12:05:23","modified_gmt":"2025-04-04T15:05:23","slug":"campos-praticas-e-protocolos-de-pesquisa-em-analise-de-discurso-critica","status":"publish","type":"product","link":"https:\/\/ponteseditores.com.br\/loja3\/pontes-editores-home-2__trashed\/lancamento\/campos-praticas-e-protocolos-de-pesquisa-em-analise-de-discurso-critica\/","title":{"rendered":"Campos, pr\u00e1ticas e protocolos de pesquisa em an\u00e1lise de discurso cr\u00edtica"},"content":{"rendered":"<p>A An\u00e1lise de Discurso Cr\u00edtica (ADC) \u00e9 uma \u00e1rea de pesquisa multidisciplinar, que busca a compreens\u00e3o dos fen\u00f4menos da modernidade tardia e do discurso em processos de reprodu\u00e7\u00e3o e mudan\u00e7a social, em diferentes inst\u00e2ncias, sejam elas sociais, pol\u00edticas, educacionais, ideol\u00f3gicas, raciais, tecnol\u00f3gicas, entre outras. Nesse sentido, muitos\/as pesquisadores\/as utilizam de diferentes abordagens, conjugando-as \u00e0 An\u00e1lise de Discurso, a fim de promover a explana\u00e7\u00e3o dos fatos sociais em uma perspectiva lingu\u00edstica e cr\u00edtica.<\/p>\n<p>Pensando nisso, o presente livro tem por objetivo ilustrar poss\u00edveis \u00e1reas investigativas, fornecer orienta\u00e7\u00f5es pr\u00e1ticas acerca das escolhas metodol\u00f3gicas e anal\u00edticas, desvelar as hip\u00f3teses e o racioc\u00ednio, bem como, demonstrar exemplos de an\u00e1lises utilizando categorias e estrat\u00e9gias. Congregando \u201ccampos, pr\u00e1ticas e protocolos\u201d, esta obra nos fornece um panorama dos estudos que est\u00e3o sendo realizados no Brasil, com suporte da ADC, por diferentes pesquisadores e pesquisadoras que partilham um arcabou\u00e7o te\u00f3rico, mas que se diferem em temas e pr\u00e1ticas de an\u00e1lise.<\/p>\n","protected":false},"excerpt":{"rendered":"<p>A An\u00e1lise de Discurso Cr\u00edtica (ADC) \u00e9 uma \u00e1rea de pesquisa multidisciplinar, que busca a compreens\u00e3o dos fen\u00f4menos da modernidade tardia e do discurso em processos de reprodu\u00e7\u00e3o e mudan\u00e7a social, em diferentes inst\u00e2ncias, sejam elas sociais, pol\u00edticas, educacionais, ideol\u00f3gicas, raciais, tecnol\u00f3gicas, entre outras. Nesse sentido, muitos\/as pesquisadores\/as utilizam de diferentes abordagens, conjugando-as \u00e0 An\u00e1lise [&hellip;]<\/p>\n","protected":false},"featured_media":23993,"comment_status":"open","ping_status":"closed","template":"","meta":{"_joinchat":[]},"product_brand":[],"product_cat":[301,167],"product_tag":[],"class_list":{"0":"post-23992","1":"product","2":"type-product","3":"status-publish","4":"has-post-thumbnail","6":"product_cat-analise-de-discurso","7":"product_cat-lancamento","9":"first","10":"instock","11":"shipping-taxable","12":"purchasable","13":"product-type-simple"},"yoast_head":"<!-- This site is optimized with the Yoast SEO plugin v27.4 - https:\/\/yoast.com\/product\/yoast-seo-wordpress\/ -->\n<title>Campos, pr\u00e1ticas e protocolos de pesquisa em an\u00e1lise de discurso cr\u00edtica - Pontes Editores<\/title>\n<meta name=\"robots\" content=\"index, follow, max-snippet:-1, max-image-preview:large, max-video-preview:-1\" \/>\n<link rel=\"canonical\" href=\"https:\/\/ponteseditores.com.br\/loja3\/pontes-editores-home-2__trashed\/lancamento\/campos-praticas-e-protocolos-de-pesquisa-em-analise-de-discurso-critica\/\" \/>\n<meta property=\"og:locale\" content=\"pt_BR\" \/>\n<meta property=\"og:type\" content=\"article\" \/>\n<meta property=\"og:title\" content=\"Campos, pr\u00e1ticas e protocolos de pesquisa em an\u00e1lise de discurso cr\u00edtica - Pontes Editores\" \/>\n<meta property=\"og:description\" content=\"A An\u00e1lise de Discurso Cr\u00edtica (ADC) \u00e9 uma \u00e1rea de pesquisa multidisciplinar, que busca a compreens\u00e3o dos fen\u00f4menos da modernidade tardia e do discurso em processos de reprodu\u00e7\u00e3o e mudan\u00e7a social, em diferentes inst\u00e2ncias, sejam elas sociais, pol\u00edticas, educacionais, ideol\u00f3gicas, raciais, tecnol\u00f3gicas, entre outras. Nesse sentido, muitos\/as pesquisadores\/as utilizam de diferentes abordagens, conjugando-as \u00e0 An\u00e1lise [&hellip;]\" \/>\n<meta property=\"og:url\" content=\"https:\/\/ponteseditores.com.br\/loja3\/pontes-editores-home-2__trashed\/lancamento\/campos-praticas-e-protocolos-de-pesquisa-em-analise-de-discurso-critica\/\" \/>\n<meta property=\"og:site_name\" content=\"Pontes Editores\" \/>\n<meta property=\"article:modified_time\" content=\"2025-04-04T15:05:23+00:00\" \/>\n<meta property=\"og:image\" content=\"https:\/\/ponteseditores.com.br\/loja3\/wp-content\/uploads\/2025\/04\/Capa_Campos-Praticas-scaled.jpg\" \/>\n\t<meta property=\"og:image:width\" content=\"1767\" \/>\n\t<meta property=\"og:image:height\" content=\"2560\" \/>\n\t<meta property=\"og:image:type\" content=\"image\/jpeg\" \/>\n<meta name=\"twitter:card\" content=\"summary_large_image\" \/>\n<meta name=\"twitter:label1\" content=\"Est. tempo de leitura\" \/>\n\t<meta name=\"twitter:data1\" content=\"2 minutos\" \/>\n<script type=\"application\/ld+json\" class=\"yoast-schema-graph\">{\"@context\":\"https:\\\/\\\/schema.org\",\"@graph\":[{\"@type\":\"WebPage\",\"@id\":\"https:\\\/\\\/ponteseditores.com.br\\\/loja3\\\/pontes-editores-home-2__trashed\\\/lancamento\\\/campos-praticas-e-protocolos-de-pesquisa-em-analise-de-discurso-critica\\\/\",\"url\":\"https:\\\/\\\/ponteseditores.com.br\\\/loja3\\\/pontes-editores-home-2__trashed\\\/lancamento\\\/campos-praticas-e-protocolos-de-pesquisa-em-analise-de-discurso-critica\\\/\",\"name\":\"Campos, pr\u00e1ticas e protocolos de pesquisa em an\u00e1lise de discurso cr\u00edtica - Pontes Editores\",\"isPartOf\":{\"@id\":\"https:\\\/\\\/ponteseditores.com.br\\\/loja3\\\/#website\"},\"primaryImageOfPage\":{\"@id\":\"https:\\\/\\\/ponteseditores.com.br\\\/loja3\\\/pontes-editores-home-2__trashed\\\/lancamento\\\/campos-praticas-e-protocolos-de-pesquisa-em-analise-de-discurso-critica\\\/#primaryimage\"},\"image\":{\"@id\":\"https:\\\/\\\/ponteseditores.com.br\\\/loja3\\\/pontes-editores-home-2__trashed\\\/lancamento\\\/campos-praticas-e-protocolos-de-pesquisa-em-analise-de-discurso-critica\\\/#primaryimage\"},\"thumbnailUrl\":\"https:\\\/\\\/ponteseditores.com.br\\\/loja3\\\/wp-content\\\/uploads\\\/2025\\\/04\\\/Capa_Campos-Praticas-scaled.jpg\",\"datePublished\":\"2025-04-04T15:00:55+00:00\",\"dateModified\":\"2025-04-04T15:05:23+00:00\",\"breadcrumb\":{\"@id\":\"https:\\\/\\\/ponteseditores.com.br\\\/loja3\\\/pontes-editores-home-2__trashed\\\/lancamento\\\/campos-praticas-e-protocolos-de-pesquisa-em-analise-de-discurso-critica\\\/#breadcrumb\"},\"inLanguage\":\"pt-BR\",\"potentialAction\":[{\"@type\":\"ReadAction\",\"target\":[\"https:\\\/\\\/ponteseditores.com.br\\\/loja3\\\/pontes-editores-home-2__trashed\\\/lancamento\\\/campos-praticas-e-protocolos-de-pesquisa-em-analise-de-discurso-critica\\\/\"]}]},{\"@type\":\"ImageObject\",\"inLanguage\":\"pt-BR\",\"@id\":\"https:\\\/\\\/ponteseditores.com.br\\\/loja3\\\/pontes-editores-home-2__trashed\\\/lancamento\\\/campos-praticas-e-protocolos-de-pesquisa-em-analise-de-discurso-critica\\\/#primaryimage\",\"url\":\"https:\\\/\\\/ponteseditores.com.br\\\/loja3\\\/wp-content\\\/uploads\\\/2025\\\/04\\\/Capa_Campos-Praticas-scaled.jpg\",\"contentUrl\":\"https:\\\/\\\/ponteseditores.com.br\\\/loja3\\\/wp-content\\\/uploads\\\/2025\\\/04\\\/Capa_Campos-Praticas-scaled.jpg\",\"width\":1767,\"height\":2560},{\"@type\":\"BreadcrumbList\",\"@id\":\"https:\\\/\\\/ponteseditores.com.br\\\/loja3\\\/pontes-editores-home-2__trashed\\\/lancamento\\\/campos-praticas-e-protocolos-de-pesquisa-em-analise-de-discurso-critica\\\/#breadcrumb\",\"itemListElement\":[{\"@type\":\"ListItem\",\"position\":1,\"name\":\"Home\",\"item\":\"https:\\\/\\\/ponteseditores.com.br\\\/loja3\\\/\"},{\"@type\":\"ListItem\",\"position\":2,\"name\":\"loja\",\"item\":\"https:\\\/\\\/ponteseditores.com.br\\\/loja3\\\/loja\\\/\"},{\"@type\":\"ListItem\",\"position\":3,\"name\":\"Campos, pr\u00e1ticas e protocolos de pesquisa em an\u00e1lise de discurso cr\u00edtica\"}]},{\"@type\":\"WebSite\",\"@id\":\"https:\\\/\\\/ponteseditores.com.br\\\/loja3\\\/#website\",\"url\":\"https:\\\/\\\/ponteseditores.com.br\\\/loja3\\\/\",\"name\":\"Pontes Editores\",\"description\":\"Pontes Editores\",\"publisher\":{\"@id\":\"https:\\\/\\\/ponteseditores.com.br\\\/loja3\\\/#organization\"},\"potentialAction\":[{\"@type\":\"SearchAction\",\"target\":{\"@type\":\"EntryPoint\",\"urlTemplate\":\"https:\\\/\\\/ponteseditores.com.br\\\/loja3\\\/?s={search_term_string}\"},\"query-input\":{\"@type\":\"PropertyValueSpecification\",\"valueRequired\":true,\"valueName\":\"search_term_string\"}}],\"inLanguage\":\"pt-BR\"},{\"@type\":\"Organization\",\"@id\":\"https:\\\/\\\/ponteseditores.com.br\\\/loja3\\\/#organization\",\"name\":\"Pontes Editores\",\"url\":\"https:\\\/\\\/ponteseditores.com.br\\\/loja3\\\/\",\"logo\":{\"@type\":\"ImageObject\",\"inLanguage\":\"pt-BR\",\"@id\":\"https:\\\/\\\/ponteseditores.com.br\\\/loja3\\\/#\\\/schema\\\/logo\\\/image\\\/\",\"url\":\"https:\\\/\\\/ponteseditores.com.br\\\/loja3\\\/wp-content\\\/uploads\\\/2023\\\/12\\\/logo-pontes-editores-v2.png\",\"contentUrl\":\"https:\\\/\\\/ponteseditores.com.br\\\/loja3\\\/wp-content\\\/uploads\\\/2023\\\/12\\\/logo-pontes-editores-v2.png\",\"width\":258,\"height\":100,\"caption\":\"Pontes Editores\"},\"image\":{\"@id\":\"https:\\\/\\\/ponteseditores.com.br\\\/loja3\\\/#\\\/schema\\\/logo\\\/image\\\/\"}}]}<\/script>\n<!-- \/ Yoast SEO plugin. -->","yoast_head_json":{"title":"Campos, pr\u00e1ticas e protocolos de pesquisa em an\u00e1lise de discurso cr\u00edtica - Pontes Editores","robots":{"index":"index","follow":"follow","max-snippet":"max-snippet:-1","max-image-preview":"max-image-preview:large","max-video-preview":"max-video-preview:-1"},"canonical":"https:\/\/ponteseditores.com.br\/loja3\/pontes-editores-home-2__trashed\/lancamento\/campos-praticas-e-protocolos-de-pesquisa-em-analise-de-discurso-critica\/","og_locale":"pt_BR","og_type":"article","og_title":"Campos, pr\u00e1ticas e protocolos de pesquisa em an\u00e1lise de discurso cr\u00edtica - Pontes Editores","og_description":"A An\u00e1lise de Discurso Cr\u00edtica (ADC) \u00e9 uma \u00e1rea de pesquisa multidisciplinar, que busca a compreens\u00e3o dos fen\u00f4menos da modernidade tardia e do discurso em processos de reprodu\u00e7\u00e3o e mudan\u00e7a social, em diferentes inst\u00e2ncias, sejam elas sociais, pol\u00edticas, educacionais, ideol\u00f3gicas, raciais, tecnol\u00f3gicas, entre outras. Nesse sentido, muitos\/as pesquisadores\/as utilizam de diferentes abordagens, conjugando-as \u00e0 An\u00e1lise [&hellip;]","og_url":"https:\/\/ponteseditores.com.br\/loja3\/pontes-editores-home-2__trashed\/lancamento\/campos-praticas-e-protocolos-de-pesquisa-em-analise-de-discurso-critica\/","og_site_name":"Pontes Editores","article_modified_time":"2025-04-04T15:05:23+00:00","og_image":[{"width":1767,"height":2560,"url":"https:\/\/ponteseditores.com.br\/loja3\/wp-content\/uploads\/2025\/04\/Capa_Campos-Praticas-scaled.jpg","type":"image\/jpeg"}],"twitter_card":"summary_large_image","twitter_misc":{"Est. tempo de leitura":"2 minutos"},"schema":{"@context":"https:\/\/schema.org","@graph":[{"@type":"WebPage","@id":"https:\/\/ponteseditores.com.br\/loja3\/pontes-editores-home-2__trashed\/lancamento\/campos-praticas-e-protocolos-de-pesquisa-em-analise-de-discurso-critica\/","url":"https:\/\/ponteseditores.com.br\/loja3\/pontes-editores-home-2__trashed\/lancamento\/campos-praticas-e-protocolos-de-pesquisa-em-analise-de-discurso-critica\/","name":"Campos, pr\u00e1ticas e protocolos de pesquisa em an\u00e1lise de discurso cr\u00edtica - Pontes Editores","isPartOf":{"@id":"https:\/\/ponteseditores.com.br\/loja3\/#website"},"primaryImageOfPage":{"@id":"https:\/\/ponteseditores.com.br\/loja3\/pontes-editores-home-2__trashed\/lancamento\/campos-praticas-e-protocolos-de-pesquisa-em-analise-de-discurso-critica\/#primaryimage"},"image":{"@id":"https:\/\/ponteseditores.com.br\/loja3\/pontes-editores-home-2__trashed\/lancamento\/campos-praticas-e-protocolos-de-pesquisa-em-analise-de-discurso-critica\/#primaryimage"},"thumbnailUrl":"https:\/\/ponteseditores.com.br\/loja3\/wp-content\/uploads\/2025\/04\/Capa_Campos-Praticas-scaled.jpg","datePublished":"2025-04-04T15:00:55+00:00","dateModified":"2025-04-04T15:05:23+00:00","breadcrumb":{"@id":"https:\/\/ponteseditores.com.br\/loja3\/pontes-editores-home-2__trashed\/lancamento\/campos-praticas-e-protocolos-de-pesquisa-em-analise-de-discurso-critica\/#breadcrumb"},"inLanguage":"pt-BR","potentialAction":[{"@type":"ReadAction","target":["https:\/\/ponteseditores.com.br\/loja3\/pontes-editores-home-2__trashed\/lancamento\/campos-praticas-e-protocolos-de-pesquisa-em-analise-de-discurso-critica\/"]}]},{"@type":"ImageObject","inLanguage":"pt-BR","@id":"https:\/\/ponteseditores.com.br\/loja3\/pontes-editores-home-2__trashed\/lancamento\/campos-praticas-e-protocolos-de-pesquisa-em-analise-de-discurso-critica\/#primaryimage","url":"https:\/\/ponteseditores.com.br\/loja3\/wp-content\/uploads\/2025\/04\/Capa_Campos-Praticas-scaled.jpg","contentUrl":"https:\/\/ponteseditores.com.br\/loja3\/wp-content\/uploads\/2025\/04\/Capa_Campos-Praticas-scaled.jpg","width":1767,"height":2560},{"@type":"BreadcrumbList","@id":"https:\/\/ponteseditores.com.br\/loja3\/pontes-editores-home-2__trashed\/lancamento\/campos-praticas-e-protocolos-de-pesquisa-em-analise-de-discurso-critica\/#breadcrumb","itemListElement":[{"@type":"ListItem","position":1,"name":"Home","item":"https:\/\/ponteseditores.com.br\/loja3\/"},{"@type":"ListItem","position":2,"name":"loja","item":"https:\/\/ponteseditores.com.br\/loja3\/loja\/"},{"@type":"ListItem","position":3,"name":"Campos, pr\u00e1ticas e protocolos de pesquisa em an\u00e1lise de discurso cr\u00edtica"}]},{"@type":"WebSite","@id":"https:\/\/ponteseditores.com.br\/loja3\/#website","url":"https:\/\/ponteseditores.com.br\/loja3\/","name":"Pontes Editores","description":"Pontes Editores","publisher":{"@id":"https:\/\/ponteseditores.com.br\/loja3\/#organization"},"potentialAction":[{"@type":"SearchAction","target":{"@type":"EntryPoint","urlTemplate":"https:\/\/ponteseditores.com.br\/loja3\/?s={search_term_string}"},"query-input":{"@type":"PropertyValueSpecification","valueRequired":true,"valueName":"search_term_string"}}],"inLanguage":"pt-BR"},{"@type":"Organization","@id":"https:\/\/ponteseditores.com.br\/loja3\/#organization","name":"Pontes Editores","url":"https:\/\/ponteseditores.com.br\/loja3\/","logo":{"@type":"ImageObject","inLanguage":"pt-BR","@id":"https:\/\/ponteseditores.com.br\/loja3\/#\/schema\/logo\/image\/","url":"https:\/\/ponteseditores.com.br\/loja3\/wp-content\/uploads\/2023\/12\/logo-pontes-editores-v2.png","contentUrl":"https:\/\/ponteseditores.com.br\/loja3\/wp-content\/uploads\/2023\/12\/logo-pontes-editores-v2.png","width":258,"height":100,"caption":"Pontes Editores"},"image":{"@id":"https:\/\/ponteseditores.com.br\/loja3\/#\/schema\/logo\/image\/"}}]}},"_links":{"self":[{"href":"https:\/\/ponteseditores.com.br\/loja3\/wp-json\/wp\/v2\/product\/23992","targetHints":{"allow":["GET"]}}],"collection":[{"href":"https:\/\/ponteseditores.com.br\/loja3\/wp-json\/wp\/v2\/product"}],"about":[{"href":"https:\/\/ponteseditores.com.br\/loja3\/wp-json\/wp\/v2\/types\/product"}],"replies":[{"embeddable":true,"href":"https:\/\/ponteseditores.com.br\/loja3\/wp-json\/wp\/v2\/comments?post=23992"}],"version-history":[{"count":2,"href":"https:\/\/ponteseditores.com.br\/loja3\/wp-json\/wp\/v2\/product\/23992\/revisions"}],"predecessor-version":[{"id":23997,"href":"https:\/\/ponteseditores.com.br\/loja3\/wp-json\/wp\/v2\/product\/23992\/revisions\/23997"}],"wp:featuredmedia":[{"embeddable":true,"href":"https:\/\/ponteseditores.com.br\/loja3\/wp-json\/wp\/v2\/media\/23993"}],"wp:attachment":[{"href":"https:\/\/ponteseditores.com.br\/loja3\/wp-json\/wp\/v2\/media?parent=23992"}],"wp:term":[{"taxonomy":"product_brand","embeddable":true,"href":"https:\/\/ponteseditores.com.br\/loja3\/wp-json\/wp\/v2\/product_brand?post=23992"},{"taxonomy":"product_cat","embeddable":true,"href":"https:\/\/ponteseditores.com.br\/loja3\/wp-json\/wp\/v2\/product_cat?post=23992"},{"taxonomy":"product_tag","embeddable":true,"href":"https:\/\/ponteseditores.com.br\/loja3\/wp-json\/wp\/v2\/product_tag?post=23992"}],"curies":[{"name":"wp","href":"https:\/\/api.w.org\/{rel}","templated":true}]}}