{"id":23889,"date":"2025-04-02T14:25:45","date_gmt":"2025-04-02T17:25:45","guid":{"rendered":"https:\/\/ponteseditores.com.br\/loja3\/?post_type=product&#038;p=23889"},"modified":"2025-04-02T14:25:45","modified_gmt":"2025-04-02T17:25:45","slug":"iconografias-criolla-gaucha-e-caipira-documentando-redes-pelo-sul-global","status":"publish","type":"product","link":"https:\/\/ponteseditores.com.br\/loja3\/pontes-editores-home-2__trashed\/ebook\/lancamento-e-book\/iconografias-criolla-gaucha-e-caipira-documentando-redes-pelo-sul-global\/","title":{"rendered":"Iconografias criolla, ga\u00facha e caipira: documentando redes pelo Sul Global"},"content":{"rendered":"<p>\u201cCinco anos n\u00e3o s\u00e3o mais que um suspiro mas, para uma equipe multidisciplinar, foram intensos. O tempo se desdobrou em diversas frentes: ensino, pesquisa, extens\u00e3o. Uma pergunta martelava: quem \u00e9ramos, como funcion\u00e1vamos? Nomes como Abya Yala, NuestrAmerica e Am\u00e9frica Ladina pouco diziam, por\u00e9m suas complexidades ecoavam em nossos pensamentos. Ra\u00edzes abertas, contribui\u00e7\u00f5es acad\u00eamicas e uma paix\u00e3o que queimava como um f\u00f3sforo em noite sem lua. A pluralidade e a diferen\u00e7a eram nossas companheiras de jornada, sonhos de justi\u00e7a nos guiavam. Sonhamos com uma Academia que olhe para o mundo n\u00e3o do topo, mas de baixo, de onde a vida realmente pulsa. Registrar tudo isso foi uma necessidade urgente: horas de entrevistas, cliques incessantes de fotografias.<\/p>\n<p>A mem\u00f3ria se fez carne, e aprendemos a calibrar nossas percep\u00e7\u00f5es. Agora, o que temos nas m\u00e3os? Uma obra, oito registros. Nela, uma parte do material que coletamos e nossos coment\u00e1rios \u2014 fragmentos de um labirinto que tentamos desvendar. \u00c9 um convite \u00e0 comunidade leitora, um apelo para que se aproximem das perguntas que levantamos e dos frutos que maturaram dentro do projeto COPBRASS.<\/p>\n<p>Que acreditem na coopera\u00e7\u00e3o Brasil &#8211; Sul &#8211; Sur, porque n\u00f3s, na pulsa\u00e7\u00e3o da vida, encontramos raz\u00f5es para continuar acreditando.\u201d<\/p>\n","protected":false},"excerpt":{"rendered":"<p>\u201cCinco anos n\u00e3o s\u00e3o mais que um suspiro mas, para uma equipe multidisciplinar, foram intensos. O tempo se desdobrou em diversas frentes: ensino, pesquisa, extens\u00e3o. Uma pergunta martelava: quem \u00e9ramos, como funcion\u00e1vamos? Nomes como Abya Yala, NuestrAmerica e Am\u00e9frica Ladina pouco diziam, por\u00e9m suas complexidades ecoavam em nossos pensamentos. Ra\u00edzes abertas, contribui\u00e7\u00f5es acad\u00eamicas e uma [&hellip;]<\/p>\n","protected":false},"featured_media":23891,"comment_status":"open","ping_status":"closed","template":"","meta":{"_joinchat":[]},"product_brand":[],"product_cat":[165,386],"product_tag":[],"class_list":{"0":"post-23889","1":"product","2":"type-product","3":"status-publish","4":"has-post-thumbnail","6":"product_cat-ebook","7":"product_cat-lancamento-e-book","9":"first","10":"instock","11":"downloadable","12":"virtual","13":"purchasable","14":"product-type-simple"},"yoast_head":"<!-- This site is optimized with the Yoast SEO plugin v27.4 - https:\/\/yoast.com\/product\/yoast-seo-wordpress\/ -->\n<title>Iconografias criolla, ga\u00facha e caipira: documentando redes pelo Sul Global - Pontes Editores<\/title>\n<meta name=\"robots\" content=\"index, follow, max-snippet:-1, max-image-preview:large, max-video-preview:-1\" \/>\n<link rel=\"canonical\" href=\"https:\/\/ponteseditores.com.br\/loja3\/pontes-editores-home-2__trashed\/ebook\/lancamento-e-book\/iconografias-criolla-gaucha-e-caipira-documentando-redes-pelo-sul-global\/\" \/>\n<meta property=\"og:locale\" content=\"pt_BR\" \/>\n<meta property=\"og:type\" content=\"article\" \/>\n<meta property=\"og:title\" content=\"Iconografias criolla, ga\u00facha e caipira: documentando redes pelo Sul Global - Pontes Editores\" \/>\n<meta property=\"og:description\" content=\"\u201cCinco anos n\u00e3o s\u00e3o mais que um suspiro mas, para uma equipe multidisciplinar, foram intensos. O tempo se desdobrou em diversas frentes: ensino, pesquisa, extens\u00e3o. Uma pergunta martelava: quem \u00e9ramos, como funcion\u00e1vamos? Nomes como Abya Yala, NuestrAmerica e Am\u00e9frica Ladina pouco diziam, por\u00e9m suas complexidades ecoavam em nossos pensamentos. Ra\u00edzes abertas, contribui\u00e7\u00f5es acad\u00eamicas e uma [&hellip;]\" \/>\n<meta property=\"og:url\" content=\"https:\/\/ponteseditores.com.br\/loja3\/pontes-editores-home-2__trashed\/ebook\/lancamento-e-book\/iconografias-criolla-gaucha-e-caipira-documentando-redes-pelo-sul-global\/\" \/>\n<meta property=\"og:site_name\" content=\"Pontes Editores\" \/>\n<meta property=\"og:image\" content=\"https:\/\/ponteseditores.com.br\/loja3\/wp-content\/uploads\/2025\/04\/Capa_Iconografias-scaled.jpg\" \/>\n\t<meta property=\"og:image:width\" content=\"1767\" \/>\n\t<meta property=\"og:image:height\" content=\"2560\" \/>\n\t<meta property=\"og:image:type\" content=\"image\/jpeg\" \/>\n<meta name=\"twitter:card\" content=\"summary_large_image\" \/>\n<meta name=\"twitter:label1\" content=\"Est. tempo de leitura\" \/>\n\t<meta name=\"twitter:data1\" content=\"2 minutos\" \/>\n<script type=\"application\/ld+json\" class=\"yoast-schema-graph\">{\"@context\":\"https:\\\/\\\/schema.org\",\"@graph\":[{\"@type\":\"WebPage\",\"@id\":\"https:\\\/\\\/ponteseditores.com.br\\\/loja3\\\/pontes-editores-home-2__trashed\\\/ebook\\\/lancamento-e-book\\\/iconografias-criolla-gaucha-e-caipira-documentando-redes-pelo-sul-global\\\/\",\"url\":\"https:\\\/\\\/ponteseditores.com.br\\\/loja3\\\/pontes-editores-home-2__trashed\\\/ebook\\\/lancamento-e-book\\\/iconografias-criolla-gaucha-e-caipira-documentando-redes-pelo-sul-global\\\/\",\"name\":\"Iconografias criolla, ga\u00facha e caipira: documentando redes pelo Sul Global - Pontes Editores\",\"isPartOf\":{\"@id\":\"https:\\\/\\\/ponteseditores.com.br\\\/loja3\\\/#website\"},\"primaryImageOfPage\":{\"@id\":\"https:\\\/\\\/ponteseditores.com.br\\\/loja3\\\/pontes-editores-home-2__trashed\\\/ebook\\\/lancamento-e-book\\\/iconografias-criolla-gaucha-e-caipira-documentando-redes-pelo-sul-global\\\/#primaryimage\"},\"image\":{\"@id\":\"https:\\\/\\\/ponteseditores.com.br\\\/loja3\\\/pontes-editores-home-2__trashed\\\/ebook\\\/lancamento-e-book\\\/iconografias-criolla-gaucha-e-caipira-documentando-redes-pelo-sul-global\\\/#primaryimage\"},\"thumbnailUrl\":\"https:\\\/\\\/ponteseditores.com.br\\\/loja3\\\/wp-content\\\/uploads\\\/2025\\\/04\\\/Capa_Iconografias-scaled.jpg\",\"datePublished\":\"2025-04-02T17:25:45+00:00\",\"breadcrumb\":{\"@id\":\"https:\\\/\\\/ponteseditores.com.br\\\/loja3\\\/pontes-editores-home-2__trashed\\\/ebook\\\/lancamento-e-book\\\/iconografias-criolla-gaucha-e-caipira-documentando-redes-pelo-sul-global\\\/#breadcrumb\"},\"inLanguage\":\"pt-BR\",\"potentialAction\":[{\"@type\":\"ReadAction\",\"target\":[\"https:\\\/\\\/ponteseditores.com.br\\\/loja3\\\/pontes-editores-home-2__trashed\\\/ebook\\\/lancamento-e-book\\\/iconografias-criolla-gaucha-e-caipira-documentando-redes-pelo-sul-global\\\/\"]}]},{\"@type\":\"ImageObject\",\"inLanguage\":\"pt-BR\",\"@id\":\"https:\\\/\\\/ponteseditores.com.br\\\/loja3\\\/pontes-editores-home-2__trashed\\\/ebook\\\/lancamento-e-book\\\/iconografias-criolla-gaucha-e-caipira-documentando-redes-pelo-sul-global\\\/#primaryimage\",\"url\":\"https:\\\/\\\/ponteseditores.com.br\\\/loja3\\\/wp-content\\\/uploads\\\/2025\\\/04\\\/Capa_Iconografias-scaled.jpg\",\"contentUrl\":\"https:\\\/\\\/ponteseditores.com.br\\\/loja3\\\/wp-content\\\/uploads\\\/2025\\\/04\\\/Capa_Iconografias-scaled.jpg\",\"width\":1767,\"height\":2560},{\"@type\":\"BreadcrumbList\",\"@id\":\"https:\\\/\\\/ponteseditores.com.br\\\/loja3\\\/pontes-editores-home-2__trashed\\\/ebook\\\/lancamento-e-book\\\/iconografias-criolla-gaucha-e-caipira-documentando-redes-pelo-sul-global\\\/#breadcrumb\",\"itemListElement\":[{\"@type\":\"ListItem\",\"position\":1,\"name\":\"Home\",\"item\":\"https:\\\/\\\/ponteseditores.com.br\\\/loja3\\\/\"},{\"@type\":\"ListItem\",\"position\":2,\"name\":\"loja\",\"item\":\"https:\\\/\\\/ponteseditores.com.br\\\/loja3\\\/loja\\\/\"},{\"@type\":\"ListItem\",\"position\":3,\"name\":\"Iconografias criolla, ga\u00facha e caipira: documentando redes pelo Sul Global\"}]},{\"@type\":\"WebSite\",\"@id\":\"https:\\\/\\\/ponteseditores.com.br\\\/loja3\\\/#website\",\"url\":\"https:\\\/\\\/ponteseditores.com.br\\\/loja3\\\/\",\"name\":\"Pontes Editores\",\"description\":\"Pontes Editores\",\"publisher\":{\"@id\":\"https:\\\/\\\/ponteseditores.com.br\\\/loja3\\\/#organization\"},\"potentialAction\":[{\"@type\":\"SearchAction\",\"target\":{\"@type\":\"EntryPoint\",\"urlTemplate\":\"https:\\\/\\\/ponteseditores.com.br\\\/loja3\\\/?s={search_term_string}\"},\"query-input\":{\"@type\":\"PropertyValueSpecification\",\"valueRequired\":true,\"valueName\":\"search_term_string\"}}],\"inLanguage\":\"pt-BR\"},{\"@type\":\"Organization\",\"@id\":\"https:\\\/\\\/ponteseditores.com.br\\\/loja3\\\/#organization\",\"name\":\"Pontes Editores\",\"url\":\"https:\\\/\\\/ponteseditores.com.br\\\/loja3\\\/\",\"logo\":{\"@type\":\"ImageObject\",\"inLanguage\":\"pt-BR\",\"@id\":\"https:\\\/\\\/ponteseditores.com.br\\\/loja3\\\/#\\\/schema\\\/logo\\\/image\\\/\",\"url\":\"https:\\\/\\\/ponteseditores.com.br\\\/loja3\\\/wp-content\\\/uploads\\\/2023\\\/12\\\/logo-pontes-editores-v2.png\",\"contentUrl\":\"https:\\\/\\\/ponteseditores.com.br\\\/loja3\\\/wp-content\\\/uploads\\\/2023\\\/12\\\/logo-pontes-editores-v2.png\",\"width\":258,\"height\":100,\"caption\":\"Pontes Editores\"},\"image\":{\"@id\":\"https:\\\/\\\/ponteseditores.com.br\\\/loja3\\\/#\\\/schema\\\/logo\\\/image\\\/\"}}]}<\/script>\n<!-- \/ Yoast SEO plugin. -->","yoast_head_json":{"title":"Iconografias criolla, ga\u00facha e caipira: documentando redes pelo Sul Global - Pontes Editores","robots":{"index":"index","follow":"follow","max-snippet":"max-snippet:-1","max-image-preview":"max-image-preview:large","max-video-preview":"max-video-preview:-1"},"canonical":"https:\/\/ponteseditores.com.br\/loja3\/pontes-editores-home-2__trashed\/ebook\/lancamento-e-book\/iconografias-criolla-gaucha-e-caipira-documentando-redes-pelo-sul-global\/","og_locale":"pt_BR","og_type":"article","og_title":"Iconografias criolla, ga\u00facha e caipira: documentando redes pelo Sul Global - Pontes Editores","og_description":"\u201cCinco anos n\u00e3o s\u00e3o mais que um suspiro mas, para uma equipe multidisciplinar, foram intensos. O tempo se desdobrou em diversas frentes: ensino, pesquisa, extens\u00e3o. Uma pergunta martelava: quem \u00e9ramos, como funcion\u00e1vamos? Nomes como Abya Yala, NuestrAmerica e Am\u00e9frica Ladina pouco diziam, por\u00e9m suas complexidades ecoavam em nossos pensamentos. Ra\u00edzes abertas, contribui\u00e7\u00f5es acad\u00eamicas e uma [&hellip;]","og_url":"https:\/\/ponteseditores.com.br\/loja3\/pontes-editores-home-2__trashed\/ebook\/lancamento-e-book\/iconografias-criolla-gaucha-e-caipira-documentando-redes-pelo-sul-global\/","og_site_name":"Pontes Editores","og_image":[{"width":1767,"height":2560,"url":"https:\/\/ponteseditores.com.br\/loja3\/wp-content\/uploads\/2025\/04\/Capa_Iconografias-scaled.jpg","type":"image\/jpeg"}],"twitter_card":"summary_large_image","twitter_misc":{"Est. tempo de leitura":"2 minutos"},"schema":{"@context":"https:\/\/schema.org","@graph":[{"@type":"WebPage","@id":"https:\/\/ponteseditores.com.br\/loja3\/pontes-editores-home-2__trashed\/ebook\/lancamento-e-book\/iconografias-criolla-gaucha-e-caipira-documentando-redes-pelo-sul-global\/","url":"https:\/\/ponteseditores.com.br\/loja3\/pontes-editores-home-2__trashed\/ebook\/lancamento-e-book\/iconografias-criolla-gaucha-e-caipira-documentando-redes-pelo-sul-global\/","name":"Iconografias criolla, ga\u00facha e caipira: documentando redes pelo Sul Global - Pontes Editores","isPartOf":{"@id":"https:\/\/ponteseditores.com.br\/loja3\/#website"},"primaryImageOfPage":{"@id":"https:\/\/ponteseditores.com.br\/loja3\/pontes-editores-home-2__trashed\/ebook\/lancamento-e-book\/iconografias-criolla-gaucha-e-caipira-documentando-redes-pelo-sul-global\/#primaryimage"},"image":{"@id":"https:\/\/ponteseditores.com.br\/loja3\/pontes-editores-home-2__trashed\/ebook\/lancamento-e-book\/iconografias-criolla-gaucha-e-caipira-documentando-redes-pelo-sul-global\/#primaryimage"},"thumbnailUrl":"https:\/\/ponteseditores.com.br\/loja3\/wp-content\/uploads\/2025\/04\/Capa_Iconografias-scaled.jpg","datePublished":"2025-04-02T17:25:45+00:00","breadcrumb":{"@id":"https:\/\/ponteseditores.com.br\/loja3\/pontes-editores-home-2__trashed\/ebook\/lancamento-e-book\/iconografias-criolla-gaucha-e-caipira-documentando-redes-pelo-sul-global\/#breadcrumb"},"inLanguage":"pt-BR","potentialAction":[{"@type":"ReadAction","target":["https:\/\/ponteseditores.com.br\/loja3\/pontes-editores-home-2__trashed\/ebook\/lancamento-e-book\/iconografias-criolla-gaucha-e-caipira-documentando-redes-pelo-sul-global\/"]}]},{"@type":"ImageObject","inLanguage":"pt-BR","@id":"https:\/\/ponteseditores.com.br\/loja3\/pontes-editores-home-2__trashed\/ebook\/lancamento-e-book\/iconografias-criolla-gaucha-e-caipira-documentando-redes-pelo-sul-global\/#primaryimage","url":"https:\/\/ponteseditores.com.br\/loja3\/wp-content\/uploads\/2025\/04\/Capa_Iconografias-scaled.jpg","contentUrl":"https:\/\/ponteseditores.com.br\/loja3\/wp-content\/uploads\/2025\/04\/Capa_Iconografias-scaled.jpg","width":1767,"height":2560},{"@type":"BreadcrumbList","@id":"https:\/\/ponteseditores.com.br\/loja3\/pontes-editores-home-2__trashed\/ebook\/lancamento-e-book\/iconografias-criolla-gaucha-e-caipira-documentando-redes-pelo-sul-global\/#breadcrumb","itemListElement":[{"@type":"ListItem","position":1,"name":"Home","item":"https:\/\/ponteseditores.com.br\/loja3\/"},{"@type":"ListItem","position":2,"name":"loja","item":"https:\/\/ponteseditores.com.br\/loja3\/loja\/"},{"@type":"ListItem","position":3,"name":"Iconografias criolla, ga\u00facha e caipira: documentando redes pelo Sul Global"}]},{"@type":"WebSite","@id":"https:\/\/ponteseditores.com.br\/loja3\/#website","url":"https:\/\/ponteseditores.com.br\/loja3\/","name":"Pontes Editores","description":"Pontes Editores","publisher":{"@id":"https:\/\/ponteseditores.com.br\/loja3\/#organization"},"potentialAction":[{"@type":"SearchAction","target":{"@type":"EntryPoint","urlTemplate":"https:\/\/ponteseditores.com.br\/loja3\/?s={search_term_string}"},"query-input":{"@type":"PropertyValueSpecification","valueRequired":true,"valueName":"search_term_string"}}],"inLanguage":"pt-BR"},{"@type":"Organization","@id":"https:\/\/ponteseditores.com.br\/loja3\/#organization","name":"Pontes Editores","url":"https:\/\/ponteseditores.com.br\/loja3\/","logo":{"@type":"ImageObject","inLanguage":"pt-BR","@id":"https:\/\/ponteseditores.com.br\/loja3\/#\/schema\/logo\/image\/","url":"https:\/\/ponteseditores.com.br\/loja3\/wp-content\/uploads\/2023\/12\/logo-pontes-editores-v2.png","contentUrl":"https:\/\/ponteseditores.com.br\/loja3\/wp-content\/uploads\/2023\/12\/logo-pontes-editores-v2.png","width":258,"height":100,"caption":"Pontes Editores"},"image":{"@id":"https:\/\/ponteseditores.com.br\/loja3\/#\/schema\/logo\/image\/"}}]}},"_links":{"self":[{"href":"https:\/\/ponteseditores.com.br\/loja3\/wp-json\/wp\/v2\/product\/23889","targetHints":{"allow":["GET"]}}],"collection":[{"href":"https:\/\/ponteseditores.com.br\/loja3\/wp-json\/wp\/v2\/product"}],"about":[{"href":"https:\/\/ponteseditores.com.br\/loja3\/wp-json\/wp\/v2\/types\/product"}],"replies":[{"embeddable":true,"href":"https:\/\/ponteseditores.com.br\/loja3\/wp-json\/wp\/v2\/comments?post=23889"}],"version-history":[{"count":1,"href":"https:\/\/ponteseditores.com.br\/loja3\/wp-json\/wp\/v2\/product\/23889\/revisions"}],"predecessor-version":[{"id":23892,"href":"https:\/\/ponteseditores.com.br\/loja3\/wp-json\/wp\/v2\/product\/23889\/revisions\/23892"}],"wp:featuredmedia":[{"embeddable":true,"href":"https:\/\/ponteseditores.com.br\/loja3\/wp-json\/wp\/v2\/media\/23891"}],"wp:attachment":[{"href":"https:\/\/ponteseditores.com.br\/loja3\/wp-json\/wp\/v2\/media?parent=23889"}],"wp:term":[{"taxonomy":"product_brand","embeddable":true,"href":"https:\/\/ponteseditores.com.br\/loja3\/wp-json\/wp\/v2\/product_brand?post=23889"},{"taxonomy":"product_cat","embeddable":true,"href":"https:\/\/ponteseditores.com.br\/loja3\/wp-json\/wp\/v2\/product_cat?post=23889"},{"taxonomy":"product_tag","embeddable":true,"href":"https:\/\/ponteseditores.com.br\/loja3\/wp-json\/wp\/v2\/product_tag?post=23889"}],"curies":[{"name":"wp","href":"https:\/\/api.w.org\/{rel}","templated":true}]}}