{"id":23708,"date":"2025-03-31T12:24:05","date_gmt":"2025-03-31T15:24:05","guid":{"rendered":"https:\/\/ponteseditores.com.br\/loja3\/?post_type=product&#038;p=23708"},"modified":"2025-04-11T15:48:55","modified_gmt":"2025-04-11T18:48:55","slug":"literatura-infantil-juvenil-travessias-em-perspectiva-colecao-pplin-presente-ano-2-v-6","status":"publish","type":"product","link":"https:\/\/ponteseditores.com.br\/loja3\/pontes-editores-home-2__trashed\/ebook\/lancamento-e-book\/literatura-infantil-juvenil-travessias-em-perspectiva-colecao-pplin-presente-ano-2-v-6\/","title":{"rendered":"Literatura Infantil\/Juvenil: travessias em perspectiva (Cole\u00e7\u00e3o PPLIN Presente, ano 2, v.6)"},"content":{"rendered":"<p>Os estudos sobre literatura infantil e juvenil ganham uma nova e instigante contribui\u00e7\u00e3o com o lan\u00e7amento do livro Literatura Infantil\/Juvenil: Travessias em Perspectiva, organizado por Elo\u00edsa Porto Allevato Braem (UERJ, Brasil), Ram\u00f3n Tena Fern\u00e1ndez (UEx, Espanha) e Regina Michelli (UERJ-FAPERJ, Brasil). A obra re\u00fane nove cap\u00edtulos que exploram diferentes abordagens cr\u00edticas e est\u00e9ticas da literatura voltada para crian\u00e7as e jovens, promovendo um debate amplo sobre a forma\u00e7\u00e3o leitora, a cr\u00edtica liter\u00e1ria e a diversidade cultural presente nesse universo.<\/p>\n<p>O livro percorre caminhos que v\u00e3o desde a an\u00e1lise de projetos est\u00e9ticos e multimodalidade po\u00e9tica at\u00e9 a literatura ind\u00edgena, passando por quest\u00f5es sociais como desigualdade, exclus\u00e3o e representatividade. Entre os destaques, encontram-se estudos sobre obras como Madlenka, de Peter S\u00eds, o musical Os Saltimbancos, a narrativa ind\u00edgena Cocarzinho Amarelo, de Yaguar\u00ea Yam\u00e3, e Drag\u00e3o e Eu, de Teixeira de Sousa, importante representante da literatura infantil cabo-verdiana.<\/p>\n<p>Outros cap\u00edtulos abordam a rela\u00e7\u00e3o da literatura com a terceira idade, as tens\u00f5es e desafios da literatura infantil e juvenil no campo da cr\u00edtica liter\u00e1ria, a valoriza\u00e7\u00e3o das narrativas ind\u00edgenas na educa\u00e7\u00e3o, o papel da literatura na discuss\u00e3o sobre ref\u00fagio e diversidade e a influ\u00eancia da fic\u00e7\u00e3o cient\u00edfica na forma\u00e7\u00e3o do jovem leitor. Obras como Welcome, de Barroux, e A M\u00e3o Esquerda da Escurid\u00e3o, de Ursula K. Le Guin, s\u00e3o analisadas sob uma perspectiva cr\u00edtica e educativa, ampliando as possibilidades de media\u00e7\u00e3o de leitura e reflex\u00e3o em sala de aula.<\/p>\n<p>Ao longo dessas p\u00e1ginas, o livro Literatura Infantil\/Juvenil: Travessias em Perspectiva convida leitores, pesquisadores e educadores a explorarem as m\u00faltiplas camadas dessa literatura essencial para a forma\u00e7\u00e3o de leitores cr\u00edticos e sens\u00edveis. A obra \u00e9 um convite a atravessar fronteiras liter\u00e1rias e culturais, refletindo sobre a pot\u00eancia est\u00e9tica, social e educativa da literatura voltada para crian\u00e7as e jovens.<\/p>\n<p>Boa leitura e bons atravessamentos!<\/p>\n","protected":false},"excerpt":{"rendered":"<p>Os estudos sobre literatura infantil e juvenil ganham uma nova e instigante contribui\u00e7\u00e3o com o lan\u00e7amento do livro Literatura Infantil\/Juvenil: Travessias em Perspectiva, organizado por Elo\u00edsa Porto Allevato Braem (UERJ, Brasil), Ram\u00f3n Tena Fern\u00e1ndez (UEx, Espanha) e Regina Michelli (UERJ-FAPERJ, Brasil). A obra re\u00fane nove cap\u00edtulos que exploram diferentes abordagens cr\u00edticas e est\u00e9ticas da literatura [&hellip;]<\/p>\n","protected":false},"featured_media":23711,"comment_status":"open","ping_status":"closed","template":"","meta":{"_joinchat":[]},"product_brand":[],"product_cat":[165,386],"product_tag":[],"class_list":{"0":"post-23708","1":"product","2":"type-product","3":"status-publish","4":"has-post-thumbnail","6":"product_cat-ebook","7":"product_cat-lancamento-e-book","9":"first","10":"instock","11":"downloadable","12":"virtual","13":"purchasable","14":"product-type-simple"},"yoast_head":"<!-- This site is optimized with the Yoast SEO plugin v27.4 - https:\/\/yoast.com\/product\/yoast-seo-wordpress\/ -->\n<title>Literatura Infantil\/Juvenil: travessias em perspectiva (Cole\u00e7\u00e3o PPLIN Presente, ano 2, v.6) - Pontes Editores<\/title>\n<meta name=\"robots\" content=\"index, follow, max-snippet:-1, max-image-preview:large, max-video-preview:-1\" \/>\n<link rel=\"canonical\" href=\"https:\/\/ponteseditores.com.br\/loja3\/pontes-editores-home-2__trashed\/ebook\/lancamento-e-book\/literatura-infantil-juvenil-travessias-em-perspectiva-colecao-pplin-presente-ano-2-v-6\/\" \/>\n<meta property=\"og:locale\" content=\"pt_BR\" \/>\n<meta property=\"og:type\" content=\"article\" \/>\n<meta property=\"og:title\" content=\"Literatura Infantil\/Juvenil: travessias em perspectiva (Cole\u00e7\u00e3o PPLIN Presente, ano 2, v.6) - Pontes Editores\" \/>\n<meta property=\"og:description\" content=\"Os estudos sobre literatura infantil e juvenil ganham uma nova e instigante contribui\u00e7\u00e3o com o lan\u00e7amento do livro Literatura Infantil\/Juvenil: Travessias em Perspectiva, organizado por Elo\u00edsa Porto Allevato Braem (UERJ, Brasil), Ram\u00f3n Tena Fern\u00e1ndez (UEx, Espanha) e Regina Michelli (UERJ-FAPERJ, Brasil). A obra re\u00fane nove cap\u00edtulos que exploram diferentes abordagens cr\u00edticas e est\u00e9ticas da literatura [&hellip;]\" \/>\n<meta property=\"og:url\" content=\"https:\/\/ponteseditores.com.br\/loja3\/pontes-editores-home-2__trashed\/ebook\/lancamento-e-book\/literatura-infantil-juvenil-travessias-em-perspectiva-colecao-pplin-presente-ano-2-v-6\/\" \/>\n<meta property=\"og:site_name\" content=\"Pontes Editores\" \/>\n<meta property=\"article:modified_time\" content=\"2025-04-11T18:48:55+00:00\" \/>\n<meta property=\"og:image\" content=\"https:\/\/ponteseditores.com.br\/loja3\/wp-content\/uploads\/2025\/03\/Capa_Literatura-Infantil-Juvenil-scaled.jpg\" \/>\n\t<meta property=\"og:image:width\" content=\"1767\" \/>\n\t<meta property=\"og:image:height\" content=\"2560\" \/>\n\t<meta property=\"og:image:type\" content=\"image\/jpeg\" \/>\n<meta name=\"twitter:card\" content=\"summary_large_image\" \/>\n<meta name=\"twitter:label1\" content=\"Est. tempo de leitura\" \/>\n\t<meta name=\"twitter:data1\" content=\"2 minutos\" \/>\n<script type=\"application\/ld+json\" class=\"yoast-schema-graph\">{\"@context\":\"https:\\\/\\\/schema.org\",\"@graph\":[{\"@type\":\"WebPage\",\"@id\":\"https:\\\/\\\/ponteseditores.com.br\\\/loja3\\\/pontes-editores-home-2__trashed\\\/ebook\\\/lancamento-e-book\\\/literatura-infantil-juvenil-travessias-em-perspectiva-colecao-pplin-presente-ano-2-v-6\\\/\",\"url\":\"https:\\\/\\\/ponteseditores.com.br\\\/loja3\\\/pontes-editores-home-2__trashed\\\/ebook\\\/lancamento-e-book\\\/literatura-infantil-juvenil-travessias-em-perspectiva-colecao-pplin-presente-ano-2-v-6\\\/\",\"name\":\"Literatura Infantil\\\/Juvenil: travessias em perspectiva (Cole\u00e7\u00e3o PPLIN Presente, ano 2, v.6) - Pontes Editores\",\"isPartOf\":{\"@id\":\"https:\\\/\\\/ponteseditores.com.br\\\/loja3\\\/#website\"},\"primaryImageOfPage\":{\"@id\":\"https:\\\/\\\/ponteseditores.com.br\\\/loja3\\\/pontes-editores-home-2__trashed\\\/ebook\\\/lancamento-e-book\\\/literatura-infantil-juvenil-travessias-em-perspectiva-colecao-pplin-presente-ano-2-v-6\\\/#primaryimage\"},\"image\":{\"@id\":\"https:\\\/\\\/ponteseditores.com.br\\\/loja3\\\/pontes-editores-home-2__trashed\\\/ebook\\\/lancamento-e-book\\\/literatura-infantil-juvenil-travessias-em-perspectiva-colecao-pplin-presente-ano-2-v-6\\\/#primaryimage\"},\"thumbnailUrl\":\"https:\\\/\\\/ponteseditores.com.br\\\/loja3\\\/wp-content\\\/uploads\\\/2025\\\/03\\\/Capa_Literatura-Infantil-Juvenil-scaled.jpg\",\"datePublished\":\"2025-03-31T15:24:05+00:00\",\"dateModified\":\"2025-04-11T18:48:55+00:00\",\"breadcrumb\":{\"@id\":\"https:\\\/\\\/ponteseditores.com.br\\\/loja3\\\/pontes-editores-home-2__trashed\\\/ebook\\\/lancamento-e-book\\\/literatura-infantil-juvenil-travessias-em-perspectiva-colecao-pplin-presente-ano-2-v-6\\\/#breadcrumb\"},\"inLanguage\":\"pt-BR\",\"potentialAction\":[{\"@type\":\"ReadAction\",\"target\":[\"https:\\\/\\\/ponteseditores.com.br\\\/loja3\\\/pontes-editores-home-2__trashed\\\/ebook\\\/lancamento-e-book\\\/literatura-infantil-juvenil-travessias-em-perspectiva-colecao-pplin-presente-ano-2-v-6\\\/\"]}]},{\"@type\":\"ImageObject\",\"inLanguage\":\"pt-BR\",\"@id\":\"https:\\\/\\\/ponteseditores.com.br\\\/loja3\\\/pontes-editores-home-2__trashed\\\/ebook\\\/lancamento-e-book\\\/literatura-infantil-juvenil-travessias-em-perspectiva-colecao-pplin-presente-ano-2-v-6\\\/#primaryimage\",\"url\":\"https:\\\/\\\/ponteseditores.com.br\\\/loja3\\\/wp-content\\\/uploads\\\/2025\\\/03\\\/Capa_Literatura-Infantil-Juvenil-scaled.jpg\",\"contentUrl\":\"https:\\\/\\\/ponteseditores.com.br\\\/loja3\\\/wp-content\\\/uploads\\\/2025\\\/03\\\/Capa_Literatura-Infantil-Juvenil-scaled.jpg\",\"width\":1767,\"height\":2560},{\"@type\":\"BreadcrumbList\",\"@id\":\"https:\\\/\\\/ponteseditores.com.br\\\/loja3\\\/pontes-editores-home-2__trashed\\\/ebook\\\/lancamento-e-book\\\/literatura-infantil-juvenil-travessias-em-perspectiva-colecao-pplin-presente-ano-2-v-6\\\/#breadcrumb\",\"itemListElement\":[{\"@type\":\"ListItem\",\"position\":1,\"name\":\"Home\",\"item\":\"https:\\\/\\\/ponteseditores.com.br\\\/loja3\\\/\"},{\"@type\":\"ListItem\",\"position\":2,\"name\":\"loja\",\"item\":\"https:\\\/\\\/ponteseditores.com.br\\\/loja3\\\/loja\\\/\"},{\"@type\":\"ListItem\",\"position\":3,\"name\":\"Literatura Infantil\\\/Juvenil: travessias em perspectiva (Cole\u00e7\u00e3o PPLIN Presente, ano 2, v.6)\"}]},{\"@type\":\"WebSite\",\"@id\":\"https:\\\/\\\/ponteseditores.com.br\\\/loja3\\\/#website\",\"url\":\"https:\\\/\\\/ponteseditores.com.br\\\/loja3\\\/\",\"name\":\"Pontes Editores\",\"description\":\"Pontes Editores\",\"publisher\":{\"@id\":\"https:\\\/\\\/ponteseditores.com.br\\\/loja3\\\/#organization\"},\"potentialAction\":[{\"@type\":\"SearchAction\",\"target\":{\"@type\":\"EntryPoint\",\"urlTemplate\":\"https:\\\/\\\/ponteseditores.com.br\\\/loja3\\\/?s={search_term_string}\"},\"query-input\":{\"@type\":\"PropertyValueSpecification\",\"valueRequired\":true,\"valueName\":\"search_term_string\"}}],\"inLanguage\":\"pt-BR\"},{\"@type\":\"Organization\",\"@id\":\"https:\\\/\\\/ponteseditores.com.br\\\/loja3\\\/#organization\",\"name\":\"Pontes Editores\",\"url\":\"https:\\\/\\\/ponteseditores.com.br\\\/loja3\\\/\",\"logo\":{\"@type\":\"ImageObject\",\"inLanguage\":\"pt-BR\",\"@id\":\"https:\\\/\\\/ponteseditores.com.br\\\/loja3\\\/#\\\/schema\\\/logo\\\/image\\\/\",\"url\":\"https:\\\/\\\/ponteseditores.com.br\\\/loja3\\\/wp-content\\\/uploads\\\/2023\\\/12\\\/logo-pontes-editores-v2.png\",\"contentUrl\":\"https:\\\/\\\/ponteseditores.com.br\\\/loja3\\\/wp-content\\\/uploads\\\/2023\\\/12\\\/logo-pontes-editores-v2.png\",\"width\":258,\"height\":100,\"caption\":\"Pontes Editores\"},\"image\":{\"@id\":\"https:\\\/\\\/ponteseditores.com.br\\\/loja3\\\/#\\\/schema\\\/logo\\\/image\\\/\"}}]}<\/script>\n<!-- \/ Yoast SEO plugin. -->","yoast_head_json":{"title":"Literatura Infantil\/Juvenil: travessias em perspectiva (Cole\u00e7\u00e3o PPLIN Presente, ano 2, v.6) - Pontes Editores","robots":{"index":"index","follow":"follow","max-snippet":"max-snippet:-1","max-image-preview":"max-image-preview:large","max-video-preview":"max-video-preview:-1"},"canonical":"https:\/\/ponteseditores.com.br\/loja3\/pontes-editores-home-2__trashed\/ebook\/lancamento-e-book\/literatura-infantil-juvenil-travessias-em-perspectiva-colecao-pplin-presente-ano-2-v-6\/","og_locale":"pt_BR","og_type":"article","og_title":"Literatura Infantil\/Juvenil: travessias em perspectiva (Cole\u00e7\u00e3o PPLIN Presente, ano 2, v.6) - Pontes Editores","og_description":"Os estudos sobre literatura infantil e juvenil ganham uma nova e instigante contribui\u00e7\u00e3o com o lan\u00e7amento do livro Literatura Infantil\/Juvenil: Travessias em Perspectiva, organizado por Elo\u00edsa Porto Allevato Braem (UERJ, Brasil), Ram\u00f3n Tena Fern\u00e1ndez (UEx, Espanha) e Regina Michelli (UERJ-FAPERJ, Brasil). A obra re\u00fane nove cap\u00edtulos que exploram diferentes abordagens cr\u00edticas e est\u00e9ticas da literatura [&hellip;]","og_url":"https:\/\/ponteseditores.com.br\/loja3\/pontes-editores-home-2__trashed\/ebook\/lancamento-e-book\/literatura-infantil-juvenil-travessias-em-perspectiva-colecao-pplin-presente-ano-2-v-6\/","og_site_name":"Pontes Editores","article_modified_time":"2025-04-11T18:48:55+00:00","og_image":[{"width":1767,"height":2560,"url":"https:\/\/ponteseditores.com.br\/loja3\/wp-content\/uploads\/2025\/03\/Capa_Literatura-Infantil-Juvenil-scaled.jpg","type":"image\/jpeg"}],"twitter_card":"summary_large_image","twitter_misc":{"Est. tempo de leitura":"2 minutos"},"schema":{"@context":"https:\/\/schema.org","@graph":[{"@type":"WebPage","@id":"https:\/\/ponteseditores.com.br\/loja3\/pontes-editores-home-2__trashed\/ebook\/lancamento-e-book\/literatura-infantil-juvenil-travessias-em-perspectiva-colecao-pplin-presente-ano-2-v-6\/","url":"https:\/\/ponteseditores.com.br\/loja3\/pontes-editores-home-2__trashed\/ebook\/lancamento-e-book\/literatura-infantil-juvenil-travessias-em-perspectiva-colecao-pplin-presente-ano-2-v-6\/","name":"Literatura Infantil\/Juvenil: travessias em perspectiva (Cole\u00e7\u00e3o PPLIN Presente, ano 2, v.6) - Pontes Editores","isPartOf":{"@id":"https:\/\/ponteseditores.com.br\/loja3\/#website"},"primaryImageOfPage":{"@id":"https:\/\/ponteseditores.com.br\/loja3\/pontes-editores-home-2__trashed\/ebook\/lancamento-e-book\/literatura-infantil-juvenil-travessias-em-perspectiva-colecao-pplin-presente-ano-2-v-6\/#primaryimage"},"image":{"@id":"https:\/\/ponteseditores.com.br\/loja3\/pontes-editores-home-2__trashed\/ebook\/lancamento-e-book\/literatura-infantil-juvenil-travessias-em-perspectiva-colecao-pplin-presente-ano-2-v-6\/#primaryimage"},"thumbnailUrl":"https:\/\/ponteseditores.com.br\/loja3\/wp-content\/uploads\/2025\/03\/Capa_Literatura-Infantil-Juvenil-scaled.jpg","datePublished":"2025-03-31T15:24:05+00:00","dateModified":"2025-04-11T18:48:55+00:00","breadcrumb":{"@id":"https:\/\/ponteseditores.com.br\/loja3\/pontes-editores-home-2__trashed\/ebook\/lancamento-e-book\/literatura-infantil-juvenil-travessias-em-perspectiva-colecao-pplin-presente-ano-2-v-6\/#breadcrumb"},"inLanguage":"pt-BR","potentialAction":[{"@type":"ReadAction","target":["https:\/\/ponteseditores.com.br\/loja3\/pontes-editores-home-2__trashed\/ebook\/lancamento-e-book\/literatura-infantil-juvenil-travessias-em-perspectiva-colecao-pplin-presente-ano-2-v-6\/"]}]},{"@type":"ImageObject","inLanguage":"pt-BR","@id":"https:\/\/ponteseditores.com.br\/loja3\/pontes-editores-home-2__trashed\/ebook\/lancamento-e-book\/literatura-infantil-juvenil-travessias-em-perspectiva-colecao-pplin-presente-ano-2-v-6\/#primaryimage","url":"https:\/\/ponteseditores.com.br\/loja3\/wp-content\/uploads\/2025\/03\/Capa_Literatura-Infantil-Juvenil-scaled.jpg","contentUrl":"https:\/\/ponteseditores.com.br\/loja3\/wp-content\/uploads\/2025\/03\/Capa_Literatura-Infantil-Juvenil-scaled.jpg","width":1767,"height":2560},{"@type":"BreadcrumbList","@id":"https:\/\/ponteseditores.com.br\/loja3\/pontes-editores-home-2__trashed\/ebook\/lancamento-e-book\/literatura-infantil-juvenil-travessias-em-perspectiva-colecao-pplin-presente-ano-2-v-6\/#breadcrumb","itemListElement":[{"@type":"ListItem","position":1,"name":"Home","item":"https:\/\/ponteseditores.com.br\/loja3\/"},{"@type":"ListItem","position":2,"name":"loja","item":"https:\/\/ponteseditores.com.br\/loja3\/loja\/"},{"@type":"ListItem","position":3,"name":"Literatura Infantil\/Juvenil: travessias em perspectiva (Cole\u00e7\u00e3o PPLIN Presente, ano 2, v.6)"}]},{"@type":"WebSite","@id":"https:\/\/ponteseditores.com.br\/loja3\/#website","url":"https:\/\/ponteseditores.com.br\/loja3\/","name":"Pontes Editores","description":"Pontes Editores","publisher":{"@id":"https:\/\/ponteseditores.com.br\/loja3\/#organization"},"potentialAction":[{"@type":"SearchAction","target":{"@type":"EntryPoint","urlTemplate":"https:\/\/ponteseditores.com.br\/loja3\/?s={search_term_string}"},"query-input":{"@type":"PropertyValueSpecification","valueRequired":true,"valueName":"search_term_string"}}],"inLanguage":"pt-BR"},{"@type":"Organization","@id":"https:\/\/ponteseditores.com.br\/loja3\/#organization","name":"Pontes Editores","url":"https:\/\/ponteseditores.com.br\/loja3\/","logo":{"@type":"ImageObject","inLanguage":"pt-BR","@id":"https:\/\/ponteseditores.com.br\/loja3\/#\/schema\/logo\/image\/","url":"https:\/\/ponteseditores.com.br\/loja3\/wp-content\/uploads\/2023\/12\/logo-pontes-editores-v2.png","contentUrl":"https:\/\/ponteseditores.com.br\/loja3\/wp-content\/uploads\/2023\/12\/logo-pontes-editores-v2.png","width":258,"height":100,"caption":"Pontes Editores"},"image":{"@id":"https:\/\/ponteseditores.com.br\/loja3\/#\/schema\/logo\/image\/"}}]}},"_links":{"self":[{"href":"https:\/\/ponteseditores.com.br\/loja3\/wp-json\/wp\/v2\/product\/23708","targetHints":{"allow":["GET"]}}],"collection":[{"href":"https:\/\/ponteseditores.com.br\/loja3\/wp-json\/wp\/v2\/product"}],"about":[{"href":"https:\/\/ponteseditores.com.br\/loja3\/wp-json\/wp\/v2\/types\/product"}],"replies":[{"embeddable":true,"href":"https:\/\/ponteseditores.com.br\/loja3\/wp-json\/wp\/v2\/comments?post=23708"}],"version-history":[{"count":1,"href":"https:\/\/ponteseditores.com.br\/loja3\/wp-json\/wp\/v2\/product\/23708\/revisions"}],"predecessor-version":[{"id":23713,"href":"https:\/\/ponteseditores.com.br\/loja3\/wp-json\/wp\/v2\/product\/23708\/revisions\/23713"}],"wp:featuredmedia":[{"embeddable":true,"href":"https:\/\/ponteseditores.com.br\/loja3\/wp-json\/wp\/v2\/media\/23711"}],"wp:attachment":[{"href":"https:\/\/ponteseditores.com.br\/loja3\/wp-json\/wp\/v2\/media?parent=23708"}],"wp:term":[{"taxonomy":"product_brand","embeddable":true,"href":"https:\/\/ponteseditores.com.br\/loja3\/wp-json\/wp\/v2\/product_brand?post=23708"},{"taxonomy":"product_cat","embeddable":true,"href":"https:\/\/ponteseditores.com.br\/loja3\/wp-json\/wp\/v2\/product_cat?post=23708"},{"taxonomy":"product_tag","embeddable":true,"href":"https:\/\/ponteseditores.com.br\/loja3\/wp-json\/wp\/v2\/product_tag?post=23708"}],"curies":[{"name":"wp","href":"https:\/\/api.w.org\/{rel}","templated":true}]}}