{"id":23694,"date":"2025-03-31T11:27:55","date_gmt":"2025-03-31T14:27:55","guid":{"rendered":"https:\/\/ponteseditores.com.br\/loja3\/?post_type=product&#038;p=23694"},"modified":"2025-03-31T12:13:41","modified_gmt":"2025-03-31T15:13:41","slug":"dialogos-insurgentes-decoloniais-fronteiricos-e-afrocentrados-direitos-sociedade-e-educacao-2","status":"publish","type":"product","link":"https:\/\/ponteseditores.com.br\/loja3\/pontes-editores-home-2__trashed\/ebook\/lancamento-e-book\/dialogos-insurgentes-decoloniais-fronteiricos-e-afrocentrados-direitos-sociedade-e-educacao-2\/","title":{"rendered":"Di\u00e1logos insurgentes decoloniais, fronteiri\u00e7os e afrocentrados: direitos, sociedade e educa\u00e7\u00e3o"},"content":{"rendered":"<p><em>Di\u00e1logos Insurgentes Decoloniais, Fronteiri\u00e7os e Afrocentrados: Direitos, Sociedade &amp; Educa\u00e7\u00e3o<\/em>, prop\u00f5e uma ruptura radical com as narrativas tradicionais e universalizantes que historicamente marcaram a produ\u00e7\u00e3o de saberes. Saberes esses que, muitas vezes, relegam ao esquecimento, ou, mesmo, \u00e0 nega\u00e7\u00e3o, das vozes decoloniais, afrocentradas e fronteiri\u00e7as. O livro mergulha em uma an\u00e1lise cr\u00edtica das desigualdades estruturais que permeiam o acesso \u00e0 educa\u00e7\u00e3o p\u00fablica, e \u00e0 maneira como a diversidade nas salas de aula foi ampliada por pol\u00edticas de cotas e pelo Sistema de Sele\u00e7\u00e3o Unificada (Sisu). Mais do que ampliar a presen\u00e7a de corpos e hist\u00f3rias plurais, os autores deste volume prop\u00f5em uma nova territorialidade pedag\u00f3gica.<\/p>\n<p>Uma territorialidade em que a interseccionalidade de ra\u00e7a, classe, g\u00eanero e as m\u00faltiplas viv\u00eancias sociais se convertem em alicerces para a constru\u00e7\u00e3o de um espa\u00e7o educacional verdadeiramente inclusivo.<\/p>\n<p>Profa. Dra. Suely Messeder \u2013 UNEB.<\/p>\n","protected":false},"excerpt":{"rendered":"<p>Di\u00e1logos Insurgentes Decoloniais, Fronteiri\u00e7os e Afrocentrados: Direitos, Sociedade &amp; Educa\u00e7\u00e3o, prop\u00f5e uma ruptura radical com as narrativas tradicionais e universalizantes que historicamente marcaram a produ\u00e7\u00e3o de saberes. Saberes esses que, muitas vezes, relegam ao esquecimento, ou, mesmo, \u00e0 nega\u00e7\u00e3o, das vozes decoloniais, afrocentradas e fronteiri\u00e7as. O livro mergulha em uma an\u00e1lise cr\u00edtica das desigualdades estruturais [&hellip;]<\/p>\n","protected":false},"featured_media":22540,"comment_status":"open","ping_status":"closed","template":"","meta":{"_joinchat":[]},"product_brand":[],"product_cat":[165,386],"product_tag":[],"class_list":{"0":"post-23694","1":"product","2":"type-product","3":"status-publish","4":"has-post-thumbnail","6":"product_cat-ebook","7":"product_cat-lancamento-e-book","9":"first","10":"instock","11":"downloadable","12":"virtual","13":"purchasable","14":"product-type-simple"},"yoast_head":"<!-- This site is optimized with the Yoast SEO plugin v27.4 - https:\/\/yoast.com\/product\/yoast-seo-wordpress\/ -->\n<title>Di\u00e1logos insurgentes decoloniais, fronteiri\u00e7os e afrocentrados: direitos, sociedade e educa\u00e7\u00e3o - Pontes Editores<\/title>\n<meta name=\"robots\" content=\"index, follow, max-snippet:-1, max-image-preview:large, max-video-preview:-1\" \/>\n<link rel=\"canonical\" href=\"https:\/\/ponteseditores.com.br\/loja3\/pontes-editores-home-2__trashed\/ebook\/lancamento-e-book\/dialogos-insurgentes-decoloniais-fronteiricos-e-afrocentrados-direitos-sociedade-e-educacao-2\/\" \/>\n<meta property=\"og:locale\" content=\"pt_BR\" \/>\n<meta property=\"og:type\" content=\"article\" \/>\n<meta property=\"og:title\" content=\"Di\u00e1logos insurgentes decoloniais, fronteiri\u00e7os e afrocentrados: direitos, sociedade e educa\u00e7\u00e3o - Pontes Editores\" \/>\n<meta property=\"og:description\" content=\"Di\u00e1logos Insurgentes Decoloniais, Fronteiri\u00e7os e Afrocentrados: Direitos, Sociedade &amp; Educa\u00e7\u00e3o, prop\u00f5e uma ruptura radical com as narrativas tradicionais e universalizantes que historicamente marcaram a produ\u00e7\u00e3o de saberes. Saberes esses que, muitas vezes, relegam ao esquecimento, ou, mesmo, \u00e0 nega\u00e7\u00e3o, das vozes decoloniais, afrocentradas e fronteiri\u00e7as. O livro mergulha em uma an\u00e1lise cr\u00edtica das desigualdades estruturais [&hellip;]\" \/>\n<meta property=\"og:url\" content=\"https:\/\/ponteseditores.com.br\/loja3\/pontes-editores-home-2__trashed\/ebook\/lancamento-e-book\/dialogos-insurgentes-decoloniais-fronteiricos-e-afrocentrados-direitos-sociedade-e-educacao-2\/\" \/>\n<meta property=\"og:site_name\" content=\"Pontes Editores\" \/>\n<meta property=\"article:modified_time\" content=\"2025-03-31T15:13:41+00:00\" \/>\n<meta property=\"og:image\" content=\"https:\/\/ponteseditores.com.br\/loja3\/wp-content\/uploads\/2025\/02\/CAPA-DIALOGOS-INSURGENTES-DECOLONIAIS-EM-BAIXA.jpg\" \/>\n\t<meta property=\"og:image:width\" content=\"951\" \/>\n\t<meta property=\"og:image:height\" content=\"1358\" \/>\n\t<meta property=\"og:image:type\" content=\"image\/jpeg\" \/>\n<meta name=\"twitter:card\" content=\"summary_large_image\" \/>\n<meta name=\"twitter:label1\" content=\"Est. tempo de leitura\" \/>\n\t<meta name=\"twitter:data1\" content=\"1 minuto\" \/>\n<script type=\"application\/ld+json\" class=\"yoast-schema-graph\">{\"@context\":\"https:\\\/\\\/schema.org\",\"@graph\":[{\"@type\":\"WebPage\",\"@id\":\"https:\\\/\\\/ponteseditores.com.br\\\/loja3\\\/pontes-editores-home-2__trashed\\\/ebook\\\/lancamento-e-book\\\/dialogos-insurgentes-decoloniais-fronteiricos-e-afrocentrados-direitos-sociedade-e-educacao-2\\\/\",\"url\":\"https:\\\/\\\/ponteseditores.com.br\\\/loja3\\\/pontes-editores-home-2__trashed\\\/ebook\\\/lancamento-e-book\\\/dialogos-insurgentes-decoloniais-fronteiricos-e-afrocentrados-direitos-sociedade-e-educacao-2\\\/\",\"name\":\"Di\u00e1logos insurgentes decoloniais, fronteiri\u00e7os e afrocentrados: direitos, sociedade e educa\u00e7\u00e3o - Pontes Editores\",\"isPartOf\":{\"@id\":\"https:\\\/\\\/ponteseditores.com.br\\\/loja3\\\/#website\"},\"primaryImageOfPage\":{\"@id\":\"https:\\\/\\\/ponteseditores.com.br\\\/loja3\\\/pontes-editores-home-2__trashed\\\/ebook\\\/lancamento-e-book\\\/dialogos-insurgentes-decoloniais-fronteiricos-e-afrocentrados-direitos-sociedade-e-educacao-2\\\/#primaryimage\"},\"image\":{\"@id\":\"https:\\\/\\\/ponteseditores.com.br\\\/loja3\\\/pontes-editores-home-2__trashed\\\/ebook\\\/lancamento-e-book\\\/dialogos-insurgentes-decoloniais-fronteiricos-e-afrocentrados-direitos-sociedade-e-educacao-2\\\/#primaryimage\"},\"thumbnailUrl\":\"https:\\\/\\\/ponteseditores.com.br\\\/loja3\\\/wp-content\\\/uploads\\\/2025\\\/02\\\/CAPA-DIALOGOS-INSURGENTES-DECOLONIAIS-EM-BAIXA.jpg\",\"datePublished\":\"2025-03-31T14:27:55+00:00\",\"dateModified\":\"2025-03-31T15:13:41+00:00\",\"breadcrumb\":{\"@id\":\"https:\\\/\\\/ponteseditores.com.br\\\/loja3\\\/pontes-editores-home-2__trashed\\\/ebook\\\/lancamento-e-book\\\/dialogos-insurgentes-decoloniais-fronteiricos-e-afrocentrados-direitos-sociedade-e-educacao-2\\\/#breadcrumb\"},\"inLanguage\":\"pt-BR\",\"potentialAction\":[{\"@type\":\"ReadAction\",\"target\":[\"https:\\\/\\\/ponteseditores.com.br\\\/loja3\\\/pontes-editores-home-2__trashed\\\/ebook\\\/lancamento-e-book\\\/dialogos-insurgentes-decoloniais-fronteiricos-e-afrocentrados-direitos-sociedade-e-educacao-2\\\/\"]}]},{\"@type\":\"ImageObject\",\"inLanguage\":\"pt-BR\",\"@id\":\"https:\\\/\\\/ponteseditores.com.br\\\/loja3\\\/pontes-editores-home-2__trashed\\\/ebook\\\/lancamento-e-book\\\/dialogos-insurgentes-decoloniais-fronteiricos-e-afrocentrados-direitos-sociedade-e-educacao-2\\\/#primaryimage\",\"url\":\"https:\\\/\\\/ponteseditores.com.br\\\/loja3\\\/wp-content\\\/uploads\\\/2025\\\/02\\\/CAPA-DIALOGOS-INSURGENTES-DECOLONIAIS-EM-BAIXA.jpg\",\"contentUrl\":\"https:\\\/\\\/ponteseditores.com.br\\\/loja3\\\/wp-content\\\/uploads\\\/2025\\\/02\\\/CAPA-DIALOGOS-INSURGENTES-DECOLONIAIS-EM-BAIXA.jpg\",\"width\":951,\"height\":1358},{\"@type\":\"BreadcrumbList\",\"@id\":\"https:\\\/\\\/ponteseditores.com.br\\\/loja3\\\/pontes-editores-home-2__trashed\\\/ebook\\\/lancamento-e-book\\\/dialogos-insurgentes-decoloniais-fronteiricos-e-afrocentrados-direitos-sociedade-e-educacao-2\\\/#breadcrumb\",\"itemListElement\":[{\"@type\":\"ListItem\",\"position\":1,\"name\":\"Home\",\"item\":\"https:\\\/\\\/ponteseditores.com.br\\\/loja3\\\/\"},{\"@type\":\"ListItem\",\"position\":2,\"name\":\"loja\",\"item\":\"https:\\\/\\\/ponteseditores.com.br\\\/loja3\\\/loja\\\/\"},{\"@type\":\"ListItem\",\"position\":3,\"name\":\"Di\u00e1logos insurgentes decoloniais, fronteiri\u00e7os e afrocentrados: direitos, sociedade e educa\u00e7\u00e3o\"}]},{\"@type\":\"WebSite\",\"@id\":\"https:\\\/\\\/ponteseditores.com.br\\\/loja3\\\/#website\",\"url\":\"https:\\\/\\\/ponteseditores.com.br\\\/loja3\\\/\",\"name\":\"Pontes Editores\",\"description\":\"Pontes Editores\",\"publisher\":{\"@id\":\"https:\\\/\\\/ponteseditores.com.br\\\/loja3\\\/#organization\"},\"potentialAction\":[{\"@type\":\"SearchAction\",\"target\":{\"@type\":\"EntryPoint\",\"urlTemplate\":\"https:\\\/\\\/ponteseditores.com.br\\\/loja3\\\/?s={search_term_string}\"},\"query-input\":{\"@type\":\"PropertyValueSpecification\",\"valueRequired\":true,\"valueName\":\"search_term_string\"}}],\"inLanguage\":\"pt-BR\"},{\"@type\":\"Organization\",\"@id\":\"https:\\\/\\\/ponteseditores.com.br\\\/loja3\\\/#organization\",\"name\":\"Pontes Editores\",\"url\":\"https:\\\/\\\/ponteseditores.com.br\\\/loja3\\\/\",\"logo\":{\"@type\":\"ImageObject\",\"inLanguage\":\"pt-BR\",\"@id\":\"https:\\\/\\\/ponteseditores.com.br\\\/loja3\\\/#\\\/schema\\\/logo\\\/image\\\/\",\"url\":\"https:\\\/\\\/ponteseditores.com.br\\\/loja3\\\/wp-content\\\/uploads\\\/2023\\\/12\\\/logo-pontes-editores-v2.png\",\"contentUrl\":\"https:\\\/\\\/ponteseditores.com.br\\\/loja3\\\/wp-content\\\/uploads\\\/2023\\\/12\\\/logo-pontes-editores-v2.png\",\"width\":258,\"height\":100,\"caption\":\"Pontes Editores\"},\"image\":{\"@id\":\"https:\\\/\\\/ponteseditores.com.br\\\/loja3\\\/#\\\/schema\\\/logo\\\/image\\\/\"}}]}<\/script>\n<!-- \/ Yoast SEO plugin. -->","yoast_head_json":{"title":"Di\u00e1logos insurgentes decoloniais, fronteiri\u00e7os e afrocentrados: direitos, sociedade e educa\u00e7\u00e3o - Pontes Editores","robots":{"index":"index","follow":"follow","max-snippet":"max-snippet:-1","max-image-preview":"max-image-preview:large","max-video-preview":"max-video-preview:-1"},"canonical":"https:\/\/ponteseditores.com.br\/loja3\/pontes-editores-home-2__trashed\/ebook\/lancamento-e-book\/dialogos-insurgentes-decoloniais-fronteiricos-e-afrocentrados-direitos-sociedade-e-educacao-2\/","og_locale":"pt_BR","og_type":"article","og_title":"Di\u00e1logos insurgentes decoloniais, fronteiri\u00e7os e afrocentrados: direitos, sociedade e educa\u00e7\u00e3o - Pontes Editores","og_description":"Di\u00e1logos Insurgentes Decoloniais, Fronteiri\u00e7os e Afrocentrados: Direitos, Sociedade &amp; Educa\u00e7\u00e3o, prop\u00f5e uma ruptura radical com as narrativas tradicionais e universalizantes que historicamente marcaram a produ\u00e7\u00e3o de saberes. Saberes esses que, muitas vezes, relegam ao esquecimento, ou, mesmo, \u00e0 nega\u00e7\u00e3o, das vozes decoloniais, afrocentradas e fronteiri\u00e7as. O livro mergulha em uma an\u00e1lise cr\u00edtica das desigualdades estruturais [&hellip;]","og_url":"https:\/\/ponteseditores.com.br\/loja3\/pontes-editores-home-2__trashed\/ebook\/lancamento-e-book\/dialogos-insurgentes-decoloniais-fronteiricos-e-afrocentrados-direitos-sociedade-e-educacao-2\/","og_site_name":"Pontes Editores","article_modified_time":"2025-03-31T15:13:41+00:00","og_image":[{"width":951,"height":1358,"url":"https:\/\/ponteseditores.com.br\/loja3\/wp-content\/uploads\/2025\/02\/CAPA-DIALOGOS-INSURGENTES-DECOLONIAIS-EM-BAIXA.jpg","type":"image\/jpeg"}],"twitter_card":"summary_large_image","twitter_misc":{"Est. tempo de leitura":"1 minuto"},"schema":{"@context":"https:\/\/schema.org","@graph":[{"@type":"WebPage","@id":"https:\/\/ponteseditores.com.br\/loja3\/pontes-editores-home-2__trashed\/ebook\/lancamento-e-book\/dialogos-insurgentes-decoloniais-fronteiricos-e-afrocentrados-direitos-sociedade-e-educacao-2\/","url":"https:\/\/ponteseditores.com.br\/loja3\/pontes-editores-home-2__trashed\/ebook\/lancamento-e-book\/dialogos-insurgentes-decoloniais-fronteiricos-e-afrocentrados-direitos-sociedade-e-educacao-2\/","name":"Di\u00e1logos insurgentes decoloniais, fronteiri\u00e7os e afrocentrados: direitos, sociedade e educa\u00e7\u00e3o - Pontes Editores","isPartOf":{"@id":"https:\/\/ponteseditores.com.br\/loja3\/#website"},"primaryImageOfPage":{"@id":"https:\/\/ponteseditores.com.br\/loja3\/pontes-editores-home-2__trashed\/ebook\/lancamento-e-book\/dialogos-insurgentes-decoloniais-fronteiricos-e-afrocentrados-direitos-sociedade-e-educacao-2\/#primaryimage"},"image":{"@id":"https:\/\/ponteseditores.com.br\/loja3\/pontes-editores-home-2__trashed\/ebook\/lancamento-e-book\/dialogos-insurgentes-decoloniais-fronteiricos-e-afrocentrados-direitos-sociedade-e-educacao-2\/#primaryimage"},"thumbnailUrl":"https:\/\/ponteseditores.com.br\/loja3\/wp-content\/uploads\/2025\/02\/CAPA-DIALOGOS-INSURGENTES-DECOLONIAIS-EM-BAIXA.jpg","datePublished":"2025-03-31T14:27:55+00:00","dateModified":"2025-03-31T15:13:41+00:00","breadcrumb":{"@id":"https:\/\/ponteseditores.com.br\/loja3\/pontes-editores-home-2__trashed\/ebook\/lancamento-e-book\/dialogos-insurgentes-decoloniais-fronteiricos-e-afrocentrados-direitos-sociedade-e-educacao-2\/#breadcrumb"},"inLanguage":"pt-BR","potentialAction":[{"@type":"ReadAction","target":["https:\/\/ponteseditores.com.br\/loja3\/pontes-editores-home-2__trashed\/ebook\/lancamento-e-book\/dialogos-insurgentes-decoloniais-fronteiricos-e-afrocentrados-direitos-sociedade-e-educacao-2\/"]}]},{"@type":"ImageObject","inLanguage":"pt-BR","@id":"https:\/\/ponteseditores.com.br\/loja3\/pontes-editores-home-2__trashed\/ebook\/lancamento-e-book\/dialogos-insurgentes-decoloniais-fronteiricos-e-afrocentrados-direitos-sociedade-e-educacao-2\/#primaryimage","url":"https:\/\/ponteseditores.com.br\/loja3\/wp-content\/uploads\/2025\/02\/CAPA-DIALOGOS-INSURGENTES-DECOLONIAIS-EM-BAIXA.jpg","contentUrl":"https:\/\/ponteseditores.com.br\/loja3\/wp-content\/uploads\/2025\/02\/CAPA-DIALOGOS-INSURGENTES-DECOLONIAIS-EM-BAIXA.jpg","width":951,"height":1358},{"@type":"BreadcrumbList","@id":"https:\/\/ponteseditores.com.br\/loja3\/pontes-editores-home-2__trashed\/ebook\/lancamento-e-book\/dialogos-insurgentes-decoloniais-fronteiricos-e-afrocentrados-direitos-sociedade-e-educacao-2\/#breadcrumb","itemListElement":[{"@type":"ListItem","position":1,"name":"Home","item":"https:\/\/ponteseditores.com.br\/loja3\/"},{"@type":"ListItem","position":2,"name":"loja","item":"https:\/\/ponteseditores.com.br\/loja3\/loja\/"},{"@type":"ListItem","position":3,"name":"Di\u00e1logos insurgentes decoloniais, fronteiri\u00e7os e afrocentrados: direitos, sociedade e educa\u00e7\u00e3o"}]},{"@type":"WebSite","@id":"https:\/\/ponteseditores.com.br\/loja3\/#website","url":"https:\/\/ponteseditores.com.br\/loja3\/","name":"Pontes Editores","description":"Pontes Editores","publisher":{"@id":"https:\/\/ponteseditores.com.br\/loja3\/#organization"},"potentialAction":[{"@type":"SearchAction","target":{"@type":"EntryPoint","urlTemplate":"https:\/\/ponteseditores.com.br\/loja3\/?s={search_term_string}"},"query-input":{"@type":"PropertyValueSpecification","valueRequired":true,"valueName":"search_term_string"}}],"inLanguage":"pt-BR"},{"@type":"Organization","@id":"https:\/\/ponteseditores.com.br\/loja3\/#organization","name":"Pontes Editores","url":"https:\/\/ponteseditores.com.br\/loja3\/","logo":{"@type":"ImageObject","inLanguage":"pt-BR","@id":"https:\/\/ponteseditores.com.br\/loja3\/#\/schema\/logo\/image\/","url":"https:\/\/ponteseditores.com.br\/loja3\/wp-content\/uploads\/2023\/12\/logo-pontes-editores-v2.png","contentUrl":"https:\/\/ponteseditores.com.br\/loja3\/wp-content\/uploads\/2023\/12\/logo-pontes-editores-v2.png","width":258,"height":100,"caption":"Pontes Editores"},"image":{"@id":"https:\/\/ponteseditores.com.br\/loja3\/#\/schema\/logo\/image\/"}}]}},"_links":{"self":[{"href":"https:\/\/ponteseditores.com.br\/loja3\/wp-json\/wp\/v2\/product\/23694","targetHints":{"allow":["GET"]}}],"collection":[{"href":"https:\/\/ponteseditores.com.br\/loja3\/wp-json\/wp\/v2\/product"}],"about":[{"href":"https:\/\/ponteseditores.com.br\/loja3\/wp-json\/wp\/v2\/types\/product"}],"replies":[{"embeddable":true,"href":"https:\/\/ponteseditores.com.br\/loja3\/wp-json\/wp\/v2\/comments?post=23694"}],"version-history":[{"count":2,"href":"https:\/\/ponteseditores.com.br\/loja3\/wp-json\/wp\/v2\/product\/23694\/revisions"}],"predecessor-version":[{"id":23706,"href":"https:\/\/ponteseditores.com.br\/loja3\/wp-json\/wp\/v2\/product\/23694\/revisions\/23706"}],"wp:featuredmedia":[{"embeddable":true,"href":"https:\/\/ponteseditores.com.br\/loja3\/wp-json\/wp\/v2\/media\/22540"}],"wp:attachment":[{"href":"https:\/\/ponteseditores.com.br\/loja3\/wp-json\/wp\/v2\/media?parent=23694"}],"wp:term":[{"taxonomy":"product_brand","embeddable":true,"href":"https:\/\/ponteseditores.com.br\/loja3\/wp-json\/wp\/v2\/product_brand?post=23694"},{"taxonomy":"product_cat","embeddable":true,"href":"https:\/\/ponteseditores.com.br\/loja3\/wp-json\/wp\/v2\/product_cat?post=23694"},{"taxonomy":"product_tag","embeddable":true,"href":"https:\/\/ponteseditores.com.br\/loja3\/wp-json\/wp\/v2\/product_tag?post=23694"}],"curies":[{"name":"wp","href":"https:\/\/api.w.org\/{rel}","templated":true}]}}