{"id":23428,"date":"2025-03-28T11:36:35","date_gmt":"2025-03-28T14:36:35","guid":{"rendered":"https:\/\/ponteseditores.com.br\/loja3\/?post_type=product&#038;p=23428"},"modified":"2025-03-28T11:36:35","modified_gmt":"2025-03-28T14:36:35","slug":"integracao-academica-perspectivas-da-linguistica-textual-na-pos-graduacao-uma-homenagem-a-professora-monica-magalhaes-cavalcante","status":"publish","type":"product","link":"https:\/\/ponteseditores.com.br\/loja3\/pontes-editores-home-2__trashed\/ebook\/lancamento-e-book\/integracao-academica-perspectivas-da-linguistica-textual-na-pos-graduacao-uma-homenagem-a-professora-monica-magalhaes-cavalcante\/","title":{"rendered":"Integra\u00e7\u00e3o Acad\u00eamica: perspectivas da lingu\u00edstica textual na P\u00f3s-Gradua\u00e7\u00e3o: uma homenagem \u00e0 professora M\u00f4nica Magalh\u00e3es Cavalcante"},"content":{"rendered":"<p>\ud83d\udce2\u00a0<strong>Lan\u00e7amento do e-book<\/strong>\u00a0\ud83d\udce2<\/p>\n<p>\ud83d\udca1\u00a0<strong>Integra\u00e7\u00e3o Acad\u00eamica: Perspectivas da Lingu\u00edstica Textual na P\u00f3s-Gradua\u00e7\u00e3o<\/strong>\u00a0\u00e9 uma obra que celebra a produ\u00e7\u00e3o acad\u00eamica no campo da Lingu\u00edstica Textual brasileira e presta uma justa homenagem \u00e0 professora\u00a0<strong>M\u00f4nica Magalh\u00e3es Cavalcante<\/strong>, refer\u00eancia na \u00e1rea. Organizado por\u00a0<strong>Mariza Ang\u00e9lica Paiva Brito, Suelene Silva Oliveira e Mayara Arruda Martins<\/strong>, este primeiro volume re\u00fane pesquisas desenvolvidas no contexto da p\u00f3s-gradua\u00e7\u00e3o, promovendo o di\u00e1logo entre institui\u00e7\u00f5es e refor\u00e7ando a relev\u00e2ncia da colabora\u00e7\u00e3o acad\u00eamica.<\/p>\n<p>\ud83d\udcda\u00a0<strong>O que voc\u00ea encontrar\u00e1 no e-book?<\/strong><br \/>\n\u27a1\u00a0Estudos sobre argumentatividade, intertextualidade e tecnodiscursividade.<br \/>\n\u27a1\u00a0Reflex\u00f5es sobre g\u00eaneros textuais, do discurso jornal\u00edstico \u00e0s m\u00eddias digitais.<br \/>\n\u27a1\u00a0An\u00e1lises inovadoras sobre o sujeito no contexto digital.<br \/>\n\u27a1\u00a0Pesquisas que valorizam a doxa como estrat\u00e9gia argumentativa.<\/p>\n<p>\ud83d\udd0d\u00a0Com um conselho editorial formado por renomados pesquisadores, o e-book reafirma o compromisso com a difus\u00e3o do conhecimento e o fortalecimento das discuss\u00f5es sobre a Lingu\u00edstica Textual no Brasil.<\/p>\n<p>\ud83d\udcd6\u00a0<strong>Acesse gratuitamente e amplie sua perspectiva sobre os estudos textuais!<\/strong><\/p>\n<p>\ud83d\udcc5\u00a0<strong>Editora:<\/strong>\u00a0Pontes Editores |\u00a0\ud83d\udce5\u00a0<strong>Download gratuito<\/strong><\/p>\n<p>#Lingu\u00edsticaTextual #Ebook #Integra\u00e7\u00e3oAcad\u00eamica #M\u00f4nicaMagalh\u00e3esCavalcante #Pesquisa #P\u00f3sGradua\u00e7\u00e3o #EnsinoDeL\u00ednguaPortuguesa #Protexto<\/p>\n","protected":false},"excerpt":{"rendered":"<p>\ud83d\udce2\u00a0Lan\u00e7amento do e-book\u00a0\ud83d\udce2 \ud83d\udca1\u00a0Integra\u00e7\u00e3o Acad\u00eamica: Perspectivas da Lingu\u00edstica Textual na P\u00f3s-Gradua\u00e7\u00e3o\u00a0\u00e9 uma obra que celebra a produ\u00e7\u00e3o acad\u00eamica no campo da Lingu\u00edstica Textual brasileira e presta uma justa homenagem \u00e0 professora\u00a0M\u00f4nica Magalh\u00e3es Cavalcante, refer\u00eancia na \u00e1rea. Organizado por\u00a0Mariza Ang\u00e9lica Paiva Brito, Suelene Silva Oliveira e Mayara Arruda Martins, este primeiro volume re\u00fane pesquisas desenvolvidas no [&hellip;]<\/p>\n","protected":false},"featured_media":23430,"comment_status":"open","ping_status":"closed","template":"","meta":{"_joinchat":[]},"product_brand":[],"product_cat":[165,386],"product_tag":[],"class_list":{"0":"post-23428","1":"product","2":"type-product","3":"status-publish","4":"has-post-thumbnail","6":"product_cat-ebook","7":"product_cat-lancamento-e-book","9":"first","10":"instock","11":"downloadable","12":"virtual","13":"purchasable","14":"product-type-simple"},"yoast_head":"<!-- This site is optimized with the Yoast SEO plugin v27.3 - https:\/\/yoast.com\/product\/yoast-seo-wordpress\/ -->\n<title>Integra\u00e7\u00e3o Acad\u00eamica: perspectivas da lingu\u00edstica textual na P\u00f3s-Gradua\u00e7\u00e3o: uma homenagem \u00e0 professora M\u00f4nica Magalh\u00e3es Cavalcante - Pontes Editores<\/title>\n<meta name=\"robots\" content=\"index, follow, max-snippet:-1, max-image-preview:large, max-video-preview:-1\" \/>\n<link rel=\"canonical\" href=\"https:\/\/ponteseditores.com.br\/loja3\/pontes-editores-home-2__trashed\/ebook\/lancamento-e-book\/integracao-academica-perspectivas-da-linguistica-textual-na-pos-graduacao-uma-homenagem-a-professora-monica-magalhaes-cavalcante\/\" \/>\n<meta property=\"og:locale\" content=\"pt_BR\" \/>\n<meta property=\"og:type\" content=\"article\" \/>\n<meta property=\"og:title\" content=\"Integra\u00e7\u00e3o Acad\u00eamica: perspectivas da lingu\u00edstica textual na P\u00f3s-Gradua\u00e7\u00e3o: uma homenagem \u00e0 professora M\u00f4nica Magalh\u00e3es Cavalcante - Pontes Editores\" \/>\n<meta property=\"og:description\" content=\"\ud83d\udce2\u00a0Lan\u00e7amento do e-book\u00a0\ud83d\udce2 \ud83d\udca1\u00a0Integra\u00e7\u00e3o Acad\u00eamica: Perspectivas da Lingu\u00edstica Textual na P\u00f3s-Gradua\u00e7\u00e3o\u00a0\u00e9 uma obra que celebra a produ\u00e7\u00e3o acad\u00eamica no campo da Lingu\u00edstica Textual brasileira e presta uma justa homenagem \u00e0 professora\u00a0M\u00f4nica Magalh\u00e3es Cavalcante, refer\u00eancia na \u00e1rea. Organizado por\u00a0Mariza Ang\u00e9lica Paiva Brito, Suelene Silva Oliveira e Mayara Arruda Martins, este primeiro volume re\u00fane pesquisas desenvolvidas no [&hellip;]\" \/>\n<meta property=\"og:url\" content=\"https:\/\/ponteseditores.com.br\/loja3\/pontes-editores-home-2__trashed\/ebook\/lancamento-e-book\/integracao-academica-perspectivas-da-linguistica-textual-na-pos-graduacao-uma-homenagem-a-professora-monica-magalhaes-cavalcante\/\" \/>\n<meta property=\"og:site_name\" content=\"Pontes Editores\" \/>\n<meta property=\"og:image\" content=\"https:\/\/ponteseditores.com.br\/loja3\/wp-content\/uploads\/2025\/03\/Capa_Integracao-Academica-scaled.jpg\" \/>\n\t<meta property=\"og:image:width\" content=\"1767\" \/>\n\t<meta property=\"og:image:height\" content=\"2560\" \/>\n\t<meta property=\"og:image:type\" content=\"image\/jpeg\" \/>\n<meta name=\"twitter:card\" content=\"summary_large_image\" \/>\n<meta name=\"twitter:label1\" content=\"Est. tempo de leitura\" \/>\n\t<meta name=\"twitter:data1\" content=\"1 minuto\" \/>\n<script type=\"application\/ld+json\" class=\"yoast-schema-graph\">{\"@context\":\"https:\\\/\\\/schema.org\",\"@graph\":[{\"@type\":\"WebPage\",\"@id\":\"https:\\\/\\\/ponteseditores.com.br\\\/loja3\\\/pontes-editores-home-2__trashed\\\/ebook\\\/lancamento-e-book\\\/integracao-academica-perspectivas-da-linguistica-textual-na-pos-graduacao-uma-homenagem-a-professora-monica-magalhaes-cavalcante\\\/\",\"url\":\"https:\\\/\\\/ponteseditores.com.br\\\/loja3\\\/pontes-editores-home-2__trashed\\\/ebook\\\/lancamento-e-book\\\/integracao-academica-perspectivas-da-linguistica-textual-na-pos-graduacao-uma-homenagem-a-professora-monica-magalhaes-cavalcante\\\/\",\"name\":\"Integra\u00e7\u00e3o Acad\u00eamica: perspectivas da lingu\u00edstica textual na P\u00f3s-Gradua\u00e7\u00e3o: uma homenagem \u00e0 professora M\u00f4nica Magalh\u00e3es Cavalcante - Pontes Editores\",\"isPartOf\":{\"@id\":\"https:\\\/\\\/ponteseditores.com.br\\\/loja3\\\/#website\"},\"primaryImageOfPage\":{\"@id\":\"https:\\\/\\\/ponteseditores.com.br\\\/loja3\\\/pontes-editores-home-2__trashed\\\/ebook\\\/lancamento-e-book\\\/integracao-academica-perspectivas-da-linguistica-textual-na-pos-graduacao-uma-homenagem-a-professora-monica-magalhaes-cavalcante\\\/#primaryimage\"},\"image\":{\"@id\":\"https:\\\/\\\/ponteseditores.com.br\\\/loja3\\\/pontes-editores-home-2__trashed\\\/ebook\\\/lancamento-e-book\\\/integracao-academica-perspectivas-da-linguistica-textual-na-pos-graduacao-uma-homenagem-a-professora-monica-magalhaes-cavalcante\\\/#primaryimage\"},\"thumbnailUrl\":\"https:\\\/\\\/ponteseditores.com.br\\\/loja3\\\/wp-content\\\/uploads\\\/2025\\\/03\\\/Capa_Integracao-Academica-scaled.jpg\",\"datePublished\":\"2025-03-28T14:36:35+00:00\",\"breadcrumb\":{\"@id\":\"https:\\\/\\\/ponteseditores.com.br\\\/loja3\\\/pontes-editores-home-2__trashed\\\/ebook\\\/lancamento-e-book\\\/integracao-academica-perspectivas-da-linguistica-textual-na-pos-graduacao-uma-homenagem-a-professora-monica-magalhaes-cavalcante\\\/#breadcrumb\"},\"inLanguage\":\"pt-BR\",\"potentialAction\":[{\"@type\":\"ReadAction\",\"target\":[\"https:\\\/\\\/ponteseditores.com.br\\\/loja3\\\/pontes-editores-home-2__trashed\\\/ebook\\\/lancamento-e-book\\\/integracao-academica-perspectivas-da-linguistica-textual-na-pos-graduacao-uma-homenagem-a-professora-monica-magalhaes-cavalcante\\\/\"]}]},{\"@type\":\"ImageObject\",\"inLanguage\":\"pt-BR\",\"@id\":\"https:\\\/\\\/ponteseditores.com.br\\\/loja3\\\/pontes-editores-home-2__trashed\\\/ebook\\\/lancamento-e-book\\\/integracao-academica-perspectivas-da-linguistica-textual-na-pos-graduacao-uma-homenagem-a-professora-monica-magalhaes-cavalcante\\\/#primaryimage\",\"url\":\"https:\\\/\\\/ponteseditores.com.br\\\/loja3\\\/wp-content\\\/uploads\\\/2025\\\/03\\\/Capa_Integracao-Academica-scaled.jpg\",\"contentUrl\":\"https:\\\/\\\/ponteseditores.com.br\\\/loja3\\\/wp-content\\\/uploads\\\/2025\\\/03\\\/Capa_Integracao-Academica-scaled.jpg\",\"width\":1767,\"height\":2560},{\"@type\":\"BreadcrumbList\",\"@id\":\"https:\\\/\\\/ponteseditores.com.br\\\/loja3\\\/pontes-editores-home-2__trashed\\\/ebook\\\/lancamento-e-book\\\/integracao-academica-perspectivas-da-linguistica-textual-na-pos-graduacao-uma-homenagem-a-professora-monica-magalhaes-cavalcante\\\/#breadcrumb\",\"itemListElement\":[{\"@type\":\"ListItem\",\"position\":1,\"name\":\"Home\",\"item\":\"https:\\\/\\\/ponteseditores.com.br\\\/loja3\\\/\"},{\"@type\":\"ListItem\",\"position\":2,\"name\":\"loja\",\"item\":\"https:\\\/\\\/ponteseditores.com.br\\\/loja3\\\/loja\\\/\"},{\"@type\":\"ListItem\",\"position\":3,\"name\":\"Integra\u00e7\u00e3o Acad\u00eamica: perspectivas da lingu\u00edstica textual na P\u00f3s-Gradua\u00e7\u00e3o: uma homenagem \u00e0 professora M\u00f4nica Magalh\u00e3es Cavalcante\"}]},{\"@type\":\"WebSite\",\"@id\":\"https:\\\/\\\/ponteseditores.com.br\\\/loja3\\\/#website\",\"url\":\"https:\\\/\\\/ponteseditores.com.br\\\/loja3\\\/\",\"name\":\"Pontes Editores\",\"description\":\"Pontes Editores\",\"publisher\":{\"@id\":\"https:\\\/\\\/ponteseditores.com.br\\\/loja3\\\/#organization\"},\"potentialAction\":[{\"@type\":\"SearchAction\",\"target\":{\"@type\":\"EntryPoint\",\"urlTemplate\":\"https:\\\/\\\/ponteseditores.com.br\\\/loja3\\\/?s={search_term_string}\"},\"query-input\":{\"@type\":\"PropertyValueSpecification\",\"valueRequired\":true,\"valueName\":\"search_term_string\"}}],\"inLanguage\":\"pt-BR\"},{\"@type\":\"Organization\",\"@id\":\"https:\\\/\\\/ponteseditores.com.br\\\/loja3\\\/#organization\",\"name\":\"Pontes Editores\",\"url\":\"https:\\\/\\\/ponteseditores.com.br\\\/loja3\\\/\",\"logo\":{\"@type\":\"ImageObject\",\"inLanguage\":\"pt-BR\",\"@id\":\"https:\\\/\\\/ponteseditores.com.br\\\/loja3\\\/#\\\/schema\\\/logo\\\/image\\\/\",\"url\":\"https:\\\/\\\/ponteseditores.com.br\\\/loja3\\\/wp-content\\\/uploads\\\/2023\\\/12\\\/logo-pontes-editores-v2.png\",\"contentUrl\":\"https:\\\/\\\/ponteseditores.com.br\\\/loja3\\\/wp-content\\\/uploads\\\/2023\\\/12\\\/logo-pontes-editores-v2.png\",\"width\":258,\"height\":100,\"caption\":\"Pontes Editores\"},\"image\":{\"@id\":\"https:\\\/\\\/ponteseditores.com.br\\\/loja3\\\/#\\\/schema\\\/logo\\\/image\\\/\"}}]}<\/script>\n<!-- \/ Yoast SEO plugin. -->","yoast_head_json":{"title":"Integra\u00e7\u00e3o Acad\u00eamica: perspectivas da lingu\u00edstica textual na P\u00f3s-Gradua\u00e7\u00e3o: uma homenagem \u00e0 professora M\u00f4nica Magalh\u00e3es Cavalcante - Pontes Editores","robots":{"index":"index","follow":"follow","max-snippet":"max-snippet:-1","max-image-preview":"max-image-preview:large","max-video-preview":"max-video-preview:-1"},"canonical":"https:\/\/ponteseditores.com.br\/loja3\/pontes-editores-home-2__trashed\/ebook\/lancamento-e-book\/integracao-academica-perspectivas-da-linguistica-textual-na-pos-graduacao-uma-homenagem-a-professora-monica-magalhaes-cavalcante\/","og_locale":"pt_BR","og_type":"article","og_title":"Integra\u00e7\u00e3o Acad\u00eamica: perspectivas da lingu\u00edstica textual na P\u00f3s-Gradua\u00e7\u00e3o: uma homenagem \u00e0 professora M\u00f4nica Magalh\u00e3es Cavalcante - Pontes Editores","og_description":"\ud83d\udce2\u00a0Lan\u00e7amento do e-book\u00a0\ud83d\udce2 \ud83d\udca1\u00a0Integra\u00e7\u00e3o Acad\u00eamica: Perspectivas da Lingu\u00edstica Textual na P\u00f3s-Gradua\u00e7\u00e3o\u00a0\u00e9 uma obra que celebra a produ\u00e7\u00e3o acad\u00eamica no campo da Lingu\u00edstica Textual brasileira e presta uma justa homenagem \u00e0 professora\u00a0M\u00f4nica Magalh\u00e3es Cavalcante, refer\u00eancia na \u00e1rea. Organizado por\u00a0Mariza Ang\u00e9lica Paiva Brito, Suelene Silva Oliveira e Mayara Arruda Martins, este primeiro volume re\u00fane pesquisas desenvolvidas no [&hellip;]","og_url":"https:\/\/ponteseditores.com.br\/loja3\/pontes-editores-home-2__trashed\/ebook\/lancamento-e-book\/integracao-academica-perspectivas-da-linguistica-textual-na-pos-graduacao-uma-homenagem-a-professora-monica-magalhaes-cavalcante\/","og_site_name":"Pontes Editores","og_image":[{"width":1767,"height":2560,"url":"https:\/\/ponteseditores.com.br\/loja3\/wp-content\/uploads\/2025\/03\/Capa_Integracao-Academica-scaled.jpg","type":"image\/jpeg"}],"twitter_card":"summary_large_image","twitter_misc":{"Est. tempo de leitura":"1 minuto"},"schema":{"@context":"https:\/\/schema.org","@graph":[{"@type":"WebPage","@id":"https:\/\/ponteseditores.com.br\/loja3\/pontes-editores-home-2__trashed\/ebook\/lancamento-e-book\/integracao-academica-perspectivas-da-linguistica-textual-na-pos-graduacao-uma-homenagem-a-professora-monica-magalhaes-cavalcante\/","url":"https:\/\/ponteseditores.com.br\/loja3\/pontes-editores-home-2__trashed\/ebook\/lancamento-e-book\/integracao-academica-perspectivas-da-linguistica-textual-na-pos-graduacao-uma-homenagem-a-professora-monica-magalhaes-cavalcante\/","name":"Integra\u00e7\u00e3o Acad\u00eamica: perspectivas da lingu\u00edstica textual na P\u00f3s-Gradua\u00e7\u00e3o: uma homenagem \u00e0 professora M\u00f4nica Magalh\u00e3es Cavalcante - Pontes Editores","isPartOf":{"@id":"https:\/\/ponteseditores.com.br\/loja3\/#website"},"primaryImageOfPage":{"@id":"https:\/\/ponteseditores.com.br\/loja3\/pontes-editores-home-2__trashed\/ebook\/lancamento-e-book\/integracao-academica-perspectivas-da-linguistica-textual-na-pos-graduacao-uma-homenagem-a-professora-monica-magalhaes-cavalcante\/#primaryimage"},"image":{"@id":"https:\/\/ponteseditores.com.br\/loja3\/pontes-editores-home-2__trashed\/ebook\/lancamento-e-book\/integracao-academica-perspectivas-da-linguistica-textual-na-pos-graduacao-uma-homenagem-a-professora-monica-magalhaes-cavalcante\/#primaryimage"},"thumbnailUrl":"https:\/\/ponteseditores.com.br\/loja3\/wp-content\/uploads\/2025\/03\/Capa_Integracao-Academica-scaled.jpg","datePublished":"2025-03-28T14:36:35+00:00","breadcrumb":{"@id":"https:\/\/ponteseditores.com.br\/loja3\/pontes-editores-home-2__trashed\/ebook\/lancamento-e-book\/integracao-academica-perspectivas-da-linguistica-textual-na-pos-graduacao-uma-homenagem-a-professora-monica-magalhaes-cavalcante\/#breadcrumb"},"inLanguage":"pt-BR","potentialAction":[{"@type":"ReadAction","target":["https:\/\/ponteseditores.com.br\/loja3\/pontes-editores-home-2__trashed\/ebook\/lancamento-e-book\/integracao-academica-perspectivas-da-linguistica-textual-na-pos-graduacao-uma-homenagem-a-professora-monica-magalhaes-cavalcante\/"]}]},{"@type":"ImageObject","inLanguage":"pt-BR","@id":"https:\/\/ponteseditores.com.br\/loja3\/pontes-editores-home-2__trashed\/ebook\/lancamento-e-book\/integracao-academica-perspectivas-da-linguistica-textual-na-pos-graduacao-uma-homenagem-a-professora-monica-magalhaes-cavalcante\/#primaryimage","url":"https:\/\/ponteseditores.com.br\/loja3\/wp-content\/uploads\/2025\/03\/Capa_Integracao-Academica-scaled.jpg","contentUrl":"https:\/\/ponteseditores.com.br\/loja3\/wp-content\/uploads\/2025\/03\/Capa_Integracao-Academica-scaled.jpg","width":1767,"height":2560},{"@type":"BreadcrumbList","@id":"https:\/\/ponteseditores.com.br\/loja3\/pontes-editores-home-2__trashed\/ebook\/lancamento-e-book\/integracao-academica-perspectivas-da-linguistica-textual-na-pos-graduacao-uma-homenagem-a-professora-monica-magalhaes-cavalcante\/#breadcrumb","itemListElement":[{"@type":"ListItem","position":1,"name":"Home","item":"https:\/\/ponteseditores.com.br\/loja3\/"},{"@type":"ListItem","position":2,"name":"loja","item":"https:\/\/ponteseditores.com.br\/loja3\/loja\/"},{"@type":"ListItem","position":3,"name":"Integra\u00e7\u00e3o Acad\u00eamica: perspectivas da lingu\u00edstica textual na P\u00f3s-Gradua\u00e7\u00e3o: uma homenagem \u00e0 professora M\u00f4nica Magalh\u00e3es Cavalcante"}]},{"@type":"WebSite","@id":"https:\/\/ponteseditores.com.br\/loja3\/#website","url":"https:\/\/ponteseditores.com.br\/loja3\/","name":"Pontes Editores","description":"Pontes Editores","publisher":{"@id":"https:\/\/ponteseditores.com.br\/loja3\/#organization"},"potentialAction":[{"@type":"SearchAction","target":{"@type":"EntryPoint","urlTemplate":"https:\/\/ponteseditores.com.br\/loja3\/?s={search_term_string}"},"query-input":{"@type":"PropertyValueSpecification","valueRequired":true,"valueName":"search_term_string"}}],"inLanguage":"pt-BR"},{"@type":"Organization","@id":"https:\/\/ponteseditores.com.br\/loja3\/#organization","name":"Pontes Editores","url":"https:\/\/ponteseditores.com.br\/loja3\/","logo":{"@type":"ImageObject","inLanguage":"pt-BR","@id":"https:\/\/ponteseditores.com.br\/loja3\/#\/schema\/logo\/image\/","url":"https:\/\/ponteseditores.com.br\/loja3\/wp-content\/uploads\/2023\/12\/logo-pontes-editores-v2.png","contentUrl":"https:\/\/ponteseditores.com.br\/loja3\/wp-content\/uploads\/2023\/12\/logo-pontes-editores-v2.png","width":258,"height":100,"caption":"Pontes Editores"},"image":{"@id":"https:\/\/ponteseditores.com.br\/loja3\/#\/schema\/logo\/image\/"}}]}},"_links":{"self":[{"href":"https:\/\/ponteseditores.com.br\/loja3\/wp-json\/wp\/v2\/product\/23428","targetHints":{"allow":["GET"]}}],"collection":[{"href":"https:\/\/ponteseditores.com.br\/loja3\/wp-json\/wp\/v2\/product"}],"about":[{"href":"https:\/\/ponteseditores.com.br\/loja3\/wp-json\/wp\/v2\/types\/product"}],"replies":[{"embeddable":true,"href":"https:\/\/ponteseditores.com.br\/loja3\/wp-json\/wp\/v2\/comments?post=23428"}],"version-history":[{"count":1,"href":"https:\/\/ponteseditores.com.br\/loja3\/wp-json\/wp\/v2\/product\/23428\/revisions"}],"predecessor-version":[{"id":23431,"href":"https:\/\/ponteseditores.com.br\/loja3\/wp-json\/wp\/v2\/product\/23428\/revisions\/23431"}],"wp:featuredmedia":[{"embeddable":true,"href":"https:\/\/ponteseditores.com.br\/loja3\/wp-json\/wp\/v2\/media\/23430"}],"wp:attachment":[{"href":"https:\/\/ponteseditores.com.br\/loja3\/wp-json\/wp\/v2\/media?parent=23428"}],"wp:term":[{"taxonomy":"product_brand","embeddable":true,"href":"https:\/\/ponteseditores.com.br\/loja3\/wp-json\/wp\/v2\/product_brand?post=23428"},{"taxonomy":"product_cat","embeddable":true,"href":"https:\/\/ponteseditores.com.br\/loja3\/wp-json\/wp\/v2\/product_cat?post=23428"},{"taxonomy":"product_tag","embeddable":true,"href":"https:\/\/ponteseditores.com.br\/loja3\/wp-json\/wp\/v2\/product_tag?post=23428"}],"curies":[{"name":"wp","href":"https:\/\/api.w.org\/{rel}","templated":true}]}}