{"id":23230,"date":"2025-03-24T12:18:29","date_gmt":"2025-03-24T15:18:29","guid":{"rendered":"https:\/\/ponteseditores.com.br\/loja3\/?post_type=product&#038;p=23230"},"modified":"2025-03-24T12:18:29","modified_gmt":"2025-03-24T15:18:29","slug":"memorias-de-enlaces-e-perspectivas-de-pesquisas-trabalhos-em-andamento","status":"publish","type":"product","link":"https:\/\/ponteseditores.com.br\/loja3\/pontes-editores-home-2__trashed\/ebook\/lancamento-e-book\/memorias-de-enlaces-e-perspectivas-de-pesquisas-trabalhos-em-andamento\/","title":{"rendered":"Mem\u00f3rias de enlaces e perspectivas de pesquisas: trabalhos em andamento"},"content":{"rendered":"<p>\u201cMem\u00f3rias de enlaces e perspectivas: trabalhos em andamento\u201d \u00e9 um trabalho resultante de do evento realizado entre os dias 23 a 25 de setembro de 2024, na Universidade Federal de Santa Maria, evento que abarcou o\u00a0XXVII Semin\u00e1rio Corpus \u2013 Laborat\u00f3rio Corpus 25 anos: enlaces e perspectivas (FAPERGS), o V Primavera de pesquisas no Sul: hist\u00f3ria, sujeito e mem\u00f3ria (CAL-UFSM) e o Observat\u00f3rio de pr\u00e1ticas sociais e linguageiras: produ\u00e7\u00e3o de sentidos em tempos de pandemia (Universal-CNPq).<\/p>\n<p>O livro est\u00e1 organizado em cinco se\u00e7\u00f5es e traz mem\u00f3rias dos tr\u00eas dias de evento, bem como das pesquisas em andamento apresentadas. Os trabalhos em desenvolvimentos publicados trazem estudos de diversos campos de pesquisa da linguagem, mais especificamente, nas \u00e1reas da An\u00e1lise materialista de Discurso\u00a0 e da Hist\u00f3ria das Ideias Lingu\u00edsticas. O livro joga luz aos trabalhos que est\u00e3o sendo realizadas em laborat\u00f3rios e universidades brasileiras e nos faz refletir sobre tem\u00e1ticas da atualidade, s\u00e3o elas: Arquivos do Brasil: o pol\u00edtico da mem\u00f3ria e da hist\u00f3ria; Gestos de interven\u00e7\u00e3o: movimentos de sentidos em diferentes espa\u00e7os; Saberes insurgentes: sujeitos e forma\u00e7\u00f5es discursivas de resist\u00eancia; Pr\u00e1ticas digitais: gestos de interpreta\u00e7\u00e3o e(m) Instrumentos Lingu\u00edsticos; e Sujeitos do s\u00e9culo XXI: forma\u00e7\u00f5es sociais e culturais contempor\u00e2neas. Esta publica\u00e7\u00e3o \u00e9 um gesto de for\u00e7a e afeto te\u00f3ricos, nos trazendo perspectivas de como realizar eventos e pesquisas em redes interinstitucionais.<\/p>\n<p>\u00c9 importante destacar que a obra foi financiada integralmente pela FAPERGS &#8211; RS.<\/p>\n<p>&nbsp;<\/p>\n","protected":false},"excerpt":{"rendered":"<p>\u201cMem\u00f3rias de enlaces e perspectivas: trabalhos em andamento\u201d \u00e9 um trabalho resultante de do evento realizado entre os dias 23 a 25 de setembro de 2024, na Universidade Federal de Santa Maria, evento que abarcou o\u00a0XXVII Semin\u00e1rio Corpus \u2013 Laborat\u00f3rio Corpus 25 anos: enlaces e perspectivas (FAPERGS), o V Primavera de pesquisas no Sul: hist\u00f3ria, [&hellip;]<\/p>\n","protected":false},"featured_media":23232,"comment_status":"open","ping_status":"closed","template":"","meta":{"_joinchat":[]},"product_brand":[],"product_cat":[165,386],"product_tag":[],"class_list":{"0":"post-23230","1":"product","2":"type-product","3":"status-publish","4":"has-post-thumbnail","6":"product_cat-ebook","7":"product_cat-lancamento-e-book","9":"first","10":"instock","11":"downloadable","12":"virtual","13":"purchasable","14":"product-type-simple"},"yoast_head":"<!-- This site is optimized with the Yoast SEO plugin v27.3 - https:\/\/yoast.com\/product\/yoast-seo-wordpress\/ -->\n<title>Mem\u00f3rias de enlaces e perspectivas de pesquisas: trabalhos em andamento - Pontes Editores<\/title>\n<meta name=\"robots\" content=\"index, follow, max-snippet:-1, max-image-preview:large, max-video-preview:-1\" \/>\n<link rel=\"canonical\" href=\"https:\/\/ponteseditores.com.br\/loja3\/pontes-editores-home-2__trashed\/ebook\/lancamento-e-book\/memorias-de-enlaces-e-perspectivas-de-pesquisas-trabalhos-em-andamento\/\" \/>\n<meta property=\"og:locale\" content=\"pt_BR\" \/>\n<meta property=\"og:type\" content=\"article\" \/>\n<meta property=\"og:title\" content=\"Mem\u00f3rias de enlaces e perspectivas de pesquisas: trabalhos em andamento - Pontes Editores\" \/>\n<meta property=\"og:description\" content=\"\u201cMem\u00f3rias de enlaces e perspectivas: trabalhos em andamento\u201d \u00e9 um trabalho resultante de do evento realizado entre os dias 23 a 25 de setembro de 2024, na Universidade Federal de Santa Maria, evento que abarcou o\u00a0XXVII Semin\u00e1rio Corpus \u2013 Laborat\u00f3rio Corpus 25 anos: enlaces e perspectivas (FAPERGS), o V Primavera de pesquisas no Sul: hist\u00f3ria, [&hellip;]\" \/>\n<meta property=\"og:url\" content=\"https:\/\/ponteseditores.com.br\/loja3\/pontes-editores-home-2__trashed\/ebook\/lancamento-e-book\/memorias-de-enlaces-e-perspectivas-de-pesquisas-trabalhos-em-andamento\/\" \/>\n<meta property=\"og:site_name\" content=\"Pontes Editores\" \/>\n<meta property=\"og:image\" content=\"https:\/\/ponteseditores.com.br\/loja3\/wp-content\/uploads\/2025\/03\/Capa_Memorias-e-Enlaces-scaled.jpg\" \/>\n\t<meta property=\"og:image:width\" content=\"1767\" \/>\n\t<meta property=\"og:image:height\" content=\"2560\" \/>\n\t<meta property=\"og:image:type\" content=\"image\/jpeg\" \/>\n<meta name=\"twitter:card\" content=\"summary_large_image\" \/>\n<meta name=\"twitter:label1\" content=\"Est. tempo de leitura\" \/>\n\t<meta name=\"twitter:data1\" content=\"2 minutos\" \/>\n<script type=\"application\/ld+json\" class=\"yoast-schema-graph\">{\"@context\":\"https:\\\/\\\/schema.org\",\"@graph\":[{\"@type\":\"WebPage\",\"@id\":\"https:\\\/\\\/ponteseditores.com.br\\\/loja3\\\/pontes-editores-home-2__trashed\\\/ebook\\\/lancamento-e-book\\\/memorias-de-enlaces-e-perspectivas-de-pesquisas-trabalhos-em-andamento\\\/\",\"url\":\"https:\\\/\\\/ponteseditores.com.br\\\/loja3\\\/pontes-editores-home-2__trashed\\\/ebook\\\/lancamento-e-book\\\/memorias-de-enlaces-e-perspectivas-de-pesquisas-trabalhos-em-andamento\\\/\",\"name\":\"Mem\u00f3rias de enlaces e perspectivas de pesquisas: trabalhos em andamento - Pontes Editores\",\"isPartOf\":{\"@id\":\"https:\\\/\\\/ponteseditores.com.br\\\/loja3\\\/#website\"},\"primaryImageOfPage\":{\"@id\":\"https:\\\/\\\/ponteseditores.com.br\\\/loja3\\\/pontes-editores-home-2__trashed\\\/ebook\\\/lancamento-e-book\\\/memorias-de-enlaces-e-perspectivas-de-pesquisas-trabalhos-em-andamento\\\/#primaryimage\"},\"image\":{\"@id\":\"https:\\\/\\\/ponteseditores.com.br\\\/loja3\\\/pontes-editores-home-2__trashed\\\/ebook\\\/lancamento-e-book\\\/memorias-de-enlaces-e-perspectivas-de-pesquisas-trabalhos-em-andamento\\\/#primaryimage\"},\"thumbnailUrl\":\"https:\\\/\\\/ponteseditores.com.br\\\/loja3\\\/wp-content\\\/uploads\\\/2025\\\/03\\\/Capa_Memorias-e-Enlaces-scaled.jpg\",\"datePublished\":\"2025-03-24T15:18:29+00:00\",\"breadcrumb\":{\"@id\":\"https:\\\/\\\/ponteseditores.com.br\\\/loja3\\\/pontes-editores-home-2__trashed\\\/ebook\\\/lancamento-e-book\\\/memorias-de-enlaces-e-perspectivas-de-pesquisas-trabalhos-em-andamento\\\/#breadcrumb\"},\"inLanguage\":\"pt-BR\",\"potentialAction\":[{\"@type\":\"ReadAction\",\"target\":[\"https:\\\/\\\/ponteseditores.com.br\\\/loja3\\\/pontes-editores-home-2__trashed\\\/ebook\\\/lancamento-e-book\\\/memorias-de-enlaces-e-perspectivas-de-pesquisas-trabalhos-em-andamento\\\/\"]}]},{\"@type\":\"ImageObject\",\"inLanguage\":\"pt-BR\",\"@id\":\"https:\\\/\\\/ponteseditores.com.br\\\/loja3\\\/pontes-editores-home-2__trashed\\\/ebook\\\/lancamento-e-book\\\/memorias-de-enlaces-e-perspectivas-de-pesquisas-trabalhos-em-andamento\\\/#primaryimage\",\"url\":\"https:\\\/\\\/ponteseditores.com.br\\\/loja3\\\/wp-content\\\/uploads\\\/2025\\\/03\\\/Capa_Memorias-e-Enlaces-scaled.jpg\",\"contentUrl\":\"https:\\\/\\\/ponteseditores.com.br\\\/loja3\\\/wp-content\\\/uploads\\\/2025\\\/03\\\/Capa_Memorias-e-Enlaces-scaled.jpg\",\"width\":1767,\"height\":2560},{\"@type\":\"BreadcrumbList\",\"@id\":\"https:\\\/\\\/ponteseditores.com.br\\\/loja3\\\/pontes-editores-home-2__trashed\\\/ebook\\\/lancamento-e-book\\\/memorias-de-enlaces-e-perspectivas-de-pesquisas-trabalhos-em-andamento\\\/#breadcrumb\",\"itemListElement\":[{\"@type\":\"ListItem\",\"position\":1,\"name\":\"Home\",\"item\":\"https:\\\/\\\/ponteseditores.com.br\\\/loja3\\\/\"},{\"@type\":\"ListItem\",\"position\":2,\"name\":\"loja\",\"item\":\"https:\\\/\\\/ponteseditores.com.br\\\/loja3\\\/loja\\\/\"},{\"@type\":\"ListItem\",\"position\":3,\"name\":\"Mem\u00f3rias de enlaces e perspectivas de pesquisas: trabalhos em andamento\"}]},{\"@type\":\"WebSite\",\"@id\":\"https:\\\/\\\/ponteseditores.com.br\\\/loja3\\\/#website\",\"url\":\"https:\\\/\\\/ponteseditores.com.br\\\/loja3\\\/\",\"name\":\"Pontes Editores\",\"description\":\"Pontes Editores\",\"publisher\":{\"@id\":\"https:\\\/\\\/ponteseditores.com.br\\\/loja3\\\/#organization\"},\"potentialAction\":[{\"@type\":\"SearchAction\",\"target\":{\"@type\":\"EntryPoint\",\"urlTemplate\":\"https:\\\/\\\/ponteseditores.com.br\\\/loja3\\\/?s={search_term_string}\"},\"query-input\":{\"@type\":\"PropertyValueSpecification\",\"valueRequired\":true,\"valueName\":\"search_term_string\"}}],\"inLanguage\":\"pt-BR\"},{\"@type\":\"Organization\",\"@id\":\"https:\\\/\\\/ponteseditores.com.br\\\/loja3\\\/#organization\",\"name\":\"Pontes Editores\",\"url\":\"https:\\\/\\\/ponteseditores.com.br\\\/loja3\\\/\",\"logo\":{\"@type\":\"ImageObject\",\"inLanguage\":\"pt-BR\",\"@id\":\"https:\\\/\\\/ponteseditores.com.br\\\/loja3\\\/#\\\/schema\\\/logo\\\/image\\\/\",\"url\":\"https:\\\/\\\/ponteseditores.com.br\\\/loja3\\\/wp-content\\\/uploads\\\/2023\\\/12\\\/logo-pontes-editores-v2.png\",\"contentUrl\":\"https:\\\/\\\/ponteseditores.com.br\\\/loja3\\\/wp-content\\\/uploads\\\/2023\\\/12\\\/logo-pontes-editores-v2.png\",\"width\":258,\"height\":100,\"caption\":\"Pontes Editores\"},\"image\":{\"@id\":\"https:\\\/\\\/ponteseditores.com.br\\\/loja3\\\/#\\\/schema\\\/logo\\\/image\\\/\"}}]}<\/script>\n<!-- \/ Yoast SEO plugin. -->","yoast_head_json":{"title":"Mem\u00f3rias de enlaces e perspectivas de pesquisas: trabalhos em andamento - Pontes Editores","robots":{"index":"index","follow":"follow","max-snippet":"max-snippet:-1","max-image-preview":"max-image-preview:large","max-video-preview":"max-video-preview:-1"},"canonical":"https:\/\/ponteseditores.com.br\/loja3\/pontes-editores-home-2__trashed\/ebook\/lancamento-e-book\/memorias-de-enlaces-e-perspectivas-de-pesquisas-trabalhos-em-andamento\/","og_locale":"pt_BR","og_type":"article","og_title":"Mem\u00f3rias de enlaces e perspectivas de pesquisas: trabalhos em andamento - Pontes Editores","og_description":"\u201cMem\u00f3rias de enlaces e perspectivas: trabalhos em andamento\u201d \u00e9 um trabalho resultante de do evento realizado entre os dias 23 a 25 de setembro de 2024, na Universidade Federal de Santa Maria, evento que abarcou o\u00a0XXVII Semin\u00e1rio Corpus \u2013 Laborat\u00f3rio Corpus 25 anos: enlaces e perspectivas (FAPERGS), o V Primavera de pesquisas no Sul: hist\u00f3ria, [&hellip;]","og_url":"https:\/\/ponteseditores.com.br\/loja3\/pontes-editores-home-2__trashed\/ebook\/lancamento-e-book\/memorias-de-enlaces-e-perspectivas-de-pesquisas-trabalhos-em-andamento\/","og_site_name":"Pontes Editores","og_image":[{"width":1767,"height":2560,"url":"https:\/\/ponteseditores.com.br\/loja3\/wp-content\/uploads\/2025\/03\/Capa_Memorias-e-Enlaces-scaled.jpg","type":"image\/jpeg"}],"twitter_card":"summary_large_image","twitter_misc":{"Est. tempo de leitura":"2 minutos"},"schema":{"@context":"https:\/\/schema.org","@graph":[{"@type":"WebPage","@id":"https:\/\/ponteseditores.com.br\/loja3\/pontes-editores-home-2__trashed\/ebook\/lancamento-e-book\/memorias-de-enlaces-e-perspectivas-de-pesquisas-trabalhos-em-andamento\/","url":"https:\/\/ponteseditores.com.br\/loja3\/pontes-editores-home-2__trashed\/ebook\/lancamento-e-book\/memorias-de-enlaces-e-perspectivas-de-pesquisas-trabalhos-em-andamento\/","name":"Mem\u00f3rias de enlaces e perspectivas de pesquisas: trabalhos em andamento - Pontes Editores","isPartOf":{"@id":"https:\/\/ponteseditores.com.br\/loja3\/#website"},"primaryImageOfPage":{"@id":"https:\/\/ponteseditores.com.br\/loja3\/pontes-editores-home-2__trashed\/ebook\/lancamento-e-book\/memorias-de-enlaces-e-perspectivas-de-pesquisas-trabalhos-em-andamento\/#primaryimage"},"image":{"@id":"https:\/\/ponteseditores.com.br\/loja3\/pontes-editores-home-2__trashed\/ebook\/lancamento-e-book\/memorias-de-enlaces-e-perspectivas-de-pesquisas-trabalhos-em-andamento\/#primaryimage"},"thumbnailUrl":"https:\/\/ponteseditores.com.br\/loja3\/wp-content\/uploads\/2025\/03\/Capa_Memorias-e-Enlaces-scaled.jpg","datePublished":"2025-03-24T15:18:29+00:00","breadcrumb":{"@id":"https:\/\/ponteseditores.com.br\/loja3\/pontes-editores-home-2__trashed\/ebook\/lancamento-e-book\/memorias-de-enlaces-e-perspectivas-de-pesquisas-trabalhos-em-andamento\/#breadcrumb"},"inLanguage":"pt-BR","potentialAction":[{"@type":"ReadAction","target":["https:\/\/ponteseditores.com.br\/loja3\/pontes-editores-home-2__trashed\/ebook\/lancamento-e-book\/memorias-de-enlaces-e-perspectivas-de-pesquisas-trabalhos-em-andamento\/"]}]},{"@type":"ImageObject","inLanguage":"pt-BR","@id":"https:\/\/ponteseditores.com.br\/loja3\/pontes-editores-home-2__trashed\/ebook\/lancamento-e-book\/memorias-de-enlaces-e-perspectivas-de-pesquisas-trabalhos-em-andamento\/#primaryimage","url":"https:\/\/ponteseditores.com.br\/loja3\/wp-content\/uploads\/2025\/03\/Capa_Memorias-e-Enlaces-scaled.jpg","contentUrl":"https:\/\/ponteseditores.com.br\/loja3\/wp-content\/uploads\/2025\/03\/Capa_Memorias-e-Enlaces-scaled.jpg","width":1767,"height":2560},{"@type":"BreadcrumbList","@id":"https:\/\/ponteseditores.com.br\/loja3\/pontes-editores-home-2__trashed\/ebook\/lancamento-e-book\/memorias-de-enlaces-e-perspectivas-de-pesquisas-trabalhos-em-andamento\/#breadcrumb","itemListElement":[{"@type":"ListItem","position":1,"name":"Home","item":"https:\/\/ponteseditores.com.br\/loja3\/"},{"@type":"ListItem","position":2,"name":"loja","item":"https:\/\/ponteseditores.com.br\/loja3\/loja\/"},{"@type":"ListItem","position":3,"name":"Mem\u00f3rias de enlaces e perspectivas de pesquisas: trabalhos em andamento"}]},{"@type":"WebSite","@id":"https:\/\/ponteseditores.com.br\/loja3\/#website","url":"https:\/\/ponteseditores.com.br\/loja3\/","name":"Pontes Editores","description":"Pontes Editores","publisher":{"@id":"https:\/\/ponteseditores.com.br\/loja3\/#organization"},"potentialAction":[{"@type":"SearchAction","target":{"@type":"EntryPoint","urlTemplate":"https:\/\/ponteseditores.com.br\/loja3\/?s={search_term_string}"},"query-input":{"@type":"PropertyValueSpecification","valueRequired":true,"valueName":"search_term_string"}}],"inLanguage":"pt-BR"},{"@type":"Organization","@id":"https:\/\/ponteseditores.com.br\/loja3\/#organization","name":"Pontes Editores","url":"https:\/\/ponteseditores.com.br\/loja3\/","logo":{"@type":"ImageObject","inLanguage":"pt-BR","@id":"https:\/\/ponteseditores.com.br\/loja3\/#\/schema\/logo\/image\/","url":"https:\/\/ponteseditores.com.br\/loja3\/wp-content\/uploads\/2023\/12\/logo-pontes-editores-v2.png","contentUrl":"https:\/\/ponteseditores.com.br\/loja3\/wp-content\/uploads\/2023\/12\/logo-pontes-editores-v2.png","width":258,"height":100,"caption":"Pontes Editores"},"image":{"@id":"https:\/\/ponteseditores.com.br\/loja3\/#\/schema\/logo\/image\/"}}]}},"_links":{"self":[{"href":"https:\/\/ponteseditores.com.br\/loja3\/wp-json\/wp\/v2\/product\/23230","targetHints":{"allow":["GET"]}}],"collection":[{"href":"https:\/\/ponteseditores.com.br\/loja3\/wp-json\/wp\/v2\/product"}],"about":[{"href":"https:\/\/ponteseditores.com.br\/loja3\/wp-json\/wp\/v2\/types\/product"}],"replies":[{"embeddable":true,"href":"https:\/\/ponteseditores.com.br\/loja3\/wp-json\/wp\/v2\/comments?post=23230"}],"version-history":[{"count":1,"href":"https:\/\/ponteseditores.com.br\/loja3\/wp-json\/wp\/v2\/product\/23230\/revisions"}],"predecessor-version":[{"id":23233,"href":"https:\/\/ponteseditores.com.br\/loja3\/wp-json\/wp\/v2\/product\/23230\/revisions\/23233"}],"wp:featuredmedia":[{"embeddable":true,"href":"https:\/\/ponteseditores.com.br\/loja3\/wp-json\/wp\/v2\/media\/23232"}],"wp:attachment":[{"href":"https:\/\/ponteseditores.com.br\/loja3\/wp-json\/wp\/v2\/media?parent=23230"}],"wp:term":[{"taxonomy":"product_brand","embeddable":true,"href":"https:\/\/ponteseditores.com.br\/loja3\/wp-json\/wp\/v2\/product_brand?post=23230"},{"taxonomy":"product_cat","embeddable":true,"href":"https:\/\/ponteseditores.com.br\/loja3\/wp-json\/wp\/v2\/product_cat?post=23230"},{"taxonomy":"product_tag","embeddable":true,"href":"https:\/\/ponteseditores.com.br\/loja3\/wp-json\/wp\/v2\/product_tag?post=23230"}],"curies":[{"name":"wp","href":"https:\/\/api.w.org\/{rel}","templated":true}]}}