{"id":23002,"date":"2025-03-17T11:07:37","date_gmt":"2025-03-17T14:07:37","guid":{"rendered":"https:\/\/ponteseditores.com.br\/loja3\/?post_type=product&#038;p=23002"},"modified":"2025-03-17T11:07:37","modified_gmt":"2025-03-17T14:07:37","slug":"a-critica-como-formacao-um-olhar-reflexivo-sobre-o-teatro-em-araraquara","status":"publish","type":"product","link":"https:\/\/ponteseditores.com.br\/loja3\/pontes-editores-home-2__trashed\/ebook\/lancamento-e-book\/a-critica-como-formacao-um-olhar-reflexivo-sobre-o-teatro-em-araraquara\/","title":{"rendered":"A cr\u00edtica como forma\u00e7\u00e3o: um olhar reflexivo sobre o teatro em Araraquara"},"content":{"rendered":"<p>Resultado de duas oficinas sobre cr\u00edtica teatral oferecidas nas programa\u00e7\u00f5es da SLAMC &#8211; Semana Lu\u00eds Antonio Martinez Corr\u00eaa &#8211; festival de teatro da cidade de Araraquara\/SP, nos anos de 2023 e 2024, o livro <em>A cr\u00edtica como forma\u00e7\u00e3o<\/em>: um olhar reflexivo sobre o teatro em Araraquara revela o forte engajamento hist\u00f3rico da cidade com as artes c\u00eanicas e favorece o processo de registro teatral, dessa que \u00e9 uma arte de estrutura ef\u00eamera. Ministradas por Guilherme Diniz, durante as oficinas foram apresentadas aos participantes as possibilidades de observa\u00e7\u00e3o e de an\u00e1lise do fazer teatral, somadas a uma reflex\u00e3o sobre o papel da cr\u00edtica teatral no mundo contempor\u00e2neo.<\/p>\n<p>O livro re\u00fane mais de trinta textos cr\u00edticos\/reflexivos acerca das montagens c\u00eanicas nacionais representadas na cidade de Araraquara\/SP ao longo das 35\u00ba e 36\u00ba edi\u00e7\u00f5es da SLAMC. Um exerc\u00edcio fundamental em defesa das artes e da cultura. E foi organizado pelo Programa de P\u00f3s-Gradua\u00e7\u00e3o em Estudos Liter\u00e1rios da Faculdade de Ci\u00eancias e Letras da Unesp, em colabora\u00e7\u00e3o com a Secretaria de Cultura do munic\u00edpio.<\/p>\n<p>&nbsp;<\/p>\n","protected":false},"excerpt":{"rendered":"<p>Resultado de duas oficinas sobre cr\u00edtica teatral oferecidas nas programa\u00e7\u00f5es da SLAMC &#8211; Semana Lu\u00eds Antonio Martinez Corr\u00eaa &#8211; festival de teatro da cidade de Araraquara\/SP, nos anos de 2023 e 2024, o livro A cr\u00edtica como forma\u00e7\u00e3o: um olhar reflexivo sobre o teatro em Araraquara revela o forte engajamento hist\u00f3rico da cidade com as [&hellip;]<\/p>\n","protected":false},"featured_media":23004,"comment_status":"open","ping_status":"closed","template":"","meta":{"_joinchat":[]},"product_brand":[],"product_cat":[165,386],"product_tag":[],"class_list":{"0":"post-23002","1":"product","2":"type-product","3":"status-publish","4":"has-post-thumbnail","6":"product_cat-ebook","7":"product_cat-lancamento-e-book","9":"first","10":"instock","11":"downloadable","12":"virtual","13":"purchasable","14":"product-type-simple"},"yoast_head":"<!-- This site is optimized with the Yoast SEO plugin v27.4 - https:\/\/yoast.com\/product\/yoast-seo-wordpress\/ -->\n<title>A cr\u00edtica como forma\u00e7\u00e3o: um olhar reflexivo sobre o teatro em Araraquara - Pontes Editores<\/title>\n<meta name=\"robots\" content=\"index, follow, max-snippet:-1, max-image-preview:large, max-video-preview:-1\" \/>\n<link rel=\"canonical\" href=\"https:\/\/ponteseditores.com.br\/loja3\/pontes-editores-home-2__trashed\/ebook\/lancamento-e-book\/a-critica-como-formacao-um-olhar-reflexivo-sobre-o-teatro-em-araraquara\/\" \/>\n<meta property=\"og:locale\" content=\"pt_BR\" \/>\n<meta property=\"og:type\" content=\"article\" \/>\n<meta property=\"og:title\" content=\"A cr\u00edtica como forma\u00e7\u00e3o: um olhar reflexivo sobre o teatro em Araraquara - Pontes Editores\" \/>\n<meta property=\"og:description\" content=\"Resultado de duas oficinas sobre cr\u00edtica teatral oferecidas nas programa\u00e7\u00f5es da SLAMC &#8211; Semana Lu\u00eds Antonio Martinez Corr\u00eaa &#8211; festival de teatro da cidade de Araraquara\/SP, nos anos de 2023 e 2024, o livro A cr\u00edtica como forma\u00e7\u00e3o: um olhar reflexivo sobre o teatro em Araraquara revela o forte engajamento hist\u00f3rico da cidade com as [&hellip;]\" \/>\n<meta property=\"og:url\" content=\"https:\/\/ponteseditores.com.br\/loja3\/pontes-editores-home-2__trashed\/ebook\/lancamento-e-book\/a-critica-como-formacao-um-olhar-reflexivo-sobre-o-teatro-em-araraquara\/\" \/>\n<meta property=\"og:site_name\" content=\"Pontes Editores\" \/>\n<meta property=\"og:image\" content=\"https:\/\/ponteseditores.com.br\/loja3\/wp-content\/uploads\/2025\/03\/Capa_Critica-Como-Formacao-scaled.jpg\" \/>\n\t<meta property=\"og:image:width\" content=\"1685\" \/>\n\t<meta property=\"og:image:height\" content=\"2560\" \/>\n\t<meta property=\"og:image:type\" content=\"image\/jpeg\" \/>\n<meta name=\"twitter:card\" content=\"summary_large_image\" \/>\n<meta name=\"twitter:label1\" content=\"Est. tempo de leitura\" \/>\n\t<meta name=\"twitter:data1\" content=\"1 minuto\" \/>\n<script type=\"application\/ld+json\" class=\"yoast-schema-graph\">{\"@context\":\"https:\\\/\\\/schema.org\",\"@graph\":[{\"@type\":\"WebPage\",\"@id\":\"https:\\\/\\\/ponteseditores.com.br\\\/loja3\\\/pontes-editores-home-2__trashed\\\/ebook\\\/lancamento-e-book\\\/a-critica-como-formacao-um-olhar-reflexivo-sobre-o-teatro-em-araraquara\\\/\",\"url\":\"https:\\\/\\\/ponteseditores.com.br\\\/loja3\\\/pontes-editores-home-2__trashed\\\/ebook\\\/lancamento-e-book\\\/a-critica-como-formacao-um-olhar-reflexivo-sobre-o-teatro-em-araraquara\\\/\",\"name\":\"A cr\u00edtica como forma\u00e7\u00e3o: um olhar reflexivo sobre o teatro em Araraquara - Pontes Editores\",\"isPartOf\":{\"@id\":\"https:\\\/\\\/ponteseditores.com.br\\\/loja3\\\/#website\"},\"primaryImageOfPage\":{\"@id\":\"https:\\\/\\\/ponteseditores.com.br\\\/loja3\\\/pontes-editores-home-2__trashed\\\/ebook\\\/lancamento-e-book\\\/a-critica-como-formacao-um-olhar-reflexivo-sobre-o-teatro-em-araraquara\\\/#primaryimage\"},\"image\":{\"@id\":\"https:\\\/\\\/ponteseditores.com.br\\\/loja3\\\/pontes-editores-home-2__trashed\\\/ebook\\\/lancamento-e-book\\\/a-critica-como-formacao-um-olhar-reflexivo-sobre-o-teatro-em-araraquara\\\/#primaryimage\"},\"thumbnailUrl\":\"https:\\\/\\\/ponteseditores.com.br\\\/loja3\\\/wp-content\\\/uploads\\\/2025\\\/03\\\/Capa_Critica-Como-Formacao-scaled.jpg\",\"datePublished\":\"2025-03-17T14:07:37+00:00\",\"breadcrumb\":{\"@id\":\"https:\\\/\\\/ponteseditores.com.br\\\/loja3\\\/pontes-editores-home-2__trashed\\\/ebook\\\/lancamento-e-book\\\/a-critica-como-formacao-um-olhar-reflexivo-sobre-o-teatro-em-araraquara\\\/#breadcrumb\"},\"inLanguage\":\"pt-BR\",\"potentialAction\":[{\"@type\":\"ReadAction\",\"target\":[\"https:\\\/\\\/ponteseditores.com.br\\\/loja3\\\/pontes-editores-home-2__trashed\\\/ebook\\\/lancamento-e-book\\\/a-critica-como-formacao-um-olhar-reflexivo-sobre-o-teatro-em-araraquara\\\/\"]}]},{\"@type\":\"ImageObject\",\"inLanguage\":\"pt-BR\",\"@id\":\"https:\\\/\\\/ponteseditores.com.br\\\/loja3\\\/pontes-editores-home-2__trashed\\\/ebook\\\/lancamento-e-book\\\/a-critica-como-formacao-um-olhar-reflexivo-sobre-o-teatro-em-araraquara\\\/#primaryimage\",\"url\":\"https:\\\/\\\/ponteseditores.com.br\\\/loja3\\\/wp-content\\\/uploads\\\/2025\\\/03\\\/Capa_Critica-Como-Formacao-scaled.jpg\",\"contentUrl\":\"https:\\\/\\\/ponteseditores.com.br\\\/loja3\\\/wp-content\\\/uploads\\\/2025\\\/03\\\/Capa_Critica-Como-Formacao-scaled.jpg\",\"width\":1685,\"height\":2560},{\"@type\":\"BreadcrumbList\",\"@id\":\"https:\\\/\\\/ponteseditores.com.br\\\/loja3\\\/pontes-editores-home-2__trashed\\\/ebook\\\/lancamento-e-book\\\/a-critica-como-formacao-um-olhar-reflexivo-sobre-o-teatro-em-araraquara\\\/#breadcrumb\",\"itemListElement\":[{\"@type\":\"ListItem\",\"position\":1,\"name\":\"Home\",\"item\":\"https:\\\/\\\/ponteseditores.com.br\\\/loja3\\\/\"},{\"@type\":\"ListItem\",\"position\":2,\"name\":\"loja\",\"item\":\"https:\\\/\\\/ponteseditores.com.br\\\/loja3\\\/loja\\\/\"},{\"@type\":\"ListItem\",\"position\":3,\"name\":\"A cr\u00edtica como forma\u00e7\u00e3o: um olhar reflexivo sobre o teatro em Araraquara\"}]},{\"@type\":\"WebSite\",\"@id\":\"https:\\\/\\\/ponteseditores.com.br\\\/loja3\\\/#website\",\"url\":\"https:\\\/\\\/ponteseditores.com.br\\\/loja3\\\/\",\"name\":\"Pontes Editores\",\"description\":\"Pontes Editores\",\"publisher\":{\"@id\":\"https:\\\/\\\/ponteseditores.com.br\\\/loja3\\\/#organization\"},\"potentialAction\":[{\"@type\":\"SearchAction\",\"target\":{\"@type\":\"EntryPoint\",\"urlTemplate\":\"https:\\\/\\\/ponteseditores.com.br\\\/loja3\\\/?s={search_term_string}\"},\"query-input\":{\"@type\":\"PropertyValueSpecification\",\"valueRequired\":true,\"valueName\":\"search_term_string\"}}],\"inLanguage\":\"pt-BR\"},{\"@type\":\"Organization\",\"@id\":\"https:\\\/\\\/ponteseditores.com.br\\\/loja3\\\/#organization\",\"name\":\"Pontes Editores\",\"url\":\"https:\\\/\\\/ponteseditores.com.br\\\/loja3\\\/\",\"logo\":{\"@type\":\"ImageObject\",\"inLanguage\":\"pt-BR\",\"@id\":\"https:\\\/\\\/ponteseditores.com.br\\\/loja3\\\/#\\\/schema\\\/logo\\\/image\\\/\",\"url\":\"https:\\\/\\\/ponteseditores.com.br\\\/loja3\\\/wp-content\\\/uploads\\\/2023\\\/12\\\/logo-pontes-editores-v2.png\",\"contentUrl\":\"https:\\\/\\\/ponteseditores.com.br\\\/loja3\\\/wp-content\\\/uploads\\\/2023\\\/12\\\/logo-pontes-editores-v2.png\",\"width\":258,\"height\":100,\"caption\":\"Pontes Editores\"},\"image\":{\"@id\":\"https:\\\/\\\/ponteseditores.com.br\\\/loja3\\\/#\\\/schema\\\/logo\\\/image\\\/\"}}]}<\/script>\n<!-- \/ Yoast SEO plugin. -->","yoast_head_json":{"title":"A cr\u00edtica como forma\u00e7\u00e3o: um olhar reflexivo sobre o teatro em Araraquara - Pontes Editores","robots":{"index":"index","follow":"follow","max-snippet":"max-snippet:-1","max-image-preview":"max-image-preview:large","max-video-preview":"max-video-preview:-1"},"canonical":"https:\/\/ponteseditores.com.br\/loja3\/pontes-editores-home-2__trashed\/ebook\/lancamento-e-book\/a-critica-como-formacao-um-olhar-reflexivo-sobre-o-teatro-em-araraquara\/","og_locale":"pt_BR","og_type":"article","og_title":"A cr\u00edtica como forma\u00e7\u00e3o: um olhar reflexivo sobre o teatro em Araraquara - Pontes Editores","og_description":"Resultado de duas oficinas sobre cr\u00edtica teatral oferecidas nas programa\u00e7\u00f5es da SLAMC &#8211; Semana Lu\u00eds Antonio Martinez Corr\u00eaa &#8211; festival de teatro da cidade de Araraquara\/SP, nos anos de 2023 e 2024, o livro A cr\u00edtica como forma\u00e7\u00e3o: um olhar reflexivo sobre o teatro em Araraquara revela o forte engajamento hist\u00f3rico da cidade com as [&hellip;]","og_url":"https:\/\/ponteseditores.com.br\/loja3\/pontes-editores-home-2__trashed\/ebook\/lancamento-e-book\/a-critica-como-formacao-um-olhar-reflexivo-sobre-o-teatro-em-araraquara\/","og_site_name":"Pontes Editores","og_image":[{"width":1685,"height":2560,"url":"https:\/\/ponteseditores.com.br\/loja3\/wp-content\/uploads\/2025\/03\/Capa_Critica-Como-Formacao-scaled.jpg","type":"image\/jpeg"}],"twitter_card":"summary_large_image","twitter_misc":{"Est. tempo de leitura":"1 minuto"},"schema":{"@context":"https:\/\/schema.org","@graph":[{"@type":"WebPage","@id":"https:\/\/ponteseditores.com.br\/loja3\/pontes-editores-home-2__trashed\/ebook\/lancamento-e-book\/a-critica-como-formacao-um-olhar-reflexivo-sobre-o-teatro-em-araraquara\/","url":"https:\/\/ponteseditores.com.br\/loja3\/pontes-editores-home-2__trashed\/ebook\/lancamento-e-book\/a-critica-como-formacao-um-olhar-reflexivo-sobre-o-teatro-em-araraquara\/","name":"A cr\u00edtica como forma\u00e7\u00e3o: um olhar reflexivo sobre o teatro em Araraquara - Pontes Editores","isPartOf":{"@id":"https:\/\/ponteseditores.com.br\/loja3\/#website"},"primaryImageOfPage":{"@id":"https:\/\/ponteseditores.com.br\/loja3\/pontes-editores-home-2__trashed\/ebook\/lancamento-e-book\/a-critica-como-formacao-um-olhar-reflexivo-sobre-o-teatro-em-araraquara\/#primaryimage"},"image":{"@id":"https:\/\/ponteseditores.com.br\/loja3\/pontes-editores-home-2__trashed\/ebook\/lancamento-e-book\/a-critica-como-formacao-um-olhar-reflexivo-sobre-o-teatro-em-araraquara\/#primaryimage"},"thumbnailUrl":"https:\/\/ponteseditores.com.br\/loja3\/wp-content\/uploads\/2025\/03\/Capa_Critica-Como-Formacao-scaled.jpg","datePublished":"2025-03-17T14:07:37+00:00","breadcrumb":{"@id":"https:\/\/ponteseditores.com.br\/loja3\/pontes-editores-home-2__trashed\/ebook\/lancamento-e-book\/a-critica-como-formacao-um-olhar-reflexivo-sobre-o-teatro-em-araraquara\/#breadcrumb"},"inLanguage":"pt-BR","potentialAction":[{"@type":"ReadAction","target":["https:\/\/ponteseditores.com.br\/loja3\/pontes-editores-home-2__trashed\/ebook\/lancamento-e-book\/a-critica-como-formacao-um-olhar-reflexivo-sobre-o-teatro-em-araraquara\/"]}]},{"@type":"ImageObject","inLanguage":"pt-BR","@id":"https:\/\/ponteseditores.com.br\/loja3\/pontes-editores-home-2__trashed\/ebook\/lancamento-e-book\/a-critica-como-formacao-um-olhar-reflexivo-sobre-o-teatro-em-araraquara\/#primaryimage","url":"https:\/\/ponteseditores.com.br\/loja3\/wp-content\/uploads\/2025\/03\/Capa_Critica-Como-Formacao-scaled.jpg","contentUrl":"https:\/\/ponteseditores.com.br\/loja3\/wp-content\/uploads\/2025\/03\/Capa_Critica-Como-Formacao-scaled.jpg","width":1685,"height":2560},{"@type":"BreadcrumbList","@id":"https:\/\/ponteseditores.com.br\/loja3\/pontes-editores-home-2__trashed\/ebook\/lancamento-e-book\/a-critica-como-formacao-um-olhar-reflexivo-sobre-o-teatro-em-araraquara\/#breadcrumb","itemListElement":[{"@type":"ListItem","position":1,"name":"Home","item":"https:\/\/ponteseditores.com.br\/loja3\/"},{"@type":"ListItem","position":2,"name":"loja","item":"https:\/\/ponteseditores.com.br\/loja3\/loja\/"},{"@type":"ListItem","position":3,"name":"A cr\u00edtica como forma\u00e7\u00e3o: um olhar reflexivo sobre o teatro em Araraquara"}]},{"@type":"WebSite","@id":"https:\/\/ponteseditores.com.br\/loja3\/#website","url":"https:\/\/ponteseditores.com.br\/loja3\/","name":"Pontes Editores","description":"Pontes Editores","publisher":{"@id":"https:\/\/ponteseditores.com.br\/loja3\/#organization"},"potentialAction":[{"@type":"SearchAction","target":{"@type":"EntryPoint","urlTemplate":"https:\/\/ponteseditores.com.br\/loja3\/?s={search_term_string}"},"query-input":{"@type":"PropertyValueSpecification","valueRequired":true,"valueName":"search_term_string"}}],"inLanguage":"pt-BR"},{"@type":"Organization","@id":"https:\/\/ponteseditores.com.br\/loja3\/#organization","name":"Pontes Editores","url":"https:\/\/ponteseditores.com.br\/loja3\/","logo":{"@type":"ImageObject","inLanguage":"pt-BR","@id":"https:\/\/ponteseditores.com.br\/loja3\/#\/schema\/logo\/image\/","url":"https:\/\/ponteseditores.com.br\/loja3\/wp-content\/uploads\/2023\/12\/logo-pontes-editores-v2.png","contentUrl":"https:\/\/ponteseditores.com.br\/loja3\/wp-content\/uploads\/2023\/12\/logo-pontes-editores-v2.png","width":258,"height":100,"caption":"Pontes Editores"},"image":{"@id":"https:\/\/ponteseditores.com.br\/loja3\/#\/schema\/logo\/image\/"}}]}},"_links":{"self":[{"href":"https:\/\/ponteseditores.com.br\/loja3\/wp-json\/wp\/v2\/product\/23002","targetHints":{"allow":["GET"]}}],"collection":[{"href":"https:\/\/ponteseditores.com.br\/loja3\/wp-json\/wp\/v2\/product"}],"about":[{"href":"https:\/\/ponteseditores.com.br\/loja3\/wp-json\/wp\/v2\/types\/product"}],"replies":[{"embeddable":true,"href":"https:\/\/ponteseditores.com.br\/loja3\/wp-json\/wp\/v2\/comments?post=23002"}],"version-history":[{"count":1,"href":"https:\/\/ponteseditores.com.br\/loja3\/wp-json\/wp\/v2\/product\/23002\/revisions"}],"predecessor-version":[{"id":23005,"href":"https:\/\/ponteseditores.com.br\/loja3\/wp-json\/wp\/v2\/product\/23002\/revisions\/23005"}],"wp:featuredmedia":[{"embeddable":true,"href":"https:\/\/ponteseditores.com.br\/loja3\/wp-json\/wp\/v2\/media\/23004"}],"wp:attachment":[{"href":"https:\/\/ponteseditores.com.br\/loja3\/wp-json\/wp\/v2\/media?parent=23002"}],"wp:term":[{"taxonomy":"product_brand","embeddable":true,"href":"https:\/\/ponteseditores.com.br\/loja3\/wp-json\/wp\/v2\/product_brand?post=23002"},{"taxonomy":"product_cat","embeddable":true,"href":"https:\/\/ponteseditores.com.br\/loja3\/wp-json\/wp\/v2\/product_cat?post=23002"},{"taxonomy":"product_tag","embeddable":true,"href":"https:\/\/ponteseditores.com.br\/loja3\/wp-json\/wp\/v2\/product_tag?post=23002"}],"curies":[{"name":"wp","href":"https:\/\/api.w.org\/{rel}","templated":true}]}}