{"id":22542,"date":"2025-03-06T14:58:26","date_gmt":"2025-03-06T17:58:26","guid":{"rendered":"https:\/\/ponteseditores.com.br\/loja3\/?post_type=product&#038;p=22542"},"modified":"2025-03-06T14:58:26","modified_gmt":"2025-03-06T17:58:26","slug":"para-brasileiro-ver-os-britanicos-e-a-escravidao-no-brasil","status":"publish","type":"product","link":"https:\/\/ponteseditores.com.br\/loja3\/pontes-editores-home-2__trashed\/ebook\/lancamento-e-book\/para-brasileiro-ver-os-britanicos-e-a-escravidao-no-brasil\/","title":{"rendered":"Para Brasileiro Ver: os brit\u00e2nicos e a escravid\u00e3o no Brasil"},"content":{"rendered":"<p>Nos \u00faltimos anos temos visto no Brasil um processo de mudan\u00e7as trabalhistas e continuamos ouvindo considera\u00e7\u00f5es que remetem ao per\u00edodo final do s\u00e9culo XIX, quando as discuss\u00f5es sobre a aboli\u00e7\u00e3o da escravatura se intensificaram. Desde ent\u00e3o, todas as melhorias nos mundos do trabalho s\u00e3o acompanhadas de frases como \u201co pa\u00eds vai quebrar\u201d e \u201cquem vai pagar por isso?\u201d, dentre outras. H\u00e1 150 anos a aboli\u00e7\u00e3o quebraria o pa\u00eds, j\u00e1 no s\u00e9culo XX seria o sal\u00e1rio m\u00ednimo, a proibi\u00e7\u00e3o do trabalho infantil, o d\u00e9cimo terceiro sal\u00e1rio etc. e, mais recentemente, o fim da escala de trabalho 6X1.<\/p>\n<p>O Brasil \u00e9 um dos pa\u00edses com maior concentra\u00e7\u00e3o de renda e as elites parecem determinadas a continuar ostentando este t\u00edtulo. Este livro ajuda a compreender um pouco da nossa hist\u00f3ria em pelo menos tr\u00eas frentes. A primeira se d\u00e1 ao problematizar o in\u00edcio de tais conjecturas aterrorizantes, que visavam, e ainda visam, fazer os trabalhadores aceitarem a sujei\u00e7\u00e3o a eles imposta. A segunda, ao coloca-la em conex\u00e3o com o panorama internacional de crescimento do capitalismo e inser\u00e7\u00e3o do pa\u00eds dentro da divis\u00e3o internacional do trabalho, trazendo o posicionamento de cidad\u00e3os brit\u00e2nicos sobre o tema.<\/p>\n<p>E, por fim, ao descortinar como interesses capitalistas se colocam acima de perspectivas humanit\u00e1rias.<\/p>\n","protected":false},"excerpt":{"rendered":"<p>Nos \u00faltimos anos temos visto no Brasil um processo de mudan\u00e7as trabalhistas e continuamos ouvindo considera\u00e7\u00f5es que remetem ao per\u00edodo final do s\u00e9culo XIX, quando as discuss\u00f5es sobre a aboli\u00e7\u00e3o da escravatura se intensificaram. Desde ent\u00e3o, todas as melhorias nos mundos do trabalho s\u00e3o acompanhadas de frases como \u201co pa\u00eds vai quebrar\u201d e \u201cquem vai [&hellip;]<\/p>\n","protected":false},"featured_media":22544,"comment_status":"open","ping_status":"closed","template":"","meta":{"_joinchat":[]},"product_brand":[],"product_cat":[165,386],"product_tag":[],"class_list":{"0":"post-22542","1":"product","2":"type-product","3":"status-publish","4":"has-post-thumbnail","6":"product_cat-ebook","7":"product_cat-lancamento-e-book","9":"first","10":"instock","11":"downloadable","12":"virtual","13":"purchasable","14":"product-type-simple"},"yoast_head":"<!-- This site is optimized with the Yoast SEO plugin v27.4 - https:\/\/yoast.com\/product\/yoast-seo-wordpress\/ -->\n<title>Para Brasileiro Ver: os brit\u00e2nicos e a escravid\u00e3o no Brasil - Pontes Editores<\/title>\n<meta name=\"robots\" content=\"index, follow, max-snippet:-1, max-image-preview:large, max-video-preview:-1\" \/>\n<link rel=\"canonical\" href=\"https:\/\/ponteseditores.com.br\/loja3\/pontes-editores-home-2__trashed\/ebook\/lancamento-e-book\/para-brasileiro-ver-os-britanicos-e-a-escravidao-no-brasil\/\" \/>\n<meta property=\"og:locale\" content=\"pt_BR\" \/>\n<meta property=\"og:type\" content=\"article\" \/>\n<meta property=\"og:title\" content=\"Para Brasileiro Ver: os brit\u00e2nicos e a escravid\u00e3o no Brasil - Pontes Editores\" \/>\n<meta property=\"og:description\" content=\"Nos \u00faltimos anos temos visto no Brasil um processo de mudan\u00e7as trabalhistas e continuamos ouvindo considera\u00e7\u00f5es que remetem ao per\u00edodo final do s\u00e9culo XIX, quando as discuss\u00f5es sobre a aboli\u00e7\u00e3o da escravatura se intensificaram. Desde ent\u00e3o, todas as melhorias nos mundos do trabalho s\u00e3o acompanhadas de frases como \u201co pa\u00eds vai quebrar\u201d e \u201cquem vai [&hellip;]\" \/>\n<meta property=\"og:url\" content=\"https:\/\/ponteseditores.com.br\/loja3\/pontes-editores-home-2__trashed\/ebook\/lancamento-e-book\/para-brasileiro-ver-os-britanicos-e-a-escravidao-no-brasil\/\" \/>\n<meta property=\"og:site_name\" content=\"Pontes Editores\" \/>\n<meta property=\"og:image\" content=\"https:\/\/ponteseditores.com.br\/loja3\/wp-content\/uploads\/2025\/03\/Capa_Para-Brasileiro-scaled.jpg\" \/>\n\t<meta property=\"og:image:width\" content=\"1685\" \/>\n\t<meta property=\"og:image:height\" content=\"2560\" \/>\n\t<meta property=\"og:image:type\" content=\"image\/jpeg\" \/>\n<meta name=\"twitter:card\" content=\"summary_large_image\" \/>\n<meta name=\"twitter:label1\" content=\"Est. tempo de leitura\" \/>\n\t<meta name=\"twitter:data1\" content=\"2 minutos\" \/>\n<script type=\"application\/ld+json\" class=\"yoast-schema-graph\">{\"@context\":\"https:\\\/\\\/schema.org\",\"@graph\":[{\"@type\":\"WebPage\",\"@id\":\"https:\\\/\\\/ponteseditores.com.br\\\/loja3\\\/pontes-editores-home-2__trashed\\\/ebook\\\/lancamento-e-book\\\/para-brasileiro-ver-os-britanicos-e-a-escravidao-no-brasil\\\/\",\"url\":\"https:\\\/\\\/ponteseditores.com.br\\\/loja3\\\/pontes-editores-home-2__trashed\\\/ebook\\\/lancamento-e-book\\\/para-brasileiro-ver-os-britanicos-e-a-escravidao-no-brasil\\\/\",\"name\":\"Para Brasileiro Ver: os brit\u00e2nicos e a escravid\u00e3o no Brasil - Pontes Editores\",\"isPartOf\":{\"@id\":\"https:\\\/\\\/ponteseditores.com.br\\\/loja3\\\/#website\"},\"primaryImageOfPage\":{\"@id\":\"https:\\\/\\\/ponteseditores.com.br\\\/loja3\\\/pontes-editores-home-2__trashed\\\/ebook\\\/lancamento-e-book\\\/para-brasileiro-ver-os-britanicos-e-a-escravidao-no-brasil\\\/#primaryimage\"},\"image\":{\"@id\":\"https:\\\/\\\/ponteseditores.com.br\\\/loja3\\\/pontes-editores-home-2__trashed\\\/ebook\\\/lancamento-e-book\\\/para-brasileiro-ver-os-britanicos-e-a-escravidao-no-brasil\\\/#primaryimage\"},\"thumbnailUrl\":\"https:\\\/\\\/ponteseditores.com.br\\\/loja3\\\/wp-content\\\/uploads\\\/2025\\\/03\\\/Capa_Para-Brasileiro-scaled.jpg\",\"datePublished\":\"2025-03-06T17:58:26+00:00\",\"breadcrumb\":{\"@id\":\"https:\\\/\\\/ponteseditores.com.br\\\/loja3\\\/pontes-editores-home-2__trashed\\\/ebook\\\/lancamento-e-book\\\/para-brasileiro-ver-os-britanicos-e-a-escravidao-no-brasil\\\/#breadcrumb\"},\"inLanguage\":\"pt-BR\",\"potentialAction\":[{\"@type\":\"ReadAction\",\"target\":[\"https:\\\/\\\/ponteseditores.com.br\\\/loja3\\\/pontes-editores-home-2__trashed\\\/ebook\\\/lancamento-e-book\\\/para-brasileiro-ver-os-britanicos-e-a-escravidao-no-brasil\\\/\"]}]},{\"@type\":\"ImageObject\",\"inLanguage\":\"pt-BR\",\"@id\":\"https:\\\/\\\/ponteseditores.com.br\\\/loja3\\\/pontes-editores-home-2__trashed\\\/ebook\\\/lancamento-e-book\\\/para-brasileiro-ver-os-britanicos-e-a-escravidao-no-brasil\\\/#primaryimage\",\"url\":\"https:\\\/\\\/ponteseditores.com.br\\\/loja3\\\/wp-content\\\/uploads\\\/2025\\\/03\\\/Capa_Para-Brasileiro-scaled.jpg\",\"contentUrl\":\"https:\\\/\\\/ponteseditores.com.br\\\/loja3\\\/wp-content\\\/uploads\\\/2025\\\/03\\\/Capa_Para-Brasileiro-scaled.jpg\",\"width\":1685,\"height\":2560},{\"@type\":\"BreadcrumbList\",\"@id\":\"https:\\\/\\\/ponteseditores.com.br\\\/loja3\\\/pontes-editores-home-2__trashed\\\/ebook\\\/lancamento-e-book\\\/para-brasileiro-ver-os-britanicos-e-a-escravidao-no-brasil\\\/#breadcrumb\",\"itemListElement\":[{\"@type\":\"ListItem\",\"position\":1,\"name\":\"Home\",\"item\":\"https:\\\/\\\/ponteseditores.com.br\\\/loja3\\\/\"},{\"@type\":\"ListItem\",\"position\":2,\"name\":\"loja\",\"item\":\"https:\\\/\\\/ponteseditores.com.br\\\/loja3\\\/loja\\\/\"},{\"@type\":\"ListItem\",\"position\":3,\"name\":\"Para Brasileiro Ver: os brit\u00e2nicos e a escravid\u00e3o no Brasil\"}]},{\"@type\":\"WebSite\",\"@id\":\"https:\\\/\\\/ponteseditores.com.br\\\/loja3\\\/#website\",\"url\":\"https:\\\/\\\/ponteseditores.com.br\\\/loja3\\\/\",\"name\":\"Pontes Editores\",\"description\":\"Pontes Editores\",\"publisher\":{\"@id\":\"https:\\\/\\\/ponteseditores.com.br\\\/loja3\\\/#organization\"},\"potentialAction\":[{\"@type\":\"SearchAction\",\"target\":{\"@type\":\"EntryPoint\",\"urlTemplate\":\"https:\\\/\\\/ponteseditores.com.br\\\/loja3\\\/?s={search_term_string}\"},\"query-input\":{\"@type\":\"PropertyValueSpecification\",\"valueRequired\":true,\"valueName\":\"search_term_string\"}}],\"inLanguage\":\"pt-BR\"},{\"@type\":\"Organization\",\"@id\":\"https:\\\/\\\/ponteseditores.com.br\\\/loja3\\\/#organization\",\"name\":\"Pontes Editores\",\"url\":\"https:\\\/\\\/ponteseditores.com.br\\\/loja3\\\/\",\"logo\":{\"@type\":\"ImageObject\",\"inLanguage\":\"pt-BR\",\"@id\":\"https:\\\/\\\/ponteseditores.com.br\\\/loja3\\\/#\\\/schema\\\/logo\\\/image\\\/\",\"url\":\"https:\\\/\\\/ponteseditores.com.br\\\/loja3\\\/wp-content\\\/uploads\\\/2023\\\/12\\\/logo-pontes-editores-v2.png\",\"contentUrl\":\"https:\\\/\\\/ponteseditores.com.br\\\/loja3\\\/wp-content\\\/uploads\\\/2023\\\/12\\\/logo-pontes-editores-v2.png\",\"width\":258,\"height\":100,\"caption\":\"Pontes Editores\"},\"image\":{\"@id\":\"https:\\\/\\\/ponteseditores.com.br\\\/loja3\\\/#\\\/schema\\\/logo\\\/image\\\/\"}}]}<\/script>\n<!-- \/ Yoast SEO plugin. -->","yoast_head_json":{"title":"Para Brasileiro Ver: os brit\u00e2nicos e a escravid\u00e3o no Brasil - Pontes Editores","robots":{"index":"index","follow":"follow","max-snippet":"max-snippet:-1","max-image-preview":"max-image-preview:large","max-video-preview":"max-video-preview:-1"},"canonical":"https:\/\/ponteseditores.com.br\/loja3\/pontes-editores-home-2__trashed\/ebook\/lancamento-e-book\/para-brasileiro-ver-os-britanicos-e-a-escravidao-no-brasil\/","og_locale":"pt_BR","og_type":"article","og_title":"Para Brasileiro Ver: os brit\u00e2nicos e a escravid\u00e3o no Brasil - Pontes Editores","og_description":"Nos \u00faltimos anos temos visto no Brasil um processo de mudan\u00e7as trabalhistas e continuamos ouvindo considera\u00e7\u00f5es que remetem ao per\u00edodo final do s\u00e9culo XIX, quando as discuss\u00f5es sobre a aboli\u00e7\u00e3o da escravatura se intensificaram. Desde ent\u00e3o, todas as melhorias nos mundos do trabalho s\u00e3o acompanhadas de frases como \u201co pa\u00eds vai quebrar\u201d e \u201cquem vai [&hellip;]","og_url":"https:\/\/ponteseditores.com.br\/loja3\/pontes-editores-home-2__trashed\/ebook\/lancamento-e-book\/para-brasileiro-ver-os-britanicos-e-a-escravidao-no-brasil\/","og_site_name":"Pontes Editores","og_image":[{"width":1685,"height":2560,"url":"https:\/\/ponteseditores.com.br\/loja3\/wp-content\/uploads\/2025\/03\/Capa_Para-Brasileiro-scaled.jpg","type":"image\/jpeg"}],"twitter_card":"summary_large_image","twitter_misc":{"Est. tempo de leitura":"2 minutos"},"schema":{"@context":"https:\/\/schema.org","@graph":[{"@type":"WebPage","@id":"https:\/\/ponteseditores.com.br\/loja3\/pontes-editores-home-2__trashed\/ebook\/lancamento-e-book\/para-brasileiro-ver-os-britanicos-e-a-escravidao-no-brasil\/","url":"https:\/\/ponteseditores.com.br\/loja3\/pontes-editores-home-2__trashed\/ebook\/lancamento-e-book\/para-brasileiro-ver-os-britanicos-e-a-escravidao-no-brasil\/","name":"Para Brasileiro Ver: os brit\u00e2nicos e a escravid\u00e3o no Brasil - Pontes Editores","isPartOf":{"@id":"https:\/\/ponteseditores.com.br\/loja3\/#website"},"primaryImageOfPage":{"@id":"https:\/\/ponteseditores.com.br\/loja3\/pontes-editores-home-2__trashed\/ebook\/lancamento-e-book\/para-brasileiro-ver-os-britanicos-e-a-escravidao-no-brasil\/#primaryimage"},"image":{"@id":"https:\/\/ponteseditores.com.br\/loja3\/pontes-editores-home-2__trashed\/ebook\/lancamento-e-book\/para-brasileiro-ver-os-britanicos-e-a-escravidao-no-brasil\/#primaryimage"},"thumbnailUrl":"https:\/\/ponteseditores.com.br\/loja3\/wp-content\/uploads\/2025\/03\/Capa_Para-Brasileiro-scaled.jpg","datePublished":"2025-03-06T17:58:26+00:00","breadcrumb":{"@id":"https:\/\/ponteseditores.com.br\/loja3\/pontes-editores-home-2__trashed\/ebook\/lancamento-e-book\/para-brasileiro-ver-os-britanicos-e-a-escravidao-no-brasil\/#breadcrumb"},"inLanguage":"pt-BR","potentialAction":[{"@type":"ReadAction","target":["https:\/\/ponteseditores.com.br\/loja3\/pontes-editores-home-2__trashed\/ebook\/lancamento-e-book\/para-brasileiro-ver-os-britanicos-e-a-escravidao-no-brasil\/"]}]},{"@type":"ImageObject","inLanguage":"pt-BR","@id":"https:\/\/ponteseditores.com.br\/loja3\/pontes-editores-home-2__trashed\/ebook\/lancamento-e-book\/para-brasileiro-ver-os-britanicos-e-a-escravidao-no-brasil\/#primaryimage","url":"https:\/\/ponteseditores.com.br\/loja3\/wp-content\/uploads\/2025\/03\/Capa_Para-Brasileiro-scaled.jpg","contentUrl":"https:\/\/ponteseditores.com.br\/loja3\/wp-content\/uploads\/2025\/03\/Capa_Para-Brasileiro-scaled.jpg","width":1685,"height":2560},{"@type":"BreadcrumbList","@id":"https:\/\/ponteseditores.com.br\/loja3\/pontes-editores-home-2__trashed\/ebook\/lancamento-e-book\/para-brasileiro-ver-os-britanicos-e-a-escravidao-no-brasil\/#breadcrumb","itemListElement":[{"@type":"ListItem","position":1,"name":"Home","item":"https:\/\/ponteseditores.com.br\/loja3\/"},{"@type":"ListItem","position":2,"name":"loja","item":"https:\/\/ponteseditores.com.br\/loja3\/loja\/"},{"@type":"ListItem","position":3,"name":"Para Brasileiro Ver: os brit\u00e2nicos e a escravid\u00e3o no Brasil"}]},{"@type":"WebSite","@id":"https:\/\/ponteseditores.com.br\/loja3\/#website","url":"https:\/\/ponteseditores.com.br\/loja3\/","name":"Pontes Editores","description":"Pontes Editores","publisher":{"@id":"https:\/\/ponteseditores.com.br\/loja3\/#organization"},"potentialAction":[{"@type":"SearchAction","target":{"@type":"EntryPoint","urlTemplate":"https:\/\/ponteseditores.com.br\/loja3\/?s={search_term_string}"},"query-input":{"@type":"PropertyValueSpecification","valueRequired":true,"valueName":"search_term_string"}}],"inLanguage":"pt-BR"},{"@type":"Organization","@id":"https:\/\/ponteseditores.com.br\/loja3\/#organization","name":"Pontes Editores","url":"https:\/\/ponteseditores.com.br\/loja3\/","logo":{"@type":"ImageObject","inLanguage":"pt-BR","@id":"https:\/\/ponteseditores.com.br\/loja3\/#\/schema\/logo\/image\/","url":"https:\/\/ponteseditores.com.br\/loja3\/wp-content\/uploads\/2023\/12\/logo-pontes-editores-v2.png","contentUrl":"https:\/\/ponteseditores.com.br\/loja3\/wp-content\/uploads\/2023\/12\/logo-pontes-editores-v2.png","width":258,"height":100,"caption":"Pontes Editores"},"image":{"@id":"https:\/\/ponteseditores.com.br\/loja3\/#\/schema\/logo\/image\/"}}]}},"_links":{"self":[{"href":"https:\/\/ponteseditores.com.br\/loja3\/wp-json\/wp\/v2\/product\/22542","targetHints":{"allow":["GET"]}}],"collection":[{"href":"https:\/\/ponteseditores.com.br\/loja3\/wp-json\/wp\/v2\/product"}],"about":[{"href":"https:\/\/ponteseditores.com.br\/loja3\/wp-json\/wp\/v2\/types\/product"}],"replies":[{"embeddable":true,"href":"https:\/\/ponteseditores.com.br\/loja3\/wp-json\/wp\/v2\/comments?post=22542"}],"version-history":[{"count":1,"href":"https:\/\/ponteseditores.com.br\/loja3\/wp-json\/wp\/v2\/product\/22542\/revisions"}],"predecessor-version":[{"id":22545,"href":"https:\/\/ponteseditores.com.br\/loja3\/wp-json\/wp\/v2\/product\/22542\/revisions\/22545"}],"wp:featuredmedia":[{"embeddable":true,"href":"https:\/\/ponteseditores.com.br\/loja3\/wp-json\/wp\/v2\/media\/22544"}],"wp:attachment":[{"href":"https:\/\/ponteseditores.com.br\/loja3\/wp-json\/wp\/v2\/media?parent=22542"}],"wp:term":[{"taxonomy":"product_brand","embeddable":true,"href":"https:\/\/ponteseditores.com.br\/loja3\/wp-json\/wp\/v2\/product_brand?post=22542"},{"taxonomy":"product_cat","embeddable":true,"href":"https:\/\/ponteseditores.com.br\/loja3\/wp-json\/wp\/v2\/product_cat?post=22542"},{"taxonomy":"product_tag","embeddable":true,"href":"https:\/\/ponteseditores.com.br\/loja3\/wp-json\/wp\/v2\/product_tag?post=22542"}],"curies":[{"name":"wp","href":"https:\/\/api.w.org\/{rel}","templated":true}]}}