{"id":22381,"date":"2025-02-28T15:03:52","date_gmt":"2025-02-28T18:03:52","guid":{"rendered":"https:\/\/ponteseditores.com.br\/loja3\/?post_type=product&#038;p=22381"},"modified":"2025-04-01T13:08:18","modified_gmt":"2025-04-01T16:08:18","slug":"a-popularizacao-do-discurso-cientifico-em-debate-linguagens-em-perspectiva-volume-2","status":"publish","type":"product","link":"https:\/\/ponteseditores.com.br\/loja3\/pontes-editores-home-2__trashed\/ebook\/lancamento-e-book\/a-popularizacao-do-discurso-cientifico-em-debate-linguagens-em-perspectiva-volume-2\/","title":{"rendered":"A populariza\u00e7\u00e3o do discurso cient\u00edfico em debate: l\u00edngua(gens) em perspectiva \u2013 Volume 2"},"content":{"rendered":"<p>&#8220;A Populariza\u00e7\u00e3o do discurso cient\u00edfico em debate: L\u00edngua(gens) em perspectiva &#8211; vol. 2\u201d chega a p\u00fablico como instrumentalidade para poss\u00edveis pr\u00e1ticas de populariza\u00e7\u00e3o (mesmo quando n\u00e3o acionam este nome), e tamb\u00e9m coopera com o debate a favor de um paradigma de populariza\u00e7\u00e3o espec\u00edfico para as Ci\u00eancias da Linguagem.<\/p>\n<p>A diversidade presente neste 2o volume do livro (representada pelas variadas linhas de pesquisa, pelas formas distintas de se localizar a ci\u00eancia no espa\u00e7o-tempo e pelos diferentes ambientes de (in)forma\u00e7\u00e3o) argumenta a favor de uma populariza\u00e7\u00e3o que ressignifique junto aos diferentes p\u00fablicos n\u00e3o especializados os aspectos positivos desta pluralidade, tais como: i) o dissenso como atributo necess\u00e1rio ao avan\u00e7o cient\u00edfico na especificidade dos estudos da linguagem; ii) os diferentes modelos te\u00f3rico-metodol\u00f3gicos como constructos relevantes para se observar, sob lupas distintas, determinada quest\u00e3o social, e como potencializadores de mais respostas\/propostas para as quest\u00f5es sociais investigadas; iii) a valida\u00e7\u00e3o expl\u00edcita de outras (sub)\u00e1reas como propulsoras da valoriza\u00e7\u00e3o da subjetividade e da alteridade no fazer cient\u00edfico na \u00e1rea da linguagem; e iv) a den\u00fancia contra um discurso e um fazer cient\u00edfico praticados para a exclus\u00e3o \u2013 em todos e quaisquer n\u00edveis e sentidos. As distintas vozes autorais ressoam un\u00edssonas, entretanto, ao reafirmarem que o discurso cient\u00edfico precisa e pode ser tirado do lugar de encastelamento e de preciosismo \u2013 o que n\u00e3o quer significar diminuir qualidade no\/do fazer cient\u00edfico, tampouco modificar as fun\u00e7\u00f5es\/papeis sociais dos sujeitos cientistas; mas possibilitar di\u00e1logos entre cientistas da linguagem e sujeitos\/grupos n\u00e3o especializados, adaptando a linguagem \u00e0s suas especificidades. Esta diversidade se pratica, na presente obra, tanto pelo conte\u00fado quanto pela forma: os cap\u00edtulos foram escritos por diferentes pesquisadores, das diferentes regi\u00f5es brasileiras, que se aventuraram, aqui, em diferentes modos de escrita: texto ficcional, cr\u00f4nica-relato, resenha, relato de experi\u00eancia, entrevista, ensaio, artigo acad\u00eamico com toques narrativos \u2013 todos precedidos por ilustra\u00e7\u00f5es produzidas por Carol Matias.<\/p>\n<p>Que a leitura seja provocante, leve e mobilizadora!<\/p>\n<p>&nbsp;<\/p>\n","protected":false},"excerpt":{"rendered":"<p>&#8220;A Populariza\u00e7\u00e3o do discurso cient\u00edfico em debate: L\u00edngua(gens) em perspectiva &#8211; vol. 2\u201d chega a p\u00fablico como instrumentalidade para poss\u00edveis pr\u00e1ticas de populariza\u00e7\u00e3o (mesmo quando n\u00e3o acionam este nome), e tamb\u00e9m coopera com o debate a favor de um paradigma de populariza\u00e7\u00e3o espec\u00edfico para as Ci\u00eancias da Linguagem. A diversidade presente neste 2o volume do [&hellip;]<\/p>\n","protected":false},"featured_media":22383,"comment_status":"open","ping_status":"closed","template":"","meta":{"_joinchat":[]},"product_brand":[],"product_cat":[165,386],"product_tag":[],"class_list":{"0":"post-22381","1":"product","2":"type-product","3":"status-publish","4":"has-post-thumbnail","6":"product_cat-ebook","7":"product_cat-lancamento-e-book","9":"first","10":"instock","11":"downloadable","12":"virtual","13":"purchasable","14":"product-type-simple"},"yoast_head":"<!-- This site is optimized with the Yoast SEO plugin v27.3 - https:\/\/yoast.com\/product\/yoast-seo-wordpress\/ -->\n<title>A populariza\u00e7\u00e3o do discurso cient\u00edfico em debate: l\u00edngua(gens) em perspectiva \u2013 Volume 2 - Pontes Editores<\/title>\n<meta name=\"robots\" content=\"index, follow, max-snippet:-1, max-image-preview:large, max-video-preview:-1\" \/>\n<link rel=\"canonical\" href=\"https:\/\/ponteseditores.com.br\/loja3\/pontes-editores-home-2__trashed\/ebook\/lancamento-e-book\/a-popularizacao-do-discurso-cientifico-em-debate-linguagens-em-perspectiva-volume-2\/\" \/>\n<meta property=\"og:locale\" content=\"pt_BR\" \/>\n<meta property=\"og:type\" content=\"article\" \/>\n<meta property=\"og:title\" content=\"A populariza\u00e7\u00e3o do discurso cient\u00edfico em debate: l\u00edngua(gens) em perspectiva \u2013 Volume 2 - Pontes Editores\" \/>\n<meta property=\"og:description\" content=\"&#8220;A Populariza\u00e7\u00e3o do discurso cient\u00edfico em debate: L\u00edngua(gens) em perspectiva &#8211; vol. 2\u201d chega a p\u00fablico como instrumentalidade para poss\u00edveis pr\u00e1ticas de populariza\u00e7\u00e3o (mesmo quando n\u00e3o acionam este nome), e tamb\u00e9m coopera com o debate a favor de um paradigma de populariza\u00e7\u00e3o espec\u00edfico para as Ci\u00eancias da Linguagem. A diversidade presente neste 2o volume do [&hellip;]\" \/>\n<meta property=\"og:url\" content=\"https:\/\/ponteseditores.com.br\/loja3\/pontes-editores-home-2__trashed\/ebook\/lancamento-e-book\/a-popularizacao-do-discurso-cientifico-em-debate-linguagens-em-perspectiva-volume-2\/\" \/>\n<meta property=\"og:site_name\" content=\"Pontes Editores\" \/>\n<meta property=\"article:modified_time\" content=\"2025-04-01T16:08:18+00:00\" \/>\n<meta property=\"og:image\" content=\"https:\/\/ponteseditores.com.br\/loja3\/wp-content\/uploads\/2025\/02\/Capa_Popularizacao-do-discurso-scaled.jpg\" \/>\n\t<meta property=\"og:image:width\" content=\"1685\" \/>\n\t<meta property=\"og:image:height\" content=\"2560\" \/>\n\t<meta property=\"og:image:type\" content=\"image\/jpeg\" \/>\n<meta name=\"twitter:card\" content=\"summary_large_image\" \/>\n<meta name=\"twitter:label1\" content=\"Est. tempo de leitura\" \/>\n\t<meta name=\"twitter:data1\" content=\"2 minutos\" \/>\n<script type=\"application\/ld+json\" class=\"yoast-schema-graph\">{\"@context\":\"https:\\\/\\\/schema.org\",\"@graph\":[{\"@type\":\"WebPage\",\"@id\":\"https:\\\/\\\/ponteseditores.com.br\\\/loja3\\\/pontes-editores-home-2__trashed\\\/ebook\\\/lancamento-e-book\\\/a-popularizacao-do-discurso-cientifico-em-debate-linguagens-em-perspectiva-volume-2\\\/\",\"url\":\"https:\\\/\\\/ponteseditores.com.br\\\/loja3\\\/pontes-editores-home-2__trashed\\\/ebook\\\/lancamento-e-book\\\/a-popularizacao-do-discurso-cientifico-em-debate-linguagens-em-perspectiva-volume-2\\\/\",\"name\":\"A populariza\u00e7\u00e3o do discurso cient\u00edfico em debate: l\u00edngua(gens) em perspectiva \u2013 Volume 2 - Pontes Editores\",\"isPartOf\":{\"@id\":\"https:\\\/\\\/ponteseditores.com.br\\\/loja3\\\/#website\"},\"primaryImageOfPage\":{\"@id\":\"https:\\\/\\\/ponteseditores.com.br\\\/loja3\\\/pontes-editores-home-2__trashed\\\/ebook\\\/lancamento-e-book\\\/a-popularizacao-do-discurso-cientifico-em-debate-linguagens-em-perspectiva-volume-2\\\/#primaryimage\"},\"image\":{\"@id\":\"https:\\\/\\\/ponteseditores.com.br\\\/loja3\\\/pontes-editores-home-2__trashed\\\/ebook\\\/lancamento-e-book\\\/a-popularizacao-do-discurso-cientifico-em-debate-linguagens-em-perspectiva-volume-2\\\/#primaryimage\"},\"thumbnailUrl\":\"https:\\\/\\\/ponteseditores.com.br\\\/loja3\\\/wp-content\\\/uploads\\\/2025\\\/02\\\/Capa_Popularizacao-do-discurso-scaled.jpg\",\"datePublished\":\"2025-02-28T18:03:52+00:00\",\"dateModified\":\"2025-04-01T16:08:18+00:00\",\"breadcrumb\":{\"@id\":\"https:\\\/\\\/ponteseditores.com.br\\\/loja3\\\/pontes-editores-home-2__trashed\\\/ebook\\\/lancamento-e-book\\\/a-popularizacao-do-discurso-cientifico-em-debate-linguagens-em-perspectiva-volume-2\\\/#breadcrumb\"},\"inLanguage\":\"pt-BR\",\"potentialAction\":[{\"@type\":\"ReadAction\",\"target\":[\"https:\\\/\\\/ponteseditores.com.br\\\/loja3\\\/pontes-editores-home-2__trashed\\\/ebook\\\/lancamento-e-book\\\/a-popularizacao-do-discurso-cientifico-em-debate-linguagens-em-perspectiva-volume-2\\\/\"]}]},{\"@type\":\"ImageObject\",\"inLanguage\":\"pt-BR\",\"@id\":\"https:\\\/\\\/ponteseditores.com.br\\\/loja3\\\/pontes-editores-home-2__trashed\\\/ebook\\\/lancamento-e-book\\\/a-popularizacao-do-discurso-cientifico-em-debate-linguagens-em-perspectiva-volume-2\\\/#primaryimage\",\"url\":\"https:\\\/\\\/ponteseditores.com.br\\\/loja3\\\/wp-content\\\/uploads\\\/2025\\\/02\\\/Capa_Popularizacao-do-discurso-scaled.jpg\",\"contentUrl\":\"https:\\\/\\\/ponteseditores.com.br\\\/loja3\\\/wp-content\\\/uploads\\\/2025\\\/02\\\/Capa_Popularizacao-do-discurso-scaled.jpg\",\"width\":1685,\"height\":2560},{\"@type\":\"BreadcrumbList\",\"@id\":\"https:\\\/\\\/ponteseditores.com.br\\\/loja3\\\/pontes-editores-home-2__trashed\\\/ebook\\\/lancamento-e-book\\\/a-popularizacao-do-discurso-cientifico-em-debate-linguagens-em-perspectiva-volume-2\\\/#breadcrumb\",\"itemListElement\":[{\"@type\":\"ListItem\",\"position\":1,\"name\":\"Home\",\"item\":\"https:\\\/\\\/ponteseditores.com.br\\\/loja3\\\/\"},{\"@type\":\"ListItem\",\"position\":2,\"name\":\"loja\",\"item\":\"https:\\\/\\\/ponteseditores.com.br\\\/loja3\\\/loja\\\/\"},{\"@type\":\"ListItem\",\"position\":3,\"name\":\"A populariza\u00e7\u00e3o do discurso cient\u00edfico em debate: l\u00edngua(gens) em perspectiva \u2013 Volume 2\"}]},{\"@type\":\"WebSite\",\"@id\":\"https:\\\/\\\/ponteseditores.com.br\\\/loja3\\\/#website\",\"url\":\"https:\\\/\\\/ponteseditores.com.br\\\/loja3\\\/\",\"name\":\"Pontes Editores\",\"description\":\"Pontes Editores\",\"publisher\":{\"@id\":\"https:\\\/\\\/ponteseditores.com.br\\\/loja3\\\/#organization\"},\"potentialAction\":[{\"@type\":\"SearchAction\",\"target\":{\"@type\":\"EntryPoint\",\"urlTemplate\":\"https:\\\/\\\/ponteseditores.com.br\\\/loja3\\\/?s={search_term_string}\"},\"query-input\":{\"@type\":\"PropertyValueSpecification\",\"valueRequired\":true,\"valueName\":\"search_term_string\"}}],\"inLanguage\":\"pt-BR\"},{\"@type\":\"Organization\",\"@id\":\"https:\\\/\\\/ponteseditores.com.br\\\/loja3\\\/#organization\",\"name\":\"Pontes Editores\",\"url\":\"https:\\\/\\\/ponteseditores.com.br\\\/loja3\\\/\",\"logo\":{\"@type\":\"ImageObject\",\"inLanguage\":\"pt-BR\",\"@id\":\"https:\\\/\\\/ponteseditores.com.br\\\/loja3\\\/#\\\/schema\\\/logo\\\/image\\\/\",\"url\":\"https:\\\/\\\/ponteseditores.com.br\\\/loja3\\\/wp-content\\\/uploads\\\/2023\\\/12\\\/logo-pontes-editores-v2.png\",\"contentUrl\":\"https:\\\/\\\/ponteseditores.com.br\\\/loja3\\\/wp-content\\\/uploads\\\/2023\\\/12\\\/logo-pontes-editores-v2.png\",\"width\":258,\"height\":100,\"caption\":\"Pontes Editores\"},\"image\":{\"@id\":\"https:\\\/\\\/ponteseditores.com.br\\\/loja3\\\/#\\\/schema\\\/logo\\\/image\\\/\"}}]}<\/script>\n<!-- \/ Yoast SEO plugin. -->","yoast_head_json":{"title":"A populariza\u00e7\u00e3o do discurso cient\u00edfico em debate: l\u00edngua(gens) em perspectiva \u2013 Volume 2 - Pontes Editores","robots":{"index":"index","follow":"follow","max-snippet":"max-snippet:-1","max-image-preview":"max-image-preview:large","max-video-preview":"max-video-preview:-1"},"canonical":"https:\/\/ponteseditores.com.br\/loja3\/pontes-editores-home-2__trashed\/ebook\/lancamento-e-book\/a-popularizacao-do-discurso-cientifico-em-debate-linguagens-em-perspectiva-volume-2\/","og_locale":"pt_BR","og_type":"article","og_title":"A populariza\u00e7\u00e3o do discurso cient\u00edfico em debate: l\u00edngua(gens) em perspectiva \u2013 Volume 2 - Pontes Editores","og_description":"&#8220;A Populariza\u00e7\u00e3o do discurso cient\u00edfico em debate: L\u00edngua(gens) em perspectiva &#8211; vol. 2\u201d chega a p\u00fablico como instrumentalidade para poss\u00edveis pr\u00e1ticas de populariza\u00e7\u00e3o (mesmo quando n\u00e3o acionam este nome), e tamb\u00e9m coopera com o debate a favor de um paradigma de populariza\u00e7\u00e3o espec\u00edfico para as Ci\u00eancias da Linguagem. A diversidade presente neste 2o volume do [&hellip;]","og_url":"https:\/\/ponteseditores.com.br\/loja3\/pontes-editores-home-2__trashed\/ebook\/lancamento-e-book\/a-popularizacao-do-discurso-cientifico-em-debate-linguagens-em-perspectiva-volume-2\/","og_site_name":"Pontes Editores","article_modified_time":"2025-04-01T16:08:18+00:00","og_image":[{"width":1685,"height":2560,"url":"https:\/\/ponteseditores.com.br\/loja3\/wp-content\/uploads\/2025\/02\/Capa_Popularizacao-do-discurso-scaled.jpg","type":"image\/jpeg"}],"twitter_card":"summary_large_image","twitter_misc":{"Est. tempo de leitura":"2 minutos"},"schema":{"@context":"https:\/\/schema.org","@graph":[{"@type":"WebPage","@id":"https:\/\/ponteseditores.com.br\/loja3\/pontes-editores-home-2__trashed\/ebook\/lancamento-e-book\/a-popularizacao-do-discurso-cientifico-em-debate-linguagens-em-perspectiva-volume-2\/","url":"https:\/\/ponteseditores.com.br\/loja3\/pontes-editores-home-2__trashed\/ebook\/lancamento-e-book\/a-popularizacao-do-discurso-cientifico-em-debate-linguagens-em-perspectiva-volume-2\/","name":"A populariza\u00e7\u00e3o do discurso cient\u00edfico em debate: l\u00edngua(gens) em perspectiva \u2013 Volume 2 - Pontes Editores","isPartOf":{"@id":"https:\/\/ponteseditores.com.br\/loja3\/#website"},"primaryImageOfPage":{"@id":"https:\/\/ponteseditores.com.br\/loja3\/pontes-editores-home-2__trashed\/ebook\/lancamento-e-book\/a-popularizacao-do-discurso-cientifico-em-debate-linguagens-em-perspectiva-volume-2\/#primaryimage"},"image":{"@id":"https:\/\/ponteseditores.com.br\/loja3\/pontes-editores-home-2__trashed\/ebook\/lancamento-e-book\/a-popularizacao-do-discurso-cientifico-em-debate-linguagens-em-perspectiva-volume-2\/#primaryimage"},"thumbnailUrl":"https:\/\/ponteseditores.com.br\/loja3\/wp-content\/uploads\/2025\/02\/Capa_Popularizacao-do-discurso-scaled.jpg","datePublished":"2025-02-28T18:03:52+00:00","dateModified":"2025-04-01T16:08:18+00:00","breadcrumb":{"@id":"https:\/\/ponteseditores.com.br\/loja3\/pontes-editores-home-2__trashed\/ebook\/lancamento-e-book\/a-popularizacao-do-discurso-cientifico-em-debate-linguagens-em-perspectiva-volume-2\/#breadcrumb"},"inLanguage":"pt-BR","potentialAction":[{"@type":"ReadAction","target":["https:\/\/ponteseditores.com.br\/loja3\/pontes-editores-home-2__trashed\/ebook\/lancamento-e-book\/a-popularizacao-do-discurso-cientifico-em-debate-linguagens-em-perspectiva-volume-2\/"]}]},{"@type":"ImageObject","inLanguage":"pt-BR","@id":"https:\/\/ponteseditores.com.br\/loja3\/pontes-editores-home-2__trashed\/ebook\/lancamento-e-book\/a-popularizacao-do-discurso-cientifico-em-debate-linguagens-em-perspectiva-volume-2\/#primaryimage","url":"https:\/\/ponteseditores.com.br\/loja3\/wp-content\/uploads\/2025\/02\/Capa_Popularizacao-do-discurso-scaled.jpg","contentUrl":"https:\/\/ponteseditores.com.br\/loja3\/wp-content\/uploads\/2025\/02\/Capa_Popularizacao-do-discurso-scaled.jpg","width":1685,"height":2560},{"@type":"BreadcrumbList","@id":"https:\/\/ponteseditores.com.br\/loja3\/pontes-editores-home-2__trashed\/ebook\/lancamento-e-book\/a-popularizacao-do-discurso-cientifico-em-debate-linguagens-em-perspectiva-volume-2\/#breadcrumb","itemListElement":[{"@type":"ListItem","position":1,"name":"Home","item":"https:\/\/ponteseditores.com.br\/loja3\/"},{"@type":"ListItem","position":2,"name":"loja","item":"https:\/\/ponteseditores.com.br\/loja3\/loja\/"},{"@type":"ListItem","position":3,"name":"A populariza\u00e7\u00e3o do discurso cient\u00edfico em debate: l\u00edngua(gens) em perspectiva \u2013 Volume 2"}]},{"@type":"WebSite","@id":"https:\/\/ponteseditores.com.br\/loja3\/#website","url":"https:\/\/ponteseditores.com.br\/loja3\/","name":"Pontes Editores","description":"Pontes Editores","publisher":{"@id":"https:\/\/ponteseditores.com.br\/loja3\/#organization"},"potentialAction":[{"@type":"SearchAction","target":{"@type":"EntryPoint","urlTemplate":"https:\/\/ponteseditores.com.br\/loja3\/?s={search_term_string}"},"query-input":{"@type":"PropertyValueSpecification","valueRequired":true,"valueName":"search_term_string"}}],"inLanguage":"pt-BR"},{"@type":"Organization","@id":"https:\/\/ponteseditores.com.br\/loja3\/#organization","name":"Pontes Editores","url":"https:\/\/ponteseditores.com.br\/loja3\/","logo":{"@type":"ImageObject","inLanguage":"pt-BR","@id":"https:\/\/ponteseditores.com.br\/loja3\/#\/schema\/logo\/image\/","url":"https:\/\/ponteseditores.com.br\/loja3\/wp-content\/uploads\/2023\/12\/logo-pontes-editores-v2.png","contentUrl":"https:\/\/ponteseditores.com.br\/loja3\/wp-content\/uploads\/2023\/12\/logo-pontes-editores-v2.png","width":258,"height":100,"caption":"Pontes Editores"},"image":{"@id":"https:\/\/ponteseditores.com.br\/loja3\/#\/schema\/logo\/image\/"}}]}},"_links":{"self":[{"href":"https:\/\/ponteseditores.com.br\/loja3\/wp-json\/wp\/v2\/product\/22381","targetHints":{"allow":["GET"]}}],"collection":[{"href":"https:\/\/ponteseditores.com.br\/loja3\/wp-json\/wp\/v2\/product"}],"about":[{"href":"https:\/\/ponteseditores.com.br\/loja3\/wp-json\/wp\/v2\/types\/product"}],"replies":[{"embeddable":true,"href":"https:\/\/ponteseditores.com.br\/loja3\/wp-json\/wp\/v2\/comments?post=22381"}],"version-history":[{"count":1,"href":"https:\/\/ponteseditores.com.br\/loja3\/wp-json\/wp\/v2\/product\/22381\/revisions"}],"predecessor-version":[{"id":22384,"href":"https:\/\/ponteseditores.com.br\/loja3\/wp-json\/wp\/v2\/product\/22381\/revisions\/22384"}],"wp:featuredmedia":[{"embeddable":true,"href":"https:\/\/ponteseditores.com.br\/loja3\/wp-json\/wp\/v2\/media\/22383"}],"wp:attachment":[{"href":"https:\/\/ponteseditores.com.br\/loja3\/wp-json\/wp\/v2\/media?parent=22381"}],"wp:term":[{"taxonomy":"product_brand","embeddable":true,"href":"https:\/\/ponteseditores.com.br\/loja3\/wp-json\/wp\/v2\/product_brand?post=22381"},{"taxonomy":"product_cat","embeddable":true,"href":"https:\/\/ponteseditores.com.br\/loja3\/wp-json\/wp\/v2\/product_cat?post=22381"},{"taxonomy":"product_tag","embeddable":true,"href":"https:\/\/ponteseditores.com.br\/loja3\/wp-json\/wp\/v2\/product_tag?post=22381"}],"curies":[{"name":"wp","href":"https:\/\/api.w.org\/{rel}","templated":true}]}}