{"id":22201,"date":"2025-02-24T17:23:10","date_gmt":"2025-02-24T20:23:10","guid":{"rendered":"https:\/\/ponteseditores.com.br\/loja3\/?post_type=product&#038;p=22201"},"modified":"2025-03-11T15:40:46","modified_gmt":"2025-03-11T18:40:46","slug":"levantes-amazonicos-comunicacao-arte-e-politica","status":"publish","type":"product","link":"https:\/\/ponteseditores.com.br\/loja3\/pontes-editores-home-2__trashed\/ebook\/lancamento-e-book\/levantes-amazonicos-comunicacao-arte-e-politica\/","title":{"rendered":"Levantes Amaz\u00f4nicos: Comunica\u00e7\u00e3o, arte e pol\u00edtica"},"content":{"rendered":"<p>As obras exibidas e as reflex\u00f5es cr\u00edticas sobre imagens e resist\u00eancias feitas no \u00e2mbito da exposi\u00e7\u00e3o \u201cLevantes amaz\u00f4nicos\u201d, realizada em Bel\u00e9m (PA) em 2024, est\u00e3o reunidas no livro intitulado \u201cLevantes amaz\u00f4nicos: comunica\u00e7\u00e3o, arte e pol\u00edtica\u201d, que acaba de ser lan\u00e7ado pela Pontes Editores. Escrita por Leandro Lage, professor e pesquisador da Universidade Federal do Par\u00e1 (UFPA), a publica\u00e7\u00e3o traz as imagens que integraram a mostra, al\u00e9m de textos sobre as rela\u00e7\u00f5es entre formas expressivas visuais, emo\u00e7\u00f5es e lutas pol\u00edticas, com \u00eanfase nos contextos amaz\u00f4nicos.<\/p>\n<p>O livro traz a reprodu\u00e7\u00e3o de 70 produ\u00e7\u00f5es art\u00edsticas contempor\u00e2neas, alusivas \u00e0 hist\u00f3ria e ao cotidiano das lutas e resist\u00eancias travadas em m\u00faltiplas culturas e territ\u00f3rios amaz\u00f4nicos. A obra, assim como a exposi\u00e7\u00e3o, \u00e9 resultado de projetos de pesquisa realizados com apoio do Conselho Nacional de Desenvolvimento Cient\u00edfico e Tecnol\u00f3gico (CNPq) e da Universidade Federal do Par\u00e1 (UFPA). O objetivo dessas pesquisas tem sido explorar e compreender os modos como imagens de diferentes regimes de visibilidade articulam po\u00e9tica e esteticamente as emo\u00e7\u00f5es da indigna\u00e7\u00e3o e da revolta, revelando, assim, sua dimens\u00e3o pol\u00edtica.<\/p>\n<p>Al\u00e9m das imagens que integraram o acervo da exposi\u00e7\u00e3o de 2024, o volume \u201cLevantes amaz\u00f4nicos: comunica\u00e7\u00e3o, arte e pol\u00edtica\u201d tamb\u00e9m \u00e9 composto por dois cap\u00edtulos te\u00f3rico-anal\u00edticos, intitulados \u201cBreves notas em torno dos levantes, das imagens e imagin\u00e1rios da resist\u00eancia\u201d e \u201cImpress\u00f5es aleg\u00f3ricas da pandemia na Amaz\u00f4nia: corpos e imagens em suspens\u00e3o\u201d, al\u00e9m de textos cr\u00edticos sobre imagens e produ\u00e7\u00f5es art\u00edsticas que comp\u00f5em o acervo t\u00e9cnico das pesquisas realizadas pelo Cepolis\/UFPA.<\/p>\n<p>O livro ter\u00e1 vers\u00e3o impressa e digital. A vers\u00e3o online pode ser acessada gratuitamente pelo site da Pontes Editores. Al\u00e9m do Conselho Nacional de Desenvolvimento Cient\u00edfico e Tecnol\u00f3gico (CNPq), a publica\u00e7\u00e3o obteve apoio do Programa de P\u00f3s-Gradua\u00e7\u00e3o em Comunica\u00e7\u00e3o, Cultura e Amaz\u00f4nia (PPGCOM-UFPA).<\/p>\n","protected":false},"excerpt":{"rendered":"<p>As obras exibidas e as reflex\u00f5es cr\u00edticas sobre imagens e resist\u00eancias feitas no \u00e2mbito da exposi\u00e7\u00e3o \u201cLevantes amaz\u00f4nicos\u201d, realizada em Bel\u00e9m (PA) em 2024, est\u00e3o reunidas no livro intitulado \u201cLevantes amaz\u00f4nicos: comunica\u00e7\u00e3o, arte e pol\u00edtica\u201d, que acaba de ser lan\u00e7ado pela Pontes Editores. Escrita por Leandro Lage, professor e pesquisador da Universidade Federal do Par\u00e1 [&hellip;]<\/p>\n","protected":false},"featured_media":22204,"comment_status":"open","ping_status":"closed","template":"","meta":{"_joinchat":[]},"product_brand":[],"product_cat":[165,386],"product_tag":[],"class_list":{"0":"post-22201","1":"product","2":"type-product","3":"status-publish","4":"has-post-thumbnail","6":"product_cat-ebook","7":"product_cat-lancamento-e-book","9":"first","10":"instock","11":"downloadable","12":"virtual","13":"purchasable","14":"product-type-simple"},"yoast_head":"<!-- This site is optimized with the Yoast SEO plugin v27.4 - https:\/\/yoast.com\/product\/yoast-seo-wordpress\/ -->\n<title>Levantes Amaz\u00f4nicos: Comunica\u00e7\u00e3o, arte e pol\u00edtica - Pontes Editores<\/title>\n<meta name=\"robots\" content=\"index, follow, max-snippet:-1, max-image-preview:large, max-video-preview:-1\" \/>\n<link rel=\"canonical\" href=\"https:\/\/ponteseditores.com.br\/loja3\/pontes-editores-home-2__trashed\/ebook\/lancamento-e-book\/levantes-amazonicos-comunicacao-arte-e-politica\/\" \/>\n<meta property=\"og:locale\" content=\"pt_BR\" \/>\n<meta property=\"og:type\" content=\"article\" \/>\n<meta property=\"og:title\" content=\"Levantes Amaz\u00f4nicos: Comunica\u00e7\u00e3o, arte e pol\u00edtica - Pontes Editores\" \/>\n<meta property=\"og:description\" content=\"As obras exibidas e as reflex\u00f5es cr\u00edticas sobre imagens e resist\u00eancias feitas no \u00e2mbito da exposi\u00e7\u00e3o \u201cLevantes amaz\u00f4nicos\u201d, realizada em Bel\u00e9m (PA) em 2024, est\u00e3o reunidas no livro intitulado \u201cLevantes amaz\u00f4nicos: comunica\u00e7\u00e3o, arte e pol\u00edtica\u201d, que acaba de ser lan\u00e7ado pela Pontes Editores. Escrita por Leandro Lage, professor e pesquisador da Universidade Federal do Par\u00e1 [&hellip;]\" \/>\n<meta property=\"og:url\" content=\"https:\/\/ponteseditores.com.br\/loja3\/pontes-editores-home-2__trashed\/ebook\/lancamento-e-book\/levantes-amazonicos-comunicacao-arte-e-politica\/\" \/>\n<meta property=\"og:site_name\" content=\"Pontes Editores\" \/>\n<meta property=\"article:modified_time\" content=\"2025-03-11T18:40:46+00:00\" \/>\n<meta property=\"og:image\" content=\"https:\/\/ponteseditores.com.br\/loja3\/wp-content\/uploads\/2025\/02\/Capa_Levantes-amazonicos.jpg\" \/>\n\t<meta property=\"og:image:width\" content=\"1728\" \/>\n\t<meta property=\"og:image:height\" content=\"1883\" \/>\n\t<meta property=\"og:image:type\" content=\"image\/jpeg\" \/>\n<meta name=\"twitter:card\" content=\"summary_large_image\" \/>\n<meta name=\"twitter:label1\" content=\"Est. tempo de leitura\" \/>\n\t<meta name=\"twitter:data1\" content=\"2 minutos\" \/>\n<script type=\"application\/ld+json\" class=\"yoast-schema-graph\">{\"@context\":\"https:\\\/\\\/schema.org\",\"@graph\":[{\"@type\":\"WebPage\",\"@id\":\"https:\\\/\\\/ponteseditores.com.br\\\/loja3\\\/pontes-editores-home-2__trashed\\\/ebook\\\/lancamento-e-book\\\/levantes-amazonicos-comunicacao-arte-e-politica\\\/\",\"url\":\"https:\\\/\\\/ponteseditores.com.br\\\/loja3\\\/pontes-editores-home-2__trashed\\\/ebook\\\/lancamento-e-book\\\/levantes-amazonicos-comunicacao-arte-e-politica\\\/\",\"name\":\"Levantes Amaz\u00f4nicos: Comunica\u00e7\u00e3o, arte e pol\u00edtica - Pontes Editores\",\"isPartOf\":{\"@id\":\"https:\\\/\\\/ponteseditores.com.br\\\/loja3\\\/#website\"},\"primaryImageOfPage\":{\"@id\":\"https:\\\/\\\/ponteseditores.com.br\\\/loja3\\\/pontes-editores-home-2__trashed\\\/ebook\\\/lancamento-e-book\\\/levantes-amazonicos-comunicacao-arte-e-politica\\\/#primaryimage\"},\"image\":{\"@id\":\"https:\\\/\\\/ponteseditores.com.br\\\/loja3\\\/pontes-editores-home-2__trashed\\\/ebook\\\/lancamento-e-book\\\/levantes-amazonicos-comunicacao-arte-e-politica\\\/#primaryimage\"},\"thumbnailUrl\":\"https:\\\/\\\/ponteseditores.com.br\\\/loja3\\\/wp-content\\\/uploads\\\/2025\\\/02\\\/Capa_Levantes-amazonicos.jpg\",\"datePublished\":\"2025-02-24T20:23:10+00:00\",\"dateModified\":\"2025-03-11T18:40:46+00:00\",\"breadcrumb\":{\"@id\":\"https:\\\/\\\/ponteseditores.com.br\\\/loja3\\\/pontes-editores-home-2__trashed\\\/ebook\\\/lancamento-e-book\\\/levantes-amazonicos-comunicacao-arte-e-politica\\\/#breadcrumb\"},\"inLanguage\":\"pt-BR\",\"potentialAction\":[{\"@type\":\"ReadAction\",\"target\":[\"https:\\\/\\\/ponteseditores.com.br\\\/loja3\\\/pontes-editores-home-2__trashed\\\/ebook\\\/lancamento-e-book\\\/levantes-amazonicos-comunicacao-arte-e-politica\\\/\"]}]},{\"@type\":\"ImageObject\",\"inLanguage\":\"pt-BR\",\"@id\":\"https:\\\/\\\/ponteseditores.com.br\\\/loja3\\\/pontes-editores-home-2__trashed\\\/ebook\\\/lancamento-e-book\\\/levantes-amazonicos-comunicacao-arte-e-politica\\\/#primaryimage\",\"url\":\"https:\\\/\\\/ponteseditores.com.br\\\/loja3\\\/wp-content\\\/uploads\\\/2025\\\/02\\\/Capa_Levantes-amazonicos.jpg\",\"contentUrl\":\"https:\\\/\\\/ponteseditores.com.br\\\/loja3\\\/wp-content\\\/uploads\\\/2025\\\/02\\\/Capa_Levantes-amazonicos.jpg\",\"width\":1728,\"height\":1883},{\"@type\":\"BreadcrumbList\",\"@id\":\"https:\\\/\\\/ponteseditores.com.br\\\/loja3\\\/pontes-editores-home-2__trashed\\\/ebook\\\/lancamento-e-book\\\/levantes-amazonicos-comunicacao-arte-e-politica\\\/#breadcrumb\",\"itemListElement\":[{\"@type\":\"ListItem\",\"position\":1,\"name\":\"Home\",\"item\":\"https:\\\/\\\/ponteseditores.com.br\\\/loja3\\\/\"},{\"@type\":\"ListItem\",\"position\":2,\"name\":\"loja\",\"item\":\"https:\\\/\\\/ponteseditores.com.br\\\/loja3\\\/loja\\\/\"},{\"@type\":\"ListItem\",\"position\":3,\"name\":\"Levantes Amaz\u00f4nicos: Comunica\u00e7\u00e3o, arte e pol\u00edtica\"}]},{\"@type\":\"WebSite\",\"@id\":\"https:\\\/\\\/ponteseditores.com.br\\\/loja3\\\/#website\",\"url\":\"https:\\\/\\\/ponteseditores.com.br\\\/loja3\\\/\",\"name\":\"Pontes Editores\",\"description\":\"Pontes Editores\",\"publisher\":{\"@id\":\"https:\\\/\\\/ponteseditores.com.br\\\/loja3\\\/#organization\"},\"potentialAction\":[{\"@type\":\"SearchAction\",\"target\":{\"@type\":\"EntryPoint\",\"urlTemplate\":\"https:\\\/\\\/ponteseditores.com.br\\\/loja3\\\/?s={search_term_string}\"},\"query-input\":{\"@type\":\"PropertyValueSpecification\",\"valueRequired\":true,\"valueName\":\"search_term_string\"}}],\"inLanguage\":\"pt-BR\"},{\"@type\":\"Organization\",\"@id\":\"https:\\\/\\\/ponteseditores.com.br\\\/loja3\\\/#organization\",\"name\":\"Pontes Editores\",\"url\":\"https:\\\/\\\/ponteseditores.com.br\\\/loja3\\\/\",\"logo\":{\"@type\":\"ImageObject\",\"inLanguage\":\"pt-BR\",\"@id\":\"https:\\\/\\\/ponteseditores.com.br\\\/loja3\\\/#\\\/schema\\\/logo\\\/image\\\/\",\"url\":\"https:\\\/\\\/ponteseditores.com.br\\\/loja3\\\/wp-content\\\/uploads\\\/2023\\\/12\\\/logo-pontes-editores-v2.png\",\"contentUrl\":\"https:\\\/\\\/ponteseditores.com.br\\\/loja3\\\/wp-content\\\/uploads\\\/2023\\\/12\\\/logo-pontes-editores-v2.png\",\"width\":258,\"height\":100,\"caption\":\"Pontes Editores\"},\"image\":{\"@id\":\"https:\\\/\\\/ponteseditores.com.br\\\/loja3\\\/#\\\/schema\\\/logo\\\/image\\\/\"}}]}<\/script>\n<!-- \/ Yoast SEO plugin. -->","yoast_head_json":{"title":"Levantes Amaz\u00f4nicos: Comunica\u00e7\u00e3o, arte e pol\u00edtica - Pontes Editores","robots":{"index":"index","follow":"follow","max-snippet":"max-snippet:-1","max-image-preview":"max-image-preview:large","max-video-preview":"max-video-preview:-1"},"canonical":"https:\/\/ponteseditores.com.br\/loja3\/pontes-editores-home-2__trashed\/ebook\/lancamento-e-book\/levantes-amazonicos-comunicacao-arte-e-politica\/","og_locale":"pt_BR","og_type":"article","og_title":"Levantes Amaz\u00f4nicos: Comunica\u00e7\u00e3o, arte e pol\u00edtica - Pontes Editores","og_description":"As obras exibidas e as reflex\u00f5es cr\u00edticas sobre imagens e resist\u00eancias feitas no \u00e2mbito da exposi\u00e7\u00e3o \u201cLevantes amaz\u00f4nicos\u201d, realizada em Bel\u00e9m (PA) em 2024, est\u00e3o reunidas no livro intitulado \u201cLevantes amaz\u00f4nicos: comunica\u00e7\u00e3o, arte e pol\u00edtica\u201d, que acaba de ser lan\u00e7ado pela Pontes Editores. Escrita por Leandro Lage, professor e pesquisador da Universidade Federal do Par\u00e1 [&hellip;]","og_url":"https:\/\/ponteseditores.com.br\/loja3\/pontes-editores-home-2__trashed\/ebook\/lancamento-e-book\/levantes-amazonicos-comunicacao-arte-e-politica\/","og_site_name":"Pontes Editores","article_modified_time":"2025-03-11T18:40:46+00:00","og_image":[{"width":1728,"height":1883,"url":"https:\/\/ponteseditores.com.br\/loja3\/wp-content\/uploads\/2025\/02\/Capa_Levantes-amazonicos.jpg","type":"image\/jpeg"}],"twitter_card":"summary_large_image","twitter_misc":{"Est. tempo de leitura":"2 minutos"},"schema":{"@context":"https:\/\/schema.org","@graph":[{"@type":"WebPage","@id":"https:\/\/ponteseditores.com.br\/loja3\/pontes-editores-home-2__trashed\/ebook\/lancamento-e-book\/levantes-amazonicos-comunicacao-arte-e-politica\/","url":"https:\/\/ponteseditores.com.br\/loja3\/pontes-editores-home-2__trashed\/ebook\/lancamento-e-book\/levantes-amazonicos-comunicacao-arte-e-politica\/","name":"Levantes Amaz\u00f4nicos: Comunica\u00e7\u00e3o, arte e pol\u00edtica - Pontes Editores","isPartOf":{"@id":"https:\/\/ponteseditores.com.br\/loja3\/#website"},"primaryImageOfPage":{"@id":"https:\/\/ponteseditores.com.br\/loja3\/pontes-editores-home-2__trashed\/ebook\/lancamento-e-book\/levantes-amazonicos-comunicacao-arte-e-politica\/#primaryimage"},"image":{"@id":"https:\/\/ponteseditores.com.br\/loja3\/pontes-editores-home-2__trashed\/ebook\/lancamento-e-book\/levantes-amazonicos-comunicacao-arte-e-politica\/#primaryimage"},"thumbnailUrl":"https:\/\/ponteseditores.com.br\/loja3\/wp-content\/uploads\/2025\/02\/Capa_Levantes-amazonicos.jpg","datePublished":"2025-02-24T20:23:10+00:00","dateModified":"2025-03-11T18:40:46+00:00","breadcrumb":{"@id":"https:\/\/ponteseditores.com.br\/loja3\/pontes-editores-home-2__trashed\/ebook\/lancamento-e-book\/levantes-amazonicos-comunicacao-arte-e-politica\/#breadcrumb"},"inLanguage":"pt-BR","potentialAction":[{"@type":"ReadAction","target":["https:\/\/ponteseditores.com.br\/loja3\/pontes-editores-home-2__trashed\/ebook\/lancamento-e-book\/levantes-amazonicos-comunicacao-arte-e-politica\/"]}]},{"@type":"ImageObject","inLanguage":"pt-BR","@id":"https:\/\/ponteseditores.com.br\/loja3\/pontes-editores-home-2__trashed\/ebook\/lancamento-e-book\/levantes-amazonicos-comunicacao-arte-e-politica\/#primaryimage","url":"https:\/\/ponteseditores.com.br\/loja3\/wp-content\/uploads\/2025\/02\/Capa_Levantes-amazonicos.jpg","contentUrl":"https:\/\/ponteseditores.com.br\/loja3\/wp-content\/uploads\/2025\/02\/Capa_Levantes-amazonicos.jpg","width":1728,"height":1883},{"@type":"BreadcrumbList","@id":"https:\/\/ponteseditores.com.br\/loja3\/pontes-editores-home-2__trashed\/ebook\/lancamento-e-book\/levantes-amazonicos-comunicacao-arte-e-politica\/#breadcrumb","itemListElement":[{"@type":"ListItem","position":1,"name":"Home","item":"https:\/\/ponteseditores.com.br\/loja3\/"},{"@type":"ListItem","position":2,"name":"loja","item":"https:\/\/ponteseditores.com.br\/loja3\/loja\/"},{"@type":"ListItem","position":3,"name":"Levantes Amaz\u00f4nicos: Comunica\u00e7\u00e3o, arte e pol\u00edtica"}]},{"@type":"WebSite","@id":"https:\/\/ponteseditores.com.br\/loja3\/#website","url":"https:\/\/ponteseditores.com.br\/loja3\/","name":"Pontes Editores","description":"Pontes Editores","publisher":{"@id":"https:\/\/ponteseditores.com.br\/loja3\/#organization"},"potentialAction":[{"@type":"SearchAction","target":{"@type":"EntryPoint","urlTemplate":"https:\/\/ponteseditores.com.br\/loja3\/?s={search_term_string}"},"query-input":{"@type":"PropertyValueSpecification","valueRequired":true,"valueName":"search_term_string"}}],"inLanguage":"pt-BR"},{"@type":"Organization","@id":"https:\/\/ponteseditores.com.br\/loja3\/#organization","name":"Pontes Editores","url":"https:\/\/ponteseditores.com.br\/loja3\/","logo":{"@type":"ImageObject","inLanguage":"pt-BR","@id":"https:\/\/ponteseditores.com.br\/loja3\/#\/schema\/logo\/image\/","url":"https:\/\/ponteseditores.com.br\/loja3\/wp-content\/uploads\/2023\/12\/logo-pontes-editores-v2.png","contentUrl":"https:\/\/ponteseditores.com.br\/loja3\/wp-content\/uploads\/2023\/12\/logo-pontes-editores-v2.png","width":258,"height":100,"caption":"Pontes Editores"},"image":{"@id":"https:\/\/ponteseditores.com.br\/loja3\/#\/schema\/logo\/image\/"}}]}},"_links":{"self":[{"href":"https:\/\/ponteseditores.com.br\/loja3\/wp-json\/wp\/v2\/product\/22201","targetHints":{"allow":["GET"]}}],"collection":[{"href":"https:\/\/ponteseditores.com.br\/loja3\/wp-json\/wp\/v2\/product"}],"about":[{"href":"https:\/\/ponteseditores.com.br\/loja3\/wp-json\/wp\/v2\/types\/product"}],"replies":[{"embeddable":true,"href":"https:\/\/ponteseditores.com.br\/loja3\/wp-json\/wp\/v2\/comments?post=22201"}],"version-history":[{"count":2,"href":"https:\/\/ponteseditores.com.br\/loja3\/wp-json\/wp\/v2\/product\/22201\/revisions"}],"predecessor-version":[{"id":22207,"href":"https:\/\/ponteseditores.com.br\/loja3\/wp-json\/wp\/v2\/product\/22201\/revisions\/22207"}],"wp:featuredmedia":[{"embeddable":true,"href":"https:\/\/ponteseditores.com.br\/loja3\/wp-json\/wp\/v2\/media\/22204"}],"wp:attachment":[{"href":"https:\/\/ponteseditores.com.br\/loja3\/wp-json\/wp\/v2\/media?parent=22201"}],"wp:term":[{"taxonomy":"product_brand","embeddable":true,"href":"https:\/\/ponteseditores.com.br\/loja3\/wp-json\/wp\/v2\/product_brand?post=22201"},{"taxonomy":"product_cat","embeddable":true,"href":"https:\/\/ponteseditores.com.br\/loja3\/wp-json\/wp\/v2\/product_cat?post=22201"},{"taxonomy":"product_tag","embeddable":true,"href":"https:\/\/ponteseditores.com.br\/loja3\/wp-json\/wp\/v2\/product_tag?post=22201"}],"curies":[{"name":"wp","href":"https:\/\/api.w.org\/{rel}","templated":true}]}}