{"id":22076,"date":"2025-02-21T10:16:25","date_gmt":"2025-02-21T13:16:25","guid":{"rendered":"https:\/\/ponteseditores.com.br\/loja3\/?post_type=product&#038;p=22076"},"modified":"2025-02-21T10:16:56","modified_gmt":"2025-02-21T13:16:56","slug":"producao-e-circulacao-do-conhecimento-cientifico","status":"publish","type":"product","link":"https:\/\/ponteseditores.com.br\/loja3\/pontes-editores-home-2__trashed\/lancamento\/producao-e-circulacao-do-conhecimento-cientifico\/","title":{"rendered":"Produ\u00e7\u00e3o e circula\u00e7\u00e3o do conhecimento cient\u00edfico"},"content":{"rendered":"<p>Entender a produ\u00e7\u00e3o e a circula\u00e7\u00e3o do conhecimento cient\u00edfico \u00e9 um desafio importante e contempor\u00e2neo, que se mostra ainda mais relevante em tempos de recusa sistem\u00e1tica da ci\u00eancia &#8212; um fen\u00f4meno social, pol\u00edtico e ideol\u00f3gico, ligado a teorias da conspira\u00e7\u00e3o, \u00e0 desinforma\u00e7\u00e3o, \u00e0s pseudoci\u00eancias e, tamb\u00e9m, \u00e0 ascens\u00e3o da extrema direita. Esta obra \u00e9 lan\u00e7ada neste cen\u00e1rio desafiador. Nela, estudantes que conclu\u00edram a disciplina \u201cJornalismo Cient\u00edfico\u201d do Programa de P\u00f3s-Gradua\u00e7\u00e3o em Divulga\u00e7\u00e3o Cient\u00edfica e Cultural da Unicamp \u2013 pioneiro no pa\u00eds \u2013 mergulham em temas relacionados \u00e0 produ\u00e7\u00e3o cient\u00edfica, \u00e0 divulga\u00e7\u00e3o cient\u00edfica e, mais especificamente, ao jornalismo cient\u00edfico, com foco no contexto nacional. O Brasil est\u00e1 entre os maiores produtores de ci\u00eancia mundial, lidera v\u00e1rias \u00e1reas do conhecimento, mas a imensa maioria da popula\u00e7\u00e3o brasileira desconhece a ci\u00eancia brasileira.<\/p>\n<p>O que est\u00e1 acontecendo? Espera-se que <strong>Produ\u00e7\u00e3o e circula\u00e7\u00e3o do conhecimento cient\u00edfico <\/strong>possa despertar novas pesquisas na \u00e1rea de divulga\u00e7\u00e3o cient\u00edfica e cultural e que contribua para uma sociedade mais justa e democr\u00e1tica.<\/p>\n","protected":false},"excerpt":{"rendered":"<p>Entender a produ\u00e7\u00e3o e a circula\u00e7\u00e3o do conhecimento cient\u00edfico \u00e9 um desafio importante e contempor\u00e2neo, que se mostra ainda mais relevante em tempos de recusa sistem\u00e1tica da ci\u00eancia &#8212; um fen\u00f4meno social, pol\u00edtico e ideol\u00f3gico, ligado a teorias da conspira\u00e7\u00e3o, \u00e0 desinforma\u00e7\u00e3o, \u00e0s pseudoci\u00eancias e, tamb\u00e9m, \u00e0 ascens\u00e3o da extrema direita. Esta obra \u00e9 lan\u00e7ada [&hellip;]<\/p>\n","protected":false},"featured_media":22078,"comment_status":"open","ping_status":"closed","template":"","meta":{"_joinchat":[]},"product_brand":[],"product_cat":[324,167],"product_tag":[],"class_list":{"0":"post-22076","1":"product","2":"type-product","3":"status-publish","4":"has-post-thumbnail","6":"product_cat-acao-social","7":"product_cat-lancamento","9":"first","10":"instock","11":"shipping-taxable","12":"purchasable","13":"product-type-simple"},"yoast_head":"<!-- This site is optimized with the Yoast SEO plugin v27.4 - https:\/\/yoast.com\/product\/yoast-seo-wordpress\/ -->\n<title>Produ\u00e7\u00e3o e circula\u00e7\u00e3o do conhecimento cient\u00edfico - Pontes Editores<\/title>\n<meta name=\"robots\" content=\"index, follow, max-snippet:-1, max-image-preview:large, max-video-preview:-1\" \/>\n<link rel=\"canonical\" href=\"https:\/\/ponteseditores.com.br\/loja3\/pontes-editores-home-2__trashed\/lancamento\/producao-e-circulacao-do-conhecimento-cientifico\/\" \/>\n<meta property=\"og:locale\" content=\"pt_BR\" \/>\n<meta property=\"og:type\" content=\"article\" \/>\n<meta property=\"og:title\" content=\"Produ\u00e7\u00e3o e circula\u00e7\u00e3o do conhecimento cient\u00edfico - Pontes Editores\" \/>\n<meta property=\"og:description\" content=\"Entender a produ\u00e7\u00e3o e a circula\u00e7\u00e3o do conhecimento cient\u00edfico \u00e9 um desafio importante e contempor\u00e2neo, que se mostra ainda mais relevante em tempos de recusa sistem\u00e1tica da ci\u00eancia &#8212; um fen\u00f4meno social, pol\u00edtico e ideol\u00f3gico, ligado a teorias da conspira\u00e7\u00e3o, \u00e0 desinforma\u00e7\u00e3o, \u00e0s pseudoci\u00eancias e, tamb\u00e9m, \u00e0 ascens\u00e3o da extrema direita. Esta obra \u00e9 lan\u00e7ada [&hellip;]\" \/>\n<meta property=\"og:url\" content=\"https:\/\/ponteseditores.com.br\/loja3\/pontes-editores-home-2__trashed\/lancamento\/producao-e-circulacao-do-conhecimento-cientifico\/\" \/>\n<meta property=\"og:site_name\" content=\"Pontes Editores\" \/>\n<meta property=\"article:modified_time\" content=\"2025-02-21T13:16:56+00:00\" \/>\n<meta property=\"og:image\" content=\"https:\/\/ponteseditores.com.br\/loja3\/wp-content\/uploads\/2025\/02\/Capa_Producao-e-circulacao-scaled.jpg\" \/>\n\t<meta property=\"og:image:width\" content=\"1685\" \/>\n\t<meta property=\"og:image:height\" content=\"2560\" \/>\n\t<meta property=\"og:image:type\" content=\"image\/jpeg\" \/>\n<meta name=\"twitter:card\" content=\"summary_large_image\" \/>\n<meta name=\"twitter:label1\" content=\"Est. tempo de leitura\" \/>\n\t<meta name=\"twitter:data1\" content=\"2 minutos\" \/>\n<script type=\"application\/ld+json\" class=\"yoast-schema-graph\">{\"@context\":\"https:\\\/\\\/schema.org\",\"@graph\":[{\"@type\":\"WebPage\",\"@id\":\"https:\\\/\\\/ponteseditores.com.br\\\/loja3\\\/pontes-editores-home-2__trashed\\\/lancamento\\\/producao-e-circulacao-do-conhecimento-cientifico\\\/\",\"url\":\"https:\\\/\\\/ponteseditores.com.br\\\/loja3\\\/pontes-editores-home-2__trashed\\\/lancamento\\\/producao-e-circulacao-do-conhecimento-cientifico\\\/\",\"name\":\"Produ\u00e7\u00e3o e circula\u00e7\u00e3o do conhecimento cient\u00edfico - Pontes Editores\",\"isPartOf\":{\"@id\":\"https:\\\/\\\/ponteseditores.com.br\\\/loja3\\\/#website\"},\"primaryImageOfPage\":{\"@id\":\"https:\\\/\\\/ponteseditores.com.br\\\/loja3\\\/pontes-editores-home-2__trashed\\\/lancamento\\\/producao-e-circulacao-do-conhecimento-cientifico\\\/#primaryimage\"},\"image\":{\"@id\":\"https:\\\/\\\/ponteseditores.com.br\\\/loja3\\\/pontes-editores-home-2__trashed\\\/lancamento\\\/producao-e-circulacao-do-conhecimento-cientifico\\\/#primaryimage\"},\"thumbnailUrl\":\"https:\\\/\\\/ponteseditores.com.br\\\/loja3\\\/wp-content\\\/uploads\\\/2025\\\/02\\\/Capa_Producao-e-circulacao-scaled.jpg\",\"datePublished\":\"2025-02-21T13:16:25+00:00\",\"dateModified\":\"2025-02-21T13:16:56+00:00\",\"breadcrumb\":{\"@id\":\"https:\\\/\\\/ponteseditores.com.br\\\/loja3\\\/pontes-editores-home-2__trashed\\\/lancamento\\\/producao-e-circulacao-do-conhecimento-cientifico\\\/#breadcrumb\"},\"inLanguage\":\"pt-BR\",\"potentialAction\":[{\"@type\":\"ReadAction\",\"target\":[\"https:\\\/\\\/ponteseditores.com.br\\\/loja3\\\/pontes-editores-home-2__trashed\\\/lancamento\\\/producao-e-circulacao-do-conhecimento-cientifico\\\/\"]}]},{\"@type\":\"ImageObject\",\"inLanguage\":\"pt-BR\",\"@id\":\"https:\\\/\\\/ponteseditores.com.br\\\/loja3\\\/pontes-editores-home-2__trashed\\\/lancamento\\\/producao-e-circulacao-do-conhecimento-cientifico\\\/#primaryimage\",\"url\":\"https:\\\/\\\/ponteseditores.com.br\\\/loja3\\\/wp-content\\\/uploads\\\/2025\\\/02\\\/Capa_Producao-e-circulacao-scaled.jpg\",\"contentUrl\":\"https:\\\/\\\/ponteseditores.com.br\\\/loja3\\\/wp-content\\\/uploads\\\/2025\\\/02\\\/Capa_Producao-e-circulacao-scaled.jpg\",\"width\":1685,\"height\":2560},{\"@type\":\"BreadcrumbList\",\"@id\":\"https:\\\/\\\/ponteseditores.com.br\\\/loja3\\\/pontes-editores-home-2__trashed\\\/lancamento\\\/producao-e-circulacao-do-conhecimento-cientifico\\\/#breadcrumb\",\"itemListElement\":[{\"@type\":\"ListItem\",\"position\":1,\"name\":\"Home\",\"item\":\"https:\\\/\\\/ponteseditores.com.br\\\/loja3\\\/\"},{\"@type\":\"ListItem\",\"position\":2,\"name\":\"loja\",\"item\":\"https:\\\/\\\/ponteseditores.com.br\\\/loja3\\\/loja\\\/\"},{\"@type\":\"ListItem\",\"position\":3,\"name\":\"Produ\u00e7\u00e3o e circula\u00e7\u00e3o do conhecimento cient\u00edfico\"}]},{\"@type\":\"WebSite\",\"@id\":\"https:\\\/\\\/ponteseditores.com.br\\\/loja3\\\/#website\",\"url\":\"https:\\\/\\\/ponteseditores.com.br\\\/loja3\\\/\",\"name\":\"Pontes Editores\",\"description\":\"Pontes Editores\",\"publisher\":{\"@id\":\"https:\\\/\\\/ponteseditores.com.br\\\/loja3\\\/#organization\"},\"potentialAction\":[{\"@type\":\"SearchAction\",\"target\":{\"@type\":\"EntryPoint\",\"urlTemplate\":\"https:\\\/\\\/ponteseditores.com.br\\\/loja3\\\/?s={search_term_string}\"},\"query-input\":{\"@type\":\"PropertyValueSpecification\",\"valueRequired\":true,\"valueName\":\"search_term_string\"}}],\"inLanguage\":\"pt-BR\"},{\"@type\":\"Organization\",\"@id\":\"https:\\\/\\\/ponteseditores.com.br\\\/loja3\\\/#organization\",\"name\":\"Pontes Editores\",\"url\":\"https:\\\/\\\/ponteseditores.com.br\\\/loja3\\\/\",\"logo\":{\"@type\":\"ImageObject\",\"inLanguage\":\"pt-BR\",\"@id\":\"https:\\\/\\\/ponteseditores.com.br\\\/loja3\\\/#\\\/schema\\\/logo\\\/image\\\/\",\"url\":\"https:\\\/\\\/ponteseditores.com.br\\\/loja3\\\/wp-content\\\/uploads\\\/2023\\\/12\\\/logo-pontes-editores-v2.png\",\"contentUrl\":\"https:\\\/\\\/ponteseditores.com.br\\\/loja3\\\/wp-content\\\/uploads\\\/2023\\\/12\\\/logo-pontes-editores-v2.png\",\"width\":258,\"height\":100,\"caption\":\"Pontes Editores\"},\"image\":{\"@id\":\"https:\\\/\\\/ponteseditores.com.br\\\/loja3\\\/#\\\/schema\\\/logo\\\/image\\\/\"}}]}<\/script>\n<!-- \/ Yoast SEO plugin. -->","yoast_head_json":{"title":"Produ\u00e7\u00e3o e circula\u00e7\u00e3o do conhecimento cient\u00edfico - Pontes Editores","robots":{"index":"index","follow":"follow","max-snippet":"max-snippet:-1","max-image-preview":"max-image-preview:large","max-video-preview":"max-video-preview:-1"},"canonical":"https:\/\/ponteseditores.com.br\/loja3\/pontes-editores-home-2__trashed\/lancamento\/producao-e-circulacao-do-conhecimento-cientifico\/","og_locale":"pt_BR","og_type":"article","og_title":"Produ\u00e7\u00e3o e circula\u00e7\u00e3o do conhecimento cient\u00edfico - Pontes Editores","og_description":"Entender a produ\u00e7\u00e3o e a circula\u00e7\u00e3o do conhecimento cient\u00edfico \u00e9 um desafio importante e contempor\u00e2neo, que se mostra ainda mais relevante em tempos de recusa sistem\u00e1tica da ci\u00eancia &#8212; um fen\u00f4meno social, pol\u00edtico e ideol\u00f3gico, ligado a teorias da conspira\u00e7\u00e3o, \u00e0 desinforma\u00e7\u00e3o, \u00e0s pseudoci\u00eancias e, tamb\u00e9m, \u00e0 ascens\u00e3o da extrema direita. Esta obra \u00e9 lan\u00e7ada [&hellip;]","og_url":"https:\/\/ponteseditores.com.br\/loja3\/pontes-editores-home-2__trashed\/lancamento\/producao-e-circulacao-do-conhecimento-cientifico\/","og_site_name":"Pontes Editores","article_modified_time":"2025-02-21T13:16:56+00:00","og_image":[{"width":1685,"height":2560,"url":"https:\/\/ponteseditores.com.br\/loja3\/wp-content\/uploads\/2025\/02\/Capa_Producao-e-circulacao-scaled.jpg","type":"image\/jpeg"}],"twitter_card":"summary_large_image","twitter_misc":{"Est. tempo de leitura":"2 minutos"},"schema":{"@context":"https:\/\/schema.org","@graph":[{"@type":"WebPage","@id":"https:\/\/ponteseditores.com.br\/loja3\/pontes-editores-home-2__trashed\/lancamento\/producao-e-circulacao-do-conhecimento-cientifico\/","url":"https:\/\/ponteseditores.com.br\/loja3\/pontes-editores-home-2__trashed\/lancamento\/producao-e-circulacao-do-conhecimento-cientifico\/","name":"Produ\u00e7\u00e3o e circula\u00e7\u00e3o do conhecimento cient\u00edfico - Pontes Editores","isPartOf":{"@id":"https:\/\/ponteseditores.com.br\/loja3\/#website"},"primaryImageOfPage":{"@id":"https:\/\/ponteseditores.com.br\/loja3\/pontes-editores-home-2__trashed\/lancamento\/producao-e-circulacao-do-conhecimento-cientifico\/#primaryimage"},"image":{"@id":"https:\/\/ponteseditores.com.br\/loja3\/pontes-editores-home-2__trashed\/lancamento\/producao-e-circulacao-do-conhecimento-cientifico\/#primaryimage"},"thumbnailUrl":"https:\/\/ponteseditores.com.br\/loja3\/wp-content\/uploads\/2025\/02\/Capa_Producao-e-circulacao-scaled.jpg","datePublished":"2025-02-21T13:16:25+00:00","dateModified":"2025-02-21T13:16:56+00:00","breadcrumb":{"@id":"https:\/\/ponteseditores.com.br\/loja3\/pontes-editores-home-2__trashed\/lancamento\/producao-e-circulacao-do-conhecimento-cientifico\/#breadcrumb"},"inLanguage":"pt-BR","potentialAction":[{"@type":"ReadAction","target":["https:\/\/ponteseditores.com.br\/loja3\/pontes-editores-home-2__trashed\/lancamento\/producao-e-circulacao-do-conhecimento-cientifico\/"]}]},{"@type":"ImageObject","inLanguage":"pt-BR","@id":"https:\/\/ponteseditores.com.br\/loja3\/pontes-editores-home-2__trashed\/lancamento\/producao-e-circulacao-do-conhecimento-cientifico\/#primaryimage","url":"https:\/\/ponteseditores.com.br\/loja3\/wp-content\/uploads\/2025\/02\/Capa_Producao-e-circulacao-scaled.jpg","contentUrl":"https:\/\/ponteseditores.com.br\/loja3\/wp-content\/uploads\/2025\/02\/Capa_Producao-e-circulacao-scaled.jpg","width":1685,"height":2560},{"@type":"BreadcrumbList","@id":"https:\/\/ponteseditores.com.br\/loja3\/pontes-editores-home-2__trashed\/lancamento\/producao-e-circulacao-do-conhecimento-cientifico\/#breadcrumb","itemListElement":[{"@type":"ListItem","position":1,"name":"Home","item":"https:\/\/ponteseditores.com.br\/loja3\/"},{"@type":"ListItem","position":2,"name":"loja","item":"https:\/\/ponteseditores.com.br\/loja3\/loja\/"},{"@type":"ListItem","position":3,"name":"Produ\u00e7\u00e3o e circula\u00e7\u00e3o do conhecimento cient\u00edfico"}]},{"@type":"WebSite","@id":"https:\/\/ponteseditores.com.br\/loja3\/#website","url":"https:\/\/ponteseditores.com.br\/loja3\/","name":"Pontes Editores","description":"Pontes Editores","publisher":{"@id":"https:\/\/ponteseditores.com.br\/loja3\/#organization"},"potentialAction":[{"@type":"SearchAction","target":{"@type":"EntryPoint","urlTemplate":"https:\/\/ponteseditores.com.br\/loja3\/?s={search_term_string}"},"query-input":{"@type":"PropertyValueSpecification","valueRequired":true,"valueName":"search_term_string"}}],"inLanguage":"pt-BR"},{"@type":"Organization","@id":"https:\/\/ponteseditores.com.br\/loja3\/#organization","name":"Pontes Editores","url":"https:\/\/ponteseditores.com.br\/loja3\/","logo":{"@type":"ImageObject","inLanguage":"pt-BR","@id":"https:\/\/ponteseditores.com.br\/loja3\/#\/schema\/logo\/image\/","url":"https:\/\/ponteseditores.com.br\/loja3\/wp-content\/uploads\/2023\/12\/logo-pontes-editores-v2.png","contentUrl":"https:\/\/ponteseditores.com.br\/loja3\/wp-content\/uploads\/2023\/12\/logo-pontes-editores-v2.png","width":258,"height":100,"caption":"Pontes Editores"},"image":{"@id":"https:\/\/ponteseditores.com.br\/loja3\/#\/schema\/logo\/image\/"}}]}},"_links":{"self":[{"href":"https:\/\/ponteseditores.com.br\/loja3\/wp-json\/wp\/v2\/product\/22076","targetHints":{"allow":["GET"]}}],"collection":[{"href":"https:\/\/ponteseditores.com.br\/loja3\/wp-json\/wp\/v2\/product"}],"about":[{"href":"https:\/\/ponteseditores.com.br\/loja3\/wp-json\/wp\/v2\/types\/product"}],"replies":[{"embeddable":true,"href":"https:\/\/ponteseditores.com.br\/loja3\/wp-json\/wp\/v2\/comments?post=22076"}],"version-history":[{"count":1,"href":"https:\/\/ponteseditores.com.br\/loja3\/wp-json\/wp\/v2\/product\/22076\/revisions"}],"predecessor-version":[{"id":22079,"href":"https:\/\/ponteseditores.com.br\/loja3\/wp-json\/wp\/v2\/product\/22076\/revisions\/22079"}],"wp:featuredmedia":[{"embeddable":true,"href":"https:\/\/ponteseditores.com.br\/loja3\/wp-json\/wp\/v2\/media\/22078"}],"wp:attachment":[{"href":"https:\/\/ponteseditores.com.br\/loja3\/wp-json\/wp\/v2\/media?parent=22076"}],"wp:term":[{"taxonomy":"product_brand","embeddable":true,"href":"https:\/\/ponteseditores.com.br\/loja3\/wp-json\/wp\/v2\/product_brand?post=22076"},{"taxonomy":"product_cat","embeddable":true,"href":"https:\/\/ponteseditores.com.br\/loja3\/wp-json\/wp\/v2\/product_cat?post=22076"},{"taxonomy":"product_tag","embeddable":true,"href":"https:\/\/ponteseditores.com.br\/loja3\/wp-json\/wp\/v2\/product_tag?post=22076"}],"curies":[{"name":"wp","href":"https:\/\/api.w.org\/{rel}","templated":true}]}}