{"id":21854,"date":"2025-02-17T14:59:05","date_gmt":"2025-02-17T17:59:05","guid":{"rendered":"https:\/\/ponteseditores.com.br\/loja3\/?post_type=product&#038;p=21854"},"modified":"2025-02-17T14:59:05","modified_gmt":"2025-02-17T17:59:05","slug":"estudos-discursivos-na-contemporaneidade-o-historico-o-politico-o-literario-e-o-digital","status":"publish","type":"product","link":"https:\/\/ponteseditores.com.br\/loja3\/pontes-editores-home-2__trashed\/linguistica\/estudos-discursivos-na-contemporaneidade-o-historico-o-politico-o-literario-e-o-digital\/","title":{"rendered":"Estudos discursivos na contemporaneidade: o hist\u00f3rico, o pol\u00edtico, o liter\u00e1rio e o digital"},"content":{"rendered":"<p>Este \u00e9 um livro que responde ao compromisso acad\u00eamico e social com a divulga\u00e7\u00e3o cient\u00edfica em nosso pa\u00eds, ao apresentar uma amostra do conjunto rico e denso de pesquisas produzidas e orientadas na Linha de pesquisa \u201cLinguagem e Discurso\u201d do Programa de P\u00f3s-gradua\u00e7\u00e3o em Lingu\u00edstica (PPGL) da Universidade Federal de S\u00e3o Carlos (UFSCar). Desejamos que a leitura dos 11 cap\u00edtulos que comp\u00f5em essa colet\u00e2nea permitam a todos, todas e todes que almejem fazer parte do quadro docente e discente do PPGL e demais interessados\/as, nesta linha de pesquisa, conhecerem um pouco mais as pesquisas em cu rso ou recentemente finalizadas em nosso programa.<\/p>\n<p>Que a sua leitura tamb\u00e9m possa fornecer uma vis\u00e3o ainda que panor\u00e2mica da riqueza e das possibilidades de pesquisa no campo dos estudos discursivos, inspirando qui\u00e7\u00e1 novas gera\u00e7\u00f5es de pesquisadores\/as capazes de traduzir, de discutir, enfim, de descrever\/interpretar textos altamente complexos e decisivos em nossa vida em sociedade, e de fazerem isso de forma \u00e9tica e politicamente engajada com valores humanistas visando a justi\u00e7a social e o bem-estar coletivo.<\/p>\n<p>Os estudos discursivos emergem com esses compromissos e se alimentam desses princ\u00edpios em toda a sua trajet\u00f3ria at\u00e9 os dias atuais. \u00c9 esse legado que desejamos que este livro contribua para zelar e honrar.<\/p>\n","protected":false},"excerpt":{"rendered":"<p>Este \u00e9 um livro que responde ao compromisso acad\u00eamico e social com a divulga\u00e7\u00e3o cient\u00edfica em nosso pa\u00eds, ao apresentar uma amostra do conjunto rico e denso de pesquisas produzidas e orientadas na Linha de pesquisa \u201cLinguagem e Discurso\u201d do Programa de P\u00f3s-gradua\u00e7\u00e3o em Lingu\u00edstica (PPGL) da Universidade Federal de S\u00e3o Carlos (UFSCar). Desejamos que [&hellip;]<\/p>\n","protected":false},"featured_media":21855,"comment_status":"open","ping_status":"closed","template":"","meta":{"_joinchat":[]},"product_brand":[],"product_cat":[167,31],"product_tag":[],"class_list":{"0":"post-21854","1":"product","2":"type-product","3":"status-publish","4":"has-post-thumbnail","6":"product_cat-lancamento","7":"product_cat-linguistica","9":"first","10":"instock","11":"shipping-taxable","12":"purchasable","13":"product-type-simple"},"yoast_head":"<!-- This site is optimized with the Yoast SEO plugin v27.4 - https:\/\/yoast.com\/product\/yoast-seo-wordpress\/ -->\n<title>Estudos discursivos na contemporaneidade: o hist\u00f3rico, o pol\u00edtico, o liter\u00e1rio e o digital - Pontes Editores<\/title>\n<meta name=\"robots\" content=\"index, follow, max-snippet:-1, max-image-preview:large, max-video-preview:-1\" \/>\n<link rel=\"canonical\" href=\"https:\/\/ponteseditores.com.br\/loja3\/pontes-editores-home-2__trashed\/linguistica\/estudos-discursivos-na-contemporaneidade-o-historico-o-politico-o-literario-e-o-digital\/\" \/>\n<meta property=\"og:locale\" content=\"pt_BR\" \/>\n<meta property=\"og:type\" content=\"article\" \/>\n<meta property=\"og:title\" content=\"Estudos discursivos na contemporaneidade: o hist\u00f3rico, o pol\u00edtico, o liter\u00e1rio e o digital - Pontes Editores\" \/>\n<meta property=\"og:description\" content=\"Este \u00e9 um livro que responde ao compromisso acad\u00eamico e social com a divulga\u00e7\u00e3o cient\u00edfica em nosso pa\u00eds, ao apresentar uma amostra do conjunto rico e denso de pesquisas produzidas e orientadas na Linha de pesquisa \u201cLinguagem e Discurso\u201d do Programa de P\u00f3s-gradua\u00e7\u00e3o em Lingu\u00edstica (PPGL) da Universidade Federal de S\u00e3o Carlos (UFSCar). Desejamos que [&hellip;]\" \/>\n<meta property=\"og:url\" content=\"https:\/\/ponteseditores.com.br\/loja3\/pontes-editores-home-2__trashed\/linguistica\/estudos-discursivos-na-contemporaneidade-o-historico-o-politico-o-literario-e-o-digital\/\" \/>\n<meta property=\"og:site_name\" content=\"Pontes Editores\" \/>\n<meta property=\"og:image\" content=\"https:\/\/ponteseditores.com.br\/loja3\/wp-content\/uploads\/2025\/02\/Capa_Estudos-discursivos.jpg\" \/>\n\t<meta property=\"og:image:width\" content=\"1728\" \/>\n\t<meta property=\"og:image:height\" content=\"2443\" \/>\n\t<meta property=\"og:image:type\" content=\"image\/jpeg\" \/>\n<meta name=\"twitter:card\" content=\"summary_large_image\" \/>\n<meta name=\"twitter:label1\" content=\"Est. tempo de leitura\" \/>\n\t<meta name=\"twitter:data1\" content=\"2 minutos\" \/>\n<script type=\"application\/ld+json\" class=\"yoast-schema-graph\">{\"@context\":\"https:\\\/\\\/schema.org\",\"@graph\":[{\"@type\":\"WebPage\",\"@id\":\"https:\\\/\\\/ponteseditores.com.br\\\/loja3\\\/pontes-editores-home-2__trashed\\\/linguistica\\\/estudos-discursivos-na-contemporaneidade-o-historico-o-politico-o-literario-e-o-digital\\\/\",\"url\":\"https:\\\/\\\/ponteseditores.com.br\\\/loja3\\\/pontes-editores-home-2__trashed\\\/linguistica\\\/estudos-discursivos-na-contemporaneidade-o-historico-o-politico-o-literario-e-o-digital\\\/\",\"name\":\"Estudos discursivos na contemporaneidade: o hist\u00f3rico, o pol\u00edtico, o liter\u00e1rio e o digital - Pontes Editores\",\"isPartOf\":{\"@id\":\"https:\\\/\\\/ponteseditores.com.br\\\/loja3\\\/#website\"},\"primaryImageOfPage\":{\"@id\":\"https:\\\/\\\/ponteseditores.com.br\\\/loja3\\\/pontes-editores-home-2__trashed\\\/linguistica\\\/estudos-discursivos-na-contemporaneidade-o-historico-o-politico-o-literario-e-o-digital\\\/#primaryimage\"},\"image\":{\"@id\":\"https:\\\/\\\/ponteseditores.com.br\\\/loja3\\\/pontes-editores-home-2__trashed\\\/linguistica\\\/estudos-discursivos-na-contemporaneidade-o-historico-o-politico-o-literario-e-o-digital\\\/#primaryimage\"},\"thumbnailUrl\":\"https:\\\/\\\/ponteseditores.com.br\\\/loja3\\\/wp-content\\\/uploads\\\/2025\\\/02\\\/Capa_Estudos-discursivos.jpg\",\"datePublished\":\"2025-02-17T17:59:05+00:00\",\"breadcrumb\":{\"@id\":\"https:\\\/\\\/ponteseditores.com.br\\\/loja3\\\/pontes-editores-home-2__trashed\\\/linguistica\\\/estudos-discursivos-na-contemporaneidade-o-historico-o-politico-o-literario-e-o-digital\\\/#breadcrumb\"},\"inLanguage\":\"pt-BR\",\"potentialAction\":[{\"@type\":\"ReadAction\",\"target\":[\"https:\\\/\\\/ponteseditores.com.br\\\/loja3\\\/pontes-editores-home-2__trashed\\\/linguistica\\\/estudos-discursivos-na-contemporaneidade-o-historico-o-politico-o-literario-e-o-digital\\\/\"]}]},{\"@type\":\"ImageObject\",\"inLanguage\":\"pt-BR\",\"@id\":\"https:\\\/\\\/ponteseditores.com.br\\\/loja3\\\/pontes-editores-home-2__trashed\\\/linguistica\\\/estudos-discursivos-na-contemporaneidade-o-historico-o-politico-o-literario-e-o-digital\\\/#primaryimage\",\"url\":\"https:\\\/\\\/ponteseditores.com.br\\\/loja3\\\/wp-content\\\/uploads\\\/2025\\\/02\\\/Capa_Estudos-discursivos.jpg\",\"contentUrl\":\"https:\\\/\\\/ponteseditores.com.br\\\/loja3\\\/wp-content\\\/uploads\\\/2025\\\/02\\\/Capa_Estudos-discursivos.jpg\",\"width\":1728,\"height\":2443},{\"@type\":\"BreadcrumbList\",\"@id\":\"https:\\\/\\\/ponteseditores.com.br\\\/loja3\\\/pontes-editores-home-2__trashed\\\/linguistica\\\/estudos-discursivos-na-contemporaneidade-o-historico-o-politico-o-literario-e-o-digital\\\/#breadcrumb\",\"itemListElement\":[{\"@type\":\"ListItem\",\"position\":1,\"name\":\"Home\",\"item\":\"https:\\\/\\\/ponteseditores.com.br\\\/loja3\\\/\"},{\"@type\":\"ListItem\",\"position\":2,\"name\":\"loja\",\"item\":\"https:\\\/\\\/ponteseditores.com.br\\\/loja3\\\/loja\\\/\"},{\"@type\":\"ListItem\",\"position\":3,\"name\":\"Estudos discursivos na contemporaneidade: o hist\u00f3rico, o pol\u00edtico, o liter\u00e1rio e o digital\"}]},{\"@type\":\"WebSite\",\"@id\":\"https:\\\/\\\/ponteseditores.com.br\\\/loja3\\\/#website\",\"url\":\"https:\\\/\\\/ponteseditores.com.br\\\/loja3\\\/\",\"name\":\"Pontes Editores\",\"description\":\"Pontes Editores\",\"publisher\":{\"@id\":\"https:\\\/\\\/ponteseditores.com.br\\\/loja3\\\/#organization\"},\"potentialAction\":[{\"@type\":\"SearchAction\",\"target\":{\"@type\":\"EntryPoint\",\"urlTemplate\":\"https:\\\/\\\/ponteseditores.com.br\\\/loja3\\\/?s={search_term_string}\"},\"query-input\":{\"@type\":\"PropertyValueSpecification\",\"valueRequired\":true,\"valueName\":\"search_term_string\"}}],\"inLanguage\":\"pt-BR\"},{\"@type\":\"Organization\",\"@id\":\"https:\\\/\\\/ponteseditores.com.br\\\/loja3\\\/#organization\",\"name\":\"Pontes Editores\",\"url\":\"https:\\\/\\\/ponteseditores.com.br\\\/loja3\\\/\",\"logo\":{\"@type\":\"ImageObject\",\"inLanguage\":\"pt-BR\",\"@id\":\"https:\\\/\\\/ponteseditores.com.br\\\/loja3\\\/#\\\/schema\\\/logo\\\/image\\\/\",\"url\":\"https:\\\/\\\/ponteseditores.com.br\\\/loja3\\\/wp-content\\\/uploads\\\/2023\\\/12\\\/logo-pontes-editores-v2.png\",\"contentUrl\":\"https:\\\/\\\/ponteseditores.com.br\\\/loja3\\\/wp-content\\\/uploads\\\/2023\\\/12\\\/logo-pontes-editores-v2.png\",\"width\":258,\"height\":100,\"caption\":\"Pontes Editores\"},\"image\":{\"@id\":\"https:\\\/\\\/ponteseditores.com.br\\\/loja3\\\/#\\\/schema\\\/logo\\\/image\\\/\"}}]}<\/script>\n<!-- \/ Yoast SEO plugin. -->","yoast_head_json":{"title":"Estudos discursivos na contemporaneidade: o hist\u00f3rico, o pol\u00edtico, o liter\u00e1rio e o digital - Pontes Editores","robots":{"index":"index","follow":"follow","max-snippet":"max-snippet:-1","max-image-preview":"max-image-preview:large","max-video-preview":"max-video-preview:-1"},"canonical":"https:\/\/ponteseditores.com.br\/loja3\/pontes-editores-home-2__trashed\/linguistica\/estudos-discursivos-na-contemporaneidade-o-historico-o-politico-o-literario-e-o-digital\/","og_locale":"pt_BR","og_type":"article","og_title":"Estudos discursivos na contemporaneidade: o hist\u00f3rico, o pol\u00edtico, o liter\u00e1rio e o digital - Pontes Editores","og_description":"Este \u00e9 um livro que responde ao compromisso acad\u00eamico e social com a divulga\u00e7\u00e3o cient\u00edfica em nosso pa\u00eds, ao apresentar uma amostra do conjunto rico e denso de pesquisas produzidas e orientadas na Linha de pesquisa \u201cLinguagem e Discurso\u201d do Programa de P\u00f3s-gradua\u00e7\u00e3o em Lingu\u00edstica (PPGL) da Universidade Federal de S\u00e3o Carlos (UFSCar). Desejamos que [&hellip;]","og_url":"https:\/\/ponteseditores.com.br\/loja3\/pontes-editores-home-2__trashed\/linguistica\/estudos-discursivos-na-contemporaneidade-o-historico-o-politico-o-literario-e-o-digital\/","og_site_name":"Pontes Editores","og_image":[{"width":1728,"height":2443,"url":"https:\/\/ponteseditores.com.br\/loja3\/wp-content\/uploads\/2025\/02\/Capa_Estudos-discursivos.jpg","type":"image\/jpeg"}],"twitter_card":"summary_large_image","twitter_misc":{"Est. tempo de leitura":"2 minutos"},"schema":{"@context":"https:\/\/schema.org","@graph":[{"@type":"WebPage","@id":"https:\/\/ponteseditores.com.br\/loja3\/pontes-editores-home-2__trashed\/linguistica\/estudos-discursivos-na-contemporaneidade-o-historico-o-politico-o-literario-e-o-digital\/","url":"https:\/\/ponteseditores.com.br\/loja3\/pontes-editores-home-2__trashed\/linguistica\/estudos-discursivos-na-contemporaneidade-o-historico-o-politico-o-literario-e-o-digital\/","name":"Estudos discursivos na contemporaneidade: o hist\u00f3rico, o pol\u00edtico, o liter\u00e1rio e o digital - Pontes Editores","isPartOf":{"@id":"https:\/\/ponteseditores.com.br\/loja3\/#website"},"primaryImageOfPage":{"@id":"https:\/\/ponteseditores.com.br\/loja3\/pontes-editores-home-2__trashed\/linguistica\/estudos-discursivos-na-contemporaneidade-o-historico-o-politico-o-literario-e-o-digital\/#primaryimage"},"image":{"@id":"https:\/\/ponteseditores.com.br\/loja3\/pontes-editores-home-2__trashed\/linguistica\/estudos-discursivos-na-contemporaneidade-o-historico-o-politico-o-literario-e-o-digital\/#primaryimage"},"thumbnailUrl":"https:\/\/ponteseditores.com.br\/loja3\/wp-content\/uploads\/2025\/02\/Capa_Estudos-discursivos.jpg","datePublished":"2025-02-17T17:59:05+00:00","breadcrumb":{"@id":"https:\/\/ponteseditores.com.br\/loja3\/pontes-editores-home-2__trashed\/linguistica\/estudos-discursivos-na-contemporaneidade-o-historico-o-politico-o-literario-e-o-digital\/#breadcrumb"},"inLanguage":"pt-BR","potentialAction":[{"@type":"ReadAction","target":["https:\/\/ponteseditores.com.br\/loja3\/pontes-editores-home-2__trashed\/linguistica\/estudos-discursivos-na-contemporaneidade-o-historico-o-politico-o-literario-e-o-digital\/"]}]},{"@type":"ImageObject","inLanguage":"pt-BR","@id":"https:\/\/ponteseditores.com.br\/loja3\/pontes-editores-home-2__trashed\/linguistica\/estudos-discursivos-na-contemporaneidade-o-historico-o-politico-o-literario-e-o-digital\/#primaryimage","url":"https:\/\/ponteseditores.com.br\/loja3\/wp-content\/uploads\/2025\/02\/Capa_Estudos-discursivos.jpg","contentUrl":"https:\/\/ponteseditores.com.br\/loja3\/wp-content\/uploads\/2025\/02\/Capa_Estudos-discursivos.jpg","width":1728,"height":2443},{"@type":"BreadcrumbList","@id":"https:\/\/ponteseditores.com.br\/loja3\/pontes-editores-home-2__trashed\/linguistica\/estudos-discursivos-na-contemporaneidade-o-historico-o-politico-o-literario-e-o-digital\/#breadcrumb","itemListElement":[{"@type":"ListItem","position":1,"name":"Home","item":"https:\/\/ponteseditores.com.br\/loja3\/"},{"@type":"ListItem","position":2,"name":"loja","item":"https:\/\/ponteseditores.com.br\/loja3\/loja\/"},{"@type":"ListItem","position":3,"name":"Estudos discursivos na contemporaneidade: o hist\u00f3rico, o pol\u00edtico, o liter\u00e1rio e o digital"}]},{"@type":"WebSite","@id":"https:\/\/ponteseditores.com.br\/loja3\/#website","url":"https:\/\/ponteseditores.com.br\/loja3\/","name":"Pontes Editores","description":"Pontes Editores","publisher":{"@id":"https:\/\/ponteseditores.com.br\/loja3\/#organization"},"potentialAction":[{"@type":"SearchAction","target":{"@type":"EntryPoint","urlTemplate":"https:\/\/ponteseditores.com.br\/loja3\/?s={search_term_string}"},"query-input":{"@type":"PropertyValueSpecification","valueRequired":true,"valueName":"search_term_string"}}],"inLanguage":"pt-BR"},{"@type":"Organization","@id":"https:\/\/ponteseditores.com.br\/loja3\/#organization","name":"Pontes Editores","url":"https:\/\/ponteseditores.com.br\/loja3\/","logo":{"@type":"ImageObject","inLanguage":"pt-BR","@id":"https:\/\/ponteseditores.com.br\/loja3\/#\/schema\/logo\/image\/","url":"https:\/\/ponteseditores.com.br\/loja3\/wp-content\/uploads\/2023\/12\/logo-pontes-editores-v2.png","contentUrl":"https:\/\/ponteseditores.com.br\/loja3\/wp-content\/uploads\/2023\/12\/logo-pontes-editores-v2.png","width":258,"height":100,"caption":"Pontes Editores"},"image":{"@id":"https:\/\/ponteseditores.com.br\/loja3\/#\/schema\/logo\/image\/"}}]}},"_links":{"self":[{"href":"https:\/\/ponteseditores.com.br\/loja3\/wp-json\/wp\/v2\/product\/21854","targetHints":{"allow":["GET"]}}],"collection":[{"href":"https:\/\/ponteseditores.com.br\/loja3\/wp-json\/wp\/v2\/product"}],"about":[{"href":"https:\/\/ponteseditores.com.br\/loja3\/wp-json\/wp\/v2\/types\/product"}],"replies":[{"embeddable":true,"href":"https:\/\/ponteseditores.com.br\/loja3\/wp-json\/wp\/v2\/comments?post=21854"}],"version-history":[{"count":1,"href":"https:\/\/ponteseditores.com.br\/loja3\/wp-json\/wp\/v2\/product\/21854\/revisions"}],"predecessor-version":[{"id":21856,"href":"https:\/\/ponteseditores.com.br\/loja3\/wp-json\/wp\/v2\/product\/21854\/revisions\/21856"}],"wp:featuredmedia":[{"embeddable":true,"href":"https:\/\/ponteseditores.com.br\/loja3\/wp-json\/wp\/v2\/media\/21855"}],"wp:attachment":[{"href":"https:\/\/ponteseditores.com.br\/loja3\/wp-json\/wp\/v2\/media?parent=21854"}],"wp:term":[{"taxonomy":"product_brand","embeddable":true,"href":"https:\/\/ponteseditores.com.br\/loja3\/wp-json\/wp\/v2\/product_brand?post=21854"},{"taxonomy":"product_cat","embeddable":true,"href":"https:\/\/ponteseditores.com.br\/loja3\/wp-json\/wp\/v2\/product_cat?post=21854"},{"taxonomy":"product_tag","embeddable":true,"href":"https:\/\/ponteseditores.com.br\/loja3\/wp-json\/wp\/v2\/product_tag?post=21854"}],"curies":[{"name":"wp","href":"https:\/\/api.w.org\/{rel}","templated":true}]}}