{"id":21850,"date":"2025-02-17T14:52:55","date_gmt":"2025-02-17T17:52:55","guid":{"rendered":"https:\/\/ponteseditores.com.br\/loja3\/?post_type=product&#038;p=21850"},"modified":"2025-02-17T14:52:55","modified_gmt":"2025-02-17T17:52:55","slug":"a-escrita-de-si-e-as-esteticas-contemporaneas-volume-viii","status":"publish","type":"product","link":"https:\/\/ponteseditores.com.br\/loja3\/pontes-editores-home-2__trashed\/linguistica\/a-escrita-de-si-e-as-esteticas-contemporaneas-volume-viii\/","title":{"rendered":"A escrita de si e as est\u00e9ticas contempor\u00e2neas &#8211; Volume VIII"},"content":{"rendered":"<p>O livro <strong>A Escrita de Si e as Est\u00e9ticas Contempor\u00e2neas <\/strong>comp\u00f5e o volume VIII da <strong>Cole\u00e7\u00e3o Conflu\u00eancias da Literatura e Outras \u00c1reas<\/strong>. Este volume \u00e9 resultado das pesquisas desenvolvidas em torno do tema que nomeia o livro. O referido volume coloca-se como mais uma edi\u00e7\u00e3o das publica\u00e7\u00f5es bianuais do XV Semin\u00e1rio Nacional de Literatura, Hist\u00f3ria e Mem\u00f3ria e VI Congresso Pesquisa Latino-Americano, realizado em outubro de 2023, de forma h\u00edbrida, na Universidade Estadual do Oeste do Paran\u00e1, campus de Cascavel (UNIOESTE).<\/p>\n<p>O tema foi eleito pelos pesquisadores do N\u00facleo de Estudos Comparados e Pesquisa em Literatura, Cultura, Hist\u00f3ria e Mem\u00f3ria na Am\u00e9rica Latina (NuECP\/ Unioeste) e do Grupo de Pesquisa Conflu\u00eancias da Fic\u00e7\u00e3o, Hist\u00f3ria e Mem\u00f3ria na Literatura e nas Diversas Linguagens (CNPq), com o objetivo de congregar pesquisas em torno de um eixo comum para o bienio 2022\/2024. Os 14 cap\u00edtulos que comp\u00f5em o livro representam parte das pesquisas realizadas no quadri\u00eanio 2020\/2024, por pesquisadores e pesquisadoras nacionais e internacionais de diversos Programas de P\u00f3s- Gradua\u00e7\u00e3o das \u00e1reas de Letras e Artes.<\/p>\n<p>A referida publica\u00e7\u00e3o recebeu apoio da Coordena\u00e7\u00e3o de Aperfei\u00e7oamento de Pessoal de N\u00edvel Superior &#8211; CAPES, da Funda\u00e7\u00e3o Arauc\u00e1ria de Apoio ao Desenvolvimento Cient\u00edfico e Tecnol\u00f3gico do Estado do Paran\u00e1 (FA). Esta publica\u00e7\u00e3o da <strong>Cole\u00e7\u00e3o Conflu\u00eancias da Literatura e Outras \u00c1reas <\/strong>aponta para a pertin\u00eancia do tema eleito para o debate, tanto no que diz respeito a quest\u00f5es te\u00f3rico-cr\u00edticas contempor\u00e2neas quanto aos estudos anal\u00edticos de obras liter\u00e1rias ou f\u00edlmicas que se desenvolvem sob o signo das escritas em di\u00e1logos com est\u00e9ticas contempor\u00e2neas nos campos inter, multi e transdisciplinares das Letras e das Artes.<\/p>\n","protected":false},"excerpt":{"rendered":"<p>O livro A Escrita de Si e as Est\u00e9ticas Contempor\u00e2neas comp\u00f5e o volume VIII da Cole\u00e7\u00e3o Conflu\u00eancias da Literatura e Outras \u00c1reas. Este volume \u00e9 resultado das pesquisas desenvolvidas em torno do tema que nomeia o livro. O referido volume coloca-se como mais uma edi\u00e7\u00e3o das publica\u00e7\u00f5es bianuais do XV Semin\u00e1rio Nacional de Literatura, Hist\u00f3ria [&hellip;]<\/p>\n","protected":false},"featured_media":21851,"comment_status":"open","ping_status":"closed","template":"","meta":{"_joinchat":[]},"product_brand":[],"product_cat":[167,31],"product_tag":[],"class_list":{"0":"post-21850","1":"product","2":"type-product","3":"status-publish","4":"has-post-thumbnail","6":"product_cat-lancamento","7":"product_cat-linguistica","9":"first","10":"instock","11":"shipping-taxable","12":"purchasable","13":"product-type-simple"},"yoast_head":"<!-- This site is optimized with the Yoast SEO plugin v27.4 - https:\/\/yoast.com\/product\/yoast-seo-wordpress\/ -->\n<title>A escrita de si e as est\u00e9ticas contempor\u00e2neas - Volume VIII - Pontes Editores<\/title>\n<meta name=\"robots\" content=\"index, follow, max-snippet:-1, max-image-preview:large, max-video-preview:-1\" \/>\n<link rel=\"canonical\" href=\"https:\/\/ponteseditores.com.br\/loja3\/pontes-editores-home-2__trashed\/linguistica\/a-escrita-de-si-e-as-esteticas-contemporaneas-volume-viii\/\" \/>\n<meta property=\"og:locale\" content=\"pt_BR\" \/>\n<meta property=\"og:type\" content=\"article\" \/>\n<meta property=\"og:title\" content=\"A escrita de si e as est\u00e9ticas contempor\u00e2neas - Volume VIII - Pontes Editores\" \/>\n<meta property=\"og:description\" content=\"O livro A Escrita de Si e as Est\u00e9ticas Contempor\u00e2neas comp\u00f5e o volume VIII da Cole\u00e7\u00e3o Conflu\u00eancias da Literatura e Outras \u00c1reas. Este volume \u00e9 resultado das pesquisas desenvolvidas em torno do tema que nomeia o livro. O referido volume coloca-se como mais uma edi\u00e7\u00e3o das publica\u00e7\u00f5es bianuais do XV Semin\u00e1rio Nacional de Literatura, Hist\u00f3ria [&hellip;]\" \/>\n<meta property=\"og:url\" content=\"https:\/\/ponteseditores.com.br\/loja3\/pontes-editores-home-2__trashed\/linguistica\/a-escrita-de-si-e-as-esteticas-contemporaneas-volume-viii\/\" \/>\n<meta property=\"og:site_name\" content=\"Pontes Editores\" \/>\n<meta property=\"og:image\" content=\"https:\/\/ponteseditores.com.br\/loja3\/wp-content\/uploads\/2025\/02\/Capa_Escrita-de-si.jpg\" \/>\n\t<meta property=\"og:image:width\" content=\"1728\" \/>\n\t<meta property=\"og:image:height\" content=\"2443\" \/>\n\t<meta property=\"og:image:type\" content=\"image\/jpeg\" \/>\n<meta name=\"twitter:card\" content=\"summary_large_image\" \/>\n<meta name=\"twitter:label1\" content=\"Est. tempo de leitura\" \/>\n\t<meta name=\"twitter:data1\" content=\"2 minutos\" \/>\n<script type=\"application\/ld+json\" class=\"yoast-schema-graph\">{\"@context\":\"https:\\\/\\\/schema.org\",\"@graph\":[{\"@type\":\"WebPage\",\"@id\":\"https:\\\/\\\/ponteseditores.com.br\\\/loja3\\\/pontes-editores-home-2__trashed\\\/linguistica\\\/a-escrita-de-si-e-as-esteticas-contemporaneas-volume-viii\\\/\",\"url\":\"https:\\\/\\\/ponteseditores.com.br\\\/loja3\\\/pontes-editores-home-2__trashed\\\/linguistica\\\/a-escrita-de-si-e-as-esteticas-contemporaneas-volume-viii\\\/\",\"name\":\"A escrita de si e as est\u00e9ticas contempor\u00e2neas - Volume VIII - Pontes Editores\",\"isPartOf\":{\"@id\":\"https:\\\/\\\/ponteseditores.com.br\\\/loja3\\\/#website\"},\"primaryImageOfPage\":{\"@id\":\"https:\\\/\\\/ponteseditores.com.br\\\/loja3\\\/pontes-editores-home-2__trashed\\\/linguistica\\\/a-escrita-de-si-e-as-esteticas-contemporaneas-volume-viii\\\/#primaryimage\"},\"image\":{\"@id\":\"https:\\\/\\\/ponteseditores.com.br\\\/loja3\\\/pontes-editores-home-2__trashed\\\/linguistica\\\/a-escrita-de-si-e-as-esteticas-contemporaneas-volume-viii\\\/#primaryimage\"},\"thumbnailUrl\":\"https:\\\/\\\/ponteseditores.com.br\\\/loja3\\\/wp-content\\\/uploads\\\/2025\\\/02\\\/Capa_Escrita-de-si.jpg\",\"datePublished\":\"2025-02-17T17:52:55+00:00\",\"breadcrumb\":{\"@id\":\"https:\\\/\\\/ponteseditores.com.br\\\/loja3\\\/pontes-editores-home-2__trashed\\\/linguistica\\\/a-escrita-de-si-e-as-esteticas-contemporaneas-volume-viii\\\/#breadcrumb\"},\"inLanguage\":\"pt-BR\",\"potentialAction\":[{\"@type\":\"ReadAction\",\"target\":[\"https:\\\/\\\/ponteseditores.com.br\\\/loja3\\\/pontes-editores-home-2__trashed\\\/linguistica\\\/a-escrita-de-si-e-as-esteticas-contemporaneas-volume-viii\\\/\"]}]},{\"@type\":\"ImageObject\",\"inLanguage\":\"pt-BR\",\"@id\":\"https:\\\/\\\/ponteseditores.com.br\\\/loja3\\\/pontes-editores-home-2__trashed\\\/linguistica\\\/a-escrita-de-si-e-as-esteticas-contemporaneas-volume-viii\\\/#primaryimage\",\"url\":\"https:\\\/\\\/ponteseditores.com.br\\\/loja3\\\/wp-content\\\/uploads\\\/2025\\\/02\\\/Capa_Escrita-de-si.jpg\",\"contentUrl\":\"https:\\\/\\\/ponteseditores.com.br\\\/loja3\\\/wp-content\\\/uploads\\\/2025\\\/02\\\/Capa_Escrita-de-si.jpg\",\"width\":1728,\"height\":2443},{\"@type\":\"BreadcrumbList\",\"@id\":\"https:\\\/\\\/ponteseditores.com.br\\\/loja3\\\/pontes-editores-home-2__trashed\\\/linguistica\\\/a-escrita-de-si-e-as-esteticas-contemporaneas-volume-viii\\\/#breadcrumb\",\"itemListElement\":[{\"@type\":\"ListItem\",\"position\":1,\"name\":\"Home\",\"item\":\"https:\\\/\\\/ponteseditores.com.br\\\/loja3\\\/\"},{\"@type\":\"ListItem\",\"position\":2,\"name\":\"loja\",\"item\":\"https:\\\/\\\/ponteseditores.com.br\\\/loja3\\\/loja\\\/\"},{\"@type\":\"ListItem\",\"position\":3,\"name\":\"A escrita de si e as est\u00e9ticas contempor\u00e2neas &#8211; Volume VIII\"}]},{\"@type\":\"WebSite\",\"@id\":\"https:\\\/\\\/ponteseditores.com.br\\\/loja3\\\/#website\",\"url\":\"https:\\\/\\\/ponteseditores.com.br\\\/loja3\\\/\",\"name\":\"Pontes Editores\",\"description\":\"Pontes Editores\",\"publisher\":{\"@id\":\"https:\\\/\\\/ponteseditores.com.br\\\/loja3\\\/#organization\"},\"potentialAction\":[{\"@type\":\"SearchAction\",\"target\":{\"@type\":\"EntryPoint\",\"urlTemplate\":\"https:\\\/\\\/ponteseditores.com.br\\\/loja3\\\/?s={search_term_string}\"},\"query-input\":{\"@type\":\"PropertyValueSpecification\",\"valueRequired\":true,\"valueName\":\"search_term_string\"}}],\"inLanguage\":\"pt-BR\"},{\"@type\":\"Organization\",\"@id\":\"https:\\\/\\\/ponteseditores.com.br\\\/loja3\\\/#organization\",\"name\":\"Pontes Editores\",\"url\":\"https:\\\/\\\/ponteseditores.com.br\\\/loja3\\\/\",\"logo\":{\"@type\":\"ImageObject\",\"inLanguage\":\"pt-BR\",\"@id\":\"https:\\\/\\\/ponteseditores.com.br\\\/loja3\\\/#\\\/schema\\\/logo\\\/image\\\/\",\"url\":\"https:\\\/\\\/ponteseditores.com.br\\\/loja3\\\/wp-content\\\/uploads\\\/2023\\\/12\\\/logo-pontes-editores-v2.png\",\"contentUrl\":\"https:\\\/\\\/ponteseditores.com.br\\\/loja3\\\/wp-content\\\/uploads\\\/2023\\\/12\\\/logo-pontes-editores-v2.png\",\"width\":258,\"height\":100,\"caption\":\"Pontes Editores\"},\"image\":{\"@id\":\"https:\\\/\\\/ponteseditores.com.br\\\/loja3\\\/#\\\/schema\\\/logo\\\/image\\\/\"}}]}<\/script>\n<!-- \/ Yoast SEO plugin. -->","yoast_head_json":{"title":"A escrita de si e as est\u00e9ticas contempor\u00e2neas - Volume VIII - Pontes Editores","robots":{"index":"index","follow":"follow","max-snippet":"max-snippet:-1","max-image-preview":"max-image-preview:large","max-video-preview":"max-video-preview:-1"},"canonical":"https:\/\/ponteseditores.com.br\/loja3\/pontes-editores-home-2__trashed\/linguistica\/a-escrita-de-si-e-as-esteticas-contemporaneas-volume-viii\/","og_locale":"pt_BR","og_type":"article","og_title":"A escrita de si e as est\u00e9ticas contempor\u00e2neas - Volume VIII - Pontes Editores","og_description":"O livro A Escrita de Si e as Est\u00e9ticas Contempor\u00e2neas comp\u00f5e o volume VIII da Cole\u00e7\u00e3o Conflu\u00eancias da Literatura e Outras \u00c1reas. Este volume \u00e9 resultado das pesquisas desenvolvidas em torno do tema que nomeia o livro. O referido volume coloca-se como mais uma edi\u00e7\u00e3o das publica\u00e7\u00f5es bianuais do XV Semin\u00e1rio Nacional de Literatura, Hist\u00f3ria [&hellip;]","og_url":"https:\/\/ponteseditores.com.br\/loja3\/pontes-editores-home-2__trashed\/linguistica\/a-escrita-de-si-e-as-esteticas-contemporaneas-volume-viii\/","og_site_name":"Pontes Editores","og_image":[{"width":1728,"height":2443,"url":"https:\/\/ponteseditores.com.br\/loja3\/wp-content\/uploads\/2025\/02\/Capa_Escrita-de-si.jpg","type":"image\/jpeg"}],"twitter_card":"summary_large_image","twitter_misc":{"Est. tempo de leitura":"2 minutos"},"schema":{"@context":"https:\/\/schema.org","@graph":[{"@type":"WebPage","@id":"https:\/\/ponteseditores.com.br\/loja3\/pontes-editores-home-2__trashed\/linguistica\/a-escrita-de-si-e-as-esteticas-contemporaneas-volume-viii\/","url":"https:\/\/ponteseditores.com.br\/loja3\/pontes-editores-home-2__trashed\/linguistica\/a-escrita-de-si-e-as-esteticas-contemporaneas-volume-viii\/","name":"A escrita de si e as est\u00e9ticas contempor\u00e2neas - Volume VIII - Pontes Editores","isPartOf":{"@id":"https:\/\/ponteseditores.com.br\/loja3\/#website"},"primaryImageOfPage":{"@id":"https:\/\/ponteseditores.com.br\/loja3\/pontes-editores-home-2__trashed\/linguistica\/a-escrita-de-si-e-as-esteticas-contemporaneas-volume-viii\/#primaryimage"},"image":{"@id":"https:\/\/ponteseditores.com.br\/loja3\/pontes-editores-home-2__trashed\/linguistica\/a-escrita-de-si-e-as-esteticas-contemporaneas-volume-viii\/#primaryimage"},"thumbnailUrl":"https:\/\/ponteseditores.com.br\/loja3\/wp-content\/uploads\/2025\/02\/Capa_Escrita-de-si.jpg","datePublished":"2025-02-17T17:52:55+00:00","breadcrumb":{"@id":"https:\/\/ponteseditores.com.br\/loja3\/pontes-editores-home-2__trashed\/linguistica\/a-escrita-de-si-e-as-esteticas-contemporaneas-volume-viii\/#breadcrumb"},"inLanguage":"pt-BR","potentialAction":[{"@type":"ReadAction","target":["https:\/\/ponteseditores.com.br\/loja3\/pontes-editores-home-2__trashed\/linguistica\/a-escrita-de-si-e-as-esteticas-contemporaneas-volume-viii\/"]}]},{"@type":"ImageObject","inLanguage":"pt-BR","@id":"https:\/\/ponteseditores.com.br\/loja3\/pontes-editores-home-2__trashed\/linguistica\/a-escrita-de-si-e-as-esteticas-contemporaneas-volume-viii\/#primaryimage","url":"https:\/\/ponteseditores.com.br\/loja3\/wp-content\/uploads\/2025\/02\/Capa_Escrita-de-si.jpg","contentUrl":"https:\/\/ponteseditores.com.br\/loja3\/wp-content\/uploads\/2025\/02\/Capa_Escrita-de-si.jpg","width":1728,"height":2443},{"@type":"BreadcrumbList","@id":"https:\/\/ponteseditores.com.br\/loja3\/pontes-editores-home-2__trashed\/linguistica\/a-escrita-de-si-e-as-esteticas-contemporaneas-volume-viii\/#breadcrumb","itemListElement":[{"@type":"ListItem","position":1,"name":"Home","item":"https:\/\/ponteseditores.com.br\/loja3\/"},{"@type":"ListItem","position":2,"name":"loja","item":"https:\/\/ponteseditores.com.br\/loja3\/loja\/"},{"@type":"ListItem","position":3,"name":"A escrita de si e as est\u00e9ticas contempor\u00e2neas &#8211; Volume VIII"}]},{"@type":"WebSite","@id":"https:\/\/ponteseditores.com.br\/loja3\/#website","url":"https:\/\/ponteseditores.com.br\/loja3\/","name":"Pontes Editores","description":"Pontes Editores","publisher":{"@id":"https:\/\/ponteseditores.com.br\/loja3\/#organization"},"potentialAction":[{"@type":"SearchAction","target":{"@type":"EntryPoint","urlTemplate":"https:\/\/ponteseditores.com.br\/loja3\/?s={search_term_string}"},"query-input":{"@type":"PropertyValueSpecification","valueRequired":true,"valueName":"search_term_string"}}],"inLanguage":"pt-BR"},{"@type":"Organization","@id":"https:\/\/ponteseditores.com.br\/loja3\/#organization","name":"Pontes Editores","url":"https:\/\/ponteseditores.com.br\/loja3\/","logo":{"@type":"ImageObject","inLanguage":"pt-BR","@id":"https:\/\/ponteseditores.com.br\/loja3\/#\/schema\/logo\/image\/","url":"https:\/\/ponteseditores.com.br\/loja3\/wp-content\/uploads\/2023\/12\/logo-pontes-editores-v2.png","contentUrl":"https:\/\/ponteseditores.com.br\/loja3\/wp-content\/uploads\/2023\/12\/logo-pontes-editores-v2.png","width":258,"height":100,"caption":"Pontes Editores"},"image":{"@id":"https:\/\/ponteseditores.com.br\/loja3\/#\/schema\/logo\/image\/"}}]}},"_links":{"self":[{"href":"https:\/\/ponteseditores.com.br\/loja3\/wp-json\/wp\/v2\/product\/21850","targetHints":{"allow":["GET"]}}],"collection":[{"href":"https:\/\/ponteseditores.com.br\/loja3\/wp-json\/wp\/v2\/product"}],"about":[{"href":"https:\/\/ponteseditores.com.br\/loja3\/wp-json\/wp\/v2\/types\/product"}],"replies":[{"embeddable":true,"href":"https:\/\/ponteseditores.com.br\/loja3\/wp-json\/wp\/v2\/comments?post=21850"}],"version-history":[{"count":2,"href":"https:\/\/ponteseditores.com.br\/loja3\/wp-json\/wp\/v2\/product\/21850\/revisions"}],"predecessor-version":[{"id":21853,"href":"https:\/\/ponteseditores.com.br\/loja3\/wp-json\/wp\/v2\/product\/21850\/revisions\/21853"}],"wp:featuredmedia":[{"embeddable":true,"href":"https:\/\/ponteseditores.com.br\/loja3\/wp-json\/wp\/v2\/media\/21851"}],"wp:attachment":[{"href":"https:\/\/ponteseditores.com.br\/loja3\/wp-json\/wp\/v2\/media?parent=21850"}],"wp:term":[{"taxonomy":"product_brand","embeddable":true,"href":"https:\/\/ponteseditores.com.br\/loja3\/wp-json\/wp\/v2\/product_brand?post=21850"},{"taxonomy":"product_cat","embeddable":true,"href":"https:\/\/ponteseditores.com.br\/loja3\/wp-json\/wp\/v2\/product_cat?post=21850"},{"taxonomy":"product_tag","embeddable":true,"href":"https:\/\/ponteseditores.com.br\/loja3\/wp-json\/wp\/v2\/product_tag?post=21850"}],"curies":[{"name":"wp","href":"https:\/\/api.w.org\/{rel}","templated":true}]}}