{"id":21767,"date":"2025-02-14T09:53:25","date_gmt":"2025-02-14T12:53:25","guid":{"rendered":"https:\/\/ponteseditores.com.br\/loja3\/?post_type=product&#038;p=21767"},"modified":"2025-05-22T14:21:31","modified_gmt":"2025-05-22T17:21:31","slug":"leituras-intermidiaticas-e-intermidialidades-narrativas","status":"publish","type":"product","link":"https:\/\/ponteseditores.com.br\/loja3\/pontes-editores-home-2__trashed\/ebook\/lancamento-e-book\/leituras-intermidiaticas-e-intermidialidades-narrativas\/","title":{"rendered":"Leituras intermidi\u00e1ticas e intermidialidades narrativas (Cole\u00e7\u00e3o PPLIN Presente)"},"content":{"rendered":"<p>Este volume 5 do segundo ano da Cole\u00e7\u00e3o PPLIN Presente, cujo t\u00edtulo nos remete tanto a tempo como a presen\u00e7as acad\u00eamicas em trabalho sempre voltado para quest\u00f5es do mundo contempor\u00e2neo, \u00e9 resultado de ricas contribui\u00e7\u00f5es em pesquisa junto ao Programa de P\u00f3s-Gradua\u00e7\u00e3o em Letras e Lingu\u00edstica da UERJ. Focado na intera\u00e7\u00e3o entre diferentes m\u00eddias e formas de arte, esse volume abriga 15 cap\u00edtulos, de autores brasileiros e estrangeiros. A primeira se\u00e7\u00e3o aprecia modos de ler obras intermidialmente compostas, por meio de an\u00e1lises que incluem: rela\u00e7\u00f5es entre palavra e imagem em diversas formas de arte; intera\u00e7\u00f5es entre literatura, cinema \/ TV e m\u00fasica.<\/p>\n<p>A segunda se\u00e7\u00e3o investiga configura\u00e7\u00f5es da narrativa em diferentes m\u00eddias e linguagens &#8211; como livros, filmes, teatro, videogames e redes sociais \u2013 com suas formas pr\u00f3prias de engajamento do p\u00fablico. A obra enfatiza a ideia de que n\u00e3o h\u00e1 uma hierarquia entre as m\u00eddias, mas uma troca enriquecedora a ser considerada em toda a sua complexidade. As an\u00e1lises trabalham conceitos espec\u00edficos, afinados com pesquisas recentes ou elaborados pelos pr\u00f3prios autores a partir de embasamentos te\u00f3ricos variados.<\/p>\n<p>O livro convoca o leitor a se envolver com o conte\u00fado, incentivando uma recep\u00e7\u00e3o ativa que permita identificar as diversas camadas de sentido nas narrativas e nas formas de comunica\u00e7\u00e3o, considerando as transforma\u00e7\u00f5es que as intera\u00e7\u00f5es midi\u00e1ticas geram.<\/p>\n","protected":false},"excerpt":{"rendered":"<p>Este volume 5 do segundo ano da Cole\u00e7\u00e3o PPLIN Presente, cujo t\u00edtulo nos remete tanto a tempo como a presen\u00e7as acad\u00eamicas em trabalho sempre voltado para quest\u00f5es do mundo contempor\u00e2neo, \u00e9 resultado de ricas contribui\u00e7\u00f5es em pesquisa junto ao Programa de P\u00f3s-Gradua\u00e7\u00e3o em Letras e Lingu\u00edstica da UERJ. Focado na intera\u00e7\u00e3o entre diferentes m\u00eddias e [&hellip;]<\/p>\n","protected":false},"featured_media":21769,"comment_status":"open","ping_status":"closed","template":"","meta":{"_joinchat":[]},"product_brand":[],"product_cat":[165,386,31,287],"product_tag":[],"class_list":{"0":"post-21767","1":"product","2":"type-product","3":"status-publish","4":"has-post-thumbnail","6":"product_cat-ebook","7":"product_cat-lancamento-e-book","8":"product_cat-linguistica","9":"product_cat-literatura","11":"first","12":"instock","13":"downloadable","14":"virtual","15":"purchasable","16":"product-type-simple"},"yoast_head":"<!-- This site is optimized with the Yoast SEO plugin v27.4 - https:\/\/yoast.com\/product\/yoast-seo-wordpress\/ -->\n<title>Leituras intermidi\u00e1ticas e intermidialidades narrativas (Cole\u00e7\u00e3o PPLIN Presente) - Pontes Editores<\/title>\n<meta name=\"robots\" content=\"index, follow, max-snippet:-1, max-image-preview:large, max-video-preview:-1\" \/>\n<link rel=\"canonical\" href=\"https:\/\/ponteseditores.com.br\/loja3\/pontes-editores-home-2__trashed\/ebook\/lancamento-e-book\/leituras-intermidiaticas-e-intermidialidades-narrativas\/\" \/>\n<meta property=\"og:locale\" content=\"pt_BR\" \/>\n<meta property=\"og:type\" content=\"article\" \/>\n<meta property=\"og:title\" content=\"Leituras intermidi\u00e1ticas e intermidialidades narrativas (Cole\u00e7\u00e3o PPLIN Presente) - Pontes Editores\" \/>\n<meta property=\"og:description\" content=\"Este volume 5 do segundo ano da Cole\u00e7\u00e3o PPLIN Presente, cujo t\u00edtulo nos remete tanto a tempo como a presen\u00e7as acad\u00eamicas em trabalho sempre voltado para quest\u00f5es do mundo contempor\u00e2neo, \u00e9 resultado de ricas contribui\u00e7\u00f5es em pesquisa junto ao Programa de P\u00f3s-Gradua\u00e7\u00e3o em Letras e Lingu\u00edstica da UERJ. Focado na intera\u00e7\u00e3o entre diferentes m\u00eddias e [&hellip;]\" \/>\n<meta property=\"og:url\" content=\"https:\/\/ponteseditores.com.br\/loja3\/pontes-editores-home-2__trashed\/ebook\/lancamento-e-book\/leituras-intermidiaticas-e-intermidialidades-narrativas\/\" \/>\n<meta property=\"og:site_name\" content=\"Pontes Editores\" \/>\n<meta property=\"article:modified_time\" content=\"2025-05-22T17:21:31+00:00\" \/>\n<meta property=\"og:image\" content=\"https:\/\/ponteseditores.com.br\/loja3\/wp-content\/uploads\/2025\/02\/Capa_Intermidialidades.jpg\" \/>\n\t<meta property=\"og:image:width\" content=\"1728\" \/>\n\t<meta property=\"og:image:height\" content=\"2443\" \/>\n\t<meta property=\"og:image:type\" content=\"image\/jpeg\" \/>\n<meta name=\"twitter:card\" content=\"summary_large_image\" \/>\n<meta name=\"twitter:label1\" content=\"Est. tempo de leitura\" \/>\n\t<meta name=\"twitter:data1\" content=\"2 minutos\" \/>\n<script type=\"application\/ld+json\" class=\"yoast-schema-graph\">{\"@context\":\"https:\\\/\\\/schema.org\",\"@graph\":[{\"@type\":\"WebPage\",\"@id\":\"https:\\\/\\\/ponteseditores.com.br\\\/loja3\\\/pontes-editores-home-2__trashed\\\/ebook\\\/lancamento-e-book\\\/leituras-intermidiaticas-e-intermidialidades-narrativas\\\/\",\"url\":\"https:\\\/\\\/ponteseditores.com.br\\\/loja3\\\/pontes-editores-home-2__trashed\\\/ebook\\\/lancamento-e-book\\\/leituras-intermidiaticas-e-intermidialidades-narrativas\\\/\",\"name\":\"Leituras intermidi\u00e1ticas e intermidialidades narrativas (Cole\u00e7\u00e3o PPLIN Presente) - Pontes Editores\",\"isPartOf\":{\"@id\":\"https:\\\/\\\/ponteseditores.com.br\\\/loja3\\\/#website\"},\"primaryImageOfPage\":{\"@id\":\"https:\\\/\\\/ponteseditores.com.br\\\/loja3\\\/pontes-editores-home-2__trashed\\\/ebook\\\/lancamento-e-book\\\/leituras-intermidiaticas-e-intermidialidades-narrativas\\\/#primaryimage\"},\"image\":{\"@id\":\"https:\\\/\\\/ponteseditores.com.br\\\/loja3\\\/pontes-editores-home-2__trashed\\\/ebook\\\/lancamento-e-book\\\/leituras-intermidiaticas-e-intermidialidades-narrativas\\\/#primaryimage\"},\"thumbnailUrl\":\"https:\\\/\\\/ponteseditores.com.br\\\/loja3\\\/wp-content\\\/uploads\\\/2025\\\/02\\\/Capa_Intermidialidades.jpg\",\"datePublished\":\"2025-02-14T12:53:25+00:00\",\"dateModified\":\"2025-05-22T17:21:31+00:00\",\"breadcrumb\":{\"@id\":\"https:\\\/\\\/ponteseditores.com.br\\\/loja3\\\/pontes-editores-home-2__trashed\\\/ebook\\\/lancamento-e-book\\\/leituras-intermidiaticas-e-intermidialidades-narrativas\\\/#breadcrumb\"},\"inLanguage\":\"pt-BR\",\"potentialAction\":[{\"@type\":\"ReadAction\",\"target\":[\"https:\\\/\\\/ponteseditores.com.br\\\/loja3\\\/pontes-editores-home-2__trashed\\\/ebook\\\/lancamento-e-book\\\/leituras-intermidiaticas-e-intermidialidades-narrativas\\\/\"]}]},{\"@type\":\"ImageObject\",\"inLanguage\":\"pt-BR\",\"@id\":\"https:\\\/\\\/ponteseditores.com.br\\\/loja3\\\/pontes-editores-home-2__trashed\\\/ebook\\\/lancamento-e-book\\\/leituras-intermidiaticas-e-intermidialidades-narrativas\\\/#primaryimage\",\"url\":\"https:\\\/\\\/ponteseditores.com.br\\\/loja3\\\/wp-content\\\/uploads\\\/2025\\\/02\\\/Capa_Intermidialidades.jpg\",\"contentUrl\":\"https:\\\/\\\/ponteseditores.com.br\\\/loja3\\\/wp-content\\\/uploads\\\/2025\\\/02\\\/Capa_Intermidialidades.jpg\",\"width\":1728,\"height\":2443},{\"@type\":\"BreadcrumbList\",\"@id\":\"https:\\\/\\\/ponteseditores.com.br\\\/loja3\\\/pontes-editores-home-2__trashed\\\/ebook\\\/lancamento-e-book\\\/leituras-intermidiaticas-e-intermidialidades-narrativas\\\/#breadcrumb\",\"itemListElement\":[{\"@type\":\"ListItem\",\"position\":1,\"name\":\"Home\",\"item\":\"https:\\\/\\\/ponteseditores.com.br\\\/loja3\\\/\"},{\"@type\":\"ListItem\",\"position\":2,\"name\":\"loja\",\"item\":\"https:\\\/\\\/ponteseditores.com.br\\\/loja3\\\/loja\\\/\"},{\"@type\":\"ListItem\",\"position\":3,\"name\":\"Leituras intermidi\u00e1ticas e intermidialidades narrativas (Cole\u00e7\u00e3o PPLIN Presente)\"}]},{\"@type\":\"WebSite\",\"@id\":\"https:\\\/\\\/ponteseditores.com.br\\\/loja3\\\/#website\",\"url\":\"https:\\\/\\\/ponteseditores.com.br\\\/loja3\\\/\",\"name\":\"Pontes Editores\",\"description\":\"Pontes Editores\",\"publisher\":{\"@id\":\"https:\\\/\\\/ponteseditores.com.br\\\/loja3\\\/#organization\"},\"potentialAction\":[{\"@type\":\"SearchAction\",\"target\":{\"@type\":\"EntryPoint\",\"urlTemplate\":\"https:\\\/\\\/ponteseditores.com.br\\\/loja3\\\/?s={search_term_string}\"},\"query-input\":{\"@type\":\"PropertyValueSpecification\",\"valueRequired\":true,\"valueName\":\"search_term_string\"}}],\"inLanguage\":\"pt-BR\"},{\"@type\":\"Organization\",\"@id\":\"https:\\\/\\\/ponteseditores.com.br\\\/loja3\\\/#organization\",\"name\":\"Pontes Editores\",\"url\":\"https:\\\/\\\/ponteseditores.com.br\\\/loja3\\\/\",\"logo\":{\"@type\":\"ImageObject\",\"inLanguage\":\"pt-BR\",\"@id\":\"https:\\\/\\\/ponteseditores.com.br\\\/loja3\\\/#\\\/schema\\\/logo\\\/image\\\/\",\"url\":\"https:\\\/\\\/ponteseditores.com.br\\\/loja3\\\/wp-content\\\/uploads\\\/2023\\\/12\\\/logo-pontes-editores-v2.png\",\"contentUrl\":\"https:\\\/\\\/ponteseditores.com.br\\\/loja3\\\/wp-content\\\/uploads\\\/2023\\\/12\\\/logo-pontes-editores-v2.png\",\"width\":258,\"height\":100,\"caption\":\"Pontes Editores\"},\"image\":{\"@id\":\"https:\\\/\\\/ponteseditores.com.br\\\/loja3\\\/#\\\/schema\\\/logo\\\/image\\\/\"}}]}<\/script>\n<!-- \/ Yoast SEO plugin. -->","yoast_head_json":{"title":"Leituras intermidi\u00e1ticas e intermidialidades narrativas (Cole\u00e7\u00e3o PPLIN Presente) - Pontes Editores","robots":{"index":"index","follow":"follow","max-snippet":"max-snippet:-1","max-image-preview":"max-image-preview:large","max-video-preview":"max-video-preview:-1"},"canonical":"https:\/\/ponteseditores.com.br\/loja3\/pontes-editores-home-2__trashed\/ebook\/lancamento-e-book\/leituras-intermidiaticas-e-intermidialidades-narrativas\/","og_locale":"pt_BR","og_type":"article","og_title":"Leituras intermidi\u00e1ticas e intermidialidades narrativas (Cole\u00e7\u00e3o PPLIN Presente) - Pontes Editores","og_description":"Este volume 5 do segundo ano da Cole\u00e7\u00e3o PPLIN Presente, cujo t\u00edtulo nos remete tanto a tempo como a presen\u00e7as acad\u00eamicas em trabalho sempre voltado para quest\u00f5es do mundo contempor\u00e2neo, \u00e9 resultado de ricas contribui\u00e7\u00f5es em pesquisa junto ao Programa de P\u00f3s-Gradua\u00e7\u00e3o em Letras e Lingu\u00edstica da UERJ. Focado na intera\u00e7\u00e3o entre diferentes m\u00eddias e [&hellip;]","og_url":"https:\/\/ponteseditores.com.br\/loja3\/pontes-editores-home-2__trashed\/ebook\/lancamento-e-book\/leituras-intermidiaticas-e-intermidialidades-narrativas\/","og_site_name":"Pontes Editores","article_modified_time":"2025-05-22T17:21:31+00:00","og_image":[{"width":1728,"height":2443,"url":"https:\/\/ponteseditores.com.br\/loja3\/wp-content\/uploads\/2025\/02\/Capa_Intermidialidades.jpg","type":"image\/jpeg"}],"twitter_card":"summary_large_image","twitter_misc":{"Est. tempo de leitura":"2 minutos"},"schema":{"@context":"https:\/\/schema.org","@graph":[{"@type":"WebPage","@id":"https:\/\/ponteseditores.com.br\/loja3\/pontes-editores-home-2__trashed\/ebook\/lancamento-e-book\/leituras-intermidiaticas-e-intermidialidades-narrativas\/","url":"https:\/\/ponteseditores.com.br\/loja3\/pontes-editores-home-2__trashed\/ebook\/lancamento-e-book\/leituras-intermidiaticas-e-intermidialidades-narrativas\/","name":"Leituras intermidi\u00e1ticas e intermidialidades narrativas (Cole\u00e7\u00e3o PPLIN Presente) - Pontes Editores","isPartOf":{"@id":"https:\/\/ponteseditores.com.br\/loja3\/#website"},"primaryImageOfPage":{"@id":"https:\/\/ponteseditores.com.br\/loja3\/pontes-editores-home-2__trashed\/ebook\/lancamento-e-book\/leituras-intermidiaticas-e-intermidialidades-narrativas\/#primaryimage"},"image":{"@id":"https:\/\/ponteseditores.com.br\/loja3\/pontes-editores-home-2__trashed\/ebook\/lancamento-e-book\/leituras-intermidiaticas-e-intermidialidades-narrativas\/#primaryimage"},"thumbnailUrl":"https:\/\/ponteseditores.com.br\/loja3\/wp-content\/uploads\/2025\/02\/Capa_Intermidialidades.jpg","datePublished":"2025-02-14T12:53:25+00:00","dateModified":"2025-05-22T17:21:31+00:00","breadcrumb":{"@id":"https:\/\/ponteseditores.com.br\/loja3\/pontes-editores-home-2__trashed\/ebook\/lancamento-e-book\/leituras-intermidiaticas-e-intermidialidades-narrativas\/#breadcrumb"},"inLanguage":"pt-BR","potentialAction":[{"@type":"ReadAction","target":["https:\/\/ponteseditores.com.br\/loja3\/pontes-editores-home-2__trashed\/ebook\/lancamento-e-book\/leituras-intermidiaticas-e-intermidialidades-narrativas\/"]}]},{"@type":"ImageObject","inLanguage":"pt-BR","@id":"https:\/\/ponteseditores.com.br\/loja3\/pontes-editores-home-2__trashed\/ebook\/lancamento-e-book\/leituras-intermidiaticas-e-intermidialidades-narrativas\/#primaryimage","url":"https:\/\/ponteseditores.com.br\/loja3\/wp-content\/uploads\/2025\/02\/Capa_Intermidialidades.jpg","contentUrl":"https:\/\/ponteseditores.com.br\/loja3\/wp-content\/uploads\/2025\/02\/Capa_Intermidialidades.jpg","width":1728,"height":2443},{"@type":"BreadcrumbList","@id":"https:\/\/ponteseditores.com.br\/loja3\/pontes-editores-home-2__trashed\/ebook\/lancamento-e-book\/leituras-intermidiaticas-e-intermidialidades-narrativas\/#breadcrumb","itemListElement":[{"@type":"ListItem","position":1,"name":"Home","item":"https:\/\/ponteseditores.com.br\/loja3\/"},{"@type":"ListItem","position":2,"name":"loja","item":"https:\/\/ponteseditores.com.br\/loja3\/loja\/"},{"@type":"ListItem","position":3,"name":"Leituras intermidi\u00e1ticas e intermidialidades narrativas (Cole\u00e7\u00e3o PPLIN Presente)"}]},{"@type":"WebSite","@id":"https:\/\/ponteseditores.com.br\/loja3\/#website","url":"https:\/\/ponteseditores.com.br\/loja3\/","name":"Pontes Editores","description":"Pontes Editores","publisher":{"@id":"https:\/\/ponteseditores.com.br\/loja3\/#organization"},"potentialAction":[{"@type":"SearchAction","target":{"@type":"EntryPoint","urlTemplate":"https:\/\/ponteseditores.com.br\/loja3\/?s={search_term_string}"},"query-input":{"@type":"PropertyValueSpecification","valueRequired":true,"valueName":"search_term_string"}}],"inLanguage":"pt-BR"},{"@type":"Organization","@id":"https:\/\/ponteseditores.com.br\/loja3\/#organization","name":"Pontes Editores","url":"https:\/\/ponteseditores.com.br\/loja3\/","logo":{"@type":"ImageObject","inLanguage":"pt-BR","@id":"https:\/\/ponteseditores.com.br\/loja3\/#\/schema\/logo\/image\/","url":"https:\/\/ponteseditores.com.br\/loja3\/wp-content\/uploads\/2023\/12\/logo-pontes-editores-v2.png","contentUrl":"https:\/\/ponteseditores.com.br\/loja3\/wp-content\/uploads\/2023\/12\/logo-pontes-editores-v2.png","width":258,"height":100,"caption":"Pontes Editores"},"image":{"@id":"https:\/\/ponteseditores.com.br\/loja3\/#\/schema\/logo\/image\/"}}]}},"_links":{"self":[{"href":"https:\/\/ponteseditores.com.br\/loja3\/wp-json\/wp\/v2\/product\/21767","targetHints":{"allow":["GET"]}}],"collection":[{"href":"https:\/\/ponteseditores.com.br\/loja3\/wp-json\/wp\/v2\/product"}],"about":[{"href":"https:\/\/ponteseditores.com.br\/loja3\/wp-json\/wp\/v2\/types\/product"}],"replies":[{"embeddable":true,"href":"https:\/\/ponteseditores.com.br\/loja3\/wp-json\/wp\/v2\/comments?post=21767"}],"version-history":[{"count":2,"href":"https:\/\/ponteseditores.com.br\/loja3\/wp-json\/wp\/v2\/product\/21767\/revisions"}],"predecessor-version":[{"id":26006,"href":"https:\/\/ponteseditores.com.br\/loja3\/wp-json\/wp\/v2\/product\/21767\/revisions\/26006"}],"wp:featuredmedia":[{"embeddable":true,"href":"https:\/\/ponteseditores.com.br\/loja3\/wp-json\/wp\/v2\/media\/21769"}],"wp:attachment":[{"href":"https:\/\/ponteseditores.com.br\/loja3\/wp-json\/wp\/v2\/media?parent=21767"}],"wp:term":[{"taxonomy":"product_brand","embeddable":true,"href":"https:\/\/ponteseditores.com.br\/loja3\/wp-json\/wp\/v2\/product_brand?post=21767"},{"taxonomy":"product_cat","embeddable":true,"href":"https:\/\/ponteseditores.com.br\/loja3\/wp-json\/wp\/v2\/product_cat?post=21767"},{"taxonomy":"product_tag","embeddable":true,"href":"https:\/\/ponteseditores.com.br\/loja3\/wp-json\/wp\/v2\/product_tag?post=21767"}],"curies":[{"name":"wp","href":"https:\/\/api.w.org\/{rel}","templated":true}]}}