{"id":21640,"date":"2025-02-11T09:35:41","date_gmt":"2025-02-11T12:35:41","guid":{"rendered":"https:\/\/ponteseditores.com.br\/loja3\/?post_type=product&#038;p=21640"},"modified":"2025-02-11T09:35:41","modified_gmt":"2025-02-11T12:35:41","slug":"paraquaria-inventarios-do-universo-fluvial","status":"publish","type":"product","link":"https:\/\/ponteseditores.com.br\/loja3\/pontes-editores-home-2__trashed\/lancamento\/paraquaria-inventarios-do-universo-fluvial\/","title":{"rendered":"Paraquaria \u2013 invent\u00e1rios do universo fluvial"},"content":{"rendered":"<p>A aquarela que ilustra a capa deste livro, pintada por Augusto Ballerini, \u00e9 fruto de uma expedi\u00e7\u00e3o cient\u00edfica pelo Alto Paran\u00e1 dirigida pelo bot\u00e2nico alem\u00e3o Gustavo Niederlein, realizada em 1892 com o intuito de colher amostras dos produtos naturais e industriais mais representativos, valiosos ou curiosos dessa geografia. A fun\u00e7\u00e3o de Ballerini consistia em transformar as impress\u00f5es e espessuras do mundo vis\u00edvel em rascunhos, desenhos e pinturas. Imagens da viagem, captadas <em>en plein air<\/em>, que pudessem perdurar para ser observadas por outros espectadores, em outras latitudes. Essas imagens, e essas itiner\u00e2ncias pelas profundezas mesopot\u00e2micas da na\u00e7\u00e3o, permanecem navegando ao longo destas p\u00e1ginas.<\/p>\n<p>S\u00e3o (seguindo com a met\u00e1fora) passageiros constantes, mas nem sempre os principais, neste percurso. Porque este, como veremos, n\u00e3o \u00e9 um livro sobre Augusto Ballerini. \u00c9 sobre a regi\u00e3o que o pintor visitara naquela expedi\u00e7\u00e3o de 1892. Ou, de fato, n\u00e3o \u00e9 s\u00f3 acerca daquela exata parcela do mundo, mas sobre um espa\u00e7o ainda mais extenso, de incertas fronteiras, atravessado por grandes cursos de \u00e1gua doce, situado nos interiores da Am\u00e9rica do Sul. E tamb\u00e9m sobre as travessias, expedi\u00e7\u00f5es e ocupa\u00e7\u00f5es que ali aconteceram at\u00e9 os come\u00e7os do s\u00e9culo XX, e os modos anteriores de habitar, explorar, dotar de significa\u00e7\u00f5es e representar esses vastos territ\u00f3rios e seus habitantes.<\/p>\n<p>O foco deste livro aponta, ent\u00e3o, em dire\u00e7\u00e3o a um top\u00f4nimo que, em forma algo excessiva, inexata e claramente anacr\u00f4nica, alude a uma regi\u00e3o que poder\u00edamos ainda denominar assim: Paraquaria.<\/p>\n","protected":false},"excerpt":{"rendered":"<p>A aquarela que ilustra a capa deste livro, pintada por Augusto Ballerini, \u00e9 fruto de uma expedi\u00e7\u00e3o cient\u00edfica pelo Alto Paran\u00e1 dirigida pelo bot\u00e2nico alem\u00e3o Gustavo Niederlein, realizada em 1892 com o intuito de colher amostras dos produtos naturais e industriais mais representativos, valiosos ou curiosos dessa geografia. A fun\u00e7\u00e3o de Ballerini consistia em transformar [&hellip;]<\/p>\n","protected":false},"featured_media":21641,"comment_status":"open","ping_status":"closed","template":"","meta":{"_joinchat":[]},"product_brand":[],"product_cat":[324,273,167],"product_tag":[],"class_list":{"0":"post-21640","1":"product","2":"type-product","3":"status-publish","4":"has-post-thumbnail","6":"product_cat-acao-social","7":"product_cat-historia","8":"product_cat-lancamento","10":"first","11":"instock","12":"shipping-taxable","13":"purchasable","14":"product-type-simple"},"yoast_head":"<!-- This site is optimized with the Yoast SEO plugin v27.4 - https:\/\/yoast.com\/product\/yoast-seo-wordpress\/ -->\n<title>Paraquaria \u2013 invent\u00e1rios do universo fluvial - Pontes Editores<\/title>\n<meta name=\"robots\" content=\"index, follow, max-snippet:-1, max-image-preview:large, max-video-preview:-1\" \/>\n<link rel=\"canonical\" href=\"https:\/\/ponteseditores.com.br\/loja3\/pontes-editores-home-2__trashed\/lancamento\/paraquaria-inventarios-do-universo-fluvial\/\" \/>\n<meta property=\"og:locale\" content=\"pt_BR\" \/>\n<meta property=\"og:type\" content=\"article\" \/>\n<meta property=\"og:title\" content=\"Paraquaria \u2013 invent\u00e1rios do universo fluvial - Pontes Editores\" \/>\n<meta property=\"og:description\" content=\"A aquarela que ilustra a capa deste livro, pintada por Augusto Ballerini, \u00e9 fruto de uma expedi\u00e7\u00e3o cient\u00edfica pelo Alto Paran\u00e1 dirigida pelo bot\u00e2nico alem\u00e3o Gustavo Niederlein, realizada em 1892 com o intuito de colher amostras dos produtos naturais e industriais mais representativos, valiosos ou curiosos dessa geografia. A fun\u00e7\u00e3o de Ballerini consistia em transformar [&hellip;]\" \/>\n<meta property=\"og:url\" content=\"https:\/\/ponteseditores.com.br\/loja3\/pontes-editores-home-2__trashed\/lancamento\/paraquaria-inventarios-do-universo-fluvial\/\" \/>\n<meta property=\"og:site_name\" content=\"Pontes Editores\" \/>\n<meta property=\"og:image\" content=\"https:\/\/ponteseditores.com.br\/loja3\/wp-content\/uploads\/2025\/02\/Capa_Paraquaria.jpg\" \/>\n\t<meta property=\"og:image:width\" content=\"1728\" \/>\n\t<meta property=\"og:image:height\" content=\"2443\" \/>\n\t<meta property=\"og:image:type\" content=\"image\/jpeg\" \/>\n<meta name=\"twitter:card\" content=\"summary_large_image\" \/>\n<meta name=\"twitter:label1\" content=\"Est. tempo de leitura\" \/>\n\t<meta name=\"twitter:data1\" content=\"2 minutos\" \/>\n<script type=\"application\/ld+json\" class=\"yoast-schema-graph\">{\"@context\":\"https:\\\/\\\/schema.org\",\"@graph\":[{\"@type\":\"WebPage\",\"@id\":\"https:\\\/\\\/ponteseditores.com.br\\\/loja3\\\/pontes-editores-home-2__trashed\\\/lancamento\\\/paraquaria-inventarios-do-universo-fluvial\\\/\",\"url\":\"https:\\\/\\\/ponteseditores.com.br\\\/loja3\\\/pontes-editores-home-2__trashed\\\/lancamento\\\/paraquaria-inventarios-do-universo-fluvial\\\/\",\"name\":\"Paraquaria \u2013 invent\u00e1rios do universo fluvial - Pontes Editores\",\"isPartOf\":{\"@id\":\"https:\\\/\\\/ponteseditores.com.br\\\/loja3\\\/#website\"},\"primaryImageOfPage\":{\"@id\":\"https:\\\/\\\/ponteseditores.com.br\\\/loja3\\\/pontes-editores-home-2__trashed\\\/lancamento\\\/paraquaria-inventarios-do-universo-fluvial\\\/#primaryimage\"},\"image\":{\"@id\":\"https:\\\/\\\/ponteseditores.com.br\\\/loja3\\\/pontes-editores-home-2__trashed\\\/lancamento\\\/paraquaria-inventarios-do-universo-fluvial\\\/#primaryimage\"},\"thumbnailUrl\":\"https:\\\/\\\/ponteseditores.com.br\\\/loja3\\\/wp-content\\\/uploads\\\/2025\\\/02\\\/Capa_Paraquaria.jpg\",\"datePublished\":\"2025-02-11T12:35:41+00:00\",\"breadcrumb\":{\"@id\":\"https:\\\/\\\/ponteseditores.com.br\\\/loja3\\\/pontes-editores-home-2__trashed\\\/lancamento\\\/paraquaria-inventarios-do-universo-fluvial\\\/#breadcrumb\"},\"inLanguage\":\"pt-BR\",\"potentialAction\":[{\"@type\":\"ReadAction\",\"target\":[\"https:\\\/\\\/ponteseditores.com.br\\\/loja3\\\/pontes-editores-home-2__trashed\\\/lancamento\\\/paraquaria-inventarios-do-universo-fluvial\\\/\"]}]},{\"@type\":\"ImageObject\",\"inLanguage\":\"pt-BR\",\"@id\":\"https:\\\/\\\/ponteseditores.com.br\\\/loja3\\\/pontes-editores-home-2__trashed\\\/lancamento\\\/paraquaria-inventarios-do-universo-fluvial\\\/#primaryimage\",\"url\":\"https:\\\/\\\/ponteseditores.com.br\\\/loja3\\\/wp-content\\\/uploads\\\/2025\\\/02\\\/Capa_Paraquaria.jpg\",\"contentUrl\":\"https:\\\/\\\/ponteseditores.com.br\\\/loja3\\\/wp-content\\\/uploads\\\/2025\\\/02\\\/Capa_Paraquaria.jpg\",\"width\":1728,\"height\":2443},{\"@type\":\"BreadcrumbList\",\"@id\":\"https:\\\/\\\/ponteseditores.com.br\\\/loja3\\\/pontes-editores-home-2__trashed\\\/lancamento\\\/paraquaria-inventarios-do-universo-fluvial\\\/#breadcrumb\",\"itemListElement\":[{\"@type\":\"ListItem\",\"position\":1,\"name\":\"Home\",\"item\":\"https:\\\/\\\/ponteseditores.com.br\\\/loja3\\\/\"},{\"@type\":\"ListItem\",\"position\":2,\"name\":\"loja\",\"item\":\"https:\\\/\\\/ponteseditores.com.br\\\/loja3\\\/loja\\\/\"},{\"@type\":\"ListItem\",\"position\":3,\"name\":\"Paraquaria \u2013 invent\u00e1rios do universo fluvial\"}]},{\"@type\":\"WebSite\",\"@id\":\"https:\\\/\\\/ponteseditores.com.br\\\/loja3\\\/#website\",\"url\":\"https:\\\/\\\/ponteseditores.com.br\\\/loja3\\\/\",\"name\":\"Pontes Editores\",\"description\":\"Pontes Editores\",\"publisher\":{\"@id\":\"https:\\\/\\\/ponteseditores.com.br\\\/loja3\\\/#organization\"},\"potentialAction\":[{\"@type\":\"SearchAction\",\"target\":{\"@type\":\"EntryPoint\",\"urlTemplate\":\"https:\\\/\\\/ponteseditores.com.br\\\/loja3\\\/?s={search_term_string}\"},\"query-input\":{\"@type\":\"PropertyValueSpecification\",\"valueRequired\":true,\"valueName\":\"search_term_string\"}}],\"inLanguage\":\"pt-BR\"},{\"@type\":\"Organization\",\"@id\":\"https:\\\/\\\/ponteseditores.com.br\\\/loja3\\\/#organization\",\"name\":\"Pontes Editores\",\"url\":\"https:\\\/\\\/ponteseditores.com.br\\\/loja3\\\/\",\"logo\":{\"@type\":\"ImageObject\",\"inLanguage\":\"pt-BR\",\"@id\":\"https:\\\/\\\/ponteseditores.com.br\\\/loja3\\\/#\\\/schema\\\/logo\\\/image\\\/\",\"url\":\"https:\\\/\\\/ponteseditores.com.br\\\/loja3\\\/wp-content\\\/uploads\\\/2023\\\/12\\\/logo-pontes-editores-v2.png\",\"contentUrl\":\"https:\\\/\\\/ponteseditores.com.br\\\/loja3\\\/wp-content\\\/uploads\\\/2023\\\/12\\\/logo-pontes-editores-v2.png\",\"width\":258,\"height\":100,\"caption\":\"Pontes Editores\"},\"image\":{\"@id\":\"https:\\\/\\\/ponteseditores.com.br\\\/loja3\\\/#\\\/schema\\\/logo\\\/image\\\/\"}}]}<\/script>\n<!-- \/ Yoast SEO plugin. -->","yoast_head_json":{"title":"Paraquaria \u2013 invent\u00e1rios do universo fluvial - Pontes Editores","robots":{"index":"index","follow":"follow","max-snippet":"max-snippet:-1","max-image-preview":"max-image-preview:large","max-video-preview":"max-video-preview:-1"},"canonical":"https:\/\/ponteseditores.com.br\/loja3\/pontes-editores-home-2__trashed\/lancamento\/paraquaria-inventarios-do-universo-fluvial\/","og_locale":"pt_BR","og_type":"article","og_title":"Paraquaria \u2013 invent\u00e1rios do universo fluvial - Pontes Editores","og_description":"A aquarela que ilustra a capa deste livro, pintada por Augusto Ballerini, \u00e9 fruto de uma expedi\u00e7\u00e3o cient\u00edfica pelo Alto Paran\u00e1 dirigida pelo bot\u00e2nico alem\u00e3o Gustavo Niederlein, realizada em 1892 com o intuito de colher amostras dos produtos naturais e industriais mais representativos, valiosos ou curiosos dessa geografia. A fun\u00e7\u00e3o de Ballerini consistia em transformar [&hellip;]","og_url":"https:\/\/ponteseditores.com.br\/loja3\/pontes-editores-home-2__trashed\/lancamento\/paraquaria-inventarios-do-universo-fluvial\/","og_site_name":"Pontes Editores","og_image":[{"width":1728,"height":2443,"url":"https:\/\/ponteseditores.com.br\/loja3\/wp-content\/uploads\/2025\/02\/Capa_Paraquaria.jpg","type":"image\/jpeg"}],"twitter_card":"summary_large_image","twitter_misc":{"Est. tempo de leitura":"2 minutos"},"schema":{"@context":"https:\/\/schema.org","@graph":[{"@type":"WebPage","@id":"https:\/\/ponteseditores.com.br\/loja3\/pontes-editores-home-2__trashed\/lancamento\/paraquaria-inventarios-do-universo-fluvial\/","url":"https:\/\/ponteseditores.com.br\/loja3\/pontes-editores-home-2__trashed\/lancamento\/paraquaria-inventarios-do-universo-fluvial\/","name":"Paraquaria \u2013 invent\u00e1rios do universo fluvial - Pontes Editores","isPartOf":{"@id":"https:\/\/ponteseditores.com.br\/loja3\/#website"},"primaryImageOfPage":{"@id":"https:\/\/ponteseditores.com.br\/loja3\/pontes-editores-home-2__trashed\/lancamento\/paraquaria-inventarios-do-universo-fluvial\/#primaryimage"},"image":{"@id":"https:\/\/ponteseditores.com.br\/loja3\/pontes-editores-home-2__trashed\/lancamento\/paraquaria-inventarios-do-universo-fluvial\/#primaryimage"},"thumbnailUrl":"https:\/\/ponteseditores.com.br\/loja3\/wp-content\/uploads\/2025\/02\/Capa_Paraquaria.jpg","datePublished":"2025-02-11T12:35:41+00:00","breadcrumb":{"@id":"https:\/\/ponteseditores.com.br\/loja3\/pontes-editores-home-2__trashed\/lancamento\/paraquaria-inventarios-do-universo-fluvial\/#breadcrumb"},"inLanguage":"pt-BR","potentialAction":[{"@type":"ReadAction","target":["https:\/\/ponteseditores.com.br\/loja3\/pontes-editores-home-2__trashed\/lancamento\/paraquaria-inventarios-do-universo-fluvial\/"]}]},{"@type":"ImageObject","inLanguage":"pt-BR","@id":"https:\/\/ponteseditores.com.br\/loja3\/pontes-editores-home-2__trashed\/lancamento\/paraquaria-inventarios-do-universo-fluvial\/#primaryimage","url":"https:\/\/ponteseditores.com.br\/loja3\/wp-content\/uploads\/2025\/02\/Capa_Paraquaria.jpg","contentUrl":"https:\/\/ponteseditores.com.br\/loja3\/wp-content\/uploads\/2025\/02\/Capa_Paraquaria.jpg","width":1728,"height":2443},{"@type":"BreadcrumbList","@id":"https:\/\/ponteseditores.com.br\/loja3\/pontes-editores-home-2__trashed\/lancamento\/paraquaria-inventarios-do-universo-fluvial\/#breadcrumb","itemListElement":[{"@type":"ListItem","position":1,"name":"Home","item":"https:\/\/ponteseditores.com.br\/loja3\/"},{"@type":"ListItem","position":2,"name":"loja","item":"https:\/\/ponteseditores.com.br\/loja3\/loja\/"},{"@type":"ListItem","position":3,"name":"Paraquaria \u2013 invent\u00e1rios do universo fluvial"}]},{"@type":"WebSite","@id":"https:\/\/ponteseditores.com.br\/loja3\/#website","url":"https:\/\/ponteseditores.com.br\/loja3\/","name":"Pontes Editores","description":"Pontes Editores","publisher":{"@id":"https:\/\/ponteseditores.com.br\/loja3\/#organization"},"potentialAction":[{"@type":"SearchAction","target":{"@type":"EntryPoint","urlTemplate":"https:\/\/ponteseditores.com.br\/loja3\/?s={search_term_string}"},"query-input":{"@type":"PropertyValueSpecification","valueRequired":true,"valueName":"search_term_string"}}],"inLanguage":"pt-BR"},{"@type":"Organization","@id":"https:\/\/ponteseditores.com.br\/loja3\/#organization","name":"Pontes Editores","url":"https:\/\/ponteseditores.com.br\/loja3\/","logo":{"@type":"ImageObject","inLanguage":"pt-BR","@id":"https:\/\/ponteseditores.com.br\/loja3\/#\/schema\/logo\/image\/","url":"https:\/\/ponteseditores.com.br\/loja3\/wp-content\/uploads\/2023\/12\/logo-pontes-editores-v2.png","contentUrl":"https:\/\/ponteseditores.com.br\/loja3\/wp-content\/uploads\/2023\/12\/logo-pontes-editores-v2.png","width":258,"height":100,"caption":"Pontes Editores"},"image":{"@id":"https:\/\/ponteseditores.com.br\/loja3\/#\/schema\/logo\/image\/"}}]}},"_links":{"self":[{"href":"https:\/\/ponteseditores.com.br\/loja3\/wp-json\/wp\/v2\/product\/21640","targetHints":{"allow":["GET"]}}],"collection":[{"href":"https:\/\/ponteseditores.com.br\/loja3\/wp-json\/wp\/v2\/product"}],"about":[{"href":"https:\/\/ponteseditores.com.br\/loja3\/wp-json\/wp\/v2\/types\/product"}],"replies":[{"embeddable":true,"href":"https:\/\/ponteseditores.com.br\/loja3\/wp-json\/wp\/v2\/comments?post=21640"}],"version-history":[{"count":1,"href":"https:\/\/ponteseditores.com.br\/loja3\/wp-json\/wp\/v2\/product\/21640\/revisions"}],"predecessor-version":[{"id":21642,"href":"https:\/\/ponteseditores.com.br\/loja3\/wp-json\/wp\/v2\/product\/21640\/revisions\/21642"}],"wp:featuredmedia":[{"embeddable":true,"href":"https:\/\/ponteseditores.com.br\/loja3\/wp-json\/wp\/v2\/media\/21641"}],"wp:attachment":[{"href":"https:\/\/ponteseditores.com.br\/loja3\/wp-json\/wp\/v2\/media?parent=21640"}],"wp:term":[{"taxonomy":"product_brand","embeddable":true,"href":"https:\/\/ponteseditores.com.br\/loja3\/wp-json\/wp\/v2\/product_brand?post=21640"},{"taxonomy":"product_cat","embeddable":true,"href":"https:\/\/ponteseditores.com.br\/loja3\/wp-json\/wp\/v2\/product_cat?post=21640"},{"taxonomy":"product_tag","embeddable":true,"href":"https:\/\/ponteseditores.com.br\/loja3\/wp-json\/wp\/v2\/product_tag?post=21640"}],"curies":[{"name":"wp","href":"https:\/\/api.w.org\/{rel}","templated":true}]}}