{"id":21350,"date":"2025-02-03T15:34:10","date_gmt":"2025-02-03T18:34:10","guid":{"rendered":"https:\/\/ponteseditores.com.br\/loja3\/?post_type=product&#038;p=21350"},"modified":"2025-03-19T09:48:07","modified_gmt":"2025-03-19T12:48:07","slug":"escritos-discentes-em-literaturas-de-lingua-inglesa-volume-xvii-2","status":"publish","type":"product","link":"https:\/\/ponteseditores.com.br\/loja3\/pontes-editores-home-2__trashed\/ebook\/lancamento-e-book\/escritos-discentes-em-literaturas-de-lingua-inglesa-volume-xvii-2\/","title":{"rendered":"Escritos discentes em literaturas de l\u00edngua inglesa \u2013 Volume XVII"},"content":{"rendered":"<p>Este \u00e9 o XVII volume da s\u00e9rie E<em>scritos Discentes em Literaturas de L\u00edngua Inglesa<\/em>, organizado pelos professores Adriana Jord\u00e3o, Davi Pinho, Felipe Fanuel Xavier Rodrigues, Fernanda Medeiros, Leila Assump\u00e7\u00e3o Harris, Maria Aparecida Andrade Salgueiro, Maria Concei\u00e7\u00e3o Monteiro, Patricia Marouvo e Vanessa Cianconi, que representam diferentes gera\u00e7\u00f5es de docentes do Programa de P\u00f3s-Gradua\u00e7\u00e3o em Letras da UERJ na especialidade de Literaturas de L\u00edngua Inglesa. A longevidade desse projeto, em sua d\u00e9cima s\u00e9tima edi\u00e7\u00e3o, demonstra seu \u00eaxito.<\/p>\n<p>Alguns autores da cole\u00e7\u00e3o j\u00e1 participaram de outros volumes, al\u00e9m de terem publicado em outros ve\u00edculos. Trata-se, portanto, de um incentivo \u00e0 produ\u00e7\u00e3o discente, fomentando uma pr\u00e1tica de divulga\u00e7\u00e3o das pesquisas em andamento ou rec\u00e9m-conclu\u00eddas que muitos dos alunos e das alunas da especialidade de Literaturas de L\u00edngua Inglesa aproveitam e desenvolvem em suas carreiras como pesquisadores. Por isso, nomes de jovens estudantes que assinaram cap\u00edtulos em outros volumes s\u00e3o hoje egressos brilhantes de nosso Programa, atuando como docentes em diversas institui\u00e7\u00f5es, incluindo a UERJ. Portanto, os textos presentes neste volume, como em outras edi\u00e7\u00f5es, representam o despontar da carreira de pesquisadores. E por incitar a pr\u00e1tica de divulga\u00e7\u00e3o cient\u00edfica como parte fundamental da vida acad\u00eamica, esta proposta de promover publica\u00e7\u00e3o discente tem servido de modelo para outros grupos do nosso curso.<\/p>\n<p>Este livro re\u00fane trabalhos que seguem abordagens metodol\u00f3gicas variadas e abrange diversas obras das literaturas de l\u00edngua inglesa, de diferentes g\u00eaneros, tempos e espa\u00e7os. Diversidade e pluralidade de saberes s\u00e3o marcas deste livro, que re\u00fane ensaios envolvendo as tr\u00eas linhas de pesquisa da \u00e1rea de Estudos de Literatura \u0336 \u201cLiteratura: teoria, cr\u00edtica e hist\u00f3ria\u201d; \u201cLiteratura: tradu\u00e7\u00e3o e rela\u00e7\u00f5es (trans)culturais e intersemi\u00f3ticas\u201d; e \u201cPo\u00e9ticas da contemporaneidade\u201d \u0336 , em di\u00e1logo transversal. Assim, com abordagens sobre escritores e escritoras, cl\u00e1ssicos e contempor\u00e2neos, uns menos conhecidos do grande p\u00fablico e outros mais comerciais, em portugu\u00eas ou em ingl\u00eas, ocupando-se de temas atuais e socialmente relevantes, encontra-se aqui material f\u00e9rtil tamb\u00e9m para outros pesquisadores, com quem se espera o di\u00e1logo a partir da publica\u00e7\u00e3o deste livro.<\/p>\n<p>&nbsp;<\/p>\n<p><em>Eduardo da Cruz<\/em><\/p>\n<p>Coordenador Geral do Programa de P\u00f3s-Gradua\u00e7\u00e3o em Letras da UERJ<\/p>\n","protected":false},"excerpt":{"rendered":"<p>Este \u00e9 o XVII volume da s\u00e9rie Escritos Discentes em Literaturas de L\u00edngua Inglesa, organizado pelos professores Adriana Jord\u00e3o, Davi Pinho, Felipe Fanuel Xavier Rodrigues, Fernanda Medeiros, Leila Assump\u00e7\u00e3o Harris, Maria Aparecida Andrade Salgueiro, Maria Concei\u00e7\u00e3o Monteiro, Patricia Marouvo e Vanessa Cianconi, que representam diferentes gera\u00e7\u00f5es de docentes do Programa de P\u00f3s-Gradua\u00e7\u00e3o em Letras da [&hellip;]<\/p>\n","protected":false},"featured_media":21228,"comment_status":"open","ping_status":"closed","template":"","meta":{"_joinchat":[]},"product_brand":[],"product_cat":[165,386],"product_tag":[],"class_list":{"0":"post-21350","1":"product","2":"type-product","3":"status-publish","4":"has-post-thumbnail","6":"product_cat-ebook","7":"product_cat-lancamento-e-book","9":"first","10":"instock","11":"downloadable","12":"virtual","13":"purchasable","14":"product-type-simple"},"yoast_head":"<!-- This site is optimized with the Yoast SEO plugin v27.4 - https:\/\/yoast.com\/product\/yoast-seo-wordpress\/ -->\n<title>Escritos discentes em literaturas de l\u00edngua inglesa \u2013 Volume XVII - Pontes Editores<\/title>\n<meta name=\"robots\" content=\"index, follow, max-snippet:-1, max-image-preview:large, max-video-preview:-1\" \/>\n<link rel=\"canonical\" href=\"https:\/\/ponteseditores.com.br\/loja3\/pontes-editores-home-2__trashed\/ebook\/lancamento-e-book\/escritos-discentes-em-literaturas-de-lingua-inglesa-volume-xvii-2\/\" \/>\n<meta property=\"og:locale\" content=\"pt_BR\" \/>\n<meta property=\"og:type\" content=\"article\" \/>\n<meta property=\"og:title\" content=\"Escritos discentes em literaturas de l\u00edngua inglesa \u2013 Volume XVII - Pontes Editores\" \/>\n<meta property=\"og:description\" content=\"Este \u00e9 o XVII volume da s\u00e9rie Escritos Discentes em Literaturas de L\u00edngua Inglesa, organizado pelos professores Adriana Jord\u00e3o, Davi Pinho, Felipe Fanuel Xavier Rodrigues, Fernanda Medeiros, Leila Assump\u00e7\u00e3o Harris, Maria Aparecida Andrade Salgueiro, Maria Concei\u00e7\u00e3o Monteiro, Patricia Marouvo e Vanessa Cianconi, que representam diferentes gera\u00e7\u00f5es de docentes do Programa de P\u00f3s-Gradua\u00e7\u00e3o em Letras da [&hellip;]\" \/>\n<meta property=\"og:url\" content=\"https:\/\/ponteseditores.com.br\/loja3\/pontes-editores-home-2__trashed\/ebook\/lancamento-e-book\/escritos-discentes-em-literaturas-de-lingua-inglesa-volume-xvii-2\/\" \/>\n<meta property=\"og:site_name\" content=\"Pontes Editores\" \/>\n<meta property=\"article:modified_time\" content=\"2025-03-19T12:48:07+00:00\" \/>\n<meta property=\"og:image\" content=\"https:\/\/ponteseditores.com.br\/loja3\/wp-content\/uploads\/2025\/01\/Capa_Escritos-Discentes.jpg\" \/>\n\t<meta property=\"og:image:width\" content=\"1728\" \/>\n\t<meta property=\"og:image:height\" content=\"2443\" \/>\n\t<meta property=\"og:image:type\" content=\"image\/jpeg\" \/>\n<meta name=\"twitter:card\" content=\"summary_large_image\" \/>\n<meta name=\"twitter:label1\" content=\"Est. tempo de leitura\" \/>\n\t<meta name=\"twitter:data1\" content=\"3 minutos\" \/>\n<script type=\"application\/ld+json\" class=\"yoast-schema-graph\">{\"@context\":\"https:\\\/\\\/schema.org\",\"@graph\":[{\"@type\":\"WebPage\",\"@id\":\"https:\\\/\\\/ponteseditores.com.br\\\/loja3\\\/pontes-editores-home-2__trashed\\\/ebook\\\/lancamento-e-book\\\/escritos-discentes-em-literaturas-de-lingua-inglesa-volume-xvii-2\\\/\",\"url\":\"https:\\\/\\\/ponteseditores.com.br\\\/loja3\\\/pontes-editores-home-2__trashed\\\/ebook\\\/lancamento-e-book\\\/escritos-discentes-em-literaturas-de-lingua-inglesa-volume-xvii-2\\\/\",\"name\":\"Escritos discentes em literaturas de l\u00edngua inglesa \u2013 Volume XVII - Pontes Editores\",\"isPartOf\":{\"@id\":\"https:\\\/\\\/ponteseditores.com.br\\\/loja3\\\/#website\"},\"primaryImageOfPage\":{\"@id\":\"https:\\\/\\\/ponteseditores.com.br\\\/loja3\\\/pontes-editores-home-2__trashed\\\/ebook\\\/lancamento-e-book\\\/escritos-discentes-em-literaturas-de-lingua-inglesa-volume-xvii-2\\\/#primaryimage\"},\"image\":{\"@id\":\"https:\\\/\\\/ponteseditores.com.br\\\/loja3\\\/pontes-editores-home-2__trashed\\\/ebook\\\/lancamento-e-book\\\/escritos-discentes-em-literaturas-de-lingua-inglesa-volume-xvii-2\\\/#primaryimage\"},\"thumbnailUrl\":\"https:\\\/\\\/ponteseditores.com.br\\\/loja3\\\/wp-content\\\/uploads\\\/2025\\\/01\\\/Capa_Escritos-Discentes.jpg\",\"datePublished\":\"2025-02-03T18:34:10+00:00\",\"dateModified\":\"2025-03-19T12:48:07+00:00\",\"breadcrumb\":{\"@id\":\"https:\\\/\\\/ponteseditores.com.br\\\/loja3\\\/pontes-editores-home-2__trashed\\\/ebook\\\/lancamento-e-book\\\/escritos-discentes-em-literaturas-de-lingua-inglesa-volume-xvii-2\\\/#breadcrumb\"},\"inLanguage\":\"pt-BR\",\"potentialAction\":[{\"@type\":\"ReadAction\",\"target\":[\"https:\\\/\\\/ponteseditores.com.br\\\/loja3\\\/pontes-editores-home-2__trashed\\\/ebook\\\/lancamento-e-book\\\/escritos-discentes-em-literaturas-de-lingua-inglesa-volume-xvii-2\\\/\"]}]},{\"@type\":\"ImageObject\",\"inLanguage\":\"pt-BR\",\"@id\":\"https:\\\/\\\/ponteseditores.com.br\\\/loja3\\\/pontes-editores-home-2__trashed\\\/ebook\\\/lancamento-e-book\\\/escritos-discentes-em-literaturas-de-lingua-inglesa-volume-xvii-2\\\/#primaryimage\",\"url\":\"https:\\\/\\\/ponteseditores.com.br\\\/loja3\\\/wp-content\\\/uploads\\\/2025\\\/01\\\/Capa_Escritos-Discentes.jpg\",\"contentUrl\":\"https:\\\/\\\/ponteseditores.com.br\\\/loja3\\\/wp-content\\\/uploads\\\/2025\\\/01\\\/Capa_Escritos-Discentes.jpg\",\"width\":1728,\"height\":2443},{\"@type\":\"BreadcrumbList\",\"@id\":\"https:\\\/\\\/ponteseditores.com.br\\\/loja3\\\/pontes-editores-home-2__trashed\\\/ebook\\\/lancamento-e-book\\\/escritos-discentes-em-literaturas-de-lingua-inglesa-volume-xvii-2\\\/#breadcrumb\",\"itemListElement\":[{\"@type\":\"ListItem\",\"position\":1,\"name\":\"Home\",\"item\":\"https:\\\/\\\/ponteseditores.com.br\\\/loja3\\\/\"},{\"@type\":\"ListItem\",\"position\":2,\"name\":\"loja\",\"item\":\"https:\\\/\\\/ponteseditores.com.br\\\/loja3\\\/loja\\\/\"},{\"@type\":\"ListItem\",\"position\":3,\"name\":\"Escritos discentes em literaturas de l\u00edngua inglesa \u2013 Volume XVII\"}]},{\"@type\":\"WebSite\",\"@id\":\"https:\\\/\\\/ponteseditores.com.br\\\/loja3\\\/#website\",\"url\":\"https:\\\/\\\/ponteseditores.com.br\\\/loja3\\\/\",\"name\":\"Pontes Editores\",\"description\":\"Pontes Editores\",\"publisher\":{\"@id\":\"https:\\\/\\\/ponteseditores.com.br\\\/loja3\\\/#organization\"},\"potentialAction\":[{\"@type\":\"SearchAction\",\"target\":{\"@type\":\"EntryPoint\",\"urlTemplate\":\"https:\\\/\\\/ponteseditores.com.br\\\/loja3\\\/?s={search_term_string}\"},\"query-input\":{\"@type\":\"PropertyValueSpecification\",\"valueRequired\":true,\"valueName\":\"search_term_string\"}}],\"inLanguage\":\"pt-BR\"},{\"@type\":\"Organization\",\"@id\":\"https:\\\/\\\/ponteseditores.com.br\\\/loja3\\\/#organization\",\"name\":\"Pontes Editores\",\"url\":\"https:\\\/\\\/ponteseditores.com.br\\\/loja3\\\/\",\"logo\":{\"@type\":\"ImageObject\",\"inLanguage\":\"pt-BR\",\"@id\":\"https:\\\/\\\/ponteseditores.com.br\\\/loja3\\\/#\\\/schema\\\/logo\\\/image\\\/\",\"url\":\"https:\\\/\\\/ponteseditores.com.br\\\/loja3\\\/wp-content\\\/uploads\\\/2023\\\/12\\\/logo-pontes-editores-v2.png\",\"contentUrl\":\"https:\\\/\\\/ponteseditores.com.br\\\/loja3\\\/wp-content\\\/uploads\\\/2023\\\/12\\\/logo-pontes-editores-v2.png\",\"width\":258,\"height\":100,\"caption\":\"Pontes Editores\"},\"image\":{\"@id\":\"https:\\\/\\\/ponteseditores.com.br\\\/loja3\\\/#\\\/schema\\\/logo\\\/image\\\/\"}}]}<\/script>\n<!-- \/ Yoast SEO plugin. -->","yoast_head_json":{"title":"Escritos discentes em literaturas de l\u00edngua inglesa \u2013 Volume XVII - Pontes Editores","robots":{"index":"index","follow":"follow","max-snippet":"max-snippet:-1","max-image-preview":"max-image-preview:large","max-video-preview":"max-video-preview:-1"},"canonical":"https:\/\/ponteseditores.com.br\/loja3\/pontes-editores-home-2__trashed\/ebook\/lancamento-e-book\/escritos-discentes-em-literaturas-de-lingua-inglesa-volume-xvii-2\/","og_locale":"pt_BR","og_type":"article","og_title":"Escritos discentes em literaturas de l\u00edngua inglesa \u2013 Volume XVII - Pontes Editores","og_description":"Este \u00e9 o XVII volume da s\u00e9rie Escritos Discentes em Literaturas de L\u00edngua Inglesa, organizado pelos professores Adriana Jord\u00e3o, Davi Pinho, Felipe Fanuel Xavier Rodrigues, Fernanda Medeiros, Leila Assump\u00e7\u00e3o Harris, Maria Aparecida Andrade Salgueiro, Maria Concei\u00e7\u00e3o Monteiro, Patricia Marouvo e Vanessa Cianconi, que representam diferentes gera\u00e7\u00f5es de docentes do Programa de P\u00f3s-Gradua\u00e7\u00e3o em Letras da [&hellip;]","og_url":"https:\/\/ponteseditores.com.br\/loja3\/pontes-editores-home-2__trashed\/ebook\/lancamento-e-book\/escritos-discentes-em-literaturas-de-lingua-inglesa-volume-xvii-2\/","og_site_name":"Pontes Editores","article_modified_time":"2025-03-19T12:48:07+00:00","og_image":[{"width":1728,"height":2443,"url":"https:\/\/ponteseditores.com.br\/loja3\/wp-content\/uploads\/2025\/01\/Capa_Escritos-Discentes.jpg","type":"image\/jpeg"}],"twitter_card":"summary_large_image","twitter_misc":{"Est. tempo de leitura":"3 minutos"},"schema":{"@context":"https:\/\/schema.org","@graph":[{"@type":"WebPage","@id":"https:\/\/ponteseditores.com.br\/loja3\/pontes-editores-home-2__trashed\/ebook\/lancamento-e-book\/escritos-discentes-em-literaturas-de-lingua-inglesa-volume-xvii-2\/","url":"https:\/\/ponteseditores.com.br\/loja3\/pontes-editores-home-2__trashed\/ebook\/lancamento-e-book\/escritos-discentes-em-literaturas-de-lingua-inglesa-volume-xvii-2\/","name":"Escritos discentes em literaturas de l\u00edngua inglesa \u2013 Volume XVII - Pontes Editores","isPartOf":{"@id":"https:\/\/ponteseditores.com.br\/loja3\/#website"},"primaryImageOfPage":{"@id":"https:\/\/ponteseditores.com.br\/loja3\/pontes-editores-home-2__trashed\/ebook\/lancamento-e-book\/escritos-discentes-em-literaturas-de-lingua-inglesa-volume-xvii-2\/#primaryimage"},"image":{"@id":"https:\/\/ponteseditores.com.br\/loja3\/pontes-editores-home-2__trashed\/ebook\/lancamento-e-book\/escritos-discentes-em-literaturas-de-lingua-inglesa-volume-xvii-2\/#primaryimage"},"thumbnailUrl":"https:\/\/ponteseditores.com.br\/loja3\/wp-content\/uploads\/2025\/01\/Capa_Escritos-Discentes.jpg","datePublished":"2025-02-03T18:34:10+00:00","dateModified":"2025-03-19T12:48:07+00:00","breadcrumb":{"@id":"https:\/\/ponteseditores.com.br\/loja3\/pontes-editores-home-2__trashed\/ebook\/lancamento-e-book\/escritos-discentes-em-literaturas-de-lingua-inglesa-volume-xvii-2\/#breadcrumb"},"inLanguage":"pt-BR","potentialAction":[{"@type":"ReadAction","target":["https:\/\/ponteseditores.com.br\/loja3\/pontes-editores-home-2__trashed\/ebook\/lancamento-e-book\/escritos-discentes-em-literaturas-de-lingua-inglesa-volume-xvii-2\/"]}]},{"@type":"ImageObject","inLanguage":"pt-BR","@id":"https:\/\/ponteseditores.com.br\/loja3\/pontes-editores-home-2__trashed\/ebook\/lancamento-e-book\/escritos-discentes-em-literaturas-de-lingua-inglesa-volume-xvii-2\/#primaryimage","url":"https:\/\/ponteseditores.com.br\/loja3\/wp-content\/uploads\/2025\/01\/Capa_Escritos-Discentes.jpg","contentUrl":"https:\/\/ponteseditores.com.br\/loja3\/wp-content\/uploads\/2025\/01\/Capa_Escritos-Discentes.jpg","width":1728,"height":2443},{"@type":"BreadcrumbList","@id":"https:\/\/ponteseditores.com.br\/loja3\/pontes-editores-home-2__trashed\/ebook\/lancamento-e-book\/escritos-discentes-em-literaturas-de-lingua-inglesa-volume-xvii-2\/#breadcrumb","itemListElement":[{"@type":"ListItem","position":1,"name":"Home","item":"https:\/\/ponteseditores.com.br\/loja3\/"},{"@type":"ListItem","position":2,"name":"loja","item":"https:\/\/ponteseditores.com.br\/loja3\/loja\/"},{"@type":"ListItem","position":3,"name":"Escritos discentes em literaturas de l\u00edngua inglesa \u2013 Volume XVII"}]},{"@type":"WebSite","@id":"https:\/\/ponteseditores.com.br\/loja3\/#website","url":"https:\/\/ponteseditores.com.br\/loja3\/","name":"Pontes Editores","description":"Pontes Editores","publisher":{"@id":"https:\/\/ponteseditores.com.br\/loja3\/#organization"},"potentialAction":[{"@type":"SearchAction","target":{"@type":"EntryPoint","urlTemplate":"https:\/\/ponteseditores.com.br\/loja3\/?s={search_term_string}"},"query-input":{"@type":"PropertyValueSpecification","valueRequired":true,"valueName":"search_term_string"}}],"inLanguage":"pt-BR"},{"@type":"Organization","@id":"https:\/\/ponteseditores.com.br\/loja3\/#organization","name":"Pontes Editores","url":"https:\/\/ponteseditores.com.br\/loja3\/","logo":{"@type":"ImageObject","inLanguage":"pt-BR","@id":"https:\/\/ponteseditores.com.br\/loja3\/#\/schema\/logo\/image\/","url":"https:\/\/ponteseditores.com.br\/loja3\/wp-content\/uploads\/2023\/12\/logo-pontes-editores-v2.png","contentUrl":"https:\/\/ponteseditores.com.br\/loja3\/wp-content\/uploads\/2023\/12\/logo-pontes-editores-v2.png","width":258,"height":100,"caption":"Pontes Editores"},"image":{"@id":"https:\/\/ponteseditores.com.br\/loja3\/#\/schema\/logo\/image\/"}}]}},"_links":{"self":[{"href":"https:\/\/ponteseditores.com.br\/loja3\/wp-json\/wp\/v2\/product\/21350","targetHints":{"allow":["GET"]}}],"collection":[{"href":"https:\/\/ponteseditores.com.br\/loja3\/wp-json\/wp\/v2\/product"}],"about":[{"href":"https:\/\/ponteseditores.com.br\/loja3\/wp-json\/wp\/v2\/types\/product"}],"replies":[{"embeddable":true,"href":"https:\/\/ponteseditores.com.br\/loja3\/wp-json\/wp\/v2\/comments?post=21350"}],"version-history":[{"count":1,"href":"https:\/\/ponteseditores.com.br\/loja3\/wp-json\/wp\/v2\/product\/21350\/revisions"}],"predecessor-version":[{"id":21352,"href":"https:\/\/ponteseditores.com.br\/loja3\/wp-json\/wp\/v2\/product\/21350\/revisions\/21352"}],"wp:featuredmedia":[{"embeddable":true,"href":"https:\/\/ponteseditores.com.br\/loja3\/wp-json\/wp\/v2\/media\/21228"}],"wp:attachment":[{"href":"https:\/\/ponteseditores.com.br\/loja3\/wp-json\/wp\/v2\/media?parent=21350"}],"wp:term":[{"taxonomy":"product_brand","embeddable":true,"href":"https:\/\/ponteseditores.com.br\/loja3\/wp-json\/wp\/v2\/product_brand?post=21350"},{"taxonomy":"product_cat","embeddable":true,"href":"https:\/\/ponteseditores.com.br\/loja3\/wp-json\/wp\/v2\/product_cat?post=21350"},{"taxonomy":"product_tag","embeddable":true,"href":"https:\/\/ponteseditores.com.br\/loja3\/wp-json\/wp\/v2\/product_tag?post=21350"}],"curies":[{"name":"wp","href":"https:\/\/api.w.org\/{rel}","templated":true}]}}