{"id":21035,"date":"2025-01-23T10:37:52","date_gmt":"2025-01-23T13:37:52","guid":{"rendered":"https:\/\/ponteseditores.com.br\/loja3\/?post_type=product&#038;p=21035"},"modified":"2025-01-23T10:37:52","modified_gmt":"2025-01-23T13:37:52","slug":"territorios-do-intimo-linguagem-literatura-sociedade-territoires-de-lintime-langage-litterature-societe-2","status":"publish","type":"product","link":"https:\/\/ponteseditores.com.br\/loja3\/pontes-editores-home-2__trashed\/linguagem\/territorios-do-intimo-linguagem-literatura-sociedade-territoires-de-lintime-langage-litterature-societe-2\/","title":{"rendered":"Territ\u00f3rios do \u00edntimo: linguagem, literatura, sociedade \/ Territoires de l\u2019intime: langage, litt\u00e9rature, soci\u00e9t\u00e9"},"content":{"rendered":"<p>O \u00edntimo est\u00e1 no cora\u00e7\u00e3o da experi\u00eancia humana, na sua vida como sujeito de linguagem. Trabalhar o \u00edntimo pressup\u00f5e lidar com a falta constitutiva do sujeito, por um lado, e com a constru\u00e7\u00e3o de bordas simb\u00f3licas por outro. \u00c9 visitar essas bordas simb\u00f3licas no que elas se d\u00e3o a ler enquanto materialidade a ser analisada na arte, na literatura, nos afazeres do cotidiano, na voz, e nos modos de administra\u00e7\u00e3o da vida social e pol\u00edtica dos corpos.<\/p>\n<p>Este livro \u00e9 produto de uma atividade de pesquisa em rede internacional, proposta e liderada por Bethania Mariani e Chrystelle Fortineau-Br\u00e9mond, e marca mais uma etapa na colabora\u00e7\u00e3o interinstitucional de pesquisa que h\u00e1 anos vem sendo desenvolvida entre docentes da Universidade Federal Fluminense, ligados(as) aos Programa de P\u00f3s-Gradua\u00e7\u00e3o em Estudos de Linguagem e de Literatura, e da Universidade de Rennes 2, ligados(as) \u00e0 \u00c9quipe <em>de Recherche Interlangue: M\u00e9moires, Identit\u00e9s, Territoires <\/em>(ERIMIT). Para este resultado final, contou com a contribui\u00e7\u00e3o de professores-pesquisadores oriundos de outras universidades brasileiras, europeias e norte-americanas.<\/p>\n","protected":false},"excerpt":{"rendered":"<p>O \u00edntimo est\u00e1 no cora\u00e7\u00e3o da experi\u00eancia humana, na sua vida como sujeito de linguagem. Trabalhar o \u00edntimo pressup\u00f5e lidar com a falta constitutiva do sujeito, por um lado, e com a constru\u00e7\u00e3o de bordas simb\u00f3licas por outro. \u00c9 visitar essas bordas simb\u00f3licas no que elas se d\u00e3o a ler enquanto materialidade a ser analisada [&hellip;]<\/p>\n","protected":false},"featured_media":21033,"comment_status":"closed","ping_status":"closed","template":"","meta":{"_joinchat":[]},"product_brand":[],"product_cat":[167,53,290],"product_tag":[],"class_list":{"0":"post-21035","1":"product","2":"type-product","3":"status-publish","4":"has-post-thumbnail","6":"product_cat-lancamento","7":"product_cat-linguagem","8":"product_cat-linguagem-e-linguas","10":"first","11":"instock","12":"shipping-taxable","13":"purchasable","14":"product-type-simple"},"yoast_head":"<!-- This site is optimized with the Yoast SEO plugin v27.4 - https:\/\/yoast.com\/product\/yoast-seo-wordpress\/ -->\n<title>Territ\u00f3rios do \u00edntimo: linguagem, literatura, sociedade \/ Territoires de l\u2019intime: langage, litt\u00e9rature, soci\u00e9t\u00e9 - Pontes Editores<\/title>\n<meta name=\"robots\" content=\"index, follow, max-snippet:-1, max-image-preview:large, max-video-preview:-1\" \/>\n<link rel=\"canonical\" href=\"https:\/\/ponteseditores.com.br\/loja3\/pontes-editores-home-2__trashed\/linguagem\/territorios-do-intimo-linguagem-literatura-sociedade-territoires-de-lintime-langage-litterature-societe-2\/\" \/>\n<meta property=\"og:locale\" content=\"pt_BR\" \/>\n<meta property=\"og:type\" content=\"article\" \/>\n<meta property=\"og:title\" content=\"Territ\u00f3rios do \u00edntimo: linguagem, literatura, sociedade \/ Territoires de l\u2019intime: langage, litt\u00e9rature, soci\u00e9t\u00e9 - Pontes Editores\" \/>\n<meta property=\"og:description\" content=\"O \u00edntimo est\u00e1 no cora\u00e7\u00e3o da experi\u00eancia humana, na sua vida como sujeito de linguagem. Trabalhar o \u00edntimo pressup\u00f5e lidar com a falta constitutiva do sujeito, por um lado, e com a constru\u00e7\u00e3o de bordas simb\u00f3licas por outro. \u00c9 visitar essas bordas simb\u00f3licas no que elas se d\u00e3o a ler enquanto materialidade a ser analisada [&hellip;]\" \/>\n<meta property=\"og:url\" content=\"https:\/\/ponteseditores.com.br\/loja3\/pontes-editores-home-2__trashed\/linguagem\/territorios-do-intimo-linguagem-literatura-sociedade-territoires-de-lintime-langage-litterature-societe-2\/\" \/>\n<meta property=\"og:site_name\" content=\"Pontes Editores\" \/>\n<meta property=\"og:image\" content=\"https:\/\/ponteseditores.com.br\/loja3\/wp-content\/uploads\/2025\/01\/Capa_Territorios_do_Intimo.jpg\" \/>\n\t<meta property=\"og:image:width\" content=\"1728\" \/>\n\t<meta property=\"og:image:height\" content=\"2443\" \/>\n\t<meta property=\"og:image:type\" content=\"image\/jpeg\" \/>\n<meta name=\"twitter:card\" content=\"summary_large_image\" \/>\n<meta name=\"twitter:label1\" content=\"Est. tempo de leitura\" \/>\n\t<meta name=\"twitter:data1\" content=\"1 minuto\" \/>\n<script type=\"application\/ld+json\" class=\"yoast-schema-graph\">{\"@context\":\"https:\\\/\\\/schema.org\",\"@graph\":[{\"@type\":\"WebPage\",\"@id\":\"https:\\\/\\\/ponteseditores.com.br\\\/loja3\\\/pontes-editores-home-2__trashed\\\/linguagem\\\/territorios-do-intimo-linguagem-literatura-sociedade-territoires-de-lintime-langage-litterature-societe-2\\\/\",\"url\":\"https:\\\/\\\/ponteseditores.com.br\\\/loja3\\\/pontes-editores-home-2__trashed\\\/linguagem\\\/territorios-do-intimo-linguagem-literatura-sociedade-territoires-de-lintime-langage-litterature-societe-2\\\/\",\"name\":\"Territ\u00f3rios do \u00edntimo: linguagem, literatura, sociedade \\\/ Territoires de l\u2019intime: langage, litt\u00e9rature, soci\u00e9t\u00e9 - Pontes Editores\",\"isPartOf\":{\"@id\":\"https:\\\/\\\/ponteseditores.com.br\\\/loja3\\\/#website\"},\"primaryImageOfPage\":{\"@id\":\"https:\\\/\\\/ponteseditores.com.br\\\/loja3\\\/pontes-editores-home-2__trashed\\\/linguagem\\\/territorios-do-intimo-linguagem-literatura-sociedade-territoires-de-lintime-langage-litterature-societe-2\\\/#primaryimage\"},\"image\":{\"@id\":\"https:\\\/\\\/ponteseditores.com.br\\\/loja3\\\/pontes-editores-home-2__trashed\\\/linguagem\\\/territorios-do-intimo-linguagem-literatura-sociedade-territoires-de-lintime-langage-litterature-societe-2\\\/#primaryimage\"},\"thumbnailUrl\":\"https:\\\/\\\/ponteseditores.com.br\\\/loja3\\\/wp-content\\\/uploads\\\/2025\\\/01\\\/Capa_Territorios_do_Intimo.jpg\",\"datePublished\":\"2025-01-23T13:37:52+00:00\",\"breadcrumb\":{\"@id\":\"https:\\\/\\\/ponteseditores.com.br\\\/loja3\\\/pontes-editores-home-2__trashed\\\/linguagem\\\/territorios-do-intimo-linguagem-literatura-sociedade-territoires-de-lintime-langage-litterature-societe-2\\\/#breadcrumb\"},\"inLanguage\":\"pt-BR\",\"potentialAction\":[{\"@type\":\"ReadAction\",\"target\":[\"https:\\\/\\\/ponteseditores.com.br\\\/loja3\\\/pontes-editores-home-2__trashed\\\/linguagem\\\/territorios-do-intimo-linguagem-literatura-sociedade-territoires-de-lintime-langage-litterature-societe-2\\\/\"]}]},{\"@type\":\"ImageObject\",\"inLanguage\":\"pt-BR\",\"@id\":\"https:\\\/\\\/ponteseditores.com.br\\\/loja3\\\/pontes-editores-home-2__trashed\\\/linguagem\\\/territorios-do-intimo-linguagem-literatura-sociedade-territoires-de-lintime-langage-litterature-societe-2\\\/#primaryimage\",\"url\":\"https:\\\/\\\/ponteseditores.com.br\\\/loja3\\\/wp-content\\\/uploads\\\/2025\\\/01\\\/Capa_Territorios_do_Intimo.jpg\",\"contentUrl\":\"https:\\\/\\\/ponteseditores.com.br\\\/loja3\\\/wp-content\\\/uploads\\\/2025\\\/01\\\/Capa_Territorios_do_Intimo.jpg\",\"width\":1728,\"height\":2443},{\"@type\":\"BreadcrumbList\",\"@id\":\"https:\\\/\\\/ponteseditores.com.br\\\/loja3\\\/pontes-editores-home-2__trashed\\\/linguagem\\\/territorios-do-intimo-linguagem-literatura-sociedade-territoires-de-lintime-langage-litterature-societe-2\\\/#breadcrumb\",\"itemListElement\":[{\"@type\":\"ListItem\",\"position\":1,\"name\":\"Home\",\"item\":\"https:\\\/\\\/ponteseditores.com.br\\\/loja3\\\/\"},{\"@type\":\"ListItem\",\"position\":2,\"name\":\"loja\",\"item\":\"https:\\\/\\\/ponteseditores.com.br\\\/loja3\\\/loja\\\/\"},{\"@type\":\"ListItem\",\"position\":3,\"name\":\"Territ\u00f3rios do \u00edntimo: linguagem, literatura, sociedade \\\/ Territoires de l\u2019intime: langage, litt\u00e9rature, soci\u00e9t\u00e9\"}]},{\"@type\":\"WebSite\",\"@id\":\"https:\\\/\\\/ponteseditores.com.br\\\/loja3\\\/#website\",\"url\":\"https:\\\/\\\/ponteseditores.com.br\\\/loja3\\\/\",\"name\":\"Pontes Editores\",\"description\":\"Pontes Editores\",\"publisher\":{\"@id\":\"https:\\\/\\\/ponteseditores.com.br\\\/loja3\\\/#organization\"},\"potentialAction\":[{\"@type\":\"SearchAction\",\"target\":{\"@type\":\"EntryPoint\",\"urlTemplate\":\"https:\\\/\\\/ponteseditores.com.br\\\/loja3\\\/?s={search_term_string}\"},\"query-input\":{\"@type\":\"PropertyValueSpecification\",\"valueRequired\":true,\"valueName\":\"search_term_string\"}}],\"inLanguage\":\"pt-BR\"},{\"@type\":\"Organization\",\"@id\":\"https:\\\/\\\/ponteseditores.com.br\\\/loja3\\\/#organization\",\"name\":\"Pontes Editores\",\"url\":\"https:\\\/\\\/ponteseditores.com.br\\\/loja3\\\/\",\"logo\":{\"@type\":\"ImageObject\",\"inLanguage\":\"pt-BR\",\"@id\":\"https:\\\/\\\/ponteseditores.com.br\\\/loja3\\\/#\\\/schema\\\/logo\\\/image\\\/\",\"url\":\"https:\\\/\\\/ponteseditores.com.br\\\/loja3\\\/wp-content\\\/uploads\\\/2023\\\/12\\\/logo-pontes-editores-v2.png\",\"contentUrl\":\"https:\\\/\\\/ponteseditores.com.br\\\/loja3\\\/wp-content\\\/uploads\\\/2023\\\/12\\\/logo-pontes-editores-v2.png\",\"width\":258,\"height\":100,\"caption\":\"Pontes Editores\"},\"image\":{\"@id\":\"https:\\\/\\\/ponteseditores.com.br\\\/loja3\\\/#\\\/schema\\\/logo\\\/image\\\/\"}}]}<\/script>\n<!-- \/ Yoast SEO plugin. -->","yoast_head_json":{"title":"Territ\u00f3rios do \u00edntimo: linguagem, literatura, sociedade \/ Territoires de l\u2019intime: langage, litt\u00e9rature, soci\u00e9t\u00e9 - Pontes Editores","robots":{"index":"index","follow":"follow","max-snippet":"max-snippet:-1","max-image-preview":"max-image-preview:large","max-video-preview":"max-video-preview:-1"},"canonical":"https:\/\/ponteseditores.com.br\/loja3\/pontes-editores-home-2__trashed\/linguagem\/territorios-do-intimo-linguagem-literatura-sociedade-territoires-de-lintime-langage-litterature-societe-2\/","og_locale":"pt_BR","og_type":"article","og_title":"Territ\u00f3rios do \u00edntimo: linguagem, literatura, sociedade \/ Territoires de l\u2019intime: langage, litt\u00e9rature, soci\u00e9t\u00e9 - Pontes Editores","og_description":"O \u00edntimo est\u00e1 no cora\u00e7\u00e3o da experi\u00eancia humana, na sua vida como sujeito de linguagem. Trabalhar o \u00edntimo pressup\u00f5e lidar com a falta constitutiva do sujeito, por um lado, e com a constru\u00e7\u00e3o de bordas simb\u00f3licas por outro. \u00c9 visitar essas bordas simb\u00f3licas no que elas se d\u00e3o a ler enquanto materialidade a ser analisada [&hellip;]","og_url":"https:\/\/ponteseditores.com.br\/loja3\/pontes-editores-home-2__trashed\/linguagem\/territorios-do-intimo-linguagem-literatura-sociedade-territoires-de-lintime-langage-litterature-societe-2\/","og_site_name":"Pontes Editores","og_image":[{"width":1728,"height":2443,"url":"https:\/\/ponteseditores.com.br\/loja3\/wp-content\/uploads\/2025\/01\/Capa_Territorios_do_Intimo.jpg","type":"image\/jpeg"}],"twitter_card":"summary_large_image","twitter_misc":{"Est. tempo de leitura":"1 minuto"},"schema":{"@context":"https:\/\/schema.org","@graph":[{"@type":"WebPage","@id":"https:\/\/ponteseditores.com.br\/loja3\/pontes-editores-home-2__trashed\/linguagem\/territorios-do-intimo-linguagem-literatura-sociedade-territoires-de-lintime-langage-litterature-societe-2\/","url":"https:\/\/ponteseditores.com.br\/loja3\/pontes-editores-home-2__trashed\/linguagem\/territorios-do-intimo-linguagem-literatura-sociedade-territoires-de-lintime-langage-litterature-societe-2\/","name":"Territ\u00f3rios do \u00edntimo: linguagem, literatura, sociedade \/ Territoires de l\u2019intime: langage, litt\u00e9rature, soci\u00e9t\u00e9 - Pontes Editores","isPartOf":{"@id":"https:\/\/ponteseditores.com.br\/loja3\/#website"},"primaryImageOfPage":{"@id":"https:\/\/ponteseditores.com.br\/loja3\/pontes-editores-home-2__trashed\/linguagem\/territorios-do-intimo-linguagem-literatura-sociedade-territoires-de-lintime-langage-litterature-societe-2\/#primaryimage"},"image":{"@id":"https:\/\/ponteseditores.com.br\/loja3\/pontes-editores-home-2__trashed\/linguagem\/territorios-do-intimo-linguagem-literatura-sociedade-territoires-de-lintime-langage-litterature-societe-2\/#primaryimage"},"thumbnailUrl":"https:\/\/ponteseditores.com.br\/loja3\/wp-content\/uploads\/2025\/01\/Capa_Territorios_do_Intimo.jpg","datePublished":"2025-01-23T13:37:52+00:00","breadcrumb":{"@id":"https:\/\/ponteseditores.com.br\/loja3\/pontes-editores-home-2__trashed\/linguagem\/territorios-do-intimo-linguagem-literatura-sociedade-territoires-de-lintime-langage-litterature-societe-2\/#breadcrumb"},"inLanguage":"pt-BR","potentialAction":[{"@type":"ReadAction","target":["https:\/\/ponteseditores.com.br\/loja3\/pontes-editores-home-2__trashed\/linguagem\/territorios-do-intimo-linguagem-literatura-sociedade-territoires-de-lintime-langage-litterature-societe-2\/"]}]},{"@type":"ImageObject","inLanguage":"pt-BR","@id":"https:\/\/ponteseditores.com.br\/loja3\/pontes-editores-home-2__trashed\/linguagem\/territorios-do-intimo-linguagem-literatura-sociedade-territoires-de-lintime-langage-litterature-societe-2\/#primaryimage","url":"https:\/\/ponteseditores.com.br\/loja3\/wp-content\/uploads\/2025\/01\/Capa_Territorios_do_Intimo.jpg","contentUrl":"https:\/\/ponteseditores.com.br\/loja3\/wp-content\/uploads\/2025\/01\/Capa_Territorios_do_Intimo.jpg","width":1728,"height":2443},{"@type":"BreadcrumbList","@id":"https:\/\/ponteseditores.com.br\/loja3\/pontes-editores-home-2__trashed\/linguagem\/territorios-do-intimo-linguagem-literatura-sociedade-territoires-de-lintime-langage-litterature-societe-2\/#breadcrumb","itemListElement":[{"@type":"ListItem","position":1,"name":"Home","item":"https:\/\/ponteseditores.com.br\/loja3\/"},{"@type":"ListItem","position":2,"name":"loja","item":"https:\/\/ponteseditores.com.br\/loja3\/loja\/"},{"@type":"ListItem","position":3,"name":"Territ\u00f3rios do \u00edntimo: linguagem, literatura, sociedade \/ Territoires de l\u2019intime: langage, litt\u00e9rature, soci\u00e9t\u00e9"}]},{"@type":"WebSite","@id":"https:\/\/ponteseditores.com.br\/loja3\/#website","url":"https:\/\/ponteseditores.com.br\/loja3\/","name":"Pontes Editores","description":"Pontes Editores","publisher":{"@id":"https:\/\/ponteseditores.com.br\/loja3\/#organization"},"potentialAction":[{"@type":"SearchAction","target":{"@type":"EntryPoint","urlTemplate":"https:\/\/ponteseditores.com.br\/loja3\/?s={search_term_string}"},"query-input":{"@type":"PropertyValueSpecification","valueRequired":true,"valueName":"search_term_string"}}],"inLanguage":"pt-BR"},{"@type":"Organization","@id":"https:\/\/ponteseditores.com.br\/loja3\/#organization","name":"Pontes Editores","url":"https:\/\/ponteseditores.com.br\/loja3\/","logo":{"@type":"ImageObject","inLanguage":"pt-BR","@id":"https:\/\/ponteseditores.com.br\/loja3\/#\/schema\/logo\/image\/","url":"https:\/\/ponteseditores.com.br\/loja3\/wp-content\/uploads\/2023\/12\/logo-pontes-editores-v2.png","contentUrl":"https:\/\/ponteseditores.com.br\/loja3\/wp-content\/uploads\/2023\/12\/logo-pontes-editores-v2.png","width":258,"height":100,"caption":"Pontes Editores"},"image":{"@id":"https:\/\/ponteseditores.com.br\/loja3\/#\/schema\/logo\/image\/"}}]}},"_links":{"self":[{"href":"https:\/\/ponteseditores.com.br\/loja3\/wp-json\/wp\/v2\/product\/21035","targetHints":{"allow":["GET"]}}],"collection":[{"href":"https:\/\/ponteseditores.com.br\/loja3\/wp-json\/wp\/v2\/product"}],"about":[{"href":"https:\/\/ponteseditores.com.br\/loja3\/wp-json\/wp\/v2\/types\/product"}],"replies":[{"embeddable":true,"href":"https:\/\/ponteseditores.com.br\/loja3\/wp-json\/wp\/v2\/comments?post=21035"}],"version-history":[{"count":1,"href":"https:\/\/ponteseditores.com.br\/loja3\/wp-json\/wp\/v2\/product\/21035\/revisions"}],"predecessor-version":[{"id":21036,"href":"https:\/\/ponteseditores.com.br\/loja3\/wp-json\/wp\/v2\/product\/21035\/revisions\/21036"}],"wp:featuredmedia":[{"embeddable":true,"href":"https:\/\/ponteseditores.com.br\/loja3\/wp-json\/wp\/v2\/media\/21033"}],"wp:attachment":[{"href":"https:\/\/ponteseditores.com.br\/loja3\/wp-json\/wp\/v2\/media?parent=21035"}],"wp:term":[{"taxonomy":"product_brand","embeddable":true,"href":"https:\/\/ponteseditores.com.br\/loja3\/wp-json\/wp\/v2\/product_brand?post=21035"},{"taxonomy":"product_cat","embeddable":true,"href":"https:\/\/ponteseditores.com.br\/loja3\/wp-json\/wp\/v2\/product_cat?post=21035"},{"taxonomy":"product_tag","embeddable":true,"href":"https:\/\/ponteseditores.com.br\/loja3\/wp-json\/wp\/v2\/product_tag?post=21035"}],"curies":[{"name":"wp","href":"https:\/\/api.w.org\/{rel}","templated":true}]}}