{"id":20925,"date":"2025-01-20T14:24:26","date_gmt":"2025-01-20T17:24:26","guid":{"rendered":"https:\/\/ponteseditores.com.br\/loja3\/?post_type=product&#038;p=20925"},"modified":"2025-01-20T14:24:27","modified_gmt":"2025-01-20T17:24:27","slug":"saberes-sem-nome-analise-de-discurso-materialista-e-estudos-literarios-volume-2","status":"publish","type":"product","link":"https:\/\/ponteseditores.com.br\/loja3\/pontes-editores-home-2__trashed\/linguistica\/saberes-sem-nome-analise-de-discurso-materialista-e-estudos-literarios-volume-2\/","title":{"rendered":"Saberes sem nome: an\u00e1lise de discurso materialista e estudos liter\u00e1rios &#8211; Volume 2"},"content":{"rendered":"<p>O volume 01, publicado h\u00e1 cerca de um ano, contou com textos produzidos pelos alunos da disciplina \u201c<strong>An\u00e1lise de discurso e literatura: sentido, sujeito, enuncia\u00e7\u00e3o e ideologia<\/strong>\u201d, do programa de p\u00f3s-gradua\u00e7\u00e3o em Estudos Liter\u00e1rios da Faculdade de Ci\u00eancias e Letras da UNESP de Araraquar. Juntos, passamos pelo trabalho e processo de pensarmos (des)enredos (im)poss\u00edveis entre estudos liter\u00e1rios em uma institui\u00e7\u00e3o acad\u00eamica brasileira consolidada e uma abordagem ainda n\u00e3o \u201ctradicional\u201d em tal espa\u00e7o. A proposta sempre foi a de como pensar deslocamentos e propor novos pontos de vista (alguns cegos) sobre o funcionamento da cr\u00edtica liter\u00e1ria, da literatura e da leitura de literatura (bem como de forma\u00e7\u00e3o de novos leitores). N\u00e3o se trata de substituir abordagens, mas de experienciar o gozo dos (bons) encontros e de problemas instigantes. Acho que fomos muito felizes&#8230;<\/p>\n<p>(&#8230;)<\/p>\n<p>Como a proposta do componente curricular n\u00e3o \u00e9 \u201cproduzir\u201d analistas de discurso, necessariamente, mas, acima de tudo, pensar como a an\u00e1lise de discurso materialista (com a base filos\u00f3fica de Louis Althusser e os desenvolvimentos de Michel P\u00eacheux e Eni Orlandi, por exemplo) pode dialogar com nossos desejos de sermos leitores e cr\u00edticos de literatura. Sendo assim, nesse volume 02, encontraremos artigos com an\u00e1lises mais detidamente desenvolvidas, bem como ensaios que elaboram e desenham reflex\u00f5es com quest\u00f5es discursivas. A abertura promovida pela pr\u00f3pria ideia de entremeio da an\u00e1lise de discurso materialista e da disciplina ministrada por mim permite tal abertura de g\u00eaneros e formas de escritas. Dessa forma, apresentamos um conjunto de escritos cujas posi\u00e7\u00f5es autorais assumidas em cada um convidam n\u00e3o s\u00f3 ao conhecimento de obras liter\u00e1rias diversas (elaboradas em l\u00ednguas e condi\u00e7\u00f5es de produ\u00e7\u00e3o diferentes, inclusive), mas a exerc\u00edcios de compreens\u00e3o a partir de dispositivos que convocam as textualidades \u00e0s rela\u00e7\u00f5es com a historicidade descont\u00ednua das lutas de classes e de for\u00e7as entre formas materiais de saberes, alguns ainda sem nome.<\/p>\n<p>Assim, ler e autorizar-se \u00e0 fun\u00e7\u00e3o de cr\u00edtico-analista, em um aparelho de Estado brasileiro, inclui assumir posi\u00e7\u00e3o na pr\u00f3pria hist\u00f3ria das ideias dos estudos liter\u00e1rios e de seus (n\u00e3o) funcionamentos nos processos de constitui\u00e7\u00e3o da nossa forma\u00e7\u00e3o social.<\/p>\n","protected":false},"excerpt":{"rendered":"<p>O volume 01, publicado h\u00e1 cerca de um ano, contou com textos produzidos pelos alunos da disciplina \u201cAn\u00e1lise de discurso e literatura: sentido, sujeito, enuncia\u00e7\u00e3o e ideologia\u201d, do programa de p\u00f3s-gradua\u00e7\u00e3o em Estudos Liter\u00e1rios da Faculdade de Ci\u00eancias e Letras da UNESP de Araraquar. Juntos, passamos pelo trabalho e processo de pensarmos (des)enredos (im)poss\u00edveis entre [&hellip;]<\/p>\n","protected":false},"featured_media":20926,"comment_status":"closed","ping_status":"closed","template":"","meta":{"_joinchat":[]},"product_brand":[],"product_cat":[301,310,314,318,312,317,313,167,315,31,319,316],"product_tag":[],"class_list":{"0":"post-20925","1":"product","2":"type-product","3":"status-publish","4":"has-post-thumbnail","6":"product_cat-analise-de-discurso","7":"product_cat-conflitos-sociais-praticas-politicas","8":"product_cat-deficiencia-visual","9":"product_cat-didatico","10":"product_cat-estudos-da-linguagem","11":"product_cat-generos-discursivos","12":"product_cat-generos-textuais","13":"product_cat-lancamento","14":"product_cat-linguagem-e-sociedade-univas","15":"product_cat-linguistica","16":"product_cat-politica-linguistica","17":"product_cat-transformacao-invariancias","19":"first","20":"instock","21":"shipping-taxable","22":"purchasable","23":"product-type-simple"},"yoast_head":"<!-- This site is optimized with the Yoast SEO plugin v27.4 - https:\/\/yoast.com\/product\/yoast-seo-wordpress\/ -->\n<title>Saberes sem nome: an\u00e1lise de discurso materialista e estudos liter\u00e1rios - Volume 2 - Pontes Editores<\/title>\n<meta name=\"robots\" content=\"index, follow, max-snippet:-1, max-image-preview:large, max-video-preview:-1\" \/>\n<link rel=\"canonical\" href=\"https:\/\/ponteseditores.com.br\/loja3\/pontes-editores-home-2__trashed\/linguistica\/saberes-sem-nome-analise-de-discurso-materialista-e-estudos-literarios-volume-2\/\" \/>\n<meta property=\"og:locale\" content=\"pt_BR\" \/>\n<meta property=\"og:type\" content=\"article\" \/>\n<meta property=\"og:title\" content=\"Saberes sem nome: an\u00e1lise de discurso materialista e estudos liter\u00e1rios - Volume 2 - Pontes Editores\" \/>\n<meta property=\"og:description\" content=\"O volume 01, publicado h\u00e1 cerca de um ano, contou com textos produzidos pelos alunos da disciplina \u201cAn\u00e1lise de discurso e literatura: sentido, sujeito, enuncia\u00e7\u00e3o e ideologia\u201d, do programa de p\u00f3s-gradua\u00e7\u00e3o em Estudos Liter\u00e1rios da Faculdade de Ci\u00eancias e Letras da UNESP de Araraquar. Juntos, passamos pelo trabalho e processo de pensarmos (des)enredos (im)poss\u00edveis entre [&hellip;]\" \/>\n<meta property=\"og:url\" content=\"https:\/\/ponteseditores.com.br\/loja3\/pontes-editores-home-2__trashed\/linguistica\/saberes-sem-nome-analise-de-discurso-materialista-e-estudos-literarios-volume-2\/\" \/>\n<meta property=\"og:site_name\" content=\"Pontes Editores\" \/>\n<meta property=\"article:modified_time\" content=\"2025-01-20T17:24:27+00:00\" \/>\n<meta property=\"og:image\" content=\"https:\/\/ponteseditores.com.br\/loja3\/wp-content\/uploads\/2025\/01\/Capa_Saberes-sem-nome.jpg\" \/>\n\t<meta property=\"og:image:width\" content=\"1728\" \/>\n\t<meta property=\"og:image:height\" content=\"2443\" \/>\n\t<meta property=\"og:image:type\" content=\"image\/jpeg\" \/>\n<meta name=\"twitter:card\" content=\"summary_large_image\" \/>\n<meta name=\"twitter:label1\" content=\"Est. tempo de leitura\" \/>\n\t<meta name=\"twitter:data1\" content=\"2 minutos\" \/>\n<script type=\"application\/ld+json\" class=\"yoast-schema-graph\">{\"@context\":\"https:\\\/\\\/schema.org\",\"@graph\":[{\"@type\":\"WebPage\",\"@id\":\"https:\\\/\\\/ponteseditores.com.br\\\/loja3\\\/pontes-editores-home-2__trashed\\\/linguistica\\\/saberes-sem-nome-analise-de-discurso-materialista-e-estudos-literarios-volume-2\\\/\",\"url\":\"https:\\\/\\\/ponteseditores.com.br\\\/loja3\\\/pontes-editores-home-2__trashed\\\/linguistica\\\/saberes-sem-nome-analise-de-discurso-materialista-e-estudos-literarios-volume-2\\\/\",\"name\":\"Saberes sem nome: an\u00e1lise de discurso materialista e estudos liter\u00e1rios - Volume 2 - Pontes Editores\",\"isPartOf\":{\"@id\":\"https:\\\/\\\/ponteseditores.com.br\\\/loja3\\\/#website\"},\"primaryImageOfPage\":{\"@id\":\"https:\\\/\\\/ponteseditores.com.br\\\/loja3\\\/pontes-editores-home-2__trashed\\\/linguistica\\\/saberes-sem-nome-analise-de-discurso-materialista-e-estudos-literarios-volume-2\\\/#primaryimage\"},\"image\":{\"@id\":\"https:\\\/\\\/ponteseditores.com.br\\\/loja3\\\/pontes-editores-home-2__trashed\\\/linguistica\\\/saberes-sem-nome-analise-de-discurso-materialista-e-estudos-literarios-volume-2\\\/#primaryimage\"},\"thumbnailUrl\":\"https:\\\/\\\/ponteseditores.com.br\\\/loja3\\\/wp-content\\\/uploads\\\/2025\\\/01\\\/Capa_Saberes-sem-nome.jpg\",\"datePublished\":\"2025-01-20T17:24:26+00:00\",\"dateModified\":\"2025-01-20T17:24:27+00:00\",\"breadcrumb\":{\"@id\":\"https:\\\/\\\/ponteseditores.com.br\\\/loja3\\\/pontes-editores-home-2__trashed\\\/linguistica\\\/saberes-sem-nome-analise-de-discurso-materialista-e-estudos-literarios-volume-2\\\/#breadcrumb\"},\"inLanguage\":\"pt-BR\",\"potentialAction\":[{\"@type\":\"ReadAction\",\"target\":[\"https:\\\/\\\/ponteseditores.com.br\\\/loja3\\\/pontes-editores-home-2__trashed\\\/linguistica\\\/saberes-sem-nome-analise-de-discurso-materialista-e-estudos-literarios-volume-2\\\/\"]}]},{\"@type\":\"ImageObject\",\"inLanguage\":\"pt-BR\",\"@id\":\"https:\\\/\\\/ponteseditores.com.br\\\/loja3\\\/pontes-editores-home-2__trashed\\\/linguistica\\\/saberes-sem-nome-analise-de-discurso-materialista-e-estudos-literarios-volume-2\\\/#primaryimage\",\"url\":\"https:\\\/\\\/ponteseditores.com.br\\\/loja3\\\/wp-content\\\/uploads\\\/2025\\\/01\\\/Capa_Saberes-sem-nome.jpg\",\"contentUrl\":\"https:\\\/\\\/ponteseditores.com.br\\\/loja3\\\/wp-content\\\/uploads\\\/2025\\\/01\\\/Capa_Saberes-sem-nome.jpg\",\"width\":1728,\"height\":2443},{\"@type\":\"BreadcrumbList\",\"@id\":\"https:\\\/\\\/ponteseditores.com.br\\\/loja3\\\/pontes-editores-home-2__trashed\\\/linguistica\\\/saberes-sem-nome-analise-de-discurso-materialista-e-estudos-literarios-volume-2\\\/#breadcrumb\",\"itemListElement\":[{\"@type\":\"ListItem\",\"position\":1,\"name\":\"Home\",\"item\":\"https:\\\/\\\/ponteseditores.com.br\\\/loja3\\\/\"},{\"@type\":\"ListItem\",\"position\":2,\"name\":\"loja\",\"item\":\"https:\\\/\\\/ponteseditores.com.br\\\/loja3\\\/loja\\\/\"},{\"@type\":\"ListItem\",\"position\":3,\"name\":\"Saberes sem nome: an\u00e1lise de discurso materialista e estudos liter\u00e1rios &#8211; Volume 2\"}]},{\"@type\":\"WebSite\",\"@id\":\"https:\\\/\\\/ponteseditores.com.br\\\/loja3\\\/#website\",\"url\":\"https:\\\/\\\/ponteseditores.com.br\\\/loja3\\\/\",\"name\":\"Pontes Editores\",\"description\":\"Pontes Editores\",\"publisher\":{\"@id\":\"https:\\\/\\\/ponteseditores.com.br\\\/loja3\\\/#organization\"},\"potentialAction\":[{\"@type\":\"SearchAction\",\"target\":{\"@type\":\"EntryPoint\",\"urlTemplate\":\"https:\\\/\\\/ponteseditores.com.br\\\/loja3\\\/?s={search_term_string}\"},\"query-input\":{\"@type\":\"PropertyValueSpecification\",\"valueRequired\":true,\"valueName\":\"search_term_string\"}}],\"inLanguage\":\"pt-BR\"},{\"@type\":\"Organization\",\"@id\":\"https:\\\/\\\/ponteseditores.com.br\\\/loja3\\\/#organization\",\"name\":\"Pontes Editores\",\"url\":\"https:\\\/\\\/ponteseditores.com.br\\\/loja3\\\/\",\"logo\":{\"@type\":\"ImageObject\",\"inLanguage\":\"pt-BR\",\"@id\":\"https:\\\/\\\/ponteseditores.com.br\\\/loja3\\\/#\\\/schema\\\/logo\\\/image\\\/\",\"url\":\"https:\\\/\\\/ponteseditores.com.br\\\/loja3\\\/wp-content\\\/uploads\\\/2023\\\/12\\\/logo-pontes-editores-v2.png\",\"contentUrl\":\"https:\\\/\\\/ponteseditores.com.br\\\/loja3\\\/wp-content\\\/uploads\\\/2023\\\/12\\\/logo-pontes-editores-v2.png\",\"width\":258,\"height\":100,\"caption\":\"Pontes Editores\"},\"image\":{\"@id\":\"https:\\\/\\\/ponteseditores.com.br\\\/loja3\\\/#\\\/schema\\\/logo\\\/image\\\/\"}}]}<\/script>\n<!-- \/ Yoast SEO plugin. -->","yoast_head_json":{"title":"Saberes sem nome: an\u00e1lise de discurso materialista e estudos liter\u00e1rios - Volume 2 - Pontes Editores","robots":{"index":"index","follow":"follow","max-snippet":"max-snippet:-1","max-image-preview":"max-image-preview:large","max-video-preview":"max-video-preview:-1"},"canonical":"https:\/\/ponteseditores.com.br\/loja3\/pontes-editores-home-2__trashed\/linguistica\/saberes-sem-nome-analise-de-discurso-materialista-e-estudos-literarios-volume-2\/","og_locale":"pt_BR","og_type":"article","og_title":"Saberes sem nome: an\u00e1lise de discurso materialista e estudos liter\u00e1rios - Volume 2 - Pontes Editores","og_description":"O volume 01, publicado h\u00e1 cerca de um ano, contou com textos produzidos pelos alunos da disciplina \u201cAn\u00e1lise de discurso e literatura: sentido, sujeito, enuncia\u00e7\u00e3o e ideologia\u201d, do programa de p\u00f3s-gradua\u00e7\u00e3o em Estudos Liter\u00e1rios da Faculdade de Ci\u00eancias e Letras da UNESP de Araraquar. Juntos, passamos pelo trabalho e processo de pensarmos (des)enredos (im)poss\u00edveis entre [&hellip;]","og_url":"https:\/\/ponteseditores.com.br\/loja3\/pontes-editores-home-2__trashed\/linguistica\/saberes-sem-nome-analise-de-discurso-materialista-e-estudos-literarios-volume-2\/","og_site_name":"Pontes Editores","article_modified_time":"2025-01-20T17:24:27+00:00","og_image":[{"width":1728,"height":2443,"url":"https:\/\/ponteseditores.com.br\/loja3\/wp-content\/uploads\/2025\/01\/Capa_Saberes-sem-nome.jpg","type":"image\/jpeg"}],"twitter_card":"summary_large_image","twitter_misc":{"Est. tempo de leitura":"2 minutos"},"schema":{"@context":"https:\/\/schema.org","@graph":[{"@type":"WebPage","@id":"https:\/\/ponteseditores.com.br\/loja3\/pontes-editores-home-2__trashed\/linguistica\/saberes-sem-nome-analise-de-discurso-materialista-e-estudos-literarios-volume-2\/","url":"https:\/\/ponteseditores.com.br\/loja3\/pontes-editores-home-2__trashed\/linguistica\/saberes-sem-nome-analise-de-discurso-materialista-e-estudos-literarios-volume-2\/","name":"Saberes sem nome: an\u00e1lise de discurso materialista e estudos liter\u00e1rios - Volume 2 - Pontes Editores","isPartOf":{"@id":"https:\/\/ponteseditores.com.br\/loja3\/#website"},"primaryImageOfPage":{"@id":"https:\/\/ponteseditores.com.br\/loja3\/pontes-editores-home-2__trashed\/linguistica\/saberes-sem-nome-analise-de-discurso-materialista-e-estudos-literarios-volume-2\/#primaryimage"},"image":{"@id":"https:\/\/ponteseditores.com.br\/loja3\/pontes-editores-home-2__trashed\/linguistica\/saberes-sem-nome-analise-de-discurso-materialista-e-estudos-literarios-volume-2\/#primaryimage"},"thumbnailUrl":"https:\/\/ponteseditores.com.br\/loja3\/wp-content\/uploads\/2025\/01\/Capa_Saberes-sem-nome.jpg","datePublished":"2025-01-20T17:24:26+00:00","dateModified":"2025-01-20T17:24:27+00:00","breadcrumb":{"@id":"https:\/\/ponteseditores.com.br\/loja3\/pontes-editores-home-2__trashed\/linguistica\/saberes-sem-nome-analise-de-discurso-materialista-e-estudos-literarios-volume-2\/#breadcrumb"},"inLanguage":"pt-BR","potentialAction":[{"@type":"ReadAction","target":["https:\/\/ponteseditores.com.br\/loja3\/pontes-editores-home-2__trashed\/linguistica\/saberes-sem-nome-analise-de-discurso-materialista-e-estudos-literarios-volume-2\/"]}]},{"@type":"ImageObject","inLanguage":"pt-BR","@id":"https:\/\/ponteseditores.com.br\/loja3\/pontes-editores-home-2__trashed\/linguistica\/saberes-sem-nome-analise-de-discurso-materialista-e-estudos-literarios-volume-2\/#primaryimage","url":"https:\/\/ponteseditores.com.br\/loja3\/wp-content\/uploads\/2025\/01\/Capa_Saberes-sem-nome.jpg","contentUrl":"https:\/\/ponteseditores.com.br\/loja3\/wp-content\/uploads\/2025\/01\/Capa_Saberes-sem-nome.jpg","width":1728,"height":2443},{"@type":"BreadcrumbList","@id":"https:\/\/ponteseditores.com.br\/loja3\/pontes-editores-home-2__trashed\/linguistica\/saberes-sem-nome-analise-de-discurso-materialista-e-estudos-literarios-volume-2\/#breadcrumb","itemListElement":[{"@type":"ListItem","position":1,"name":"Home","item":"https:\/\/ponteseditores.com.br\/loja3\/"},{"@type":"ListItem","position":2,"name":"loja","item":"https:\/\/ponteseditores.com.br\/loja3\/loja\/"},{"@type":"ListItem","position":3,"name":"Saberes sem nome: an\u00e1lise de discurso materialista e estudos liter\u00e1rios &#8211; Volume 2"}]},{"@type":"WebSite","@id":"https:\/\/ponteseditores.com.br\/loja3\/#website","url":"https:\/\/ponteseditores.com.br\/loja3\/","name":"Pontes Editores","description":"Pontes Editores","publisher":{"@id":"https:\/\/ponteseditores.com.br\/loja3\/#organization"},"potentialAction":[{"@type":"SearchAction","target":{"@type":"EntryPoint","urlTemplate":"https:\/\/ponteseditores.com.br\/loja3\/?s={search_term_string}"},"query-input":{"@type":"PropertyValueSpecification","valueRequired":true,"valueName":"search_term_string"}}],"inLanguage":"pt-BR"},{"@type":"Organization","@id":"https:\/\/ponteseditores.com.br\/loja3\/#organization","name":"Pontes Editores","url":"https:\/\/ponteseditores.com.br\/loja3\/","logo":{"@type":"ImageObject","inLanguage":"pt-BR","@id":"https:\/\/ponteseditores.com.br\/loja3\/#\/schema\/logo\/image\/","url":"https:\/\/ponteseditores.com.br\/loja3\/wp-content\/uploads\/2023\/12\/logo-pontes-editores-v2.png","contentUrl":"https:\/\/ponteseditores.com.br\/loja3\/wp-content\/uploads\/2023\/12\/logo-pontes-editores-v2.png","width":258,"height":100,"caption":"Pontes Editores"},"image":{"@id":"https:\/\/ponteseditores.com.br\/loja3\/#\/schema\/logo\/image\/"}}]}},"_links":{"self":[{"href":"https:\/\/ponteseditores.com.br\/loja3\/wp-json\/wp\/v2\/product\/20925","targetHints":{"allow":["GET"]}}],"collection":[{"href":"https:\/\/ponteseditores.com.br\/loja3\/wp-json\/wp\/v2\/product"}],"about":[{"href":"https:\/\/ponteseditores.com.br\/loja3\/wp-json\/wp\/v2\/types\/product"}],"replies":[{"embeddable":true,"href":"https:\/\/ponteseditores.com.br\/loja3\/wp-json\/wp\/v2\/comments?post=20925"}],"version-history":[{"count":1,"href":"https:\/\/ponteseditores.com.br\/loja3\/wp-json\/wp\/v2\/product\/20925\/revisions"}],"predecessor-version":[{"id":20927,"href":"https:\/\/ponteseditores.com.br\/loja3\/wp-json\/wp\/v2\/product\/20925\/revisions\/20927"}],"wp:featuredmedia":[{"embeddable":true,"href":"https:\/\/ponteseditores.com.br\/loja3\/wp-json\/wp\/v2\/media\/20926"}],"wp:attachment":[{"href":"https:\/\/ponteseditores.com.br\/loja3\/wp-json\/wp\/v2\/media?parent=20925"}],"wp:term":[{"taxonomy":"product_brand","embeddable":true,"href":"https:\/\/ponteseditores.com.br\/loja3\/wp-json\/wp\/v2\/product_brand?post=20925"},{"taxonomy":"product_cat","embeddable":true,"href":"https:\/\/ponteseditores.com.br\/loja3\/wp-json\/wp\/v2\/product_cat?post=20925"},{"taxonomy":"product_tag","embeddable":true,"href":"https:\/\/ponteseditores.com.br\/loja3\/wp-json\/wp\/v2\/product_tag?post=20925"}],"curies":[{"name":"wp","href":"https:\/\/api.w.org\/{rel}","templated":true}]}}