{"id":20917,"date":"2025-01-20T14:14:43","date_gmt":"2025-01-20T17:14:43","guid":{"rendered":"https:\/\/ponteseditores.com.br\/loja3\/?post_type=product&#038;p=20917"},"modified":"2025-01-20T14:14:43","modified_gmt":"2025-01-20T17:14:43","slug":"glauco-mattoso-o-antikitsch","status":"publish","type":"product","link":"https:\/\/ponteseditores.com.br\/loja3\/pontes-editores-home-2__trashed\/biografia\/glauco-mattoso-o-antikitsch\/","title":{"rendered":"Glauco Mattoso, O Antikitsch"},"content":{"rendered":"<p>&nbsp;<\/p>\n<p>Glauco Mattoso, j\u00e1 em suas primeiras publica\u00e7\u00f5es, principalmente a partir da defesa firme da escrita coprof\u00e1gica, rompe com a busca pelo \u201cbom\u201d ou \u201cprazeroso\u201d efeito est\u00e9tico, recondicionando as necessidades do leitor\/fruidor a um processo muito mais humano e, por isso, inc\u00f4modo, de rela\u00e7\u00e3o com a obra, em que a reflex\u00e3o de quest\u00f5es da condi\u00e7\u00e3o humana n\u00e3o pode ser ignorada: cegueira, podolatria, masturba\u00e7\u00e3o, desejo pelo odor f\u00e9tido do chul\u00e9, tortura, gozo\u2026 A transgress\u00e3o do <em>kitsch <\/em>feita por Mattoso se d\u00e1 a partir do momento em que ele traz \u00e0 tona uma est\u00e9tica conduzida por temas inesperados, que s\u00e3o literalmente exclu\u00eddos de alguma maneira nos mais diversos discursos, at\u00e9 mesmo o liter\u00e1rio. [\u2026]<\/p>\n<p>Paradoxalmente, a \u201cmerda\u201d \u00e9 o que mais indica que o ser humano \u00e9 humano. Portanto, negar a \u201cmerda\u201d \u00e9 negar o que \u00e9 humano, e assumi-la \u00e9 uma a\u00e7\u00e3o (ironicamente) desumana \u2013 mesmo sendo a mais humana poss\u00edvel. Por essa raz\u00e3o, Mattoso contraria a pr\u00f3pria condi\u00e7\u00e3o, pois nega o <em>kitsch <\/em>\u2013 que ameniza qualquer forma do tr\u00e1gico pela arte, desconsiderando o conflito em busca de uma harmonia \u2013 e exp\u00f5e aquilo que ningu\u00e9m quer ver, ouvir, falar, refletir e, muito menos, confessar. Assumir o que \u00e9 ocultado ou exclu\u00eddo \u00e9 excluir-se, pois quem assim se posiciona, acaba por se enquadrar fora de um modelo j\u00e1 aceito, um modelo comum e confort\u00e1vel de frui\u00e7\u00e3o.<\/p>\n","protected":false},"excerpt":{"rendered":"<p>&nbsp; Glauco Mattoso, j\u00e1 em suas primeiras publica\u00e7\u00f5es, principalmente a partir da defesa firme da escrita coprof\u00e1gica, rompe com a busca pelo \u201cbom\u201d ou \u201cprazeroso\u201d efeito est\u00e9tico, recondicionando as necessidades do leitor\/fruidor a um processo muito mais humano e, por isso, inc\u00f4modo, de rela\u00e7\u00e3o com a obra, em que a reflex\u00e3o de quest\u00f5es da condi\u00e7\u00e3o [&hellip;]<\/p>\n","protected":false},"featured_media":20919,"comment_status":"closed","ping_status":"closed","template":"","meta":{"_joinchat":[]},"product_brand":[],"product_cat":[301,156,167],"product_tag":[],"class_list":{"0":"post-20917","1":"product","2":"type-product","3":"status-publish","4":"has-post-thumbnail","6":"product_cat-analise-de-discurso","7":"product_cat-biografia","8":"product_cat-lancamento","10":"first","11":"instock","12":"shipping-taxable","13":"purchasable","14":"product-type-simple"},"yoast_head":"<!-- This site is optimized with the Yoast SEO plugin v27.4 - https:\/\/yoast.com\/product\/yoast-seo-wordpress\/ -->\n<title>Glauco Mattoso, O Antikitsch - Pontes Editores<\/title>\n<meta name=\"robots\" content=\"index, follow, max-snippet:-1, max-image-preview:large, max-video-preview:-1\" \/>\n<link rel=\"canonical\" href=\"https:\/\/ponteseditores.com.br\/loja3\/pontes-editores-home-2__trashed\/biografia\/glauco-mattoso-o-antikitsch\/\" \/>\n<meta property=\"og:locale\" content=\"pt_BR\" \/>\n<meta property=\"og:type\" content=\"article\" \/>\n<meta property=\"og:title\" content=\"Glauco Mattoso, O Antikitsch - Pontes Editores\" \/>\n<meta property=\"og:description\" content=\"&nbsp; Glauco Mattoso, j\u00e1 em suas primeiras publica\u00e7\u00f5es, principalmente a partir da defesa firme da escrita coprof\u00e1gica, rompe com a busca pelo \u201cbom\u201d ou \u201cprazeroso\u201d efeito est\u00e9tico, recondicionando as necessidades do leitor\/fruidor a um processo muito mais humano e, por isso, inc\u00f4modo, de rela\u00e7\u00e3o com a obra, em que a reflex\u00e3o de quest\u00f5es da condi\u00e7\u00e3o [&hellip;]\" \/>\n<meta property=\"og:url\" content=\"https:\/\/ponteseditores.com.br\/loja3\/pontes-editores-home-2__trashed\/biografia\/glauco-mattoso-o-antikitsch\/\" \/>\n<meta property=\"og:site_name\" content=\"Pontes Editores\" \/>\n<meta property=\"og:image\" content=\"https:\/\/ponteseditores.com.br\/loja3\/wp-content\/uploads\/2025\/01\/Capa_O-Antikitsch.jpg\" \/>\n\t<meta property=\"og:image:width\" content=\"1728\" \/>\n\t<meta property=\"og:image:height\" content=\"2443\" \/>\n\t<meta property=\"og:image:type\" content=\"image\/jpeg\" \/>\n<meta name=\"twitter:card\" content=\"summary_large_image\" \/>\n<meta name=\"twitter:label1\" content=\"Est. tempo de leitura\" \/>\n\t<meta name=\"twitter:data1\" content=\"2 minutos\" \/>\n<script type=\"application\/ld+json\" class=\"yoast-schema-graph\">{\"@context\":\"https:\\\/\\\/schema.org\",\"@graph\":[{\"@type\":\"WebPage\",\"@id\":\"https:\\\/\\\/ponteseditores.com.br\\\/loja3\\\/pontes-editores-home-2__trashed\\\/biografia\\\/glauco-mattoso-o-antikitsch\\\/\",\"url\":\"https:\\\/\\\/ponteseditores.com.br\\\/loja3\\\/pontes-editores-home-2__trashed\\\/biografia\\\/glauco-mattoso-o-antikitsch\\\/\",\"name\":\"Glauco Mattoso, O Antikitsch - Pontes Editores\",\"isPartOf\":{\"@id\":\"https:\\\/\\\/ponteseditores.com.br\\\/loja3\\\/#website\"},\"primaryImageOfPage\":{\"@id\":\"https:\\\/\\\/ponteseditores.com.br\\\/loja3\\\/pontes-editores-home-2__trashed\\\/biografia\\\/glauco-mattoso-o-antikitsch\\\/#primaryimage\"},\"image\":{\"@id\":\"https:\\\/\\\/ponteseditores.com.br\\\/loja3\\\/pontes-editores-home-2__trashed\\\/biografia\\\/glauco-mattoso-o-antikitsch\\\/#primaryimage\"},\"thumbnailUrl\":\"https:\\\/\\\/ponteseditores.com.br\\\/loja3\\\/wp-content\\\/uploads\\\/2025\\\/01\\\/Capa_O-Antikitsch.jpg\",\"datePublished\":\"2025-01-20T17:14:43+00:00\",\"breadcrumb\":{\"@id\":\"https:\\\/\\\/ponteseditores.com.br\\\/loja3\\\/pontes-editores-home-2__trashed\\\/biografia\\\/glauco-mattoso-o-antikitsch\\\/#breadcrumb\"},\"inLanguage\":\"pt-BR\",\"potentialAction\":[{\"@type\":\"ReadAction\",\"target\":[\"https:\\\/\\\/ponteseditores.com.br\\\/loja3\\\/pontes-editores-home-2__trashed\\\/biografia\\\/glauco-mattoso-o-antikitsch\\\/\"]}]},{\"@type\":\"ImageObject\",\"inLanguage\":\"pt-BR\",\"@id\":\"https:\\\/\\\/ponteseditores.com.br\\\/loja3\\\/pontes-editores-home-2__trashed\\\/biografia\\\/glauco-mattoso-o-antikitsch\\\/#primaryimage\",\"url\":\"https:\\\/\\\/ponteseditores.com.br\\\/loja3\\\/wp-content\\\/uploads\\\/2025\\\/01\\\/Capa_O-Antikitsch.jpg\",\"contentUrl\":\"https:\\\/\\\/ponteseditores.com.br\\\/loja3\\\/wp-content\\\/uploads\\\/2025\\\/01\\\/Capa_O-Antikitsch.jpg\",\"width\":1728,\"height\":2443},{\"@type\":\"BreadcrumbList\",\"@id\":\"https:\\\/\\\/ponteseditores.com.br\\\/loja3\\\/pontes-editores-home-2__trashed\\\/biografia\\\/glauco-mattoso-o-antikitsch\\\/#breadcrumb\",\"itemListElement\":[{\"@type\":\"ListItem\",\"position\":1,\"name\":\"Home\",\"item\":\"https:\\\/\\\/ponteseditores.com.br\\\/loja3\\\/\"},{\"@type\":\"ListItem\",\"position\":2,\"name\":\"loja\",\"item\":\"https:\\\/\\\/ponteseditores.com.br\\\/loja3\\\/loja\\\/\"},{\"@type\":\"ListItem\",\"position\":3,\"name\":\"Glauco Mattoso, O Antikitsch\"}]},{\"@type\":\"WebSite\",\"@id\":\"https:\\\/\\\/ponteseditores.com.br\\\/loja3\\\/#website\",\"url\":\"https:\\\/\\\/ponteseditores.com.br\\\/loja3\\\/\",\"name\":\"Pontes Editores\",\"description\":\"Pontes Editores\",\"publisher\":{\"@id\":\"https:\\\/\\\/ponteseditores.com.br\\\/loja3\\\/#organization\"},\"potentialAction\":[{\"@type\":\"SearchAction\",\"target\":{\"@type\":\"EntryPoint\",\"urlTemplate\":\"https:\\\/\\\/ponteseditores.com.br\\\/loja3\\\/?s={search_term_string}\"},\"query-input\":{\"@type\":\"PropertyValueSpecification\",\"valueRequired\":true,\"valueName\":\"search_term_string\"}}],\"inLanguage\":\"pt-BR\"},{\"@type\":\"Organization\",\"@id\":\"https:\\\/\\\/ponteseditores.com.br\\\/loja3\\\/#organization\",\"name\":\"Pontes Editores\",\"url\":\"https:\\\/\\\/ponteseditores.com.br\\\/loja3\\\/\",\"logo\":{\"@type\":\"ImageObject\",\"inLanguage\":\"pt-BR\",\"@id\":\"https:\\\/\\\/ponteseditores.com.br\\\/loja3\\\/#\\\/schema\\\/logo\\\/image\\\/\",\"url\":\"https:\\\/\\\/ponteseditores.com.br\\\/loja3\\\/wp-content\\\/uploads\\\/2023\\\/12\\\/logo-pontes-editores-v2.png\",\"contentUrl\":\"https:\\\/\\\/ponteseditores.com.br\\\/loja3\\\/wp-content\\\/uploads\\\/2023\\\/12\\\/logo-pontes-editores-v2.png\",\"width\":258,\"height\":100,\"caption\":\"Pontes Editores\"},\"image\":{\"@id\":\"https:\\\/\\\/ponteseditores.com.br\\\/loja3\\\/#\\\/schema\\\/logo\\\/image\\\/\"}}]}<\/script>\n<!-- \/ Yoast SEO plugin. -->","yoast_head_json":{"title":"Glauco Mattoso, O Antikitsch - Pontes Editores","robots":{"index":"index","follow":"follow","max-snippet":"max-snippet:-1","max-image-preview":"max-image-preview:large","max-video-preview":"max-video-preview:-1"},"canonical":"https:\/\/ponteseditores.com.br\/loja3\/pontes-editores-home-2__trashed\/biografia\/glauco-mattoso-o-antikitsch\/","og_locale":"pt_BR","og_type":"article","og_title":"Glauco Mattoso, O Antikitsch - Pontes Editores","og_description":"&nbsp; Glauco Mattoso, j\u00e1 em suas primeiras publica\u00e7\u00f5es, principalmente a partir da defesa firme da escrita coprof\u00e1gica, rompe com a busca pelo \u201cbom\u201d ou \u201cprazeroso\u201d efeito est\u00e9tico, recondicionando as necessidades do leitor\/fruidor a um processo muito mais humano e, por isso, inc\u00f4modo, de rela\u00e7\u00e3o com a obra, em que a reflex\u00e3o de quest\u00f5es da condi\u00e7\u00e3o [&hellip;]","og_url":"https:\/\/ponteseditores.com.br\/loja3\/pontes-editores-home-2__trashed\/biografia\/glauco-mattoso-o-antikitsch\/","og_site_name":"Pontes Editores","og_image":[{"width":1728,"height":2443,"url":"https:\/\/ponteseditores.com.br\/loja3\/wp-content\/uploads\/2025\/01\/Capa_O-Antikitsch.jpg","type":"image\/jpeg"}],"twitter_card":"summary_large_image","twitter_misc":{"Est. tempo de leitura":"2 minutos"},"schema":{"@context":"https:\/\/schema.org","@graph":[{"@type":"WebPage","@id":"https:\/\/ponteseditores.com.br\/loja3\/pontes-editores-home-2__trashed\/biografia\/glauco-mattoso-o-antikitsch\/","url":"https:\/\/ponteseditores.com.br\/loja3\/pontes-editores-home-2__trashed\/biografia\/glauco-mattoso-o-antikitsch\/","name":"Glauco Mattoso, O Antikitsch - Pontes Editores","isPartOf":{"@id":"https:\/\/ponteseditores.com.br\/loja3\/#website"},"primaryImageOfPage":{"@id":"https:\/\/ponteseditores.com.br\/loja3\/pontes-editores-home-2__trashed\/biografia\/glauco-mattoso-o-antikitsch\/#primaryimage"},"image":{"@id":"https:\/\/ponteseditores.com.br\/loja3\/pontes-editores-home-2__trashed\/biografia\/glauco-mattoso-o-antikitsch\/#primaryimage"},"thumbnailUrl":"https:\/\/ponteseditores.com.br\/loja3\/wp-content\/uploads\/2025\/01\/Capa_O-Antikitsch.jpg","datePublished":"2025-01-20T17:14:43+00:00","breadcrumb":{"@id":"https:\/\/ponteseditores.com.br\/loja3\/pontes-editores-home-2__trashed\/biografia\/glauco-mattoso-o-antikitsch\/#breadcrumb"},"inLanguage":"pt-BR","potentialAction":[{"@type":"ReadAction","target":["https:\/\/ponteseditores.com.br\/loja3\/pontes-editores-home-2__trashed\/biografia\/glauco-mattoso-o-antikitsch\/"]}]},{"@type":"ImageObject","inLanguage":"pt-BR","@id":"https:\/\/ponteseditores.com.br\/loja3\/pontes-editores-home-2__trashed\/biografia\/glauco-mattoso-o-antikitsch\/#primaryimage","url":"https:\/\/ponteseditores.com.br\/loja3\/wp-content\/uploads\/2025\/01\/Capa_O-Antikitsch.jpg","contentUrl":"https:\/\/ponteseditores.com.br\/loja3\/wp-content\/uploads\/2025\/01\/Capa_O-Antikitsch.jpg","width":1728,"height":2443},{"@type":"BreadcrumbList","@id":"https:\/\/ponteseditores.com.br\/loja3\/pontes-editores-home-2__trashed\/biografia\/glauco-mattoso-o-antikitsch\/#breadcrumb","itemListElement":[{"@type":"ListItem","position":1,"name":"Home","item":"https:\/\/ponteseditores.com.br\/loja3\/"},{"@type":"ListItem","position":2,"name":"loja","item":"https:\/\/ponteseditores.com.br\/loja3\/loja\/"},{"@type":"ListItem","position":3,"name":"Glauco Mattoso, O Antikitsch"}]},{"@type":"WebSite","@id":"https:\/\/ponteseditores.com.br\/loja3\/#website","url":"https:\/\/ponteseditores.com.br\/loja3\/","name":"Pontes Editores","description":"Pontes Editores","publisher":{"@id":"https:\/\/ponteseditores.com.br\/loja3\/#organization"},"potentialAction":[{"@type":"SearchAction","target":{"@type":"EntryPoint","urlTemplate":"https:\/\/ponteseditores.com.br\/loja3\/?s={search_term_string}"},"query-input":{"@type":"PropertyValueSpecification","valueRequired":true,"valueName":"search_term_string"}}],"inLanguage":"pt-BR"},{"@type":"Organization","@id":"https:\/\/ponteseditores.com.br\/loja3\/#organization","name":"Pontes Editores","url":"https:\/\/ponteseditores.com.br\/loja3\/","logo":{"@type":"ImageObject","inLanguage":"pt-BR","@id":"https:\/\/ponteseditores.com.br\/loja3\/#\/schema\/logo\/image\/","url":"https:\/\/ponteseditores.com.br\/loja3\/wp-content\/uploads\/2023\/12\/logo-pontes-editores-v2.png","contentUrl":"https:\/\/ponteseditores.com.br\/loja3\/wp-content\/uploads\/2023\/12\/logo-pontes-editores-v2.png","width":258,"height":100,"caption":"Pontes Editores"},"image":{"@id":"https:\/\/ponteseditores.com.br\/loja3\/#\/schema\/logo\/image\/"}}]}},"_links":{"self":[{"href":"https:\/\/ponteseditores.com.br\/loja3\/wp-json\/wp\/v2\/product\/20917","targetHints":{"allow":["GET"]}}],"collection":[{"href":"https:\/\/ponteseditores.com.br\/loja3\/wp-json\/wp\/v2\/product"}],"about":[{"href":"https:\/\/ponteseditores.com.br\/loja3\/wp-json\/wp\/v2\/types\/product"}],"replies":[{"embeddable":true,"href":"https:\/\/ponteseditores.com.br\/loja3\/wp-json\/wp\/v2\/comments?post=20917"}],"version-history":[{"count":1,"href":"https:\/\/ponteseditores.com.br\/loja3\/wp-json\/wp\/v2\/product\/20917\/revisions"}],"predecessor-version":[{"id":20920,"href":"https:\/\/ponteseditores.com.br\/loja3\/wp-json\/wp\/v2\/product\/20917\/revisions\/20920"}],"wp:featuredmedia":[{"embeddable":true,"href":"https:\/\/ponteseditores.com.br\/loja3\/wp-json\/wp\/v2\/media\/20919"}],"wp:attachment":[{"href":"https:\/\/ponteseditores.com.br\/loja3\/wp-json\/wp\/v2\/media?parent=20917"}],"wp:term":[{"taxonomy":"product_brand","embeddable":true,"href":"https:\/\/ponteseditores.com.br\/loja3\/wp-json\/wp\/v2\/product_brand?post=20917"},{"taxonomy":"product_cat","embeddable":true,"href":"https:\/\/ponteseditores.com.br\/loja3\/wp-json\/wp\/v2\/product_cat?post=20917"},{"taxonomy":"product_tag","embeddable":true,"href":"https:\/\/ponteseditores.com.br\/loja3\/wp-json\/wp\/v2\/product_tag?post=20917"}],"curies":[{"name":"wp","href":"https:\/\/api.w.org\/{rel}","templated":true}]}}