{"id":20297,"date":"2024-12-25T15:43:49","date_gmt":"2024-12-25T18:43:49","guid":{"rendered":"https:\/\/ponteseditores.com.br\/loja3\/?post_type=product&#038;p=20297"},"modified":"2024-12-25T15:43:49","modified_gmt":"2024-12-25T18:43:49","slug":"estudos-de-heterotopologia-uma-travessia-por-outros-espacos-na-literatura-e-nas-demais-artes","status":"publish","type":"product","link":"https:\/\/ponteseditores.com.br\/loja3\/pontes-editores-home-2__trashed\/ebook\/lancamento-e-book\/estudos-de-heterotopologia-uma-travessia-por-outros-espacos-na-literatura-e-nas-demais-artes\/","title":{"rendered":"Estudos de heterotopologia: uma travessia por outros espa\u00e7os na literatura e nas demais artes"},"content":{"rendered":"<p><strong><em>Estudos de heterotopologia<\/em><\/strong> tem como principal p\u00fablico-alvo os pesquisadores que atuam na \u00e1rea de Teoria liter\u00e1ria e Literatura Comparada, fundamentalmente aqueles que se debru\u00e7am sobre as teorias do espa\u00e7o ficcional. Atendendo a demandas espec\u00edficas do processo formativo no ensino superior, a obra tamb\u00e9m se destina a estudantes de gradua\u00e7\u00e3o e p\u00f3s-gradua\u00e7\u00e3o em Letras. Mas, em fun\u00e7\u00e3o de sua abordagem interdisciplinar e da presen\u00e7a ostensiva de temas transversais, \u00e9 absolutamente poss\u00edvel que a colet\u00e2nea tamb\u00e9m atraia pesquisadores de qualquer \u00e1rea do conhecimento que tenha o espa\u00e7o heterot\u00f3pico como objeto basilar de investiga\u00e7\u00e3o.<\/p>\n<p>Talvez seja oportuno destacar que este volume apresenta alguns elementos de inova\u00e7\u00e3o cient\u00edfica, como a originalidade na leitura cr\u00edtica das obras e o car\u00e1ter inovador das concep\u00e7\u00f5es te\u00f3ricas apresentadas. Conforme j\u00e1 mencionado, Foucault deixou em aberto o campo de estudos sobre a heterotopia. Dessa forma, cada um dos ensaios que comp\u00f5em este livro apresenta novas classifica\u00e7\u00f5es, perspectivas de uso e articula\u00e7\u00f5es conceituais, al\u00e9m de promover um aprofundamento te\u00f3rico e aplica\u00e7\u00e3o em \u00e1reas distintas daquelas indicadas pelo fil\u00f3sofo franc\u00eas. Como resultado, a colet\u00e2nea amplia e enrique a discuss\u00e3o acerca da heterotopia, sempre instigando o leitor a desafiar os limites do saber institucionalizado. Ao longo da obra, ser\u00e3o apresentados debates sobre a rela\u00e7\u00e3o da heterotopia com outras cartografias, leituras espec\u00edficas sobre a classifica\u00e7\u00e3o proposta por Foucault, estudos sobre as rela\u00e7\u00f5es estabelecidas entre o espa\u00e7o e o corpo, leitura dos processos de marginaliza\u00e7\u00e3o e degrada\u00e7\u00e3o social, an\u00e1lises dos mais diversos modos de percep\u00e7\u00e3o espacial e a abordagem de temas filos\u00f3ficos a partir da unidade heterot\u00f3pica, como a morte, a \u00e9tica e o medo. Em comemora\u00e7\u00e3o ao centen\u00e1rio de nascimento de Jos\u00e9 Saramago, ocorrido no ano de 2022, a colet\u00e2nea ainda apresenta uma se\u00e7\u00e3o final especialmente destinada \u00e0 obra do escritor portugu\u00eas.<\/p>\n","protected":false},"excerpt":{"rendered":"<p>Estudos de heterotopologia tem como principal p\u00fablico-alvo os pesquisadores que atuam na \u00e1rea de Teoria liter\u00e1ria e Literatura Comparada, fundamentalmente aqueles que se debru\u00e7am sobre as teorias do espa\u00e7o ficcional. Atendendo a demandas espec\u00edficas do processo formativo no ensino superior, a obra tamb\u00e9m se destina a estudantes de gradua\u00e7\u00e3o e p\u00f3s-gradua\u00e7\u00e3o em Letras. Mas, em [&hellip;]<\/p>\n","protected":false},"featured_media":20303,"comment_status":"closed","ping_status":"closed","template":"","meta":{"_joinchat":[]},"product_brand":[],"product_cat":[165,386,31],"product_tag":[],"class_list":{"0":"post-20297","1":"product","2":"type-product","3":"status-publish","4":"has-post-thumbnail","6":"product_cat-ebook","7":"product_cat-lancamento-e-book","8":"product_cat-linguistica","10":"first","11":"instock","12":"downloadable","13":"virtual","14":"purchasable","15":"product-type-simple"},"yoast_head":"<!-- This site is optimized with the Yoast SEO plugin v27.4 - https:\/\/yoast.com\/product\/yoast-seo-wordpress\/ -->\n<title>Estudos de heterotopologia: uma travessia por outros espa\u00e7os na literatura e nas demais artes - Pontes Editores<\/title>\n<meta name=\"robots\" content=\"index, follow, max-snippet:-1, max-image-preview:large, max-video-preview:-1\" \/>\n<link rel=\"canonical\" href=\"https:\/\/ponteseditores.com.br\/loja3\/pontes-editores-home-2__trashed\/ebook\/lancamento-e-book\/estudos-de-heterotopologia-uma-travessia-por-outros-espacos-na-literatura-e-nas-demais-artes\/\" \/>\n<meta property=\"og:locale\" content=\"pt_BR\" \/>\n<meta property=\"og:type\" content=\"article\" \/>\n<meta property=\"og:title\" content=\"Estudos de heterotopologia: uma travessia por outros espa\u00e7os na literatura e nas demais artes - Pontes Editores\" \/>\n<meta property=\"og:description\" content=\"Estudos de heterotopologia tem como principal p\u00fablico-alvo os pesquisadores que atuam na \u00e1rea de Teoria liter\u00e1ria e Literatura Comparada, fundamentalmente aqueles que se debru\u00e7am sobre as teorias do espa\u00e7o ficcional. Atendendo a demandas espec\u00edficas do processo formativo no ensino superior, a obra tamb\u00e9m se destina a estudantes de gradua\u00e7\u00e3o e p\u00f3s-gradua\u00e7\u00e3o em Letras. Mas, em [&hellip;]\" \/>\n<meta property=\"og:url\" content=\"https:\/\/ponteseditores.com.br\/loja3\/pontes-editores-home-2__trashed\/ebook\/lancamento-e-book\/estudos-de-heterotopologia-uma-travessia-por-outros-espacos-na-literatura-e-nas-demais-artes\/\" \/>\n<meta property=\"og:site_name\" content=\"Pontes Editores\" \/>\n<meta property=\"og:image\" content=\"https:\/\/ponteseditores.com.br\/loja3\/wp-content\/uploads\/2024\/12\/Imagem-do-WhatsApp-de-2024-12-23-as-18.07.37_2bb0edba.jpg\" \/>\n\t<meta property=\"og:image:width\" content=\"1131\" \/>\n\t<meta property=\"og:image:height\" content=\"1600\" \/>\n\t<meta property=\"og:image:type\" content=\"image\/jpeg\" \/>\n<meta name=\"twitter:card\" content=\"summary_large_image\" \/>\n<meta name=\"twitter:label1\" content=\"Est. tempo de leitura\" \/>\n\t<meta name=\"twitter:data1\" content=\"2 minutos\" \/>\n<script type=\"application\/ld+json\" class=\"yoast-schema-graph\">{\"@context\":\"https:\\\/\\\/schema.org\",\"@graph\":[{\"@type\":\"WebPage\",\"@id\":\"https:\\\/\\\/ponteseditores.com.br\\\/loja3\\\/pontes-editores-home-2__trashed\\\/ebook\\\/lancamento-e-book\\\/estudos-de-heterotopologia-uma-travessia-por-outros-espacos-na-literatura-e-nas-demais-artes\\\/\",\"url\":\"https:\\\/\\\/ponteseditores.com.br\\\/loja3\\\/pontes-editores-home-2__trashed\\\/ebook\\\/lancamento-e-book\\\/estudos-de-heterotopologia-uma-travessia-por-outros-espacos-na-literatura-e-nas-demais-artes\\\/\",\"name\":\"Estudos de heterotopologia: uma travessia por outros espa\u00e7os na literatura e nas demais artes - Pontes Editores\",\"isPartOf\":{\"@id\":\"https:\\\/\\\/ponteseditores.com.br\\\/loja3\\\/#website\"},\"primaryImageOfPage\":{\"@id\":\"https:\\\/\\\/ponteseditores.com.br\\\/loja3\\\/pontes-editores-home-2__trashed\\\/ebook\\\/lancamento-e-book\\\/estudos-de-heterotopologia-uma-travessia-por-outros-espacos-na-literatura-e-nas-demais-artes\\\/#primaryimage\"},\"image\":{\"@id\":\"https:\\\/\\\/ponteseditores.com.br\\\/loja3\\\/pontes-editores-home-2__trashed\\\/ebook\\\/lancamento-e-book\\\/estudos-de-heterotopologia-uma-travessia-por-outros-espacos-na-literatura-e-nas-demais-artes\\\/#primaryimage\"},\"thumbnailUrl\":\"https:\\\/\\\/ponteseditores.com.br\\\/loja3\\\/wp-content\\\/uploads\\\/2024\\\/12\\\/Imagem-do-WhatsApp-de-2024-12-23-as-18.07.37_2bb0edba.jpg\",\"datePublished\":\"2024-12-25T18:43:49+00:00\",\"breadcrumb\":{\"@id\":\"https:\\\/\\\/ponteseditores.com.br\\\/loja3\\\/pontes-editores-home-2__trashed\\\/ebook\\\/lancamento-e-book\\\/estudos-de-heterotopologia-uma-travessia-por-outros-espacos-na-literatura-e-nas-demais-artes\\\/#breadcrumb\"},\"inLanguage\":\"pt-BR\",\"potentialAction\":[{\"@type\":\"ReadAction\",\"target\":[\"https:\\\/\\\/ponteseditores.com.br\\\/loja3\\\/pontes-editores-home-2__trashed\\\/ebook\\\/lancamento-e-book\\\/estudos-de-heterotopologia-uma-travessia-por-outros-espacos-na-literatura-e-nas-demais-artes\\\/\"]}]},{\"@type\":\"ImageObject\",\"inLanguage\":\"pt-BR\",\"@id\":\"https:\\\/\\\/ponteseditores.com.br\\\/loja3\\\/pontes-editores-home-2__trashed\\\/ebook\\\/lancamento-e-book\\\/estudos-de-heterotopologia-uma-travessia-por-outros-espacos-na-literatura-e-nas-demais-artes\\\/#primaryimage\",\"url\":\"https:\\\/\\\/ponteseditores.com.br\\\/loja3\\\/wp-content\\\/uploads\\\/2024\\\/12\\\/Imagem-do-WhatsApp-de-2024-12-23-as-18.07.37_2bb0edba.jpg\",\"contentUrl\":\"https:\\\/\\\/ponteseditores.com.br\\\/loja3\\\/wp-content\\\/uploads\\\/2024\\\/12\\\/Imagem-do-WhatsApp-de-2024-12-23-as-18.07.37_2bb0edba.jpg\",\"width\":1131,\"height\":1600},{\"@type\":\"BreadcrumbList\",\"@id\":\"https:\\\/\\\/ponteseditores.com.br\\\/loja3\\\/pontes-editores-home-2__trashed\\\/ebook\\\/lancamento-e-book\\\/estudos-de-heterotopologia-uma-travessia-por-outros-espacos-na-literatura-e-nas-demais-artes\\\/#breadcrumb\",\"itemListElement\":[{\"@type\":\"ListItem\",\"position\":1,\"name\":\"Home\",\"item\":\"https:\\\/\\\/ponteseditores.com.br\\\/loja3\\\/\"},{\"@type\":\"ListItem\",\"position\":2,\"name\":\"loja\",\"item\":\"https:\\\/\\\/ponteseditores.com.br\\\/loja3\\\/loja\\\/\"},{\"@type\":\"ListItem\",\"position\":3,\"name\":\"Estudos de heterotopologia: uma travessia por outros espa\u00e7os na literatura e nas demais artes\"}]},{\"@type\":\"WebSite\",\"@id\":\"https:\\\/\\\/ponteseditores.com.br\\\/loja3\\\/#website\",\"url\":\"https:\\\/\\\/ponteseditores.com.br\\\/loja3\\\/\",\"name\":\"Pontes Editores\",\"description\":\"Pontes Editores\",\"publisher\":{\"@id\":\"https:\\\/\\\/ponteseditores.com.br\\\/loja3\\\/#organization\"},\"potentialAction\":[{\"@type\":\"SearchAction\",\"target\":{\"@type\":\"EntryPoint\",\"urlTemplate\":\"https:\\\/\\\/ponteseditores.com.br\\\/loja3\\\/?s={search_term_string}\"},\"query-input\":{\"@type\":\"PropertyValueSpecification\",\"valueRequired\":true,\"valueName\":\"search_term_string\"}}],\"inLanguage\":\"pt-BR\"},{\"@type\":\"Organization\",\"@id\":\"https:\\\/\\\/ponteseditores.com.br\\\/loja3\\\/#organization\",\"name\":\"Pontes Editores\",\"url\":\"https:\\\/\\\/ponteseditores.com.br\\\/loja3\\\/\",\"logo\":{\"@type\":\"ImageObject\",\"inLanguage\":\"pt-BR\",\"@id\":\"https:\\\/\\\/ponteseditores.com.br\\\/loja3\\\/#\\\/schema\\\/logo\\\/image\\\/\",\"url\":\"https:\\\/\\\/ponteseditores.com.br\\\/loja3\\\/wp-content\\\/uploads\\\/2023\\\/12\\\/logo-pontes-editores-v2.png\",\"contentUrl\":\"https:\\\/\\\/ponteseditores.com.br\\\/loja3\\\/wp-content\\\/uploads\\\/2023\\\/12\\\/logo-pontes-editores-v2.png\",\"width\":258,\"height\":100,\"caption\":\"Pontes Editores\"},\"image\":{\"@id\":\"https:\\\/\\\/ponteseditores.com.br\\\/loja3\\\/#\\\/schema\\\/logo\\\/image\\\/\"}}]}<\/script>\n<!-- \/ Yoast SEO plugin. -->","yoast_head_json":{"title":"Estudos de heterotopologia: uma travessia por outros espa\u00e7os na literatura e nas demais artes - Pontes Editores","robots":{"index":"index","follow":"follow","max-snippet":"max-snippet:-1","max-image-preview":"max-image-preview:large","max-video-preview":"max-video-preview:-1"},"canonical":"https:\/\/ponteseditores.com.br\/loja3\/pontes-editores-home-2__trashed\/ebook\/lancamento-e-book\/estudos-de-heterotopologia-uma-travessia-por-outros-espacos-na-literatura-e-nas-demais-artes\/","og_locale":"pt_BR","og_type":"article","og_title":"Estudos de heterotopologia: uma travessia por outros espa\u00e7os na literatura e nas demais artes - Pontes Editores","og_description":"Estudos de heterotopologia tem como principal p\u00fablico-alvo os pesquisadores que atuam na \u00e1rea de Teoria liter\u00e1ria e Literatura Comparada, fundamentalmente aqueles que se debru\u00e7am sobre as teorias do espa\u00e7o ficcional. Atendendo a demandas espec\u00edficas do processo formativo no ensino superior, a obra tamb\u00e9m se destina a estudantes de gradua\u00e7\u00e3o e p\u00f3s-gradua\u00e7\u00e3o em Letras. Mas, em [&hellip;]","og_url":"https:\/\/ponteseditores.com.br\/loja3\/pontes-editores-home-2__trashed\/ebook\/lancamento-e-book\/estudos-de-heterotopologia-uma-travessia-por-outros-espacos-na-literatura-e-nas-demais-artes\/","og_site_name":"Pontes Editores","og_image":[{"width":1131,"height":1600,"url":"https:\/\/ponteseditores.com.br\/loja3\/wp-content\/uploads\/2024\/12\/Imagem-do-WhatsApp-de-2024-12-23-as-18.07.37_2bb0edba.jpg","type":"image\/jpeg"}],"twitter_card":"summary_large_image","twitter_misc":{"Est. tempo de leitura":"2 minutos"},"schema":{"@context":"https:\/\/schema.org","@graph":[{"@type":"WebPage","@id":"https:\/\/ponteseditores.com.br\/loja3\/pontes-editores-home-2__trashed\/ebook\/lancamento-e-book\/estudos-de-heterotopologia-uma-travessia-por-outros-espacos-na-literatura-e-nas-demais-artes\/","url":"https:\/\/ponteseditores.com.br\/loja3\/pontes-editores-home-2__trashed\/ebook\/lancamento-e-book\/estudos-de-heterotopologia-uma-travessia-por-outros-espacos-na-literatura-e-nas-demais-artes\/","name":"Estudos de heterotopologia: uma travessia por outros espa\u00e7os na literatura e nas demais artes - Pontes Editores","isPartOf":{"@id":"https:\/\/ponteseditores.com.br\/loja3\/#website"},"primaryImageOfPage":{"@id":"https:\/\/ponteseditores.com.br\/loja3\/pontes-editores-home-2__trashed\/ebook\/lancamento-e-book\/estudos-de-heterotopologia-uma-travessia-por-outros-espacos-na-literatura-e-nas-demais-artes\/#primaryimage"},"image":{"@id":"https:\/\/ponteseditores.com.br\/loja3\/pontes-editores-home-2__trashed\/ebook\/lancamento-e-book\/estudos-de-heterotopologia-uma-travessia-por-outros-espacos-na-literatura-e-nas-demais-artes\/#primaryimage"},"thumbnailUrl":"https:\/\/ponteseditores.com.br\/loja3\/wp-content\/uploads\/2024\/12\/Imagem-do-WhatsApp-de-2024-12-23-as-18.07.37_2bb0edba.jpg","datePublished":"2024-12-25T18:43:49+00:00","breadcrumb":{"@id":"https:\/\/ponteseditores.com.br\/loja3\/pontes-editores-home-2__trashed\/ebook\/lancamento-e-book\/estudos-de-heterotopologia-uma-travessia-por-outros-espacos-na-literatura-e-nas-demais-artes\/#breadcrumb"},"inLanguage":"pt-BR","potentialAction":[{"@type":"ReadAction","target":["https:\/\/ponteseditores.com.br\/loja3\/pontes-editores-home-2__trashed\/ebook\/lancamento-e-book\/estudos-de-heterotopologia-uma-travessia-por-outros-espacos-na-literatura-e-nas-demais-artes\/"]}]},{"@type":"ImageObject","inLanguage":"pt-BR","@id":"https:\/\/ponteseditores.com.br\/loja3\/pontes-editores-home-2__trashed\/ebook\/lancamento-e-book\/estudos-de-heterotopologia-uma-travessia-por-outros-espacos-na-literatura-e-nas-demais-artes\/#primaryimage","url":"https:\/\/ponteseditores.com.br\/loja3\/wp-content\/uploads\/2024\/12\/Imagem-do-WhatsApp-de-2024-12-23-as-18.07.37_2bb0edba.jpg","contentUrl":"https:\/\/ponteseditores.com.br\/loja3\/wp-content\/uploads\/2024\/12\/Imagem-do-WhatsApp-de-2024-12-23-as-18.07.37_2bb0edba.jpg","width":1131,"height":1600},{"@type":"BreadcrumbList","@id":"https:\/\/ponteseditores.com.br\/loja3\/pontes-editores-home-2__trashed\/ebook\/lancamento-e-book\/estudos-de-heterotopologia-uma-travessia-por-outros-espacos-na-literatura-e-nas-demais-artes\/#breadcrumb","itemListElement":[{"@type":"ListItem","position":1,"name":"Home","item":"https:\/\/ponteseditores.com.br\/loja3\/"},{"@type":"ListItem","position":2,"name":"loja","item":"https:\/\/ponteseditores.com.br\/loja3\/loja\/"},{"@type":"ListItem","position":3,"name":"Estudos de heterotopologia: uma travessia por outros espa\u00e7os na literatura e nas demais artes"}]},{"@type":"WebSite","@id":"https:\/\/ponteseditores.com.br\/loja3\/#website","url":"https:\/\/ponteseditores.com.br\/loja3\/","name":"Pontes Editores","description":"Pontes Editores","publisher":{"@id":"https:\/\/ponteseditores.com.br\/loja3\/#organization"},"potentialAction":[{"@type":"SearchAction","target":{"@type":"EntryPoint","urlTemplate":"https:\/\/ponteseditores.com.br\/loja3\/?s={search_term_string}"},"query-input":{"@type":"PropertyValueSpecification","valueRequired":true,"valueName":"search_term_string"}}],"inLanguage":"pt-BR"},{"@type":"Organization","@id":"https:\/\/ponteseditores.com.br\/loja3\/#organization","name":"Pontes Editores","url":"https:\/\/ponteseditores.com.br\/loja3\/","logo":{"@type":"ImageObject","inLanguage":"pt-BR","@id":"https:\/\/ponteseditores.com.br\/loja3\/#\/schema\/logo\/image\/","url":"https:\/\/ponteseditores.com.br\/loja3\/wp-content\/uploads\/2023\/12\/logo-pontes-editores-v2.png","contentUrl":"https:\/\/ponteseditores.com.br\/loja3\/wp-content\/uploads\/2023\/12\/logo-pontes-editores-v2.png","width":258,"height":100,"caption":"Pontes Editores"},"image":{"@id":"https:\/\/ponteseditores.com.br\/loja3\/#\/schema\/logo\/image\/"}}]}},"_links":{"self":[{"href":"https:\/\/ponteseditores.com.br\/loja3\/wp-json\/wp\/v2\/product\/20297","targetHints":{"allow":["GET"]}}],"collection":[{"href":"https:\/\/ponteseditores.com.br\/loja3\/wp-json\/wp\/v2\/product"}],"about":[{"href":"https:\/\/ponteseditores.com.br\/loja3\/wp-json\/wp\/v2\/types\/product"}],"replies":[{"embeddable":true,"href":"https:\/\/ponteseditores.com.br\/loja3\/wp-json\/wp\/v2\/comments?post=20297"}],"version-history":[{"count":1,"href":"https:\/\/ponteseditores.com.br\/loja3\/wp-json\/wp\/v2\/product\/20297\/revisions"}],"predecessor-version":[{"id":20304,"href":"https:\/\/ponteseditores.com.br\/loja3\/wp-json\/wp\/v2\/product\/20297\/revisions\/20304"}],"wp:featuredmedia":[{"embeddable":true,"href":"https:\/\/ponteseditores.com.br\/loja3\/wp-json\/wp\/v2\/media\/20303"}],"wp:attachment":[{"href":"https:\/\/ponteseditores.com.br\/loja3\/wp-json\/wp\/v2\/media?parent=20297"}],"wp:term":[{"taxonomy":"product_brand","embeddable":true,"href":"https:\/\/ponteseditores.com.br\/loja3\/wp-json\/wp\/v2\/product_brand?post=20297"},{"taxonomy":"product_cat","embeddable":true,"href":"https:\/\/ponteseditores.com.br\/loja3\/wp-json\/wp\/v2\/product_cat?post=20297"},{"taxonomy":"product_tag","embeddable":true,"href":"https:\/\/ponteseditores.com.br\/loja3\/wp-json\/wp\/v2\/product_tag?post=20297"}],"curies":[{"name":"wp","href":"https:\/\/api.w.org\/{rel}","templated":true}]}}