{"id":20168,"date":"2024-12-22T00:18:55","date_gmt":"2024-12-22T03:18:55","guid":{"rendered":"https:\/\/ponteseditores.com.br\/loja3\/?post_type=product&#038;p=20168"},"modified":"2024-12-22T00:18:55","modified_gmt":"2024-12-22T03:18:55","slug":"intermidialidade-interliteraturas-interartes-convergencias-e-rupturas-na-hipermodernidade","status":"publish","type":"product","link":"https:\/\/ponteseditores.com.br\/loja3\/pontes-editores-home-2__trashed\/linguistica\/intermidialidade-interliteraturas-interartes-convergencias-e-rupturas-na-hipermodernidade\/","title":{"rendered":"InterMidialidade, interLiteraturas, interArtes: converg\u00eancias e rupturas na hipermodernidade"},"content":{"rendered":"<p>A obra InterMidialiades, InterLiteraturas, InterArtes: converg\u00eancias e rupturas na hipermodernidade prop\u00f5e uma an\u00e1lise das intera\u00e7\u00f5es multifacetadas entre literatura, artes e m\u00eddias na era digital. Em um contexto de r\u00e1pida evolu\u00e7\u00e3o tecnol\u00f3gica e globaliza\u00e7\u00e3o, a pesquisa escrita provoca reflex\u00f5es sobre a influ\u00eancia destas din\u00e2micas nas narrativas culturais contempor\u00e2neas. Cada cap\u00edtulo oferece uma investiga\u00e7\u00e3o sobre as novas formas de express\u00e3o que emergem na medida em que as fronteiras entre g\u00eaneros, m\u00eddias e culturas se tornam mais fluidas.<\/p>\n<p>O livro examina tanto os efeitos das transforma\u00e7\u00f5es digitais, como discute as tens\u00f5es e os desafios que tais implica\u00e7\u00f5es acarretam. O(A) leitor(a) \u00e9 incentivado(a) a adotar uma postura cr\u00edtica em rela\u00e7\u00e3o \u00e0 maneira como a converg\u00eancia midi\u00e1tica e a dispers\u00e3o tecnol\u00f3gica redefinem aspectos como criatividade, mem\u00f3ria e identidade cultural. InterMidialidades, InterLiteraturas, InterArtes delineia uma utopia cr\u00edtica, na qual a interconex\u00e3o e a inova\u00e7\u00e3o s\u00e3o consideradas tanto oportunidades como arenas de disputas culturais.<\/p>\n<p>Em vista disso, para aqueles que buscam entender as din\u00e2micas da hipermodernidade, esta obra proporciona reflex\u00f5es significativas sobre o futuro das artes e da literatura. Ela serve como um guia para navegar em um panorama cultural em cont\u00ednua transforma\u00e7\u00e3o, no qual cada ruptura facilita novas converg\u00eancias e cada inova\u00e7\u00e3o cont\u00e9m o potencial para futuras mudan\u00e7as. Com este livro, o(a) leitor(a) \u00e9 convidado(a) a contribuir ativamente para a configura\u00e7\u00e3o de novas realidades culturais, nas quais os processos de cria\u00e7\u00e3o e recria\u00e7\u00e3o s\u00e3o cont\u00ednuos e essenciais para a compreens\u00e3o do nosso tempo.<\/p>\n","protected":false},"excerpt":{"rendered":"<p>A obra InterMidialiades, InterLiteraturas, InterArtes: converg\u00eancias e rupturas na hipermodernidade prop\u00f5e uma an\u00e1lise das intera\u00e7\u00f5es multifacetadas entre literatura, artes e m\u00eddias na era digital. Em um contexto de r\u00e1pida evolu\u00e7\u00e3o tecnol\u00f3gica e globaliza\u00e7\u00e3o, a pesquisa escrita provoca reflex\u00f5es sobre a influ\u00eancia destas din\u00e2micas nas narrativas culturais contempor\u00e2neas. Cada cap\u00edtulo oferece uma investiga\u00e7\u00e3o sobre as novas [&hellip;]<\/p>\n","protected":false},"featured_media":20169,"comment_status":"closed","ping_status":"closed","template":"","meta":{"_joinchat":[]},"product_brand":[],"product_cat":[167,31],"product_tag":[],"class_list":{"0":"post-20168","1":"product","2":"type-product","3":"status-publish","4":"has-post-thumbnail","6":"product_cat-lancamento","7":"product_cat-linguistica","9":"first","10":"instock","11":"shipping-taxable","12":"purchasable","13":"product-type-simple"},"yoast_head":"<!-- This site is optimized with the Yoast SEO plugin v27.4 - https:\/\/yoast.com\/product\/yoast-seo-wordpress\/ -->\n<title>InterMidialidade, interLiteraturas, interArtes: converg\u00eancias e rupturas na hipermodernidade - Pontes Editores<\/title>\n<meta name=\"robots\" content=\"index, follow, max-snippet:-1, max-image-preview:large, max-video-preview:-1\" \/>\n<link rel=\"canonical\" href=\"https:\/\/ponteseditores.com.br\/loja3\/pontes-editores-home-2__trashed\/linguistica\/intermidialidade-interliteraturas-interartes-convergencias-e-rupturas-na-hipermodernidade\/\" \/>\n<meta property=\"og:locale\" content=\"pt_BR\" \/>\n<meta property=\"og:type\" content=\"article\" \/>\n<meta property=\"og:title\" content=\"InterMidialidade, interLiteraturas, interArtes: converg\u00eancias e rupturas na hipermodernidade - Pontes Editores\" \/>\n<meta property=\"og:description\" content=\"A obra InterMidialiades, InterLiteraturas, InterArtes: converg\u00eancias e rupturas na hipermodernidade prop\u00f5e uma an\u00e1lise das intera\u00e7\u00f5es multifacetadas entre literatura, artes e m\u00eddias na era digital. Em um contexto de r\u00e1pida evolu\u00e7\u00e3o tecnol\u00f3gica e globaliza\u00e7\u00e3o, a pesquisa escrita provoca reflex\u00f5es sobre a influ\u00eancia destas din\u00e2micas nas narrativas culturais contempor\u00e2neas. Cada cap\u00edtulo oferece uma investiga\u00e7\u00e3o sobre as novas [&hellip;]\" \/>\n<meta property=\"og:url\" content=\"https:\/\/ponteseditores.com.br\/loja3\/pontes-editores-home-2__trashed\/linguistica\/intermidialidade-interliteraturas-interartes-convergencias-e-rupturas-na-hipermodernidade\/\" \/>\n<meta property=\"og:site_name\" content=\"Pontes Editores\" \/>\n<meta property=\"og:image\" content=\"https:\/\/ponteseditores.com.br\/loja3\/wp-content\/uploads\/2024\/12\/Capa_InterMidialidade.jpg\" \/>\n\t<meta property=\"og:image:width\" content=\"1728\" \/>\n\t<meta property=\"og:image:height\" content=\"2443\" \/>\n\t<meta property=\"og:image:type\" content=\"image\/jpeg\" \/>\n<meta name=\"twitter:card\" content=\"summary_large_image\" \/>\n<meta name=\"twitter:label1\" content=\"Est. tempo de leitura\" \/>\n\t<meta name=\"twitter:data1\" content=\"2 minutos\" \/>\n<script type=\"application\/ld+json\" class=\"yoast-schema-graph\">{\"@context\":\"https:\\\/\\\/schema.org\",\"@graph\":[{\"@type\":\"WebPage\",\"@id\":\"https:\\\/\\\/ponteseditores.com.br\\\/loja3\\\/pontes-editores-home-2__trashed\\\/linguistica\\\/intermidialidade-interliteraturas-interartes-convergencias-e-rupturas-na-hipermodernidade\\\/\",\"url\":\"https:\\\/\\\/ponteseditores.com.br\\\/loja3\\\/pontes-editores-home-2__trashed\\\/linguistica\\\/intermidialidade-interliteraturas-interartes-convergencias-e-rupturas-na-hipermodernidade\\\/\",\"name\":\"InterMidialidade, interLiteraturas, interArtes: converg\u00eancias e rupturas na hipermodernidade - Pontes Editores\",\"isPartOf\":{\"@id\":\"https:\\\/\\\/ponteseditores.com.br\\\/loja3\\\/#website\"},\"primaryImageOfPage\":{\"@id\":\"https:\\\/\\\/ponteseditores.com.br\\\/loja3\\\/pontes-editores-home-2__trashed\\\/linguistica\\\/intermidialidade-interliteraturas-interartes-convergencias-e-rupturas-na-hipermodernidade\\\/#primaryimage\"},\"image\":{\"@id\":\"https:\\\/\\\/ponteseditores.com.br\\\/loja3\\\/pontes-editores-home-2__trashed\\\/linguistica\\\/intermidialidade-interliteraturas-interartes-convergencias-e-rupturas-na-hipermodernidade\\\/#primaryimage\"},\"thumbnailUrl\":\"https:\\\/\\\/ponteseditores.com.br\\\/loja3\\\/wp-content\\\/uploads\\\/2024\\\/12\\\/Capa_InterMidialidade.jpg\",\"datePublished\":\"2024-12-22T03:18:55+00:00\",\"breadcrumb\":{\"@id\":\"https:\\\/\\\/ponteseditores.com.br\\\/loja3\\\/pontes-editores-home-2__trashed\\\/linguistica\\\/intermidialidade-interliteraturas-interartes-convergencias-e-rupturas-na-hipermodernidade\\\/#breadcrumb\"},\"inLanguage\":\"pt-BR\",\"potentialAction\":[{\"@type\":\"ReadAction\",\"target\":[\"https:\\\/\\\/ponteseditores.com.br\\\/loja3\\\/pontes-editores-home-2__trashed\\\/linguistica\\\/intermidialidade-interliteraturas-interartes-convergencias-e-rupturas-na-hipermodernidade\\\/\"]}]},{\"@type\":\"ImageObject\",\"inLanguage\":\"pt-BR\",\"@id\":\"https:\\\/\\\/ponteseditores.com.br\\\/loja3\\\/pontes-editores-home-2__trashed\\\/linguistica\\\/intermidialidade-interliteraturas-interartes-convergencias-e-rupturas-na-hipermodernidade\\\/#primaryimage\",\"url\":\"https:\\\/\\\/ponteseditores.com.br\\\/loja3\\\/wp-content\\\/uploads\\\/2024\\\/12\\\/Capa_InterMidialidade.jpg\",\"contentUrl\":\"https:\\\/\\\/ponteseditores.com.br\\\/loja3\\\/wp-content\\\/uploads\\\/2024\\\/12\\\/Capa_InterMidialidade.jpg\",\"width\":1728,\"height\":2443},{\"@type\":\"BreadcrumbList\",\"@id\":\"https:\\\/\\\/ponteseditores.com.br\\\/loja3\\\/pontes-editores-home-2__trashed\\\/linguistica\\\/intermidialidade-interliteraturas-interartes-convergencias-e-rupturas-na-hipermodernidade\\\/#breadcrumb\",\"itemListElement\":[{\"@type\":\"ListItem\",\"position\":1,\"name\":\"Home\",\"item\":\"https:\\\/\\\/ponteseditores.com.br\\\/loja3\\\/\"},{\"@type\":\"ListItem\",\"position\":2,\"name\":\"loja\",\"item\":\"https:\\\/\\\/ponteseditores.com.br\\\/loja3\\\/loja\\\/\"},{\"@type\":\"ListItem\",\"position\":3,\"name\":\"InterMidialidade, interLiteraturas, interArtes: converg\u00eancias e rupturas na hipermodernidade\"}]},{\"@type\":\"WebSite\",\"@id\":\"https:\\\/\\\/ponteseditores.com.br\\\/loja3\\\/#website\",\"url\":\"https:\\\/\\\/ponteseditores.com.br\\\/loja3\\\/\",\"name\":\"Pontes Editores\",\"description\":\"Pontes Editores\",\"publisher\":{\"@id\":\"https:\\\/\\\/ponteseditores.com.br\\\/loja3\\\/#organization\"},\"potentialAction\":[{\"@type\":\"SearchAction\",\"target\":{\"@type\":\"EntryPoint\",\"urlTemplate\":\"https:\\\/\\\/ponteseditores.com.br\\\/loja3\\\/?s={search_term_string}\"},\"query-input\":{\"@type\":\"PropertyValueSpecification\",\"valueRequired\":true,\"valueName\":\"search_term_string\"}}],\"inLanguage\":\"pt-BR\"},{\"@type\":\"Organization\",\"@id\":\"https:\\\/\\\/ponteseditores.com.br\\\/loja3\\\/#organization\",\"name\":\"Pontes Editores\",\"url\":\"https:\\\/\\\/ponteseditores.com.br\\\/loja3\\\/\",\"logo\":{\"@type\":\"ImageObject\",\"inLanguage\":\"pt-BR\",\"@id\":\"https:\\\/\\\/ponteseditores.com.br\\\/loja3\\\/#\\\/schema\\\/logo\\\/image\\\/\",\"url\":\"https:\\\/\\\/ponteseditores.com.br\\\/loja3\\\/wp-content\\\/uploads\\\/2023\\\/12\\\/logo-pontes-editores-v2.png\",\"contentUrl\":\"https:\\\/\\\/ponteseditores.com.br\\\/loja3\\\/wp-content\\\/uploads\\\/2023\\\/12\\\/logo-pontes-editores-v2.png\",\"width\":258,\"height\":100,\"caption\":\"Pontes Editores\"},\"image\":{\"@id\":\"https:\\\/\\\/ponteseditores.com.br\\\/loja3\\\/#\\\/schema\\\/logo\\\/image\\\/\"}}]}<\/script>\n<!-- \/ Yoast SEO plugin. -->","yoast_head_json":{"title":"InterMidialidade, interLiteraturas, interArtes: converg\u00eancias e rupturas na hipermodernidade - Pontes Editores","robots":{"index":"index","follow":"follow","max-snippet":"max-snippet:-1","max-image-preview":"max-image-preview:large","max-video-preview":"max-video-preview:-1"},"canonical":"https:\/\/ponteseditores.com.br\/loja3\/pontes-editores-home-2__trashed\/linguistica\/intermidialidade-interliteraturas-interartes-convergencias-e-rupturas-na-hipermodernidade\/","og_locale":"pt_BR","og_type":"article","og_title":"InterMidialidade, interLiteraturas, interArtes: converg\u00eancias e rupturas na hipermodernidade - Pontes Editores","og_description":"A obra InterMidialiades, InterLiteraturas, InterArtes: converg\u00eancias e rupturas na hipermodernidade prop\u00f5e uma an\u00e1lise das intera\u00e7\u00f5es multifacetadas entre literatura, artes e m\u00eddias na era digital. Em um contexto de r\u00e1pida evolu\u00e7\u00e3o tecnol\u00f3gica e globaliza\u00e7\u00e3o, a pesquisa escrita provoca reflex\u00f5es sobre a influ\u00eancia destas din\u00e2micas nas narrativas culturais contempor\u00e2neas. Cada cap\u00edtulo oferece uma investiga\u00e7\u00e3o sobre as novas [&hellip;]","og_url":"https:\/\/ponteseditores.com.br\/loja3\/pontes-editores-home-2__trashed\/linguistica\/intermidialidade-interliteraturas-interartes-convergencias-e-rupturas-na-hipermodernidade\/","og_site_name":"Pontes Editores","og_image":[{"width":1728,"height":2443,"url":"https:\/\/ponteseditores.com.br\/loja3\/wp-content\/uploads\/2024\/12\/Capa_InterMidialidade.jpg","type":"image\/jpeg"}],"twitter_card":"summary_large_image","twitter_misc":{"Est. tempo de leitura":"2 minutos"},"schema":{"@context":"https:\/\/schema.org","@graph":[{"@type":"WebPage","@id":"https:\/\/ponteseditores.com.br\/loja3\/pontes-editores-home-2__trashed\/linguistica\/intermidialidade-interliteraturas-interartes-convergencias-e-rupturas-na-hipermodernidade\/","url":"https:\/\/ponteseditores.com.br\/loja3\/pontes-editores-home-2__trashed\/linguistica\/intermidialidade-interliteraturas-interartes-convergencias-e-rupturas-na-hipermodernidade\/","name":"InterMidialidade, interLiteraturas, interArtes: converg\u00eancias e rupturas na hipermodernidade - Pontes Editores","isPartOf":{"@id":"https:\/\/ponteseditores.com.br\/loja3\/#website"},"primaryImageOfPage":{"@id":"https:\/\/ponteseditores.com.br\/loja3\/pontes-editores-home-2__trashed\/linguistica\/intermidialidade-interliteraturas-interartes-convergencias-e-rupturas-na-hipermodernidade\/#primaryimage"},"image":{"@id":"https:\/\/ponteseditores.com.br\/loja3\/pontes-editores-home-2__trashed\/linguistica\/intermidialidade-interliteraturas-interartes-convergencias-e-rupturas-na-hipermodernidade\/#primaryimage"},"thumbnailUrl":"https:\/\/ponteseditores.com.br\/loja3\/wp-content\/uploads\/2024\/12\/Capa_InterMidialidade.jpg","datePublished":"2024-12-22T03:18:55+00:00","breadcrumb":{"@id":"https:\/\/ponteseditores.com.br\/loja3\/pontes-editores-home-2__trashed\/linguistica\/intermidialidade-interliteraturas-interartes-convergencias-e-rupturas-na-hipermodernidade\/#breadcrumb"},"inLanguage":"pt-BR","potentialAction":[{"@type":"ReadAction","target":["https:\/\/ponteseditores.com.br\/loja3\/pontes-editores-home-2__trashed\/linguistica\/intermidialidade-interliteraturas-interartes-convergencias-e-rupturas-na-hipermodernidade\/"]}]},{"@type":"ImageObject","inLanguage":"pt-BR","@id":"https:\/\/ponteseditores.com.br\/loja3\/pontes-editores-home-2__trashed\/linguistica\/intermidialidade-interliteraturas-interartes-convergencias-e-rupturas-na-hipermodernidade\/#primaryimage","url":"https:\/\/ponteseditores.com.br\/loja3\/wp-content\/uploads\/2024\/12\/Capa_InterMidialidade.jpg","contentUrl":"https:\/\/ponteseditores.com.br\/loja3\/wp-content\/uploads\/2024\/12\/Capa_InterMidialidade.jpg","width":1728,"height":2443},{"@type":"BreadcrumbList","@id":"https:\/\/ponteseditores.com.br\/loja3\/pontes-editores-home-2__trashed\/linguistica\/intermidialidade-interliteraturas-interartes-convergencias-e-rupturas-na-hipermodernidade\/#breadcrumb","itemListElement":[{"@type":"ListItem","position":1,"name":"Home","item":"https:\/\/ponteseditores.com.br\/loja3\/"},{"@type":"ListItem","position":2,"name":"loja","item":"https:\/\/ponteseditores.com.br\/loja3\/loja\/"},{"@type":"ListItem","position":3,"name":"InterMidialidade, interLiteraturas, interArtes: converg\u00eancias e rupturas na hipermodernidade"}]},{"@type":"WebSite","@id":"https:\/\/ponteseditores.com.br\/loja3\/#website","url":"https:\/\/ponteseditores.com.br\/loja3\/","name":"Pontes Editores","description":"Pontes Editores","publisher":{"@id":"https:\/\/ponteseditores.com.br\/loja3\/#organization"},"potentialAction":[{"@type":"SearchAction","target":{"@type":"EntryPoint","urlTemplate":"https:\/\/ponteseditores.com.br\/loja3\/?s={search_term_string}"},"query-input":{"@type":"PropertyValueSpecification","valueRequired":true,"valueName":"search_term_string"}}],"inLanguage":"pt-BR"},{"@type":"Organization","@id":"https:\/\/ponteseditores.com.br\/loja3\/#organization","name":"Pontes Editores","url":"https:\/\/ponteseditores.com.br\/loja3\/","logo":{"@type":"ImageObject","inLanguage":"pt-BR","@id":"https:\/\/ponteseditores.com.br\/loja3\/#\/schema\/logo\/image\/","url":"https:\/\/ponteseditores.com.br\/loja3\/wp-content\/uploads\/2023\/12\/logo-pontes-editores-v2.png","contentUrl":"https:\/\/ponteseditores.com.br\/loja3\/wp-content\/uploads\/2023\/12\/logo-pontes-editores-v2.png","width":258,"height":100,"caption":"Pontes Editores"},"image":{"@id":"https:\/\/ponteseditores.com.br\/loja3\/#\/schema\/logo\/image\/"}}]}},"_links":{"self":[{"href":"https:\/\/ponteseditores.com.br\/loja3\/wp-json\/wp\/v2\/product\/20168","targetHints":{"allow":["GET"]}}],"collection":[{"href":"https:\/\/ponteseditores.com.br\/loja3\/wp-json\/wp\/v2\/product"}],"about":[{"href":"https:\/\/ponteseditores.com.br\/loja3\/wp-json\/wp\/v2\/types\/product"}],"replies":[{"embeddable":true,"href":"https:\/\/ponteseditores.com.br\/loja3\/wp-json\/wp\/v2\/comments?post=20168"}],"version-history":[{"count":1,"href":"https:\/\/ponteseditores.com.br\/loja3\/wp-json\/wp\/v2\/product\/20168\/revisions"}],"predecessor-version":[{"id":20170,"href":"https:\/\/ponteseditores.com.br\/loja3\/wp-json\/wp\/v2\/product\/20168\/revisions\/20170"}],"wp:featuredmedia":[{"embeddable":true,"href":"https:\/\/ponteseditores.com.br\/loja3\/wp-json\/wp\/v2\/media\/20169"}],"wp:attachment":[{"href":"https:\/\/ponteseditores.com.br\/loja3\/wp-json\/wp\/v2\/media?parent=20168"}],"wp:term":[{"taxonomy":"product_brand","embeddable":true,"href":"https:\/\/ponteseditores.com.br\/loja3\/wp-json\/wp\/v2\/product_brand?post=20168"},{"taxonomy":"product_cat","embeddable":true,"href":"https:\/\/ponteseditores.com.br\/loja3\/wp-json\/wp\/v2\/product_cat?post=20168"},{"taxonomy":"product_tag","embeddable":true,"href":"https:\/\/ponteseditores.com.br\/loja3\/wp-json\/wp\/v2\/product_tag?post=20168"}],"curies":[{"name":"wp","href":"https:\/\/api.w.org\/{rel}","templated":true}]}}