{"id":200,"date":"2023-12-04T20:08:22","date_gmt":"2023-12-04T20:08:22","guid":{"rendered":"https:\/\/ponteseditores.com.br\/loja3\/?post_type=product&#038;p=200"},"modified":"2023-12-11T01:48:01","modified_gmt":"2023-12-11T04:48:01","slug":"estudos-da-linguagem-e-clinica-dos-disturbios-de-linguagem","status":"publish","type":"product","link":"https:\/\/ponteseditores.com.br\/loja3\/pontes-editores-home-2__trashed\/linguistica\/estudos-da-linguagem-e-clinica-dos-disturbios-de-linguagem\/","title":{"rendered":"ESTUDOS DA LINGUAGEM E CL\u00cdNICA DOS DIST\u00daRBIOS DE LINGUAGEM"},"content":{"rendered":"<p class=\"p1\">\u00c9 conhecido o apelo que as cl\u00ednicas que levam em considera\u00e7\u00e3o a linguagem (fonoaudiologia, psicologia, psican\u00e1lise, entre outras) fazem aos estudos da linguagem em geral e \u00e0 lingu\u00edstica em particular. Normalmente, os profissionais dessas \u00e1reas procuram algum esclarecimento a respeito de aspectos te\u00f3ricos e metodol\u00f3gicos de abordagem da linguagem humana.<\/p>\n<p class=\"p1\">A fonoaudiologia \u00e9 uma dessas \u00e1reas que toma para si a quest\u00e3o da linguagem como um interrogante, e que comporta uma cl\u00ednica voltada aos dist\u00farbios de linguagem.<\/p>\n<p class=\"p1\">No entanto, sabe-se que a lingu\u00edstica n\u00e3o \u00e9, tradicionalmente, um campo que tenha se dedicado a estudar os dist\u00farbios de linguagem. Obviamente, h\u00e1 grandes linguistas que desenvolveram s\u00f3lida reflex\u00e3o acerca desse tipo de funcionamento da linguagem. O maior deles, sem d\u00favida, foi o russo Roman Jakobson com seus estudos sobre a afasia. No entanto, n\u00e3o se pode dizer, com tranquilidade, que as diferentes perspectivas de estudos da linguagem incluem o dist\u00farbio em seus objetos de investiga\u00e7\u00e3o.<\/p>\n<p class=\"p1\">Os estudos da linguagem que s\u00e3o neste livro convocados a comparecer s\u00e3o aqueles que t\u00eam um tra\u00e7o em comum: n\u00e3o desconhecem a import\u00e2ncia da figura do falante. Nesse sentido, o leitor ver\u00e1 que h\u00e1 cap\u00edtulos em que se recorre a Ferdinand de Saussure, a Mikhail Bakhtin, a \u00c9mile Benveniste, a Roman Jakobson, entre outros, porque, em todos h\u00e1 \u2013 mesmo que cada um a seu modo \u2013 considera\u00e7\u00e3o importante ao falante. Este livro \u00e9 dedicado aos estudantes e pesquisadores das \u00e1reas da fonoaudiologia, da lingu\u00edstica, da psicologia, da psican\u00e1lise, da educa\u00e7\u00e3o e afins que buscam refletir sobre as rela\u00e7\u00f5es entre a lingu\u00edstica e a fonoaudiologia. Mais do que isso, o leitor ver\u00e1 que este livro foi escrito a quatro m\u00e3os, por um fonoaudi\u00f3logo e por um linguista, ambos comprometidos com o princ\u00edpio de que \u00e9 necess\u00e1rio falar no falante.<\/p>\n","protected":false},"excerpt":{"rendered":"<p>\u00c9 conhecido o apelo que as cl\u00ednicas que levam em considera\u00e7\u00e3o a linguagem (fonoaudiologia, psicologia, psican\u00e1lise, entre outras) fazem aos estudos da linguagem em geral e \u00e0 lingu\u00edstica em particular. Normalmente, os profissionais dessas \u00e1reas procuram algum esclarecimento a respeito de aspectos te\u00f3ricos e metodol\u00f3gicos de abordagem da linguagem humana.<\/p>\n","protected":false},"featured_media":113,"comment_status":"open","ping_status":"closed","template":"","meta":{"_joinchat":[]},"product_brand":[],"product_cat":[140,31],"product_tag":[],"class_list":{"0":"post-200","1":"product","2":"type-product","3":"status-publish","4":"has-post-thumbnail","6":"product_cat-ensino-de-linguas","7":"product_cat-linguistica","9":"first","10":"instock","11":"featured","12":"shipping-taxable","13":"purchasable","14":"product-type-simple"},"yoast_head":"<!-- This site is optimized with the Yoast SEO plugin v27.4 - https:\/\/yoast.com\/product\/yoast-seo-wordpress\/ -->\n<title>ESTUDOS DA LINGUAGEM E CL\u00cdNICA DOS DIST\u00daRBIOS DE LINGUAGEM - Pontes Editores<\/title>\n<meta name=\"robots\" content=\"index, follow, max-snippet:-1, max-image-preview:large, max-video-preview:-1\" \/>\n<link rel=\"canonical\" href=\"https:\/\/ponteseditores.com.br\/loja3\/pontes-editores-home-2__trashed\/linguistica\/estudos-da-linguagem-e-clinica-dos-disturbios-de-linguagem\/\" \/>\n<meta property=\"og:locale\" content=\"pt_BR\" \/>\n<meta property=\"og:type\" content=\"article\" \/>\n<meta property=\"og:title\" content=\"ESTUDOS DA LINGUAGEM E CL\u00cdNICA DOS DIST\u00daRBIOS DE LINGUAGEM - Pontes Editores\" \/>\n<meta property=\"og:description\" content=\"\u00c9 conhecido o apelo que as cl\u00ednicas que levam em considera\u00e7\u00e3o a linguagem (fonoaudiologia, psicologia, psican\u00e1lise, entre outras) fazem aos estudos da linguagem em geral e \u00e0 lingu\u00edstica em particular. Normalmente, os profissionais dessas \u00e1reas procuram algum esclarecimento a respeito de aspectos te\u00f3ricos e metodol\u00f3gicos de abordagem da linguagem humana.\" \/>\n<meta property=\"og:url\" content=\"https:\/\/ponteseditores.com.br\/loja3\/pontes-editores-home-2__trashed\/linguistica\/estudos-da-linguagem-e-clinica-dos-disturbios-de-linguagem\/\" \/>\n<meta property=\"og:site_name\" content=\"Pontes Editores\" \/>\n<meta property=\"article:modified_time\" content=\"2023-12-11T04:48:01+00:00\" \/>\n<meta property=\"og:image\" content=\"https:\/\/ponteseditores.com.br\/loja3\/wp-content\/uploads\/2023\/12\/estudos-da-linguagem-e-clinica-dos-disturbios-de-linguagem-capa-.jpg\" \/>\n\t<meta property=\"og:image:width\" content=\"1728\" \/>\n\t<meta property=\"og:image:height\" content=\"2443\" \/>\n\t<meta property=\"og:image:type\" content=\"image\/jpeg\" \/>\n<meta name=\"twitter:card\" content=\"summary_large_image\" \/>\n<meta name=\"twitter:label1\" content=\"Est. tempo de leitura\" \/>\n\t<meta name=\"twitter:data1\" content=\"2 minutos\" \/>\n<script type=\"application\/ld+json\" class=\"yoast-schema-graph\">{\"@context\":\"https:\\\/\\\/schema.org\",\"@graph\":[{\"@type\":\"WebPage\",\"@id\":\"https:\\\/\\\/ponteseditores.com.br\\\/loja3\\\/pontes-editores-home-2__trashed\\\/linguistica\\\/estudos-da-linguagem-e-clinica-dos-disturbios-de-linguagem\\\/\",\"url\":\"https:\\\/\\\/ponteseditores.com.br\\\/loja3\\\/pontes-editores-home-2__trashed\\\/linguistica\\\/estudos-da-linguagem-e-clinica-dos-disturbios-de-linguagem\\\/\",\"name\":\"ESTUDOS DA LINGUAGEM E CL\u00cdNICA DOS DIST\u00daRBIOS DE LINGUAGEM - Pontes Editores\",\"isPartOf\":{\"@id\":\"https:\\\/\\\/ponteseditores.com.br\\\/loja3\\\/#website\"},\"primaryImageOfPage\":{\"@id\":\"https:\\\/\\\/ponteseditores.com.br\\\/loja3\\\/pontes-editores-home-2__trashed\\\/linguistica\\\/estudos-da-linguagem-e-clinica-dos-disturbios-de-linguagem\\\/#primaryimage\"},\"image\":{\"@id\":\"https:\\\/\\\/ponteseditores.com.br\\\/loja3\\\/pontes-editores-home-2__trashed\\\/linguistica\\\/estudos-da-linguagem-e-clinica-dos-disturbios-de-linguagem\\\/#primaryimage\"},\"thumbnailUrl\":\"https:\\\/\\\/ponteseditores.com.br\\\/loja3\\\/wp-content\\\/uploads\\\/2023\\\/12\\\/estudos-da-linguagem-e-clinica-dos-disturbios-de-linguagem-capa-.jpg\",\"datePublished\":\"2023-12-04T20:08:22+00:00\",\"dateModified\":\"2023-12-11T04:48:01+00:00\",\"breadcrumb\":{\"@id\":\"https:\\\/\\\/ponteseditores.com.br\\\/loja3\\\/pontes-editores-home-2__trashed\\\/linguistica\\\/estudos-da-linguagem-e-clinica-dos-disturbios-de-linguagem\\\/#breadcrumb\"},\"inLanguage\":\"pt-BR\",\"potentialAction\":[{\"@type\":\"ReadAction\",\"target\":[\"https:\\\/\\\/ponteseditores.com.br\\\/loja3\\\/pontes-editores-home-2__trashed\\\/linguistica\\\/estudos-da-linguagem-e-clinica-dos-disturbios-de-linguagem\\\/\"]}]},{\"@type\":\"ImageObject\",\"inLanguage\":\"pt-BR\",\"@id\":\"https:\\\/\\\/ponteseditores.com.br\\\/loja3\\\/pontes-editores-home-2__trashed\\\/linguistica\\\/estudos-da-linguagem-e-clinica-dos-disturbios-de-linguagem\\\/#primaryimage\",\"url\":\"https:\\\/\\\/ponteseditores.com.br\\\/loja3\\\/wp-content\\\/uploads\\\/2023\\\/12\\\/estudos-da-linguagem-e-clinica-dos-disturbios-de-linguagem-capa-.jpg\",\"contentUrl\":\"https:\\\/\\\/ponteseditores.com.br\\\/loja3\\\/wp-content\\\/uploads\\\/2023\\\/12\\\/estudos-da-linguagem-e-clinica-dos-disturbios-de-linguagem-capa-.jpg\",\"width\":1728,\"height\":2443},{\"@type\":\"BreadcrumbList\",\"@id\":\"https:\\\/\\\/ponteseditores.com.br\\\/loja3\\\/pontes-editores-home-2__trashed\\\/linguistica\\\/estudos-da-linguagem-e-clinica-dos-disturbios-de-linguagem\\\/#breadcrumb\",\"itemListElement\":[{\"@type\":\"ListItem\",\"position\":1,\"name\":\"Home\",\"item\":\"https:\\\/\\\/ponteseditores.com.br\\\/loja3\\\/\"},{\"@type\":\"ListItem\",\"position\":2,\"name\":\"loja\",\"item\":\"https:\\\/\\\/ponteseditores.com.br\\\/loja3\\\/loja\\\/\"},{\"@type\":\"ListItem\",\"position\":3,\"name\":\"ESTUDOS DA LINGUAGEM E CL\u00cdNICA DOS DIST\u00daRBIOS DE LINGUAGEM\"}]},{\"@type\":\"WebSite\",\"@id\":\"https:\\\/\\\/ponteseditores.com.br\\\/loja3\\\/#website\",\"url\":\"https:\\\/\\\/ponteseditores.com.br\\\/loja3\\\/\",\"name\":\"Pontes Editores\",\"description\":\"Pontes Editores\",\"publisher\":{\"@id\":\"https:\\\/\\\/ponteseditores.com.br\\\/loja3\\\/#organization\"},\"potentialAction\":[{\"@type\":\"SearchAction\",\"target\":{\"@type\":\"EntryPoint\",\"urlTemplate\":\"https:\\\/\\\/ponteseditores.com.br\\\/loja3\\\/?s={search_term_string}\"},\"query-input\":{\"@type\":\"PropertyValueSpecification\",\"valueRequired\":true,\"valueName\":\"search_term_string\"}}],\"inLanguage\":\"pt-BR\"},{\"@type\":\"Organization\",\"@id\":\"https:\\\/\\\/ponteseditores.com.br\\\/loja3\\\/#organization\",\"name\":\"Pontes Editores\",\"url\":\"https:\\\/\\\/ponteseditores.com.br\\\/loja3\\\/\",\"logo\":{\"@type\":\"ImageObject\",\"inLanguage\":\"pt-BR\",\"@id\":\"https:\\\/\\\/ponteseditores.com.br\\\/loja3\\\/#\\\/schema\\\/logo\\\/image\\\/\",\"url\":\"https:\\\/\\\/ponteseditores.com.br\\\/loja3\\\/wp-content\\\/uploads\\\/2023\\\/12\\\/logo-pontes-editores-v2.png\",\"contentUrl\":\"https:\\\/\\\/ponteseditores.com.br\\\/loja3\\\/wp-content\\\/uploads\\\/2023\\\/12\\\/logo-pontes-editores-v2.png\",\"width\":258,\"height\":100,\"caption\":\"Pontes Editores\"},\"image\":{\"@id\":\"https:\\\/\\\/ponteseditores.com.br\\\/loja3\\\/#\\\/schema\\\/logo\\\/image\\\/\"}}]}<\/script>\n<!-- \/ Yoast SEO plugin. -->","yoast_head_json":{"title":"ESTUDOS DA LINGUAGEM E CL\u00cdNICA DOS DIST\u00daRBIOS DE LINGUAGEM - Pontes Editores","robots":{"index":"index","follow":"follow","max-snippet":"max-snippet:-1","max-image-preview":"max-image-preview:large","max-video-preview":"max-video-preview:-1"},"canonical":"https:\/\/ponteseditores.com.br\/loja3\/pontes-editores-home-2__trashed\/linguistica\/estudos-da-linguagem-e-clinica-dos-disturbios-de-linguagem\/","og_locale":"pt_BR","og_type":"article","og_title":"ESTUDOS DA LINGUAGEM E CL\u00cdNICA DOS DIST\u00daRBIOS DE LINGUAGEM - Pontes Editores","og_description":"\u00c9 conhecido o apelo que as cl\u00ednicas que levam em considera\u00e7\u00e3o a linguagem (fonoaudiologia, psicologia, psican\u00e1lise, entre outras) fazem aos estudos da linguagem em geral e \u00e0 lingu\u00edstica em particular. Normalmente, os profissionais dessas \u00e1reas procuram algum esclarecimento a respeito de aspectos te\u00f3ricos e metodol\u00f3gicos de abordagem da linguagem humana.","og_url":"https:\/\/ponteseditores.com.br\/loja3\/pontes-editores-home-2__trashed\/linguistica\/estudos-da-linguagem-e-clinica-dos-disturbios-de-linguagem\/","og_site_name":"Pontes Editores","article_modified_time":"2023-12-11T04:48:01+00:00","og_image":[{"width":1728,"height":2443,"url":"https:\/\/ponteseditores.com.br\/loja3\/wp-content\/uploads\/2023\/12\/estudos-da-linguagem-e-clinica-dos-disturbios-de-linguagem-capa-.jpg","type":"image\/jpeg"}],"twitter_card":"summary_large_image","twitter_misc":{"Est. tempo de leitura":"2 minutos"},"schema":{"@context":"https:\/\/schema.org","@graph":[{"@type":"WebPage","@id":"https:\/\/ponteseditores.com.br\/loja3\/pontes-editores-home-2__trashed\/linguistica\/estudos-da-linguagem-e-clinica-dos-disturbios-de-linguagem\/","url":"https:\/\/ponteseditores.com.br\/loja3\/pontes-editores-home-2__trashed\/linguistica\/estudos-da-linguagem-e-clinica-dos-disturbios-de-linguagem\/","name":"ESTUDOS DA LINGUAGEM E CL\u00cdNICA DOS DIST\u00daRBIOS DE LINGUAGEM - Pontes Editores","isPartOf":{"@id":"https:\/\/ponteseditores.com.br\/loja3\/#website"},"primaryImageOfPage":{"@id":"https:\/\/ponteseditores.com.br\/loja3\/pontes-editores-home-2__trashed\/linguistica\/estudos-da-linguagem-e-clinica-dos-disturbios-de-linguagem\/#primaryimage"},"image":{"@id":"https:\/\/ponteseditores.com.br\/loja3\/pontes-editores-home-2__trashed\/linguistica\/estudos-da-linguagem-e-clinica-dos-disturbios-de-linguagem\/#primaryimage"},"thumbnailUrl":"https:\/\/ponteseditores.com.br\/loja3\/wp-content\/uploads\/2023\/12\/estudos-da-linguagem-e-clinica-dos-disturbios-de-linguagem-capa-.jpg","datePublished":"2023-12-04T20:08:22+00:00","dateModified":"2023-12-11T04:48:01+00:00","breadcrumb":{"@id":"https:\/\/ponteseditores.com.br\/loja3\/pontes-editores-home-2__trashed\/linguistica\/estudos-da-linguagem-e-clinica-dos-disturbios-de-linguagem\/#breadcrumb"},"inLanguage":"pt-BR","potentialAction":[{"@type":"ReadAction","target":["https:\/\/ponteseditores.com.br\/loja3\/pontes-editores-home-2__trashed\/linguistica\/estudos-da-linguagem-e-clinica-dos-disturbios-de-linguagem\/"]}]},{"@type":"ImageObject","inLanguage":"pt-BR","@id":"https:\/\/ponteseditores.com.br\/loja3\/pontes-editores-home-2__trashed\/linguistica\/estudos-da-linguagem-e-clinica-dos-disturbios-de-linguagem\/#primaryimage","url":"https:\/\/ponteseditores.com.br\/loja3\/wp-content\/uploads\/2023\/12\/estudos-da-linguagem-e-clinica-dos-disturbios-de-linguagem-capa-.jpg","contentUrl":"https:\/\/ponteseditores.com.br\/loja3\/wp-content\/uploads\/2023\/12\/estudos-da-linguagem-e-clinica-dos-disturbios-de-linguagem-capa-.jpg","width":1728,"height":2443},{"@type":"BreadcrumbList","@id":"https:\/\/ponteseditores.com.br\/loja3\/pontes-editores-home-2__trashed\/linguistica\/estudos-da-linguagem-e-clinica-dos-disturbios-de-linguagem\/#breadcrumb","itemListElement":[{"@type":"ListItem","position":1,"name":"Home","item":"https:\/\/ponteseditores.com.br\/loja3\/"},{"@type":"ListItem","position":2,"name":"loja","item":"https:\/\/ponteseditores.com.br\/loja3\/loja\/"},{"@type":"ListItem","position":3,"name":"ESTUDOS DA LINGUAGEM E CL\u00cdNICA DOS DIST\u00daRBIOS DE LINGUAGEM"}]},{"@type":"WebSite","@id":"https:\/\/ponteseditores.com.br\/loja3\/#website","url":"https:\/\/ponteseditores.com.br\/loja3\/","name":"Pontes Editores","description":"Pontes Editores","publisher":{"@id":"https:\/\/ponteseditores.com.br\/loja3\/#organization"},"potentialAction":[{"@type":"SearchAction","target":{"@type":"EntryPoint","urlTemplate":"https:\/\/ponteseditores.com.br\/loja3\/?s={search_term_string}"},"query-input":{"@type":"PropertyValueSpecification","valueRequired":true,"valueName":"search_term_string"}}],"inLanguage":"pt-BR"},{"@type":"Organization","@id":"https:\/\/ponteseditores.com.br\/loja3\/#organization","name":"Pontes Editores","url":"https:\/\/ponteseditores.com.br\/loja3\/","logo":{"@type":"ImageObject","inLanguage":"pt-BR","@id":"https:\/\/ponteseditores.com.br\/loja3\/#\/schema\/logo\/image\/","url":"https:\/\/ponteseditores.com.br\/loja3\/wp-content\/uploads\/2023\/12\/logo-pontes-editores-v2.png","contentUrl":"https:\/\/ponteseditores.com.br\/loja3\/wp-content\/uploads\/2023\/12\/logo-pontes-editores-v2.png","width":258,"height":100,"caption":"Pontes Editores"},"image":{"@id":"https:\/\/ponteseditores.com.br\/loja3\/#\/schema\/logo\/image\/"}}]}},"_links":{"self":[{"href":"https:\/\/ponteseditores.com.br\/loja3\/wp-json\/wp\/v2\/product\/200","targetHints":{"allow":["GET"]}}],"collection":[{"href":"https:\/\/ponteseditores.com.br\/loja3\/wp-json\/wp\/v2\/product"}],"about":[{"href":"https:\/\/ponteseditores.com.br\/loja3\/wp-json\/wp\/v2\/types\/product"}],"replies":[{"embeddable":true,"href":"https:\/\/ponteseditores.com.br\/loja3\/wp-json\/wp\/v2\/comments?post=200"}],"version-history":[{"count":0,"href":"https:\/\/ponteseditores.com.br\/loja3\/wp-json\/wp\/v2\/product\/200\/revisions"}],"wp:featuredmedia":[{"embeddable":true,"href":"https:\/\/ponteseditores.com.br\/loja3\/wp-json\/wp\/v2\/media\/113"}],"wp:attachment":[{"href":"https:\/\/ponteseditores.com.br\/loja3\/wp-json\/wp\/v2\/media?parent=200"}],"wp:term":[{"taxonomy":"product_brand","embeddable":true,"href":"https:\/\/ponteseditores.com.br\/loja3\/wp-json\/wp\/v2\/product_brand?post=200"},{"taxonomy":"product_cat","embeddable":true,"href":"https:\/\/ponteseditores.com.br\/loja3\/wp-json\/wp\/v2\/product_cat?post=200"},{"taxonomy":"product_tag","embeddable":true,"href":"https:\/\/ponteseditores.com.br\/loja3\/wp-json\/wp\/v2\/product_tag?post=200"}],"curies":[{"name":"wp","href":"https:\/\/api.w.org\/{rel}","templated":true}]}}