{"id":196,"date":"2023-12-04T19:52:34","date_gmt":"2023-12-04T19:52:34","guid":{"rendered":"https:\/\/ponteseditores.com.br\/loja3\/?post_type=product&#038;p=196"},"modified":"2023-12-11T01:48:01","modified_gmt":"2023-12-11T04:48:01","slug":"letramentos-linguagem-tecnologia-na-educacao","status":"publish","type":"product","link":"https:\/\/ponteseditores.com.br\/loja3\/pontes-editores-home-2__trashed\/uncategorized\/letramentos-linguagem-tecnologia-na-educacao\/","title":{"rendered":"LETRAMENTOS, LINGUAGEM &#038; TECNOLOGIA NA EDUCA\u00c7\u00c3O"},"content":{"rendered":"<p class=\"p1\">Esta obra, al\u00e9m de revelar a atua\u00e7\u00e3o de seus autores em atividades de ensino e pesquisa, na cultura universit\u00e1ria, constitui-se em um gesto afirmativo que, ao destinar-se ao seu leitor, busca provocar novos encontros e problematiza\u00e7\u00f5es que nos fortale\u00e7am, enquanto sujeitos part\u00edcipes das transforma\u00e7\u00f5es sociais, para uma vida digna e educa\u00e7\u00e3o de qualidade. Enquanto produ\u00e7\u00e3o coletiva revela o compromisso com a forma\u00e7\u00e3o na p\u00f3s-gradua\u00e7\u00e3o, como tamb\u00e9m os pertencimentos e filia\u00e7\u00f5es te\u00f3ricas que respaldam a produ\u00e7\u00e3o do conhecimento.<\/p>\n<p class=\"p1\">Os autores e as autoras dedicam-se \u00e0 pr\u00e1tica de pesquisa colaborativa e desafiam-se \u00e0 escrita acad\u00eamica, para socializar resultados de estudos.<\/p>\n","protected":false},"excerpt":{"rendered":"<p>Esta obra, al\u00e9m de revelar a atua\u00e7\u00e3o de seus autores em atividades de ensino e pesquisa, na cultura universit\u00e1ria, constitui-se em um gesto afirmativo que, ao destinar-se ao seu leitor, busca provocar novos encontros e problematiza\u00e7\u00f5es que nos fortale\u00e7am, enquanto sujeitos part\u00edcipes das transforma\u00e7\u00f5es sociais, para uma vida digna e educa\u00e7\u00e3o de qualidade. Enquanto produ\u00e7\u00e3o coletiva revela o compromisso com a forma\u00e7\u00e3o na p\u00f3s-gradua\u00e7\u00e3o, como tamb\u00e9m os pertencimentos e filia\u00e7\u00f5es te\u00f3ricas que respaldam a produ\u00e7\u00e3o do conhecimento.<\/p>\n","protected":false},"featured_media":120,"comment_status":"open","ping_status":"closed","template":"","meta":{"_joinchat":[]},"product_brand":[],"product_cat":[15],"product_tag":[],"class_list":{"0":"post-196","1":"product","2":"type-product","3":"status-publish","4":"has-post-thumbnail","6":"product_cat-uncategorized","8":"first","9":"instock","10":"shipping-taxable","11":"purchasable","12":"product-type-simple"},"yoast_head":"<!-- This site is optimized with the Yoast SEO plugin v27.4 - https:\/\/yoast.com\/product\/yoast-seo-wordpress\/ -->\n<title>LETRAMENTOS, LINGUAGEM &amp; TECNOLOGIA NA EDUCA\u00c7\u00c3O - Pontes Editores<\/title>\n<meta name=\"robots\" content=\"index, follow, max-snippet:-1, max-image-preview:large, max-video-preview:-1\" \/>\n<link rel=\"canonical\" href=\"https:\/\/ponteseditores.com.br\/loja3\/pontes-editores-home-2__trashed\/uncategorized\/letramentos-linguagem-tecnologia-na-educacao\/\" \/>\n<meta property=\"og:locale\" content=\"pt_BR\" \/>\n<meta property=\"og:type\" content=\"article\" \/>\n<meta property=\"og:title\" content=\"LETRAMENTOS, LINGUAGEM &amp; TECNOLOGIA NA EDUCA\u00c7\u00c3O - Pontes Editores\" \/>\n<meta property=\"og:description\" content=\"Esta obra, al\u00e9m de revelar a atua\u00e7\u00e3o de seus autores em atividades de ensino e pesquisa, na cultura universit\u00e1ria, constitui-se em um gesto afirmativo que, ao destinar-se ao seu leitor, busca provocar novos encontros e problematiza\u00e7\u00f5es que nos fortale\u00e7am, enquanto sujeitos part\u00edcipes das transforma\u00e7\u00f5es sociais, para uma vida digna e educa\u00e7\u00e3o de qualidade. Enquanto produ\u00e7\u00e3o coletiva revela o compromisso com a forma\u00e7\u00e3o na p\u00f3s-gradua\u00e7\u00e3o, como tamb\u00e9m os pertencimentos e filia\u00e7\u00f5es te\u00f3ricas que respaldam a produ\u00e7\u00e3o do conhecimento.\" \/>\n<meta property=\"og:url\" content=\"https:\/\/ponteseditores.com.br\/loja3\/pontes-editores-home-2__trashed\/uncategorized\/letramentos-linguagem-tecnologia-na-educacao\/\" \/>\n<meta property=\"og:site_name\" content=\"Pontes Editores\" \/>\n<meta property=\"article:modified_time\" content=\"2023-12-11T04:48:01+00:00\" \/>\n<meta property=\"og:image\" content=\"https:\/\/ponteseditores.com.br\/loja3\/wp-content\/uploads\/2023\/12\/letramentos-linguagem-e-tecnologia-na-educacao-capa-.jpg\" \/>\n\t<meta property=\"og:image:width\" content=\"1728\" \/>\n\t<meta property=\"og:image:height\" content=\"2443\" \/>\n\t<meta property=\"og:image:type\" content=\"image\/jpeg\" \/>\n<meta name=\"twitter:card\" content=\"summary_large_image\" \/>\n<meta name=\"twitter:label1\" content=\"Est. tempo de leitura\" \/>\n\t<meta name=\"twitter:data1\" content=\"1 minuto\" \/>\n<script type=\"application\/ld+json\" class=\"yoast-schema-graph\">{\"@context\":\"https:\\\/\\\/schema.org\",\"@graph\":[{\"@type\":\"WebPage\",\"@id\":\"https:\\\/\\\/ponteseditores.com.br\\\/loja3\\\/pontes-editores-home-2__trashed\\\/uncategorized\\\/letramentos-linguagem-tecnologia-na-educacao\\\/\",\"url\":\"https:\\\/\\\/ponteseditores.com.br\\\/loja3\\\/pontes-editores-home-2__trashed\\\/uncategorized\\\/letramentos-linguagem-tecnologia-na-educacao\\\/\",\"name\":\"LETRAMENTOS, LINGUAGEM & TECNOLOGIA NA EDUCA\u00c7\u00c3O - Pontes Editores\",\"isPartOf\":{\"@id\":\"https:\\\/\\\/ponteseditores.com.br\\\/loja3\\\/#website\"},\"primaryImageOfPage\":{\"@id\":\"https:\\\/\\\/ponteseditores.com.br\\\/loja3\\\/pontes-editores-home-2__trashed\\\/uncategorized\\\/letramentos-linguagem-tecnologia-na-educacao\\\/#primaryimage\"},\"image\":{\"@id\":\"https:\\\/\\\/ponteseditores.com.br\\\/loja3\\\/pontes-editores-home-2__trashed\\\/uncategorized\\\/letramentos-linguagem-tecnologia-na-educacao\\\/#primaryimage\"},\"thumbnailUrl\":\"https:\\\/\\\/ponteseditores.com.br\\\/loja3\\\/wp-content\\\/uploads\\\/2023\\\/12\\\/letramentos-linguagem-e-tecnologia-na-educacao-capa-.jpg\",\"datePublished\":\"2023-12-04T19:52:34+00:00\",\"dateModified\":\"2023-12-11T04:48:01+00:00\",\"breadcrumb\":{\"@id\":\"https:\\\/\\\/ponteseditores.com.br\\\/loja3\\\/pontes-editores-home-2__trashed\\\/uncategorized\\\/letramentos-linguagem-tecnologia-na-educacao\\\/#breadcrumb\"},\"inLanguage\":\"pt-BR\",\"potentialAction\":[{\"@type\":\"ReadAction\",\"target\":[\"https:\\\/\\\/ponteseditores.com.br\\\/loja3\\\/pontes-editores-home-2__trashed\\\/uncategorized\\\/letramentos-linguagem-tecnologia-na-educacao\\\/\"]}]},{\"@type\":\"ImageObject\",\"inLanguage\":\"pt-BR\",\"@id\":\"https:\\\/\\\/ponteseditores.com.br\\\/loja3\\\/pontes-editores-home-2__trashed\\\/uncategorized\\\/letramentos-linguagem-tecnologia-na-educacao\\\/#primaryimage\",\"url\":\"https:\\\/\\\/ponteseditores.com.br\\\/loja3\\\/wp-content\\\/uploads\\\/2023\\\/12\\\/letramentos-linguagem-e-tecnologia-na-educacao-capa-.jpg\",\"contentUrl\":\"https:\\\/\\\/ponteseditores.com.br\\\/loja3\\\/wp-content\\\/uploads\\\/2023\\\/12\\\/letramentos-linguagem-e-tecnologia-na-educacao-capa-.jpg\",\"width\":1728,\"height\":2443},{\"@type\":\"BreadcrumbList\",\"@id\":\"https:\\\/\\\/ponteseditores.com.br\\\/loja3\\\/pontes-editores-home-2__trashed\\\/uncategorized\\\/letramentos-linguagem-tecnologia-na-educacao\\\/#breadcrumb\",\"itemListElement\":[{\"@type\":\"ListItem\",\"position\":1,\"name\":\"Home\",\"item\":\"https:\\\/\\\/ponteseditores.com.br\\\/loja3\\\/\"},{\"@type\":\"ListItem\",\"position\":2,\"name\":\"loja\",\"item\":\"https:\\\/\\\/ponteseditores.com.br\\\/loja3\\\/loja\\\/\"},{\"@type\":\"ListItem\",\"position\":3,\"name\":\"LETRAMENTOS, LINGUAGEM &#038; TECNOLOGIA NA EDUCA\u00c7\u00c3O\"}]},{\"@type\":\"WebSite\",\"@id\":\"https:\\\/\\\/ponteseditores.com.br\\\/loja3\\\/#website\",\"url\":\"https:\\\/\\\/ponteseditores.com.br\\\/loja3\\\/\",\"name\":\"Pontes Editores\",\"description\":\"Pontes Editores\",\"publisher\":{\"@id\":\"https:\\\/\\\/ponteseditores.com.br\\\/loja3\\\/#organization\"},\"potentialAction\":[{\"@type\":\"SearchAction\",\"target\":{\"@type\":\"EntryPoint\",\"urlTemplate\":\"https:\\\/\\\/ponteseditores.com.br\\\/loja3\\\/?s={search_term_string}\"},\"query-input\":{\"@type\":\"PropertyValueSpecification\",\"valueRequired\":true,\"valueName\":\"search_term_string\"}}],\"inLanguage\":\"pt-BR\"},{\"@type\":\"Organization\",\"@id\":\"https:\\\/\\\/ponteseditores.com.br\\\/loja3\\\/#organization\",\"name\":\"Pontes Editores\",\"url\":\"https:\\\/\\\/ponteseditores.com.br\\\/loja3\\\/\",\"logo\":{\"@type\":\"ImageObject\",\"inLanguage\":\"pt-BR\",\"@id\":\"https:\\\/\\\/ponteseditores.com.br\\\/loja3\\\/#\\\/schema\\\/logo\\\/image\\\/\",\"url\":\"https:\\\/\\\/ponteseditores.com.br\\\/loja3\\\/wp-content\\\/uploads\\\/2023\\\/12\\\/logo-pontes-editores-v2.png\",\"contentUrl\":\"https:\\\/\\\/ponteseditores.com.br\\\/loja3\\\/wp-content\\\/uploads\\\/2023\\\/12\\\/logo-pontes-editores-v2.png\",\"width\":258,\"height\":100,\"caption\":\"Pontes Editores\"},\"image\":{\"@id\":\"https:\\\/\\\/ponteseditores.com.br\\\/loja3\\\/#\\\/schema\\\/logo\\\/image\\\/\"}}]}<\/script>\n<!-- \/ Yoast SEO plugin. -->","yoast_head_json":{"title":"LETRAMENTOS, LINGUAGEM & TECNOLOGIA NA EDUCA\u00c7\u00c3O - Pontes Editores","robots":{"index":"index","follow":"follow","max-snippet":"max-snippet:-1","max-image-preview":"max-image-preview:large","max-video-preview":"max-video-preview:-1"},"canonical":"https:\/\/ponteseditores.com.br\/loja3\/pontes-editores-home-2__trashed\/uncategorized\/letramentos-linguagem-tecnologia-na-educacao\/","og_locale":"pt_BR","og_type":"article","og_title":"LETRAMENTOS, LINGUAGEM & TECNOLOGIA NA EDUCA\u00c7\u00c3O - Pontes Editores","og_description":"Esta obra, al\u00e9m de revelar a atua\u00e7\u00e3o de seus autores em atividades de ensino e pesquisa, na cultura universit\u00e1ria, constitui-se em um gesto afirmativo que, ao destinar-se ao seu leitor, busca provocar novos encontros e problematiza\u00e7\u00f5es que nos fortale\u00e7am, enquanto sujeitos part\u00edcipes das transforma\u00e7\u00f5es sociais, para uma vida digna e educa\u00e7\u00e3o de qualidade. Enquanto produ\u00e7\u00e3o coletiva revela o compromisso com a forma\u00e7\u00e3o na p\u00f3s-gradua\u00e7\u00e3o, como tamb\u00e9m os pertencimentos e filia\u00e7\u00f5es te\u00f3ricas que respaldam a produ\u00e7\u00e3o do conhecimento.","og_url":"https:\/\/ponteseditores.com.br\/loja3\/pontes-editores-home-2__trashed\/uncategorized\/letramentos-linguagem-tecnologia-na-educacao\/","og_site_name":"Pontes Editores","article_modified_time":"2023-12-11T04:48:01+00:00","og_image":[{"width":1728,"height":2443,"url":"https:\/\/ponteseditores.com.br\/loja3\/wp-content\/uploads\/2023\/12\/letramentos-linguagem-e-tecnologia-na-educacao-capa-.jpg","type":"image\/jpeg"}],"twitter_card":"summary_large_image","twitter_misc":{"Est. tempo de leitura":"1 minuto"},"schema":{"@context":"https:\/\/schema.org","@graph":[{"@type":"WebPage","@id":"https:\/\/ponteseditores.com.br\/loja3\/pontes-editores-home-2__trashed\/uncategorized\/letramentos-linguagem-tecnologia-na-educacao\/","url":"https:\/\/ponteseditores.com.br\/loja3\/pontes-editores-home-2__trashed\/uncategorized\/letramentos-linguagem-tecnologia-na-educacao\/","name":"LETRAMENTOS, LINGUAGEM & TECNOLOGIA NA EDUCA\u00c7\u00c3O - Pontes Editores","isPartOf":{"@id":"https:\/\/ponteseditores.com.br\/loja3\/#website"},"primaryImageOfPage":{"@id":"https:\/\/ponteseditores.com.br\/loja3\/pontes-editores-home-2__trashed\/uncategorized\/letramentos-linguagem-tecnologia-na-educacao\/#primaryimage"},"image":{"@id":"https:\/\/ponteseditores.com.br\/loja3\/pontes-editores-home-2__trashed\/uncategorized\/letramentos-linguagem-tecnologia-na-educacao\/#primaryimage"},"thumbnailUrl":"https:\/\/ponteseditores.com.br\/loja3\/wp-content\/uploads\/2023\/12\/letramentos-linguagem-e-tecnologia-na-educacao-capa-.jpg","datePublished":"2023-12-04T19:52:34+00:00","dateModified":"2023-12-11T04:48:01+00:00","breadcrumb":{"@id":"https:\/\/ponteseditores.com.br\/loja3\/pontes-editores-home-2__trashed\/uncategorized\/letramentos-linguagem-tecnologia-na-educacao\/#breadcrumb"},"inLanguage":"pt-BR","potentialAction":[{"@type":"ReadAction","target":["https:\/\/ponteseditores.com.br\/loja3\/pontes-editores-home-2__trashed\/uncategorized\/letramentos-linguagem-tecnologia-na-educacao\/"]}]},{"@type":"ImageObject","inLanguage":"pt-BR","@id":"https:\/\/ponteseditores.com.br\/loja3\/pontes-editores-home-2__trashed\/uncategorized\/letramentos-linguagem-tecnologia-na-educacao\/#primaryimage","url":"https:\/\/ponteseditores.com.br\/loja3\/wp-content\/uploads\/2023\/12\/letramentos-linguagem-e-tecnologia-na-educacao-capa-.jpg","contentUrl":"https:\/\/ponteseditores.com.br\/loja3\/wp-content\/uploads\/2023\/12\/letramentos-linguagem-e-tecnologia-na-educacao-capa-.jpg","width":1728,"height":2443},{"@type":"BreadcrumbList","@id":"https:\/\/ponteseditores.com.br\/loja3\/pontes-editores-home-2__trashed\/uncategorized\/letramentos-linguagem-tecnologia-na-educacao\/#breadcrumb","itemListElement":[{"@type":"ListItem","position":1,"name":"Home","item":"https:\/\/ponteseditores.com.br\/loja3\/"},{"@type":"ListItem","position":2,"name":"loja","item":"https:\/\/ponteseditores.com.br\/loja3\/loja\/"},{"@type":"ListItem","position":3,"name":"LETRAMENTOS, LINGUAGEM &#038; TECNOLOGIA NA EDUCA\u00c7\u00c3O"}]},{"@type":"WebSite","@id":"https:\/\/ponteseditores.com.br\/loja3\/#website","url":"https:\/\/ponteseditores.com.br\/loja3\/","name":"Pontes Editores","description":"Pontes Editores","publisher":{"@id":"https:\/\/ponteseditores.com.br\/loja3\/#organization"},"potentialAction":[{"@type":"SearchAction","target":{"@type":"EntryPoint","urlTemplate":"https:\/\/ponteseditores.com.br\/loja3\/?s={search_term_string}"},"query-input":{"@type":"PropertyValueSpecification","valueRequired":true,"valueName":"search_term_string"}}],"inLanguage":"pt-BR"},{"@type":"Organization","@id":"https:\/\/ponteseditores.com.br\/loja3\/#organization","name":"Pontes Editores","url":"https:\/\/ponteseditores.com.br\/loja3\/","logo":{"@type":"ImageObject","inLanguage":"pt-BR","@id":"https:\/\/ponteseditores.com.br\/loja3\/#\/schema\/logo\/image\/","url":"https:\/\/ponteseditores.com.br\/loja3\/wp-content\/uploads\/2023\/12\/logo-pontes-editores-v2.png","contentUrl":"https:\/\/ponteseditores.com.br\/loja3\/wp-content\/uploads\/2023\/12\/logo-pontes-editores-v2.png","width":258,"height":100,"caption":"Pontes Editores"},"image":{"@id":"https:\/\/ponteseditores.com.br\/loja3\/#\/schema\/logo\/image\/"}}]}},"_links":{"self":[{"href":"https:\/\/ponteseditores.com.br\/loja3\/wp-json\/wp\/v2\/product\/196","targetHints":{"allow":["GET"]}}],"collection":[{"href":"https:\/\/ponteseditores.com.br\/loja3\/wp-json\/wp\/v2\/product"}],"about":[{"href":"https:\/\/ponteseditores.com.br\/loja3\/wp-json\/wp\/v2\/types\/product"}],"replies":[{"embeddable":true,"href":"https:\/\/ponteseditores.com.br\/loja3\/wp-json\/wp\/v2\/comments?post=196"}],"version-history":[{"count":0,"href":"https:\/\/ponteseditores.com.br\/loja3\/wp-json\/wp\/v2\/product\/196\/revisions"}],"wp:featuredmedia":[{"embeddable":true,"href":"https:\/\/ponteseditores.com.br\/loja3\/wp-json\/wp\/v2\/media\/120"}],"wp:attachment":[{"href":"https:\/\/ponteseditores.com.br\/loja3\/wp-json\/wp\/v2\/media?parent=196"}],"wp:term":[{"taxonomy":"product_brand","embeddable":true,"href":"https:\/\/ponteseditores.com.br\/loja3\/wp-json\/wp\/v2\/product_brand?post=196"},{"taxonomy":"product_cat","embeddable":true,"href":"https:\/\/ponteseditores.com.br\/loja3\/wp-json\/wp\/v2\/product_cat?post=196"},{"taxonomy":"product_tag","embeddable":true,"href":"https:\/\/ponteseditores.com.br\/loja3\/wp-json\/wp\/v2\/product_tag?post=196"}],"curies":[{"name":"wp","href":"https:\/\/api.w.org\/{rel}","templated":true}]}}