{"id":19533,"date":"2024-12-12T15:28:13","date_gmt":"2024-12-12T18:28:13","guid":{"rendered":"https:\/\/ponteseditores.com.br\/loja3\/?post_type=product&#038;p=19533"},"modified":"2025-05-22T14:23:45","modified_gmt":"2025-05-22T17:23:45","slug":"praxis-decoloniais-e-justica-social-modos-outros-de-pensar-linguas-linguagens","status":"publish","type":"product","link":"https:\/\/ponteseditores.com.br\/loja3\/pontes-editores-home-2__trashed\/ebook\/lancamento-e-book\/praxis-decoloniais-e-justica-social-modos-outros-de-pensar-linguas-linguagens\/","title":{"rendered":"Pr\u00e1xis Decoloniais e Justi\u00e7a Social: modos outros de pensar l\u00ednguas\/linguagens (Cole\u00e7\u00e3o PPLIN Presente)"},"content":{"rendered":"<p style=\"font-weight: 400;\">As reflex\u00f5es que integram o livro \u201cPr\u00e1xis decoloniais e justi\u00e7a social: pensando formas outras de pesquisar e ensinar linguagens\u201d s\u00e3o fruto das discuss\u00f5es e das a\u00e7\u00f5es de um grupo de pesquisadoras-professoras-militantes que fazem parte do Grupo de Pesquisa Forma\u00e7\u00e3o de Professores, Linguagens e Justi\u00e7a Social (Profjus) e convidadas. A obra se organiza em duas partes. Na primeira, de cunho te\u00f3rico-anal\u00edtico, denunciam-se diferentes formas de viol\u00eancia, de injusti\u00e7as sociais e de colonialismos.<\/p>\n<p style=\"font-weight: 400;\">Na segunda, s\u00e3o apresentadas pr\u00e1xis insurgentes, que buscam responder de forma cr\u00edtica e combativa \u00e0 manuten\u00e7\u00e3o da colonialidade nos dias atuais. O grupo teve in\u00edcio em 2016 e, desde ent\u00e3o, oportuniza semanalmente discuss\u00f5es de natureza te\u00f3rica e o alinhamento das teoriza\u00e7\u00f5es \u00e0s experi\u00eancias, que culminam no desejo comum entre os participantes: educar para a justi\u00e7a social.<\/p>\n<p style=\"font-weight: 400;\">Tomadas pelo sentimento de esperan\u00e7a, de esperan\u00e7ar, como nos ensina Paulo Freire, desejamos que o livro, feito a muitas m\u00e3os, lenta e solidamente, contribua para a constru\u00e7\u00e3o de um mundo mais justo.<\/p>\n","protected":false},"excerpt":{"rendered":"<p>As reflex\u00f5es que integram o livro \u201cPr\u00e1xis decoloniais e justi\u00e7a social: pensando formas outras de pesquisar e ensinar linguagens\u201d s\u00e3o fruto das discuss\u00f5es e das a\u00e7\u00f5es de um grupo de pesquisadoras-professoras-militantes que fazem parte do Grupo de Pesquisa Forma\u00e7\u00e3o de Professores, Linguagens e Justi\u00e7a Social (Profjus) e convidadas. A obra se organiza em duas partes. [&hellip;]<\/p>\n","protected":false},"featured_media":19535,"comment_status":"open","ping_status":"closed","template":"","meta":{"_joinchat":[]},"product_brand":[],"product_cat":[36,165,386],"product_tag":[],"class_list":{"0":"post-19533","1":"product","2":"type-product","3":"status-publish","4":"has-post-thumbnail","6":"product_cat-analise-do-discurso","7":"product_cat-ebook","8":"product_cat-lancamento-e-book","10":"first","11":"instock","12":"downloadable","13":"virtual","14":"purchasable","15":"product-type-simple"},"yoast_head":"<!-- This site is optimized with the Yoast SEO plugin v27.4 - https:\/\/yoast.com\/product\/yoast-seo-wordpress\/ -->\n<title>Pr\u00e1xis Decoloniais e Justi\u00e7a Social: modos outros de pensar l\u00ednguas\/linguagens (Cole\u00e7\u00e3o PPLIN Presente) - Pontes Editores<\/title>\n<meta name=\"robots\" content=\"index, follow, max-snippet:-1, max-image-preview:large, max-video-preview:-1\" \/>\n<link rel=\"canonical\" href=\"https:\/\/ponteseditores.com.br\/loja3\/pontes-editores-home-2__trashed\/ebook\/lancamento-e-book\/praxis-decoloniais-e-justica-social-modos-outros-de-pensar-linguas-linguagens\/\" \/>\n<meta property=\"og:locale\" content=\"pt_BR\" \/>\n<meta property=\"og:type\" content=\"article\" \/>\n<meta property=\"og:title\" content=\"Pr\u00e1xis Decoloniais e Justi\u00e7a Social: modos outros de pensar l\u00ednguas\/linguagens (Cole\u00e7\u00e3o PPLIN Presente) - Pontes Editores\" \/>\n<meta property=\"og:description\" content=\"As reflex\u00f5es que integram o livro \u201cPr\u00e1xis decoloniais e justi\u00e7a social: pensando formas outras de pesquisar e ensinar linguagens\u201d s\u00e3o fruto das discuss\u00f5es e das a\u00e7\u00f5es de um grupo de pesquisadoras-professoras-militantes que fazem parte do Grupo de Pesquisa Forma\u00e7\u00e3o de Professores, Linguagens e Justi\u00e7a Social (Profjus) e convidadas. A obra se organiza em duas partes. [&hellip;]\" \/>\n<meta property=\"og:url\" content=\"https:\/\/ponteseditores.com.br\/loja3\/pontes-editores-home-2__trashed\/ebook\/lancamento-e-book\/praxis-decoloniais-e-justica-social-modos-outros-de-pensar-linguas-linguagens\/\" \/>\n<meta property=\"og:site_name\" content=\"Pontes Editores\" \/>\n<meta property=\"article:modified_time\" content=\"2025-05-22T17:23:45+00:00\" \/>\n<meta property=\"og:image\" content=\"https:\/\/ponteseditores.com.br\/loja3\/wp-content\/uploads\/2024\/12\/Capa_Praxis-Decoloniais.jpg\" \/>\n\t<meta property=\"og:image:width\" content=\"1728\" \/>\n\t<meta property=\"og:image:height\" content=\"2443\" \/>\n\t<meta property=\"og:image:type\" content=\"image\/jpeg\" \/>\n<meta name=\"twitter:card\" content=\"summary_large_image\" \/>\n<meta name=\"twitter:label1\" content=\"Est. tempo de leitura\" \/>\n\t<meta name=\"twitter:data1\" content=\"2 minutos\" \/>\n<script type=\"application\/ld+json\" class=\"yoast-schema-graph\">{\"@context\":\"https:\\\/\\\/schema.org\",\"@graph\":[{\"@type\":\"WebPage\",\"@id\":\"https:\\\/\\\/ponteseditores.com.br\\\/loja3\\\/pontes-editores-home-2__trashed\\\/ebook\\\/lancamento-e-book\\\/praxis-decoloniais-e-justica-social-modos-outros-de-pensar-linguas-linguagens\\\/\",\"url\":\"https:\\\/\\\/ponteseditores.com.br\\\/loja3\\\/pontes-editores-home-2__trashed\\\/ebook\\\/lancamento-e-book\\\/praxis-decoloniais-e-justica-social-modos-outros-de-pensar-linguas-linguagens\\\/\",\"name\":\"Pr\u00e1xis Decoloniais e Justi\u00e7a Social: modos outros de pensar l\u00ednguas\\\/linguagens (Cole\u00e7\u00e3o PPLIN Presente) - Pontes Editores\",\"isPartOf\":{\"@id\":\"https:\\\/\\\/ponteseditores.com.br\\\/loja3\\\/#website\"},\"primaryImageOfPage\":{\"@id\":\"https:\\\/\\\/ponteseditores.com.br\\\/loja3\\\/pontes-editores-home-2__trashed\\\/ebook\\\/lancamento-e-book\\\/praxis-decoloniais-e-justica-social-modos-outros-de-pensar-linguas-linguagens\\\/#primaryimage\"},\"image\":{\"@id\":\"https:\\\/\\\/ponteseditores.com.br\\\/loja3\\\/pontes-editores-home-2__trashed\\\/ebook\\\/lancamento-e-book\\\/praxis-decoloniais-e-justica-social-modos-outros-de-pensar-linguas-linguagens\\\/#primaryimage\"},\"thumbnailUrl\":\"https:\\\/\\\/ponteseditores.com.br\\\/loja3\\\/wp-content\\\/uploads\\\/2024\\\/12\\\/Capa_Praxis-Decoloniais.jpg\",\"datePublished\":\"2024-12-12T18:28:13+00:00\",\"dateModified\":\"2025-05-22T17:23:45+00:00\",\"breadcrumb\":{\"@id\":\"https:\\\/\\\/ponteseditores.com.br\\\/loja3\\\/pontes-editores-home-2__trashed\\\/ebook\\\/lancamento-e-book\\\/praxis-decoloniais-e-justica-social-modos-outros-de-pensar-linguas-linguagens\\\/#breadcrumb\"},\"inLanguage\":\"pt-BR\",\"potentialAction\":[{\"@type\":\"ReadAction\",\"target\":[\"https:\\\/\\\/ponteseditores.com.br\\\/loja3\\\/pontes-editores-home-2__trashed\\\/ebook\\\/lancamento-e-book\\\/praxis-decoloniais-e-justica-social-modos-outros-de-pensar-linguas-linguagens\\\/\"]}]},{\"@type\":\"ImageObject\",\"inLanguage\":\"pt-BR\",\"@id\":\"https:\\\/\\\/ponteseditores.com.br\\\/loja3\\\/pontes-editores-home-2__trashed\\\/ebook\\\/lancamento-e-book\\\/praxis-decoloniais-e-justica-social-modos-outros-de-pensar-linguas-linguagens\\\/#primaryimage\",\"url\":\"https:\\\/\\\/ponteseditores.com.br\\\/loja3\\\/wp-content\\\/uploads\\\/2024\\\/12\\\/Capa_Praxis-Decoloniais.jpg\",\"contentUrl\":\"https:\\\/\\\/ponteseditores.com.br\\\/loja3\\\/wp-content\\\/uploads\\\/2024\\\/12\\\/Capa_Praxis-Decoloniais.jpg\",\"width\":1728,\"height\":2443},{\"@type\":\"BreadcrumbList\",\"@id\":\"https:\\\/\\\/ponteseditores.com.br\\\/loja3\\\/pontes-editores-home-2__trashed\\\/ebook\\\/lancamento-e-book\\\/praxis-decoloniais-e-justica-social-modos-outros-de-pensar-linguas-linguagens\\\/#breadcrumb\",\"itemListElement\":[{\"@type\":\"ListItem\",\"position\":1,\"name\":\"Home\",\"item\":\"https:\\\/\\\/ponteseditores.com.br\\\/loja3\\\/\"},{\"@type\":\"ListItem\",\"position\":2,\"name\":\"loja\",\"item\":\"https:\\\/\\\/ponteseditores.com.br\\\/loja3\\\/loja\\\/\"},{\"@type\":\"ListItem\",\"position\":3,\"name\":\"Pr\u00e1xis Decoloniais e Justi\u00e7a Social: modos outros de pensar l\u00ednguas\\\/linguagens (Cole\u00e7\u00e3o PPLIN Presente)\"}]},{\"@type\":\"WebSite\",\"@id\":\"https:\\\/\\\/ponteseditores.com.br\\\/loja3\\\/#website\",\"url\":\"https:\\\/\\\/ponteseditores.com.br\\\/loja3\\\/\",\"name\":\"Pontes Editores\",\"description\":\"Pontes Editores\",\"publisher\":{\"@id\":\"https:\\\/\\\/ponteseditores.com.br\\\/loja3\\\/#organization\"},\"potentialAction\":[{\"@type\":\"SearchAction\",\"target\":{\"@type\":\"EntryPoint\",\"urlTemplate\":\"https:\\\/\\\/ponteseditores.com.br\\\/loja3\\\/?s={search_term_string}\"},\"query-input\":{\"@type\":\"PropertyValueSpecification\",\"valueRequired\":true,\"valueName\":\"search_term_string\"}}],\"inLanguage\":\"pt-BR\"},{\"@type\":\"Organization\",\"@id\":\"https:\\\/\\\/ponteseditores.com.br\\\/loja3\\\/#organization\",\"name\":\"Pontes Editores\",\"url\":\"https:\\\/\\\/ponteseditores.com.br\\\/loja3\\\/\",\"logo\":{\"@type\":\"ImageObject\",\"inLanguage\":\"pt-BR\",\"@id\":\"https:\\\/\\\/ponteseditores.com.br\\\/loja3\\\/#\\\/schema\\\/logo\\\/image\\\/\",\"url\":\"https:\\\/\\\/ponteseditores.com.br\\\/loja3\\\/wp-content\\\/uploads\\\/2023\\\/12\\\/logo-pontes-editores-v2.png\",\"contentUrl\":\"https:\\\/\\\/ponteseditores.com.br\\\/loja3\\\/wp-content\\\/uploads\\\/2023\\\/12\\\/logo-pontes-editores-v2.png\",\"width\":258,\"height\":100,\"caption\":\"Pontes Editores\"},\"image\":{\"@id\":\"https:\\\/\\\/ponteseditores.com.br\\\/loja3\\\/#\\\/schema\\\/logo\\\/image\\\/\"}}]}<\/script>\n<!-- \/ Yoast SEO plugin. -->","yoast_head_json":{"title":"Pr\u00e1xis Decoloniais e Justi\u00e7a Social: modos outros de pensar l\u00ednguas\/linguagens (Cole\u00e7\u00e3o PPLIN Presente) - Pontes Editores","robots":{"index":"index","follow":"follow","max-snippet":"max-snippet:-1","max-image-preview":"max-image-preview:large","max-video-preview":"max-video-preview:-1"},"canonical":"https:\/\/ponteseditores.com.br\/loja3\/pontes-editores-home-2__trashed\/ebook\/lancamento-e-book\/praxis-decoloniais-e-justica-social-modos-outros-de-pensar-linguas-linguagens\/","og_locale":"pt_BR","og_type":"article","og_title":"Pr\u00e1xis Decoloniais e Justi\u00e7a Social: modos outros de pensar l\u00ednguas\/linguagens (Cole\u00e7\u00e3o PPLIN Presente) - Pontes Editores","og_description":"As reflex\u00f5es que integram o livro \u201cPr\u00e1xis decoloniais e justi\u00e7a social: pensando formas outras de pesquisar e ensinar linguagens\u201d s\u00e3o fruto das discuss\u00f5es e das a\u00e7\u00f5es de um grupo de pesquisadoras-professoras-militantes que fazem parte do Grupo de Pesquisa Forma\u00e7\u00e3o de Professores, Linguagens e Justi\u00e7a Social (Profjus) e convidadas. A obra se organiza em duas partes. [&hellip;]","og_url":"https:\/\/ponteseditores.com.br\/loja3\/pontes-editores-home-2__trashed\/ebook\/lancamento-e-book\/praxis-decoloniais-e-justica-social-modos-outros-de-pensar-linguas-linguagens\/","og_site_name":"Pontes Editores","article_modified_time":"2025-05-22T17:23:45+00:00","og_image":[{"width":1728,"height":2443,"url":"https:\/\/ponteseditores.com.br\/loja3\/wp-content\/uploads\/2024\/12\/Capa_Praxis-Decoloniais.jpg","type":"image\/jpeg"}],"twitter_card":"summary_large_image","twitter_misc":{"Est. tempo de leitura":"2 minutos"},"schema":{"@context":"https:\/\/schema.org","@graph":[{"@type":"WebPage","@id":"https:\/\/ponteseditores.com.br\/loja3\/pontes-editores-home-2__trashed\/ebook\/lancamento-e-book\/praxis-decoloniais-e-justica-social-modos-outros-de-pensar-linguas-linguagens\/","url":"https:\/\/ponteseditores.com.br\/loja3\/pontes-editores-home-2__trashed\/ebook\/lancamento-e-book\/praxis-decoloniais-e-justica-social-modos-outros-de-pensar-linguas-linguagens\/","name":"Pr\u00e1xis Decoloniais e Justi\u00e7a Social: modos outros de pensar l\u00ednguas\/linguagens (Cole\u00e7\u00e3o PPLIN Presente) - Pontes Editores","isPartOf":{"@id":"https:\/\/ponteseditores.com.br\/loja3\/#website"},"primaryImageOfPage":{"@id":"https:\/\/ponteseditores.com.br\/loja3\/pontes-editores-home-2__trashed\/ebook\/lancamento-e-book\/praxis-decoloniais-e-justica-social-modos-outros-de-pensar-linguas-linguagens\/#primaryimage"},"image":{"@id":"https:\/\/ponteseditores.com.br\/loja3\/pontes-editores-home-2__trashed\/ebook\/lancamento-e-book\/praxis-decoloniais-e-justica-social-modos-outros-de-pensar-linguas-linguagens\/#primaryimage"},"thumbnailUrl":"https:\/\/ponteseditores.com.br\/loja3\/wp-content\/uploads\/2024\/12\/Capa_Praxis-Decoloniais.jpg","datePublished":"2024-12-12T18:28:13+00:00","dateModified":"2025-05-22T17:23:45+00:00","breadcrumb":{"@id":"https:\/\/ponteseditores.com.br\/loja3\/pontes-editores-home-2__trashed\/ebook\/lancamento-e-book\/praxis-decoloniais-e-justica-social-modos-outros-de-pensar-linguas-linguagens\/#breadcrumb"},"inLanguage":"pt-BR","potentialAction":[{"@type":"ReadAction","target":["https:\/\/ponteseditores.com.br\/loja3\/pontes-editores-home-2__trashed\/ebook\/lancamento-e-book\/praxis-decoloniais-e-justica-social-modos-outros-de-pensar-linguas-linguagens\/"]}]},{"@type":"ImageObject","inLanguage":"pt-BR","@id":"https:\/\/ponteseditores.com.br\/loja3\/pontes-editores-home-2__trashed\/ebook\/lancamento-e-book\/praxis-decoloniais-e-justica-social-modos-outros-de-pensar-linguas-linguagens\/#primaryimage","url":"https:\/\/ponteseditores.com.br\/loja3\/wp-content\/uploads\/2024\/12\/Capa_Praxis-Decoloniais.jpg","contentUrl":"https:\/\/ponteseditores.com.br\/loja3\/wp-content\/uploads\/2024\/12\/Capa_Praxis-Decoloniais.jpg","width":1728,"height":2443},{"@type":"BreadcrumbList","@id":"https:\/\/ponteseditores.com.br\/loja3\/pontes-editores-home-2__trashed\/ebook\/lancamento-e-book\/praxis-decoloniais-e-justica-social-modos-outros-de-pensar-linguas-linguagens\/#breadcrumb","itemListElement":[{"@type":"ListItem","position":1,"name":"Home","item":"https:\/\/ponteseditores.com.br\/loja3\/"},{"@type":"ListItem","position":2,"name":"loja","item":"https:\/\/ponteseditores.com.br\/loja3\/loja\/"},{"@type":"ListItem","position":3,"name":"Pr\u00e1xis Decoloniais e Justi\u00e7a Social: modos outros de pensar l\u00ednguas\/linguagens (Cole\u00e7\u00e3o PPLIN Presente)"}]},{"@type":"WebSite","@id":"https:\/\/ponteseditores.com.br\/loja3\/#website","url":"https:\/\/ponteseditores.com.br\/loja3\/","name":"Pontes Editores","description":"Pontes Editores","publisher":{"@id":"https:\/\/ponteseditores.com.br\/loja3\/#organization"},"potentialAction":[{"@type":"SearchAction","target":{"@type":"EntryPoint","urlTemplate":"https:\/\/ponteseditores.com.br\/loja3\/?s={search_term_string}"},"query-input":{"@type":"PropertyValueSpecification","valueRequired":true,"valueName":"search_term_string"}}],"inLanguage":"pt-BR"},{"@type":"Organization","@id":"https:\/\/ponteseditores.com.br\/loja3\/#organization","name":"Pontes Editores","url":"https:\/\/ponteseditores.com.br\/loja3\/","logo":{"@type":"ImageObject","inLanguage":"pt-BR","@id":"https:\/\/ponteseditores.com.br\/loja3\/#\/schema\/logo\/image\/","url":"https:\/\/ponteseditores.com.br\/loja3\/wp-content\/uploads\/2023\/12\/logo-pontes-editores-v2.png","contentUrl":"https:\/\/ponteseditores.com.br\/loja3\/wp-content\/uploads\/2023\/12\/logo-pontes-editores-v2.png","width":258,"height":100,"caption":"Pontes Editores"},"image":{"@id":"https:\/\/ponteseditores.com.br\/loja3\/#\/schema\/logo\/image\/"}}]}},"_links":{"self":[{"href":"https:\/\/ponteseditores.com.br\/loja3\/wp-json\/wp\/v2\/product\/19533","targetHints":{"allow":["GET"]}}],"collection":[{"href":"https:\/\/ponteseditores.com.br\/loja3\/wp-json\/wp\/v2\/product"}],"about":[{"href":"https:\/\/ponteseditores.com.br\/loja3\/wp-json\/wp\/v2\/types\/product"}],"replies":[{"embeddable":true,"href":"https:\/\/ponteseditores.com.br\/loja3\/wp-json\/wp\/v2\/comments?post=19533"}],"version-history":[{"count":2,"href":"https:\/\/ponteseditores.com.br\/loja3\/wp-json\/wp\/v2\/product\/19533\/revisions"}],"predecessor-version":[{"id":26009,"href":"https:\/\/ponteseditores.com.br\/loja3\/wp-json\/wp\/v2\/product\/19533\/revisions\/26009"}],"wp:featuredmedia":[{"embeddable":true,"href":"https:\/\/ponteseditores.com.br\/loja3\/wp-json\/wp\/v2\/media\/19535"}],"wp:attachment":[{"href":"https:\/\/ponteseditores.com.br\/loja3\/wp-json\/wp\/v2\/media?parent=19533"}],"wp:term":[{"taxonomy":"product_brand","embeddable":true,"href":"https:\/\/ponteseditores.com.br\/loja3\/wp-json\/wp\/v2\/product_brand?post=19533"},{"taxonomy":"product_cat","embeddable":true,"href":"https:\/\/ponteseditores.com.br\/loja3\/wp-json\/wp\/v2\/product_cat?post=19533"},{"taxonomy":"product_tag","embeddable":true,"href":"https:\/\/ponteseditores.com.br\/loja3\/wp-json\/wp\/v2\/product_tag?post=19533"}],"curies":[{"name":"wp","href":"https:\/\/api.w.org\/{rel}","templated":true}]}}