{"id":19456,"date":"2024-12-11T15:04:39","date_gmt":"2024-12-11T18:04:39","guid":{"rendered":"https:\/\/ponteseditores.com.br\/loja3\/?post_type=product&#038;p=19456"},"modified":"2024-12-27T16:06:00","modified_gmt":"2024-12-27T19:06:00","slug":"memorias-do-corpo-deslocamentos","status":"publish","type":"product","link":"https:\/\/ponteseditores.com.br\/loja3\/pontes-editores-home-2__trashed\/ebook\/lancamento-e-book\/memorias-do-corpo-deslocamentos\/","title":{"rendered":"Mem\u00f3rias do corpo: deslocamentos"},"content":{"rendered":"<p>No ensa\u00edstico Czu\u0142y narrator (O narrador sens\u00edvel, em tradu\u00e7\u00e3o livre), a escritora polonesa Olga Tokarczuk (2020) traz nas primeiras p\u00e1ginas a imagem do peregrino do ano 1888. A gravura, de autoria desconhecida e publicada pelo astr\u00f4nomo franc\u00eas Camille Flammarion, mostra uma figura do homem em movimento, um homo viator, que, como parece, chegou at\u00e9 as margens do mundo e admira, ajoelhado e curvado, a beleza e a harmonia do cosmos. Ou seria o gesto do viajante sinal de cansa\u00e7o, decep\u00e7\u00e3o, medo de transgress\u00e3o? Corpos em movimento \u2014 quer este seja volunt\u00e1rio quer seja involunt\u00e1rio \u2014 lan\u00e7ados ao tr\u00e2nsito em raz\u00e3o de causas pol\u00edticas, religiosas, pestes, fome, guerras, conquistas, cat\u00e1strofes e persegui\u00e7\u00e3o marcam a hist\u00f3ria da humanidade.<\/p>\n<p>O conceito operante de deslocamentos, selecionado para constituir a tem\u00e1tica central da terceira edi\u00e7\u00e3o do Semin\u00e1rio Mem\u00f3rias do Corpo, abarcou diferentes quest\u00f5es de interesse em \u00e1reas de pesquisa variadas, refor\u00e7ando uma perspectiva multi e interdisciplinar do evento. Este volume \u00e9 o resultado das mesas- redondas e palestras do III Semin\u00e1rio Mem\u00f3rias do Corpo \u2013 deslocamentos.<\/p>\n","protected":false},"excerpt":{"rendered":"<p>No ensa\u00edstico Czu\u0142y narrator (O narrador sens\u00edvel, em tradu\u00e7\u00e3o livre), a escritora polonesa Olga Tokarczuk (2020) traz nas primeiras p\u00e1ginas a imagem do peregrino do ano 1888. A gravura, de autoria desconhecida e publicada pelo astr\u00f4nomo franc\u00eas Camille Flammarion, mostra uma figura do homem em movimento, um homo viator, que, como parece, chegou at\u00e9 as [&hellip;]<\/p>\n","protected":false},"featured_media":19457,"comment_status":"closed","ping_status":"closed","template":"","meta":{"_joinchat":[]},"product_brand":[],"product_cat":[165,386,31],"product_tag":[],"class_list":{"0":"post-19456","1":"product","2":"type-product","3":"status-publish","4":"has-post-thumbnail","6":"product_cat-ebook","7":"product_cat-lancamento-e-book","8":"product_cat-linguistica","10":"first","11":"instock","12":"downloadable","13":"virtual","14":"purchasable","15":"product-type-simple"},"yoast_head":"<!-- This site is optimized with the Yoast SEO plugin v27.4 - https:\/\/yoast.com\/product\/yoast-seo-wordpress\/ -->\n<title>Mem\u00f3rias do corpo: deslocamentos - Pontes Editores<\/title>\n<meta name=\"robots\" content=\"index, follow, max-snippet:-1, max-image-preview:large, max-video-preview:-1\" \/>\n<link rel=\"canonical\" href=\"https:\/\/ponteseditores.com.br\/loja3\/pontes-editores-home-2__trashed\/ebook\/lancamento-e-book\/memorias-do-corpo-deslocamentos\/\" \/>\n<meta property=\"og:locale\" content=\"pt_BR\" \/>\n<meta property=\"og:type\" content=\"article\" \/>\n<meta property=\"og:title\" content=\"Mem\u00f3rias do corpo: deslocamentos - Pontes Editores\" \/>\n<meta property=\"og:description\" content=\"No ensa\u00edstico Czu\u0142y narrator (O narrador sens\u00edvel, em tradu\u00e7\u00e3o livre), a escritora polonesa Olga Tokarczuk (2020) traz nas primeiras p\u00e1ginas a imagem do peregrino do ano 1888. A gravura, de autoria desconhecida e publicada pelo astr\u00f4nomo franc\u00eas Camille Flammarion, mostra uma figura do homem em movimento, um homo viator, que, como parece, chegou at\u00e9 as [&hellip;]\" \/>\n<meta property=\"og:url\" content=\"https:\/\/ponteseditores.com.br\/loja3\/pontes-editores-home-2__trashed\/ebook\/lancamento-e-book\/memorias-do-corpo-deslocamentos\/\" \/>\n<meta property=\"og:site_name\" content=\"Pontes Editores\" \/>\n<meta property=\"article:modified_time\" content=\"2024-12-27T19:06:00+00:00\" \/>\n<meta property=\"og:image\" content=\"https:\/\/ponteseditores.com.br\/loja3\/wp-content\/uploads\/2024\/12\/Capa_Memorias-do-Corpo.jpg\" \/>\n\t<meta property=\"og:image:width\" content=\"1728\" \/>\n\t<meta property=\"og:image:height\" content=\"2443\" \/>\n\t<meta property=\"og:image:type\" content=\"image\/jpeg\" \/>\n<meta name=\"twitter:card\" content=\"summary_large_image\" \/>\n<meta name=\"twitter:label1\" content=\"Est. tempo de leitura\" \/>\n\t<meta name=\"twitter:data1\" content=\"2 minutos\" \/>\n<script type=\"application\/ld+json\" class=\"yoast-schema-graph\">{\"@context\":\"https:\\\/\\\/schema.org\",\"@graph\":[{\"@type\":\"WebPage\",\"@id\":\"https:\\\/\\\/ponteseditores.com.br\\\/loja3\\\/pontes-editores-home-2__trashed\\\/ebook\\\/lancamento-e-book\\\/memorias-do-corpo-deslocamentos\\\/\",\"url\":\"https:\\\/\\\/ponteseditores.com.br\\\/loja3\\\/pontes-editores-home-2__trashed\\\/ebook\\\/lancamento-e-book\\\/memorias-do-corpo-deslocamentos\\\/\",\"name\":\"Mem\u00f3rias do corpo: deslocamentos - Pontes Editores\",\"isPartOf\":{\"@id\":\"https:\\\/\\\/ponteseditores.com.br\\\/loja3\\\/#website\"},\"primaryImageOfPage\":{\"@id\":\"https:\\\/\\\/ponteseditores.com.br\\\/loja3\\\/pontes-editores-home-2__trashed\\\/ebook\\\/lancamento-e-book\\\/memorias-do-corpo-deslocamentos\\\/#primaryimage\"},\"image\":{\"@id\":\"https:\\\/\\\/ponteseditores.com.br\\\/loja3\\\/pontes-editores-home-2__trashed\\\/ebook\\\/lancamento-e-book\\\/memorias-do-corpo-deslocamentos\\\/#primaryimage\"},\"thumbnailUrl\":\"https:\\\/\\\/ponteseditores.com.br\\\/loja3\\\/wp-content\\\/uploads\\\/2024\\\/12\\\/Capa_Memorias-do-Corpo.jpg\",\"datePublished\":\"2024-12-11T18:04:39+00:00\",\"dateModified\":\"2024-12-27T19:06:00+00:00\",\"breadcrumb\":{\"@id\":\"https:\\\/\\\/ponteseditores.com.br\\\/loja3\\\/pontes-editores-home-2__trashed\\\/ebook\\\/lancamento-e-book\\\/memorias-do-corpo-deslocamentos\\\/#breadcrumb\"},\"inLanguage\":\"pt-BR\",\"potentialAction\":[{\"@type\":\"ReadAction\",\"target\":[\"https:\\\/\\\/ponteseditores.com.br\\\/loja3\\\/pontes-editores-home-2__trashed\\\/ebook\\\/lancamento-e-book\\\/memorias-do-corpo-deslocamentos\\\/\"]}]},{\"@type\":\"ImageObject\",\"inLanguage\":\"pt-BR\",\"@id\":\"https:\\\/\\\/ponteseditores.com.br\\\/loja3\\\/pontes-editores-home-2__trashed\\\/ebook\\\/lancamento-e-book\\\/memorias-do-corpo-deslocamentos\\\/#primaryimage\",\"url\":\"https:\\\/\\\/ponteseditores.com.br\\\/loja3\\\/wp-content\\\/uploads\\\/2024\\\/12\\\/Capa_Memorias-do-Corpo.jpg\",\"contentUrl\":\"https:\\\/\\\/ponteseditores.com.br\\\/loja3\\\/wp-content\\\/uploads\\\/2024\\\/12\\\/Capa_Memorias-do-Corpo.jpg\",\"width\":1728,\"height\":2443},{\"@type\":\"BreadcrumbList\",\"@id\":\"https:\\\/\\\/ponteseditores.com.br\\\/loja3\\\/pontes-editores-home-2__trashed\\\/ebook\\\/lancamento-e-book\\\/memorias-do-corpo-deslocamentos\\\/#breadcrumb\",\"itemListElement\":[{\"@type\":\"ListItem\",\"position\":1,\"name\":\"Home\",\"item\":\"https:\\\/\\\/ponteseditores.com.br\\\/loja3\\\/\"},{\"@type\":\"ListItem\",\"position\":2,\"name\":\"loja\",\"item\":\"https:\\\/\\\/ponteseditores.com.br\\\/loja3\\\/loja\\\/\"},{\"@type\":\"ListItem\",\"position\":3,\"name\":\"Mem\u00f3rias do corpo: deslocamentos\"}]},{\"@type\":\"WebSite\",\"@id\":\"https:\\\/\\\/ponteseditores.com.br\\\/loja3\\\/#website\",\"url\":\"https:\\\/\\\/ponteseditores.com.br\\\/loja3\\\/\",\"name\":\"Pontes Editores\",\"description\":\"Pontes Editores\",\"publisher\":{\"@id\":\"https:\\\/\\\/ponteseditores.com.br\\\/loja3\\\/#organization\"},\"potentialAction\":[{\"@type\":\"SearchAction\",\"target\":{\"@type\":\"EntryPoint\",\"urlTemplate\":\"https:\\\/\\\/ponteseditores.com.br\\\/loja3\\\/?s={search_term_string}\"},\"query-input\":{\"@type\":\"PropertyValueSpecification\",\"valueRequired\":true,\"valueName\":\"search_term_string\"}}],\"inLanguage\":\"pt-BR\"},{\"@type\":\"Organization\",\"@id\":\"https:\\\/\\\/ponteseditores.com.br\\\/loja3\\\/#organization\",\"name\":\"Pontes Editores\",\"url\":\"https:\\\/\\\/ponteseditores.com.br\\\/loja3\\\/\",\"logo\":{\"@type\":\"ImageObject\",\"inLanguage\":\"pt-BR\",\"@id\":\"https:\\\/\\\/ponteseditores.com.br\\\/loja3\\\/#\\\/schema\\\/logo\\\/image\\\/\",\"url\":\"https:\\\/\\\/ponteseditores.com.br\\\/loja3\\\/wp-content\\\/uploads\\\/2023\\\/12\\\/logo-pontes-editores-v2.png\",\"contentUrl\":\"https:\\\/\\\/ponteseditores.com.br\\\/loja3\\\/wp-content\\\/uploads\\\/2023\\\/12\\\/logo-pontes-editores-v2.png\",\"width\":258,\"height\":100,\"caption\":\"Pontes Editores\"},\"image\":{\"@id\":\"https:\\\/\\\/ponteseditores.com.br\\\/loja3\\\/#\\\/schema\\\/logo\\\/image\\\/\"}}]}<\/script>\n<!-- \/ Yoast SEO plugin. -->","yoast_head_json":{"title":"Mem\u00f3rias do corpo: deslocamentos - Pontes Editores","robots":{"index":"index","follow":"follow","max-snippet":"max-snippet:-1","max-image-preview":"max-image-preview:large","max-video-preview":"max-video-preview:-1"},"canonical":"https:\/\/ponteseditores.com.br\/loja3\/pontes-editores-home-2__trashed\/ebook\/lancamento-e-book\/memorias-do-corpo-deslocamentos\/","og_locale":"pt_BR","og_type":"article","og_title":"Mem\u00f3rias do corpo: deslocamentos - Pontes Editores","og_description":"No ensa\u00edstico Czu\u0142y narrator (O narrador sens\u00edvel, em tradu\u00e7\u00e3o livre), a escritora polonesa Olga Tokarczuk (2020) traz nas primeiras p\u00e1ginas a imagem do peregrino do ano 1888. A gravura, de autoria desconhecida e publicada pelo astr\u00f4nomo franc\u00eas Camille Flammarion, mostra uma figura do homem em movimento, um homo viator, que, como parece, chegou at\u00e9 as [&hellip;]","og_url":"https:\/\/ponteseditores.com.br\/loja3\/pontes-editores-home-2__trashed\/ebook\/lancamento-e-book\/memorias-do-corpo-deslocamentos\/","og_site_name":"Pontes Editores","article_modified_time":"2024-12-27T19:06:00+00:00","og_image":[{"width":1728,"height":2443,"url":"https:\/\/ponteseditores.com.br\/loja3\/wp-content\/uploads\/2024\/12\/Capa_Memorias-do-Corpo.jpg","type":"image\/jpeg"}],"twitter_card":"summary_large_image","twitter_misc":{"Est. tempo de leitura":"2 minutos"},"schema":{"@context":"https:\/\/schema.org","@graph":[{"@type":"WebPage","@id":"https:\/\/ponteseditores.com.br\/loja3\/pontes-editores-home-2__trashed\/ebook\/lancamento-e-book\/memorias-do-corpo-deslocamentos\/","url":"https:\/\/ponteseditores.com.br\/loja3\/pontes-editores-home-2__trashed\/ebook\/lancamento-e-book\/memorias-do-corpo-deslocamentos\/","name":"Mem\u00f3rias do corpo: deslocamentos - Pontes Editores","isPartOf":{"@id":"https:\/\/ponteseditores.com.br\/loja3\/#website"},"primaryImageOfPage":{"@id":"https:\/\/ponteseditores.com.br\/loja3\/pontes-editores-home-2__trashed\/ebook\/lancamento-e-book\/memorias-do-corpo-deslocamentos\/#primaryimage"},"image":{"@id":"https:\/\/ponteseditores.com.br\/loja3\/pontes-editores-home-2__trashed\/ebook\/lancamento-e-book\/memorias-do-corpo-deslocamentos\/#primaryimage"},"thumbnailUrl":"https:\/\/ponteseditores.com.br\/loja3\/wp-content\/uploads\/2024\/12\/Capa_Memorias-do-Corpo.jpg","datePublished":"2024-12-11T18:04:39+00:00","dateModified":"2024-12-27T19:06:00+00:00","breadcrumb":{"@id":"https:\/\/ponteseditores.com.br\/loja3\/pontes-editores-home-2__trashed\/ebook\/lancamento-e-book\/memorias-do-corpo-deslocamentos\/#breadcrumb"},"inLanguage":"pt-BR","potentialAction":[{"@type":"ReadAction","target":["https:\/\/ponteseditores.com.br\/loja3\/pontes-editores-home-2__trashed\/ebook\/lancamento-e-book\/memorias-do-corpo-deslocamentos\/"]}]},{"@type":"ImageObject","inLanguage":"pt-BR","@id":"https:\/\/ponteseditores.com.br\/loja3\/pontes-editores-home-2__trashed\/ebook\/lancamento-e-book\/memorias-do-corpo-deslocamentos\/#primaryimage","url":"https:\/\/ponteseditores.com.br\/loja3\/wp-content\/uploads\/2024\/12\/Capa_Memorias-do-Corpo.jpg","contentUrl":"https:\/\/ponteseditores.com.br\/loja3\/wp-content\/uploads\/2024\/12\/Capa_Memorias-do-Corpo.jpg","width":1728,"height":2443},{"@type":"BreadcrumbList","@id":"https:\/\/ponteseditores.com.br\/loja3\/pontes-editores-home-2__trashed\/ebook\/lancamento-e-book\/memorias-do-corpo-deslocamentos\/#breadcrumb","itemListElement":[{"@type":"ListItem","position":1,"name":"Home","item":"https:\/\/ponteseditores.com.br\/loja3\/"},{"@type":"ListItem","position":2,"name":"loja","item":"https:\/\/ponteseditores.com.br\/loja3\/loja\/"},{"@type":"ListItem","position":3,"name":"Mem\u00f3rias do corpo: deslocamentos"}]},{"@type":"WebSite","@id":"https:\/\/ponteseditores.com.br\/loja3\/#website","url":"https:\/\/ponteseditores.com.br\/loja3\/","name":"Pontes Editores","description":"Pontes Editores","publisher":{"@id":"https:\/\/ponteseditores.com.br\/loja3\/#organization"},"potentialAction":[{"@type":"SearchAction","target":{"@type":"EntryPoint","urlTemplate":"https:\/\/ponteseditores.com.br\/loja3\/?s={search_term_string}"},"query-input":{"@type":"PropertyValueSpecification","valueRequired":true,"valueName":"search_term_string"}}],"inLanguage":"pt-BR"},{"@type":"Organization","@id":"https:\/\/ponteseditores.com.br\/loja3\/#organization","name":"Pontes Editores","url":"https:\/\/ponteseditores.com.br\/loja3\/","logo":{"@type":"ImageObject","inLanguage":"pt-BR","@id":"https:\/\/ponteseditores.com.br\/loja3\/#\/schema\/logo\/image\/","url":"https:\/\/ponteseditores.com.br\/loja3\/wp-content\/uploads\/2023\/12\/logo-pontes-editores-v2.png","contentUrl":"https:\/\/ponteseditores.com.br\/loja3\/wp-content\/uploads\/2023\/12\/logo-pontes-editores-v2.png","width":258,"height":100,"caption":"Pontes Editores"},"image":{"@id":"https:\/\/ponteseditores.com.br\/loja3\/#\/schema\/logo\/image\/"}}]}},"_links":{"self":[{"href":"https:\/\/ponteseditores.com.br\/loja3\/wp-json\/wp\/v2\/product\/19456","targetHints":{"allow":["GET"]}}],"collection":[{"href":"https:\/\/ponteseditores.com.br\/loja3\/wp-json\/wp\/v2\/product"}],"about":[{"href":"https:\/\/ponteseditores.com.br\/loja3\/wp-json\/wp\/v2\/types\/product"}],"replies":[{"embeddable":true,"href":"https:\/\/ponteseditores.com.br\/loja3\/wp-json\/wp\/v2\/comments?post=19456"}],"version-history":[{"count":1,"href":"https:\/\/ponteseditores.com.br\/loja3\/wp-json\/wp\/v2\/product\/19456\/revisions"}],"predecessor-version":[{"id":19458,"href":"https:\/\/ponteseditores.com.br\/loja3\/wp-json\/wp\/v2\/product\/19456\/revisions\/19458"}],"wp:featuredmedia":[{"embeddable":true,"href":"https:\/\/ponteseditores.com.br\/loja3\/wp-json\/wp\/v2\/media\/19457"}],"wp:attachment":[{"href":"https:\/\/ponteseditores.com.br\/loja3\/wp-json\/wp\/v2\/media?parent=19456"}],"wp:term":[{"taxonomy":"product_brand","embeddable":true,"href":"https:\/\/ponteseditores.com.br\/loja3\/wp-json\/wp\/v2\/product_brand?post=19456"},{"taxonomy":"product_cat","embeddable":true,"href":"https:\/\/ponteseditores.com.br\/loja3\/wp-json\/wp\/v2\/product_cat?post=19456"},{"taxonomy":"product_tag","embeddable":true,"href":"https:\/\/ponteseditores.com.br\/loja3\/wp-json\/wp\/v2\/product_tag?post=19456"}],"curies":[{"name":"wp","href":"https:\/\/api.w.org\/{rel}","templated":true}]}}