{"id":19455,"date":"2024-12-11T16:58:07","date_gmt":"2024-12-11T19:58:07","guid":{"rendered":"https:\/\/ponteseditores.com.br\/loja3\/?post_type=product&#038;p=19455"},"modified":"2024-12-11T16:58:07","modified_gmt":"2024-12-11T19:58:07","slug":"fios-do-discurso-estudos-discursivos-em-diferentes-vertentes-teoricas","status":"publish","type":"product","link":"https:\/\/ponteseditores.com.br\/loja3\/pontes-editores-home-2__trashed\/linguistica\/fios-do-discurso-estudos-discursivos-em-diferentes-vertentes-teoricas\/","title":{"rendered":"Fios do discurso: estudos discursivos em diferentes vertentes te\u00f3ricas"},"content":{"rendered":"<p>Em um entrela\u00e7ar de fios te\u00f3ricos que representam a pluralidade dos estudos do discurso, \u00e9 que este livro se constitui. Os fios condutores desta obra s\u00e3o tecidos por pesquisadores que apresentam pesquisas diversas em diferentes teorias discursivas. A referida obra se prop\u00f5e, portanto, a explorar as multifacetadas dimens\u00f5es dos Estudos do Discurso em sua multiplicidade marcada por diferentes vertentes que t\u00eam como objeto de estudo o discurso nos seus variados modos de constitui\u00e7\u00e3o. Assim, os artigos presentes nesta obra, trazem reflex\u00f5es em torno de m\u00faltiplas quest\u00f5es de ordem discursiva exploradas atrav\u00e9s de diversos olhares nos estudos discursivos. A obra \u00e9 um convite \u00e0 reflex\u00e3o, indicando a diversidade de estudos discursivos em sua dimens\u00e3o multifacetada.<\/p>\n","protected":false},"excerpt":{"rendered":"<p>Em um entrela\u00e7ar de fios te\u00f3ricos que representam a pluralidade dos estudos do discurso, \u00e9 que este livro se constitui. Os fios condutores desta obra s\u00e3o tecidos por pesquisadores que apresentam pesquisas diversas em diferentes teorias discursivas. A referida obra se prop\u00f5e, portanto, a explorar as multifacetadas dimens\u00f5es dos Estudos do Discurso em sua multiplicidade [&hellip;]<\/p>\n","protected":false},"featured_media":19485,"comment_status":"open","ping_status":"closed","template":"","meta":{"_joinchat":[]},"product_brand":[],"product_cat":[36,167,31],"product_tag":[],"class_list":{"0":"post-19455","1":"product","2":"type-product","3":"status-publish","4":"has-post-thumbnail","6":"product_cat-analise-do-discurso","7":"product_cat-lancamento","8":"product_cat-linguistica","10":"first","11":"instock","12":"shipping-taxable","13":"purchasable","14":"product-type-simple"},"yoast_head":"<!-- This site is optimized with the Yoast SEO plugin v27.4 - https:\/\/yoast.com\/product\/yoast-seo-wordpress\/ -->\n<title>Fios do discurso: estudos discursivos em diferentes vertentes te\u00f3ricas - Pontes Editores<\/title>\n<meta name=\"robots\" content=\"index, follow, max-snippet:-1, max-image-preview:large, max-video-preview:-1\" \/>\n<link rel=\"canonical\" href=\"https:\/\/ponteseditores.com.br\/loja3\/pontes-editores-home-2__trashed\/linguistica\/fios-do-discurso-estudos-discursivos-em-diferentes-vertentes-teoricas\/\" \/>\n<meta property=\"og:locale\" content=\"pt_BR\" \/>\n<meta property=\"og:type\" content=\"article\" \/>\n<meta property=\"og:title\" content=\"Fios do discurso: estudos discursivos em diferentes vertentes te\u00f3ricas - Pontes Editores\" \/>\n<meta property=\"og:description\" content=\"Em um entrela\u00e7ar de fios te\u00f3ricos que representam a pluralidade dos estudos do discurso, \u00e9 que este livro se constitui. Os fios condutores desta obra s\u00e3o tecidos por pesquisadores que apresentam pesquisas diversas em diferentes teorias discursivas. A referida obra se prop\u00f5e, portanto, a explorar as multifacetadas dimens\u00f5es dos Estudos do Discurso em sua multiplicidade [&hellip;]\" \/>\n<meta property=\"og:url\" content=\"https:\/\/ponteseditores.com.br\/loja3\/pontes-editores-home-2__trashed\/linguistica\/fios-do-discurso-estudos-discursivos-em-diferentes-vertentes-teoricas\/\" \/>\n<meta property=\"og:site_name\" content=\"Pontes Editores\" \/>\n<meta property=\"og:image\" content=\"https:\/\/ponteseditores.com.br\/loja3\/wp-content\/uploads\/2024\/12\/CAPA-FIOS-DO-DISCURSO-EM-BAIXA.jpg\" \/>\n\t<meta property=\"og:image:width\" content=\"951\" \/>\n\t<meta property=\"og:image:height\" content=\"1358\" \/>\n\t<meta property=\"og:image:type\" content=\"image\/jpeg\" \/>\n<meta name=\"twitter:card\" content=\"summary_large_image\" \/>\n<meta name=\"twitter:label1\" content=\"Est. tempo de leitura\" \/>\n\t<meta name=\"twitter:data1\" content=\"1 minuto\" \/>\n<script type=\"application\/ld+json\" class=\"yoast-schema-graph\">{\"@context\":\"https:\\\/\\\/schema.org\",\"@graph\":[{\"@type\":\"WebPage\",\"@id\":\"https:\\\/\\\/ponteseditores.com.br\\\/loja3\\\/pontes-editores-home-2__trashed\\\/linguistica\\\/fios-do-discurso-estudos-discursivos-em-diferentes-vertentes-teoricas\\\/\",\"url\":\"https:\\\/\\\/ponteseditores.com.br\\\/loja3\\\/pontes-editores-home-2__trashed\\\/linguistica\\\/fios-do-discurso-estudos-discursivos-em-diferentes-vertentes-teoricas\\\/\",\"name\":\"Fios do discurso: estudos discursivos em diferentes vertentes te\u00f3ricas - Pontes Editores\",\"isPartOf\":{\"@id\":\"https:\\\/\\\/ponteseditores.com.br\\\/loja3\\\/#website\"},\"primaryImageOfPage\":{\"@id\":\"https:\\\/\\\/ponteseditores.com.br\\\/loja3\\\/pontes-editores-home-2__trashed\\\/linguistica\\\/fios-do-discurso-estudos-discursivos-em-diferentes-vertentes-teoricas\\\/#primaryimage\"},\"image\":{\"@id\":\"https:\\\/\\\/ponteseditores.com.br\\\/loja3\\\/pontes-editores-home-2__trashed\\\/linguistica\\\/fios-do-discurso-estudos-discursivos-em-diferentes-vertentes-teoricas\\\/#primaryimage\"},\"thumbnailUrl\":\"https:\\\/\\\/ponteseditores.com.br\\\/loja3\\\/wp-content\\\/uploads\\\/2024\\\/12\\\/CAPA-FIOS-DO-DISCURSO-EM-BAIXA.jpg\",\"datePublished\":\"2024-12-11T19:58:07+00:00\",\"breadcrumb\":{\"@id\":\"https:\\\/\\\/ponteseditores.com.br\\\/loja3\\\/pontes-editores-home-2__trashed\\\/linguistica\\\/fios-do-discurso-estudos-discursivos-em-diferentes-vertentes-teoricas\\\/#breadcrumb\"},\"inLanguage\":\"pt-BR\",\"potentialAction\":[{\"@type\":\"ReadAction\",\"target\":[\"https:\\\/\\\/ponteseditores.com.br\\\/loja3\\\/pontes-editores-home-2__trashed\\\/linguistica\\\/fios-do-discurso-estudos-discursivos-em-diferentes-vertentes-teoricas\\\/\"]}]},{\"@type\":\"ImageObject\",\"inLanguage\":\"pt-BR\",\"@id\":\"https:\\\/\\\/ponteseditores.com.br\\\/loja3\\\/pontes-editores-home-2__trashed\\\/linguistica\\\/fios-do-discurso-estudos-discursivos-em-diferentes-vertentes-teoricas\\\/#primaryimage\",\"url\":\"https:\\\/\\\/ponteseditores.com.br\\\/loja3\\\/wp-content\\\/uploads\\\/2024\\\/12\\\/CAPA-FIOS-DO-DISCURSO-EM-BAIXA.jpg\",\"contentUrl\":\"https:\\\/\\\/ponteseditores.com.br\\\/loja3\\\/wp-content\\\/uploads\\\/2024\\\/12\\\/CAPA-FIOS-DO-DISCURSO-EM-BAIXA.jpg\",\"width\":951,\"height\":1358},{\"@type\":\"BreadcrumbList\",\"@id\":\"https:\\\/\\\/ponteseditores.com.br\\\/loja3\\\/pontes-editores-home-2__trashed\\\/linguistica\\\/fios-do-discurso-estudos-discursivos-em-diferentes-vertentes-teoricas\\\/#breadcrumb\",\"itemListElement\":[{\"@type\":\"ListItem\",\"position\":1,\"name\":\"Home\",\"item\":\"https:\\\/\\\/ponteseditores.com.br\\\/loja3\\\/\"},{\"@type\":\"ListItem\",\"position\":2,\"name\":\"loja\",\"item\":\"https:\\\/\\\/ponteseditores.com.br\\\/loja3\\\/loja\\\/\"},{\"@type\":\"ListItem\",\"position\":3,\"name\":\"Fios do discurso: estudos discursivos em diferentes vertentes te\u00f3ricas\"}]},{\"@type\":\"WebSite\",\"@id\":\"https:\\\/\\\/ponteseditores.com.br\\\/loja3\\\/#website\",\"url\":\"https:\\\/\\\/ponteseditores.com.br\\\/loja3\\\/\",\"name\":\"Pontes Editores\",\"description\":\"Pontes Editores\",\"publisher\":{\"@id\":\"https:\\\/\\\/ponteseditores.com.br\\\/loja3\\\/#organization\"},\"potentialAction\":[{\"@type\":\"SearchAction\",\"target\":{\"@type\":\"EntryPoint\",\"urlTemplate\":\"https:\\\/\\\/ponteseditores.com.br\\\/loja3\\\/?s={search_term_string}\"},\"query-input\":{\"@type\":\"PropertyValueSpecification\",\"valueRequired\":true,\"valueName\":\"search_term_string\"}}],\"inLanguage\":\"pt-BR\"},{\"@type\":\"Organization\",\"@id\":\"https:\\\/\\\/ponteseditores.com.br\\\/loja3\\\/#organization\",\"name\":\"Pontes Editores\",\"url\":\"https:\\\/\\\/ponteseditores.com.br\\\/loja3\\\/\",\"logo\":{\"@type\":\"ImageObject\",\"inLanguage\":\"pt-BR\",\"@id\":\"https:\\\/\\\/ponteseditores.com.br\\\/loja3\\\/#\\\/schema\\\/logo\\\/image\\\/\",\"url\":\"https:\\\/\\\/ponteseditores.com.br\\\/loja3\\\/wp-content\\\/uploads\\\/2023\\\/12\\\/logo-pontes-editores-v2.png\",\"contentUrl\":\"https:\\\/\\\/ponteseditores.com.br\\\/loja3\\\/wp-content\\\/uploads\\\/2023\\\/12\\\/logo-pontes-editores-v2.png\",\"width\":258,\"height\":100,\"caption\":\"Pontes Editores\"},\"image\":{\"@id\":\"https:\\\/\\\/ponteseditores.com.br\\\/loja3\\\/#\\\/schema\\\/logo\\\/image\\\/\"}}]}<\/script>\n<!-- \/ Yoast SEO plugin. -->","yoast_head_json":{"title":"Fios do discurso: estudos discursivos em diferentes vertentes te\u00f3ricas - Pontes Editores","robots":{"index":"index","follow":"follow","max-snippet":"max-snippet:-1","max-image-preview":"max-image-preview:large","max-video-preview":"max-video-preview:-1"},"canonical":"https:\/\/ponteseditores.com.br\/loja3\/pontes-editores-home-2__trashed\/linguistica\/fios-do-discurso-estudos-discursivos-em-diferentes-vertentes-teoricas\/","og_locale":"pt_BR","og_type":"article","og_title":"Fios do discurso: estudos discursivos em diferentes vertentes te\u00f3ricas - Pontes Editores","og_description":"Em um entrela\u00e7ar de fios te\u00f3ricos que representam a pluralidade dos estudos do discurso, \u00e9 que este livro se constitui. Os fios condutores desta obra s\u00e3o tecidos por pesquisadores que apresentam pesquisas diversas em diferentes teorias discursivas. A referida obra se prop\u00f5e, portanto, a explorar as multifacetadas dimens\u00f5es dos Estudos do Discurso em sua multiplicidade [&hellip;]","og_url":"https:\/\/ponteseditores.com.br\/loja3\/pontes-editores-home-2__trashed\/linguistica\/fios-do-discurso-estudos-discursivos-em-diferentes-vertentes-teoricas\/","og_site_name":"Pontes Editores","og_image":[{"width":951,"height":1358,"url":"https:\/\/ponteseditores.com.br\/loja3\/wp-content\/uploads\/2024\/12\/CAPA-FIOS-DO-DISCURSO-EM-BAIXA.jpg","type":"image\/jpeg"}],"twitter_card":"summary_large_image","twitter_misc":{"Est. tempo de leitura":"1 minuto"},"schema":{"@context":"https:\/\/schema.org","@graph":[{"@type":"WebPage","@id":"https:\/\/ponteseditores.com.br\/loja3\/pontes-editores-home-2__trashed\/linguistica\/fios-do-discurso-estudos-discursivos-em-diferentes-vertentes-teoricas\/","url":"https:\/\/ponteseditores.com.br\/loja3\/pontes-editores-home-2__trashed\/linguistica\/fios-do-discurso-estudos-discursivos-em-diferentes-vertentes-teoricas\/","name":"Fios do discurso: estudos discursivos em diferentes vertentes te\u00f3ricas - Pontes Editores","isPartOf":{"@id":"https:\/\/ponteseditores.com.br\/loja3\/#website"},"primaryImageOfPage":{"@id":"https:\/\/ponteseditores.com.br\/loja3\/pontes-editores-home-2__trashed\/linguistica\/fios-do-discurso-estudos-discursivos-em-diferentes-vertentes-teoricas\/#primaryimage"},"image":{"@id":"https:\/\/ponteseditores.com.br\/loja3\/pontes-editores-home-2__trashed\/linguistica\/fios-do-discurso-estudos-discursivos-em-diferentes-vertentes-teoricas\/#primaryimage"},"thumbnailUrl":"https:\/\/ponteseditores.com.br\/loja3\/wp-content\/uploads\/2024\/12\/CAPA-FIOS-DO-DISCURSO-EM-BAIXA.jpg","datePublished":"2024-12-11T19:58:07+00:00","breadcrumb":{"@id":"https:\/\/ponteseditores.com.br\/loja3\/pontes-editores-home-2__trashed\/linguistica\/fios-do-discurso-estudos-discursivos-em-diferentes-vertentes-teoricas\/#breadcrumb"},"inLanguage":"pt-BR","potentialAction":[{"@type":"ReadAction","target":["https:\/\/ponteseditores.com.br\/loja3\/pontes-editores-home-2__trashed\/linguistica\/fios-do-discurso-estudos-discursivos-em-diferentes-vertentes-teoricas\/"]}]},{"@type":"ImageObject","inLanguage":"pt-BR","@id":"https:\/\/ponteseditores.com.br\/loja3\/pontes-editores-home-2__trashed\/linguistica\/fios-do-discurso-estudos-discursivos-em-diferentes-vertentes-teoricas\/#primaryimage","url":"https:\/\/ponteseditores.com.br\/loja3\/wp-content\/uploads\/2024\/12\/CAPA-FIOS-DO-DISCURSO-EM-BAIXA.jpg","contentUrl":"https:\/\/ponteseditores.com.br\/loja3\/wp-content\/uploads\/2024\/12\/CAPA-FIOS-DO-DISCURSO-EM-BAIXA.jpg","width":951,"height":1358},{"@type":"BreadcrumbList","@id":"https:\/\/ponteseditores.com.br\/loja3\/pontes-editores-home-2__trashed\/linguistica\/fios-do-discurso-estudos-discursivos-em-diferentes-vertentes-teoricas\/#breadcrumb","itemListElement":[{"@type":"ListItem","position":1,"name":"Home","item":"https:\/\/ponteseditores.com.br\/loja3\/"},{"@type":"ListItem","position":2,"name":"loja","item":"https:\/\/ponteseditores.com.br\/loja3\/loja\/"},{"@type":"ListItem","position":3,"name":"Fios do discurso: estudos discursivos em diferentes vertentes te\u00f3ricas"}]},{"@type":"WebSite","@id":"https:\/\/ponteseditores.com.br\/loja3\/#website","url":"https:\/\/ponteseditores.com.br\/loja3\/","name":"Pontes Editores","description":"Pontes Editores","publisher":{"@id":"https:\/\/ponteseditores.com.br\/loja3\/#organization"},"potentialAction":[{"@type":"SearchAction","target":{"@type":"EntryPoint","urlTemplate":"https:\/\/ponteseditores.com.br\/loja3\/?s={search_term_string}"},"query-input":{"@type":"PropertyValueSpecification","valueRequired":true,"valueName":"search_term_string"}}],"inLanguage":"pt-BR"},{"@type":"Organization","@id":"https:\/\/ponteseditores.com.br\/loja3\/#organization","name":"Pontes Editores","url":"https:\/\/ponteseditores.com.br\/loja3\/","logo":{"@type":"ImageObject","inLanguage":"pt-BR","@id":"https:\/\/ponteseditores.com.br\/loja3\/#\/schema\/logo\/image\/","url":"https:\/\/ponteseditores.com.br\/loja3\/wp-content\/uploads\/2023\/12\/logo-pontes-editores-v2.png","contentUrl":"https:\/\/ponteseditores.com.br\/loja3\/wp-content\/uploads\/2023\/12\/logo-pontes-editores-v2.png","width":258,"height":100,"caption":"Pontes Editores"},"image":{"@id":"https:\/\/ponteseditores.com.br\/loja3\/#\/schema\/logo\/image\/"}}]}},"_links":{"self":[{"href":"https:\/\/ponteseditores.com.br\/loja3\/wp-json\/wp\/v2\/product\/19455","targetHints":{"allow":["GET"]}}],"collection":[{"href":"https:\/\/ponteseditores.com.br\/loja3\/wp-json\/wp\/v2\/product"}],"about":[{"href":"https:\/\/ponteseditores.com.br\/loja3\/wp-json\/wp\/v2\/types\/product"}],"replies":[{"embeddable":true,"href":"https:\/\/ponteseditores.com.br\/loja3\/wp-json\/wp\/v2\/comments?post=19455"}],"version-history":[{"count":1,"href":"https:\/\/ponteseditores.com.br\/loja3\/wp-json\/wp\/v2\/product\/19455\/revisions"}],"predecessor-version":[{"id":19486,"href":"https:\/\/ponteseditores.com.br\/loja3\/wp-json\/wp\/v2\/product\/19455\/revisions\/19486"}],"wp:featuredmedia":[{"embeddable":true,"href":"https:\/\/ponteseditores.com.br\/loja3\/wp-json\/wp\/v2\/media\/19485"}],"wp:attachment":[{"href":"https:\/\/ponteseditores.com.br\/loja3\/wp-json\/wp\/v2\/media?parent=19455"}],"wp:term":[{"taxonomy":"product_brand","embeddable":true,"href":"https:\/\/ponteseditores.com.br\/loja3\/wp-json\/wp\/v2\/product_brand?post=19455"},{"taxonomy":"product_cat","embeddable":true,"href":"https:\/\/ponteseditores.com.br\/loja3\/wp-json\/wp\/v2\/product_cat?post=19455"},{"taxonomy":"product_tag","embeddable":true,"href":"https:\/\/ponteseditores.com.br\/loja3\/wp-json\/wp\/v2\/product_tag?post=19455"}],"curies":[{"name":"wp","href":"https:\/\/api.w.org\/{rel}","templated":true}]}}