{"id":19337,"date":"2024-12-10T01:20:38","date_gmt":"2024-12-10T04:20:38","guid":{"rendered":"https:\/\/ponteseditores.com.br\/loja3\/?post_type=product&#038;p=19337"},"modified":"2024-12-10T11:53:50","modified_gmt":"2024-12-10T14:53:50","slug":"a-contribuicao-das-empresas-multinacionais-aos-objetivos-do-desenvolvimento-sustentavel","status":"publish","type":"product","link":"https:\/\/ponteseditores.com.br\/loja3\/pontes-editores-home-2__trashed\/ebook\/lancamento-e-book\/a-contribuicao-das-empresas-multinacionais-aos-objetivos-do-desenvolvimento-sustentavel\/","title":{"rendered":"A contribui\u00e7\u00e3o das empresas multinacionais aos objetivos do desenvolvimento sustent\u00e1vel"},"content":{"rendered":"<p>O livro A Contribui\u00e7\u00e3o das Empresas Multinacionais para os Objetivos de Desenvolvimento Sustent\u00e1vel apresenta uma abordagem inovadora sobre como a responsabilidade corporativa pode impulsionar a concretiza\u00e7\u00e3o da Agenda 2030 da ONU. Publicada pela Pontes Editores, a obra re\u00fane especialistas internacionais e juristas em uma an\u00e1lise aprofundada de como as corpora\u00e7\u00f5es multinacionais podem alinhar suas atividades aos desafios e metas do desenvolvimento sustent\u00e1vel. A publica\u00e7\u00e3o destaca a import\u00e2ncia crescente do engajamento corporativo para alcan\u00e7ar os objetivos globais de sustentabilidade, oferecendo aos leitores um roteiro \u00fanico para compreender a din\u00e2mica entre empresas multinacionais e desenvolvimento sustent\u00e1vel.<\/p>\n<p>O livro \u00e9 fruto do semin\u00e1rio realizado em mar\u00e7o de 2023 pela Cl\u00ednica de Direitos Humanos e Pol\u00edticas P\u00fablicas do CEUB, com apoio da CAPES e da FAP\/DF. Com contribui\u00e7\u00f5es de acad\u00eamicos renomados como Nitish Monebhurrun, Michelle Balbino, Patricia Perrone Campos Mello e Pierre-Fran\u00e7ois Mercure, a obra aborda temas como a devida dilig\u00eancia em direitos humanos, governan\u00e7a corporativa, prote\u00e7\u00e3o ambiental e combate \u00e0 corrup\u00e7\u00e3o, com cap\u00edtulos dispon\u00edveis em portugu\u00eas, ingl\u00eas e franc\u00eas.<\/p>\n<p>Principais Destaques:<br \/>\n\u00b7 Perspectivas Inovadoras: Explora\u00e7\u00e3o da interse\u00e7\u00e3o entre responsabilidade social corporativa (RSC) e os Objetivos de Desenvolvimento Sustent\u00e1vel (ODS).<br \/>\n\u00b7 Abordagem Multidisciplinar: Contribui\u00e7\u00f5es de especialistas em direito, ci\u00eancia ambiental e pol\u00edticas p\u00fablicas.<br \/>\n\u00b7 Aplica\u00e7\u00e3o Pr\u00e1tica: An\u00e1lise de marcos jur\u00eddicos e de governan\u00e7a internacional para responsabilizar corpora\u00e7\u00f5es.<br \/>\nA publica\u00e7\u00e3o aborda uma lacuna cr\u00edtica na compreens\u00e3o dos mecanismos que podem alinhar as atividades do setor privado aos objetivos de desenvolvimento sustent\u00e1vel. Como destacado pelos autores, as empresas multinacionais s\u00e3o parceiras indispens\u00e1veis para alcan\u00e7ar os ODS, exigindo inova\u00e7\u00f5es em estruturas legais e<br \/>\npol\u00edticas p\u00fablicas. O livro \u00e9 leitura essencial para formuladores de pol\u00edticas, profissionais do direito,l\u00edderes corporativos.<\/p>\n","protected":false},"excerpt":{"rendered":"<p>O livro A Contribui\u00e7\u00e3o das Empresas Multinacionais para os Objetivos de Desenvolvimento Sustent\u00e1vel apresenta uma abordagem inovadora sobre como a responsabilidade corporativa pode impulsionar a concretiza\u00e7\u00e3o da Agenda 2030 da ONU. Publicada pela Pontes Editores, a obra re\u00fane especialistas internacionais e juristas em uma an\u00e1lise aprofundada de como as corpora\u00e7\u00f5es multinacionais podem alinhar suas atividades [&hellip;]<\/p>\n","protected":false},"featured_media":19339,"comment_status":"open","ping_status":"closed","template":"","meta":{"_joinchat":[]},"product_brand":[],"product_cat":[165,386],"product_tag":[],"class_list":{"0":"post-19337","1":"product","2":"type-product","3":"status-publish","4":"has-post-thumbnail","6":"product_cat-ebook","7":"product_cat-lancamento-e-book","9":"first","10":"instock","11":"downloadable","12":"virtual","13":"purchasable","14":"product-type-simple"},"yoast_head":"<!-- This site is optimized with the Yoast SEO plugin v27.4 - https:\/\/yoast.com\/product\/yoast-seo-wordpress\/ -->\n<title>A contribui\u00e7\u00e3o das empresas multinacionais aos objetivos do desenvolvimento sustent\u00e1vel - Pontes Editores<\/title>\n<meta name=\"robots\" content=\"index, follow, max-snippet:-1, max-image-preview:large, max-video-preview:-1\" \/>\n<link rel=\"canonical\" href=\"https:\/\/ponteseditores.com.br\/loja3\/pontes-editores-home-2__trashed\/ebook\/lancamento-e-book\/a-contribuicao-das-empresas-multinacionais-aos-objetivos-do-desenvolvimento-sustentavel\/\" \/>\n<meta property=\"og:locale\" content=\"pt_BR\" \/>\n<meta property=\"og:type\" content=\"article\" \/>\n<meta property=\"og:title\" content=\"A contribui\u00e7\u00e3o das empresas multinacionais aos objetivos do desenvolvimento sustent\u00e1vel - Pontes Editores\" \/>\n<meta property=\"og:description\" content=\"O livro A Contribui\u00e7\u00e3o das Empresas Multinacionais para os Objetivos de Desenvolvimento Sustent\u00e1vel apresenta uma abordagem inovadora sobre como a responsabilidade corporativa pode impulsionar a concretiza\u00e7\u00e3o da Agenda 2030 da ONU. Publicada pela Pontes Editores, a obra re\u00fane especialistas internacionais e juristas em uma an\u00e1lise aprofundada de como as corpora\u00e7\u00f5es multinacionais podem alinhar suas atividades [&hellip;]\" \/>\n<meta property=\"og:url\" content=\"https:\/\/ponteseditores.com.br\/loja3\/pontes-editores-home-2__trashed\/ebook\/lancamento-e-book\/a-contribuicao-das-empresas-multinacionais-aos-objetivos-do-desenvolvimento-sustentavel\/\" \/>\n<meta property=\"og:site_name\" content=\"Pontes Editores\" \/>\n<meta property=\"article:modified_time\" content=\"2024-12-10T14:53:50+00:00\" \/>\n<meta property=\"og:image\" content=\"https:\/\/ponteseditores.com.br\/loja3\/wp-content\/uploads\/2024\/12\/Capa_Contribuicao_Empresas.jpg\" \/>\n\t<meta property=\"og:image:width\" content=\"1728\" \/>\n\t<meta property=\"og:image:height\" content=\"2443\" \/>\n\t<meta property=\"og:image:type\" content=\"image\/jpeg\" \/>\n<meta name=\"twitter:card\" content=\"summary_large_image\" \/>\n<meta name=\"twitter:label1\" content=\"Est. tempo de leitura\" \/>\n\t<meta name=\"twitter:data1\" content=\"2 minutos\" \/>\n<script type=\"application\/ld+json\" class=\"yoast-schema-graph\">{\"@context\":\"https:\\\/\\\/schema.org\",\"@graph\":[{\"@type\":\"WebPage\",\"@id\":\"https:\\\/\\\/ponteseditores.com.br\\\/loja3\\\/pontes-editores-home-2__trashed\\\/ebook\\\/lancamento-e-book\\\/a-contribuicao-das-empresas-multinacionais-aos-objetivos-do-desenvolvimento-sustentavel\\\/\",\"url\":\"https:\\\/\\\/ponteseditores.com.br\\\/loja3\\\/pontes-editores-home-2__trashed\\\/ebook\\\/lancamento-e-book\\\/a-contribuicao-das-empresas-multinacionais-aos-objetivos-do-desenvolvimento-sustentavel\\\/\",\"name\":\"A contribui\u00e7\u00e3o das empresas multinacionais aos objetivos do desenvolvimento sustent\u00e1vel - Pontes Editores\",\"isPartOf\":{\"@id\":\"https:\\\/\\\/ponteseditores.com.br\\\/loja3\\\/#website\"},\"primaryImageOfPage\":{\"@id\":\"https:\\\/\\\/ponteseditores.com.br\\\/loja3\\\/pontes-editores-home-2__trashed\\\/ebook\\\/lancamento-e-book\\\/a-contribuicao-das-empresas-multinacionais-aos-objetivos-do-desenvolvimento-sustentavel\\\/#primaryimage\"},\"image\":{\"@id\":\"https:\\\/\\\/ponteseditores.com.br\\\/loja3\\\/pontes-editores-home-2__trashed\\\/ebook\\\/lancamento-e-book\\\/a-contribuicao-das-empresas-multinacionais-aos-objetivos-do-desenvolvimento-sustentavel\\\/#primaryimage\"},\"thumbnailUrl\":\"https:\\\/\\\/ponteseditores.com.br\\\/loja3\\\/wp-content\\\/uploads\\\/2024\\\/12\\\/Capa_Contribuicao_Empresas.jpg\",\"datePublished\":\"2024-12-10T04:20:38+00:00\",\"dateModified\":\"2024-12-10T14:53:50+00:00\",\"breadcrumb\":{\"@id\":\"https:\\\/\\\/ponteseditores.com.br\\\/loja3\\\/pontes-editores-home-2__trashed\\\/ebook\\\/lancamento-e-book\\\/a-contribuicao-das-empresas-multinacionais-aos-objetivos-do-desenvolvimento-sustentavel\\\/#breadcrumb\"},\"inLanguage\":\"pt-BR\",\"potentialAction\":[{\"@type\":\"ReadAction\",\"target\":[\"https:\\\/\\\/ponteseditores.com.br\\\/loja3\\\/pontes-editores-home-2__trashed\\\/ebook\\\/lancamento-e-book\\\/a-contribuicao-das-empresas-multinacionais-aos-objetivos-do-desenvolvimento-sustentavel\\\/\"]}]},{\"@type\":\"ImageObject\",\"inLanguage\":\"pt-BR\",\"@id\":\"https:\\\/\\\/ponteseditores.com.br\\\/loja3\\\/pontes-editores-home-2__trashed\\\/ebook\\\/lancamento-e-book\\\/a-contribuicao-das-empresas-multinacionais-aos-objetivos-do-desenvolvimento-sustentavel\\\/#primaryimage\",\"url\":\"https:\\\/\\\/ponteseditores.com.br\\\/loja3\\\/wp-content\\\/uploads\\\/2024\\\/12\\\/Capa_Contribuicao_Empresas.jpg\",\"contentUrl\":\"https:\\\/\\\/ponteseditores.com.br\\\/loja3\\\/wp-content\\\/uploads\\\/2024\\\/12\\\/Capa_Contribuicao_Empresas.jpg\",\"width\":1728,\"height\":2443},{\"@type\":\"BreadcrumbList\",\"@id\":\"https:\\\/\\\/ponteseditores.com.br\\\/loja3\\\/pontes-editores-home-2__trashed\\\/ebook\\\/lancamento-e-book\\\/a-contribuicao-das-empresas-multinacionais-aos-objetivos-do-desenvolvimento-sustentavel\\\/#breadcrumb\",\"itemListElement\":[{\"@type\":\"ListItem\",\"position\":1,\"name\":\"Home\",\"item\":\"https:\\\/\\\/ponteseditores.com.br\\\/loja3\\\/\"},{\"@type\":\"ListItem\",\"position\":2,\"name\":\"loja\",\"item\":\"https:\\\/\\\/ponteseditores.com.br\\\/loja3\\\/loja\\\/\"},{\"@type\":\"ListItem\",\"position\":3,\"name\":\"A contribui\u00e7\u00e3o das empresas multinacionais aos objetivos do desenvolvimento sustent\u00e1vel\"}]},{\"@type\":\"WebSite\",\"@id\":\"https:\\\/\\\/ponteseditores.com.br\\\/loja3\\\/#website\",\"url\":\"https:\\\/\\\/ponteseditores.com.br\\\/loja3\\\/\",\"name\":\"Pontes Editores\",\"description\":\"Pontes Editores\",\"publisher\":{\"@id\":\"https:\\\/\\\/ponteseditores.com.br\\\/loja3\\\/#organization\"},\"potentialAction\":[{\"@type\":\"SearchAction\",\"target\":{\"@type\":\"EntryPoint\",\"urlTemplate\":\"https:\\\/\\\/ponteseditores.com.br\\\/loja3\\\/?s={search_term_string}\"},\"query-input\":{\"@type\":\"PropertyValueSpecification\",\"valueRequired\":true,\"valueName\":\"search_term_string\"}}],\"inLanguage\":\"pt-BR\"},{\"@type\":\"Organization\",\"@id\":\"https:\\\/\\\/ponteseditores.com.br\\\/loja3\\\/#organization\",\"name\":\"Pontes Editores\",\"url\":\"https:\\\/\\\/ponteseditores.com.br\\\/loja3\\\/\",\"logo\":{\"@type\":\"ImageObject\",\"inLanguage\":\"pt-BR\",\"@id\":\"https:\\\/\\\/ponteseditores.com.br\\\/loja3\\\/#\\\/schema\\\/logo\\\/image\\\/\",\"url\":\"https:\\\/\\\/ponteseditores.com.br\\\/loja3\\\/wp-content\\\/uploads\\\/2023\\\/12\\\/logo-pontes-editores-v2.png\",\"contentUrl\":\"https:\\\/\\\/ponteseditores.com.br\\\/loja3\\\/wp-content\\\/uploads\\\/2023\\\/12\\\/logo-pontes-editores-v2.png\",\"width\":258,\"height\":100,\"caption\":\"Pontes Editores\"},\"image\":{\"@id\":\"https:\\\/\\\/ponteseditores.com.br\\\/loja3\\\/#\\\/schema\\\/logo\\\/image\\\/\"}}]}<\/script>\n<!-- \/ Yoast SEO plugin. -->","yoast_head_json":{"title":"A contribui\u00e7\u00e3o das empresas multinacionais aos objetivos do desenvolvimento sustent\u00e1vel - Pontes Editores","robots":{"index":"index","follow":"follow","max-snippet":"max-snippet:-1","max-image-preview":"max-image-preview:large","max-video-preview":"max-video-preview:-1"},"canonical":"https:\/\/ponteseditores.com.br\/loja3\/pontes-editores-home-2__trashed\/ebook\/lancamento-e-book\/a-contribuicao-das-empresas-multinacionais-aos-objetivos-do-desenvolvimento-sustentavel\/","og_locale":"pt_BR","og_type":"article","og_title":"A contribui\u00e7\u00e3o das empresas multinacionais aos objetivos do desenvolvimento sustent\u00e1vel - Pontes Editores","og_description":"O livro A Contribui\u00e7\u00e3o das Empresas Multinacionais para os Objetivos de Desenvolvimento Sustent\u00e1vel apresenta uma abordagem inovadora sobre como a responsabilidade corporativa pode impulsionar a concretiza\u00e7\u00e3o da Agenda 2030 da ONU. Publicada pela Pontes Editores, a obra re\u00fane especialistas internacionais e juristas em uma an\u00e1lise aprofundada de como as corpora\u00e7\u00f5es multinacionais podem alinhar suas atividades [&hellip;]","og_url":"https:\/\/ponteseditores.com.br\/loja3\/pontes-editores-home-2__trashed\/ebook\/lancamento-e-book\/a-contribuicao-das-empresas-multinacionais-aos-objetivos-do-desenvolvimento-sustentavel\/","og_site_name":"Pontes Editores","article_modified_time":"2024-12-10T14:53:50+00:00","og_image":[{"width":1728,"height":2443,"url":"https:\/\/ponteseditores.com.br\/loja3\/wp-content\/uploads\/2024\/12\/Capa_Contribuicao_Empresas.jpg","type":"image\/jpeg"}],"twitter_card":"summary_large_image","twitter_misc":{"Est. tempo de leitura":"2 minutos"},"schema":{"@context":"https:\/\/schema.org","@graph":[{"@type":"WebPage","@id":"https:\/\/ponteseditores.com.br\/loja3\/pontes-editores-home-2__trashed\/ebook\/lancamento-e-book\/a-contribuicao-das-empresas-multinacionais-aos-objetivos-do-desenvolvimento-sustentavel\/","url":"https:\/\/ponteseditores.com.br\/loja3\/pontes-editores-home-2__trashed\/ebook\/lancamento-e-book\/a-contribuicao-das-empresas-multinacionais-aos-objetivos-do-desenvolvimento-sustentavel\/","name":"A contribui\u00e7\u00e3o das empresas multinacionais aos objetivos do desenvolvimento sustent\u00e1vel - Pontes Editores","isPartOf":{"@id":"https:\/\/ponteseditores.com.br\/loja3\/#website"},"primaryImageOfPage":{"@id":"https:\/\/ponteseditores.com.br\/loja3\/pontes-editores-home-2__trashed\/ebook\/lancamento-e-book\/a-contribuicao-das-empresas-multinacionais-aos-objetivos-do-desenvolvimento-sustentavel\/#primaryimage"},"image":{"@id":"https:\/\/ponteseditores.com.br\/loja3\/pontes-editores-home-2__trashed\/ebook\/lancamento-e-book\/a-contribuicao-das-empresas-multinacionais-aos-objetivos-do-desenvolvimento-sustentavel\/#primaryimage"},"thumbnailUrl":"https:\/\/ponteseditores.com.br\/loja3\/wp-content\/uploads\/2024\/12\/Capa_Contribuicao_Empresas.jpg","datePublished":"2024-12-10T04:20:38+00:00","dateModified":"2024-12-10T14:53:50+00:00","breadcrumb":{"@id":"https:\/\/ponteseditores.com.br\/loja3\/pontes-editores-home-2__trashed\/ebook\/lancamento-e-book\/a-contribuicao-das-empresas-multinacionais-aos-objetivos-do-desenvolvimento-sustentavel\/#breadcrumb"},"inLanguage":"pt-BR","potentialAction":[{"@type":"ReadAction","target":["https:\/\/ponteseditores.com.br\/loja3\/pontes-editores-home-2__trashed\/ebook\/lancamento-e-book\/a-contribuicao-das-empresas-multinacionais-aos-objetivos-do-desenvolvimento-sustentavel\/"]}]},{"@type":"ImageObject","inLanguage":"pt-BR","@id":"https:\/\/ponteseditores.com.br\/loja3\/pontes-editores-home-2__trashed\/ebook\/lancamento-e-book\/a-contribuicao-das-empresas-multinacionais-aos-objetivos-do-desenvolvimento-sustentavel\/#primaryimage","url":"https:\/\/ponteseditores.com.br\/loja3\/wp-content\/uploads\/2024\/12\/Capa_Contribuicao_Empresas.jpg","contentUrl":"https:\/\/ponteseditores.com.br\/loja3\/wp-content\/uploads\/2024\/12\/Capa_Contribuicao_Empresas.jpg","width":1728,"height":2443},{"@type":"BreadcrumbList","@id":"https:\/\/ponteseditores.com.br\/loja3\/pontes-editores-home-2__trashed\/ebook\/lancamento-e-book\/a-contribuicao-das-empresas-multinacionais-aos-objetivos-do-desenvolvimento-sustentavel\/#breadcrumb","itemListElement":[{"@type":"ListItem","position":1,"name":"Home","item":"https:\/\/ponteseditores.com.br\/loja3\/"},{"@type":"ListItem","position":2,"name":"loja","item":"https:\/\/ponteseditores.com.br\/loja3\/loja\/"},{"@type":"ListItem","position":3,"name":"A contribui\u00e7\u00e3o das empresas multinacionais aos objetivos do desenvolvimento sustent\u00e1vel"}]},{"@type":"WebSite","@id":"https:\/\/ponteseditores.com.br\/loja3\/#website","url":"https:\/\/ponteseditores.com.br\/loja3\/","name":"Pontes Editores","description":"Pontes Editores","publisher":{"@id":"https:\/\/ponteseditores.com.br\/loja3\/#organization"},"potentialAction":[{"@type":"SearchAction","target":{"@type":"EntryPoint","urlTemplate":"https:\/\/ponteseditores.com.br\/loja3\/?s={search_term_string}"},"query-input":{"@type":"PropertyValueSpecification","valueRequired":true,"valueName":"search_term_string"}}],"inLanguage":"pt-BR"},{"@type":"Organization","@id":"https:\/\/ponteseditores.com.br\/loja3\/#organization","name":"Pontes Editores","url":"https:\/\/ponteseditores.com.br\/loja3\/","logo":{"@type":"ImageObject","inLanguage":"pt-BR","@id":"https:\/\/ponteseditores.com.br\/loja3\/#\/schema\/logo\/image\/","url":"https:\/\/ponteseditores.com.br\/loja3\/wp-content\/uploads\/2023\/12\/logo-pontes-editores-v2.png","contentUrl":"https:\/\/ponteseditores.com.br\/loja3\/wp-content\/uploads\/2023\/12\/logo-pontes-editores-v2.png","width":258,"height":100,"caption":"Pontes Editores"},"image":{"@id":"https:\/\/ponteseditores.com.br\/loja3\/#\/schema\/logo\/image\/"}}]}},"_links":{"self":[{"href":"https:\/\/ponteseditores.com.br\/loja3\/wp-json\/wp\/v2\/product\/19337","targetHints":{"allow":["GET"]}}],"collection":[{"href":"https:\/\/ponteseditores.com.br\/loja3\/wp-json\/wp\/v2\/product"}],"about":[{"href":"https:\/\/ponteseditores.com.br\/loja3\/wp-json\/wp\/v2\/types\/product"}],"replies":[{"embeddable":true,"href":"https:\/\/ponteseditores.com.br\/loja3\/wp-json\/wp\/v2\/comments?post=19337"}],"version-history":[{"count":3,"href":"https:\/\/ponteseditores.com.br\/loja3\/wp-json\/wp\/v2\/product\/19337\/revisions"}],"predecessor-version":[{"id":19356,"href":"https:\/\/ponteseditores.com.br\/loja3\/wp-json\/wp\/v2\/product\/19337\/revisions\/19356"}],"wp:featuredmedia":[{"embeddable":true,"href":"https:\/\/ponteseditores.com.br\/loja3\/wp-json\/wp\/v2\/media\/19339"}],"wp:attachment":[{"href":"https:\/\/ponteseditores.com.br\/loja3\/wp-json\/wp\/v2\/media?parent=19337"}],"wp:term":[{"taxonomy":"product_brand","embeddable":true,"href":"https:\/\/ponteseditores.com.br\/loja3\/wp-json\/wp\/v2\/product_brand?post=19337"},{"taxonomy":"product_cat","embeddable":true,"href":"https:\/\/ponteseditores.com.br\/loja3\/wp-json\/wp\/v2\/product_cat?post=19337"},{"taxonomy":"product_tag","embeddable":true,"href":"https:\/\/ponteseditores.com.br\/loja3\/wp-json\/wp\/v2\/product_tag?post=19337"}],"curies":[{"name":"wp","href":"https:\/\/api.w.org\/{rel}","templated":true}]}}