{"id":19301,"date":"2024-12-09T11:16:05","date_gmt":"2024-12-09T14:16:05","guid":{"rendered":"https:\/\/ponteseditores.com.br\/loja3\/?post_type=product&#038;p=19301"},"modified":"2024-12-09T11:16:05","modified_gmt":"2024-12-09T14:16:05","slug":"pesquisa-qualitativa-em-linguistica-aplicada-narrando-reflexoes-sobre-teorias-e-praticas-2","status":"publish","type":"product","link":"https:\/\/ponteseditores.com.br\/loja3\/pontes-editores-home-2__trashed\/ebook\/lancamento-e-book\/pesquisa-qualitativa-em-linguistica-aplicada-narrando-reflexoes-sobre-teorias-e-praticas-2\/","title":{"rendered":"Pesquisa qualitativa em lingu\u00edstica aplicada: narrando reflex\u00f5es sobre teorias e pr\u00e1ticas"},"content":{"rendered":"<p>Este livro relata processos de constru\u00e7\u00e3o de semin\u00e1rios apresentados em uma disciplina ofertada pelo Programa de P\u00f3s-Gradua\u00e7\u00e3o em Letras da Universidade Federal do Paran\u00e1 de uma forma diferente, ou seja, pelos pr\u00f3prios discentes que participaram da disciplina. Os temas dos diferentes cap\u00edtulos s\u00e3o sobre diferentes tipos de pesquisa qualitativa em Lingu\u00edstica Aplicada em que cada autor e autora compartilham tamb\u00e9m entendimentos pr\u00f3prios sobre processos de constru\u00e7\u00e3o de conhecimentos que foram desenvolvendo ao longo da oferta da disciplina.<\/p>\n<p>Assim, como relata a professora Clarissa Menezes Jord\u00e3o no Pref\u00e1cio do livro, \u201cos textos desse livro trazem um alento diante do anticientificismo que se tem disseminado por a\u00ed, demonstrando como pode ser produtivo colaborar na constru\u00e7\u00e3o de conhecimento sobre pesquisa e, ao mesmo tempo, sobre as pr\u00e1ticas de sala de aula na p\u00f3s-gradua\u00e7\u00e3o\u201d.<\/p>\n","protected":false},"excerpt":{"rendered":"<p>Este livro relata processos de constru\u00e7\u00e3o de semin\u00e1rios apresentados em uma disciplina ofertada pelo Programa de P\u00f3s-Gradua\u00e7\u00e3o em Letras da Universidade Federal do Paran\u00e1 de uma forma diferente, ou seja, pelos pr\u00f3prios discentes que participaram da disciplina. Os temas dos diferentes cap\u00edtulos s\u00e3o sobre diferentes tipos de pesquisa qualitativa em Lingu\u00edstica Aplicada em que cada [&hellip;]<\/p>\n","protected":false},"featured_media":19303,"comment_status":"open","ping_status":"closed","template":"","meta":{"_joinchat":[]},"product_brand":[],"product_cat":[165,386,79],"product_tag":[],"class_list":{"0":"post-19301","1":"product","2":"type-product","3":"status-publish","4":"has-post-thumbnail","6":"product_cat-ebook","7":"product_cat-lancamento-e-book","8":"product_cat-linguistica-aplicada","10":"first","11":"instock","12":"downloadable","13":"virtual","14":"purchasable","15":"product-type-simple"},"yoast_head":"<!-- This site is optimized with the Yoast SEO plugin v27.4 - https:\/\/yoast.com\/product\/yoast-seo-wordpress\/ -->\n<title>Pesquisa qualitativa em lingu\u00edstica aplicada: narrando reflex\u00f5es sobre teorias e pr\u00e1ticas - Pontes Editores<\/title>\n<meta name=\"robots\" content=\"index, follow, max-snippet:-1, max-image-preview:large, max-video-preview:-1\" \/>\n<link rel=\"canonical\" href=\"https:\/\/ponteseditores.com.br\/loja3\/pontes-editores-home-2__trashed\/ebook\/lancamento-e-book\/pesquisa-qualitativa-em-linguistica-aplicada-narrando-reflexoes-sobre-teorias-e-praticas-2\/\" \/>\n<meta property=\"og:locale\" content=\"pt_BR\" \/>\n<meta property=\"og:type\" content=\"article\" \/>\n<meta property=\"og:title\" content=\"Pesquisa qualitativa em lingu\u00edstica aplicada: narrando reflex\u00f5es sobre teorias e pr\u00e1ticas - Pontes Editores\" \/>\n<meta property=\"og:description\" content=\"Este livro relata processos de constru\u00e7\u00e3o de semin\u00e1rios apresentados em uma disciplina ofertada pelo Programa de P\u00f3s-Gradua\u00e7\u00e3o em Letras da Universidade Federal do Paran\u00e1 de uma forma diferente, ou seja, pelos pr\u00f3prios discentes que participaram da disciplina. Os temas dos diferentes cap\u00edtulos s\u00e3o sobre diferentes tipos de pesquisa qualitativa em Lingu\u00edstica Aplicada em que cada [&hellip;]\" \/>\n<meta property=\"og:url\" content=\"https:\/\/ponteseditores.com.br\/loja3\/pontes-editores-home-2__trashed\/ebook\/lancamento-e-book\/pesquisa-qualitativa-em-linguistica-aplicada-narrando-reflexoes-sobre-teorias-e-praticas-2\/\" \/>\n<meta property=\"og:site_name\" content=\"Pontes Editores\" \/>\n<meta property=\"og:image\" content=\"https:\/\/ponteseditores.com.br\/loja3\/wp-content\/uploads\/2024\/12\/Capa_Pesquisa_qualitativa-1.jpg\" \/>\n\t<meta property=\"og:image:width\" content=\"1728\" \/>\n\t<meta property=\"og:image:height\" content=\"2443\" \/>\n\t<meta property=\"og:image:type\" content=\"image\/jpeg\" \/>\n<meta name=\"twitter:card\" content=\"summary_large_image\" \/>\n<meta name=\"twitter:label1\" content=\"Est. tempo de leitura\" \/>\n\t<meta name=\"twitter:data1\" content=\"1 minuto\" \/>\n<script type=\"application\/ld+json\" class=\"yoast-schema-graph\">{\"@context\":\"https:\\\/\\\/schema.org\",\"@graph\":[{\"@type\":\"WebPage\",\"@id\":\"https:\\\/\\\/ponteseditores.com.br\\\/loja3\\\/pontes-editores-home-2__trashed\\\/ebook\\\/lancamento-e-book\\\/pesquisa-qualitativa-em-linguistica-aplicada-narrando-reflexoes-sobre-teorias-e-praticas-2\\\/\",\"url\":\"https:\\\/\\\/ponteseditores.com.br\\\/loja3\\\/pontes-editores-home-2__trashed\\\/ebook\\\/lancamento-e-book\\\/pesquisa-qualitativa-em-linguistica-aplicada-narrando-reflexoes-sobre-teorias-e-praticas-2\\\/\",\"name\":\"Pesquisa qualitativa em lingu\u00edstica aplicada: narrando reflex\u00f5es sobre teorias e pr\u00e1ticas - Pontes Editores\",\"isPartOf\":{\"@id\":\"https:\\\/\\\/ponteseditores.com.br\\\/loja3\\\/#website\"},\"primaryImageOfPage\":{\"@id\":\"https:\\\/\\\/ponteseditores.com.br\\\/loja3\\\/pontes-editores-home-2__trashed\\\/ebook\\\/lancamento-e-book\\\/pesquisa-qualitativa-em-linguistica-aplicada-narrando-reflexoes-sobre-teorias-e-praticas-2\\\/#primaryimage\"},\"image\":{\"@id\":\"https:\\\/\\\/ponteseditores.com.br\\\/loja3\\\/pontes-editores-home-2__trashed\\\/ebook\\\/lancamento-e-book\\\/pesquisa-qualitativa-em-linguistica-aplicada-narrando-reflexoes-sobre-teorias-e-praticas-2\\\/#primaryimage\"},\"thumbnailUrl\":\"https:\\\/\\\/ponteseditores.com.br\\\/loja3\\\/wp-content\\\/uploads\\\/2024\\\/12\\\/Capa_Pesquisa_qualitativa-1.jpg\",\"datePublished\":\"2024-12-09T14:16:05+00:00\",\"breadcrumb\":{\"@id\":\"https:\\\/\\\/ponteseditores.com.br\\\/loja3\\\/pontes-editores-home-2__trashed\\\/ebook\\\/lancamento-e-book\\\/pesquisa-qualitativa-em-linguistica-aplicada-narrando-reflexoes-sobre-teorias-e-praticas-2\\\/#breadcrumb\"},\"inLanguage\":\"pt-BR\",\"potentialAction\":[{\"@type\":\"ReadAction\",\"target\":[\"https:\\\/\\\/ponteseditores.com.br\\\/loja3\\\/pontes-editores-home-2__trashed\\\/ebook\\\/lancamento-e-book\\\/pesquisa-qualitativa-em-linguistica-aplicada-narrando-reflexoes-sobre-teorias-e-praticas-2\\\/\"]}]},{\"@type\":\"ImageObject\",\"inLanguage\":\"pt-BR\",\"@id\":\"https:\\\/\\\/ponteseditores.com.br\\\/loja3\\\/pontes-editores-home-2__trashed\\\/ebook\\\/lancamento-e-book\\\/pesquisa-qualitativa-em-linguistica-aplicada-narrando-reflexoes-sobre-teorias-e-praticas-2\\\/#primaryimage\",\"url\":\"https:\\\/\\\/ponteseditores.com.br\\\/loja3\\\/wp-content\\\/uploads\\\/2024\\\/12\\\/Capa_Pesquisa_qualitativa-1.jpg\",\"contentUrl\":\"https:\\\/\\\/ponteseditores.com.br\\\/loja3\\\/wp-content\\\/uploads\\\/2024\\\/12\\\/Capa_Pesquisa_qualitativa-1.jpg\",\"width\":1728,\"height\":2443},{\"@type\":\"BreadcrumbList\",\"@id\":\"https:\\\/\\\/ponteseditores.com.br\\\/loja3\\\/pontes-editores-home-2__trashed\\\/ebook\\\/lancamento-e-book\\\/pesquisa-qualitativa-em-linguistica-aplicada-narrando-reflexoes-sobre-teorias-e-praticas-2\\\/#breadcrumb\",\"itemListElement\":[{\"@type\":\"ListItem\",\"position\":1,\"name\":\"Home\",\"item\":\"https:\\\/\\\/ponteseditores.com.br\\\/loja3\\\/\"},{\"@type\":\"ListItem\",\"position\":2,\"name\":\"loja\",\"item\":\"https:\\\/\\\/ponteseditores.com.br\\\/loja3\\\/loja\\\/\"},{\"@type\":\"ListItem\",\"position\":3,\"name\":\"Pesquisa qualitativa em lingu\u00edstica aplicada: narrando reflex\u00f5es sobre teorias e pr\u00e1ticas\"}]},{\"@type\":\"WebSite\",\"@id\":\"https:\\\/\\\/ponteseditores.com.br\\\/loja3\\\/#website\",\"url\":\"https:\\\/\\\/ponteseditores.com.br\\\/loja3\\\/\",\"name\":\"Pontes Editores\",\"description\":\"Pontes Editores\",\"publisher\":{\"@id\":\"https:\\\/\\\/ponteseditores.com.br\\\/loja3\\\/#organization\"},\"potentialAction\":[{\"@type\":\"SearchAction\",\"target\":{\"@type\":\"EntryPoint\",\"urlTemplate\":\"https:\\\/\\\/ponteseditores.com.br\\\/loja3\\\/?s={search_term_string}\"},\"query-input\":{\"@type\":\"PropertyValueSpecification\",\"valueRequired\":true,\"valueName\":\"search_term_string\"}}],\"inLanguage\":\"pt-BR\"},{\"@type\":\"Organization\",\"@id\":\"https:\\\/\\\/ponteseditores.com.br\\\/loja3\\\/#organization\",\"name\":\"Pontes Editores\",\"url\":\"https:\\\/\\\/ponteseditores.com.br\\\/loja3\\\/\",\"logo\":{\"@type\":\"ImageObject\",\"inLanguage\":\"pt-BR\",\"@id\":\"https:\\\/\\\/ponteseditores.com.br\\\/loja3\\\/#\\\/schema\\\/logo\\\/image\\\/\",\"url\":\"https:\\\/\\\/ponteseditores.com.br\\\/loja3\\\/wp-content\\\/uploads\\\/2023\\\/12\\\/logo-pontes-editores-v2.png\",\"contentUrl\":\"https:\\\/\\\/ponteseditores.com.br\\\/loja3\\\/wp-content\\\/uploads\\\/2023\\\/12\\\/logo-pontes-editores-v2.png\",\"width\":258,\"height\":100,\"caption\":\"Pontes Editores\"},\"image\":{\"@id\":\"https:\\\/\\\/ponteseditores.com.br\\\/loja3\\\/#\\\/schema\\\/logo\\\/image\\\/\"}}]}<\/script>\n<!-- \/ Yoast SEO plugin. -->","yoast_head_json":{"title":"Pesquisa qualitativa em lingu\u00edstica aplicada: narrando reflex\u00f5es sobre teorias e pr\u00e1ticas - Pontes Editores","robots":{"index":"index","follow":"follow","max-snippet":"max-snippet:-1","max-image-preview":"max-image-preview:large","max-video-preview":"max-video-preview:-1"},"canonical":"https:\/\/ponteseditores.com.br\/loja3\/pontes-editores-home-2__trashed\/ebook\/lancamento-e-book\/pesquisa-qualitativa-em-linguistica-aplicada-narrando-reflexoes-sobre-teorias-e-praticas-2\/","og_locale":"pt_BR","og_type":"article","og_title":"Pesquisa qualitativa em lingu\u00edstica aplicada: narrando reflex\u00f5es sobre teorias e pr\u00e1ticas - Pontes Editores","og_description":"Este livro relata processos de constru\u00e7\u00e3o de semin\u00e1rios apresentados em uma disciplina ofertada pelo Programa de P\u00f3s-Gradua\u00e7\u00e3o em Letras da Universidade Federal do Paran\u00e1 de uma forma diferente, ou seja, pelos pr\u00f3prios discentes que participaram da disciplina. Os temas dos diferentes cap\u00edtulos s\u00e3o sobre diferentes tipos de pesquisa qualitativa em Lingu\u00edstica Aplicada em que cada [&hellip;]","og_url":"https:\/\/ponteseditores.com.br\/loja3\/pontes-editores-home-2__trashed\/ebook\/lancamento-e-book\/pesquisa-qualitativa-em-linguistica-aplicada-narrando-reflexoes-sobre-teorias-e-praticas-2\/","og_site_name":"Pontes Editores","og_image":[{"width":1728,"height":2443,"url":"https:\/\/ponteseditores.com.br\/loja3\/wp-content\/uploads\/2024\/12\/Capa_Pesquisa_qualitativa-1.jpg","type":"image\/jpeg"}],"twitter_card":"summary_large_image","twitter_misc":{"Est. tempo de leitura":"1 minuto"},"schema":{"@context":"https:\/\/schema.org","@graph":[{"@type":"WebPage","@id":"https:\/\/ponteseditores.com.br\/loja3\/pontes-editores-home-2__trashed\/ebook\/lancamento-e-book\/pesquisa-qualitativa-em-linguistica-aplicada-narrando-reflexoes-sobre-teorias-e-praticas-2\/","url":"https:\/\/ponteseditores.com.br\/loja3\/pontes-editores-home-2__trashed\/ebook\/lancamento-e-book\/pesquisa-qualitativa-em-linguistica-aplicada-narrando-reflexoes-sobre-teorias-e-praticas-2\/","name":"Pesquisa qualitativa em lingu\u00edstica aplicada: narrando reflex\u00f5es sobre teorias e pr\u00e1ticas - Pontes Editores","isPartOf":{"@id":"https:\/\/ponteseditores.com.br\/loja3\/#website"},"primaryImageOfPage":{"@id":"https:\/\/ponteseditores.com.br\/loja3\/pontes-editores-home-2__trashed\/ebook\/lancamento-e-book\/pesquisa-qualitativa-em-linguistica-aplicada-narrando-reflexoes-sobre-teorias-e-praticas-2\/#primaryimage"},"image":{"@id":"https:\/\/ponteseditores.com.br\/loja3\/pontes-editores-home-2__trashed\/ebook\/lancamento-e-book\/pesquisa-qualitativa-em-linguistica-aplicada-narrando-reflexoes-sobre-teorias-e-praticas-2\/#primaryimage"},"thumbnailUrl":"https:\/\/ponteseditores.com.br\/loja3\/wp-content\/uploads\/2024\/12\/Capa_Pesquisa_qualitativa-1.jpg","datePublished":"2024-12-09T14:16:05+00:00","breadcrumb":{"@id":"https:\/\/ponteseditores.com.br\/loja3\/pontes-editores-home-2__trashed\/ebook\/lancamento-e-book\/pesquisa-qualitativa-em-linguistica-aplicada-narrando-reflexoes-sobre-teorias-e-praticas-2\/#breadcrumb"},"inLanguage":"pt-BR","potentialAction":[{"@type":"ReadAction","target":["https:\/\/ponteseditores.com.br\/loja3\/pontes-editores-home-2__trashed\/ebook\/lancamento-e-book\/pesquisa-qualitativa-em-linguistica-aplicada-narrando-reflexoes-sobre-teorias-e-praticas-2\/"]}]},{"@type":"ImageObject","inLanguage":"pt-BR","@id":"https:\/\/ponteseditores.com.br\/loja3\/pontes-editores-home-2__trashed\/ebook\/lancamento-e-book\/pesquisa-qualitativa-em-linguistica-aplicada-narrando-reflexoes-sobre-teorias-e-praticas-2\/#primaryimage","url":"https:\/\/ponteseditores.com.br\/loja3\/wp-content\/uploads\/2024\/12\/Capa_Pesquisa_qualitativa-1.jpg","contentUrl":"https:\/\/ponteseditores.com.br\/loja3\/wp-content\/uploads\/2024\/12\/Capa_Pesquisa_qualitativa-1.jpg","width":1728,"height":2443},{"@type":"BreadcrumbList","@id":"https:\/\/ponteseditores.com.br\/loja3\/pontes-editores-home-2__trashed\/ebook\/lancamento-e-book\/pesquisa-qualitativa-em-linguistica-aplicada-narrando-reflexoes-sobre-teorias-e-praticas-2\/#breadcrumb","itemListElement":[{"@type":"ListItem","position":1,"name":"Home","item":"https:\/\/ponteseditores.com.br\/loja3\/"},{"@type":"ListItem","position":2,"name":"loja","item":"https:\/\/ponteseditores.com.br\/loja3\/loja\/"},{"@type":"ListItem","position":3,"name":"Pesquisa qualitativa em lingu\u00edstica aplicada: narrando reflex\u00f5es sobre teorias e pr\u00e1ticas"}]},{"@type":"WebSite","@id":"https:\/\/ponteseditores.com.br\/loja3\/#website","url":"https:\/\/ponteseditores.com.br\/loja3\/","name":"Pontes Editores","description":"Pontes Editores","publisher":{"@id":"https:\/\/ponteseditores.com.br\/loja3\/#organization"},"potentialAction":[{"@type":"SearchAction","target":{"@type":"EntryPoint","urlTemplate":"https:\/\/ponteseditores.com.br\/loja3\/?s={search_term_string}"},"query-input":{"@type":"PropertyValueSpecification","valueRequired":true,"valueName":"search_term_string"}}],"inLanguage":"pt-BR"},{"@type":"Organization","@id":"https:\/\/ponteseditores.com.br\/loja3\/#organization","name":"Pontes Editores","url":"https:\/\/ponteseditores.com.br\/loja3\/","logo":{"@type":"ImageObject","inLanguage":"pt-BR","@id":"https:\/\/ponteseditores.com.br\/loja3\/#\/schema\/logo\/image\/","url":"https:\/\/ponteseditores.com.br\/loja3\/wp-content\/uploads\/2023\/12\/logo-pontes-editores-v2.png","contentUrl":"https:\/\/ponteseditores.com.br\/loja3\/wp-content\/uploads\/2023\/12\/logo-pontes-editores-v2.png","width":258,"height":100,"caption":"Pontes Editores"},"image":{"@id":"https:\/\/ponteseditores.com.br\/loja3\/#\/schema\/logo\/image\/"}}]}},"_links":{"self":[{"href":"https:\/\/ponteseditores.com.br\/loja3\/wp-json\/wp\/v2\/product\/19301","targetHints":{"allow":["GET"]}}],"collection":[{"href":"https:\/\/ponteseditores.com.br\/loja3\/wp-json\/wp\/v2\/product"}],"about":[{"href":"https:\/\/ponteseditores.com.br\/loja3\/wp-json\/wp\/v2\/types\/product"}],"replies":[{"embeddable":true,"href":"https:\/\/ponteseditores.com.br\/loja3\/wp-json\/wp\/v2\/comments?post=19301"}],"version-history":[{"count":1,"href":"https:\/\/ponteseditores.com.br\/loja3\/wp-json\/wp\/v2\/product\/19301\/revisions"}],"predecessor-version":[{"id":19304,"href":"https:\/\/ponteseditores.com.br\/loja3\/wp-json\/wp\/v2\/product\/19301\/revisions\/19304"}],"wp:featuredmedia":[{"embeddable":true,"href":"https:\/\/ponteseditores.com.br\/loja3\/wp-json\/wp\/v2\/media\/19303"}],"wp:attachment":[{"href":"https:\/\/ponteseditores.com.br\/loja3\/wp-json\/wp\/v2\/media?parent=19301"}],"wp:term":[{"taxonomy":"product_brand","embeddable":true,"href":"https:\/\/ponteseditores.com.br\/loja3\/wp-json\/wp\/v2\/product_brand?post=19301"},{"taxonomy":"product_cat","embeddable":true,"href":"https:\/\/ponteseditores.com.br\/loja3\/wp-json\/wp\/v2\/product_cat?post=19301"},{"taxonomy":"product_tag","embeddable":true,"href":"https:\/\/ponteseditores.com.br\/loja3\/wp-json\/wp\/v2\/product_tag?post=19301"}],"curies":[{"name":"wp","href":"https:\/\/api.w.org\/{rel}","templated":true}]}}