{"id":186,"date":"2023-12-04T18:40:13","date_gmt":"2023-12-04T18:40:13","guid":{"rendered":"https:\/\/ponteseditores.com.br\/loja3\/?post_type=product&#038;p=186"},"modified":"2023-12-11T01:48:00","modified_gmt":"2023-12-11T04:48:00","slug":"ensino-de-gramatica","status":"publish","type":"product","link":"https:\/\/ponteseditores.com.br\/loja3\/pontes-editores-home-2__trashed\/ensino-de-lingua-portuguesa\/ensino-de-gramatica\/","title":{"rendered":"ENSINO DE GRAM\u00c1TICA"},"content":{"rendered":"<h2 class=\"p1\">Reflex\u00f5es sobre a sem\u00e2ntica do portugu\u00eas brasileiro<\/h2>\n<p class=\"p1\">Embora os estudos sobre a sem\u00e2ntica do portugu\u00eas brasileiro tenham avan\u00e7ado muito nos \u00faltimos anos, trata-se de uma \u00e1rea ainda muito pouco explorada no \u00e2mbito do ensino de l\u00edngua portuguesa. Este livro demonstra como os conhecimentos mais atuais sobre a sem\u00e2ntica da l\u00edngua portuguesa podem ser traduzidos para o ensino de gram\u00e1tica na escola.<\/p>\n<p class=\"p1\">O livro conta com a experi\u00eancia acumulada de v\u00e1rios linguistas cujo percurso acad\u00eamico consideramos bastante prof\u00edcuo em dire\u00e7\u00e3o \u00e0 descri\u00e7\u00e3o e an\u00e1lise lingu\u00edstica em geral e, em particular, \u00e0 descri\u00e7\u00e3o e an\u00e1lise sem\u00e2ntica dos aspectos gramaticais do portugu\u00eas brasileiro, como Ana M\u00fcller (USP), Ana Paula Quadros Gomes (UFRJ), Carolina Tomasi (USP), Fernanda Rosa (UFMG), Lara Frutos (Unioeste), Lidia Lima da Silva (UNILAB), Lucas Takeo Shimoda (USP), Luiz Fernando Ferreira (USP), Luciana Sanchez Mendes (UFF), Marcela Martins de Freitas Guedes (USP\/SEDUC-SP), Nize Paraguassu Martins (UESPI), Rivanildo da Silva Borges (IFPI) e Roberlei Bertucci (UTFPR).<\/p>\n<p class=\"p1\">Al\u00e9m de discutir o status da sem\u00e2ntica nos materiais did\u00e1ticos, na Base Nacional Comum Curricular (BNCC) e nas Gram\u00e1ticas Tradicionais, esta obra apresenta formas poss\u00edveis e instigantes de aplica\u00e7\u00e3o da Sem\u00e2ntica Gramatical ao ensino, ajudando o leitor a perceber que lidar com esse modelo de an\u00e1lise lingu\u00edstica n\u00e3o \u00e9 dif\u00edcil e pode ser uma resposta a alguns anseios dos professores de l\u00edngua portuguesa.<\/p>\n<p class=\"p1\">Ao final dos cap\u00edtulos que discutem aspectos gramaticais do portugu\u00eas brasileiro, s\u00e3o apresentadas atividades de an\u00e1lise e reflex\u00e3o lingu\u00edstica para que o leitor possa constatar poss\u00edveis aplica\u00e7\u00f5es da Sem\u00e2ntica Gramatical ao ensino e o quanto sua utiliza\u00e7\u00e3o como fundamento te\u00f3rico e metodol\u00f3gico pode ser produtiva.<\/p>\n","protected":false},"excerpt":{"rendered":"<p>Embora os estudos sobre a sem\u00e2ntica do portugu\u00eas brasileiro tenham avan\u00e7ado muito nos \u00faltimos anos, trata-se de uma \u00e1rea ainda muito pouco explorada no \u00e2mbito do ensino de l\u00edngua portuguesa. Este livro demonstra como os conhecimentos mais atuais sobre a sem\u00e2ntica da l\u00edngua portuguesa podem ser traduzidos para o ensino de gram\u00e1tica na escola.<\/p>\n","protected":false},"featured_media":112,"comment_status":"open","ping_status":"closed","template":"","meta":{"_joinchat":[]},"product_brand":[],"product_cat":[97,96],"product_tag":[],"class_list":{"0":"post-186","1":"product","2":"type-product","3":"status-publish","4":"has-post-thumbnail","6":"product_cat-educacao","7":"product_cat-ensino-de-lingua-portuguesa","9":"first","10":"instock","11":"shipping-taxable","12":"purchasable","13":"product-type-simple"},"yoast_head":"<!-- This site is optimized with the Yoast SEO plugin v27.4 - https:\/\/yoast.com\/product\/yoast-seo-wordpress\/ -->\n<title>ENSINO DE GRAM\u00c1TICA - Pontes Editores<\/title>\n<meta name=\"robots\" content=\"index, follow, max-snippet:-1, max-image-preview:large, max-video-preview:-1\" \/>\n<link rel=\"canonical\" href=\"https:\/\/ponteseditores.com.br\/loja3\/pontes-editores-home-2__trashed\/ensino-de-lingua-portuguesa\/ensino-de-gramatica\/\" \/>\n<meta property=\"og:locale\" content=\"pt_BR\" \/>\n<meta property=\"og:type\" content=\"article\" \/>\n<meta property=\"og:title\" content=\"ENSINO DE GRAM\u00c1TICA - Pontes Editores\" \/>\n<meta property=\"og:description\" content=\"Embora os estudos sobre a sem\u00e2ntica do portugu\u00eas brasileiro tenham avan\u00e7ado muito nos \u00faltimos anos, trata-se de uma \u00e1rea ainda muito pouco explorada no \u00e2mbito do ensino de l\u00edngua portuguesa. Este livro demonstra como os conhecimentos mais atuais sobre a sem\u00e2ntica da l\u00edngua portuguesa podem ser traduzidos para o ensino de gram\u00e1tica na escola.\" \/>\n<meta property=\"og:url\" content=\"https:\/\/ponteseditores.com.br\/loja3\/pontes-editores-home-2__trashed\/ensino-de-lingua-portuguesa\/ensino-de-gramatica\/\" \/>\n<meta property=\"og:site_name\" content=\"Pontes Editores\" \/>\n<meta property=\"article:modified_time\" content=\"2023-12-11T04:48:00+00:00\" \/>\n<meta property=\"og:image\" content=\"https:\/\/ponteseditores.com.br\/loja3\/wp-content\/uploads\/2023\/12\/ensino-de-gramatica-capa-.jpg\" \/>\n\t<meta property=\"og:image:width\" content=\"1728\" \/>\n\t<meta property=\"og:image:height\" content=\"2443\" \/>\n\t<meta property=\"og:image:type\" content=\"image\/jpeg\" \/>\n<meta name=\"twitter:card\" content=\"summary_large_image\" \/>\n<meta name=\"twitter:label1\" content=\"Est. tempo de leitura\" \/>\n\t<meta name=\"twitter:data1\" content=\"2 minutos\" \/>\n<script type=\"application\/ld+json\" class=\"yoast-schema-graph\">{\"@context\":\"https:\\\/\\\/schema.org\",\"@graph\":[{\"@type\":\"WebPage\",\"@id\":\"https:\\\/\\\/ponteseditores.com.br\\\/loja3\\\/pontes-editores-home-2__trashed\\\/ensino-de-lingua-portuguesa\\\/ensino-de-gramatica\\\/\",\"url\":\"https:\\\/\\\/ponteseditores.com.br\\\/loja3\\\/pontes-editores-home-2__trashed\\\/ensino-de-lingua-portuguesa\\\/ensino-de-gramatica\\\/\",\"name\":\"ENSINO DE GRAM\u00c1TICA - Pontes Editores\",\"isPartOf\":{\"@id\":\"https:\\\/\\\/ponteseditores.com.br\\\/loja3\\\/#website\"},\"primaryImageOfPage\":{\"@id\":\"https:\\\/\\\/ponteseditores.com.br\\\/loja3\\\/pontes-editores-home-2__trashed\\\/ensino-de-lingua-portuguesa\\\/ensino-de-gramatica\\\/#primaryimage\"},\"image\":{\"@id\":\"https:\\\/\\\/ponteseditores.com.br\\\/loja3\\\/pontes-editores-home-2__trashed\\\/ensino-de-lingua-portuguesa\\\/ensino-de-gramatica\\\/#primaryimage\"},\"thumbnailUrl\":\"https:\\\/\\\/ponteseditores.com.br\\\/loja3\\\/wp-content\\\/uploads\\\/2023\\\/12\\\/ensino-de-gramatica-capa-.jpg\",\"datePublished\":\"2023-12-04T18:40:13+00:00\",\"dateModified\":\"2023-12-11T04:48:00+00:00\",\"breadcrumb\":{\"@id\":\"https:\\\/\\\/ponteseditores.com.br\\\/loja3\\\/pontes-editores-home-2__trashed\\\/ensino-de-lingua-portuguesa\\\/ensino-de-gramatica\\\/#breadcrumb\"},\"inLanguage\":\"pt-BR\",\"potentialAction\":[{\"@type\":\"ReadAction\",\"target\":[\"https:\\\/\\\/ponteseditores.com.br\\\/loja3\\\/pontes-editores-home-2__trashed\\\/ensino-de-lingua-portuguesa\\\/ensino-de-gramatica\\\/\"]}]},{\"@type\":\"ImageObject\",\"inLanguage\":\"pt-BR\",\"@id\":\"https:\\\/\\\/ponteseditores.com.br\\\/loja3\\\/pontes-editores-home-2__trashed\\\/ensino-de-lingua-portuguesa\\\/ensino-de-gramatica\\\/#primaryimage\",\"url\":\"https:\\\/\\\/ponteseditores.com.br\\\/loja3\\\/wp-content\\\/uploads\\\/2023\\\/12\\\/ensino-de-gramatica-capa-.jpg\",\"contentUrl\":\"https:\\\/\\\/ponteseditores.com.br\\\/loja3\\\/wp-content\\\/uploads\\\/2023\\\/12\\\/ensino-de-gramatica-capa-.jpg\",\"width\":1728,\"height\":2443},{\"@type\":\"BreadcrumbList\",\"@id\":\"https:\\\/\\\/ponteseditores.com.br\\\/loja3\\\/pontes-editores-home-2__trashed\\\/ensino-de-lingua-portuguesa\\\/ensino-de-gramatica\\\/#breadcrumb\",\"itemListElement\":[{\"@type\":\"ListItem\",\"position\":1,\"name\":\"Home\",\"item\":\"https:\\\/\\\/ponteseditores.com.br\\\/loja3\\\/\"},{\"@type\":\"ListItem\",\"position\":2,\"name\":\"loja\",\"item\":\"https:\\\/\\\/ponteseditores.com.br\\\/loja3\\\/loja\\\/\"},{\"@type\":\"ListItem\",\"position\":3,\"name\":\"ENSINO DE GRAM\u00c1TICA\"}]},{\"@type\":\"WebSite\",\"@id\":\"https:\\\/\\\/ponteseditores.com.br\\\/loja3\\\/#website\",\"url\":\"https:\\\/\\\/ponteseditores.com.br\\\/loja3\\\/\",\"name\":\"Pontes Editores\",\"description\":\"Pontes Editores\",\"publisher\":{\"@id\":\"https:\\\/\\\/ponteseditores.com.br\\\/loja3\\\/#organization\"},\"potentialAction\":[{\"@type\":\"SearchAction\",\"target\":{\"@type\":\"EntryPoint\",\"urlTemplate\":\"https:\\\/\\\/ponteseditores.com.br\\\/loja3\\\/?s={search_term_string}\"},\"query-input\":{\"@type\":\"PropertyValueSpecification\",\"valueRequired\":true,\"valueName\":\"search_term_string\"}}],\"inLanguage\":\"pt-BR\"},{\"@type\":\"Organization\",\"@id\":\"https:\\\/\\\/ponteseditores.com.br\\\/loja3\\\/#organization\",\"name\":\"Pontes Editores\",\"url\":\"https:\\\/\\\/ponteseditores.com.br\\\/loja3\\\/\",\"logo\":{\"@type\":\"ImageObject\",\"inLanguage\":\"pt-BR\",\"@id\":\"https:\\\/\\\/ponteseditores.com.br\\\/loja3\\\/#\\\/schema\\\/logo\\\/image\\\/\",\"url\":\"https:\\\/\\\/ponteseditores.com.br\\\/loja3\\\/wp-content\\\/uploads\\\/2023\\\/12\\\/logo-pontes-editores-v2.png\",\"contentUrl\":\"https:\\\/\\\/ponteseditores.com.br\\\/loja3\\\/wp-content\\\/uploads\\\/2023\\\/12\\\/logo-pontes-editores-v2.png\",\"width\":258,\"height\":100,\"caption\":\"Pontes Editores\"},\"image\":{\"@id\":\"https:\\\/\\\/ponteseditores.com.br\\\/loja3\\\/#\\\/schema\\\/logo\\\/image\\\/\"}}]}<\/script>\n<!-- \/ Yoast SEO plugin. -->","yoast_head_json":{"title":"ENSINO DE GRAM\u00c1TICA - Pontes Editores","robots":{"index":"index","follow":"follow","max-snippet":"max-snippet:-1","max-image-preview":"max-image-preview:large","max-video-preview":"max-video-preview:-1"},"canonical":"https:\/\/ponteseditores.com.br\/loja3\/pontes-editores-home-2__trashed\/ensino-de-lingua-portuguesa\/ensino-de-gramatica\/","og_locale":"pt_BR","og_type":"article","og_title":"ENSINO DE GRAM\u00c1TICA - Pontes Editores","og_description":"Embora os estudos sobre a sem\u00e2ntica do portugu\u00eas brasileiro tenham avan\u00e7ado muito nos \u00faltimos anos, trata-se de uma \u00e1rea ainda muito pouco explorada no \u00e2mbito do ensino de l\u00edngua portuguesa. Este livro demonstra como os conhecimentos mais atuais sobre a sem\u00e2ntica da l\u00edngua portuguesa podem ser traduzidos para o ensino de gram\u00e1tica na escola.","og_url":"https:\/\/ponteseditores.com.br\/loja3\/pontes-editores-home-2__trashed\/ensino-de-lingua-portuguesa\/ensino-de-gramatica\/","og_site_name":"Pontes Editores","article_modified_time":"2023-12-11T04:48:00+00:00","og_image":[{"width":1728,"height":2443,"url":"https:\/\/ponteseditores.com.br\/loja3\/wp-content\/uploads\/2023\/12\/ensino-de-gramatica-capa-.jpg","type":"image\/jpeg"}],"twitter_card":"summary_large_image","twitter_misc":{"Est. tempo de leitura":"2 minutos"},"schema":{"@context":"https:\/\/schema.org","@graph":[{"@type":"WebPage","@id":"https:\/\/ponteseditores.com.br\/loja3\/pontes-editores-home-2__trashed\/ensino-de-lingua-portuguesa\/ensino-de-gramatica\/","url":"https:\/\/ponteseditores.com.br\/loja3\/pontes-editores-home-2__trashed\/ensino-de-lingua-portuguesa\/ensino-de-gramatica\/","name":"ENSINO DE GRAM\u00c1TICA - Pontes Editores","isPartOf":{"@id":"https:\/\/ponteseditores.com.br\/loja3\/#website"},"primaryImageOfPage":{"@id":"https:\/\/ponteseditores.com.br\/loja3\/pontes-editores-home-2__trashed\/ensino-de-lingua-portuguesa\/ensino-de-gramatica\/#primaryimage"},"image":{"@id":"https:\/\/ponteseditores.com.br\/loja3\/pontes-editores-home-2__trashed\/ensino-de-lingua-portuguesa\/ensino-de-gramatica\/#primaryimage"},"thumbnailUrl":"https:\/\/ponteseditores.com.br\/loja3\/wp-content\/uploads\/2023\/12\/ensino-de-gramatica-capa-.jpg","datePublished":"2023-12-04T18:40:13+00:00","dateModified":"2023-12-11T04:48:00+00:00","breadcrumb":{"@id":"https:\/\/ponteseditores.com.br\/loja3\/pontes-editores-home-2__trashed\/ensino-de-lingua-portuguesa\/ensino-de-gramatica\/#breadcrumb"},"inLanguage":"pt-BR","potentialAction":[{"@type":"ReadAction","target":["https:\/\/ponteseditores.com.br\/loja3\/pontes-editores-home-2__trashed\/ensino-de-lingua-portuguesa\/ensino-de-gramatica\/"]}]},{"@type":"ImageObject","inLanguage":"pt-BR","@id":"https:\/\/ponteseditores.com.br\/loja3\/pontes-editores-home-2__trashed\/ensino-de-lingua-portuguesa\/ensino-de-gramatica\/#primaryimage","url":"https:\/\/ponteseditores.com.br\/loja3\/wp-content\/uploads\/2023\/12\/ensino-de-gramatica-capa-.jpg","contentUrl":"https:\/\/ponteseditores.com.br\/loja3\/wp-content\/uploads\/2023\/12\/ensino-de-gramatica-capa-.jpg","width":1728,"height":2443},{"@type":"BreadcrumbList","@id":"https:\/\/ponteseditores.com.br\/loja3\/pontes-editores-home-2__trashed\/ensino-de-lingua-portuguesa\/ensino-de-gramatica\/#breadcrumb","itemListElement":[{"@type":"ListItem","position":1,"name":"Home","item":"https:\/\/ponteseditores.com.br\/loja3\/"},{"@type":"ListItem","position":2,"name":"loja","item":"https:\/\/ponteseditores.com.br\/loja3\/loja\/"},{"@type":"ListItem","position":3,"name":"ENSINO DE GRAM\u00c1TICA"}]},{"@type":"WebSite","@id":"https:\/\/ponteseditores.com.br\/loja3\/#website","url":"https:\/\/ponteseditores.com.br\/loja3\/","name":"Pontes Editores","description":"Pontes Editores","publisher":{"@id":"https:\/\/ponteseditores.com.br\/loja3\/#organization"},"potentialAction":[{"@type":"SearchAction","target":{"@type":"EntryPoint","urlTemplate":"https:\/\/ponteseditores.com.br\/loja3\/?s={search_term_string}"},"query-input":{"@type":"PropertyValueSpecification","valueRequired":true,"valueName":"search_term_string"}}],"inLanguage":"pt-BR"},{"@type":"Organization","@id":"https:\/\/ponteseditores.com.br\/loja3\/#organization","name":"Pontes Editores","url":"https:\/\/ponteseditores.com.br\/loja3\/","logo":{"@type":"ImageObject","inLanguage":"pt-BR","@id":"https:\/\/ponteseditores.com.br\/loja3\/#\/schema\/logo\/image\/","url":"https:\/\/ponteseditores.com.br\/loja3\/wp-content\/uploads\/2023\/12\/logo-pontes-editores-v2.png","contentUrl":"https:\/\/ponteseditores.com.br\/loja3\/wp-content\/uploads\/2023\/12\/logo-pontes-editores-v2.png","width":258,"height":100,"caption":"Pontes Editores"},"image":{"@id":"https:\/\/ponteseditores.com.br\/loja3\/#\/schema\/logo\/image\/"}}]}},"_links":{"self":[{"href":"https:\/\/ponteseditores.com.br\/loja3\/wp-json\/wp\/v2\/product\/186","targetHints":{"allow":["GET"]}}],"collection":[{"href":"https:\/\/ponteseditores.com.br\/loja3\/wp-json\/wp\/v2\/product"}],"about":[{"href":"https:\/\/ponteseditores.com.br\/loja3\/wp-json\/wp\/v2\/types\/product"}],"replies":[{"embeddable":true,"href":"https:\/\/ponteseditores.com.br\/loja3\/wp-json\/wp\/v2\/comments?post=186"}],"version-history":[{"count":1,"href":"https:\/\/ponteseditores.com.br\/loja3\/wp-json\/wp\/v2\/product\/186\/revisions"}],"predecessor-version":[{"id":187,"href":"https:\/\/ponteseditores.com.br\/loja3\/wp-json\/wp\/v2\/product\/186\/revisions\/187"}],"wp:featuredmedia":[{"embeddable":true,"href":"https:\/\/ponteseditores.com.br\/loja3\/wp-json\/wp\/v2\/media\/112"}],"wp:attachment":[{"href":"https:\/\/ponteseditores.com.br\/loja3\/wp-json\/wp\/v2\/media?parent=186"}],"wp:term":[{"taxonomy":"product_brand","embeddable":true,"href":"https:\/\/ponteseditores.com.br\/loja3\/wp-json\/wp\/v2\/product_brand?post=186"},{"taxonomy":"product_cat","embeddable":true,"href":"https:\/\/ponteseditores.com.br\/loja3\/wp-json\/wp\/v2\/product_cat?post=186"},{"taxonomy":"product_tag","embeddable":true,"href":"https:\/\/ponteseditores.com.br\/loja3\/wp-json\/wp\/v2\/product_tag?post=186"}],"curies":[{"name":"wp","href":"https:\/\/api.w.org\/{rel}","templated":true}]}}