{"id":18596,"date":"2024-11-21T11:52:46","date_gmt":"2024-11-21T14:52:46","guid":{"rendered":"https:\/\/ponteseditores.com.br\/loja3\/?post_type=product&#038;p=18596"},"modified":"2024-11-21T11:54:21","modified_gmt":"2024-11-21T14:54:21","slug":"zoonimia-em-libras-como-os-surdos-nomeiam-os-seus-animais-de-estimacao","status":"publish","type":"product","link":"https:\/\/ponteseditores.com.br\/loja3\/pontes-editores-home-2__trashed\/linguistica\/zoonimia-em-libras-como-os-surdos-nomeiam-os-seus-animais-de-estimacao\/","title":{"rendered":"Zoon\u00edmia em libras: como os surdos nomeiam os seus animais de estima\u00e7\u00e3o"},"content":{"rendered":"<p>A obra <strong>Zoon\u00edmia em Libras: como os surdos nomeiam seus animais <\/strong>de estima\u00e7\u00e3o discute o ato de nomear animais de estima\u00e7\u00e3o por crian\u00e7as, jovens e adultos surdos de Rio Branco (Acre) e de Campinas (S\u00e3o Paulo), e apresenta uma metodologia para o desenvolvimento de estudos no \u00e2mbito da Zoon\u00edmia em Libras. O livro \u00e9 organizado em quatro partes principais: na primeira, o autor trata sobre o l\u00e9xico em Libras; na segunda parte, o autor trata da Onom\u00e1stica e de suas sub\u00e1reas: <em>Antropon\u00edmia, Topon\u00edmia, Onion\u00edmia, Teon\u00edmia e Zoon\u00edmia <\/em>\u2013 todas com foco nas l\u00ednguas de sinais; na terceira parte, \u00e9 apresentado o passo-a-passo para o desenvolvimento do estudo; e na quarta parte o autor descreve e analisa 106 sinais de animais de estima\u00e7\u00e3o que compuseram a pesquisa.<\/p>\n<p>A obre finaliza com as considera\u00e7\u00f5es finais.<\/p>\n","protected":false},"excerpt":{"rendered":"<p>A obra Zoon\u00edmia em Libras: como os surdos nomeiam seus animais de estima\u00e7\u00e3o discute o ato de nomear animais de estima\u00e7\u00e3o por crian\u00e7as, jovens e adultos surdos de Rio Branco (Acre) e de Campinas (S\u00e3o Paulo), e apresenta uma metodologia para o desenvolvimento de estudos no \u00e2mbito da Zoon\u00edmia em Libras. O livro \u00e9 organizado [&hellip;]<\/p>\n","protected":false},"featured_media":18597,"comment_status":"open","ping_status":"closed","template":"","meta":{"_joinchat":[]},"product_brand":[],"product_cat":[167,290,31],"product_tag":[],"class_list":{"0":"post-18596","1":"product","2":"type-product","3":"status-publish","4":"has-post-thumbnail","6":"product_cat-lancamento","7":"product_cat-linguagem-e-linguas","8":"product_cat-linguistica","10":"first","11":"instock","12":"shipping-taxable","13":"purchasable","14":"product-type-simple"},"yoast_head":"<!-- This site is optimized with the Yoast SEO plugin v27.4 - https:\/\/yoast.com\/product\/yoast-seo-wordpress\/ -->\n<title>Zoon\u00edmia em libras: como os surdos nomeiam os seus animais de estima\u00e7\u00e3o - Pontes Editores<\/title>\n<meta name=\"robots\" content=\"index, follow, max-snippet:-1, max-image-preview:large, max-video-preview:-1\" \/>\n<link rel=\"canonical\" href=\"https:\/\/ponteseditores.com.br\/loja3\/pontes-editores-home-2__trashed\/linguistica\/zoonimia-em-libras-como-os-surdos-nomeiam-os-seus-animais-de-estimacao\/\" \/>\n<meta property=\"og:locale\" content=\"pt_BR\" \/>\n<meta property=\"og:type\" content=\"article\" \/>\n<meta property=\"og:title\" content=\"Zoon\u00edmia em libras: como os surdos nomeiam os seus animais de estima\u00e7\u00e3o - Pontes Editores\" \/>\n<meta property=\"og:description\" content=\"A obra Zoon\u00edmia em Libras: como os surdos nomeiam seus animais de estima\u00e7\u00e3o discute o ato de nomear animais de estima\u00e7\u00e3o por crian\u00e7as, jovens e adultos surdos de Rio Branco (Acre) e de Campinas (S\u00e3o Paulo), e apresenta uma metodologia para o desenvolvimento de estudos no \u00e2mbito da Zoon\u00edmia em Libras. O livro \u00e9 organizado [&hellip;]\" \/>\n<meta property=\"og:url\" content=\"https:\/\/ponteseditores.com.br\/loja3\/pontes-editores-home-2__trashed\/linguistica\/zoonimia-em-libras-como-os-surdos-nomeiam-os-seus-animais-de-estimacao\/\" \/>\n<meta property=\"og:site_name\" content=\"Pontes Editores\" \/>\n<meta property=\"article:modified_time\" content=\"2024-11-21T14:54:21+00:00\" \/>\n<meta property=\"og:image\" content=\"https:\/\/ponteseditores.com.br\/loja3\/wp-content\/uploads\/2024\/11\/Capa_Zoonimia.jpg\" \/>\n\t<meta property=\"og:image:width\" content=\"1728\" \/>\n\t<meta property=\"og:image:height\" content=\"2443\" \/>\n\t<meta property=\"og:image:type\" content=\"image\/jpeg\" \/>\n<meta name=\"twitter:card\" content=\"summary_large_image\" \/>\n<meta name=\"twitter:label1\" content=\"Est. tempo de leitura\" \/>\n\t<meta name=\"twitter:data1\" content=\"1 minuto\" \/>\n<script type=\"application\/ld+json\" class=\"yoast-schema-graph\">{\"@context\":\"https:\\\/\\\/schema.org\",\"@graph\":[{\"@type\":\"WebPage\",\"@id\":\"https:\\\/\\\/ponteseditores.com.br\\\/loja3\\\/pontes-editores-home-2__trashed\\\/linguistica\\\/zoonimia-em-libras-como-os-surdos-nomeiam-os-seus-animais-de-estimacao\\\/\",\"url\":\"https:\\\/\\\/ponteseditores.com.br\\\/loja3\\\/pontes-editores-home-2__trashed\\\/linguistica\\\/zoonimia-em-libras-como-os-surdos-nomeiam-os-seus-animais-de-estimacao\\\/\",\"name\":\"Zoon\u00edmia em libras: como os surdos nomeiam os seus animais de estima\u00e7\u00e3o - Pontes Editores\",\"isPartOf\":{\"@id\":\"https:\\\/\\\/ponteseditores.com.br\\\/loja3\\\/#website\"},\"primaryImageOfPage\":{\"@id\":\"https:\\\/\\\/ponteseditores.com.br\\\/loja3\\\/pontes-editores-home-2__trashed\\\/linguistica\\\/zoonimia-em-libras-como-os-surdos-nomeiam-os-seus-animais-de-estimacao\\\/#primaryimage\"},\"image\":{\"@id\":\"https:\\\/\\\/ponteseditores.com.br\\\/loja3\\\/pontes-editores-home-2__trashed\\\/linguistica\\\/zoonimia-em-libras-como-os-surdos-nomeiam-os-seus-animais-de-estimacao\\\/#primaryimage\"},\"thumbnailUrl\":\"https:\\\/\\\/ponteseditores.com.br\\\/loja3\\\/wp-content\\\/uploads\\\/2024\\\/11\\\/Capa_Zoonimia.jpg\",\"datePublished\":\"2024-11-21T14:52:46+00:00\",\"dateModified\":\"2024-11-21T14:54:21+00:00\",\"breadcrumb\":{\"@id\":\"https:\\\/\\\/ponteseditores.com.br\\\/loja3\\\/pontes-editores-home-2__trashed\\\/linguistica\\\/zoonimia-em-libras-como-os-surdos-nomeiam-os-seus-animais-de-estimacao\\\/#breadcrumb\"},\"inLanguage\":\"pt-BR\",\"potentialAction\":[{\"@type\":\"ReadAction\",\"target\":[\"https:\\\/\\\/ponteseditores.com.br\\\/loja3\\\/pontes-editores-home-2__trashed\\\/linguistica\\\/zoonimia-em-libras-como-os-surdos-nomeiam-os-seus-animais-de-estimacao\\\/\"]}]},{\"@type\":\"ImageObject\",\"inLanguage\":\"pt-BR\",\"@id\":\"https:\\\/\\\/ponteseditores.com.br\\\/loja3\\\/pontes-editores-home-2__trashed\\\/linguistica\\\/zoonimia-em-libras-como-os-surdos-nomeiam-os-seus-animais-de-estimacao\\\/#primaryimage\",\"url\":\"https:\\\/\\\/ponteseditores.com.br\\\/loja3\\\/wp-content\\\/uploads\\\/2024\\\/11\\\/Capa_Zoonimia.jpg\",\"contentUrl\":\"https:\\\/\\\/ponteseditores.com.br\\\/loja3\\\/wp-content\\\/uploads\\\/2024\\\/11\\\/Capa_Zoonimia.jpg\",\"width\":1728,\"height\":2443},{\"@type\":\"BreadcrumbList\",\"@id\":\"https:\\\/\\\/ponteseditores.com.br\\\/loja3\\\/pontes-editores-home-2__trashed\\\/linguistica\\\/zoonimia-em-libras-como-os-surdos-nomeiam-os-seus-animais-de-estimacao\\\/#breadcrumb\",\"itemListElement\":[{\"@type\":\"ListItem\",\"position\":1,\"name\":\"Home\",\"item\":\"https:\\\/\\\/ponteseditores.com.br\\\/loja3\\\/\"},{\"@type\":\"ListItem\",\"position\":2,\"name\":\"loja\",\"item\":\"https:\\\/\\\/ponteseditores.com.br\\\/loja3\\\/loja\\\/\"},{\"@type\":\"ListItem\",\"position\":3,\"name\":\"Zoon\u00edmia em libras: como os surdos nomeiam os seus animais de estima\u00e7\u00e3o\"}]},{\"@type\":\"WebSite\",\"@id\":\"https:\\\/\\\/ponteseditores.com.br\\\/loja3\\\/#website\",\"url\":\"https:\\\/\\\/ponteseditores.com.br\\\/loja3\\\/\",\"name\":\"Pontes Editores\",\"description\":\"Pontes Editores\",\"publisher\":{\"@id\":\"https:\\\/\\\/ponteseditores.com.br\\\/loja3\\\/#organization\"},\"potentialAction\":[{\"@type\":\"SearchAction\",\"target\":{\"@type\":\"EntryPoint\",\"urlTemplate\":\"https:\\\/\\\/ponteseditores.com.br\\\/loja3\\\/?s={search_term_string}\"},\"query-input\":{\"@type\":\"PropertyValueSpecification\",\"valueRequired\":true,\"valueName\":\"search_term_string\"}}],\"inLanguage\":\"pt-BR\"},{\"@type\":\"Organization\",\"@id\":\"https:\\\/\\\/ponteseditores.com.br\\\/loja3\\\/#organization\",\"name\":\"Pontes Editores\",\"url\":\"https:\\\/\\\/ponteseditores.com.br\\\/loja3\\\/\",\"logo\":{\"@type\":\"ImageObject\",\"inLanguage\":\"pt-BR\",\"@id\":\"https:\\\/\\\/ponteseditores.com.br\\\/loja3\\\/#\\\/schema\\\/logo\\\/image\\\/\",\"url\":\"https:\\\/\\\/ponteseditores.com.br\\\/loja3\\\/wp-content\\\/uploads\\\/2023\\\/12\\\/logo-pontes-editores-v2.png\",\"contentUrl\":\"https:\\\/\\\/ponteseditores.com.br\\\/loja3\\\/wp-content\\\/uploads\\\/2023\\\/12\\\/logo-pontes-editores-v2.png\",\"width\":258,\"height\":100,\"caption\":\"Pontes Editores\"},\"image\":{\"@id\":\"https:\\\/\\\/ponteseditores.com.br\\\/loja3\\\/#\\\/schema\\\/logo\\\/image\\\/\"}}]}<\/script>\n<!-- \/ Yoast SEO plugin. -->","yoast_head_json":{"title":"Zoon\u00edmia em libras: como os surdos nomeiam os seus animais de estima\u00e7\u00e3o - Pontes Editores","robots":{"index":"index","follow":"follow","max-snippet":"max-snippet:-1","max-image-preview":"max-image-preview:large","max-video-preview":"max-video-preview:-1"},"canonical":"https:\/\/ponteseditores.com.br\/loja3\/pontes-editores-home-2__trashed\/linguistica\/zoonimia-em-libras-como-os-surdos-nomeiam-os-seus-animais-de-estimacao\/","og_locale":"pt_BR","og_type":"article","og_title":"Zoon\u00edmia em libras: como os surdos nomeiam os seus animais de estima\u00e7\u00e3o - Pontes Editores","og_description":"A obra Zoon\u00edmia em Libras: como os surdos nomeiam seus animais de estima\u00e7\u00e3o discute o ato de nomear animais de estima\u00e7\u00e3o por crian\u00e7as, jovens e adultos surdos de Rio Branco (Acre) e de Campinas (S\u00e3o Paulo), e apresenta uma metodologia para o desenvolvimento de estudos no \u00e2mbito da Zoon\u00edmia em Libras. O livro \u00e9 organizado [&hellip;]","og_url":"https:\/\/ponteseditores.com.br\/loja3\/pontes-editores-home-2__trashed\/linguistica\/zoonimia-em-libras-como-os-surdos-nomeiam-os-seus-animais-de-estimacao\/","og_site_name":"Pontes Editores","article_modified_time":"2024-11-21T14:54:21+00:00","og_image":[{"width":1728,"height":2443,"url":"https:\/\/ponteseditores.com.br\/loja3\/wp-content\/uploads\/2024\/11\/Capa_Zoonimia.jpg","type":"image\/jpeg"}],"twitter_card":"summary_large_image","twitter_misc":{"Est. tempo de leitura":"1 minuto"},"schema":{"@context":"https:\/\/schema.org","@graph":[{"@type":"WebPage","@id":"https:\/\/ponteseditores.com.br\/loja3\/pontes-editores-home-2__trashed\/linguistica\/zoonimia-em-libras-como-os-surdos-nomeiam-os-seus-animais-de-estimacao\/","url":"https:\/\/ponteseditores.com.br\/loja3\/pontes-editores-home-2__trashed\/linguistica\/zoonimia-em-libras-como-os-surdos-nomeiam-os-seus-animais-de-estimacao\/","name":"Zoon\u00edmia em libras: como os surdos nomeiam os seus animais de estima\u00e7\u00e3o - Pontes Editores","isPartOf":{"@id":"https:\/\/ponteseditores.com.br\/loja3\/#website"},"primaryImageOfPage":{"@id":"https:\/\/ponteseditores.com.br\/loja3\/pontes-editores-home-2__trashed\/linguistica\/zoonimia-em-libras-como-os-surdos-nomeiam-os-seus-animais-de-estimacao\/#primaryimage"},"image":{"@id":"https:\/\/ponteseditores.com.br\/loja3\/pontes-editores-home-2__trashed\/linguistica\/zoonimia-em-libras-como-os-surdos-nomeiam-os-seus-animais-de-estimacao\/#primaryimage"},"thumbnailUrl":"https:\/\/ponteseditores.com.br\/loja3\/wp-content\/uploads\/2024\/11\/Capa_Zoonimia.jpg","datePublished":"2024-11-21T14:52:46+00:00","dateModified":"2024-11-21T14:54:21+00:00","breadcrumb":{"@id":"https:\/\/ponteseditores.com.br\/loja3\/pontes-editores-home-2__trashed\/linguistica\/zoonimia-em-libras-como-os-surdos-nomeiam-os-seus-animais-de-estimacao\/#breadcrumb"},"inLanguage":"pt-BR","potentialAction":[{"@type":"ReadAction","target":["https:\/\/ponteseditores.com.br\/loja3\/pontes-editores-home-2__trashed\/linguistica\/zoonimia-em-libras-como-os-surdos-nomeiam-os-seus-animais-de-estimacao\/"]}]},{"@type":"ImageObject","inLanguage":"pt-BR","@id":"https:\/\/ponteseditores.com.br\/loja3\/pontes-editores-home-2__trashed\/linguistica\/zoonimia-em-libras-como-os-surdos-nomeiam-os-seus-animais-de-estimacao\/#primaryimage","url":"https:\/\/ponteseditores.com.br\/loja3\/wp-content\/uploads\/2024\/11\/Capa_Zoonimia.jpg","contentUrl":"https:\/\/ponteseditores.com.br\/loja3\/wp-content\/uploads\/2024\/11\/Capa_Zoonimia.jpg","width":1728,"height":2443},{"@type":"BreadcrumbList","@id":"https:\/\/ponteseditores.com.br\/loja3\/pontes-editores-home-2__trashed\/linguistica\/zoonimia-em-libras-como-os-surdos-nomeiam-os-seus-animais-de-estimacao\/#breadcrumb","itemListElement":[{"@type":"ListItem","position":1,"name":"Home","item":"https:\/\/ponteseditores.com.br\/loja3\/"},{"@type":"ListItem","position":2,"name":"loja","item":"https:\/\/ponteseditores.com.br\/loja3\/loja\/"},{"@type":"ListItem","position":3,"name":"Zoon\u00edmia em libras: como os surdos nomeiam os seus animais de estima\u00e7\u00e3o"}]},{"@type":"WebSite","@id":"https:\/\/ponteseditores.com.br\/loja3\/#website","url":"https:\/\/ponteseditores.com.br\/loja3\/","name":"Pontes Editores","description":"Pontes Editores","publisher":{"@id":"https:\/\/ponteseditores.com.br\/loja3\/#organization"},"potentialAction":[{"@type":"SearchAction","target":{"@type":"EntryPoint","urlTemplate":"https:\/\/ponteseditores.com.br\/loja3\/?s={search_term_string}"},"query-input":{"@type":"PropertyValueSpecification","valueRequired":true,"valueName":"search_term_string"}}],"inLanguage":"pt-BR"},{"@type":"Organization","@id":"https:\/\/ponteseditores.com.br\/loja3\/#organization","name":"Pontes Editores","url":"https:\/\/ponteseditores.com.br\/loja3\/","logo":{"@type":"ImageObject","inLanguage":"pt-BR","@id":"https:\/\/ponteseditores.com.br\/loja3\/#\/schema\/logo\/image\/","url":"https:\/\/ponteseditores.com.br\/loja3\/wp-content\/uploads\/2023\/12\/logo-pontes-editores-v2.png","contentUrl":"https:\/\/ponteseditores.com.br\/loja3\/wp-content\/uploads\/2023\/12\/logo-pontes-editores-v2.png","width":258,"height":100,"caption":"Pontes Editores"},"image":{"@id":"https:\/\/ponteseditores.com.br\/loja3\/#\/schema\/logo\/image\/"}}]}},"_links":{"self":[{"href":"https:\/\/ponteseditores.com.br\/loja3\/wp-json\/wp\/v2\/product\/18596","targetHints":{"allow":["GET"]}}],"collection":[{"href":"https:\/\/ponteseditores.com.br\/loja3\/wp-json\/wp\/v2\/product"}],"about":[{"href":"https:\/\/ponteseditores.com.br\/loja3\/wp-json\/wp\/v2\/types\/product"}],"replies":[{"embeddable":true,"href":"https:\/\/ponteseditores.com.br\/loja3\/wp-json\/wp\/v2\/comments?post=18596"}],"version-history":[{"count":1,"href":"https:\/\/ponteseditores.com.br\/loja3\/wp-json\/wp\/v2\/product\/18596\/revisions"}],"predecessor-version":[{"id":18598,"href":"https:\/\/ponteseditores.com.br\/loja3\/wp-json\/wp\/v2\/product\/18596\/revisions\/18598"}],"wp:featuredmedia":[{"embeddable":true,"href":"https:\/\/ponteseditores.com.br\/loja3\/wp-json\/wp\/v2\/media\/18597"}],"wp:attachment":[{"href":"https:\/\/ponteseditores.com.br\/loja3\/wp-json\/wp\/v2\/media?parent=18596"}],"wp:term":[{"taxonomy":"product_brand","embeddable":true,"href":"https:\/\/ponteseditores.com.br\/loja3\/wp-json\/wp\/v2\/product_brand?post=18596"},{"taxonomy":"product_cat","embeddable":true,"href":"https:\/\/ponteseditores.com.br\/loja3\/wp-json\/wp\/v2\/product_cat?post=18596"},{"taxonomy":"product_tag","embeddable":true,"href":"https:\/\/ponteseditores.com.br\/loja3\/wp-json\/wp\/v2\/product_tag?post=18596"}],"curies":[{"name":"wp","href":"https:\/\/api.w.org\/{rel}","templated":true}]}}