{"id":185,"date":"2023-12-04T18:34:37","date_gmt":"2023-12-04T18:34:37","guid":{"rendered":"https:\/\/ponteseditores.com.br\/loja3\/?post_type=product&#038;p=185"},"modified":"2024-12-03T16:13:13","modified_gmt":"2024-12-03T19:13:13","slug":"fraseologia-cia","status":"publish","type":"product","link":"https:\/\/ponteseditores.com.br\/loja3\/pontes-editores-home-2__trashed\/linguistica\/fraseologia-cia\/","title":{"rendered":"Fraseologia e Cia \u2013 Volume 3"},"content":{"rendered":"<p class=\"p1\">Nesta colet\u00e2nea, a Professora Suzete Silva (UEL-PR) d\u00e1 prosseguimento aos volumes j\u00e1 publicados com sucesso pela Pontes Editores: Fraseologia &amp; Cia. Entabulando di\u00e1logos reflexivos (Volume 01, 2014; Volume 02, 2016). A inten\u00e7\u00e3o deste livro consiste na homenagem realizada a tr\u00eas infatig\u00e1veis pesquisadoras do Instituto de Literatura e Lingu\u00edstica de Havana (Cuba).<\/p>\n<p class=\"p1\">Tr\u00eas c\u00e9lebres linguistas de renome internacional, veteranas pela escola fraseol\u00f3gica sovi\u00e9tica, que contribu\u00edram de forma exemplar pela intensa divulga\u00e7\u00e3o, em l\u00edngua espanhola, dos pressupostos te\u00f3ricos que serviram de base para que a Fraseologia se consolidasse como uma \u00e1rea aut\u00f4noma Antonia Maria Trist\u00e1 P\u00e9rez (1940-2006), Zoila Victoria Carneado Mor\u00e9 (1941-1996) e Gisela C\u00e1rdenas Molina (1930-2011). Neste sentido, a obra tamb\u00e9m traz visibilidade e refor\u00e7a os la\u00e7os entre os dois pa\u00edses, bem como dinamiza a reflex\u00e3o fraseol\u00f3gica ao evidenciar os atuais estudos dos participantes convidados.<\/p>\n<p class=\"p1\">Recomenda-se este volume a um amplo p\u00fablico de leitores como os interessados, os envolvidos e todos os estudiosos na \u00e1rea da Fraseologia, da Paremiologia e de disciplinas afins, pois ele apresenta 22 cap\u00edtulos, organizados e desenvolvidos pelos esfor\u00e7os de h\u00e1beis profissionais que, cuidadosamente, escreveram &#8211; 13 cap\u00edtulos de CUBA- 09 cap\u00edtulos do BRASIL- em uma rica agenda explorat\u00f3ria e com o necess\u00e1rio rigor anal\u00edtico, instigantes contribui\u00e7\u00f5es qualitativas que abordam multiaspectos como o descritivo, a lexicogr\u00e1fica, a l\u00e9xica, a cognitiva, a sem\u00e2ntica, a discursiva, a liter\u00e1ria e a hist\u00f3rica. De modo inconteste, esses trabalhos refletem a riqueza expressiva e o patrim\u00f4nio idiom\u00e1tico do povo brasileiro e do povo cubano, forjados ao longo de muitos s\u00e9culos e, agora, dispon\u00edveis nesta relevante compila\u00e7\u00e3o.<\/p>\n","protected":false},"excerpt":{"rendered":"<p>Nesta colet\u00e2nea, a Professora Suzete Silva (UEL-PR) d\u00e1 prosseguimento aos volumes j\u00e1 publicados com sucesso pela Pontes Editores: Fraseologia &amp; Cia. Entabulando di\u00e1logos reflexivos (Volume 01, 2014; Volume 02, 2016). A inten\u00e7\u00e3o deste livro consiste na homenagem realizada a tr\u00eas infatig\u00e1veis pesquisadoras do Instituto de Literatura e Lingu\u00edstica de Havana (Cuba).<\/p>\n","protected":false},"featured_media":117,"comment_status":"open","ping_status":"closed","template":"","meta":{"_joinchat":[]},"product_brand":[],"product_cat":[31],"product_tag":[],"class_list":{"0":"post-185","1":"product","2":"type-product","3":"status-publish","4":"has-post-thumbnail","6":"product_cat-linguistica","8":"first","9":"instock","10":"shipping-taxable","11":"purchasable","12":"product-type-simple"},"yoast_head":"<!-- This site is optimized with the Yoast SEO plugin v27.4 - https:\/\/yoast.com\/product\/yoast-seo-wordpress\/ -->\n<title>Fraseologia e Cia \u2013 Volume 3 - Pontes Editores<\/title>\n<meta name=\"robots\" content=\"index, follow, max-snippet:-1, max-image-preview:large, max-video-preview:-1\" \/>\n<link rel=\"canonical\" href=\"https:\/\/ponteseditores.com.br\/loja3\/pontes-editores-home-2__trashed\/linguistica\/fraseologia-cia\/\" \/>\n<meta property=\"og:locale\" content=\"pt_BR\" \/>\n<meta property=\"og:type\" content=\"article\" \/>\n<meta property=\"og:title\" content=\"Fraseologia e Cia \u2013 Volume 3 - Pontes Editores\" \/>\n<meta property=\"og:description\" content=\"Nesta colet\u00e2nea, a Professora Suzete Silva (UEL-PR) d\u00e1 prosseguimento aos volumes j\u00e1 publicados com sucesso pela Pontes Editores: Fraseologia &amp; Cia. Entabulando di\u00e1logos reflexivos (Volume 01, 2014; Volume 02, 2016). A inten\u00e7\u00e3o deste livro consiste na homenagem realizada a tr\u00eas infatig\u00e1veis pesquisadoras do Instituto de Literatura e Lingu\u00edstica de Havana (Cuba).\" \/>\n<meta property=\"og:url\" content=\"https:\/\/ponteseditores.com.br\/loja3\/pontes-editores-home-2__trashed\/linguistica\/fraseologia-cia\/\" \/>\n<meta property=\"og:site_name\" content=\"Pontes Editores\" \/>\n<meta property=\"article:modified_time\" content=\"2024-12-03T19:13:13+00:00\" \/>\n<meta property=\"og:image\" content=\"https:\/\/ponteseditores.com.br\/loja3\/wp-content\/uploads\/2023\/12\/fraseologia-e-cia-capa-.jpg\" \/>\n\t<meta property=\"og:image:width\" content=\"567\" \/>\n\t<meta property=\"og:image:height\" content=\"802\" \/>\n\t<meta property=\"og:image:type\" content=\"image\/jpeg\" \/>\n<meta name=\"twitter:card\" content=\"summary_large_image\" \/>\n<meta name=\"twitter:label1\" content=\"Est. tempo de leitura\" \/>\n\t<meta name=\"twitter:data1\" content=\"2 minutos\" \/>\n<script type=\"application\/ld+json\" class=\"yoast-schema-graph\">{\"@context\":\"https:\\\/\\\/schema.org\",\"@graph\":[{\"@type\":\"WebPage\",\"@id\":\"https:\\\/\\\/ponteseditores.com.br\\\/loja3\\\/pontes-editores-home-2__trashed\\\/linguistica\\\/fraseologia-cia\\\/\",\"url\":\"https:\\\/\\\/ponteseditores.com.br\\\/loja3\\\/pontes-editores-home-2__trashed\\\/linguistica\\\/fraseologia-cia\\\/\",\"name\":\"Fraseologia e Cia \u2013 Volume 3 - Pontes Editores\",\"isPartOf\":{\"@id\":\"https:\\\/\\\/ponteseditores.com.br\\\/loja3\\\/#website\"},\"primaryImageOfPage\":{\"@id\":\"https:\\\/\\\/ponteseditores.com.br\\\/loja3\\\/pontes-editores-home-2__trashed\\\/linguistica\\\/fraseologia-cia\\\/#primaryimage\"},\"image\":{\"@id\":\"https:\\\/\\\/ponteseditores.com.br\\\/loja3\\\/pontes-editores-home-2__trashed\\\/linguistica\\\/fraseologia-cia\\\/#primaryimage\"},\"thumbnailUrl\":\"https:\\\/\\\/ponteseditores.com.br\\\/loja3\\\/wp-content\\\/uploads\\\/2023\\\/12\\\/fraseologia-e-cia-capa-.jpg\",\"datePublished\":\"2023-12-04T18:34:37+00:00\",\"dateModified\":\"2024-12-03T19:13:13+00:00\",\"breadcrumb\":{\"@id\":\"https:\\\/\\\/ponteseditores.com.br\\\/loja3\\\/pontes-editores-home-2__trashed\\\/linguistica\\\/fraseologia-cia\\\/#breadcrumb\"},\"inLanguage\":\"pt-BR\",\"potentialAction\":[{\"@type\":\"ReadAction\",\"target\":[\"https:\\\/\\\/ponteseditores.com.br\\\/loja3\\\/pontes-editores-home-2__trashed\\\/linguistica\\\/fraseologia-cia\\\/\"]}]},{\"@type\":\"ImageObject\",\"inLanguage\":\"pt-BR\",\"@id\":\"https:\\\/\\\/ponteseditores.com.br\\\/loja3\\\/pontes-editores-home-2__trashed\\\/linguistica\\\/fraseologia-cia\\\/#primaryimage\",\"url\":\"https:\\\/\\\/ponteseditores.com.br\\\/loja3\\\/wp-content\\\/uploads\\\/2023\\\/12\\\/fraseologia-e-cia-capa-.jpg\",\"contentUrl\":\"https:\\\/\\\/ponteseditores.com.br\\\/loja3\\\/wp-content\\\/uploads\\\/2023\\\/12\\\/fraseologia-e-cia-capa-.jpg\",\"width\":567,\"height\":802},{\"@type\":\"BreadcrumbList\",\"@id\":\"https:\\\/\\\/ponteseditores.com.br\\\/loja3\\\/pontes-editores-home-2__trashed\\\/linguistica\\\/fraseologia-cia\\\/#breadcrumb\",\"itemListElement\":[{\"@type\":\"ListItem\",\"position\":1,\"name\":\"Home\",\"item\":\"https:\\\/\\\/ponteseditores.com.br\\\/loja3\\\/\"},{\"@type\":\"ListItem\",\"position\":2,\"name\":\"loja\",\"item\":\"https:\\\/\\\/ponteseditores.com.br\\\/loja3\\\/loja\\\/\"},{\"@type\":\"ListItem\",\"position\":3,\"name\":\"Fraseologia e Cia \u2013 Volume 3\"}]},{\"@type\":\"WebSite\",\"@id\":\"https:\\\/\\\/ponteseditores.com.br\\\/loja3\\\/#website\",\"url\":\"https:\\\/\\\/ponteseditores.com.br\\\/loja3\\\/\",\"name\":\"Pontes Editores\",\"description\":\"Pontes Editores\",\"publisher\":{\"@id\":\"https:\\\/\\\/ponteseditores.com.br\\\/loja3\\\/#organization\"},\"potentialAction\":[{\"@type\":\"SearchAction\",\"target\":{\"@type\":\"EntryPoint\",\"urlTemplate\":\"https:\\\/\\\/ponteseditores.com.br\\\/loja3\\\/?s={search_term_string}\"},\"query-input\":{\"@type\":\"PropertyValueSpecification\",\"valueRequired\":true,\"valueName\":\"search_term_string\"}}],\"inLanguage\":\"pt-BR\"},{\"@type\":\"Organization\",\"@id\":\"https:\\\/\\\/ponteseditores.com.br\\\/loja3\\\/#organization\",\"name\":\"Pontes Editores\",\"url\":\"https:\\\/\\\/ponteseditores.com.br\\\/loja3\\\/\",\"logo\":{\"@type\":\"ImageObject\",\"inLanguage\":\"pt-BR\",\"@id\":\"https:\\\/\\\/ponteseditores.com.br\\\/loja3\\\/#\\\/schema\\\/logo\\\/image\\\/\",\"url\":\"https:\\\/\\\/ponteseditores.com.br\\\/loja3\\\/wp-content\\\/uploads\\\/2023\\\/12\\\/logo-pontes-editores-v2.png\",\"contentUrl\":\"https:\\\/\\\/ponteseditores.com.br\\\/loja3\\\/wp-content\\\/uploads\\\/2023\\\/12\\\/logo-pontes-editores-v2.png\",\"width\":258,\"height\":100,\"caption\":\"Pontes Editores\"},\"image\":{\"@id\":\"https:\\\/\\\/ponteseditores.com.br\\\/loja3\\\/#\\\/schema\\\/logo\\\/image\\\/\"}}]}<\/script>\n<!-- \/ Yoast SEO plugin. -->","yoast_head_json":{"title":"Fraseologia e Cia \u2013 Volume 3 - Pontes Editores","robots":{"index":"index","follow":"follow","max-snippet":"max-snippet:-1","max-image-preview":"max-image-preview:large","max-video-preview":"max-video-preview:-1"},"canonical":"https:\/\/ponteseditores.com.br\/loja3\/pontes-editores-home-2__trashed\/linguistica\/fraseologia-cia\/","og_locale":"pt_BR","og_type":"article","og_title":"Fraseologia e Cia \u2013 Volume 3 - Pontes Editores","og_description":"Nesta colet\u00e2nea, a Professora Suzete Silva (UEL-PR) d\u00e1 prosseguimento aos volumes j\u00e1 publicados com sucesso pela Pontes Editores: Fraseologia &amp; Cia. Entabulando di\u00e1logos reflexivos (Volume 01, 2014; Volume 02, 2016). A inten\u00e7\u00e3o deste livro consiste na homenagem realizada a tr\u00eas infatig\u00e1veis pesquisadoras do Instituto de Literatura e Lingu\u00edstica de Havana (Cuba).","og_url":"https:\/\/ponteseditores.com.br\/loja3\/pontes-editores-home-2__trashed\/linguistica\/fraseologia-cia\/","og_site_name":"Pontes Editores","article_modified_time":"2024-12-03T19:13:13+00:00","og_image":[{"width":567,"height":802,"url":"https:\/\/ponteseditores.com.br\/loja3\/wp-content\/uploads\/2023\/12\/fraseologia-e-cia-capa-.jpg","type":"image\/jpeg"}],"twitter_card":"summary_large_image","twitter_misc":{"Est. tempo de leitura":"2 minutos"},"schema":{"@context":"https:\/\/schema.org","@graph":[{"@type":"WebPage","@id":"https:\/\/ponteseditores.com.br\/loja3\/pontes-editores-home-2__trashed\/linguistica\/fraseologia-cia\/","url":"https:\/\/ponteseditores.com.br\/loja3\/pontes-editores-home-2__trashed\/linguistica\/fraseologia-cia\/","name":"Fraseologia e Cia \u2013 Volume 3 - Pontes Editores","isPartOf":{"@id":"https:\/\/ponteseditores.com.br\/loja3\/#website"},"primaryImageOfPage":{"@id":"https:\/\/ponteseditores.com.br\/loja3\/pontes-editores-home-2__trashed\/linguistica\/fraseologia-cia\/#primaryimage"},"image":{"@id":"https:\/\/ponteseditores.com.br\/loja3\/pontes-editores-home-2__trashed\/linguistica\/fraseologia-cia\/#primaryimage"},"thumbnailUrl":"https:\/\/ponteseditores.com.br\/loja3\/wp-content\/uploads\/2023\/12\/fraseologia-e-cia-capa-.jpg","datePublished":"2023-12-04T18:34:37+00:00","dateModified":"2024-12-03T19:13:13+00:00","breadcrumb":{"@id":"https:\/\/ponteseditores.com.br\/loja3\/pontes-editores-home-2__trashed\/linguistica\/fraseologia-cia\/#breadcrumb"},"inLanguage":"pt-BR","potentialAction":[{"@type":"ReadAction","target":["https:\/\/ponteseditores.com.br\/loja3\/pontes-editores-home-2__trashed\/linguistica\/fraseologia-cia\/"]}]},{"@type":"ImageObject","inLanguage":"pt-BR","@id":"https:\/\/ponteseditores.com.br\/loja3\/pontes-editores-home-2__trashed\/linguistica\/fraseologia-cia\/#primaryimage","url":"https:\/\/ponteseditores.com.br\/loja3\/wp-content\/uploads\/2023\/12\/fraseologia-e-cia-capa-.jpg","contentUrl":"https:\/\/ponteseditores.com.br\/loja3\/wp-content\/uploads\/2023\/12\/fraseologia-e-cia-capa-.jpg","width":567,"height":802},{"@type":"BreadcrumbList","@id":"https:\/\/ponteseditores.com.br\/loja3\/pontes-editores-home-2__trashed\/linguistica\/fraseologia-cia\/#breadcrumb","itemListElement":[{"@type":"ListItem","position":1,"name":"Home","item":"https:\/\/ponteseditores.com.br\/loja3\/"},{"@type":"ListItem","position":2,"name":"loja","item":"https:\/\/ponteseditores.com.br\/loja3\/loja\/"},{"@type":"ListItem","position":3,"name":"Fraseologia e Cia \u2013 Volume 3"}]},{"@type":"WebSite","@id":"https:\/\/ponteseditores.com.br\/loja3\/#website","url":"https:\/\/ponteseditores.com.br\/loja3\/","name":"Pontes Editores","description":"Pontes Editores","publisher":{"@id":"https:\/\/ponteseditores.com.br\/loja3\/#organization"},"potentialAction":[{"@type":"SearchAction","target":{"@type":"EntryPoint","urlTemplate":"https:\/\/ponteseditores.com.br\/loja3\/?s={search_term_string}"},"query-input":{"@type":"PropertyValueSpecification","valueRequired":true,"valueName":"search_term_string"}}],"inLanguage":"pt-BR"},{"@type":"Organization","@id":"https:\/\/ponteseditores.com.br\/loja3\/#organization","name":"Pontes Editores","url":"https:\/\/ponteseditores.com.br\/loja3\/","logo":{"@type":"ImageObject","inLanguage":"pt-BR","@id":"https:\/\/ponteseditores.com.br\/loja3\/#\/schema\/logo\/image\/","url":"https:\/\/ponteseditores.com.br\/loja3\/wp-content\/uploads\/2023\/12\/logo-pontes-editores-v2.png","contentUrl":"https:\/\/ponteseditores.com.br\/loja3\/wp-content\/uploads\/2023\/12\/logo-pontes-editores-v2.png","width":258,"height":100,"caption":"Pontes Editores"},"image":{"@id":"https:\/\/ponteseditores.com.br\/loja3\/#\/schema\/logo\/image\/"}}]}},"_links":{"self":[{"href":"https:\/\/ponteseditores.com.br\/loja3\/wp-json\/wp\/v2\/product\/185","targetHints":{"allow":["GET"]}}],"collection":[{"href":"https:\/\/ponteseditores.com.br\/loja3\/wp-json\/wp\/v2\/product"}],"about":[{"href":"https:\/\/ponteseditores.com.br\/loja3\/wp-json\/wp\/v2\/types\/product"}],"replies":[{"embeddable":true,"href":"https:\/\/ponteseditores.com.br\/loja3\/wp-json\/wp\/v2\/comments?post=185"}],"version-history":[{"count":1,"href":"https:\/\/ponteseditores.com.br\/loja3\/wp-json\/wp\/v2\/product\/185\/revisions"}],"predecessor-version":[{"id":19060,"href":"https:\/\/ponteseditores.com.br\/loja3\/wp-json\/wp\/v2\/product\/185\/revisions\/19060"}],"wp:featuredmedia":[{"embeddable":true,"href":"https:\/\/ponteseditores.com.br\/loja3\/wp-json\/wp\/v2\/media\/117"}],"wp:attachment":[{"href":"https:\/\/ponteseditores.com.br\/loja3\/wp-json\/wp\/v2\/media?parent=185"}],"wp:term":[{"taxonomy":"product_brand","embeddable":true,"href":"https:\/\/ponteseditores.com.br\/loja3\/wp-json\/wp\/v2\/product_brand?post=185"},{"taxonomy":"product_cat","embeddable":true,"href":"https:\/\/ponteseditores.com.br\/loja3\/wp-json\/wp\/v2\/product_cat?post=185"},{"taxonomy":"product_tag","embeddable":true,"href":"https:\/\/ponteseditores.com.br\/loja3\/wp-json\/wp\/v2\/product_tag?post=185"}],"curies":[{"name":"wp","href":"https:\/\/api.w.org\/{rel}","templated":true}]}}