{"id":18084,"date":"2024-11-11T10:31:13","date_gmt":"2024-11-11T13:31:13","guid":{"rendered":"https:\/\/ponteseditores.com.br\/loja3\/?post_type=product&#038;p=18084"},"modified":"2024-11-11T10:31:13","modified_gmt":"2024-11-11T13:31:13","slug":"fazer-ciencia-pensar-saberes","status":"publish","type":"product","link":"https:\/\/ponteseditores.com.br\/loja3\/pontes-editores-home-2__trashed\/ebook\/lancamento-e-book\/fazer-ciencia-pensar-saberes\/","title":{"rendered":"Fazer ci\u00eancia pensar saberes"},"content":{"rendered":"<p><strong>Fazer Ci\u00eancia Pensar Saberes <\/strong>resulta de a\u00e7\u00e3o coletiva de autores\/as que, com suas pesquisas, buscam discutir a produ\u00e7\u00e3o do conhecimento situado no contexto da pr\u00e1tica. A Ci\u00eancia e os Saberes t\u00eam defini\u00e7\u00f5es pr\u00f3prias nos diferentes argumentos epist\u00eamicos. Fazer ci\u00eancia \u00e9 a\u00e7\u00e3o realizada por e para humanos em suas rela\u00e7\u00f5es com outros elementos; assim como experi\u00eancias na produ\u00e7\u00e3o do conhecimento s\u00e3o fundamentais para distintos saberes. Somos desafiados a entender pol\u00edticas p\u00fablicas educacionais e suas resson\u00e2ncias no ensino, na pesquisa e na extens\u00e3o, tendo em vista o planejamento para os distintos seguimentos educacionais. Tais desafios circundam o curr\u00edculo na forma\u00e7\u00e3o em exerc\u00edcio de profissionais e permeiam distintas concep\u00e7\u00f5es te\u00f3ricas e metodol\u00f3gicas nas quais somos instados\/as a debater experi\u00eancias curriculares contextualizadas em espa\u00e7os educativos nos quais sujeitos se conectam para performar sentido.<\/p>\n<p>Todos t\u00eam conhecimento e saberes para compartilhar, j\u00e1 que os processos realizados neles s\u00e3o experi\u00eancias formativas. A gest\u00e3o e os direcionamentos aos quais estes espa\u00e7os est\u00e3o submetidos s\u00e3o provocados a serem repensados, tendo em vista a necess\u00e1ria participa\u00e7\u00e3o democr\u00e1tica de seus atores, inclusive, buscando entender como as tecnologias de gest\u00e3o aplicadas a estes espa\u00e7os podem contribuir para adapta\u00e7\u00e3o \u00e0 mutante realidade da educa\u00e7\u00e3o.<\/p>\n<p>Diante desta ampla realidade, diferentes experi\u00eancias, em distintos seguimentos, s\u00e3o trazidas aqui, dando relevo \u00e0 import\u00e2ncia da intersetorialidade na rela\u00e7\u00e3o do educar em espa\u00e7os socialmente reconhecidos.<\/p>\n","protected":false},"excerpt":{"rendered":"<p>Fazer Ci\u00eancia Pensar Saberes resulta de a\u00e7\u00e3o coletiva de autores\/as que, com suas pesquisas, buscam discutir a produ\u00e7\u00e3o do conhecimento situado no contexto da pr\u00e1tica. A Ci\u00eancia e os Saberes t\u00eam defini\u00e7\u00f5es pr\u00f3prias nos diferentes argumentos epist\u00eamicos. Fazer ci\u00eancia \u00e9 a\u00e7\u00e3o realizada por e para humanos em suas rela\u00e7\u00f5es com outros elementos; assim como experi\u00eancias [&hellip;]<\/p>\n","protected":false},"featured_media":18086,"comment_status":"open","ping_status":"closed","template":"","meta":{"_joinchat":[]},"product_brand":[],"product_cat":[165,386],"product_tag":[],"class_list":{"0":"post-18084","1":"product","2":"type-product","3":"status-publish","4":"has-post-thumbnail","6":"product_cat-ebook","7":"product_cat-lancamento-e-book","9":"first","10":"instock","11":"downloadable","12":"virtual","13":"purchasable","14":"product-type-simple"},"yoast_head":"<!-- This site is optimized with the Yoast SEO plugin v27.4 - https:\/\/yoast.com\/product\/yoast-seo-wordpress\/ -->\n<title>Fazer ci\u00eancia pensar saberes - Pontes Editores<\/title>\n<meta name=\"robots\" content=\"index, follow, max-snippet:-1, max-image-preview:large, max-video-preview:-1\" \/>\n<link rel=\"canonical\" href=\"https:\/\/ponteseditores.com.br\/loja3\/pontes-editores-home-2__trashed\/ebook\/lancamento-e-book\/fazer-ciencia-pensar-saberes\/\" \/>\n<meta property=\"og:locale\" content=\"pt_BR\" \/>\n<meta property=\"og:type\" content=\"article\" \/>\n<meta property=\"og:title\" content=\"Fazer ci\u00eancia pensar saberes - Pontes Editores\" \/>\n<meta property=\"og:description\" content=\"Fazer Ci\u00eancia Pensar Saberes resulta de a\u00e7\u00e3o coletiva de autores\/as que, com suas pesquisas, buscam discutir a produ\u00e7\u00e3o do conhecimento situado no contexto da pr\u00e1tica. A Ci\u00eancia e os Saberes t\u00eam defini\u00e7\u00f5es pr\u00f3prias nos diferentes argumentos epist\u00eamicos. Fazer ci\u00eancia \u00e9 a\u00e7\u00e3o realizada por e para humanos em suas rela\u00e7\u00f5es com outros elementos; assim como experi\u00eancias [&hellip;]\" \/>\n<meta property=\"og:url\" content=\"https:\/\/ponteseditores.com.br\/loja3\/pontes-editores-home-2__trashed\/ebook\/lancamento-e-book\/fazer-ciencia-pensar-saberes\/\" \/>\n<meta property=\"og:site_name\" content=\"Pontes Editores\" \/>\n<meta property=\"og:image\" content=\"https:\/\/ponteseditores.com.br\/loja3\/wp-content\/uploads\/2024\/11\/Capa_Fazer_Ciencia.jpg\" \/>\n\t<meta property=\"og:image:width\" content=\"1728\" \/>\n\t<meta property=\"og:image:height\" content=\"2443\" \/>\n\t<meta property=\"og:image:type\" content=\"image\/jpeg\" \/>\n<meta name=\"twitter:card\" content=\"summary_large_image\" \/>\n<meta name=\"twitter:label1\" content=\"Est. tempo de leitura\" \/>\n\t<meta name=\"twitter:data1\" content=\"2 minutos\" \/>\n<script type=\"application\/ld+json\" class=\"yoast-schema-graph\">{\"@context\":\"https:\\\/\\\/schema.org\",\"@graph\":[{\"@type\":\"WebPage\",\"@id\":\"https:\\\/\\\/ponteseditores.com.br\\\/loja3\\\/pontes-editores-home-2__trashed\\\/ebook\\\/lancamento-e-book\\\/fazer-ciencia-pensar-saberes\\\/\",\"url\":\"https:\\\/\\\/ponteseditores.com.br\\\/loja3\\\/pontes-editores-home-2__trashed\\\/ebook\\\/lancamento-e-book\\\/fazer-ciencia-pensar-saberes\\\/\",\"name\":\"Fazer ci\u00eancia pensar saberes - Pontes Editores\",\"isPartOf\":{\"@id\":\"https:\\\/\\\/ponteseditores.com.br\\\/loja3\\\/#website\"},\"primaryImageOfPage\":{\"@id\":\"https:\\\/\\\/ponteseditores.com.br\\\/loja3\\\/pontes-editores-home-2__trashed\\\/ebook\\\/lancamento-e-book\\\/fazer-ciencia-pensar-saberes\\\/#primaryimage\"},\"image\":{\"@id\":\"https:\\\/\\\/ponteseditores.com.br\\\/loja3\\\/pontes-editores-home-2__trashed\\\/ebook\\\/lancamento-e-book\\\/fazer-ciencia-pensar-saberes\\\/#primaryimage\"},\"thumbnailUrl\":\"https:\\\/\\\/ponteseditores.com.br\\\/loja3\\\/wp-content\\\/uploads\\\/2024\\\/11\\\/Capa_Fazer_Ciencia.jpg\",\"datePublished\":\"2024-11-11T13:31:13+00:00\",\"breadcrumb\":{\"@id\":\"https:\\\/\\\/ponteseditores.com.br\\\/loja3\\\/pontes-editores-home-2__trashed\\\/ebook\\\/lancamento-e-book\\\/fazer-ciencia-pensar-saberes\\\/#breadcrumb\"},\"inLanguage\":\"pt-BR\",\"potentialAction\":[{\"@type\":\"ReadAction\",\"target\":[\"https:\\\/\\\/ponteseditores.com.br\\\/loja3\\\/pontes-editores-home-2__trashed\\\/ebook\\\/lancamento-e-book\\\/fazer-ciencia-pensar-saberes\\\/\"]}]},{\"@type\":\"ImageObject\",\"inLanguage\":\"pt-BR\",\"@id\":\"https:\\\/\\\/ponteseditores.com.br\\\/loja3\\\/pontes-editores-home-2__trashed\\\/ebook\\\/lancamento-e-book\\\/fazer-ciencia-pensar-saberes\\\/#primaryimage\",\"url\":\"https:\\\/\\\/ponteseditores.com.br\\\/loja3\\\/wp-content\\\/uploads\\\/2024\\\/11\\\/Capa_Fazer_Ciencia.jpg\",\"contentUrl\":\"https:\\\/\\\/ponteseditores.com.br\\\/loja3\\\/wp-content\\\/uploads\\\/2024\\\/11\\\/Capa_Fazer_Ciencia.jpg\",\"width\":1728,\"height\":2443},{\"@type\":\"BreadcrumbList\",\"@id\":\"https:\\\/\\\/ponteseditores.com.br\\\/loja3\\\/pontes-editores-home-2__trashed\\\/ebook\\\/lancamento-e-book\\\/fazer-ciencia-pensar-saberes\\\/#breadcrumb\",\"itemListElement\":[{\"@type\":\"ListItem\",\"position\":1,\"name\":\"Home\",\"item\":\"https:\\\/\\\/ponteseditores.com.br\\\/loja3\\\/\"},{\"@type\":\"ListItem\",\"position\":2,\"name\":\"loja\",\"item\":\"https:\\\/\\\/ponteseditores.com.br\\\/loja3\\\/loja\\\/\"},{\"@type\":\"ListItem\",\"position\":3,\"name\":\"Fazer ci\u00eancia pensar saberes\"}]},{\"@type\":\"WebSite\",\"@id\":\"https:\\\/\\\/ponteseditores.com.br\\\/loja3\\\/#website\",\"url\":\"https:\\\/\\\/ponteseditores.com.br\\\/loja3\\\/\",\"name\":\"Pontes Editores\",\"description\":\"Pontes Editores\",\"publisher\":{\"@id\":\"https:\\\/\\\/ponteseditores.com.br\\\/loja3\\\/#organization\"},\"potentialAction\":[{\"@type\":\"SearchAction\",\"target\":{\"@type\":\"EntryPoint\",\"urlTemplate\":\"https:\\\/\\\/ponteseditores.com.br\\\/loja3\\\/?s={search_term_string}\"},\"query-input\":{\"@type\":\"PropertyValueSpecification\",\"valueRequired\":true,\"valueName\":\"search_term_string\"}}],\"inLanguage\":\"pt-BR\"},{\"@type\":\"Organization\",\"@id\":\"https:\\\/\\\/ponteseditores.com.br\\\/loja3\\\/#organization\",\"name\":\"Pontes Editores\",\"url\":\"https:\\\/\\\/ponteseditores.com.br\\\/loja3\\\/\",\"logo\":{\"@type\":\"ImageObject\",\"inLanguage\":\"pt-BR\",\"@id\":\"https:\\\/\\\/ponteseditores.com.br\\\/loja3\\\/#\\\/schema\\\/logo\\\/image\\\/\",\"url\":\"https:\\\/\\\/ponteseditores.com.br\\\/loja3\\\/wp-content\\\/uploads\\\/2023\\\/12\\\/logo-pontes-editores-v2.png\",\"contentUrl\":\"https:\\\/\\\/ponteseditores.com.br\\\/loja3\\\/wp-content\\\/uploads\\\/2023\\\/12\\\/logo-pontes-editores-v2.png\",\"width\":258,\"height\":100,\"caption\":\"Pontes Editores\"},\"image\":{\"@id\":\"https:\\\/\\\/ponteseditores.com.br\\\/loja3\\\/#\\\/schema\\\/logo\\\/image\\\/\"}}]}<\/script>\n<!-- \/ Yoast SEO plugin. -->","yoast_head_json":{"title":"Fazer ci\u00eancia pensar saberes - Pontes Editores","robots":{"index":"index","follow":"follow","max-snippet":"max-snippet:-1","max-image-preview":"max-image-preview:large","max-video-preview":"max-video-preview:-1"},"canonical":"https:\/\/ponteseditores.com.br\/loja3\/pontes-editores-home-2__trashed\/ebook\/lancamento-e-book\/fazer-ciencia-pensar-saberes\/","og_locale":"pt_BR","og_type":"article","og_title":"Fazer ci\u00eancia pensar saberes - Pontes Editores","og_description":"Fazer Ci\u00eancia Pensar Saberes resulta de a\u00e7\u00e3o coletiva de autores\/as que, com suas pesquisas, buscam discutir a produ\u00e7\u00e3o do conhecimento situado no contexto da pr\u00e1tica. A Ci\u00eancia e os Saberes t\u00eam defini\u00e7\u00f5es pr\u00f3prias nos diferentes argumentos epist\u00eamicos. Fazer ci\u00eancia \u00e9 a\u00e7\u00e3o realizada por e para humanos em suas rela\u00e7\u00f5es com outros elementos; assim como experi\u00eancias [&hellip;]","og_url":"https:\/\/ponteseditores.com.br\/loja3\/pontes-editores-home-2__trashed\/ebook\/lancamento-e-book\/fazer-ciencia-pensar-saberes\/","og_site_name":"Pontes Editores","og_image":[{"width":1728,"height":2443,"url":"https:\/\/ponteseditores.com.br\/loja3\/wp-content\/uploads\/2024\/11\/Capa_Fazer_Ciencia.jpg","type":"image\/jpeg"}],"twitter_card":"summary_large_image","twitter_misc":{"Est. tempo de leitura":"2 minutos"},"schema":{"@context":"https:\/\/schema.org","@graph":[{"@type":"WebPage","@id":"https:\/\/ponteseditores.com.br\/loja3\/pontes-editores-home-2__trashed\/ebook\/lancamento-e-book\/fazer-ciencia-pensar-saberes\/","url":"https:\/\/ponteseditores.com.br\/loja3\/pontes-editores-home-2__trashed\/ebook\/lancamento-e-book\/fazer-ciencia-pensar-saberes\/","name":"Fazer ci\u00eancia pensar saberes - Pontes Editores","isPartOf":{"@id":"https:\/\/ponteseditores.com.br\/loja3\/#website"},"primaryImageOfPage":{"@id":"https:\/\/ponteseditores.com.br\/loja3\/pontes-editores-home-2__trashed\/ebook\/lancamento-e-book\/fazer-ciencia-pensar-saberes\/#primaryimage"},"image":{"@id":"https:\/\/ponteseditores.com.br\/loja3\/pontes-editores-home-2__trashed\/ebook\/lancamento-e-book\/fazer-ciencia-pensar-saberes\/#primaryimage"},"thumbnailUrl":"https:\/\/ponteseditores.com.br\/loja3\/wp-content\/uploads\/2024\/11\/Capa_Fazer_Ciencia.jpg","datePublished":"2024-11-11T13:31:13+00:00","breadcrumb":{"@id":"https:\/\/ponteseditores.com.br\/loja3\/pontes-editores-home-2__trashed\/ebook\/lancamento-e-book\/fazer-ciencia-pensar-saberes\/#breadcrumb"},"inLanguage":"pt-BR","potentialAction":[{"@type":"ReadAction","target":["https:\/\/ponteseditores.com.br\/loja3\/pontes-editores-home-2__trashed\/ebook\/lancamento-e-book\/fazer-ciencia-pensar-saberes\/"]}]},{"@type":"ImageObject","inLanguage":"pt-BR","@id":"https:\/\/ponteseditores.com.br\/loja3\/pontes-editores-home-2__trashed\/ebook\/lancamento-e-book\/fazer-ciencia-pensar-saberes\/#primaryimage","url":"https:\/\/ponteseditores.com.br\/loja3\/wp-content\/uploads\/2024\/11\/Capa_Fazer_Ciencia.jpg","contentUrl":"https:\/\/ponteseditores.com.br\/loja3\/wp-content\/uploads\/2024\/11\/Capa_Fazer_Ciencia.jpg","width":1728,"height":2443},{"@type":"BreadcrumbList","@id":"https:\/\/ponteseditores.com.br\/loja3\/pontes-editores-home-2__trashed\/ebook\/lancamento-e-book\/fazer-ciencia-pensar-saberes\/#breadcrumb","itemListElement":[{"@type":"ListItem","position":1,"name":"Home","item":"https:\/\/ponteseditores.com.br\/loja3\/"},{"@type":"ListItem","position":2,"name":"loja","item":"https:\/\/ponteseditores.com.br\/loja3\/loja\/"},{"@type":"ListItem","position":3,"name":"Fazer ci\u00eancia pensar saberes"}]},{"@type":"WebSite","@id":"https:\/\/ponteseditores.com.br\/loja3\/#website","url":"https:\/\/ponteseditores.com.br\/loja3\/","name":"Pontes Editores","description":"Pontes Editores","publisher":{"@id":"https:\/\/ponteseditores.com.br\/loja3\/#organization"},"potentialAction":[{"@type":"SearchAction","target":{"@type":"EntryPoint","urlTemplate":"https:\/\/ponteseditores.com.br\/loja3\/?s={search_term_string}"},"query-input":{"@type":"PropertyValueSpecification","valueRequired":true,"valueName":"search_term_string"}}],"inLanguage":"pt-BR"},{"@type":"Organization","@id":"https:\/\/ponteseditores.com.br\/loja3\/#organization","name":"Pontes Editores","url":"https:\/\/ponteseditores.com.br\/loja3\/","logo":{"@type":"ImageObject","inLanguage":"pt-BR","@id":"https:\/\/ponteseditores.com.br\/loja3\/#\/schema\/logo\/image\/","url":"https:\/\/ponteseditores.com.br\/loja3\/wp-content\/uploads\/2023\/12\/logo-pontes-editores-v2.png","contentUrl":"https:\/\/ponteseditores.com.br\/loja3\/wp-content\/uploads\/2023\/12\/logo-pontes-editores-v2.png","width":258,"height":100,"caption":"Pontes Editores"},"image":{"@id":"https:\/\/ponteseditores.com.br\/loja3\/#\/schema\/logo\/image\/"}}]}},"_links":{"self":[{"href":"https:\/\/ponteseditores.com.br\/loja3\/wp-json\/wp\/v2\/product\/18084","targetHints":{"allow":["GET"]}}],"collection":[{"href":"https:\/\/ponteseditores.com.br\/loja3\/wp-json\/wp\/v2\/product"}],"about":[{"href":"https:\/\/ponteseditores.com.br\/loja3\/wp-json\/wp\/v2\/types\/product"}],"replies":[{"embeddable":true,"href":"https:\/\/ponteseditores.com.br\/loja3\/wp-json\/wp\/v2\/comments?post=18084"}],"version-history":[{"count":0,"href":"https:\/\/ponteseditores.com.br\/loja3\/wp-json\/wp\/v2\/product\/18084\/revisions"}],"wp:featuredmedia":[{"embeddable":true,"href":"https:\/\/ponteseditores.com.br\/loja3\/wp-json\/wp\/v2\/media\/18086"}],"wp:attachment":[{"href":"https:\/\/ponteseditores.com.br\/loja3\/wp-json\/wp\/v2\/media?parent=18084"}],"wp:term":[{"taxonomy":"product_brand","embeddable":true,"href":"https:\/\/ponteseditores.com.br\/loja3\/wp-json\/wp\/v2\/product_brand?post=18084"},{"taxonomy":"product_cat","embeddable":true,"href":"https:\/\/ponteseditores.com.br\/loja3\/wp-json\/wp\/v2\/product_cat?post=18084"},{"taxonomy":"product_tag","embeddable":true,"href":"https:\/\/ponteseditores.com.br\/loja3\/wp-json\/wp\/v2\/product_tag?post=18084"}],"curies":[{"name":"wp","href":"https:\/\/api.w.org\/{rel}","templated":true}]}}