{"id":17949,"date":"2024-11-08T10:35:14","date_gmt":"2024-11-08T13:35:14","guid":{"rendered":"https:\/\/ponteseditores.com.br\/loja3\/?post_type=product&#038;p=17949"},"modified":"2024-11-08T10:35:15","modified_gmt":"2024-11-08T13:35:15","slug":"estudios-del-discurso-politica-violencia-y-crisis-sanitaria","status":"publish","type":"product","link":"https:\/\/ponteseditores.com.br\/loja3\/pontes-editores-home-2__trashed\/ebook\/lancamento-e-book\/estudios-del-discurso-politica-violencia-y-crisis-sanitaria\/","title":{"rendered":"Estudios del discurso pol\u00edtica, violencia y crisis sanitaria"},"content":{"rendered":"<p>En este libro se han incluido nueve contribuciones que analizan una diversidad de temas actuales sobre problemas en el \u00e1rea del an\u00e1lisis del discurso dentro del contexto latinoamericano. Frente a una militancia fren\u00e9tica en contra del conocimiento y el aprendizaje, es reconfortante encontrarse con investigaciones y estudios como los que a\u00fana este libro. Es complejo, hoy, hablar y sostener proyectos colectivos, que tiendan al bien com\u00fan, siquiera nombrar que debe haber justicia social, redistribuci\u00f3n de la riqueza, presencia del Estado y defensa de las \u2018supuestas\u2019 minor\u00edas, ya que, como sucede con la pobreza, son mayor\u00edas en mucho de nuestros pa\u00edses latinoamericanos. Tambi\u00e9n resulta al menos desafiante, poder mencionar que la ciencia y la educaci\u00f3n son nuestra \u00fanica esperanza. Es importante notar tambi\u00e9n que las tem\u00e1ticas m\u00e1s relevantes de los estudios del discurso en este tiempo apuntan a indagar en las identidades esencialistas (raza negra, feminismos, personas no binarias, pueblos originarios). Muchas de estas identidades son v\u00edctimas de violencias f\u00edsicas, psicol\u00f3gicas, verbales, y de una gran discriminaci\u00f3n.<\/p>\n<p>Estimable lector, esperamos que los materiales aqu\u00ed recopilados puedan servir para profundizar en los diferentes aspectos, fen\u00f3menos yrealidades sociales quese produjeron durante ydespu\u00e9s dela pandemia. El texto, vale la pena mencionarlo, ofrece trabajos no \u00fanicamente sobre la pandemia por COVID -19, sino tambi\u00e9n sobre otros problemas y temas que se desarrollaban durante este per\u00edodo, por lo cual los interesados podr\u00e1n encontrar una diversidad de estudios analizadas desde las herramientas proporcionadas por la ling\u00fc\u00edstica general, el An\u00e1lisis del discurso y otras \u00e1reas del conocimiento. Agradecemos a todos los que hicieron parte de este volumen, a los autores y autoras, revisoras y revisores, as\u00ed como al sello editorial por su apoyo y muy especialmente a la Asociaci\u00f3n Latinoamericana de Estudios del Discurso (ALED), delegaci\u00f3n M\u00e9xico por el soporte brindado. Esperamos que el material pueda ser de utilidad para legos, especialistas y p\u00fablico en general interesados en el An\u00e1lisis del Discurso.<\/p>\n<p>&nbsp;<\/p>\n","protected":false},"excerpt":{"rendered":"<p>En este libro se han incluido nueve contribuciones que analizan una diversidad de temas actuales sobre problemas en el \u00e1rea del an\u00e1lisis del discurso dentro del contexto latinoamericano. Frente a una militancia fren\u00e9tica en contra del conocimiento y el aprendizaje, es reconfortante encontrarse con investigaciones y estudios como los que a\u00fana este libro. Es complejo, [&hellip;]<\/p>\n","protected":false},"featured_media":17951,"comment_status":"open","ping_status":"closed","template":"","meta":{"_joinchat":[]},"product_brand":[],"product_cat":[165,386],"product_tag":[],"class_list":{"0":"post-17949","1":"product","2":"type-product","3":"status-publish","4":"has-post-thumbnail","6":"product_cat-ebook","7":"product_cat-lancamento-e-book","9":"first","10":"instock","11":"downloadable","12":"virtual","13":"purchasable","14":"product-type-simple"},"yoast_head":"<!-- This site is optimized with the Yoast SEO plugin v27.4 - https:\/\/yoast.com\/product\/yoast-seo-wordpress\/ -->\n<title>Estudios del discurso pol\u00edtica, violencia y crisis sanitaria - Pontes Editores<\/title>\n<meta name=\"robots\" content=\"index, follow, max-snippet:-1, max-image-preview:large, max-video-preview:-1\" \/>\n<link rel=\"canonical\" href=\"https:\/\/ponteseditores.com.br\/loja3\/pontes-editores-home-2__trashed\/ebook\/lancamento-e-book\/estudios-del-discurso-politica-violencia-y-crisis-sanitaria\/\" \/>\n<meta property=\"og:locale\" content=\"pt_BR\" \/>\n<meta property=\"og:type\" content=\"article\" \/>\n<meta property=\"og:title\" content=\"Estudios del discurso pol\u00edtica, violencia y crisis sanitaria - Pontes Editores\" \/>\n<meta property=\"og:description\" content=\"En este libro se han incluido nueve contribuciones que analizan una diversidad de temas actuales sobre problemas en el \u00e1rea del an\u00e1lisis del discurso dentro del contexto latinoamericano. Frente a una militancia fren\u00e9tica en contra del conocimiento y el aprendizaje, es reconfortante encontrarse con investigaciones y estudios como los que a\u00fana este libro. Es complejo, [&hellip;]\" \/>\n<meta property=\"og:url\" content=\"https:\/\/ponteseditores.com.br\/loja3\/pontes-editores-home-2__trashed\/ebook\/lancamento-e-book\/estudios-del-discurso-politica-violencia-y-crisis-sanitaria\/\" \/>\n<meta property=\"og:site_name\" content=\"Pontes Editores\" \/>\n<meta property=\"article:modified_time\" content=\"2024-11-08T13:35:15+00:00\" \/>\n<meta property=\"og:image\" content=\"https:\/\/ponteseditores.com.br\/loja3\/wp-content\/uploads\/2024\/11\/Capa_Estudios_del_Discurso.jpg\" \/>\n\t<meta property=\"og:image:width\" content=\"1728\" \/>\n\t<meta property=\"og:image:height\" content=\"2443\" \/>\n\t<meta property=\"og:image:type\" content=\"image\/jpeg\" \/>\n<meta name=\"twitter:card\" content=\"summary_large_image\" \/>\n<meta name=\"twitter:label1\" content=\"Est. tempo de leitura\" \/>\n\t<meta name=\"twitter:data1\" content=\"2 minutos\" \/>\n<script type=\"application\/ld+json\" class=\"yoast-schema-graph\">{\"@context\":\"https:\\\/\\\/schema.org\",\"@graph\":[{\"@type\":\"WebPage\",\"@id\":\"https:\\\/\\\/ponteseditores.com.br\\\/loja3\\\/pontes-editores-home-2__trashed\\\/ebook\\\/lancamento-e-book\\\/estudios-del-discurso-politica-violencia-y-crisis-sanitaria\\\/\",\"url\":\"https:\\\/\\\/ponteseditores.com.br\\\/loja3\\\/pontes-editores-home-2__trashed\\\/ebook\\\/lancamento-e-book\\\/estudios-del-discurso-politica-violencia-y-crisis-sanitaria\\\/\",\"name\":\"Estudios del discurso pol\u00edtica, violencia y crisis sanitaria - Pontes Editores\",\"isPartOf\":{\"@id\":\"https:\\\/\\\/ponteseditores.com.br\\\/loja3\\\/#website\"},\"primaryImageOfPage\":{\"@id\":\"https:\\\/\\\/ponteseditores.com.br\\\/loja3\\\/pontes-editores-home-2__trashed\\\/ebook\\\/lancamento-e-book\\\/estudios-del-discurso-politica-violencia-y-crisis-sanitaria\\\/#primaryimage\"},\"image\":{\"@id\":\"https:\\\/\\\/ponteseditores.com.br\\\/loja3\\\/pontes-editores-home-2__trashed\\\/ebook\\\/lancamento-e-book\\\/estudios-del-discurso-politica-violencia-y-crisis-sanitaria\\\/#primaryimage\"},\"thumbnailUrl\":\"https:\\\/\\\/ponteseditores.com.br\\\/loja3\\\/wp-content\\\/uploads\\\/2024\\\/11\\\/Capa_Estudios_del_Discurso.jpg\",\"datePublished\":\"2024-11-08T13:35:14+00:00\",\"dateModified\":\"2024-11-08T13:35:15+00:00\",\"breadcrumb\":{\"@id\":\"https:\\\/\\\/ponteseditores.com.br\\\/loja3\\\/pontes-editores-home-2__trashed\\\/ebook\\\/lancamento-e-book\\\/estudios-del-discurso-politica-violencia-y-crisis-sanitaria\\\/#breadcrumb\"},\"inLanguage\":\"pt-BR\",\"potentialAction\":[{\"@type\":\"ReadAction\",\"target\":[\"https:\\\/\\\/ponteseditores.com.br\\\/loja3\\\/pontes-editores-home-2__trashed\\\/ebook\\\/lancamento-e-book\\\/estudios-del-discurso-politica-violencia-y-crisis-sanitaria\\\/\"]}]},{\"@type\":\"ImageObject\",\"inLanguage\":\"pt-BR\",\"@id\":\"https:\\\/\\\/ponteseditores.com.br\\\/loja3\\\/pontes-editores-home-2__trashed\\\/ebook\\\/lancamento-e-book\\\/estudios-del-discurso-politica-violencia-y-crisis-sanitaria\\\/#primaryimage\",\"url\":\"https:\\\/\\\/ponteseditores.com.br\\\/loja3\\\/wp-content\\\/uploads\\\/2024\\\/11\\\/Capa_Estudios_del_Discurso.jpg\",\"contentUrl\":\"https:\\\/\\\/ponteseditores.com.br\\\/loja3\\\/wp-content\\\/uploads\\\/2024\\\/11\\\/Capa_Estudios_del_Discurso.jpg\",\"width\":1728,\"height\":2443},{\"@type\":\"BreadcrumbList\",\"@id\":\"https:\\\/\\\/ponteseditores.com.br\\\/loja3\\\/pontes-editores-home-2__trashed\\\/ebook\\\/lancamento-e-book\\\/estudios-del-discurso-politica-violencia-y-crisis-sanitaria\\\/#breadcrumb\",\"itemListElement\":[{\"@type\":\"ListItem\",\"position\":1,\"name\":\"Home\",\"item\":\"https:\\\/\\\/ponteseditores.com.br\\\/loja3\\\/\"},{\"@type\":\"ListItem\",\"position\":2,\"name\":\"loja\",\"item\":\"https:\\\/\\\/ponteseditores.com.br\\\/loja3\\\/loja\\\/\"},{\"@type\":\"ListItem\",\"position\":3,\"name\":\"Estudios del discurso pol\u00edtica, violencia y crisis sanitaria\"}]},{\"@type\":\"WebSite\",\"@id\":\"https:\\\/\\\/ponteseditores.com.br\\\/loja3\\\/#website\",\"url\":\"https:\\\/\\\/ponteseditores.com.br\\\/loja3\\\/\",\"name\":\"Pontes Editores\",\"description\":\"Pontes Editores\",\"publisher\":{\"@id\":\"https:\\\/\\\/ponteseditores.com.br\\\/loja3\\\/#organization\"},\"potentialAction\":[{\"@type\":\"SearchAction\",\"target\":{\"@type\":\"EntryPoint\",\"urlTemplate\":\"https:\\\/\\\/ponteseditores.com.br\\\/loja3\\\/?s={search_term_string}\"},\"query-input\":{\"@type\":\"PropertyValueSpecification\",\"valueRequired\":true,\"valueName\":\"search_term_string\"}}],\"inLanguage\":\"pt-BR\"},{\"@type\":\"Organization\",\"@id\":\"https:\\\/\\\/ponteseditores.com.br\\\/loja3\\\/#organization\",\"name\":\"Pontes Editores\",\"url\":\"https:\\\/\\\/ponteseditores.com.br\\\/loja3\\\/\",\"logo\":{\"@type\":\"ImageObject\",\"inLanguage\":\"pt-BR\",\"@id\":\"https:\\\/\\\/ponteseditores.com.br\\\/loja3\\\/#\\\/schema\\\/logo\\\/image\\\/\",\"url\":\"https:\\\/\\\/ponteseditores.com.br\\\/loja3\\\/wp-content\\\/uploads\\\/2023\\\/12\\\/logo-pontes-editores-v2.png\",\"contentUrl\":\"https:\\\/\\\/ponteseditores.com.br\\\/loja3\\\/wp-content\\\/uploads\\\/2023\\\/12\\\/logo-pontes-editores-v2.png\",\"width\":258,\"height\":100,\"caption\":\"Pontes Editores\"},\"image\":{\"@id\":\"https:\\\/\\\/ponteseditores.com.br\\\/loja3\\\/#\\\/schema\\\/logo\\\/image\\\/\"}}]}<\/script>\n<!-- \/ Yoast SEO plugin. -->","yoast_head_json":{"title":"Estudios del discurso pol\u00edtica, violencia y crisis sanitaria - Pontes Editores","robots":{"index":"index","follow":"follow","max-snippet":"max-snippet:-1","max-image-preview":"max-image-preview:large","max-video-preview":"max-video-preview:-1"},"canonical":"https:\/\/ponteseditores.com.br\/loja3\/pontes-editores-home-2__trashed\/ebook\/lancamento-e-book\/estudios-del-discurso-politica-violencia-y-crisis-sanitaria\/","og_locale":"pt_BR","og_type":"article","og_title":"Estudios del discurso pol\u00edtica, violencia y crisis sanitaria - Pontes Editores","og_description":"En este libro se han incluido nueve contribuciones que analizan una diversidad de temas actuales sobre problemas en el \u00e1rea del an\u00e1lisis del discurso dentro del contexto latinoamericano. Frente a una militancia fren\u00e9tica en contra del conocimiento y el aprendizaje, es reconfortante encontrarse con investigaciones y estudios como los que a\u00fana este libro. Es complejo, [&hellip;]","og_url":"https:\/\/ponteseditores.com.br\/loja3\/pontes-editores-home-2__trashed\/ebook\/lancamento-e-book\/estudios-del-discurso-politica-violencia-y-crisis-sanitaria\/","og_site_name":"Pontes Editores","article_modified_time":"2024-11-08T13:35:15+00:00","og_image":[{"width":1728,"height":2443,"url":"https:\/\/ponteseditores.com.br\/loja3\/wp-content\/uploads\/2024\/11\/Capa_Estudios_del_Discurso.jpg","type":"image\/jpeg"}],"twitter_card":"summary_large_image","twitter_misc":{"Est. tempo de leitura":"2 minutos"},"schema":{"@context":"https:\/\/schema.org","@graph":[{"@type":"WebPage","@id":"https:\/\/ponteseditores.com.br\/loja3\/pontes-editores-home-2__trashed\/ebook\/lancamento-e-book\/estudios-del-discurso-politica-violencia-y-crisis-sanitaria\/","url":"https:\/\/ponteseditores.com.br\/loja3\/pontes-editores-home-2__trashed\/ebook\/lancamento-e-book\/estudios-del-discurso-politica-violencia-y-crisis-sanitaria\/","name":"Estudios del discurso pol\u00edtica, violencia y crisis sanitaria - Pontes Editores","isPartOf":{"@id":"https:\/\/ponteseditores.com.br\/loja3\/#website"},"primaryImageOfPage":{"@id":"https:\/\/ponteseditores.com.br\/loja3\/pontes-editores-home-2__trashed\/ebook\/lancamento-e-book\/estudios-del-discurso-politica-violencia-y-crisis-sanitaria\/#primaryimage"},"image":{"@id":"https:\/\/ponteseditores.com.br\/loja3\/pontes-editores-home-2__trashed\/ebook\/lancamento-e-book\/estudios-del-discurso-politica-violencia-y-crisis-sanitaria\/#primaryimage"},"thumbnailUrl":"https:\/\/ponteseditores.com.br\/loja3\/wp-content\/uploads\/2024\/11\/Capa_Estudios_del_Discurso.jpg","datePublished":"2024-11-08T13:35:14+00:00","dateModified":"2024-11-08T13:35:15+00:00","breadcrumb":{"@id":"https:\/\/ponteseditores.com.br\/loja3\/pontes-editores-home-2__trashed\/ebook\/lancamento-e-book\/estudios-del-discurso-politica-violencia-y-crisis-sanitaria\/#breadcrumb"},"inLanguage":"pt-BR","potentialAction":[{"@type":"ReadAction","target":["https:\/\/ponteseditores.com.br\/loja3\/pontes-editores-home-2__trashed\/ebook\/lancamento-e-book\/estudios-del-discurso-politica-violencia-y-crisis-sanitaria\/"]}]},{"@type":"ImageObject","inLanguage":"pt-BR","@id":"https:\/\/ponteseditores.com.br\/loja3\/pontes-editores-home-2__trashed\/ebook\/lancamento-e-book\/estudios-del-discurso-politica-violencia-y-crisis-sanitaria\/#primaryimage","url":"https:\/\/ponteseditores.com.br\/loja3\/wp-content\/uploads\/2024\/11\/Capa_Estudios_del_Discurso.jpg","contentUrl":"https:\/\/ponteseditores.com.br\/loja3\/wp-content\/uploads\/2024\/11\/Capa_Estudios_del_Discurso.jpg","width":1728,"height":2443},{"@type":"BreadcrumbList","@id":"https:\/\/ponteseditores.com.br\/loja3\/pontes-editores-home-2__trashed\/ebook\/lancamento-e-book\/estudios-del-discurso-politica-violencia-y-crisis-sanitaria\/#breadcrumb","itemListElement":[{"@type":"ListItem","position":1,"name":"Home","item":"https:\/\/ponteseditores.com.br\/loja3\/"},{"@type":"ListItem","position":2,"name":"loja","item":"https:\/\/ponteseditores.com.br\/loja3\/loja\/"},{"@type":"ListItem","position":3,"name":"Estudios del discurso pol\u00edtica, violencia y crisis sanitaria"}]},{"@type":"WebSite","@id":"https:\/\/ponteseditores.com.br\/loja3\/#website","url":"https:\/\/ponteseditores.com.br\/loja3\/","name":"Pontes Editores","description":"Pontes Editores","publisher":{"@id":"https:\/\/ponteseditores.com.br\/loja3\/#organization"},"potentialAction":[{"@type":"SearchAction","target":{"@type":"EntryPoint","urlTemplate":"https:\/\/ponteseditores.com.br\/loja3\/?s={search_term_string}"},"query-input":{"@type":"PropertyValueSpecification","valueRequired":true,"valueName":"search_term_string"}}],"inLanguage":"pt-BR"},{"@type":"Organization","@id":"https:\/\/ponteseditores.com.br\/loja3\/#organization","name":"Pontes Editores","url":"https:\/\/ponteseditores.com.br\/loja3\/","logo":{"@type":"ImageObject","inLanguage":"pt-BR","@id":"https:\/\/ponteseditores.com.br\/loja3\/#\/schema\/logo\/image\/","url":"https:\/\/ponteseditores.com.br\/loja3\/wp-content\/uploads\/2023\/12\/logo-pontes-editores-v2.png","contentUrl":"https:\/\/ponteseditores.com.br\/loja3\/wp-content\/uploads\/2023\/12\/logo-pontes-editores-v2.png","width":258,"height":100,"caption":"Pontes Editores"},"image":{"@id":"https:\/\/ponteseditores.com.br\/loja3\/#\/schema\/logo\/image\/"}}]}},"_links":{"self":[{"href":"https:\/\/ponteseditores.com.br\/loja3\/wp-json\/wp\/v2\/product\/17949","targetHints":{"allow":["GET"]}}],"collection":[{"href":"https:\/\/ponteseditores.com.br\/loja3\/wp-json\/wp\/v2\/product"}],"about":[{"href":"https:\/\/ponteseditores.com.br\/loja3\/wp-json\/wp\/v2\/types\/product"}],"replies":[{"embeddable":true,"href":"https:\/\/ponteseditores.com.br\/loja3\/wp-json\/wp\/v2\/comments?post=17949"}],"version-history":[{"count":0,"href":"https:\/\/ponteseditores.com.br\/loja3\/wp-json\/wp\/v2\/product\/17949\/revisions"}],"wp:featuredmedia":[{"embeddable":true,"href":"https:\/\/ponteseditores.com.br\/loja3\/wp-json\/wp\/v2\/media\/17951"}],"wp:attachment":[{"href":"https:\/\/ponteseditores.com.br\/loja3\/wp-json\/wp\/v2\/media?parent=17949"}],"wp:term":[{"taxonomy":"product_brand","embeddable":true,"href":"https:\/\/ponteseditores.com.br\/loja3\/wp-json\/wp\/v2\/product_brand?post=17949"},{"taxonomy":"product_cat","embeddable":true,"href":"https:\/\/ponteseditores.com.br\/loja3\/wp-json\/wp\/v2\/product_cat?post=17949"},{"taxonomy":"product_tag","embeddable":true,"href":"https:\/\/ponteseditores.com.br\/loja3\/wp-json\/wp\/v2\/product_tag?post=17949"}],"curies":[{"name":"wp","href":"https:\/\/api.w.org\/{rel}","templated":true}]}}