{"id":17748,"date":"2024-11-04T15:45:24","date_gmt":"2024-11-04T18:45:24","guid":{"rendered":"https:\/\/ponteseditores.com.br\/loja3\/?post_type=product&#038;p=17748"},"modified":"2024-11-04T15:45:24","modified_gmt":"2024-11-04T18:45:24","slug":"o-sorriso-da-estrela","status":"publish","type":"product","link":"https:\/\/ponteseditores.com.br\/loja3\/pontes-editores-home-2__trashed\/literatura\/literatura-infantojuvenil\/o-sorriso-da-estrela\/","title":{"rendered":"O sorriso da estrela"},"content":{"rendered":"<p><strong>O sorriso da Estrela<\/strong>, de Aleilton Fonseca, escritor baiano, que escreve poesia, contos e romances. O texto foi destacado do livro <em>O desterro dos mortos<\/em>, e passou por uma edi\u00e7\u00e3o especial, dirigida sobretudo aos leitores jovens. O livro tem formato de literatura juvenil, com Ilustra\u00e7\u00f5es de Cristina Valadas, artista pl\u00e1stica portuguesa que trabalha o texto brasileiro, numa parceria criativa que aproxima as culturas de ambos os pa\u00edses, num di\u00e1logo est\u00e9tico f\u00e9rtil e significativo.<\/p>\n<p>Para o autor Aleilton Fonseca, a edi\u00e7\u00e3o do conto, com todas as suas cenas e p\u00e1ginas coloridas e ilustradas, amplia os sentidos da narrativa, pois as personagens, o ambiente e a atmosfera da hist\u00f3ria ganham tra\u00e7os e cores para al\u00e9m das palavras, como valiosa contribui\u00e7\u00e3o da ilustradora. O tema do livro \u00e9 a morte, como experi\u00eancia vivida em fam\u00edlia, sobre a dor da perda e as reflex\u00f5es necess\u00e1rias para a compreens\u00e3o, a resili\u00eancia, a supera\u00e7\u00e3o e a experi\u00eancia de vida. O narrador relata a morte de sua irm\u00e3, quando ambos eram ainda crian\u00e7as, e as profundas marcas que ficaram, as lembran\u00e7as da conviv\u00eancia, a reavalia\u00e7\u00e3o das atitudes e, por fim, a supera\u00e7\u00e3o do sofrimento, com a aceita\u00e7\u00e3o das diferen\u00e7as e a valoriza\u00e7\u00e3o dos afetos. Esse conto, na edi\u00e7\u00e3o original, tem sido muito abordado no meio jovem, em v\u00e1rios col\u00e9gios da capital e dos munic\u00edpios, tendo sido j\u00e1 traduzido para espanhol, franc\u00eas e italiano. O narrador, agora adulto, retoma a mem\u00f3ria da inf\u00e2ncia, ao relatar a vida da irm\u00e3 mais velha, Estela, uma crian\u00e7a especial, que morre aos 13 anos, deixando um vazio na fam\u00edlia. O narrador, aos 10 anos, desprezava o amor e a aten\u00e7\u00e3o da irm\u00e3, mas ao sofrer a sua perda, reavalia suas atitudes, se arrepende e passa a valorizar a irm\u00e3 e suas qualidades afetivas.<\/p>\n<p>Nessa nova edi\u00e7\u00e3o, a narrativa e as ilustra\u00e7\u00f5es se complementam, s\u00e3o duas linguagens que se somam esteticamente para atingir o efeito de leitura, levando \u00e0 emo\u00e7\u00e3o e \u00e0 reflex\u00e3o.<\/p>\n<p>&nbsp;<\/p>\n<p>&nbsp;<\/p>\n","protected":false},"excerpt":{"rendered":"<p>O sorriso da Estrela, de Aleilton Fonseca, escritor baiano, que escreve poesia, contos e romances. O texto foi destacado do livro O desterro dos mortos, e passou por uma edi\u00e7\u00e3o especial, dirigida sobretudo aos leitores jovens. O livro tem formato de literatura juvenil, com Ilustra\u00e7\u00f5es de Cristina Valadas, artista pl\u00e1stica portuguesa que trabalha o texto [&hellip;]<\/p>\n","protected":false},"featured_media":17749,"comment_status":"open","ping_status":"closed","template":"","meta":{"_joinchat":[]},"product_brand":[],"product_cat":[167,815],"product_tag":[],"class_list":{"0":"post-17748","1":"product","2":"type-product","3":"status-publish","4":"has-post-thumbnail","6":"product_cat-lancamento","7":"product_cat-literatura-infantojuvenil","9":"first","10":"instock","11":"shipping-taxable","12":"purchasable","13":"product-type-simple"},"yoast_head":"<!-- This site is optimized with the Yoast SEO plugin v27.4 - https:\/\/yoast.com\/product\/yoast-seo-wordpress\/ -->\n<title>O sorriso da estrela - Pontes Editores<\/title>\n<meta name=\"robots\" content=\"index, follow, max-snippet:-1, max-image-preview:large, max-video-preview:-1\" \/>\n<link rel=\"canonical\" href=\"https:\/\/ponteseditores.com.br\/loja3\/pontes-editores-home-2__trashed\/literatura\/literatura-infantojuvenil\/o-sorriso-da-estrela\/\" \/>\n<meta property=\"og:locale\" content=\"pt_BR\" \/>\n<meta property=\"og:type\" content=\"article\" \/>\n<meta property=\"og:title\" content=\"O sorriso da estrela - Pontes Editores\" \/>\n<meta property=\"og:description\" content=\"O sorriso da Estrela, de Aleilton Fonseca, escritor baiano, que escreve poesia, contos e romances. O texto foi destacado do livro O desterro dos mortos, e passou por uma edi\u00e7\u00e3o especial, dirigida sobretudo aos leitores jovens. O livro tem formato de literatura juvenil, com Ilustra\u00e7\u00f5es de Cristina Valadas, artista pl\u00e1stica portuguesa que trabalha o texto [&hellip;]\" \/>\n<meta property=\"og:url\" content=\"https:\/\/ponteseditores.com.br\/loja3\/pontes-editores-home-2__trashed\/literatura\/literatura-infantojuvenil\/o-sorriso-da-estrela\/\" \/>\n<meta property=\"og:site_name\" content=\"Pontes Editores\" \/>\n<meta property=\"og:image\" content=\"https:\/\/ponteseditores.com.br\/loja3\/wp-content\/uploads\/2024\/11\/Capa_Sorriso_da_Estrela.jpg\" \/>\n\t<meta property=\"og:image:width\" content=\"1728\" \/>\n\t<meta property=\"og:image:height\" content=\"1416\" \/>\n\t<meta property=\"og:image:type\" content=\"image\/jpeg\" \/>\n<meta name=\"twitter:card\" content=\"summary_large_image\" \/>\n<meta name=\"twitter:label1\" content=\"Est. tempo de leitura\" \/>\n\t<meta name=\"twitter:data1\" content=\"2 minutos\" \/>\n<script type=\"application\/ld+json\" class=\"yoast-schema-graph\">{\"@context\":\"https:\\\/\\\/schema.org\",\"@graph\":[{\"@type\":\"WebPage\",\"@id\":\"https:\\\/\\\/ponteseditores.com.br\\\/loja3\\\/pontes-editores-home-2__trashed\\\/literatura\\\/literatura-infantojuvenil\\\/o-sorriso-da-estrela\\\/\",\"url\":\"https:\\\/\\\/ponteseditores.com.br\\\/loja3\\\/pontes-editores-home-2__trashed\\\/literatura\\\/literatura-infantojuvenil\\\/o-sorriso-da-estrela\\\/\",\"name\":\"O sorriso da estrela - Pontes Editores\",\"isPartOf\":{\"@id\":\"https:\\\/\\\/ponteseditores.com.br\\\/loja3\\\/#website\"},\"primaryImageOfPage\":{\"@id\":\"https:\\\/\\\/ponteseditores.com.br\\\/loja3\\\/pontes-editores-home-2__trashed\\\/literatura\\\/literatura-infantojuvenil\\\/o-sorriso-da-estrela\\\/#primaryimage\"},\"image\":{\"@id\":\"https:\\\/\\\/ponteseditores.com.br\\\/loja3\\\/pontes-editores-home-2__trashed\\\/literatura\\\/literatura-infantojuvenil\\\/o-sorriso-da-estrela\\\/#primaryimage\"},\"thumbnailUrl\":\"https:\\\/\\\/ponteseditores.com.br\\\/loja3\\\/wp-content\\\/uploads\\\/2024\\\/11\\\/Capa_Sorriso_da_Estrela.jpg\",\"datePublished\":\"2024-11-04T18:45:24+00:00\",\"breadcrumb\":{\"@id\":\"https:\\\/\\\/ponteseditores.com.br\\\/loja3\\\/pontes-editores-home-2__trashed\\\/literatura\\\/literatura-infantojuvenil\\\/o-sorriso-da-estrela\\\/#breadcrumb\"},\"inLanguage\":\"pt-BR\",\"potentialAction\":[{\"@type\":\"ReadAction\",\"target\":[\"https:\\\/\\\/ponteseditores.com.br\\\/loja3\\\/pontes-editores-home-2__trashed\\\/literatura\\\/literatura-infantojuvenil\\\/o-sorriso-da-estrela\\\/\"]}]},{\"@type\":\"ImageObject\",\"inLanguage\":\"pt-BR\",\"@id\":\"https:\\\/\\\/ponteseditores.com.br\\\/loja3\\\/pontes-editores-home-2__trashed\\\/literatura\\\/literatura-infantojuvenil\\\/o-sorriso-da-estrela\\\/#primaryimage\",\"url\":\"https:\\\/\\\/ponteseditores.com.br\\\/loja3\\\/wp-content\\\/uploads\\\/2024\\\/11\\\/Capa_Sorriso_da_Estrela.jpg\",\"contentUrl\":\"https:\\\/\\\/ponteseditores.com.br\\\/loja3\\\/wp-content\\\/uploads\\\/2024\\\/11\\\/Capa_Sorriso_da_Estrela.jpg\",\"width\":1728,\"height\":1416},{\"@type\":\"BreadcrumbList\",\"@id\":\"https:\\\/\\\/ponteseditores.com.br\\\/loja3\\\/pontes-editores-home-2__trashed\\\/literatura\\\/literatura-infantojuvenil\\\/o-sorriso-da-estrela\\\/#breadcrumb\",\"itemListElement\":[{\"@type\":\"ListItem\",\"position\":1,\"name\":\"Home\",\"item\":\"https:\\\/\\\/ponteseditores.com.br\\\/loja3\\\/\"},{\"@type\":\"ListItem\",\"position\":2,\"name\":\"loja\",\"item\":\"https:\\\/\\\/ponteseditores.com.br\\\/loja3\\\/loja\\\/\"},{\"@type\":\"ListItem\",\"position\":3,\"name\":\"O sorriso da estrela\"}]},{\"@type\":\"WebSite\",\"@id\":\"https:\\\/\\\/ponteseditores.com.br\\\/loja3\\\/#website\",\"url\":\"https:\\\/\\\/ponteseditores.com.br\\\/loja3\\\/\",\"name\":\"Pontes Editores\",\"description\":\"Pontes Editores\",\"publisher\":{\"@id\":\"https:\\\/\\\/ponteseditores.com.br\\\/loja3\\\/#organization\"},\"potentialAction\":[{\"@type\":\"SearchAction\",\"target\":{\"@type\":\"EntryPoint\",\"urlTemplate\":\"https:\\\/\\\/ponteseditores.com.br\\\/loja3\\\/?s={search_term_string}\"},\"query-input\":{\"@type\":\"PropertyValueSpecification\",\"valueRequired\":true,\"valueName\":\"search_term_string\"}}],\"inLanguage\":\"pt-BR\"},{\"@type\":\"Organization\",\"@id\":\"https:\\\/\\\/ponteseditores.com.br\\\/loja3\\\/#organization\",\"name\":\"Pontes Editores\",\"url\":\"https:\\\/\\\/ponteseditores.com.br\\\/loja3\\\/\",\"logo\":{\"@type\":\"ImageObject\",\"inLanguage\":\"pt-BR\",\"@id\":\"https:\\\/\\\/ponteseditores.com.br\\\/loja3\\\/#\\\/schema\\\/logo\\\/image\\\/\",\"url\":\"https:\\\/\\\/ponteseditores.com.br\\\/loja3\\\/wp-content\\\/uploads\\\/2023\\\/12\\\/logo-pontes-editores-v2.png\",\"contentUrl\":\"https:\\\/\\\/ponteseditores.com.br\\\/loja3\\\/wp-content\\\/uploads\\\/2023\\\/12\\\/logo-pontes-editores-v2.png\",\"width\":258,\"height\":100,\"caption\":\"Pontes Editores\"},\"image\":{\"@id\":\"https:\\\/\\\/ponteseditores.com.br\\\/loja3\\\/#\\\/schema\\\/logo\\\/image\\\/\"}}]}<\/script>\n<!-- \/ Yoast SEO plugin. -->","yoast_head_json":{"title":"O sorriso da estrela - Pontes Editores","robots":{"index":"index","follow":"follow","max-snippet":"max-snippet:-1","max-image-preview":"max-image-preview:large","max-video-preview":"max-video-preview:-1"},"canonical":"https:\/\/ponteseditores.com.br\/loja3\/pontes-editores-home-2__trashed\/literatura\/literatura-infantojuvenil\/o-sorriso-da-estrela\/","og_locale":"pt_BR","og_type":"article","og_title":"O sorriso da estrela - Pontes Editores","og_description":"O sorriso da Estrela, de Aleilton Fonseca, escritor baiano, que escreve poesia, contos e romances. O texto foi destacado do livro O desterro dos mortos, e passou por uma edi\u00e7\u00e3o especial, dirigida sobretudo aos leitores jovens. O livro tem formato de literatura juvenil, com Ilustra\u00e7\u00f5es de Cristina Valadas, artista pl\u00e1stica portuguesa que trabalha o texto [&hellip;]","og_url":"https:\/\/ponteseditores.com.br\/loja3\/pontes-editores-home-2__trashed\/literatura\/literatura-infantojuvenil\/o-sorriso-da-estrela\/","og_site_name":"Pontes Editores","og_image":[{"width":1728,"height":1416,"url":"https:\/\/ponteseditores.com.br\/loja3\/wp-content\/uploads\/2024\/11\/Capa_Sorriso_da_Estrela.jpg","type":"image\/jpeg"}],"twitter_card":"summary_large_image","twitter_misc":{"Est. tempo de leitura":"2 minutos"},"schema":{"@context":"https:\/\/schema.org","@graph":[{"@type":"WebPage","@id":"https:\/\/ponteseditores.com.br\/loja3\/pontes-editores-home-2__trashed\/literatura\/literatura-infantojuvenil\/o-sorriso-da-estrela\/","url":"https:\/\/ponteseditores.com.br\/loja3\/pontes-editores-home-2__trashed\/literatura\/literatura-infantojuvenil\/o-sorriso-da-estrela\/","name":"O sorriso da estrela - Pontes Editores","isPartOf":{"@id":"https:\/\/ponteseditores.com.br\/loja3\/#website"},"primaryImageOfPage":{"@id":"https:\/\/ponteseditores.com.br\/loja3\/pontes-editores-home-2__trashed\/literatura\/literatura-infantojuvenil\/o-sorriso-da-estrela\/#primaryimage"},"image":{"@id":"https:\/\/ponteseditores.com.br\/loja3\/pontes-editores-home-2__trashed\/literatura\/literatura-infantojuvenil\/o-sorriso-da-estrela\/#primaryimage"},"thumbnailUrl":"https:\/\/ponteseditores.com.br\/loja3\/wp-content\/uploads\/2024\/11\/Capa_Sorriso_da_Estrela.jpg","datePublished":"2024-11-04T18:45:24+00:00","breadcrumb":{"@id":"https:\/\/ponteseditores.com.br\/loja3\/pontes-editores-home-2__trashed\/literatura\/literatura-infantojuvenil\/o-sorriso-da-estrela\/#breadcrumb"},"inLanguage":"pt-BR","potentialAction":[{"@type":"ReadAction","target":["https:\/\/ponteseditores.com.br\/loja3\/pontes-editores-home-2__trashed\/literatura\/literatura-infantojuvenil\/o-sorriso-da-estrela\/"]}]},{"@type":"ImageObject","inLanguage":"pt-BR","@id":"https:\/\/ponteseditores.com.br\/loja3\/pontes-editores-home-2__trashed\/literatura\/literatura-infantojuvenil\/o-sorriso-da-estrela\/#primaryimage","url":"https:\/\/ponteseditores.com.br\/loja3\/wp-content\/uploads\/2024\/11\/Capa_Sorriso_da_Estrela.jpg","contentUrl":"https:\/\/ponteseditores.com.br\/loja3\/wp-content\/uploads\/2024\/11\/Capa_Sorriso_da_Estrela.jpg","width":1728,"height":1416},{"@type":"BreadcrumbList","@id":"https:\/\/ponteseditores.com.br\/loja3\/pontes-editores-home-2__trashed\/literatura\/literatura-infantojuvenil\/o-sorriso-da-estrela\/#breadcrumb","itemListElement":[{"@type":"ListItem","position":1,"name":"Home","item":"https:\/\/ponteseditores.com.br\/loja3\/"},{"@type":"ListItem","position":2,"name":"loja","item":"https:\/\/ponteseditores.com.br\/loja3\/loja\/"},{"@type":"ListItem","position":3,"name":"O sorriso da estrela"}]},{"@type":"WebSite","@id":"https:\/\/ponteseditores.com.br\/loja3\/#website","url":"https:\/\/ponteseditores.com.br\/loja3\/","name":"Pontes Editores","description":"Pontes Editores","publisher":{"@id":"https:\/\/ponteseditores.com.br\/loja3\/#organization"},"potentialAction":[{"@type":"SearchAction","target":{"@type":"EntryPoint","urlTemplate":"https:\/\/ponteseditores.com.br\/loja3\/?s={search_term_string}"},"query-input":{"@type":"PropertyValueSpecification","valueRequired":true,"valueName":"search_term_string"}}],"inLanguage":"pt-BR"},{"@type":"Organization","@id":"https:\/\/ponteseditores.com.br\/loja3\/#organization","name":"Pontes Editores","url":"https:\/\/ponteseditores.com.br\/loja3\/","logo":{"@type":"ImageObject","inLanguage":"pt-BR","@id":"https:\/\/ponteseditores.com.br\/loja3\/#\/schema\/logo\/image\/","url":"https:\/\/ponteseditores.com.br\/loja3\/wp-content\/uploads\/2023\/12\/logo-pontes-editores-v2.png","contentUrl":"https:\/\/ponteseditores.com.br\/loja3\/wp-content\/uploads\/2023\/12\/logo-pontes-editores-v2.png","width":258,"height":100,"caption":"Pontes Editores"},"image":{"@id":"https:\/\/ponteseditores.com.br\/loja3\/#\/schema\/logo\/image\/"}}]}},"_links":{"self":[{"href":"https:\/\/ponteseditores.com.br\/loja3\/wp-json\/wp\/v2\/product\/17748","targetHints":{"allow":["GET"]}}],"collection":[{"href":"https:\/\/ponteseditores.com.br\/loja3\/wp-json\/wp\/v2\/product"}],"about":[{"href":"https:\/\/ponteseditores.com.br\/loja3\/wp-json\/wp\/v2\/types\/product"}],"replies":[{"embeddable":true,"href":"https:\/\/ponteseditores.com.br\/loja3\/wp-json\/wp\/v2\/comments?post=17748"}],"version-history":[{"count":0,"href":"https:\/\/ponteseditores.com.br\/loja3\/wp-json\/wp\/v2\/product\/17748\/revisions"}],"wp:featuredmedia":[{"embeddable":true,"href":"https:\/\/ponteseditores.com.br\/loja3\/wp-json\/wp\/v2\/media\/17749"}],"wp:attachment":[{"href":"https:\/\/ponteseditores.com.br\/loja3\/wp-json\/wp\/v2\/media?parent=17748"}],"wp:term":[{"taxonomy":"product_brand","embeddable":true,"href":"https:\/\/ponteseditores.com.br\/loja3\/wp-json\/wp\/v2\/product_brand?post=17748"},{"taxonomy":"product_cat","embeddable":true,"href":"https:\/\/ponteseditores.com.br\/loja3\/wp-json\/wp\/v2\/product_cat?post=17748"},{"taxonomy":"product_tag","embeddable":true,"href":"https:\/\/ponteseditores.com.br\/loja3\/wp-json\/wp\/v2\/product_tag?post=17748"}],"curies":[{"name":"wp","href":"https:\/\/api.w.org\/{rel}","templated":true}]}}