{"id":174,"date":"2023-12-04T17:33:27","date_gmt":"2023-12-04T17:33:27","guid":{"rendered":"https:\/\/ponteseditores.com.br\/loja3\/?post_type=product&#038;p=174"},"modified":"2023-12-11T01:47:58","modified_gmt":"2023-12-11T04:47:58","slug":"tempos-idos-e-vividos-1","status":"publish","type":"product","link":"https:\/\/ponteseditores.com.br\/loja3\/pontes-editores-home-2__trashed\/biografia-e-autobiografia\/tempos-idos-e-vividos-1\/","title":{"rendered":"TEMPOS IDOS E VIVIDOS 1"},"content":{"rendered":"<p class=\"p1\">Nesta obra Jorge Alves de Lima, cumpre asseverar que n\u00e3o se faz ausente quem est\u00e1 presente em nosso cora\u00e7\u00e3o, uma vez que o pano de fundo alicer\u00e7a-se no culto \u00e0 amizade pelos colegas do Col\u00e9gio Cristo Rei e na clarivid\u00eancia das mem\u00f3rias de sua inf\u00e2ncia, adolesc\u00eancia e tempo de internato.<\/p>\n<p class=\"p1\">Com maestria, Jorge gera um clima intenso e emocionante, envolve os personagens no universo das cidades citadas e do magn\u00edfico Cristo Rei, colocando o leitor dentro das narrativas, vivendo-as, mergulhando em imers\u00e3o total nos fatos e imagens, a despertar sentimentos de afeto, de solidariedade, de saudade, de perdas, de alegrias, de tristezas, possivelmente fazendo gotejar l\u00e1grimas furtivas&#8230; Jorge Alves de Lima de forma magistral, com essa obra, faz uma releitura do passado que se presentifica, recorda a sua primeira vinda a Campinas e visita ao monumento t\u00famulo de Calos Gomes, homenageia o Col\u00e9gio Cristo Rei, ressalta o orgulho incomensur\u00e1vel de terem sido alunos internos, relembra os valores \u00e9ticos e human\u00edsticos adquiridos pelas vozes dos padres e professores, eterniza os amigos que l\u00e1 passaram juntos uma exponencial parte de suas vidas, sempre unidos sem nada poder afast\u00e1-los, pois \u201cn\u00e3o se faz ausente quem est\u00e1 presente em nosso cora\u00e7\u00e3o.\u201d Este livro \u201cTempos Idos e Vividos\u201d configura-se como um r\u00e9gio presente aos protagonistas que o integram, e, em especial, como uma obra de fidelidade aos fatos e pertencimento ao imponente e augusto Col\u00e9gio Cristo Rei.<\/p>\n<p class=\"p1\">Ana Maria Melo Negr\u00e3o &#8211; Vice-Presidente da Academia Campinense de Letras &#8211; Doutora em Educa\u00e7\u00e3o pela UNICAMP &#8211; Pesquisadora e professora universit\u00e1ria<\/p>\n","protected":false},"excerpt":{"rendered":"<p>Nesta obra Jorge Alves de Lima, cumpre asseverar que n\u00e3o se faz ausente quem est\u00e1 presente em nosso cora\u00e7\u00e3o, uma vez que o pano de fundo alicer\u00e7a-se no culto \u00e0 amizade pelos colegas do Col\u00e9gio Cristo Rei e na clarivid\u00eancia das mem\u00f3rias de sua inf\u00e2ncia, adolesc\u00eancia e tempo de internato.<\/p>\n","protected":false},"featured_media":129,"comment_status":"open","ping_status":"closed","template":"","meta":{"_joinchat":[]},"product_brand":[],"product_cat":[49],"product_tag":[],"class_list":{"0":"post-174","1":"product","2":"type-product","3":"status-publish","4":"has-post-thumbnail","6":"product_cat-biografia-e-autobiografia","8":"first","9":"instock","10":"shipping-taxable","11":"purchasable","12":"product-type-simple"},"yoast_head":"<!-- This site is optimized with the Yoast SEO plugin v27.4 - https:\/\/yoast.com\/product\/yoast-seo-wordpress\/ -->\n<title>TEMPOS IDOS E VIVIDOS 1 - Pontes Editores<\/title>\n<meta name=\"robots\" content=\"index, follow, max-snippet:-1, max-image-preview:large, max-video-preview:-1\" \/>\n<link rel=\"canonical\" href=\"https:\/\/ponteseditores.com.br\/loja3\/pontes-editores-home-2__trashed\/biografia-e-autobiografia\/tempos-idos-e-vividos-1\/\" \/>\n<meta property=\"og:locale\" content=\"pt_BR\" \/>\n<meta property=\"og:type\" content=\"article\" \/>\n<meta property=\"og:title\" content=\"TEMPOS IDOS E VIVIDOS 1 - Pontes Editores\" \/>\n<meta property=\"og:description\" content=\"Nesta obra Jorge Alves de Lima, cumpre asseverar que n\u00e3o se faz ausente quem est\u00e1 presente em nosso cora\u00e7\u00e3o, uma vez que o pano de fundo alicer\u00e7a-se no culto \u00e0 amizade pelos colegas do Col\u00e9gio Cristo Rei e na clarivid\u00eancia das mem\u00f3rias de sua inf\u00e2ncia, adolesc\u00eancia e tempo de internato.\" \/>\n<meta property=\"og:url\" content=\"https:\/\/ponteseditores.com.br\/loja3\/pontes-editores-home-2__trashed\/biografia-e-autobiografia\/tempos-idos-e-vividos-1\/\" \/>\n<meta property=\"og:site_name\" content=\"Pontes Editores\" \/>\n<meta property=\"article:modified_time\" content=\"2023-12-11T04:47:58+00:00\" \/>\n<meta property=\"og:image\" content=\"https:\/\/ponteseditores.com.br\/loja3\/wp-content\/uploads\/2023\/12\/tempos-idos-e-vividos-capa-.jpg\" \/>\n\t<meta property=\"og:image:width\" content=\"1728\" \/>\n\t<meta property=\"og:image:height\" content=\"2443\" \/>\n\t<meta property=\"og:image:type\" content=\"image\/jpeg\" \/>\n<meta name=\"twitter:card\" content=\"summary_large_image\" \/>\n<meta name=\"twitter:label1\" content=\"Est. tempo de leitura\" \/>\n\t<meta name=\"twitter:data1\" content=\"2 minutos\" \/>\n<script type=\"application\/ld+json\" class=\"yoast-schema-graph\">{\"@context\":\"https:\\\/\\\/schema.org\",\"@graph\":[{\"@type\":\"WebPage\",\"@id\":\"https:\\\/\\\/ponteseditores.com.br\\\/loja3\\\/pontes-editores-home-2__trashed\\\/biografia-e-autobiografia\\\/tempos-idos-e-vividos-1\\\/\",\"url\":\"https:\\\/\\\/ponteseditores.com.br\\\/loja3\\\/pontes-editores-home-2__trashed\\\/biografia-e-autobiografia\\\/tempos-idos-e-vividos-1\\\/\",\"name\":\"TEMPOS IDOS E VIVIDOS 1 - Pontes Editores\",\"isPartOf\":{\"@id\":\"https:\\\/\\\/ponteseditores.com.br\\\/loja3\\\/#website\"},\"primaryImageOfPage\":{\"@id\":\"https:\\\/\\\/ponteseditores.com.br\\\/loja3\\\/pontes-editores-home-2__trashed\\\/biografia-e-autobiografia\\\/tempos-idos-e-vividos-1\\\/#primaryimage\"},\"image\":{\"@id\":\"https:\\\/\\\/ponteseditores.com.br\\\/loja3\\\/pontes-editores-home-2__trashed\\\/biografia-e-autobiografia\\\/tempos-idos-e-vividos-1\\\/#primaryimage\"},\"thumbnailUrl\":\"https:\\\/\\\/ponteseditores.com.br\\\/loja3\\\/wp-content\\\/uploads\\\/2023\\\/12\\\/tempos-idos-e-vividos-capa-.jpg\",\"datePublished\":\"2023-12-04T17:33:27+00:00\",\"dateModified\":\"2023-12-11T04:47:58+00:00\",\"breadcrumb\":{\"@id\":\"https:\\\/\\\/ponteseditores.com.br\\\/loja3\\\/pontes-editores-home-2__trashed\\\/biografia-e-autobiografia\\\/tempos-idos-e-vividos-1\\\/#breadcrumb\"},\"inLanguage\":\"pt-BR\",\"potentialAction\":[{\"@type\":\"ReadAction\",\"target\":[\"https:\\\/\\\/ponteseditores.com.br\\\/loja3\\\/pontes-editores-home-2__trashed\\\/biografia-e-autobiografia\\\/tempos-idos-e-vividos-1\\\/\"]}]},{\"@type\":\"ImageObject\",\"inLanguage\":\"pt-BR\",\"@id\":\"https:\\\/\\\/ponteseditores.com.br\\\/loja3\\\/pontes-editores-home-2__trashed\\\/biografia-e-autobiografia\\\/tempos-idos-e-vividos-1\\\/#primaryimage\",\"url\":\"https:\\\/\\\/ponteseditores.com.br\\\/loja3\\\/wp-content\\\/uploads\\\/2023\\\/12\\\/tempos-idos-e-vividos-capa-.jpg\",\"contentUrl\":\"https:\\\/\\\/ponteseditores.com.br\\\/loja3\\\/wp-content\\\/uploads\\\/2023\\\/12\\\/tempos-idos-e-vividos-capa-.jpg\",\"width\":1728,\"height\":2443},{\"@type\":\"BreadcrumbList\",\"@id\":\"https:\\\/\\\/ponteseditores.com.br\\\/loja3\\\/pontes-editores-home-2__trashed\\\/biografia-e-autobiografia\\\/tempos-idos-e-vividos-1\\\/#breadcrumb\",\"itemListElement\":[{\"@type\":\"ListItem\",\"position\":1,\"name\":\"Home\",\"item\":\"https:\\\/\\\/ponteseditores.com.br\\\/loja3\\\/\"},{\"@type\":\"ListItem\",\"position\":2,\"name\":\"loja\",\"item\":\"https:\\\/\\\/ponteseditores.com.br\\\/loja3\\\/loja\\\/\"},{\"@type\":\"ListItem\",\"position\":3,\"name\":\"TEMPOS IDOS E VIVIDOS 1\"}]},{\"@type\":\"WebSite\",\"@id\":\"https:\\\/\\\/ponteseditores.com.br\\\/loja3\\\/#website\",\"url\":\"https:\\\/\\\/ponteseditores.com.br\\\/loja3\\\/\",\"name\":\"Pontes Editores\",\"description\":\"Pontes Editores\",\"publisher\":{\"@id\":\"https:\\\/\\\/ponteseditores.com.br\\\/loja3\\\/#organization\"},\"potentialAction\":[{\"@type\":\"SearchAction\",\"target\":{\"@type\":\"EntryPoint\",\"urlTemplate\":\"https:\\\/\\\/ponteseditores.com.br\\\/loja3\\\/?s={search_term_string}\"},\"query-input\":{\"@type\":\"PropertyValueSpecification\",\"valueRequired\":true,\"valueName\":\"search_term_string\"}}],\"inLanguage\":\"pt-BR\"},{\"@type\":\"Organization\",\"@id\":\"https:\\\/\\\/ponteseditores.com.br\\\/loja3\\\/#organization\",\"name\":\"Pontes Editores\",\"url\":\"https:\\\/\\\/ponteseditores.com.br\\\/loja3\\\/\",\"logo\":{\"@type\":\"ImageObject\",\"inLanguage\":\"pt-BR\",\"@id\":\"https:\\\/\\\/ponteseditores.com.br\\\/loja3\\\/#\\\/schema\\\/logo\\\/image\\\/\",\"url\":\"https:\\\/\\\/ponteseditores.com.br\\\/loja3\\\/wp-content\\\/uploads\\\/2023\\\/12\\\/logo-pontes-editores-v2.png\",\"contentUrl\":\"https:\\\/\\\/ponteseditores.com.br\\\/loja3\\\/wp-content\\\/uploads\\\/2023\\\/12\\\/logo-pontes-editores-v2.png\",\"width\":258,\"height\":100,\"caption\":\"Pontes Editores\"},\"image\":{\"@id\":\"https:\\\/\\\/ponteseditores.com.br\\\/loja3\\\/#\\\/schema\\\/logo\\\/image\\\/\"}}]}<\/script>\n<!-- \/ Yoast SEO plugin. -->","yoast_head_json":{"title":"TEMPOS IDOS E VIVIDOS 1 - Pontes Editores","robots":{"index":"index","follow":"follow","max-snippet":"max-snippet:-1","max-image-preview":"max-image-preview:large","max-video-preview":"max-video-preview:-1"},"canonical":"https:\/\/ponteseditores.com.br\/loja3\/pontes-editores-home-2__trashed\/biografia-e-autobiografia\/tempos-idos-e-vividos-1\/","og_locale":"pt_BR","og_type":"article","og_title":"TEMPOS IDOS E VIVIDOS 1 - Pontes Editores","og_description":"Nesta obra Jorge Alves de Lima, cumpre asseverar que n\u00e3o se faz ausente quem est\u00e1 presente em nosso cora\u00e7\u00e3o, uma vez que o pano de fundo alicer\u00e7a-se no culto \u00e0 amizade pelos colegas do Col\u00e9gio Cristo Rei e na clarivid\u00eancia das mem\u00f3rias de sua inf\u00e2ncia, adolesc\u00eancia e tempo de internato.","og_url":"https:\/\/ponteseditores.com.br\/loja3\/pontes-editores-home-2__trashed\/biografia-e-autobiografia\/tempos-idos-e-vividos-1\/","og_site_name":"Pontes Editores","article_modified_time":"2023-12-11T04:47:58+00:00","og_image":[{"width":1728,"height":2443,"url":"https:\/\/ponteseditores.com.br\/loja3\/wp-content\/uploads\/2023\/12\/tempos-idos-e-vividos-capa-.jpg","type":"image\/jpeg"}],"twitter_card":"summary_large_image","twitter_misc":{"Est. tempo de leitura":"2 minutos"},"schema":{"@context":"https:\/\/schema.org","@graph":[{"@type":"WebPage","@id":"https:\/\/ponteseditores.com.br\/loja3\/pontes-editores-home-2__trashed\/biografia-e-autobiografia\/tempos-idos-e-vividos-1\/","url":"https:\/\/ponteseditores.com.br\/loja3\/pontes-editores-home-2__trashed\/biografia-e-autobiografia\/tempos-idos-e-vividos-1\/","name":"TEMPOS IDOS E VIVIDOS 1 - Pontes Editores","isPartOf":{"@id":"https:\/\/ponteseditores.com.br\/loja3\/#website"},"primaryImageOfPage":{"@id":"https:\/\/ponteseditores.com.br\/loja3\/pontes-editores-home-2__trashed\/biografia-e-autobiografia\/tempos-idos-e-vividos-1\/#primaryimage"},"image":{"@id":"https:\/\/ponteseditores.com.br\/loja3\/pontes-editores-home-2__trashed\/biografia-e-autobiografia\/tempos-idos-e-vividos-1\/#primaryimage"},"thumbnailUrl":"https:\/\/ponteseditores.com.br\/loja3\/wp-content\/uploads\/2023\/12\/tempos-idos-e-vividos-capa-.jpg","datePublished":"2023-12-04T17:33:27+00:00","dateModified":"2023-12-11T04:47:58+00:00","breadcrumb":{"@id":"https:\/\/ponteseditores.com.br\/loja3\/pontes-editores-home-2__trashed\/biografia-e-autobiografia\/tempos-idos-e-vividos-1\/#breadcrumb"},"inLanguage":"pt-BR","potentialAction":[{"@type":"ReadAction","target":["https:\/\/ponteseditores.com.br\/loja3\/pontes-editores-home-2__trashed\/biografia-e-autobiografia\/tempos-idos-e-vividos-1\/"]}]},{"@type":"ImageObject","inLanguage":"pt-BR","@id":"https:\/\/ponteseditores.com.br\/loja3\/pontes-editores-home-2__trashed\/biografia-e-autobiografia\/tempos-idos-e-vividos-1\/#primaryimage","url":"https:\/\/ponteseditores.com.br\/loja3\/wp-content\/uploads\/2023\/12\/tempos-idos-e-vividos-capa-.jpg","contentUrl":"https:\/\/ponteseditores.com.br\/loja3\/wp-content\/uploads\/2023\/12\/tempos-idos-e-vividos-capa-.jpg","width":1728,"height":2443},{"@type":"BreadcrumbList","@id":"https:\/\/ponteseditores.com.br\/loja3\/pontes-editores-home-2__trashed\/biografia-e-autobiografia\/tempos-idos-e-vividos-1\/#breadcrumb","itemListElement":[{"@type":"ListItem","position":1,"name":"Home","item":"https:\/\/ponteseditores.com.br\/loja3\/"},{"@type":"ListItem","position":2,"name":"loja","item":"https:\/\/ponteseditores.com.br\/loja3\/loja\/"},{"@type":"ListItem","position":3,"name":"TEMPOS IDOS E VIVIDOS 1"}]},{"@type":"WebSite","@id":"https:\/\/ponteseditores.com.br\/loja3\/#website","url":"https:\/\/ponteseditores.com.br\/loja3\/","name":"Pontes Editores","description":"Pontes Editores","publisher":{"@id":"https:\/\/ponteseditores.com.br\/loja3\/#organization"},"potentialAction":[{"@type":"SearchAction","target":{"@type":"EntryPoint","urlTemplate":"https:\/\/ponteseditores.com.br\/loja3\/?s={search_term_string}"},"query-input":{"@type":"PropertyValueSpecification","valueRequired":true,"valueName":"search_term_string"}}],"inLanguage":"pt-BR"},{"@type":"Organization","@id":"https:\/\/ponteseditores.com.br\/loja3\/#organization","name":"Pontes Editores","url":"https:\/\/ponteseditores.com.br\/loja3\/","logo":{"@type":"ImageObject","inLanguage":"pt-BR","@id":"https:\/\/ponteseditores.com.br\/loja3\/#\/schema\/logo\/image\/","url":"https:\/\/ponteseditores.com.br\/loja3\/wp-content\/uploads\/2023\/12\/logo-pontes-editores-v2.png","contentUrl":"https:\/\/ponteseditores.com.br\/loja3\/wp-content\/uploads\/2023\/12\/logo-pontes-editores-v2.png","width":258,"height":100,"caption":"Pontes Editores"},"image":{"@id":"https:\/\/ponteseditores.com.br\/loja3\/#\/schema\/logo\/image\/"}}]}},"_links":{"self":[{"href":"https:\/\/ponteseditores.com.br\/loja3\/wp-json\/wp\/v2\/product\/174","targetHints":{"allow":["GET"]}}],"collection":[{"href":"https:\/\/ponteseditores.com.br\/loja3\/wp-json\/wp\/v2\/product"}],"about":[{"href":"https:\/\/ponteseditores.com.br\/loja3\/wp-json\/wp\/v2\/types\/product"}],"replies":[{"embeddable":true,"href":"https:\/\/ponteseditores.com.br\/loja3\/wp-json\/wp\/v2\/comments?post=174"}],"version-history":[{"count":1,"href":"https:\/\/ponteseditores.com.br\/loja3\/wp-json\/wp\/v2\/product\/174\/revisions"}],"predecessor-version":[{"id":175,"href":"https:\/\/ponteseditores.com.br\/loja3\/wp-json\/wp\/v2\/product\/174\/revisions\/175"}],"wp:featuredmedia":[{"embeddable":true,"href":"https:\/\/ponteseditores.com.br\/loja3\/wp-json\/wp\/v2\/media\/129"}],"wp:attachment":[{"href":"https:\/\/ponteseditores.com.br\/loja3\/wp-json\/wp\/v2\/media?parent=174"}],"wp:term":[{"taxonomy":"product_brand","embeddable":true,"href":"https:\/\/ponteseditores.com.br\/loja3\/wp-json\/wp\/v2\/product_brand?post=174"},{"taxonomy":"product_cat","embeddable":true,"href":"https:\/\/ponteseditores.com.br\/loja3\/wp-json\/wp\/v2\/product_cat?post=174"},{"taxonomy":"product_tag","embeddable":true,"href":"https:\/\/ponteseditores.com.br\/loja3\/wp-json\/wp\/v2\/product_tag?post=174"}],"curies":[{"name":"wp","href":"https:\/\/api.w.org\/{rel}","templated":true}]}}