{"id":16128,"date":"2024-09-20T14:02:39","date_gmt":"2024-09-20T17:02:39","guid":{"rendered":"https:\/\/ponteseditores.com.br\/loja3\/?post_type=product&#038;p=16128"},"modified":"2024-09-20T14:02:40","modified_gmt":"2024-09-20T17:02:40","slug":"ler-contos-de-fadas-e-superar-a-disneyficacao-uma-proposta-argumentativa-discursiva-e-freireana","status":"publish","type":"product","link":"https:\/\/ponteseditores.com.br\/loja3\/pontes-editores-home-2__trashed\/linguistica\/ler-contos-de-fadas-e-superar-a-disneyficacao-uma-proposta-argumentativa-discursiva-e-freireana\/","title":{"rendered":"Ler contos de fadas e superar a disneyfica\u00e7\u00e3o: uma proposta argumentativa, discursiva e freireana"},"content":{"rendered":"<p>Esta obra \u00e9 fruto de 10 anos de pesquisas sobre contos de fadas em solo brasileiro e franc\u00eas. Trazemos aqui resultados finais de car\u00e1ter inovador: a cria\u00e7\u00e3o do conceito (social e pol\u00edtico) de ler contos de fadas \u2013 constru\u00eddo por saberes sobretudo da Sem\u00e2ntica Argumentativa, da An\u00e1lise de Discurso e da teoria de Paulo Freire. De in\u00edcio, fazemos uma distin\u00e7\u00e3o b\u00e1sica entre \u201ccontos de fadas\u201d e \u201cler contos de fadas\u201d. Dentre muitas defini\u00e7\u00f5es poss\u00edveis, os contos de fadas s\u00e3o a express\u00e3o social e pol\u00edtica de certos grupos, pr\u00f3prios de certa historicidade, que protagonizam suas lutas e resist\u00eancia determinadas pelas condi\u00e7\u00f5es dispostas de certa \u00e9poca. Este livro reflete que ler contos de fadas \u00e9, antes de tudo, reconhecer uma forma de controle social.<\/p>\n<p>Para a produ\u00e7\u00e3o desses sentidos, ditos \u201cdisneyficados\u201d, faz-se jus descortinar pressupostos n\u00e3o ditos, mas impostos pelos sujeitos que \u201cvendem\u201d contos de fadas: qual corpo ter, a qual comportamento ceder, em qual pris\u00e3o se manter, a qual moral se render e sobretudo qual dor esconder. Esses pressupostos n\u00e3o-ditos, mas significados, promovem uma sociedade acr\u00edtica por discursos mercadol\u00f3gicos, cinematogr\u00e1ficos, midi\u00e1ticos de toda ordem, liter\u00e1rios, sobretudo infanto-juvenis, publicit\u00e1rios, de entretenimento e inclusive pedag\u00f3gicos, dentre outros. Por todos eles, perpetua-se sociedades domesticadas e sem prop\u00f3sitos transformadores. Logo, ler contos de fadas \u2013 e por extens\u00e3o, ler materialidades fant\u00e1sticas \u2013 \u00e9 minimamente reconhecer uma estrat\u00e9gia: os contos de fadas s\u00e3o instrumentos, cujo uso pode ser de instrumento de aliena\u00e7\u00e3o (ao perpetuar estere\u00f3tipos, domesticar comportamentos, robustecer a n\u00e3o-reflex\u00e3o e esconder a presen\u00e7a da dor) ou instrumento de conscientiza\u00e7\u00e3o (ao reconhecer neles como funcionam as sociedades, suas lutas e seus interesses, ressignificando e valorizando a dor, como propomos pelo nosso conceito de ler \u2013 s\u00f3cio-politicamente \u2013 contos de fadas). Este livro sugere que, ao inv\u00e9s de meros consumidores, os leitores de contos de fadas podem produzir sentidos menos moralizantes e mais conscientizadores.<\/p>\n<p>Trata-se de obra obrigat\u00f3ria para pesquisadores e interessados em universo fant\u00e1stico, streaming, cinema, literatura infanto-juvenil, contos de fadas, f\u00e1bulas, universos dist\u00f3picos ou de fic\u00e7\u00e3o e quest\u00f5es sociais e pol\u00edticas, dentre outros.<\/p>\n","protected":false},"excerpt":{"rendered":"<p>Esta obra \u00e9 fruto de 10 anos de pesquisas sobre contos de fadas em solo brasileiro e franc\u00eas. Trazemos aqui resultados finais de car\u00e1ter inovador: a cria\u00e7\u00e3o do conceito (social e pol\u00edtico) de ler contos de fadas \u2013 constru\u00eddo por saberes sobretudo da Sem\u00e2ntica Argumentativa, da An\u00e1lise de Discurso e da teoria de Paulo Freire. [&hellip;]<\/p>\n","protected":false},"featured_media":16129,"comment_status":"open","ping_status":"closed","template":"","meta":{"_joinchat":[]},"product_brand":[],"product_cat":[167,31],"product_tag":[],"class_list":{"0":"post-16128","1":"product","2":"type-product","3":"status-publish","4":"has-post-thumbnail","6":"product_cat-lancamento","7":"product_cat-linguistica","9":"first","10":"instock","11":"shipping-taxable","12":"purchasable","13":"product-type-simple"},"yoast_head":"<!-- This site is optimized with the Yoast SEO plugin v27.4 - https:\/\/yoast.com\/product\/yoast-seo-wordpress\/ -->\n<title>Ler contos de fadas e superar a disneyfica\u00e7\u00e3o: uma proposta argumentativa, discursiva e freireana - Pontes Editores<\/title>\n<meta name=\"robots\" content=\"index, follow, max-snippet:-1, max-image-preview:large, max-video-preview:-1\" \/>\n<link rel=\"canonical\" href=\"https:\/\/ponteseditores.com.br\/loja3\/pontes-editores-home-2__trashed\/linguistica\/ler-contos-de-fadas-e-superar-a-disneyficacao-uma-proposta-argumentativa-discursiva-e-freireana\/\" \/>\n<meta property=\"og:locale\" content=\"pt_BR\" \/>\n<meta property=\"og:type\" content=\"article\" \/>\n<meta property=\"og:title\" content=\"Ler contos de fadas e superar a disneyfica\u00e7\u00e3o: uma proposta argumentativa, discursiva e freireana - Pontes Editores\" \/>\n<meta property=\"og:description\" content=\"Esta obra \u00e9 fruto de 10 anos de pesquisas sobre contos de fadas em solo brasileiro e franc\u00eas. Trazemos aqui resultados finais de car\u00e1ter inovador: a cria\u00e7\u00e3o do conceito (social e pol\u00edtico) de ler contos de fadas \u2013 constru\u00eddo por saberes sobretudo da Sem\u00e2ntica Argumentativa, da An\u00e1lise de Discurso e da teoria de Paulo Freire. [&hellip;]\" \/>\n<meta property=\"og:url\" content=\"https:\/\/ponteseditores.com.br\/loja3\/pontes-editores-home-2__trashed\/linguistica\/ler-contos-de-fadas-e-superar-a-disneyficacao-uma-proposta-argumentativa-discursiva-e-freireana\/\" \/>\n<meta property=\"og:site_name\" content=\"Pontes Editores\" \/>\n<meta property=\"article:modified_time\" content=\"2024-09-20T17:02:40+00:00\" \/>\n<meta property=\"og:image\" content=\"https:\/\/ponteseditores.com.br\/loja3\/wp-content\/uploads\/2024\/09\/Capa_Ler_Contos.jpg\" \/>\n\t<meta property=\"og:image:width\" content=\"1728\" \/>\n\t<meta property=\"og:image:height\" content=\"2443\" \/>\n\t<meta property=\"og:image:type\" content=\"image\/jpeg\" \/>\n<meta name=\"twitter:card\" content=\"summary_large_image\" \/>\n<meta name=\"twitter:label1\" content=\"Est. tempo de leitura\" \/>\n\t<meta name=\"twitter:data1\" content=\"3 minutos\" \/>\n<script type=\"application\/ld+json\" class=\"yoast-schema-graph\">{\"@context\":\"https:\\\/\\\/schema.org\",\"@graph\":[{\"@type\":\"WebPage\",\"@id\":\"https:\\\/\\\/ponteseditores.com.br\\\/loja3\\\/pontes-editores-home-2__trashed\\\/linguistica\\\/ler-contos-de-fadas-e-superar-a-disneyficacao-uma-proposta-argumentativa-discursiva-e-freireana\\\/\",\"url\":\"https:\\\/\\\/ponteseditores.com.br\\\/loja3\\\/pontes-editores-home-2__trashed\\\/linguistica\\\/ler-contos-de-fadas-e-superar-a-disneyficacao-uma-proposta-argumentativa-discursiva-e-freireana\\\/\",\"name\":\"Ler contos de fadas e superar a disneyfica\u00e7\u00e3o: uma proposta argumentativa, discursiva e freireana - Pontes Editores\",\"isPartOf\":{\"@id\":\"https:\\\/\\\/ponteseditores.com.br\\\/loja3\\\/#website\"},\"primaryImageOfPage\":{\"@id\":\"https:\\\/\\\/ponteseditores.com.br\\\/loja3\\\/pontes-editores-home-2__trashed\\\/linguistica\\\/ler-contos-de-fadas-e-superar-a-disneyficacao-uma-proposta-argumentativa-discursiva-e-freireana\\\/#primaryimage\"},\"image\":{\"@id\":\"https:\\\/\\\/ponteseditores.com.br\\\/loja3\\\/pontes-editores-home-2__trashed\\\/linguistica\\\/ler-contos-de-fadas-e-superar-a-disneyficacao-uma-proposta-argumentativa-discursiva-e-freireana\\\/#primaryimage\"},\"thumbnailUrl\":\"https:\\\/\\\/ponteseditores.com.br\\\/loja3\\\/wp-content\\\/uploads\\\/2024\\\/09\\\/Capa_Ler_Contos.jpg\",\"datePublished\":\"2024-09-20T17:02:39+00:00\",\"dateModified\":\"2024-09-20T17:02:40+00:00\",\"breadcrumb\":{\"@id\":\"https:\\\/\\\/ponteseditores.com.br\\\/loja3\\\/pontes-editores-home-2__trashed\\\/linguistica\\\/ler-contos-de-fadas-e-superar-a-disneyficacao-uma-proposta-argumentativa-discursiva-e-freireana\\\/#breadcrumb\"},\"inLanguage\":\"pt-BR\",\"potentialAction\":[{\"@type\":\"ReadAction\",\"target\":[\"https:\\\/\\\/ponteseditores.com.br\\\/loja3\\\/pontes-editores-home-2__trashed\\\/linguistica\\\/ler-contos-de-fadas-e-superar-a-disneyficacao-uma-proposta-argumentativa-discursiva-e-freireana\\\/\"]}]},{\"@type\":\"ImageObject\",\"inLanguage\":\"pt-BR\",\"@id\":\"https:\\\/\\\/ponteseditores.com.br\\\/loja3\\\/pontes-editores-home-2__trashed\\\/linguistica\\\/ler-contos-de-fadas-e-superar-a-disneyficacao-uma-proposta-argumentativa-discursiva-e-freireana\\\/#primaryimage\",\"url\":\"https:\\\/\\\/ponteseditores.com.br\\\/loja3\\\/wp-content\\\/uploads\\\/2024\\\/09\\\/Capa_Ler_Contos.jpg\",\"contentUrl\":\"https:\\\/\\\/ponteseditores.com.br\\\/loja3\\\/wp-content\\\/uploads\\\/2024\\\/09\\\/Capa_Ler_Contos.jpg\",\"width\":1728,\"height\":2443},{\"@type\":\"BreadcrumbList\",\"@id\":\"https:\\\/\\\/ponteseditores.com.br\\\/loja3\\\/pontes-editores-home-2__trashed\\\/linguistica\\\/ler-contos-de-fadas-e-superar-a-disneyficacao-uma-proposta-argumentativa-discursiva-e-freireana\\\/#breadcrumb\",\"itemListElement\":[{\"@type\":\"ListItem\",\"position\":1,\"name\":\"Home\",\"item\":\"https:\\\/\\\/ponteseditores.com.br\\\/loja3\\\/\"},{\"@type\":\"ListItem\",\"position\":2,\"name\":\"loja\",\"item\":\"https:\\\/\\\/ponteseditores.com.br\\\/loja3\\\/loja\\\/\"},{\"@type\":\"ListItem\",\"position\":3,\"name\":\"Ler contos de fadas e superar a disneyfica\u00e7\u00e3o: uma proposta argumentativa, discursiva e freireana\"}]},{\"@type\":\"WebSite\",\"@id\":\"https:\\\/\\\/ponteseditores.com.br\\\/loja3\\\/#website\",\"url\":\"https:\\\/\\\/ponteseditores.com.br\\\/loja3\\\/\",\"name\":\"Pontes Editores\",\"description\":\"Pontes Editores\",\"publisher\":{\"@id\":\"https:\\\/\\\/ponteseditores.com.br\\\/loja3\\\/#organization\"},\"potentialAction\":[{\"@type\":\"SearchAction\",\"target\":{\"@type\":\"EntryPoint\",\"urlTemplate\":\"https:\\\/\\\/ponteseditores.com.br\\\/loja3\\\/?s={search_term_string}\"},\"query-input\":{\"@type\":\"PropertyValueSpecification\",\"valueRequired\":true,\"valueName\":\"search_term_string\"}}],\"inLanguage\":\"pt-BR\"},{\"@type\":\"Organization\",\"@id\":\"https:\\\/\\\/ponteseditores.com.br\\\/loja3\\\/#organization\",\"name\":\"Pontes Editores\",\"url\":\"https:\\\/\\\/ponteseditores.com.br\\\/loja3\\\/\",\"logo\":{\"@type\":\"ImageObject\",\"inLanguage\":\"pt-BR\",\"@id\":\"https:\\\/\\\/ponteseditores.com.br\\\/loja3\\\/#\\\/schema\\\/logo\\\/image\\\/\",\"url\":\"https:\\\/\\\/ponteseditores.com.br\\\/loja3\\\/wp-content\\\/uploads\\\/2023\\\/12\\\/logo-pontes-editores-v2.png\",\"contentUrl\":\"https:\\\/\\\/ponteseditores.com.br\\\/loja3\\\/wp-content\\\/uploads\\\/2023\\\/12\\\/logo-pontes-editores-v2.png\",\"width\":258,\"height\":100,\"caption\":\"Pontes Editores\"},\"image\":{\"@id\":\"https:\\\/\\\/ponteseditores.com.br\\\/loja3\\\/#\\\/schema\\\/logo\\\/image\\\/\"}}]}<\/script>\n<!-- \/ Yoast SEO plugin. -->","yoast_head_json":{"title":"Ler contos de fadas e superar a disneyfica\u00e7\u00e3o: uma proposta argumentativa, discursiva e freireana - Pontes Editores","robots":{"index":"index","follow":"follow","max-snippet":"max-snippet:-1","max-image-preview":"max-image-preview:large","max-video-preview":"max-video-preview:-1"},"canonical":"https:\/\/ponteseditores.com.br\/loja3\/pontes-editores-home-2__trashed\/linguistica\/ler-contos-de-fadas-e-superar-a-disneyficacao-uma-proposta-argumentativa-discursiva-e-freireana\/","og_locale":"pt_BR","og_type":"article","og_title":"Ler contos de fadas e superar a disneyfica\u00e7\u00e3o: uma proposta argumentativa, discursiva e freireana - Pontes Editores","og_description":"Esta obra \u00e9 fruto de 10 anos de pesquisas sobre contos de fadas em solo brasileiro e franc\u00eas. Trazemos aqui resultados finais de car\u00e1ter inovador: a cria\u00e7\u00e3o do conceito (social e pol\u00edtico) de ler contos de fadas \u2013 constru\u00eddo por saberes sobretudo da Sem\u00e2ntica Argumentativa, da An\u00e1lise de Discurso e da teoria de Paulo Freire. [&hellip;]","og_url":"https:\/\/ponteseditores.com.br\/loja3\/pontes-editores-home-2__trashed\/linguistica\/ler-contos-de-fadas-e-superar-a-disneyficacao-uma-proposta-argumentativa-discursiva-e-freireana\/","og_site_name":"Pontes Editores","article_modified_time":"2024-09-20T17:02:40+00:00","og_image":[{"width":1728,"height":2443,"url":"https:\/\/ponteseditores.com.br\/loja3\/wp-content\/uploads\/2024\/09\/Capa_Ler_Contos.jpg","type":"image\/jpeg"}],"twitter_card":"summary_large_image","twitter_misc":{"Est. tempo de leitura":"3 minutos"},"schema":{"@context":"https:\/\/schema.org","@graph":[{"@type":"WebPage","@id":"https:\/\/ponteseditores.com.br\/loja3\/pontes-editores-home-2__trashed\/linguistica\/ler-contos-de-fadas-e-superar-a-disneyficacao-uma-proposta-argumentativa-discursiva-e-freireana\/","url":"https:\/\/ponteseditores.com.br\/loja3\/pontes-editores-home-2__trashed\/linguistica\/ler-contos-de-fadas-e-superar-a-disneyficacao-uma-proposta-argumentativa-discursiva-e-freireana\/","name":"Ler contos de fadas e superar a disneyfica\u00e7\u00e3o: uma proposta argumentativa, discursiva e freireana - Pontes Editores","isPartOf":{"@id":"https:\/\/ponteseditores.com.br\/loja3\/#website"},"primaryImageOfPage":{"@id":"https:\/\/ponteseditores.com.br\/loja3\/pontes-editores-home-2__trashed\/linguistica\/ler-contos-de-fadas-e-superar-a-disneyficacao-uma-proposta-argumentativa-discursiva-e-freireana\/#primaryimage"},"image":{"@id":"https:\/\/ponteseditores.com.br\/loja3\/pontes-editores-home-2__trashed\/linguistica\/ler-contos-de-fadas-e-superar-a-disneyficacao-uma-proposta-argumentativa-discursiva-e-freireana\/#primaryimage"},"thumbnailUrl":"https:\/\/ponteseditores.com.br\/loja3\/wp-content\/uploads\/2024\/09\/Capa_Ler_Contos.jpg","datePublished":"2024-09-20T17:02:39+00:00","dateModified":"2024-09-20T17:02:40+00:00","breadcrumb":{"@id":"https:\/\/ponteseditores.com.br\/loja3\/pontes-editores-home-2__trashed\/linguistica\/ler-contos-de-fadas-e-superar-a-disneyficacao-uma-proposta-argumentativa-discursiva-e-freireana\/#breadcrumb"},"inLanguage":"pt-BR","potentialAction":[{"@type":"ReadAction","target":["https:\/\/ponteseditores.com.br\/loja3\/pontes-editores-home-2__trashed\/linguistica\/ler-contos-de-fadas-e-superar-a-disneyficacao-uma-proposta-argumentativa-discursiva-e-freireana\/"]}]},{"@type":"ImageObject","inLanguage":"pt-BR","@id":"https:\/\/ponteseditores.com.br\/loja3\/pontes-editores-home-2__trashed\/linguistica\/ler-contos-de-fadas-e-superar-a-disneyficacao-uma-proposta-argumentativa-discursiva-e-freireana\/#primaryimage","url":"https:\/\/ponteseditores.com.br\/loja3\/wp-content\/uploads\/2024\/09\/Capa_Ler_Contos.jpg","contentUrl":"https:\/\/ponteseditores.com.br\/loja3\/wp-content\/uploads\/2024\/09\/Capa_Ler_Contos.jpg","width":1728,"height":2443},{"@type":"BreadcrumbList","@id":"https:\/\/ponteseditores.com.br\/loja3\/pontes-editores-home-2__trashed\/linguistica\/ler-contos-de-fadas-e-superar-a-disneyficacao-uma-proposta-argumentativa-discursiva-e-freireana\/#breadcrumb","itemListElement":[{"@type":"ListItem","position":1,"name":"Home","item":"https:\/\/ponteseditores.com.br\/loja3\/"},{"@type":"ListItem","position":2,"name":"loja","item":"https:\/\/ponteseditores.com.br\/loja3\/loja\/"},{"@type":"ListItem","position":3,"name":"Ler contos de fadas e superar a disneyfica\u00e7\u00e3o: uma proposta argumentativa, discursiva e freireana"}]},{"@type":"WebSite","@id":"https:\/\/ponteseditores.com.br\/loja3\/#website","url":"https:\/\/ponteseditores.com.br\/loja3\/","name":"Pontes Editores","description":"Pontes Editores","publisher":{"@id":"https:\/\/ponteseditores.com.br\/loja3\/#organization"},"potentialAction":[{"@type":"SearchAction","target":{"@type":"EntryPoint","urlTemplate":"https:\/\/ponteseditores.com.br\/loja3\/?s={search_term_string}"},"query-input":{"@type":"PropertyValueSpecification","valueRequired":true,"valueName":"search_term_string"}}],"inLanguage":"pt-BR"},{"@type":"Organization","@id":"https:\/\/ponteseditores.com.br\/loja3\/#organization","name":"Pontes Editores","url":"https:\/\/ponteseditores.com.br\/loja3\/","logo":{"@type":"ImageObject","inLanguage":"pt-BR","@id":"https:\/\/ponteseditores.com.br\/loja3\/#\/schema\/logo\/image\/","url":"https:\/\/ponteseditores.com.br\/loja3\/wp-content\/uploads\/2023\/12\/logo-pontes-editores-v2.png","contentUrl":"https:\/\/ponteseditores.com.br\/loja3\/wp-content\/uploads\/2023\/12\/logo-pontes-editores-v2.png","width":258,"height":100,"caption":"Pontes Editores"},"image":{"@id":"https:\/\/ponteseditores.com.br\/loja3\/#\/schema\/logo\/image\/"}}]}},"_links":{"self":[{"href":"https:\/\/ponteseditores.com.br\/loja3\/wp-json\/wp\/v2\/product\/16128","targetHints":{"allow":["GET"]}}],"collection":[{"href":"https:\/\/ponteseditores.com.br\/loja3\/wp-json\/wp\/v2\/product"}],"about":[{"href":"https:\/\/ponteseditores.com.br\/loja3\/wp-json\/wp\/v2\/types\/product"}],"replies":[{"embeddable":true,"href":"https:\/\/ponteseditores.com.br\/loja3\/wp-json\/wp\/v2\/comments?post=16128"}],"version-history":[{"count":0,"href":"https:\/\/ponteseditores.com.br\/loja3\/wp-json\/wp\/v2\/product\/16128\/revisions"}],"wp:featuredmedia":[{"embeddable":true,"href":"https:\/\/ponteseditores.com.br\/loja3\/wp-json\/wp\/v2\/media\/16129"}],"wp:attachment":[{"href":"https:\/\/ponteseditores.com.br\/loja3\/wp-json\/wp\/v2\/media?parent=16128"}],"wp:term":[{"taxonomy":"product_brand","embeddable":true,"href":"https:\/\/ponteseditores.com.br\/loja3\/wp-json\/wp\/v2\/product_brand?post=16128"},{"taxonomy":"product_cat","embeddable":true,"href":"https:\/\/ponteseditores.com.br\/loja3\/wp-json\/wp\/v2\/product_cat?post=16128"},{"taxonomy":"product_tag","embeddable":true,"href":"https:\/\/ponteseditores.com.br\/loja3\/wp-json\/wp\/v2\/product_tag?post=16128"}],"curies":[{"name":"wp","href":"https:\/\/api.w.org\/{rel}","templated":true}]}}