{"id":15791,"date":"2024-09-13T15:31:56","date_gmt":"2024-09-13T18:31:56","guid":{"rendered":"https:\/\/ponteseditores.com.br\/loja3\/?post_type=product&#038;p=15791"},"modified":"2024-09-13T15:31:56","modified_gmt":"2024-09-13T18:31:56","slug":"o-ultimo-negreiro","status":"publish","type":"product","link":"https:\/\/ponteseditores.com.br\/loja3\/pontes-editores-home-2__trashed\/literatura\/literatura-portuguesa\/o-ultimo-negreiro\/","title":{"rendered":"O \u00daLTIMO NEGREIRO"},"content":{"rendered":"<table style=\"height: 616px;\" width=\"1383\">\n<tbody>\n<tr>\n<td width=\"594\">O \u00daltimo Negreiro, romance sobre o tema da escravatura, narra a vida do negreiro portugu\u00eas Francisco F\u00e9lix de Sousa entre S\u00e3o Salvador da Bahia, terra de acolhimento dos barcos tumbeiros carregados de escravos, e Ajud\u00e1, no Daom\u00e9 (hoje Benim), feitoria central de exporta\u00e7\u00e3o de escravos do Golfo da Guin\u00e9. Em S\u00e3o Salvador, nos finais do s\u00e9culo XVIII, Francisco F\u00e9lix de Sousa convive com o banqueiro Marinhas, financiador do tr\u00e1fico de escravos, os judeus Sim\u00e3o e Samuel Dias (filhos de Violante Dias, de A Voz da Terra), D. Francisquinha, vi\u00fava carinhosa apaixonada por F\u00e9lix de Sousa, o povo mi\u00fado mulato autor da \u00abrevolta dos Alfaiates\u00bb, primeira insurrei\u00e7\u00e3o brasileira que exige a aboli\u00e7\u00e3o da escravatura e a liberta\u00e7\u00e3o do dom\u00ednio portugu\u00eas, o soldado Luiz Gonzaga das Virgens, enforcado e esquartejado na Pra\u00e7a da Piedade, o comerciante iluminista Francisco Agostinho Gomes, propriet\u00e1rio da maior biblioteca da Bahia, obreiro de jantares de carne vermelha \u00e0 sexta-feira santa, o dr. Baratinha, futuro deputado \u00e0s Cortes Constituintes e her\u00f3i da liberta\u00e7\u00e3o do Brasil, o professor de Grego e Latim Moniz Barreto e Arag\u00e3o, eterno solit\u00e1rio amante de C\u00edcero, gatos e cacha\u00e7a, e o tenente insurrecto Herm\u00f3genes Pantoja, de casamento realizado \u00e0 rebeldia da Igreja. Em S\u00e3o Jo\u00e3o Baptista de Ajud\u00e1, Francisco F\u00e9lix de Sousa, conhecido com o t\u00edtulo nobre de \u00abCh\u00e0ch\u00e1\u00bb, torna-se o maior dos traficantes negreiros da primeira metade do s\u00e9culo XIX, construindo um imp\u00e9rio t\u00e3o mais magnificente quanto mais rapidamente se desmorona acossado pelas frotas navais da Inglaterra, pa\u00eds que decretara a aboli\u00e7\u00e3o da escravatura em 1807.<\/p>\n<p>Do seu legado, dividido entre os tr\u00eas filhos mais importantes (os naturais contam- -se em cerca de uma centena), nasceu o cl\u00e3 dos \u00abSousa\u00bb (ou \u00abSusa\u00bb), ainda hoje existente no Benim, imortalizado pela obra-prima de Bruce Chatwin, O Vice-Rei de Ajud\u00e1.<\/td>\n<\/tr>\n<\/tbody>\n<\/table>\n","protected":false},"excerpt":{"rendered":"<p>O \u00daltimo Negreiro, romance sobre o tema da escravatura, narra a vida do negreiro portugu\u00eas Francisco F\u00e9lix de Sousa entre S\u00e3o Salvador da Bahia, terra de acolhimento dos barcos tumbeiros carregados de escravos, e Ajud\u00e1, no Daom\u00e9 (hoje Benim), feitoria central de exporta\u00e7\u00e3o de escravos do Golfo da Guin\u00e9. Em S\u00e3o Salvador, nos finais do [&hellip;]<\/p>\n","protected":false},"featured_media":15793,"comment_status":"open","ping_status":"closed","template":"","meta":{"_joinchat":[]},"product_brand":[],"product_cat":[287,1104],"product_tag":[],"class_list":{"0":"post-15791","1":"product","2":"type-product","3":"status-publish","4":"has-post-thumbnail","6":"product_cat-literatura","7":"product_cat-literatura-portuguesa","9":"first","10":"instock","11":"shipping-taxable","12":"purchasable","13":"product-type-simple"},"yoast_head":"<!-- This site is optimized with the Yoast SEO plugin v27.4 - https:\/\/yoast.com\/product\/yoast-seo-wordpress\/ -->\n<title>O \u00daLTIMO NEGREIRO - Pontes Editores<\/title>\n<meta name=\"robots\" content=\"index, follow, max-snippet:-1, max-image-preview:large, max-video-preview:-1\" \/>\n<link rel=\"canonical\" href=\"https:\/\/ponteseditores.com.br\/loja3\/pontes-editores-home-2__trashed\/literatura\/literatura-portuguesa\/o-ultimo-negreiro\/\" \/>\n<meta property=\"og:locale\" content=\"pt_BR\" \/>\n<meta property=\"og:type\" content=\"article\" \/>\n<meta property=\"og:title\" content=\"O \u00daLTIMO NEGREIRO - Pontes Editores\" \/>\n<meta property=\"og:description\" content=\"O \u00daltimo Negreiro, romance sobre o tema da escravatura, narra a vida do negreiro portugu\u00eas Francisco F\u00e9lix de Sousa entre S\u00e3o Salvador da Bahia, terra de acolhimento dos barcos tumbeiros carregados de escravos, e Ajud\u00e1, no Daom\u00e9 (hoje Benim), feitoria central de exporta\u00e7\u00e3o de escravos do Golfo da Guin\u00e9. Em S\u00e3o Salvador, nos finais do [&hellip;]\" \/>\n<meta property=\"og:url\" content=\"https:\/\/ponteseditores.com.br\/loja3\/pontes-editores-home-2__trashed\/literatura\/literatura-portuguesa\/o-ultimo-negreiro\/\" \/>\n<meta property=\"og:site_name\" content=\"Pontes Editores\" \/>\n<meta property=\"og:image\" content=\"https:\/\/ponteseditores.com.br\/loja3\/wp-content\/uploads\/2024\/09\/o-ultimo-negreiro-capa.jpg\" \/>\n\t<meta property=\"og:image:width\" content=\"1728\" \/>\n\t<meta property=\"og:image:height\" content=\"2443\" \/>\n\t<meta property=\"og:image:type\" content=\"image\/jpeg\" \/>\n<meta name=\"twitter:card\" content=\"summary_large_image\" \/>\n<meta name=\"twitter:label1\" content=\"Est. tempo de leitura\" \/>\n\t<meta name=\"twitter:data1\" content=\"2 minutos\" \/>\n<script type=\"application\/ld+json\" class=\"yoast-schema-graph\">{\"@context\":\"https:\\\/\\\/schema.org\",\"@graph\":[{\"@type\":\"WebPage\",\"@id\":\"https:\\\/\\\/ponteseditores.com.br\\\/loja3\\\/pontes-editores-home-2__trashed\\\/literatura\\\/literatura-portuguesa\\\/o-ultimo-negreiro\\\/\",\"url\":\"https:\\\/\\\/ponteseditores.com.br\\\/loja3\\\/pontes-editores-home-2__trashed\\\/literatura\\\/literatura-portuguesa\\\/o-ultimo-negreiro\\\/\",\"name\":\"O \u00daLTIMO NEGREIRO - Pontes Editores\",\"isPartOf\":{\"@id\":\"https:\\\/\\\/ponteseditores.com.br\\\/loja3\\\/#website\"},\"primaryImageOfPage\":{\"@id\":\"https:\\\/\\\/ponteseditores.com.br\\\/loja3\\\/pontes-editores-home-2__trashed\\\/literatura\\\/literatura-portuguesa\\\/o-ultimo-negreiro\\\/#primaryimage\"},\"image\":{\"@id\":\"https:\\\/\\\/ponteseditores.com.br\\\/loja3\\\/pontes-editores-home-2__trashed\\\/literatura\\\/literatura-portuguesa\\\/o-ultimo-negreiro\\\/#primaryimage\"},\"thumbnailUrl\":\"https:\\\/\\\/ponteseditores.com.br\\\/loja3\\\/wp-content\\\/uploads\\\/2024\\\/09\\\/o-ultimo-negreiro-capa.jpg\",\"datePublished\":\"2024-09-13T18:31:56+00:00\",\"breadcrumb\":{\"@id\":\"https:\\\/\\\/ponteseditores.com.br\\\/loja3\\\/pontes-editores-home-2__trashed\\\/literatura\\\/literatura-portuguesa\\\/o-ultimo-negreiro\\\/#breadcrumb\"},\"inLanguage\":\"pt-BR\",\"potentialAction\":[{\"@type\":\"ReadAction\",\"target\":[\"https:\\\/\\\/ponteseditores.com.br\\\/loja3\\\/pontes-editores-home-2__trashed\\\/literatura\\\/literatura-portuguesa\\\/o-ultimo-negreiro\\\/\"]}]},{\"@type\":\"ImageObject\",\"inLanguage\":\"pt-BR\",\"@id\":\"https:\\\/\\\/ponteseditores.com.br\\\/loja3\\\/pontes-editores-home-2__trashed\\\/literatura\\\/literatura-portuguesa\\\/o-ultimo-negreiro\\\/#primaryimage\",\"url\":\"https:\\\/\\\/ponteseditores.com.br\\\/loja3\\\/wp-content\\\/uploads\\\/2024\\\/09\\\/o-ultimo-negreiro-capa.jpg\",\"contentUrl\":\"https:\\\/\\\/ponteseditores.com.br\\\/loja3\\\/wp-content\\\/uploads\\\/2024\\\/09\\\/o-ultimo-negreiro-capa.jpg\",\"width\":1728,\"height\":2443},{\"@type\":\"BreadcrumbList\",\"@id\":\"https:\\\/\\\/ponteseditores.com.br\\\/loja3\\\/pontes-editores-home-2__trashed\\\/literatura\\\/literatura-portuguesa\\\/o-ultimo-negreiro\\\/#breadcrumb\",\"itemListElement\":[{\"@type\":\"ListItem\",\"position\":1,\"name\":\"Home\",\"item\":\"https:\\\/\\\/ponteseditores.com.br\\\/loja3\\\/\"},{\"@type\":\"ListItem\",\"position\":2,\"name\":\"loja\",\"item\":\"https:\\\/\\\/ponteseditores.com.br\\\/loja3\\\/loja\\\/\"},{\"@type\":\"ListItem\",\"position\":3,\"name\":\"O \u00daLTIMO NEGREIRO\"}]},{\"@type\":\"WebSite\",\"@id\":\"https:\\\/\\\/ponteseditores.com.br\\\/loja3\\\/#website\",\"url\":\"https:\\\/\\\/ponteseditores.com.br\\\/loja3\\\/\",\"name\":\"Pontes Editores\",\"description\":\"Pontes Editores\",\"publisher\":{\"@id\":\"https:\\\/\\\/ponteseditores.com.br\\\/loja3\\\/#organization\"},\"potentialAction\":[{\"@type\":\"SearchAction\",\"target\":{\"@type\":\"EntryPoint\",\"urlTemplate\":\"https:\\\/\\\/ponteseditores.com.br\\\/loja3\\\/?s={search_term_string}\"},\"query-input\":{\"@type\":\"PropertyValueSpecification\",\"valueRequired\":true,\"valueName\":\"search_term_string\"}}],\"inLanguage\":\"pt-BR\"},{\"@type\":\"Organization\",\"@id\":\"https:\\\/\\\/ponteseditores.com.br\\\/loja3\\\/#organization\",\"name\":\"Pontes Editores\",\"url\":\"https:\\\/\\\/ponteseditores.com.br\\\/loja3\\\/\",\"logo\":{\"@type\":\"ImageObject\",\"inLanguage\":\"pt-BR\",\"@id\":\"https:\\\/\\\/ponteseditores.com.br\\\/loja3\\\/#\\\/schema\\\/logo\\\/image\\\/\",\"url\":\"https:\\\/\\\/ponteseditores.com.br\\\/loja3\\\/wp-content\\\/uploads\\\/2023\\\/12\\\/logo-pontes-editores-v2.png\",\"contentUrl\":\"https:\\\/\\\/ponteseditores.com.br\\\/loja3\\\/wp-content\\\/uploads\\\/2023\\\/12\\\/logo-pontes-editores-v2.png\",\"width\":258,\"height\":100,\"caption\":\"Pontes Editores\"},\"image\":{\"@id\":\"https:\\\/\\\/ponteseditores.com.br\\\/loja3\\\/#\\\/schema\\\/logo\\\/image\\\/\"}}]}<\/script>\n<!-- \/ Yoast SEO plugin. -->","yoast_head_json":{"title":"O \u00daLTIMO NEGREIRO - Pontes Editores","robots":{"index":"index","follow":"follow","max-snippet":"max-snippet:-1","max-image-preview":"max-image-preview:large","max-video-preview":"max-video-preview:-1"},"canonical":"https:\/\/ponteseditores.com.br\/loja3\/pontes-editores-home-2__trashed\/literatura\/literatura-portuguesa\/o-ultimo-negreiro\/","og_locale":"pt_BR","og_type":"article","og_title":"O \u00daLTIMO NEGREIRO - Pontes Editores","og_description":"O \u00daltimo Negreiro, romance sobre o tema da escravatura, narra a vida do negreiro portugu\u00eas Francisco F\u00e9lix de Sousa entre S\u00e3o Salvador da Bahia, terra de acolhimento dos barcos tumbeiros carregados de escravos, e Ajud\u00e1, no Daom\u00e9 (hoje Benim), feitoria central de exporta\u00e7\u00e3o de escravos do Golfo da Guin\u00e9. Em S\u00e3o Salvador, nos finais do [&hellip;]","og_url":"https:\/\/ponteseditores.com.br\/loja3\/pontes-editores-home-2__trashed\/literatura\/literatura-portuguesa\/o-ultimo-negreiro\/","og_site_name":"Pontes Editores","og_image":[{"width":1728,"height":2443,"url":"https:\/\/ponteseditores.com.br\/loja3\/wp-content\/uploads\/2024\/09\/o-ultimo-negreiro-capa.jpg","type":"image\/jpeg"}],"twitter_card":"summary_large_image","twitter_misc":{"Est. tempo de leitura":"2 minutos"},"schema":{"@context":"https:\/\/schema.org","@graph":[{"@type":"WebPage","@id":"https:\/\/ponteseditores.com.br\/loja3\/pontes-editores-home-2__trashed\/literatura\/literatura-portuguesa\/o-ultimo-negreiro\/","url":"https:\/\/ponteseditores.com.br\/loja3\/pontes-editores-home-2__trashed\/literatura\/literatura-portuguesa\/o-ultimo-negreiro\/","name":"O \u00daLTIMO NEGREIRO - Pontes Editores","isPartOf":{"@id":"https:\/\/ponteseditores.com.br\/loja3\/#website"},"primaryImageOfPage":{"@id":"https:\/\/ponteseditores.com.br\/loja3\/pontes-editores-home-2__trashed\/literatura\/literatura-portuguesa\/o-ultimo-negreiro\/#primaryimage"},"image":{"@id":"https:\/\/ponteseditores.com.br\/loja3\/pontes-editores-home-2__trashed\/literatura\/literatura-portuguesa\/o-ultimo-negreiro\/#primaryimage"},"thumbnailUrl":"https:\/\/ponteseditores.com.br\/loja3\/wp-content\/uploads\/2024\/09\/o-ultimo-negreiro-capa.jpg","datePublished":"2024-09-13T18:31:56+00:00","breadcrumb":{"@id":"https:\/\/ponteseditores.com.br\/loja3\/pontes-editores-home-2__trashed\/literatura\/literatura-portuguesa\/o-ultimo-negreiro\/#breadcrumb"},"inLanguage":"pt-BR","potentialAction":[{"@type":"ReadAction","target":["https:\/\/ponteseditores.com.br\/loja3\/pontes-editores-home-2__trashed\/literatura\/literatura-portuguesa\/o-ultimo-negreiro\/"]}]},{"@type":"ImageObject","inLanguage":"pt-BR","@id":"https:\/\/ponteseditores.com.br\/loja3\/pontes-editores-home-2__trashed\/literatura\/literatura-portuguesa\/o-ultimo-negreiro\/#primaryimage","url":"https:\/\/ponteseditores.com.br\/loja3\/wp-content\/uploads\/2024\/09\/o-ultimo-negreiro-capa.jpg","contentUrl":"https:\/\/ponteseditores.com.br\/loja3\/wp-content\/uploads\/2024\/09\/o-ultimo-negreiro-capa.jpg","width":1728,"height":2443},{"@type":"BreadcrumbList","@id":"https:\/\/ponteseditores.com.br\/loja3\/pontes-editores-home-2__trashed\/literatura\/literatura-portuguesa\/o-ultimo-negreiro\/#breadcrumb","itemListElement":[{"@type":"ListItem","position":1,"name":"Home","item":"https:\/\/ponteseditores.com.br\/loja3\/"},{"@type":"ListItem","position":2,"name":"loja","item":"https:\/\/ponteseditores.com.br\/loja3\/loja\/"},{"@type":"ListItem","position":3,"name":"O \u00daLTIMO NEGREIRO"}]},{"@type":"WebSite","@id":"https:\/\/ponteseditores.com.br\/loja3\/#website","url":"https:\/\/ponteseditores.com.br\/loja3\/","name":"Pontes Editores","description":"Pontes Editores","publisher":{"@id":"https:\/\/ponteseditores.com.br\/loja3\/#organization"},"potentialAction":[{"@type":"SearchAction","target":{"@type":"EntryPoint","urlTemplate":"https:\/\/ponteseditores.com.br\/loja3\/?s={search_term_string}"},"query-input":{"@type":"PropertyValueSpecification","valueRequired":true,"valueName":"search_term_string"}}],"inLanguage":"pt-BR"},{"@type":"Organization","@id":"https:\/\/ponteseditores.com.br\/loja3\/#organization","name":"Pontes Editores","url":"https:\/\/ponteseditores.com.br\/loja3\/","logo":{"@type":"ImageObject","inLanguage":"pt-BR","@id":"https:\/\/ponteseditores.com.br\/loja3\/#\/schema\/logo\/image\/","url":"https:\/\/ponteseditores.com.br\/loja3\/wp-content\/uploads\/2023\/12\/logo-pontes-editores-v2.png","contentUrl":"https:\/\/ponteseditores.com.br\/loja3\/wp-content\/uploads\/2023\/12\/logo-pontes-editores-v2.png","width":258,"height":100,"caption":"Pontes Editores"},"image":{"@id":"https:\/\/ponteseditores.com.br\/loja3\/#\/schema\/logo\/image\/"}}]}},"_links":{"self":[{"href":"https:\/\/ponteseditores.com.br\/loja3\/wp-json\/wp\/v2\/product\/15791","targetHints":{"allow":["GET"]}}],"collection":[{"href":"https:\/\/ponteseditores.com.br\/loja3\/wp-json\/wp\/v2\/product"}],"about":[{"href":"https:\/\/ponteseditores.com.br\/loja3\/wp-json\/wp\/v2\/types\/product"}],"replies":[{"embeddable":true,"href":"https:\/\/ponteseditores.com.br\/loja3\/wp-json\/wp\/v2\/comments?post=15791"}],"version-history":[{"count":0,"href":"https:\/\/ponteseditores.com.br\/loja3\/wp-json\/wp\/v2\/product\/15791\/revisions"}],"wp:featuredmedia":[{"embeddable":true,"href":"https:\/\/ponteseditores.com.br\/loja3\/wp-json\/wp\/v2\/media\/15793"}],"wp:attachment":[{"href":"https:\/\/ponteseditores.com.br\/loja3\/wp-json\/wp\/v2\/media?parent=15791"}],"wp:term":[{"taxonomy":"product_brand","embeddable":true,"href":"https:\/\/ponteseditores.com.br\/loja3\/wp-json\/wp\/v2\/product_brand?post=15791"},{"taxonomy":"product_cat","embeddable":true,"href":"https:\/\/ponteseditores.com.br\/loja3\/wp-json\/wp\/v2\/product_cat?post=15791"},{"taxonomy":"product_tag","embeddable":true,"href":"https:\/\/ponteseditores.com.br\/loja3\/wp-json\/wp\/v2\/product_tag?post=15791"}],"curies":[{"name":"wp","href":"https:\/\/api.w.org\/{rel}","templated":true}]}}