{"id":15328,"date":"2024-09-03T16:23:13","date_gmt":"2024-09-03T19:23:13","guid":{"rendered":"https:\/\/ponteseditores.com.br\/loja3\/?post_type=product&#038;p=15328"},"modified":"2024-09-03T16:23:13","modified_gmt":"2024-09-03T19:23:13","slug":"da-paleta-de-frida-kahlo-a-outras-ressonancias-um-estudo-discursivo-sobre-a-reverberacao-da-sua-imagem","status":"publish","type":"product","link":"https:\/\/ponteseditores.com.br\/loja3\/pontes-editores-home-2__trashed\/linguistica\/da-paleta-de-frida-kahlo-a-outras-ressonancias-um-estudo-discursivo-sobre-a-reverberacao-da-sua-imagem\/","title":{"rendered":"Da paleta de Frida Kahlo a outras resson\u00e2ncias: um estudo discursivo sobre a reverbera\u00e7\u00e3o da sua imagem"},"content":{"rendered":"<p>Neste estudo, analiso a produ\u00e7\u00e3o de sentidos no processo de circula\u00e7\u00e3o da imagem de Frida Kahlo, seguindo princ\u00edpios te\u00f3ricos e anal\u00edticos da An\u00e1lise de Discurso de orienta\u00e7\u00e3o materialista. Compreendo a circula\u00e7\u00e3o referida como um processo subjugado \u00e0s condi\u00e7\u00f5es hist\u00f3ricas impostas pelo sistema capitalista, ou seja, funciona sob determina\u00e7\u00f5es materiais. Visto que todo processo fide significa\u00e7\u00e3o est\u00e1 inscrito nas rela\u00e7\u00f5es sociais, os dizeres [verbais e visuais] de Frida s\u00e3o assujeitados \u00e0s condi\u00e7\u00f5es de produ\u00e7\u00e3o, s\u00e3o efeitos da interpela\u00e7\u00e3o ideol\u00f3gica que a constitui como sujeito. Desse modo, sua arte-vida est\u00e1 determinada por rela\u00e7\u00f5es de poder, pela disputa de sentidos. Artistas retomam seus dizeres e telas, suas cores fle flores, desde condi\u00e7\u00f5es materiais diferentes daquelas que Frida experienciou, e produzem outras rela\u00e7\u00f5es de sentidos.<\/p>\n<p>Posto isso, estudei sobre como Frida costurou o la\u00e7o entre arte, comunismo, mexicanidade e g\u00eanero em sua arte-vida, para compreender como a retomada de seus dizeres produz deslocamentos de sentidos. O objetivo \u00e9 analisar como as rela\u00e7\u00f5es de poder determinam o <em>discurso de <\/em>Frida e a resson\u00e2ncia deste em <em>discursos sobre <\/em>Frida.<\/p>\n<p>A via anal\u00edtica trilhada consistiu em estudar as determina\u00e7\u00f5es materiais em fidiscursos de Frida, identificar posi\u00e7\u00f5es ideol\u00f3gicas e efeitos de sentido reproduzidos no que diz respeito a arte, comunismo, mexicanidade e g\u00eanero, e, em seguida, examinar como o projeto <em>Todos podem ser Frida<\/em>, de Camila Fontenele, desloca sentidos ao elaborar um <em>discurso sobre <\/em>\u201cpoder ser Frida\u201d. Concluo que se trata de um <em>discurso que tem Frida como refer\u00eancia<\/em>, contudo n\u00e3o reproduz todos os aspectos que sensibilizaram e determinaram seu olhar.<\/p>\n","protected":false},"excerpt":{"rendered":"<p>Neste estudo, analiso a produ\u00e7\u00e3o de sentidos no processo de circula\u00e7\u00e3o da imagem de Frida Kahlo, seguindo princ\u00edpios te\u00f3ricos e anal\u00edticos da An\u00e1lise de Discurso de orienta\u00e7\u00e3o materialista. Compreendo a circula\u00e7\u00e3o referida como um processo subjugado \u00e0s condi\u00e7\u00f5es hist\u00f3ricas impostas pelo sistema capitalista, ou seja, funciona sob determina\u00e7\u00f5es materiais. Visto que todo processo fide significa\u00e7\u00e3o [&hellip;]<\/p>\n","protected":false},"featured_media":15329,"comment_status":"open","ping_status":"closed","template":"","meta":{"_joinchat":[]},"product_brand":[],"product_cat":[167,31],"product_tag":[],"class_list":{"0":"post-15328","1":"product","2":"type-product","3":"status-publish","4":"has-post-thumbnail","6":"product_cat-lancamento","7":"product_cat-linguistica","9":"first","10":"instock","11":"shipping-taxable","12":"purchasable","13":"product-type-simple"},"yoast_head":"<!-- This site is optimized with the Yoast SEO plugin v27.4 - https:\/\/yoast.com\/product\/yoast-seo-wordpress\/ -->\n<title>Da paleta de Frida Kahlo a outras resson\u00e2ncias: um estudo discursivo sobre a reverbera\u00e7\u00e3o da sua imagem - Pontes Editores<\/title>\n<meta name=\"robots\" content=\"index, follow, max-snippet:-1, max-image-preview:large, max-video-preview:-1\" \/>\n<link rel=\"canonical\" href=\"https:\/\/ponteseditores.com.br\/loja3\/pontes-editores-home-2__trashed\/linguistica\/da-paleta-de-frida-kahlo-a-outras-ressonancias-um-estudo-discursivo-sobre-a-reverberacao-da-sua-imagem\/\" \/>\n<meta property=\"og:locale\" content=\"pt_BR\" \/>\n<meta property=\"og:type\" content=\"article\" \/>\n<meta property=\"og:title\" content=\"Da paleta de Frida Kahlo a outras resson\u00e2ncias: um estudo discursivo sobre a reverbera\u00e7\u00e3o da sua imagem - Pontes Editores\" \/>\n<meta property=\"og:description\" content=\"Neste estudo, analiso a produ\u00e7\u00e3o de sentidos no processo de circula\u00e7\u00e3o da imagem de Frida Kahlo, seguindo princ\u00edpios te\u00f3ricos e anal\u00edticos da An\u00e1lise de Discurso de orienta\u00e7\u00e3o materialista. Compreendo a circula\u00e7\u00e3o referida como um processo subjugado \u00e0s condi\u00e7\u00f5es hist\u00f3ricas impostas pelo sistema capitalista, ou seja, funciona sob determina\u00e7\u00f5es materiais. Visto que todo processo fide significa\u00e7\u00e3o [&hellip;]\" \/>\n<meta property=\"og:url\" content=\"https:\/\/ponteseditores.com.br\/loja3\/pontes-editores-home-2__trashed\/linguistica\/da-paleta-de-frida-kahlo-a-outras-ressonancias-um-estudo-discursivo-sobre-a-reverberacao-da-sua-imagem\/\" \/>\n<meta property=\"og:site_name\" content=\"Pontes Editores\" \/>\n<meta property=\"og:image\" content=\"https:\/\/ponteseditores.com.br\/loja3\/wp-content\/uploads\/2024\/09\/Capa_Paleta_de_Frida.jpg\" \/>\n\t<meta property=\"og:image:width\" content=\"1728\" \/>\n\t<meta property=\"og:image:height\" content=\"2443\" \/>\n\t<meta property=\"og:image:type\" content=\"image\/jpeg\" \/>\n<meta name=\"twitter:card\" content=\"summary_large_image\" \/>\n<meta name=\"twitter:label1\" content=\"Est. tempo de leitura\" \/>\n\t<meta name=\"twitter:data1\" content=\"2 minutos\" \/>\n<script type=\"application\/ld+json\" class=\"yoast-schema-graph\">{\"@context\":\"https:\\\/\\\/schema.org\",\"@graph\":[{\"@type\":\"WebPage\",\"@id\":\"https:\\\/\\\/ponteseditores.com.br\\\/loja3\\\/pontes-editores-home-2__trashed\\\/linguistica\\\/da-paleta-de-frida-kahlo-a-outras-ressonancias-um-estudo-discursivo-sobre-a-reverberacao-da-sua-imagem\\\/\",\"url\":\"https:\\\/\\\/ponteseditores.com.br\\\/loja3\\\/pontes-editores-home-2__trashed\\\/linguistica\\\/da-paleta-de-frida-kahlo-a-outras-ressonancias-um-estudo-discursivo-sobre-a-reverberacao-da-sua-imagem\\\/\",\"name\":\"Da paleta de Frida Kahlo a outras resson\u00e2ncias: um estudo discursivo sobre a reverbera\u00e7\u00e3o da sua imagem - Pontes Editores\",\"isPartOf\":{\"@id\":\"https:\\\/\\\/ponteseditores.com.br\\\/loja3\\\/#website\"},\"primaryImageOfPage\":{\"@id\":\"https:\\\/\\\/ponteseditores.com.br\\\/loja3\\\/pontes-editores-home-2__trashed\\\/linguistica\\\/da-paleta-de-frida-kahlo-a-outras-ressonancias-um-estudo-discursivo-sobre-a-reverberacao-da-sua-imagem\\\/#primaryimage\"},\"image\":{\"@id\":\"https:\\\/\\\/ponteseditores.com.br\\\/loja3\\\/pontes-editores-home-2__trashed\\\/linguistica\\\/da-paleta-de-frida-kahlo-a-outras-ressonancias-um-estudo-discursivo-sobre-a-reverberacao-da-sua-imagem\\\/#primaryimage\"},\"thumbnailUrl\":\"https:\\\/\\\/ponteseditores.com.br\\\/loja3\\\/wp-content\\\/uploads\\\/2024\\\/09\\\/Capa_Paleta_de_Frida.jpg\",\"datePublished\":\"2024-09-03T19:23:13+00:00\",\"breadcrumb\":{\"@id\":\"https:\\\/\\\/ponteseditores.com.br\\\/loja3\\\/pontes-editores-home-2__trashed\\\/linguistica\\\/da-paleta-de-frida-kahlo-a-outras-ressonancias-um-estudo-discursivo-sobre-a-reverberacao-da-sua-imagem\\\/#breadcrumb\"},\"inLanguage\":\"pt-BR\",\"potentialAction\":[{\"@type\":\"ReadAction\",\"target\":[\"https:\\\/\\\/ponteseditores.com.br\\\/loja3\\\/pontes-editores-home-2__trashed\\\/linguistica\\\/da-paleta-de-frida-kahlo-a-outras-ressonancias-um-estudo-discursivo-sobre-a-reverberacao-da-sua-imagem\\\/\"]}]},{\"@type\":\"ImageObject\",\"inLanguage\":\"pt-BR\",\"@id\":\"https:\\\/\\\/ponteseditores.com.br\\\/loja3\\\/pontes-editores-home-2__trashed\\\/linguistica\\\/da-paleta-de-frida-kahlo-a-outras-ressonancias-um-estudo-discursivo-sobre-a-reverberacao-da-sua-imagem\\\/#primaryimage\",\"url\":\"https:\\\/\\\/ponteseditores.com.br\\\/loja3\\\/wp-content\\\/uploads\\\/2024\\\/09\\\/Capa_Paleta_de_Frida.jpg\",\"contentUrl\":\"https:\\\/\\\/ponteseditores.com.br\\\/loja3\\\/wp-content\\\/uploads\\\/2024\\\/09\\\/Capa_Paleta_de_Frida.jpg\",\"width\":1728,\"height\":2443},{\"@type\":\"BreadcrumbList\",\"@id\":\"https:\\\/\\\/ponteseditores.com.br\\\/loja3\\\/pontes-editores-home-2__trashed\\\/linguistica\\\/da-paleta-de-frida-kahlo-a-outras-ressonancias-um-estudo-discursivo-sobre-a-reverberacao-da-sua-imagem\\\/#breadcrumb\",\"itemListElement\":[{\"@type\":\"ListItem\",\"position\":1,\"name\":\"Home\",\"item\":\"https:\\\/\\\/ponteseditores.com.br\\\/loja3\\\/\"},{\"@type\":\"ListItem\",\"position\":2,\"name\":\"loja\",\"item\":\"https:\\\/\\\/ponteseditores.com.br\\\/loja3\\\/loja\\\/\"},{\"@type\":\"ListItem\",\"position\":3,\"name\":\"Da paleta de Frida Kahlo a outras resson\u00e2ncias: um estudo discursivo sobre a reverbera\u00e7\u00e3o da sua imagem\"}]},{\"@type\":\"WebSite\",\"@id\":\"https:\\\/\\\/ponteseditores.com.br\\\/loja3\\\/#website\",\"url\":\"https:\\\/\\\/ponteseditores.com.br\\\/loja3\\\/\",\"name\":\"Pontes Editores\",\"description\":\"Pontes Editores\",\"publisher\":{\"@id\":\"https:\\\/\\\/ponteseditores.com.br\\\/loja3\\\/#organization\"},\"potentialAction\":[{\"@type\":\"SearchAction\",\"target\":{\"@type\":\"EntryPoint\",\"urlTemplate\":\"https:\\\/\\\/ponteseditores.com.br\\\/loja3\\\/?s={search_term_string}\"},\"query-input\":{\"@type\":\"PropertyValueSpecification\",\"valueRequired\":true,\"valueName\":\"search_term_string\"}}],\"inLanguage\":\"pt-BR\"},{\"@type\":\"Organization\",\"@id\":\"https:\\\/\\\/ponteseditores.com.br\\\/loja3\\\/#organization\",\"name\":\"Pontes Editores\",\"url\":\"https:\\\/\\\/ponteseditores.com.br\\\/loja3\\\/\",\"logo\":{\"@type\":\"ImageObject\",\"inLanguage\":\"pt-BR\",\"@id\":\"https:\\\/\\\/ponteseditores.com.br\\\/loja3\\\/#\\\/schema\\\/logo\\\/image\\\/\",\"url\":\"https:\\\/\\\/ponteseditores.com.br\\\/loja3\\\/wp-content\\\/uploads\\\/2023\\\/12\\\/logo-pontes-editores-v2.png\",\"contentUrl\":\"https:\\\/\\\/ponteseditores.com.br\\\/loja3\\\/wp-content\\\/uploads\\\/2023\\\/12\\\/logo-pontes-editores-v2.png\",\"width\":258,\"height\":100,\"caption\":\"Pontes Editores\"},\"image\":{\"@id\":\"https:\\\/\\\/ponteseditores.com.br\\\/loja3\\\/#\\\/schema\\\/logo\\\/image\\\/\"}}]}<\/script>\n<!-- \/ Yoast SEO plugin. -->","yoast_head_json":{"title":"Da paleta de Frida Kahlo a outras resson\u00e2ncias: um estudo discursivo sobre a reverbera\u00e7\u00e3o da sua imagem - Pontes Editores","robots":{"index":"index","follow":"follow","max-snippet":"max-snippet:-1","max-image-preview":"max-image-preview:large","max-video-preview":"max-video-preview:-1"},"canonical":"https:\/\/ponteseditores.com.br\/loja3\/pontes-editores-home-2__trashed\/linguistica\/da-paleta-de-frida-kahlo-a-outras-ressonancias-um-estudo-discursivo-sobre-a-reverberacao-da-sua-imagem\/","og_locale":"pt_BR","og_type":"article","og_title":"Da paleta de Frida Kahlo a outras resson\u00e2ncias: um estudo discursivo sobre a reverbera\u00e7\u00e3o da sua imagem - Pontes Editores","og_description":"Neste estudo, analiso a produ\u00e7\u00e3o de sentidos no processo de circula\u00e7\u00e3o da imagem de Frida Kahlo, seguindo princ\u00edpios te\u00f3ricos e anal\u00edticos da An\u00e1lise de Discurso de orienta\u00e7\u00e3o materialista. Compreendo a circula\u00e7\u00e3o referida como um processo subjugado \u00e0s condi\u00e7\u00f5es hist\u00f3ricas impostas pelo sistema capitalista, ou seja, funciona sob determina\u00e7\u00f5es materiais. Visto que todo processo fide significa\u00e7\u00e3o [&hellip;]","og_url":"https:\/\/ponteseditores.com.br\/loja3\/pontes-editores-home-2__trashed\/linguistica\/da-paleta-de-frida-kahlo-a-outras-ressonancias-um-estudo-discursivo-sobre-a-reverberacao-da-sua-imagem\/","og_site_name":"Pontes Editores","og_image":[{"width":1728,"height":2443,"url":"https:\/\/ponteseditores.com.br\/loja3\/wp-content\/uploads\/2024\/09\/Capa_Paleta_de_Frida.jpg","type":"image\/jpeg"}],"twitter_card":"summary_large_image","twitter_misc":{"Est. tempo de leitura":"2 minutos"},"schema":{"@context":"https:\/\/schema.org","@graph":[{"@type":"WebPage","@id":"https:\/\/ponteseditores.com.br\/loja3\/pontes-editores-home-2__trashed\/linguistica\/da-paleta-de-frida-kahlo-a-outras-ressonancias-um-estudo-discursivo-sobre-a-reverberacao-da-sua-imagem\/","url":"https:\/\/ponteseditores.com.br\/loja3\/pontes-editores-home-2__trashed\/linguistica\/da-paleta-de-frida-kahlo-a-outras-ressonancias-um-estudo-discursivo-sobre-a-reverberacao-da-sua-imagem\/","name":"Da paleta de Frida Kahlo a outras resson\u00e2ncias: um estudo discursivo sobre a reverbera\u00e7\u00e3o da sua imagem - Pontes Editores","isPartOf":{"@id":"https:\/\/ponteseditores.com.br\/loja3\/#website"},"primaryImageOfPage":{"@id":"https:\/\/ponteseditores.com.br\/loja3\/pontes-editores-home-2__trashed\/linguistica\/da-paleta-de-frida-kahlo-a-outras-ressonancias-um-estudo-discursivo-sobre-a-reverberacao-da-sua-imagem\/#primaryimage"},"image":{"@id":"https:\/\/ponteseditores.com.br\/loja3\/pontes-editores-home-2__trashed\/linguistica\/da-paleta-de-frida-kahlo-a-outras-ressonancias-um-estudo-discursivo-sobre-a-reverberacao-da-sua-imagem\/#primaryimage"},"thumbnailUrl":"https:\/\/ponteseditores.com.br\/loja3\/wp-content\/uploads\/2024\/09\/Capa_Paleta_de_Frida.jpg","datePublished":"2024-09-03T19:23:13+00:00","breadcrumb":{"@id":"https:\/\/ponteseditores.com.br\/loja3\/pontes-editores-home-2__trashed\/linguistica\/da-paleta-de-frida-kahlo-a-outras-ressonancias-um-estudo-discursivo-sobre-a-reverberacao-da-sua-imagem\/#breadcrumb"},"inLanguage":"pt-BR","potentialAction":[{"@type":"ReadAction","target":["https:\/\/ponteseditores.com.br\/loja3\/pontes-editores-home-2__trashed\/linguistica\/da-paleta-de-frida-kahlo-a-outras-ressonancias-um-estudo-discursivo-sobre-a-reverberacao-da-sua-imagem\/"]}]},{"@type":"ImageObject","inLanguage":"pt-BR","@id":"https:\/\/ponteseditores.com.br\/loja3\/pontes-editores-home-2__trashed\/linguistica\/da-paleta-de-frida-kahlo-a-outras-ressonancias-um-estudo-discursivo-sobre-a-reverberacao-da-sua-imagem\/#primaryimage","url":"https:\/\/ponteseditores.com.br\/loja3\/wp-content\/uploads\/2024\/09\/Capa_Paleta_de_Frida.jpg","contentUrl":"https:\/\/ponteseditores.com.br\/loja3\/wp-content\/uploads\/2024\/09\/Capa_Paleta_de_Frida.jpg","width":1728,"height":2443},{"@type":"BreadcrumbList","@id":"https:\/\/ponteseditores.com.br\/loja3\/pontes-editores-home-2__trashed\/linguistica\/da-paleta-de-frida-kahlo-a-outras-ressonancias-um-estudo-discursivo-sobre-a-reverberacao-da-sua-imagem\/#breadcrumb","itemListElement":[{"@type":"ListItem","position":1,"name":"Home","item":"https:\/\/ponteseditores.com.br\/loja3\/"},{"@type":"ListItem","position":2,"name":"loja","item":"https:\/\/ponteseditores.com.br\/loja3\/loja\/"},{"@type":"ListItem","position":3,"name":"Da paleta de Frida Kahlo a outras resson\u00e2ncias: um estudo discursivo sobre a reverbera\u00e7\u00e3o da sua imagem"}]},{"@type":"WebSite","@id":"https:\/\/ponteseditores.com.br\/loja3\/#website","url":"https:\/\/ponteseditores.com.br\/loja3\/","name":"Pontes Editores","description":"Pontes Editores","publisher":{"@id":"https:\/\/ponteseditores.com.br\/loja3\/#organization"},"potentialAction":[{"@type":"SearchAction","target":{"@type":"EntryPoint","urlTemplate":"https:\/\/ponteseditores.com.br\/loja3\/?s={search_term_string}"},"query-input":{"@type":"PropertyValueSpecification","valueRequired":true,"valueName":"search_term_string"}}],"inLanguage":"pt-BR"},{"@type":"Organization","@id":"https:\/\/ponteseditores.com.br\/loja3\/#organization","name":"Pontes Editores","url":"https:\/\/ponteseditores.com.br\/loja3\/","logo":{"@type":"ImageObject","inLanguage":"pt-BR","@id":"https:\/\/ponteseditores.com.br\/loja3\/#\/schema\/logo\/image\/","url":"https:\/\/ponteseditores.com.br\/loja3\/wp-content\/uploads\/2023\/12\/logo-pontes-editores-v2.png","contentUrl":"https:\/\/ponteseditores.com.br\/loja3\/wp-content\/uploads\/2023\/12\/logo-pontes-editores-v2.png","width":258,"height":100,"caption":"Pontes Editores"},"image":{"@id":"https:\/\/ponteseditores.com.br\/loja3\/#\/schema\/logo\/image\/"}}]}},"_links":{"self":[{"href":"https:\/\/ponteseditores.com.br\/loja3\/wp-json\/wp\/v2\/product\/15328","targetHints":{"allow":["GET"]}}],"collection":[{"href":"https:\/\/ponteseditores.com.br\/loja3\/wp-json\/wp\/v2\/product"}],"about":[{"href":"https:\/\/ponteseditores.com.br\/loja3\/wp-json\/wp\/v2\/types\/product"}],"replies":[{"embeddable":true,"href":"https:\/\/ponteseditores.com.br\/loja3\/wp-json\/wp\/v2\/comments?post=15328"}],"version-history":[{"count":0,"href":"https:\/\/ponteseditores.com.br\/loja3\/wp-json\/wp\/v2\/product\/15328\/revisions"}],"wp:featuredmedia":[{"embeddable":true,"href":"https:\/\/ponteseditores.com.br\/loja3\/wp-json\/wp\/v2\/media\/15329"}],"wp:attachment":[{"href":"https:\/\/ponteseditores.com.br\/loja3\/wp-json\/wp\/v2\/media?parent=15328"}],"wp:term":[{"taxonomy":"product_brand","embeddable":true,"href":"https:\/\/ponteseditores.com.br\/loja3\/wp-json\/wp\/v2\/product_brand?post=15328"},{"taxonomy":"product_cat","embeddable":true,"href":"https:\/\/ponteseditores.com.br\/loja3\/wp-json\/wp\/v2\/product_cat?post=15328"},{"taxonomy":"product_tag","embeddable":true,"href":"https:\/\/ponteseditores.com.br\/loja3\/wp-json\/wp\/v2\/product_tag?post=15328"}],"curies":[{"name":"wp","href":"https:\/\/api.w.org\/{rel}","templated":true}]}}