{"id":14608,"date":"2024-08-13T16:38:48","date_gmt":"2024-08-13T19:38:48","guid":{"rendered":"https:\/\/ponteseditores.com.br\/loja3\/?post_type=product&#038;p=14608"},"modified":"2024-10-08T11:29:04","modified_gmt":"2024-10-08T14:29:04","slug":"estudos-de-linguagem-reconstruindo-politicas-de-pesquisa-2","status":"publish","type":"product","link":"https:\/\/ponteseditores.com.br\/loja3\/pontes-editores-home-2__trashed\/ebook\/lancamento-e-book\/estudos-de-linguagem-reconstruindo-politicas-de-pesquisa-2\/","title":{"rendered":"Estudos de linguagem: (re)construindo pol\u00edticas de pesquisa"},"content":{"rendered":"<div class=\"elementor elementor-101 elementor-location-single post-14505 product type-product status-publish has-post-thumbnail product_cat-lancamento product_cat-linguagem product_cat-linguagem-e-linguas first instock shipping-taxable purchasable product-type-simple product\" data-elementor-type=\"product\" data-elementor-id=\"101\" data-elementor-post-type=\"elementor_library\">\n<div class=\"elementor-section-wrap\">\n<div class=\"elementor-element elementor-element-fd62f9b e-flex e-con-boxed e-con e-parent e-lazyloaded\" data-id=\"fd62f9b\" data-element_type=\"container\">\n<div class=\"e-con-inner\">\n<div class=\"elementor-element elementor-element-dd750e6 elementor-widget elementor-widget-woocommerce-product-data-tabs\" data-id=\"dd750e6\" data-element_type=\"widget\" data-widget_type=\"woocommerce-product-data-tabs.default\">\n<div class=\"elementor-widget-container\">\n<div class=\"woocommerce-tabs wc-tabs-wrapper\">\n<div id=\"tab-description\" class=\"woocommerce-Tabs-panel woocommerce-Tabs-panel--description panel entry-content wc-tab\" role=\"tabpanel\" aria-labelledby=\"tab-title-description\">\n<p><strong>Estudos de linguagem: (re)construindo pol\u00edticas de pesquisa<\/strong>, uma colet\u00e2nea que traz uma abordagem multifacetada e profunda sobre quest\u00f5es fundamentais no campo dos estudos de linguagem contempor\u00e2neos. Dividida em tr\u00eas blocos tem\u00e1ticos, esta obra proporciona uma explora\u00e7\u00e3o abrangente de teorias, pr\u00e1ticas e desafios que permeiam a pesquisa lingu\u00edstica atualmente, como um quadro de contribui\u00e7\u00f5es para a forma\u00e7\u00e3o permanente dos corpos docente e discente do Programa de P\u00f3s-gradua\u00e7\u00e3o em Estudos de Linguagem da UFF, qui\u00e7\u00e1 de outros Programas do pa\u00eds.<\/p>\n<p>Cada cap\u00edtulo deste livro \u00e9 uma contribui\u00e7\u00e3o significativa para o avan\u00e7o do conhecimento lingu\u00edstico, oferecendo, com profundidade, perspectivas diversas e inovadoras na nossa \u00e1rea. Esperamos que esta obra inspire pesquisadores, educadores e formuladores de pol\u00edticas a (re)pensar suas abordagens, promovendo um di\u00e1logo frut\u00edfero e construtivo na Lingu\u00edstica e al\u00e9m. Que estas p\u00e1ginas sirvam como um convite para a reflex\u00e3o e a a\u00e7\u00e3o, na busca cont\u00ednua por uma compreens\u00e3o mais profunda e inclusiva da linguagem e de suas implica\u00e7\u00f5es em nossa sociedade.<\/p>\n<p>Por fim, vale questionar: a que Brasil voltamos? Esta \u00e9 uma quest\u00e3o ainda a ser respondida, mas a certeza \u00e9 a de que programas de p\u00f3s-gradua\u00e7\u00e3o como o Posling-UFF est\u00e3o dispostos a participar de sua reconstru\u00e7\u00e3o.<\/p>\n<p>Boa leitura e m\u00e3os \u00e0 obra!<\/p>\n<\/div>\n<\/div>\n<\/div>\n<\/div>\n<\/div>\n<\/div>\n<\/div>\n<\/div>\n<div class=\"elementor elementor-81 elementor-location-footer\" data-elementor-type=\"footer\" data-elementor-id=\"81\" data-elementor-post-type=\"elementor_library\">\n<div class=\"elementor-section-wrap\">\n<div class=\"elementor-element elementor-element-2a0413af e-flex e-con-boxed e-con e-parent e-lazyloaded\" data-id=\"2a0413af\" data-element_type=\"container\" data-settings=\"{&quot;background_background&quot;:&quot;classic&quot;}\">\n<div class=\"e-con-inner\">\n<div class=\"elementor-element elementor-element-59675f67 e-con-full e-flex e-con e-child\" data-id=\"59675f67\" data-element_type=\"container\">\n<div class=\"elementor-element elementor-element-1fbec0a animated-slow elementor-widget elementor-widget-heading animated slideInUp\" data-id=\"1fbec0a\" data-element_type=\"widget\" data-settings=\"{&quot;_animation&quot;:&quot;slideInUp&quot;}\" data-widget_type=\"heading.default\">\n<div class=\"elementor-widget-container\">\n<h2 class=\"elementor-heading-title elementor-size-default\"><\/h2>\n<\/div>\n<\/div>\n<\/div>\n<\/div>\n<\/div>\n<\/div>\n<\/div>\n","protected":false},"excerpt":{"rendered":"<p>Estudos de linguagem: (re)construindo pol\u00edticas de pesquisa, uma colet\u00e2nea que traz uma abordagem multifacetada e profunda sobre quest\u00f5es fundamentais no campo dos estudos de linguagem contempor\u00e2neos. Dividida em tr\u00eas blocos tem\u00e1ticos, esta obra proporciona uma explora\u00e7\u00e3o abrangente de teorias, pr\u00e1ticas e desafios que permeiam a pesquisa lingu\u00edstica atualmente, como um quadro de contribui\u00e7\u00f5es para a [&hellip;]<\/p>\n","protected":false},"featured_media":14506,"comment_status":"open","ping_status":"closed","template":"","meta":{"_joinchat":[]},"product_brand":[],"product_cat":[165,386,53],"product_tag":[],"class_list":{"0":"post-14608","1":"product","2":"type-product","3":"status-publish","4":"has-post-thumbnail","6":"product_cat-ebook","7":"product_cat-lancamento-e-book","8":"product_cat-linguagem","9":"product_shipping_class-download","11":"first","12":"instock","13":"downloadable","14":"virtual","15":"purchasable","16":"product-type-simple"},"yoast_head":"<!-- This site is optimized with the Yoast SEO plugin v27.4 - https:\/\/yoast.com\/product\/yoast-seo-wordpress\/ -->\n<title>Estudos de linguagem: (re)construindo pol\u00edticas de pesquisa - Pontes Editores<\/title>\n<meta name=\"robots\" content=\"index, follow, max-snippet:-1, max-image-preview:large, max-video-preview:-1\" \/>\n<link rel=\"canonical\" href=\"https:\/\/ponteseditores.com.br\/loja3\/pontes-editores-home-2__trashed\/ebook\/lancamento-e-book\/estudos-de-linguagem-reconstruindo-politicas-de-pesquisa-2\/\" \/>\n<meta property=\"og:locale\" content=\"pt_BR\" \/>\n<meta property=\"og:type\" content=\"article\" \/>\n<meta property=\"og:title\" content=\"Estudos de linguagem: (re)construindo pol\u00edticas de pesquisa - Pontes Editores\" \/>\n<meta property=\"og:description\" content=\"Estudos de linguagem: (re)construindo pol\u00edticas de pesquisa, uma colet\u00e2nea que traz uma abordagem multifacetada e profunda sobre quest\u00f5es fundamentais no campo dos estudos de linguagem contempor\u00e2neos. Dividida em tr\u00eas blocos tem\u00e1ticos, esta obra proporciona uma explora\u00e7\u00e3o abrangente de teorias, pr\u00e1ticas e desafios que permeiam a pesquisa lingu\u00edstica atualmente, como um quadro de contribui\u00e7\u00f5es para a [&hellip;]\" \/>\n<meta property=\"og:url\" content=\"https:\/\/ponteseditores.com.br\/loja3\/pontes-editores-home-2__trashed\/ebook\/lancamento-e-book\/estudos-de-linguagem-reconstruindo-politicas-de-pesquisa-2\/\" \/>\n<meta property=\"og:site_name\" content=\"Pontes Editores\" \/>\n<meta property=\"article:modified_time\" content=\"2024-10-08T14:29:04+00:00\" \/>\n<meta property=\"og:image\" content=\"https:\/\/ponteseditores.com.br\/loja3\/wp-content\/uploads\/2024\/08\/Capa_Estudos_de_Linguagem.jpg\" \/>\n\t<meta property=\"og:image:width\" content=\"1728\" \/>\n\t<meta property=\"og:image:height\" content=\"2443\" \/>\n\t<meta property=\"og:image:type\" content=\"image\/jpeg\" \/>\n<meta name=\"twitter:card\" content=\"summary_large_image\" \/>\n<meta name=\"twitter:label1\" content=\"Est. tempo de leitura\" \/>\n\t<meta name=\"twitter:data1\" content=\"2 minutos\" \/>\n<script type=\"application\/ld+json\" class=\"yoast-schema-graph\">{\"@context\":\"https:\\\/\\\/schema.org\",\"@graph\":[{\"@type\":\"WebPage\",\"@id\":\"https:\\\/\\\/ponteseditores.com.br\\\/loja3\\\/pontes-editores-home-2__trashed\\\/ebook\\\/lancamento-e-book\\\/estudos-de-linguagem-reconstruindo-politicas-de-pesquisa-2\\\/\",\"url\":\"https:\\\/\\\/ponteseditores.com.br\\\/loja3\\\/pontes-editores-home-2__trashed\\\/ebook\\\/lancamento-e-book\\\/estudos-de-linguagem-reconstruindo-politicas-de-pesquisa-2\\\/\",\"name\":\"Estudos de linguagem: (re)construindo pol\u00edticas de pesquisa - Pontes Editores\",\"isPartOf\":{\"@id\":\"https:\\\/\\\/ponteseditores.com.br\\\/loja3\\\/#website\"},\"primaryImageOfPage\":{\"@id\":\"https:\\\/\\\/ponteseditores.com.br\\\/loja3\\\/pontes-editores-home-2__trashed\\\/ebook\\\/lancamento-e-book\\\/estudos-de-linguagem-reconstruindo-politicas-de-pesquisa-2\\\/#primaryimage\"},\"image\":{\"@id\":\"https:\\\/\\\/ponteseditores.com.br\\\/loja3\\\/pontes-editores-home-2__trashed\\\/ebook\\\/lancamento-e-book\\\/estudos-de-linguagem-reconstruindo-politicas-de-pesquisa-2\\\/#primaryimage\"},\"thumbnailUrl\":\"https:\\\/\\\/ponteseditores.com.br\\\/loja3\\\/wp-content\\\/uploads\\\/2024\\\/08\\\/Capa_Estudos_de_Linguagem.jpg\",\"datePublished\":\"2024-08-13T19:38:48+00:00\",\"dateModified\":\"2024-10-08T14:29:04+00:00\",\"breadcrumb\":{\"@id\":\"https:\\\/\\\/ponteseditores.com.br\\\/loja3\\\/pontes-editores-home-2__trashed\\\/ebook\\\/lancamento-e-book\\\/estudos-de-linguagem-reconstruindo-politicas-de-pesquisa-2\\\/#breadcrumb\"},\"inLanguage\":\"pt-BR\",\"potentialAction\":[{\"@type\":\"ReadAction\",\"target\":[\"https:\\\/\\\/ponteseditores.com.br\\\/loja3\\\/pontes-editores-home-2__trashed\\\/ebook\\\/lancamento-e-book\\\/estudos-de-linguagem-reconstruindo-politicas-de-pesquisa-2\\\/\"]}]},{\"@type\":\"ImageObject\",\"inLanguage\":\"pt-BR\",\"@id\":\"https:\\\/\\\/ponteseditores.com.br\\\/loja3\\\/pontes-editores-home-2__trashed\\\/ebook\\\/lancamento-e-book\\\/estudos-de-linguagem-reconstruindo-politicas-de-pesquisa-2\\\/#primaryimage\",\"url\":\"https:\\\/\\\/ponteseditores.com.br\\\/loja3\\\/wp-content\\\/uploads\\\/2024\\\/08\\\/Capa_Estudos_de_Linguagem.jpg\",\"contentUrl\":\"https:\\\/\\\/ponteseditores.com.br\\\/loja3\\\/wp-content\\\/uploads\\\/2024\\\/08\\\/Capa_Estudos_de_Linguagem.jpg\",\"width\":1728,\"height\":2443},{\"@type\":\"BreadcrumbList\",\"@id\":\"https:\\\/\\\/ponteseditores.com.br\\\/loja3\\\/pontes-editores-home-2__trashed\\\/ebook\\\/lancamento-e-book\\\/estudos-de-linguagem-reconstruindo-politicas-de-pesquisa-2\\\/#breadcrumb\",\"itemListElement\":[{\"@type\":\"ListItem\",\"position\":1,\"name\":\"Home\",\"item\":\"https:\\\/\\\/ponteseditores.com.br\\\/loja3\\\/\"},{\"@type\":\"ListItem\",\"position\":2,\"name\":\"loja\",\"item\":\"https:\\\/\\\/ponteseditores.com.br\\\/loja3\\\/loja\\\/\"},{\"@type\":\"ListItem\",\"position\":3,\"name\":\"Estudos de linguagem: (re)construindo pol\u00edticas de pesquisa\"}]},{\"@type\":\"WebSite\",\"@id\":\"https:\\\/\\\/ponteseditores.com.br\\\/loja3\\\/#website\",\"url\":\"https:\\\/\\\/ponteseditores.com.br\\\/loja3\\\/\",\"name\":\"Pontes Editores\",\"description\":\"Pontes Editores\",\"publisher\":{\"@id\":\"https:\\\/\\\/ponteseditores.com.br\\\/loja3\\\/#organization\"},\"potentialAction\":[{\"@type\":\"SearchAction\",\"target\":{\"@type\":\"EntryPoint\",\"urlTemplate\":\"https:\\\/\\\/ponteseditores.com.br\\\/loja3\\\/?s={search_term_string}\"},\"query-input\":{\"@type\":\"PropertyValueSpecification\",\"valueRequired\":true,\"valueName\":\"search_term_string\"}}],\"inLanguage\":\"pt-BR\"},{\"@type\":\"Organization\",\"@id\":\"https:\\\/\\\/ponteseditores.com.br\\\/loja3\\\/#organization\",\"name\":\"Pontes Editores\",\"url\":\"https:\\\/\\\/ponteseditores.com.br\\\/loja3\\\/\",\"logo\":{\"@type\":\"ImageObject\",\"inLanguage\":\"pt-BR\",\"@id\":\"https:\\\/\\\/ponteseditores.com.br\\\/loja3\\\/#\\\/schema\\\/logo\\\/image\\\/\",\"url\":\"https:\\\/\\\/ponteseditores.com.br\\\/loja3\\\/wp-content\\\/uploads\\\/2023\\\/12\\\/logo-pontes-editores-v2.png\",\"contentUrl\":\"https:\\\/\\\/ponteseditores.com.br\\\/loja3\\\/wp-content\\\/uploads\\\/2023\\\/12\\\/logo-pontes-editores-v2.png\",\"width\":258,\"height\":100,\"caption\":\"Pontes Editores\"},\"image\":{\"@id\":\"https:\\\/\\\/ponteseditores.com.br\\\/loja3\\\/#\\\/schema\\\/logo\\\/image\\\/\"}}]}<\/script>\n<!-- \/ Yoast SEO plugin. -->","yoast_head_json":{"title":"Estudos de linguagem: (re)construindo pol\u00edticas de pesquisa - Pontes Editores","robots":{"index":"index","follow":"follow","max-snippet":"max-snippet:-1","max-image-preview":"max-image-preview:large","max-video-preview":"max-video-preview:-1"},"canonical":"https:\/\/ponteseditores.com.br\/loja3\/pontes-editores-home-2__trashed\/ebook\/lancamento-e-book\/estudos-de-linguagem-reconstruindo-politicas-de-pesquisa-2\/","og_locale":"pt_BR","og_type":"article","og_title":"Estudos de linguagem: (re)construindo pol\u00edticas de pesquisa - Pontes Editores","og_description":"Estudos de linguagem: (re)construindo pol\u00edticas de pesquisa, uma colet\u00e2nea que traz uma abordagem multifacetada e profunda sobre quest\u00f5es fundamentais no campo dos estudos de linguagem contempor\u00e2neos. Dividida em tr\u00eas blocos tem\u00e1ticos, esta obra proporciona uma explora\u00e7\u00e3o abrangente de teorias, pr\u00e1ticas e desafios que permeiam a pesquisa lingu\u00edstica atualmente, como um quadro de contribui\u00e7\u00f5es para a [&hellip;]","og_url":"https:\/\/ponteseditores.com.br\/loja3\/pontes-editores-home-2__trashed\/ebook\/lancamento-e-book\/estudos-de-linguagem-reconstruindo-politicas-de-pesquisa-2\/","og_site_name":"Pontes Editores","article_modified_time":"2024-10-08T14:29:04+00:00","og_image":[{"width":1728,"height":2443,"url":"https:\/\/ponteseditores.com.br\/loja3\/wp-content\/uploads\/2024\/08\/Capa_Estudos_de_Linguagem.jpg","type":"image\/jpeg"}],"twitter_card":"summary_large_image","twitter_misc":{"Est. tempo de leitura":"2 minutos"},"schema":{"@context":"https:\/\/schema.org","@graph":[{"@type":"WebPage","@id":"https:\/\/ponteseditores.com.br\/loja3\/pontes-editores-home-2__trashed\/ebook\/lancamento-e-book\/estudos-de-linguagem-reconstruindo-politicas-de-pesquisa-2\/","url":"https:\/\/ponteseditores.com.br\/loja3\/pontes-editores-home-2__trashed\/ebook\/lancamento-e-book\/estudos-de-linguagem-reconstruindo-politicas-de-pesquisa-2\/","name":"Estudos de linguagem: (re)construindo pol\u00edticas de pesquisa - Pontes Editores","isPartOf":{"@id":"https:\/\/ponteseditores.com.br\/loja3\/#website"},"primaryImageOfPage":{"@id":"https:\/\/ponteseditores.com.br\/loja3\/pontes-editores-home-2__trashed\/ebook\/lancamento-e-book\/estudos-de-linguagem-reconstruindo-politicas-de-pesquisa-2\/#primaryimage"},"image":{"@id":"https:\/\/ponteseditores.com.br\/loja3\/pontes-editores-home-2__trashed\/ebook\/lancamento-e-book\/estudos-de-linguagem-reconstruindo-politicas-de-pesquisa-2\/#primaryimage"},"thumbnailUrl":"https:\/\/ponteseditores.com.br\/loja3\/wp-content\/uploads\/2024\/08\/Capa_Estudos_de_Linguagem.jpg","datePublished":"2024-08-13T19:38:48+00:00","dateModified":"2024-10-08T14:29:04+00:00","breadcrumb":{"@id":"https:\/\/ponteseditores.com.br\/loja3\/pontes-editores-home-2__trashed\/ebook\/lancamento-e-book\/estudos-de-linguagem-reconstruindo-politicas-de-pesquisa-2\/#breadcrumb"},"inLanguage":"pt-BR","potentialAction":[{"@type":"ReadAction","target":["https:\/\/ponteseditores.com.br\/loja3\/pontes-editores-home-2__trashed\/ebook\/lancamento-e-book\/estudos-de-linguagem-reconstruindo-politicas-de-pesquisa-2\/"]}]},{"@type":"ImageObject","inLanguage":"pt-BR","@id":"https:\/\/ponteseditores.com.br\/loja3\/pontes-editores-home-2__trashed\/ebook\/lancamento-e-book\/estudos-de-linguagem-reconstruindo-politicas-de-pesquisa-2\/#primaryimage","url":"https:\/\/ponteseditores.com.br\/loja3\/wp-content\/uploads\/2024\/08\/Capa_Estudos_de_Linguagem.jpg","contentUrl":"https:\/\/ponteseditores.com.br\/loja3\/wp-content\/uploads\/2024\/08\/Capa_Estudos_de_Linguagem.jpg","width":1728,"height":2443},{"@type":"BreadcrumbList","@id":"https:\/\/ponteseditores.com.br\/loja3\/pontes-editores-home-2__trashed\/ebook\/lancamento-e-book\/estudos-de-linguagem-reconstruindo-politicas-de-pesquisa-2\/#breadcrumb","itemListElement":[{"@type":"ListItem","position":1,"name":"Home","item":"https:\/\/ponteseditores.com.br\/loja3\/"},{"@type":"ListItem","position":2,"name":"loja","item":"https:\/\/ponteseditores.com.br\/loja3\/loja\/"},{"@type":"ListItem","position":3,"name":"Estudos de linguagem: (re)construindo pol\u00edticas de pesquisa"}]},{"@type":"WebSite","@id":"https:\/\/ponteseditores.com.br\/loja3\/#website","url":"https:\/\/ponteseditores.com.br\/loja3\/","name":"Pontes Editores","description":"Pontes Editores","publisher":{"@id":"https:\/\/ponteseditores.com.br\/loja3\/#organization"},"potentialAction":[{"@type":"SearchAction","target":{"@type":"EntryPoint","urlTemplate":"https:\/\/ponteseditores.com.br\/loja3\/?s={search_term_string}"},"query-input":{"@type":"PropertyValueSpecification","valueRequired":true,"valueName":"search_term_string"}}],"inLanguage":"pt-BR"},{"@type":"Organization","@id":"https:\/\/ponteseditores.com.br\/loja3\/#organization","name":"Pontes Editores","url":"https:\/\/ponteseditores.com.br\/loja3\/","logo":{"@type":"ImageObject","inLanguage":"pt-BR","@id":"https:\/\/ponteseditores.com.br\/loja3\/#\/schema\/logo\/image\/","url":"https:\/\/ponteseditores.com.br\/loja3\/wp-content\/uploads\/2023\/12\/logo-pontes-editores-v2.png","contentUrl":"https:\/\/ponteseditores.com.br\/loja3\/wp-content\/uploads\/2023\/12\/logo-pontes-editores-v2.png","width":258,"height":100,"caption":"Pontes Editores"},"image":{"@id":"https:\/\/ponteseditores.com.br\/loja3\/#\/schema\/logo\/image\/"}}]}},"_links":{"self":[{"href":"https:\/\/ponteseditores.com.br\/loja3\/wp-json\/wp\/v2\/product\/14608","targetHints":{"allow":["GET"]}}],"collection":[{"href":"https:\/\/ponteseditores.com.br\/loja3\/wp-json\/wp\/v2\/product"}],"about":[{"href":"https:\/\/ponteseditores.com.br\/loja3\/wp-json\/wp\/v2\/types\/product"}],"replies":[{"embeddable":true,"href":"https:\/\/ponteseditores.com.br\/loja3\/wp-json\/wp\/v2\/comments?post=14608"}],"version-history":[{"count":0,"href":"https:\/\/ponteseditores.com.br\/loja3\/wp-json\/wp\/v2\/product\/14608\/revisions"}],"wp:featuredmedia":[{"embeddable":true,"href":"https:\/\/ponteseditores.com.br\/loja3\/wp-json\/wp\/v2\/media\/14506"}],"wp:attachment":[{"href":"https:\/\/ponteseditores.com.br\/loja3\/wp-json\/wp\/v2\/media?parent=14608"}],"wp:term":[{"taxonomy":"product_brand","embeddable":true,"href":"https:\/\/ponteseditores.com.br\/loja3\/wp-json\/wp\/v2\/product_brand?post=14608"},{"taxonomy":"product_cat","embeddable":true,"href":"https:\/\/ponteseditores.com.br\/loja3\/wp-json\/wp\/v2\/product_cat?post=14608"},{"taxonomy":"product_tag","embeddable":true,"href":"https:\/\/ponteseditores.com.br\/loja3\/wp-json\/wp\/v2\/product_tag?post=14608"}],"curies":[{"name":"wp","href":"https:\/\/api.w.org\/{rel}","templated":true}]}}