{"id":14330,"date":"2024-08-02T11:17:26","date_gmt":"2024-08-02T14:17:26","guid":{"rendered":"https:\/\/ponteseditores.com.br\/loja3\/?post_type=product&#038;p=14330"},"modified":"2024-10-08T11:29:04","modified_gmt":"2024-10-08T14:29:04","slug":"trinta-anos-do-programa-de-pos-graduacao-em-letras-da-uel","status":"publish","type":"product","link":"https:\/\/ponteseditores.com.br\/loja3\/pontes-editores-home-2__trashed\/ebook\/lancamento-e-book\/trinta-anos-do-programa-de-pos-graduacao-em-letras-da-uel\/","title":{"rendered":"Trinta Anos do Programa de P\u00f3s-Gradua\u00e7\u00e3o em Letras da UEL"},"content":{"rendered":"<p>\u201cSomos um programa pequeno em termos de n\u00famero de docentes, em que a diversidade de interesses e atua\u00e7\u00f5es no ensino e na pesquisa acaba por se tornar um \u00f3bice. Entretanto, \u00e9 nessa diferen\u00e7a que reside nossa maior qualidade, acredito. Ainda que os grupos de pesquisa sejam aglutina\u00e7\u00e3o de interesses de estudantes ao redor da pesquisa de cada docente, \u00e9 nas tang\u00eancias das atividades que surgem as linhas de pesquisa, a demonstrar uma transdisciplinaridade e uma singularidade ousada, que t\u00eam atra\u00eddo estudantes geralmente mais interessados na discuss\u00e3o da literatura contempor\u00e2nea, al\u00e9m do tratamento de perspectivas bifurcantes. Juntam-se, assim, c\u00e2none e transgress\u00f5es, revis\u00f5es sobre g\u00eanero, orienta\u00e7\u00e3o e etnias, discuss\u00f5es sobre m\u00eddias e formas de produ\u00e7\u00e3o, naquilo que a literatura faz t\u00e3o bem: pensar agressivamente, a nos provocar, a nos tensionar, a impor novos ritmos e compreens\u00f5es do mundo.<\/p>\n<p>Por isso, registro, ao cabo, o meu agradecimento a toda a comunidade de Letras da UEL, por ter participado de um longo caminho tortuoso, com ansiedades, com j\u00fabilos, com bons resultados, a fazer aqui timidamente uma imagem incompleta de quem somos, incapaz de dar significado inteiro ao sil\u00eancio, a voz que d\u00e1 sentido a tudo o que lembramos e sabemos, mas pequena heran\u00e7a a usufruir no tempo que vir\u00e1\u201d.<\/p>\n<p>Alamir Aquino Corr\u00eaa<\/p>\n","protected":false},"excerpt":{"rendered":"<p>\u201cSomos um programa pequeno em termos de n\u00famero de docentes, em que a diversidade de interesses e atua\u00e7\u00f5es no ensino e na pesquisa acaba por se tornar um \u00f3bice. Entretanto, \u00e9 nessa diferen\u00e7a que reside nossa maior qualidade, acredito. Ainda que os grupos de pesquisa sejam aglutina\u00e7\u00e3o de interesses de estudantes ao redor da pesquisa [&hellip;]<\/p>\n","protected":false},"featured_media":14333,"comment_status":"open","ping_status":"closed","template":"","meta":{"_joinchat":[]},"product_brand":[],"product_cat":[165,386],"product_tag":[],"class_list":{"0":"post-14330","1":"product","2":"type-product","3":"status-publish","4":"has-post-thumbnail","6":"product_cat-ebook","7":"product_cat-lancamento-e-book","8":"product_shipping_class-download","10":"first","11":"instock","12":"downloadable","13":"virtual","14":"purchasable","15":"product-type-simple"},"yoast_head":"<!-- This site is optimized with the Yoast SEO plugin v27.4 - https:\/\/yoast.com\/product\/yoast-seo-wordpress\/ -->\n<title>Trinta Anos do Programa de P\u00f3s-Gradua\u00e7\u00e3o em Letras da UEL - Pontes Editores<\/title>\n<meta name=\"robots\" content=\"index, follow, max-snippet:-1, max-image-preview:large, max-video-preview:-1\" \/>\n<link rel=\"canonical\" href=\"https:\/\/ponteseditores.com.br\/loja3\/pontes-editores-home-2__trashed\/ebook\/lancamento-e-book\/trinta-anos-do-programa-de-pos-graduacao-em-letras-da-uel\/\" \/>\n<meta property=\"og:locale\" content=\"pt_BR\" \/>\n<meta property=\"og:type\" content=\"article\" \/>\n<meta property=\"og:title\" content=\"Trinta Anos do Programa de P\u00f3s-Gradua\u00e7\u00e3o em Letras da UEL - Pontes Editores\" \/>\n<meta property=\"og:description\" content=\"\u201cSomos um programa pequeno em termos de n\u00famero de docentes, em que a diversidade de interesses e atua\u00e7\u00f5es no ensino e na pesquisa acaba por se tornar um \u00f3bice. Entretanto, \u00e9 nessa diferen\u00e7a que reside nossa maior qualidade, acredito. Ainda que os grupos de pesquisa sejam aglutina\u00e7\u00e3o de interesses de estudantes ao redor da pesquisa [&hellip;]\" \/>\n<meta property=\"og:url\" content=\"https:\/\/ponteseditores.com.br\/loja3\/pontes-editores-home-2__trashed\/ebook\/lancamento-e-book\/trinta-anos-do-programa-de-pos-graduacao-em-letras-da-uel\/\" \/>\n<meta property=\"og:site_name\" content=\"Pontes Editores\" \/>\n<meta property=\"article:modified_time\" content=\"2024-10-08T14:29:04+00:00\" \/>\n<meta property=\"og:image\" content=\"https:\/\/ponteseditores.com.br\/loja3\/wp-content\/uploads\/2024\/08\/Capa_Trinta_anos_Pos_graduacao.jpg\" \/>\n\t<meta property=\"og:image:width\" content=\"465\" \/>\n\t<meta property=\"og:image:height\" content=\"679\" \/>\n\t<meta property=\"og:image:type\" content=\"image\/jpeg\" \/>\n<meta name=\"twitter:card\" content=\"summary_large_image\" \/>\n<meta name=\"twitter:label1\" content=\"Est. tempo de leitura\" \/>\n\t<meta name=\"twitter:data1\" content=\"2 minutos\" \/>\n<script type=\"application\/ld+json\" class=\"yoast-schema-graph\">{\"@context\":\"https:\\\/\\\/schema.org\",\"@graph\":[{\"@type\":\"WebPage\",\"@id\":\"https:\\\/\\\/ponteseditores.com.br\\\/loja3\\\/pontes-editores-home-2__trashed\\\/ebook\\\/lancamento-e-book\\\/trinta-anos-do-programa-de-pos-graduacao-em-letras-da-uel\\\/\",\"url\":\"https:\\\/\\\/ponteseditores.com.br\\\/loja3\\\/pontes-editores-home-2__trashed\\\/ebook\\\/lancamento-e-book\\\/trinta-anos-do-programa-de-pos-graduacao-em-letras-da-uel\\\/\",\"name\":\"Trinta Anos do Programa de P\u00f3s-Gradua\u00e7\u00e3o em Letras da UEL - Pontes Editores\",\"isPartOf\":{\"@id\":\"https:\\\/\\\/ponteseditores.com.br\\\/loja3\\\/#website\"},\"primaryImageOfPage\":{\"@id\":\"https:\\\/\\\/ponteseditores.com.br\\\/loja3\\\/pontes-editores-home-2__trashed\\\/ebook\\\/lancamento-e-book\\\/trinta-anos-do-programa-de-pos-graduacao-em-letras-da-uel\\\/#primaryimage\"},\"image\":{\"@id\":\"https:\\\/\\\/ponteseditores.com.br\\\/loja3\\\/pontes-editores-home-2__trashed\\\/ebook\\\/lancamento-e-book\\\/trinta-anos-do-programa-de-pos-graduacao-em-letras-da-uel\\\/#primaryimage\"},\"thumbnailUrl\":\"https:\\\/\\\/ponteseditores.com.br\\\/loja3\\\/wp-content\\\/uploads\\\/2024\\\/08\\\/Capa_Trinta_anos_Pos_graduacao.jpg\",\"datePublished\":\"2024-08-02T14:17:26+00:00\",\"dateModified\":\"2024-10-08T14:29:04+00:00\",\"breadcrumb\":{\"@id\":\"https:\\\/\\\/ponteseditores.com.br\\\/loja3\\\/pontes-editores-home-2__trashed\\\/ebook\\\/lancamento-e-book\\\/trinta-anos-do-programa-de-pos-graduacao-em-letras-da-uel\\\/#breadcrumb\"},\"inLanguage\":\"pt-BR\",\"potentialAction\":[{\"@type\":\"ReadAction\",\"target\":[\"https:\\\/\\\/ponteseditores.com.br\\\/loja3\\\/pontes-editores-home-2__trashed\\\/ebook\\\/lancamento-e-book\\\/trinta-anos-do-programa-de-pos-graduacao-em-letras-da-uel\\\/\"]}]},{\"@type\":\"ImageObject\",\"inLanguage\":\"pt-BR\",\"@id\":\"https:\\\/\\\/ponteseditores.com.br\\\/loja3\\\/pontes-editores-home-2__trashed\\\/ebook\\\/lancamento-e-book\\\/trinta-anos-do-programa-de-pos-graduacao-em-letras-da-uel\\\/#primaryimage\",\"url\":\"https:\\\/\\\/ponteseditores.com.br\\\/loja3\\\/wp-content\\\/uploads\\\/2024\\\/08\\\/Capa_Trinta_anos_Pos_graduacao.jpg\",\"contentUrl\":\"https:\\\/\\\/ponteseditores.com.br\\\/loja3\\\/wp-content\\\/uploads\\\/2024\\\/08\\\/Capa_Trinta_anos_Pos_graduacao.jpg\",\"width\":465,\"height\":679},{\"@type\":\"BreadcrumbList\",\"@id\":\"https:\\\/\\\/ponteseditores.com.br\\\/loja3\\\/pontes-editores-home-2__trashed\\\/ebook\\\/lancamento-e-book\\\/trinta-anos-do-programa-de-pos-graduacao-em-letras-da-uel\\\/#breadcrumb\",\"itemListElement\":[{\"@type\":\"ListItem\",\"position\":1,\"name\":\"Home\",\"item\":\"https:\\\/\\\/ponteseditores.com.br\\\/loja3\\\/\"},{\"@type\":\"ListItem\",\"position\":2,\"name\":\"loja\",\"item\":\"https:\\\/\\\/ponteseditores.com.br\\\/loja3\\\/loja\\\/\"},{\"@type\":\"ListItem\",\"position\":3,\"name\":\"Trinta Anos do Programa de P\u00f3s-Gradua\u00e7\u00e3o em Letras da UEL\"}]},{\"@type\":\"WebSite\",\"@id\":\"https:\\\/\\\/ponteseditores.com.br\\\/loja3\\\/#website\",\"url\":\"https:\\\/\\\/ponteseditores.com.br\\\/loja3\\\/\",\"name\":\"Pontes Editores\",\"description\":\"Pontes Editores\",\"publisher\":{\"@id\":\"https:\\\/\\\/ponteseditores.com.br\\\/loja3\\\/#organization\"},\"potentialAction\":[{\"@type\":\"SearchAction\",\"target\":{\"@type\":\"EntryPoint\",\"urlTemplate\":\"https:\\\/\\\/ponteseditores.com.br\\\/loja3\\\/?s={search_term_string}\"},\"query-input\":{\"@type\":\"PropertyValueSpecification\",\"valueRequired\":true,\"valueName\":\"search_term_string\"}}],\"inLanguage\":\"pt-BR\"},{\"@type\":\"Organization\",\"@id\":\"https:\\\/\\\/ponteseditores.com.br\\\/loja3\\\/#organization\",\"name\":\"Pontes Editores\",\"url\":\"https:\\\/\\\/ponteseditores.com.br\\\/loja3\\\/\",\"logo\":{\"@type\":\"ImageObject\",\"inLanguage\":\"pt-BR\",\"@id\":\"https:\\\/\\\/ponteseditores.com.br\\\/loja3\\\/#\\\/schema\\\/logo\\\/image\\\/\",\"url\":\"https:\\\/\\\/ponteseditores.com.br\\\/loja3\\\/wp-content\\\/uploads\\\/2023\\\/12\\\/logo-pontes-editores-v2.png\",\"contentUrl\":\"https:\\\/\\\/ponteseditores.com.br\\\/loja3\\\/wp-content\\\/uploads\\\/2023\\\/12\\\/logo-pontes-editores-v2.png\",\"width\":258,\"height\":100,\"caption\":\"Pontes Editores\"},\"image\":{\"@id\":\"https:\\\/\\\/ponteseditores.com.br\\\/loja3\\\/#\\\/schema\\\/logo\\\/image\\\/\"}}]}<\/script>\n<!-- \/ Yoast SEO plugin. -->","yoast_head_json":{"title":"Trinta Anos do Programa de P\u00f3s-Gradua\u00e7\u00e3o em Letras da UEL - Pontes Editores","robots":{"index":"index","follow":"follow","max-snippet":"max-snippet:-1","max-image-preview":"max-image-preview:large","max-video-preview":"max-video-preview:-1"},"canonical":"https:\/\/ponteseditores.com.br\/loja3\/pontes-editores-home-2__trashed\/ebook\/lancamento-e-book\/trinta-anos-do-programa-de-pos-graduacao-em-letras-da-uel\/","og_locale":"pt_BR","og_type":"article","og_title":"Trinta Anos do Programa de P\u00f3s-Gradua\u00e7\u00e3o em Letras da UEL - Pontes Editores","og_description":"\u201cSomos um programa pequeno em termos de n\u00famero de docentes, em que a diversidade de interesses e atua\u00e7\u00f5es no ensino e na pesquisa acaba por se tornar um \u00f3bice. Entretanto, \u00e9 nessa diferen\u00e7a que reside nossa maior qualidade, acredito. Ainda que os grupos de pesquisa sejam aglutina\u00e7\u00e3o de interesses de estudantes ao redor da pesquisa [&hellip;]","og_url":"https:\/\/ponteseditores.com.br\/loja3\/pontes-editores-home-2__trashed\/ebook\/lancamento-e-book\/trinta-anos-do-programa-de-pos-graduacao-em-letras-da-uel\/","og_site_name":"Pontes Editores","article_modified_time":"2024-10-08T14:29:04+00:00","og_image":[{"width":465,"height":679,"url":"https:\/\/ponteseditores.com.br\/loja3\/wp-content\/uploads\/2024\/08\/Capa_Trinta_anos_Pos_graduacao.jpg","type":"image\/jpeg"}],"twitter_card":"summary_large_image","twitter_misc":{"Est. tempo de leitura":"2 minutos"},"schema":{"@context":"https:\/\/schema.org","@graph":[{"@type":"WebPage","@id":"https:\/\/ponteseditores.com.br\/loja3\/pontes-editores-home-2__trashed\/ebook\/lancamento-e-book\/trinta-anos-do-programa-de-pos-graduacao-em-letras-da-uel\/","url":"https:\/\/ponteseditores.com.br\/loja3\/pontes-editores-home-2__trashed\/ebook\/lancamento-e-book\/trinta-anos-do-programa-de-pos-graduacao-em-letras-da-uel\/","name":"Trinta Anos do Programa de P\u00f3s-Gradua\u00e7\u00e3o em Letras da UEL - Pontes Editores","isPartOf":{"@id":"https:\/\/ponteseditores.com.br\/loja3\/#website"},"primaryImageOfPage":{"@id":"https:\/\/ponteseditores.com.br\/loja3\/pontes-editores-home-2__trashed\/ebook\/lancamento-e-book\/trinta-anos-do-programa-de-pos-graduacao-em-letras-da-uel\/#primaryimage"},"image":{"@id":"https:\/\/ponteseditores.com.br\/loja3\/pontes-editores-home-2__trashed\/ebook\/lancamento-e-book\/trinta-anos-do-programa-de-pos-graduacao-em-letras-da-uel\/#primaryimage"},"thumbnailUrl":"https:\/\/ponteseditores.com.br\/loja3\/wp-content\/uploads\/2024\/08\/Capa_Trinta_anos_Pos_graduacao.jpg","datePublished":"2024-08-02T14:17:26+00:00","dateModified":"2024-10-08T14:29:04+00:00","breadcrumb":{"@id":"https:\/\/ponteseditores.com.br\/loja3\/pontes-editores-home-2__trashed\/ebook\/lancamento-e-book\/trinta-anos-do-programa-de-pos-graduacao-em-letras-da-uel\/#breadcrumb"},"inLanguage":"pt-BR","potentialAction":[{"@type":"ReadAction","target":["https:\/\/ponteseditores.com.br\/loja3\/pontes-editores-home-2__trashed\/ebook\/lancamento-e-book\/trinta-anos-do-programa-de-pos-graduacao-em-letras-da-uel\/"]}]},{"@type":"ImageObject","inLanguage":"pt-BR","@id":"https:\/\/ponteseditores.com.br\/loja3\/pontes-editores-home-2__trashed\/ebook\/lancamento-e-book\/trinta-anos-do-programa-de-pos-graduacao-em-letras-da-uel\/#primaryimage","url":"https:\/\/ponteseditores.com.br\/loja3\/wp-content\/uploads\/2024\/08\/Capa_Trinta_anos_Pos_graduacao.jpg","contentUrl":"https:\/\/ponteseditores.com.br\/loja3\/wp-content\/uploads\/2024\/08\/Capa_Trinta_anos_Pos_graduacao.jpg","width":465,"height":679},{"@type":"BreadcrumbList","@id":"https:\/\/ponteseditores.com.br\/loja3\/pontes-editores-home-2__trashed\/ebook\/lancamento-e-book\/trinta-anos-do-programa-de-pos-graduacao-em-letras-da-uel\/#breadcrumb","itemListElement":[{"@type":"ListItem","position":1,"name":"Home","item":"https:\/\/ponteseditores.com.br\/loja3\/"},{"@type":"ListItem","position":2,"name":"loja","item":"https:\/\/ponteseditores.com.br\/loja3\/loja\/"},{"@type":"ListItem","position":3,"name":"Trinta Anos do Programa de P\u00f3s-Gradua\u00e7\u00e3o em Letras da UEL"}]},{"@type":"WebSite","@id":"https:\/\/ponteseditores.com.br\/loja3\/#website","url":"https:\/\/ponteseditores.com.br\/loja3\/","name":"Pontes Editores","description":"Pontes Editores","publisher":{"@id":"https:\/\/ponteseditores.com.br\/loja3\/#organization"},"potentialAction":[{"@type":"SearchAction","target":{"@type":"EntryPoint","urlTemplate":"https:\/\/ponteseditores.com.br\/loja3\/?s={search_term_string}"},"query-input":{"@type":"PropertyValueSpecification","valueRequired":true,"valueName":"search_term_string"}}],"inLanguage":"pt-BR"},{"@type":"Organization","@id":"https:\/\/ponteseditores.com.br\/loja3\/#organization","name":"Pontes Editores","url":"https:\/\/ponteseditores.com.br\/loja3\/","logo":{"@type":"ImageObject","inLanguage":"pt-BR","@id":"https:\/\/ponteseditores.com.br\/loja3\/#\/schema\/logo\/image\/","url":"https:\/\/ponteseditores.com.br\/loja3\/wp-content\/uploads\/2023\/12\/logo-pontes-editores-v2.png","contentUrl":"https:\/\/ponteseditores.com.br\/loja3\/wp-content\/uploads\/2023\/12\/logo-pontes-editores-v2.png","width":258,"height":100,"caption":"Pontes Editores"},"image":{"@id":"https:\/\/ponteseditores.com.br\/loja3\/#\/schema\/logo\/image\/"}}]}},"_links":{"self":[{"href":"https:\/\/ponteseditores.com.br\/loja3\/wp-json\/wp\/v2\/product\/14330","targetHints":{"allow":["GET"]}}],"collection":[{"href":"https:\/\/ponteseditores.com.br\/loja3\/wp-json\/wp\/v2\/product"}],"about":[{"href":"https:\/\/ponteseditores.com.br\/loja3\/wp-json\/wp\/v2\/types\/product"}],"replies":[{"embeddable":true,"href":"https:\/\/ponteseditores.com.br\/loja3\/wp-json\/wp\/v2\/comments?post=14330"}],"version-history":[{"count":0,"href":"https:\/\/ponteseditores.com.br\/loja3\/wp-json\/wp\/v2\/product\/14330\/revisions"}],"wp:featuredmedia":[{"embeddable":true,"href":"https:\/\/ponteseditores.com.br\/loja3\/wp-json\/wp\/v2\/media\/14333"}],"wp:attachment":[{"href":"https:\/\/ponteseditores.com.br\/loja3\/wp-json\/wp\/v2\/media?parent=14330"}],"wp:term":[{"taxonomy":"product_brand","embeddable":true,"href":"https:\/\/ponteseditores.com.br\/loja3\/wp-json\/wp\/v2\/product_brand?post=14330"},{"taxonomy":"product_cat","embeddable":true,"href":"https:\/\/ponteseditores.com.br\/loja3\/wp-json\/wp\/v2\/product_cat?post=14330"},{"taxonomy":"product_tag","embeddable":true,"href":"https:\/\/ponteseditores.com.br\/loja3\/wp-json\/wp\/v2\/product_tag?post=14330"}],"curies":[{"name":"wp","href":"https:\/\/api.w.org\/{rel}","templated":true}]}}