{"id":14223,"date":"2024-07-29T10:56:09","date_gmt":"2024-07-29T13:56:09","guid":{"rendered":"https:\/\/ponteseditores.com.br\/loja3\/?post_type=product&#038;p=14223"},"modified":"2024-07-29T10:56:09","modified_gmt":"2024-07-29T13:56:09","slug":"generos-na-pratica-pedagogica-dialogos-entre-escolas-e-universidades","status":"publish","type":"product","link":"https:\/\/ponteseditores.com.br\/loja3\/pontes-editores-home-2__trashed\/linguistica\/generos-na-pratica-pedagogica-dialogos-entre-escolas-e-universidades\/","title":{"rendered":"G\u00eaneros na pr\u00e1tica pedag\u00f3gica Di\u00e1logos entre escolas e universidades"},"content":{"rendered":"<table style=\"height: 419px;\" width=\"1328\">\n<tbody>\n<tr>\n<td width=\"594\">O t\u00edtulo deste livro, G\u00eaneros na Pr\u00e1tica Pedag\u00f3gica: Di\u00e1logos entre Escolas e Universidades, j\u00e1 antecipa para o leitor os rumos que as reflex\u00f5es v\u00e3o tomar. N\u00e3o se trata de mais um livro a abordar processos de ensino-aprendizagem dos g\u00eaneros, embora toda publica\u00e7\u00e3o nessa perspectiva seja sempre bem vinda, mas ele vai adiante. Os autores, al\u00e9m de analisarem experi\u00eancias pedag\u00f3gicas bem sucedidas em sala de aula, abrem espa\u00e7o para o protagonismo de professores da educa\u00e7\u00e3o b\u00e1sica que, pouco a pouco, v\u00e3o se apropriando de teorias e metodologias, antes restritas ao contexto universit\u00e1rio, e passam a reconfigurar sua pr\u00f3pria pr\u00e1tica docente.<\/p>\n<p>Outro resultado que fica subjacente nas an\u00e1lises empreendidas refere-se \u00e0s pol\u00edticas afirmativas de forma\u00e7\u00e3o continuada implementadas com o Mestrado Profissional pelo pa\u00eds afora. Tais iniciativas t\u00eam permitido, de fato, o di\u00e1logo entre escola e academia, conforme anunciado no t\u00edtulo desta colet\u00e2nea. Com essa leitura, as interlocu\u00e7\u00f5es com professores da educa\u00e7\u00e3o b\u00e1sica tendem a se intensificar ainda mais na medida em que considero esse p\u00fablico como os leitores privilegiados dos trabalhos aqui reunidos. Assim, est\u00e3o todos de parab\u00e9ns: organizadores, autores e professores em forma\u00e7\u00e3o.<\/td>\n<\/tr>\n<\/tbody>\n<\/table>\n","protected":false},"excerpt":{"rendered":"<p>O t\u00edtulo deste livro, G\u00eaneros na Pr\u00e1tica Pedag\u00f3gica: Di\u00e1logos entre Escolas e Universidades, j\u00e1 antecipa para o leitor os rumos que as reflex\u00f5es v\u00e3o tomar. N\u00e3o se trata de mais um livro a abordar processos de ensino-aprendizagem dos g\u00eaneros, embora toda publica\u00e7\u00e3o nessa perspectiva seja sempre bem vinda, mas ele vai adiante. Os autores, al\u00e9m [&hellip;]<\/p>\n","protected":false},"featured_media":14224,"comment_status":"open","ping_status":"closed","template":"","meta":{"_joinchat":[]},"product_brand":[],"product_cat":[31],"product_tag":[],"class_list":{"0":"post-14223","1":"product","2":"type-product","3":"status-publish","4":"has-post-thumbnail","6":"product_cat-linguistica","8":"first","9":"instock","10":"shipping-taxable","11":"purchasable","12":"product-type-simple"},"yoast_head":"<!-- This site is optimized with the Yoast SEO plugin v27.4 - https:\/\/yoast.com\/product\/yoast-seo-wordpress\/ -->\n<title>G\u00eaneros na pr\u00e1tica pedag\u00f3gica Di\u00e1logos entre escolas e universidades - Pontes Editores<\/title>\n<meta name=\"robots\" content=\"index, follow, max-snippet:-1, max-image-preview:large, max-video-preview:-1\" \/>\n<link rel=\"canonical\" href=\"https:\/\/ponteseditores.com.br\/loja3\/pontes-editores-home-2__trashed\/linguistica\/generos-na-pratica-pedagogica-dialogos-entre-escolas-e-universidades\/\" \/>\n<meta property=\"og:locale\" content=\"pt_BR\" \/>\n<meta property=\"og:type\" content=\"article\" \/>\n<meta property=\"og:title\" content=\"G\u00eaneros na pr\u00e1tica pedag\u00f3gica Di\u00e1logos entre escolas e universidades - Pontes Editores\" \/>\n<meta property=\"og:description\" content=\"O t\u00edtulo deste livro, G\u00eaneros na Pr\u00e1tica Pedag\u00f3gica: Di\u00e1logos entre Escolas e Universidades, j\u00e1 antecipa para o leitor os rumos que as reflex\u00f5es v\u00e3o tomar. N\u00e3o se trata de mais um livro a abordar processos de ensino-aprendizagem dos g\u00eaneros, embora toda publica\u00e7\u00e3o nessa perspectiva seja sempre bem vinda, mas ele vai adiante. Os autores, al\u00e9m [&hellip;]\" \/>\n<meta property=\"og:url\" content=\"https:\/\/ponteseditores.com.br\/loja3\/pontes-editores-home-2__trashed\/linguistica\/generos-na-pratica-pedagogica-dialogos-entre-escolas-e-universidades\/\" \/>\n<meta property=\"og:site_name\" content=\"Pontes Editores\" \/>\n<meta property=\"og:image\" content=\"https:\/\/ponteseditores.com.br\/loja3\/wp-content\/uploads\/2024\/07\/generos-na-pratica-pedagogica-capa.jpg\" \/>\n\t<meta property=\"og:image:width\" content=\"515\" \/>\n\t<meta property=\"og:image:height\" content=\"768\" \/>\n\t<meta property=\"og:image:type\" content=\"image\/jpeg\" \/>\n<meta name=\"twitter:card\" content=\"summary_large_image\" \/>\n<meta name=\"twitter:label1\" content=\"Est. tempo de leitura\" \/>\n\t<meta name=\"twitter:data1\" content=\"2 minutos\" \/>\n<script type=\"application\/ld+json\" class=\"yoast-schema-graph\">{\"@context\":\"https:\\\/\\\/schema.org\",\"@graph\":[{\"@type\":\"WebPage\",\"@id\":\"https:\\\/\\\/ponteseditores.com.br\\\/loja3\\\/pontes-editores-home-2__trashed\\\/linguistica\\\/generos-na-pratica-pedagogica-dialogos-entre-escolas-e-universidades\\\/\",\"url\":\"https:\\\/\\\/ponteseditores.com.br\\\/loja3\\\/pontes-editores-home-2__trashed\\\/linguistica\\\/generos-na-pratica-pedagogica-dialogos-entre-escolas-e-universidades\\\/\",\"name\":\"G\u00eaneros na pr\u00e1tica pedag\u00f3gica Di\u00e1logos entre escolas e universidades - Pontes Editores\",\"isPartOf\":{\"@id\":\"https:\\\/\\\/ponteseditores.com.br\\\/loja3\\\/#website\"},\"primaryImageOfPage\":{\"@id\":\"https:\\\/\\\/ponteseditores.com.br\\\/loja3\\\/pontes-editores-home-2__trashed\\\/linguistica\\\/generos-na-pratica-pedagogica-dialogos-entre-escolas-e-universidades\\\/#primaryimage\"},\"image\":{\"@id\":\"https:\\\/\\\/ponteseditores.com.br\\\/loja3\\\/pontes-editores-home-2__trashed\\\/linguistica\\\/generos-na-pratica-pedagogica-dialogos-entre-escolas-e-universidades\\\/#primaryimage\"},\"thumbnailUrl\":\"https:\\\/\\\/ponteseditores.com.br\\\/loja3\\\/wp-content\\\/uploads\\\/2024\\\/07\\\/generos-na-pratica-pedagogica-capa.jpg\",\"datePublished\":\"2024-07-29T13:56:09+00:00\",\"breadcrumb\":{\"@id\":\"https:\\\/\\\/ponteseditores.com.br\\\/loja3\\\/pontes-editores-home-2__trashed\\\/linguistica\\\/generos-na-pratica-pedagogica-dialogos-entre-escolas-e-universidades\\\/#breadcrumb\"},\"inLanguage\":\"pt-BR\",\"potentialAction\":[{\"@type\":\"ReadAction\",\"target\":[\"https:\\\/\\\/ponteseditores.com.br\\\/loja3\\\/pontes-editores-home-2__trashed\\\/linguistica\\\/generos-na-pratica-pedagogica-dialogos-entre-escolas-e-universidades\\\/\"]}]},{\"@type\":\"ImageObject\",\"inLanguage\":\"pt-BR\",\"@id\":\"https:\\\/\\\/ponteseditores.com.br\\\/loja3\\\/pontes-editores-home-2__trashed\\\/linguistica\\\/generos-na-pratica-pedagogica-dialogos-entre-escolas-e-universidades\\\/#primaryimage\",\"url\":\"https:\\\/\\\/ponteseditores.com.br\\\/loja3\\\/wp-content\\\/uploads\\\/2024\\\/07\\\/generos-na-pratica-pedagogica-capa.jpg\",\"contentUrl\":\"https:\\\/\\\/ponteseditores.com.br\\\/loja3\\\/wp-content\\\/uploads\\\/2024\\\/07\\\/generos-na-pratica-pedagogica-capa.jpg\",\"width\":515,\"height\":768},{\"@type\":\"BreadcrumbList\",\"@id\":\"https:\\\/\\\/ponteseditores.com.br\\\/loja3\\\/pontes-editores-home-2__trashed\\\/linguistica\\\/generos-na-pratica-pedagogica-dialogos-entre-escolas-e-universidades\\\/#breadcrumb\",\"itemListElement\":[{\"@type\":\"ListItem\",\"position\":1,\"name\":\"Home\",\"item\":\"https:\\\/\\\/ponteseditores.com.br\\\/loja3\\\/\"},{\"@type\":\"ListItem\",\"position\":2,\"name\":\"loja\",\"item\":\"https:\\\/\\\/ponteseditores.com.br\\\/loja3\\\/loja\\\/\"},{\"@type\":\"ListItem\",\"position\":3,\"name\":\"G\u00eaneros na pr\u00e1tica pedag\u00f3gica Di\u00e1logos entre escolas e universidades\"}]},{\"@type\":\"WebSite\",\"@id\":\"https:\\\/\\\/ponteseditores.com.br\\\/loja3\\\/#website\",\"url\":\"https:\\\/\\\/ponteseditores.com.br\\\/loja3\\\/\",\"name\":\"Pontes Editores\",\"description\":\"Pontes Editores\",\"publisher\":{\"@id\":\"https:\\\/\\\/ponteseditores.com.br\\\/loja3\\\/#organization\"},\"potentialAction\":[{\"@type\":\"SearchAction\",\"target\":{\"@type\":\"EntryPoint\",\"urlTemplate\":\"https:\\\/\\\/ponteseditores.com.br\\\/loja3\\\/?s={search_term_string}\"},\"query-input\":{\"@type\":\"PropertyValueSpecification\",\"valueRequired\":true,\"valueName\":\"search_term_string\"}}],\"inLanguage\":\"pt-BR\"},{\"@type\":\"Organization\",\"@id\":\"https:\\\/\\\/ponteseditores.com.br\\\/loja3\\\/#organization\",\"name\":\"Pontes Editores\",\"url\":\"https:\\\/\\\/ponteseditores.com.br\\\/loja3\\\/\",\"logo\":{\"@type\":\"ImageObject\",\"inLanguage\":\"pt-BR\",\"@id\":\"https:\\\/\\\/ponteseditores.com.br\\\/loja3\\\/#\\\/schema\\\/logo\\\/image\\\/\",\"url\":\"https:\\\/\\\/ponteseditores.com.br\\\/loja3\\\/wp-content\\\/uploads\\\/2023\\\/12\\\/logo-pontes-editores-v2.png\",\"contentUrl\":\"https:\\\/\\\/ponteseditores.com.br\\\/loja3\\\/wp-content\\\/uploads\\\/2023\\\/12\\\/logo-pontes-editores-v2.png\",\"width\":258,\"height\":100,\"caption\":\"Pontes Editores\"},\"image\":{\"@id\":\"https:\\\/\\\/ponteseditores.com.br\\\/loja3\\\/#\\\/schema\\\/logo\\\/image\\\/\"}}]}<\/script>\n<!-- \/ Yoast SEO plugin. -->","yoast_head_json":{"title":"G\u00eaneros na pr\u00e1tica pedag\u00f3gica Di\u00e1logos entre escolas e universidades - Pontes Editores","robots":{"index":"index","follow":"follow","max-snippet":"max-snippet:-1","max-image-preview":"max-image-preview:large","max-video-preview":"max-video-preview:-1"},"canonical":"https:\/\/ponteseditores.com.br\/loja3\/pontes-editores-home-2__trashed\/linguistica\/generos-na-pratica-pedagogica-dialogos-entre-escolas-e-universidades\/","og_locale":"pt_BR","og_type":"article","og_title":"G\u00eaneros na pr\u00e1tica pedag\u00f3gica Di\u00e1logos entre escolas e universidades - Pontes Editores","og_description":"O t\u00edtulo deste livro, G\u00eaneros na Pr\u00e1tica Pedag\u00f3gica: Di\u00e1logos entre Escolas e Universidades, j\u00e1 antecipa para o leitor os rumos que as reflex\u00f5es v\u00e3o tomar. N\u00e3o se trata de mais um livro a abordar processos de ensino-aprendizagem dos g\u00eaneros, embora toda publica\u00e7\u00e3o nessa perspectiva seja sempre bem vinda, mas ele vai adiante. Os autores, al\u00e9m [&hellip;]","og_url":"https:\/\/ponteseditores.com.br\/loja3\/pontes-editores-home-2__trashed\/linguistica\/generos-na-pratica-pedagogica-dialogos-entre-escolas-e-universidades\/","og_site_name":"Pontes Editores","og_image":[{"width":515,"height":768,"url":"https:\/\/ponteseditores.com.br\/loja3\/wp-content\/uploads\/2024\/07\/generos-na-pratica-pedagogica-capa.jpg","type":"image\/jpeg"}],"twitter_card":"summary_large_image","twitter_misc":{"Est. tempo de leitura":"2 minutos"},"schema":{"@context":"https:\/\/schema.org","@graph":[{"@type":"WebPage","@id":"https:\/\/ponteseditores.com.br\/loja3\/pontes-editores-home-2__trashed\/linguistica\/generos-na-pratica-pedagogica-dialogos-entre-escolas-e-universidades\/","url":"https:\/\/ponteseditores.com.br\/loja3\/pontes-editores-home-2__trashed\/linguistica\/generos-na-pratica-pedagogica-dialogos-entre-escolas-e-universidades\/","name":"G\u00eaneros na pr\u00e1tica pedag\u00f3gica Di\u00e1logos entre escolas e universidades - Pontes Editores","isPartOf":{"@id":"https:\/\/ponteseditores.com.br\/loja3\/#website"},"primaryImageOfPage":{"@id":"https:\/\/ponteseditores.com.br\/loja3\/pontes-editores-home-2__trashed\/linguistica\/generos-na-pratica-pedagogica-dialogos-entre-escolas-e-universidades\/#primaryimage"},"image":{"@id":"https:\/\/ponteseditores.com.br\/loja3\/pontes-editores-home-2__trashed\/linguistica\/generos-na-pratica-pedagogica-dialogos-entre-escolas-e-universidades\/#primaryimage"},"thumbnailUrl":"https:\/\/ponteseditores.com.br\/loja3\/wp-content\/uploads\/2024\/07\/generos-na-pratica-pedagogica-capa.jpg","datePublished":"2024-07-29T13:56:09+00:00","breadcrumb":{"@id":"https:\/\/ponteseditores.com.br\/loja3\/pontes-editores-home-2__trashed\/linguistica\/generos-na-pratica-pedagogica-dialogos-entre-escolas-e-universidades\/#breadcrumb"},"inLanguage":"pt-BR","potentialAction":[{"@type":"ReadAction","target":["https:\/\/ponteseditores.com.br\/loja3\/pontes-editores-home-2__trashed\/linguistica\/generos-na-pratica-pedagogica-dialogos-entre-escolas-e-universidades\/"]}]},{"@type":"ImageObject","inLanguage":"pt-BR","@id":"https:\/\/ponteseditores.com.br\/loja3\/pontes-editores-home-2__trashed\/linguistica\/generos-na-pratica-pedagogica-dialogos-entre-escolas-e-universidades\/#primaryimage","url":"https:\/\/ponteseditores.com.br\/loja3\/wp-content\/uploads\/2024\/07\/generos-na-pratica-pedagogica-capa.jpg","contentUrl":"https:\/\/ponteseditores.com.br\/loja3\/wp-content\/uploads\/2024\/07\/generos-na-pratica-pedagogica-capa.jpg","width":515,"height":768},{"@type":"BreadcrumbList","@id":"https:\/\/ponteseditores.com.br\/loja3\/pontes-editores-home-2__trashed\/linguistica\/generos-na-pratica-pedagogica-dialogos-entre-escolas-e-universidades\/#breadcrumb","itemListElement":[{"@type":"ListItem","position":1,"name":"Home","item":"https:\/\/ponteseditores.com.br\/loja3\/"},{"@type":"ListItem","position":2,"name":"loja","item":"https:\/\/ponteseditores.com.br\/loja3\/loja\/"},{"@type":"ListItem","position":3,"name":"G\u00eaneros na pr\u00e1tica pedag\u00f3gica Di\u00e1logos entre escolas e universidades"}]},{"@type":"WebSite","@id":"https:\/\/ponteseditores.com.br\/loja3\/#website","url":"https:\/\/ponteseditores.com.br\/loja3\/","name":"Pontes Editores","description":"Pontes Editores","publisher":{"@id":"https:\/\/ponteseditores.com.br\/loja3\/#organization"},"potentialAction":[{"@type":"SearchAction","target":{"@type":"EntryPoint","urlTemplate":"https:\/\/ponteseditores.com.br\/loja3\/?s={search_term_string}"},"query-input":{"@type":"PropertyValueSpecification","valueRequired":true,"valueName":"search_term_string"}}],"inLanguage":"pt-BR"},{"@type":"Organization","@id":"https:\/\/ponteseditores.com.br\/loja3\/#organization","name":"Pontes Editores","url":"https:\/\/ponteseditores.com.br\/loja3\/","logo":{"@type":"ImageObject","inLanguage":"pt-BR","@id":"https:\/\/ponteseditores.com.br\/loja3\/#\/schema\/logo\/image\/","url":"https:\/\/ponteseditores.com.br\/loja3\/wp-content\/uploads\/2023\/12\/logo-pontes-editores-v2.png","contentUrl":"https:\/\/ponteseditores.com.br\/loja3\/wp-content\/uploads\/2023\/12\/logo-pontes-editores-v2.png","width":258,"height":100,"caption":"Pontes Editores"},"image":{"@id":"https:\/\/ponteseditores.com.br\/loja3\/#\/schema\/logo\/image\/"}}]}},"_links":{"self":[{"href":"https:\/\/ponteseditores.com.br\/loja3\/wp-json\/wp\/v2\/product\/14223","targetHints":{"allow":["GET"]}}],"collection":[{"href":"https:\/\/ponteseditores.com.br\/loja3\/wp-json\/wp\/v2\/product"}],"about":[{"href":"https:\/\/ponteseditores.com.br\/loja3\/wp-json\/wp\/v2\/types\/product"}],"replies":[{"embeddable":true,"href":"https:\/\/ponteseditores.com.br\/loja3\/wp-json\/wp\/v2\/comments?post=14223"}],"version-history":[{"count":0,"href":"https:\/\/ponteseditores.com.br\/loja3\/wp-json\/wp\/v2\/product\/14223\/revisions"}],"wp:featuredmedia":[{"embeddable":true,"href":"https:\/\/ponteseditores.com.br\/loja3\/wp-json\/wp\/v2\/media\/14224"}],"wp:attachment":[{"href":"https:\/\/ponteseditores.com.br\/loja3\/wp-json\/wp\/v2\/media?parent=14223"}],"wp:term":[{"taxonomy":"product_brand","embeddable":true,"href":"https:\/\/ponteseditores.com.br\/loja3\/wp-json\/wp\/v2\/product_brand?post=14223"},{"taxonomy":"product_cat","embeddable":true,"href":"https:\/\/ponteseditores.com.br\/loja3\/wp-json\/wp\/v2\/product_cat?post=14223"},{"taxonomy":"product_tag","embeddable":true,"href":"https:\/\/ponteseditores.com.br\/loja3\/wp-json\/wp\/v2\/product_tag?post=14223"}],"curies":[{"name":"wp","href":"https:\/\/api.w.org\/{rel}","templated":true}]}}