{"id":14150,"date":"2024-07-25T10:24:00","date_gmt":"2024-07-25T13:24:00","guid":{"rendered":"https:\/\/ponteseditores.com.br\/loja3\/?post_type=product&#038;p=14150"},"modified":"2024-11-01T15:53:39","modified_gmt":"2024-11-01T18:53:39","slug":"retorica-argumentacao-e-emocoes-itinerarios-convergentes","status":"publish","type":"product","link":"https:\/\/ponteseditores.com.br\/loja3\/pontes-editores-home-2__trashed\/linguistica\/retorica-argumentacao-e-emocoes-itinerarios-convergentes\/","title":{"rendered":"Ret\u00f3rica, argumenta\u00e7\u00e3o e emo\u00e7\u00f5es: itiner\u00e1rios convergentes"},"content":{"rendered":"<p>Como se pode notar [nos textos componentes do livro], as investiga\u00e7\u00f5es sobre o assunto se desenvolveram, consideravelmente, no campo da argumenta\u00e7\u00e3o no discurso, mas ainda h\u00e1 importantes veredas a serem abertas. Nessa dire\u00e7\u00e3o, com a obra ora apresentada e com os futuros eventos que o RETORAR continuar\u00e1 a promover, objetivamos contribuir com o desenvolvimento de pesquisas sobre o assunto, as quais podem apoiar a melhor compreens\u00e3o das sociedades contempor\u00e2neas, considerando-se que somos atravessados pelas emo\u00e7\u00f5es. Ademais, a interrela\u00e7\u00e3o estabelecida no t\u00edtulo da obra entre \u201cret\u00f3rica\u201d, \u201cargumenta\u00e7\u00e3o\u201d e \u201cemo\u00e7\u00f5es\u201d nos parece fundamental, uma vez que a heran\u00e7a cl\u00e1ssica ainda tem muito a nos oferecer, sem anacronismos. Ainda no t\u00edtulo deste livro, o adjetivo \u201cconvergentes\u201d \u00e9 representativo dos cap\u00edtulos componentes da obra, uma vez que os pesquisadores convidados a se debru\u00e7ar sobre esse tema adotaram perspectivas diversas para o exame do componente emocional no discurso.<\/p>\n<p>Exploraram, em sua pluralidade, n\u00e3o s\u00f3 os campos da ret\u00f3rica e da argumenta\u00e7\u00e3o, mas tamb\u00e9m da an\u00e1lise do discurso francesa, da teoria semi\u00f3tica do discurso, da semiolingu\u00edstica etc. Nesse sentido, demonstra-se a fecundidade deste tema, que, longe de apresentar um consenso te\u00f3rico-metodol\u00f3gico, ratifica justamente sua riqueza.<\/p>\n<p>Helcira Lima<\/p>\n<p>Raquel Abreu-Aoki<\/p>\n<p>Renan Mazzola<\/p>\n<p>(Organizadores)<\/p>\n<p><strong>Contribui\u00e7\u00f5es:\u00a0<\/strong><\/p>\n<p>Maria Cec\u00edlia de Miranda Nogueira Coelho (pref\u00e1cio), \u00a0Helcira Maria Rodrigues de Lima, Raquel Abreu-Aoki,\u00a0Renan Mazzola (apresenta\u00e7\u00e3o) \u00a0e cap\u00edtulos de:\u00a0Christian Plantin,\u00a0Helcira Lima,\u00a0Maria Alejandra Vitale,\u00a0Renan Mazzola,\u00a0Raquel Abreu-Aoki,\u00a0F\u00e1bio \u00c1vila Arcanjo,\u00a0Luciano Magnoni Tocaia,\u00a0Maria Fl\u00e1via Figueiredo,\u00a0Rodrigo Seixas,\u00a0Rubens Damasceno-Morais,\u00a0Leandro Moura,\u00a0Pedro Leonel,\u00a0Bruna Carvalho Zarattini,\u00a0S\u00edlvia Raquel B. Castelo Branco,\u00a0B\u00e1rbara Tuanni Veloso da Silva,\u00a0Gabriel Campos Fernandino<\/p>\n<p>&nbsp;<\/p>\n","protected":false},"excerpt":{"rendered":"<p>Como se pode notar [nos textos componentes do livro], as investiga\u00e7\u00f5es sobre o assunto se desenvolveram, consideravelmente, no campo da argumenta\u00e7\u00e3o no discurso, mas ainda h\u00e1 importantes veredas a serem abertas. Nessa dire\u00e7\u00e3o, com a obra ora apresentada e com os futuros eventos que o RETORAR continuar\u00e1 a promover, objetivamos contribuir com o desenvolvimento de [&hellip;]<\/p>\n","protected":false},"featured_media":14151,"comment_status":"open","ping_status":"closed","template":"","meta":{"_joinchat":[]},"product_brand":[],"product_cat":[167,31],"product_tag":[],"class_list":{"0":"post-14150","1":"product","2":"type-product","3":"status-publish","4":"has-post-thumbnail","6":"product_cat-lancamento","7":"product_cat-linguistica","9":"first","10":"instock","11":"shipping-taxable","12":"purchasable","13":"product-type-simple"},"yoast_head":"<!-- This site is optimized with the Yoast SEO plugin v27.3 - https:\/\/yoast.com\/product\/yoast-seo-wordpress\/ -->\n<title>Ret\u00f3rica, argumenta\u00e7\u00e3o e emo\u00e7\u00f5es: itiner\u00e1rios convergentes - Pontes Editores<\/title>\n<meta name=\"robots\" content=\"index, follow, max-snippet:-1, max-image-preview:large, max-video-preview:-1\" \/>\n<link rel=\"canonical\" href=\"https:\/\/ponteseditores.com.br\/loja3\/pontes-editores-home-2__trashed\/linguistica\/retorica-argumentacao-e-emocoes-itinerarios-convergentes\/\" \/>\n<meta property=\"og:locale\" content=\"pt_BR\" \/>\n<meta property=\"og:type\" content=\"article\" \/>\n<meta property=\"og:title\" content=\"Ret\u00f3rica, argumenta\u00e7\u00e3o e emo\u00e7\u00f5es: itiner\u00e1rios convergentes - Pontes Editores\" \/>\n<meta property=\"og:description\" content=\"Como se pode notar [nos textos componentes do livro], as investiga\u00e7\u00f5es sobre o assunto se desenvolveram, consideravelmente, no campo da argumenta\u00e7\u00e3o no discurso, mas ainda h\u00e1 importantes veredas a serem abertas. Nessa dire\u00e7\u00e3o, com a obra ora apresentada e com os futuros eventos que o RETORAR continuar\u00e1 a promover, objetivamos contribuir com o desenvolvimento de [&hellip;]\" \/>\n<meta property=\"og:url\" content=\"https:\/\/ponteseditores.com.br\/loja3\/pontes-editores-home-2__trashed\/linguistica\/retorica-argumentacao-e-emocoes-itinerarios-convergentes\/\" \/>\n<meta property=\"og:site_name\" content=\"Pontes Editores\" \/>\n<meta property=\"article:modified_time\" content=\"2024-11-01T18:53:39+00:00\" \/>\n<meta property=\"og:image\" content=\"https:\/\/ponteseditores.com.br\/loja3\/wp-content\/uploads\/2024\/07\/Capa_Retorica_Argumentacao.jpg\" \/>\n\t<meta property=\"og:image:width\" content=\"456\" \/>\n\t<meta property=\"og:image:height\" content=\"661\" \/>\n\t<meta property=\"og:image:type\" content=\"image\/jpeg\" \/>\n<meta name=\"twitter:card\" content=\"summary_large_image\" \/>\n<meta name=\"twitter:label1\" content=\"Est. tempo de leitura\" \/>\n\t<meta name=\"twitter:data1\" content=\"2 minutos\" \/>\n<script type=\"application\/ld+json\" class=\"yoast-schema-graph\">{\"@context\":\"https:\\\/\\\/schema.org\",\"@graph\":[{\"@type\":\"WebPage\",\"@id\":\"https:\\\/\\\/ponteseditores.com.br\\\/loja3\\\/pontes-editores-home-2__trashed\\\/linguistica\\\/retorica-argumentacao-e-emocoes-itinerarios-convergentes\\\/\",\"url\":\"https:\\\/\\\/ponteseditores.com.br\\\/loja3\\\/pontes-editores-home-2__trashed\\\/linguistica\\\/retorica-argumentacao-e-emocoes-itinerarios-convergentes\\\/\",\"name\":\"Ret\u00f3rica, argumenta\u00e7\u00e3o e emo\u00e7\u00f5es: itiner\u00e1rios convergentes - Pontes Editores\",\"isPartOf\":{\"@id\":\"https:\\\/\\\/ponteseditores.com.br\\\/loja3\\\/#website\"},\"primaryImageOfPage\":{\"@id\":\"https:\\\/\\\/ponteseditores.com.br\\\/loja3\\\/pontes-editores-home-2__trashed\\\/linguistica\\\/retorica-argumentacao-e-emocoes-itinerarios-convergentes\\\/#primaryimage\"},\"image\":{\"@id\":\"https:\\\/\\\/ponteseditores.com.br\\\/loja3\\\/pontes-editores-home-2__trashed\\\/linguistica\\\/retorica-argumentacao-e-emocoes-itinerarios-convergentes\\\/#primaryimage\"},\"thumbnailUrl\":\"https:\\\/\\\/ponteseditores.com.br\\\/loja3\\\/wp-content\\\/uploads\\\/2024\\\/07\\\/Capa_Retorica_Argumentacao.jpg\",\"datePublished\":\"2024-07-25T13:24:00+00:00\",\"dateModified\":\"2024-11-01T18:53:39+00:00\",\"breadcrumb\":{\"@id\":\"https:\\\/\\\/ponteseditores.com.br\\\/loja3\\\/pontes-editores-home-2__trashed\\\/linguistica\\\/retorica-argumentacao-e-emocoes-itinerarios-convergentes\\\/#breadcrumb\"},\"inLanguage\":\"pt-BR\",\"potentialAction\":[{\"@type\":\"ReadAction\",\"target\":[\"https:\\\/\\\/ponteseditores.com.br\\\/loja3\\\/pontes-editores-home-2__trashed\\\/linguistica\\\/retorica-argumentacao-e-emocoes-itinerarios-convergentes\\\/\"]}]},{\"@type\":\"ImageObject\",\"inLanguage\":\"pt-BR\",\"@id\":\"https:\\\/\\\/ponteseditores.com.br\\\/loja3\\\/pontes-editores-home-2__trashed\\\/linguistica\\\/retorica-argumentacao-e-emocoes-itinerarios-convergentes\\\/#primaryimage\",\"url\":\"https:\\\/\\\/ponteseditores.com.br\\\/loja3\\\/wp-content\\\/uploads\\\/2024\\\/07\\\/Capa_Retorica_Argumentacao.jpg\",\"contentUrl\":\"https:\\\/\\\/ponteseditores.com.br\\\/loja3\\\/wp-content\\\/uploads\\\/2024\\\/07\\\/Capa_Retorica_Argumentacao.jpg\",\"width\":456,\"height\":661},{\"@type\":\"BreadcrumbList\",\"@id\":\"https:\\\/\\\/ponteseditores.com.br\\\/loja3\\\/pontes-editores-home-2__trashed\\\/linguistica\\\/retorica-argumentacao-e-emocoes-itinerarios-convergentes\\\/#breadcrumb\",\"itemListElement\":[{\"@type\":\"ListItem\",\"position\":1,\"name\":\"Home\",\"item\":\"https:\\\/\\\/ponteseditores.com.br\\\/loja3\\\/\"},{\"@type\":\"ListItem\",\"position\":2,\"name\":\"loja\",\"item\":\"https:\\\/\\\/ponteseditores.com.br\\\/loja3\\\/loja\\\/\"},{\"@type\":\"ListItem\",\"position\":3,\"name\":\"Ret\u00f3rica, argumenta\u00e7\u00e3o e emo\u00e7\u00f5es: itiner\u00e1rios convergentes\"}]},{\"@type\":\"WebSite\",\"@id\":\"https:\\\/\\\/ponteseditores.com.br\\\/loja3\\\/#website\",\"url\":\"https:\\\/\\\/ponteseditores.com.br\\\/loja3\\\/\",\"name\":\"Pontes Editores\",\"description\":\"Pontes Editores\",\"publisher\":{\"@id\":\"https:\\\/\\\/ponteseditores.com.br\\\/loja3\\\/#organization\"},\"potentialAction\":[{\"@type\":\"SearchAction\",\"target\":{\"@type\":\"EntryPoint\",\"urlTemplate\":\"https:\\\/\\\/ponteseditores.com.br\\\/loja3\\\/?s={search_term_string}\"},\"query-input\":{\"@type\":\"PropertyValueSpecification\",\"valueRequired\":true,\"valueName\":\"search_term_string\"}}],\"inLanguage\":\"pt-BR\"},{\"@type\":\"Organization\",\"@id\":\"https:\\\/\\\/ponteseditores.com.br\\\/loja3\\\/#organization\",\"name\":\"Pontes Editores\",\"url\":\"https:\\\/\\\/ponteseditores.com.br\\\/loja3\\\/\",\"logo\":{\"@type\":\"ImageObject\",\"inLanguage\":\"pt-BR\",\"@id\":\"https:\\\/\\\/ponteseditores.com.br\\\/loja3\\\/#\\\/schema\\\/logo\\\/image\\\/\",\"url\":\"https:\\\/\\\/ponteseditores.com.br\\\/loja3\\\/wp-content\\\/uploads\\\/2023\\\/12\\\/logo-pontes-editores-v2.png\",\"contentUrl\":\"https:\\\/\\\/ponteseditores.com.br\\\/loja3\\\/wp-content\\\/uploads\\\/2023\\\/12\\\/logo-pontes-editores-v2.png\",\"width\":258,\"height\":100,\"caption\":\"Pontes Editores\"},\"image\":{\"@id\":\"https:\\\/\\\/ponteseditores.com.br\\\/loja3\\\/#\\\/schema\\\/logo\\\/image\\\/\"}}]}<\/script>\n<!-- \/ Yoast SEO plugin. -->","yoast_head_json":{"title":"Ret\u00f3rica, argumenta\u00e7\u00e3o e emo\u00e7\u00f5es: itiner\u00e1rios convergentes - Pontes Editores","robots":{"index":"index","follow":"follow","max-snippet":"max-snippet:-1","max-image-preview":"max-image-preview:large","max-video-preview":"max-video-preview:-1"},"canonical":"https:\/\/ponteseditores.com.br\/loja3\/pontes-editores-home-2__trashed\/linguistica\/retorica-argumentacao-e-emocoes-itinerarios-convergentes\/","og_locale":"pt_BR","og_type":"article","og_title":"Ret\u00f3rica, argumenta\u00e7\u00e3o e emo\u00e7\u00f5es: itiner\u00e1rios convergentes - Pontes Editores","og_description":"Como se pode notar [nos textos componentes do livro], as investiga\u00e7\u00f5es sobre o assunto se desenvolveram, consideravelmente, no campo da argumenta\u00e7\u00e3o no discurso, mas ainda h\u00e1 importantes veredas a serem abertas. Nessa dire\u00e7\u00e3o, com a obra ora apresentada e com os futuros eventos que o RETORAR continuar\u00e1 a promover, objetivamos contribuir com o desenvolvimento de [&hellip;]","og_url":"https:\/\/ponteseditores.com.br\/loja3\/pontes-editores-home-2__trashed\/linguistica\/retorica-argumentacao-e-emocoes-itinerarios-convergentes\/","og_site_name":"Pontes Editores","article_modified_time":"2024-11-01T18:53:39+00:00","og_image":[{"width":456,"height":661,"url":"https:\/\/ponteseditores.com.br\/loja3\/wp-content\/uploads\/2024\/07\/Capa_Retorica_Argumentacao.jpg","type":"image\/jpeg"}],"twitter_card":"summary_large_image","twitter_misc":{"Est. tempo de leitura":"2 minutos"},"schema":{"@context":"https:\/\/schema.org","@graph":[{"@type":"WebPage","@id":"https:\/\/ponteseditores.com.br\/loja3\/pontes-editores-home-2__trashed\/linguistica\/retorica-argumentacao-e-emocoes-itinerarios-convergentes\/","url":"https:\/\/ponteseditores.com.br\/loja3\/pontes-editores-home-2__trashed\/linguistica\/retorica-argumentacao-e-emocoes-itinerarios-convergentes\/","name":"Ret\u00f3rica, argumenta\u00e7\u00e3o e emo\u00e7\u00f5es: itiner\u00e1rios convergentes - Pontes Editores","isPartOf":{"@id":"https:\/\/ponteseditores.com.br\/loja3\/#website"},"primaryImageOfPage":{"@id":"https:\/\/ponteseditores.com.br\/loja3\/pontes-editores-home-2__trashed\/linguistica\/retorica-argumentacao-e-emocoes-itinerarios-convergentes\/#primaryimage"},"image":{"@id":"https:\/\/ponteseditores.com.br\/loja3\/pontes-editores-home-2__trashed\/linguistica\/retorica-argumentacao-e-emocoes-itinerarios-convergentes\/#primaryimage"},"thumbnailUrl":"https:\/\/ponteseditores.com.br\/loja3\/wp-content\/uploads\/2024\/07\/Capa_Retorica_Argumentacao.jpg","datePublished":"2024-07-25T13:24:00+00:00","dateModified":"2024-11-01T18:53:39+00:00","breadcrumb":{"@id":"https:\/\/ponteseditores.com.br\/loja3\/pontes-editores-home-2__trashed\/linguistica\/retorica-argumentacao-e-emocoes-itinerarios-convergentes\/#breadcrumb"},"inLanguage":"pt-BR","potentialAction":[{"@type":"ReadAction","target":["https:\/\/ponteseditores.com.br\/loja3\/pontes-editores-home-2__trashed\/linguistica\/retorica-argumentacao-e-emocoes-itinerarios-convergentes\/"]}]},{"@type":"ImageObject","inLanguage":"pt-BR","@id":"https:\/\/ponteseditores.com.br\/loja3\/pontes-editores-home-2__trashed\/linguistica\/retorica-argumentacao-e-emocoes-itinerarios-convergentes\/#primaryimage","url":"https:\/\/ponteseditores.com.br\/loja3\/wp-content\/uploads\/2024\/07\/Capa_Retorica_Argumentacao.jpg","contentUrl":"https:\/\/ponteseditores.com.br\/loja3\/wp-content\/uploads\/2024\/07\/Capa_Retorica_Argumentacao.jpg","width":456,"height":661},{"@type":"BreadcrumbList","@id":"https:\/\/ponteseditores.com.br\/loja3\/pontes-editores-home-2__trashed\/linguistica\/retorica-argumentacao-e-emocoes-itinerarios-convergentes\/#breadcrumb","itemListElement":[{"@type":"ListItem","position":1,"name":"Home","item":"https:\/\/ponteseditores.com.br\/loja3\/"},{"@type":"ListItem","position":2,"name":"loja","item":"https:\/\/ponteseditores.com.br\/loja3\/loja\/"},{"@type":"ListItem","position":3,"name":"Ret\u00f3rica, argumenta\u00e7\u00e3o e emo\u00e7\u00f5es: itiner\u00e1rios convergentes"}]},{"@type":"WebSite","@id":"https:\/\/ponteseditores.com.br\/loja3\/#website","url":"https:\/\/ponteseditores.com.br\/loja3\/","name":"Pontes Editores","description":"Pontes Editores","publisher":{"@id":"https:\/\/ponteseditores.com.br\/loja3\/#organization"},"potentialAction":[{"@type":"SearchAction","target":{"@type":"EntryPoint","urlTemplate":"https:\/\/ponteseditores.com.br\/loja3\/?s={search_term_string}"},"query-input":{"@type":"PropertyValueSpecification","valueRequired":true,"valueName":"search_term_string"}}],"inLanguage":"pt-BR"},{"@type":"Organization","@id":"https:\/\/ponteseditores.com.br\/loja3\/#organization","name":"Pontes Editores","url":"https:\/\/ponteseditores.com.br\/loja3\/","logo":{"@type":"ImageObject","inLanguage":"pt-BR","@id":"https:\/\/ponteseditores.com.br\/loja3\/#\/schema\/logo\/image\/","url":"https:\/\/ponteseditores.com.br\/loja3\/wp-content\/uploads\/2023\/12\/logo-pontes-editores-v2.png","contentUrl":"https:\/\/ponteseditores.com.br\/loja3\/wp-content\/uploads\/2023\/12\/logo-pontes-editores-v2.png","width":258,"height":100,"caption":"Pontes Editores"},"image":{"@id":"https:\/\/ponteseditores.com.br\/loja3\/#\/schema\/logo\/image\/"}}]}},"_links":{"self":[{"href":"https:\/\/ponteseditores.com.br\/loja3\/wp-json\/wp\/v2\/product\/14150","targetHints":{"allow":["GET"]}}],"collection":[{"href":"https:\/\/ponteseditores.com.br\/loja3\/wp-json\/wp\/v2\/product"}],"about":[{"href":"https:\/\/ponteseditores.com.br\/loja3\/wp-json\/wp\/v2\/types\/product"}],"replies":[{"embeddable":true,"href":"https:\/\/ponteseditores.com.br\/loja3\/wp-json\/wp\/v2\/comments?post=14150"}],"version-history":[{"count":1,"href":"https:\/\/ponteseditores.com.br\/loja3\/wp-json\/wp\/v2\/product\/14150\/revisions"}],"predecessor-version":[{"id":17653,"href":"https:\/\/ponteseditores.com.br\/loja3\/wp-json\/wp\/v2\/product\/14150\/revisions\/17653"}],"wp:featuredmedia":[{"embeddable":true,"href":"https:\/\/ponteseditores.com.br\/loja3\/wp-json\/wp\/v2\/media\/14151"}],"wp:attachment":[{"href":"https:\/\/ponteseditores.com.br\/loja3\/wp-json\/wp\/v2\/media?parent=14150"}],"wp:term":[{"taxonomy":"product_brand","embeddable":true,"href":"https:\/\/ponteseditores.com.br\/loja3\/wp-json\/wp\/v2\/product_brand?post=14150"},{"taxonomy":"product_cat","embeddable":true,"href":"https:\/\/ponteseditores.com.br\/loja3\/wp-json\/wp\/v2\/product_cat?post=14150"},{"taxonomy":"product_tag","embeddable":true,"href":"https:\/\/ponteseditores.com.br\/loja3\/wp-json\/wp\/v2\/product_tag?post=14150"}],"curies":[{"name":"wp","href":"https:\/\/api.w.org\/{rel}","templated":true}]}}