{"id":14022,"date":"2024-07-22T13:33:54","date_gmt":"2024-07-22T16:33:54","guid":{"rendered":"https:\/\/ponteseditores.com.br\/loja3\/?post_type=product&#038;p=14022"},"modified":"2024-07-22T13:33:55","modified_gmt":"2024-07-22T16:33:55","slug":"mulheres-em-discurso-genero-linguagem-e-ideologia-volume-1","status":"publish","type":"product","link":"https:\/\/ponteseditores.com.br\/loja3\/pontes-editores-home-2__trashed\/analise-do-discurso\/mulheres-em-discurso-genero-linguagem-e-ideologia-volume-1\/","title":{"rendered":"Mulheres em Discurso  G\u00eanero, Linguagem e Ideologia Volume 1"},"content":{"rendered":"<table style=\"height: 420px;\" width=\"1343\">\n<tbody>\n<tr>\n<td width=\"594\">Os cap\u00edtulos deste livro: \u201cMulheres em discurso: g\u00eanero, linguagem e ideologia\u201d, abordam os diversos modos de exist\u00eancia hist\u00f3rica e de circula\u00e7\u00e3o discursiva de objetos equ\u00edvocos e paradoxais, enla\u00e7ados a processos de subjetiva\u00e7\u00e3o que envolvem constitutivamente identifica\u00e7\u00f5es de g\u00eanero. Para a an\u00e1lise de discurso a qual nos filiamos \u00e9 a figura da interpela\u00e7\u00e3o ideol\u00f3gica que nos permite entender os processos de identifica\u00e7\u00e3o que constituem o sujeito do discurso, a partir de sua inscri\u00e7\u00e3o no simb\u00f3lico e na hist\u00f3ria.<\/p>\n<p>Processos de identifica\u00e7\u00e3o que se caracterizam como um movimento contradit\u00f3rio de reconhecimento\/desconhecimento do sujeito em rela\u00e7\u00e3o \u00e0s determina\u00e7\u00f5es do inconsciente e da ideologia que o constituem, materializadas nos processos discursivos. Convidamos, ent\u00e3o, o leitor a mergulhar na leitura dos cap\u00edtulos deste livro, assim como os do segundo volume: \u201cMulheres em discurso: identifica\u00e7oes de g\u00eanero e pr\u00e1ticas de resist\u00eancia\u201d que completa esta publica\u00e7\u00e3o.<\/p>\n<p>Acreditamos que o trabalho de nosso grupo\u00a0 contribui para o debate trazendo um conjunto rico e diverso de objetos de an\u00e1lise e de reflex\u00f5es te\u00f3ricas sobre as identifica\u00e7\u00f5es de g\u00eanero\/sexualidade, tal como as compreendemos a partir da An\u00e1lise de discurso.<\/td>\n<\/tr>\n<\/tbody>\n<\/table>\n","protected":false},"excerpt":{"rendered":"<p>Os cap\u00edtulos deste livro: \u201cMulheres em discurso: g\u00eanero, linguagem e ideologia\u201d, abordam os diversos modos de exist\u00eancia hist\u00f3rica e de circula\u00e7\u00e3o discursiva de objetos equ\u00edvocos e paradoxais, enla\u00e7ados a processos de subjetiva\u00e7\u00e3o que envolvem constitutivamente identifica\u00e7\u00f5es de g\u00eanero. Para a an\u00e1lise de discurso a qual nos filiamos \u00e9 a figura da interpela\u00e7\u00e3o ideol\u00f3gica que nos [&hellip;]<\/p>\n","protected":false},"featured_media":14023,"comment_status":"open","ping_status":"closed","template":"","meta":{"_joinchat":[]},"product_brand":[],"product_cat":[36],"product_tag":[],"class_list":{"0":"post-14022","1":"product","2":"type-product","3":"status-publish","4":"has-post-thumbnail","6":"product_cat-analise-do-discurso","8":"first","9":"instock","10":"shipping-taxable","11":"purchasable","12":"product-type-simple"},"yoast_head":"<!-- This site is optimized with the Yoast SEO plugin v27.4 - https:\/\/yoast.com\/product\/yoast-seo-wordpress\/ -->\n<title>Mulheres em Discurso G\u00eanero, Linguagem e Ideologia Volume 1 - Pontes Editores<\/title>\n<meta name=\"robots\" content=\"index, follow, max-snippet:-1, max-image-preview:large, max-video-preview:-1\" \/>\n<link rel=\"canonical\" href=\"https:\/\/ponteseditores.com.br\/loja3\/pontes-editores-home-2__trashed\/analise-do-discurso\/mulheres-em-discurso-genero-linguagem-e-ideologia-volume-1\/\" \/>\n<meta property=\"og:locale\" content=\"pt_BR\" \/>\n<meta property=\"og:type\" content=\"article\" \/>\n<meta property=\"og:title\" content=\"Mulheres em Discurso G\u00eanero, Linguagem e Ideologia Volume 1 - Pontes Editores\" \/>\n<meta property=\"og:description\" content=\"Os cap\u00edtulos deste livro: \u201cMulheres em discurso: g\u00eanero, linguagem e ideologia\u201d, abordam os diversos modos de exist\u00eancia hist\u00f3rica e de circula\u00e7\u00e3o discursiva de objetos equ\u00edvocos e paradoxais, enla\u00e7ados a processos de subjetiva\u00e7\u00e3o que envolvem constitutivamente identifica\u00e7\u00f5es de g\u00eanero. Para a an\u00e1lise de discurso a qual nos filiamos \u00e9 a figura da interpela\u00e7\u00e3o ideol\u00f3gica que nos [&hellip;]\" \/>\n<meta property=\"og:url\" content=\"https:\/\/ponteseditores.com.br\/loja3\/pontes-editores-home-2__trashed\/analise-do-discurso\/mulheres-em-discurso-genero-linguagem-e-ideologia-volume-1\/\" \/>\n<meta property=\"og:site_name\" content=\"Pontes Editores\" \/>\n<meta property=\"article:modified_time\" content=\"2024-07-22T16:33:55+00:00\" \/>\n<meta property=\"og:image\" content=\"https:\/\/ponteseditores.com.br\/loja3\/wp-content\/uploads\/2024\/07\/mulheres-em-discurso-genero-linguagem-e-ideologia-capa.jpg\" \/>\n\t<meta property=\"og:image:width\" content=\"512\" \/>\n\t<meta property=\"og:image:height\" content=\"768\" \/>\n\t<meta property=\"og:image:type\" content=\"image\/jpeg\" \/>\n<meta name=\"twitter:card\" content=\"summary_large_image\" \/>\n<meta name=\"twitter:label1\" content=\"Est. tempo de leitura\" \/>\n\t<meta name=\"twitter:data1\" content=\"2 minutos\" \/>\n<script type=\"application\/ld+json\" class=\"yoast-schema-graph\">{\"@context\":\"https:\\\/\\\/schema.org\",\"@graph\":[{\"@type\":\"WebPage\",\"@id\":\"https:\\\/\\\/ponteseditores.com.br\\\/loja3\\\/pontes-editores-home-2__trashed\\\/analise-do-discurso\\\/mulheres-em-discurso-genero-linguagem-e-ideologia-volume-1\\\/\",\"url\":\"https:\\\/\\\/ponteseditores.com.br\\\/loja3\\\/pontes-editores-home-2__trashed\\\/analise-do-discurso\\\/mulheres-em-discurso-genero-linguagem-e-ideologia-volume-1\\\/\",\"name\":\"Mulheres em Discurso G\u00eanero, Linguagem e Ideologia Volume 1 - Pontes Editores\",\"isPartOf\":{\"@id\":\"https:\\\/\\\/ponteseditores.com.br\\\/loja3\\\/#website\"},\"primaryImageOfPage\":{\"@id\":\"https:\\\/\\\/ponteseditores.com.br\\\/loja3\\\/pontes-editores-home-2__trashed\\\/analise-do-discurso\\\/mulheres-em-discurso-genero-linguagem-e-ideologia-volume-1\\\/#primaryimage\"},\"image\":{\"@id\":\"https:\\\/\\\/ponteseditores.com.br\\\/loja3\\\/pontes-editores-home-2__trashed\\\/analise-do-discurso\\\/mulheres-em-discurso-genero-linguagem-e-ideologia-volume-1\\\/#primaryimage\"},\"thumbnailUrl\":\"https:\\\/\\\/ponteseditores.com.br\\\/loja3\\\/wp-content\\\/uploads\\\/2024\\\/07\\\/mulheres-em-discurso-genero-linguagem-e-ideologia-capa.jpg\",\"datePublished\":\"2024-07-22T16:33:54+00:00\",\"dateModified\":\"2024-07-22T16:33:55+00:00\",\"breadcrumb\":{\"@id\":\"https:\\\/\\\/ponteseditores.com.br\\\/loja3\\\/pontes-editores-home-2__trashed\\\/analise-do-discurso\\\/mulheres-em-discurso-genero-linguagem-e-ideologia-volume-1\\\/#breadcrumb\"},\"inLanguage\":\"pt-BR\",\"potentialAction\":[{\"@type\":\"ReadAction\",\"target\":[\"https:\\\/\\\/ponteseditores.com.br\\\/loja3\\\/pontes-editores-home-2__trashed\\\/analise-do-discurso\\\/mulheres-em-discurso-genero-linguagem-e-ideologia-volume-1\\\/\"]}]},{\"@type\":\"ImageObject\",\"inLanguage\":\"pt-BR\",\"@id\":\"https:\\\/\\\/ponteseditores.com.br\\\/loja3\\\/pontes-editores-home-2__trashed\\\/analise-do-discurso\\\/mulheres-em-discurso-genero-linguagem-e-ideologia-volume-1\\\/#primaryimage\",\"url\":\"https:\\\/\\\/ponteseditores.com.br\\\/loja3\\\/wp-content\\\/uploads\\\/2024\\\/07\\\/mulheres-em-discurso-genero-linguagem-e-ideologia-capa.jpg\",\"contentUrl\":\"https:\\\/\\\/ponteseditores.com.br\\\/loja3\\\/wp-content\\\/uploads\\\/2024\\\/07\\\/mulheres-em-discurso-genero-linguagem-e-ideologia-capa.jpg\",\"width\":512,\"height\":768},{\"@type\":\"BreadcrumbList\",\"@id\":\"https:\\\/\\\/ponteseditores.com.br\\\/loja3\\\/pontes-editores-home-2__trashed\\\/analise-do-discurso\\\/mulheres-em-discurso-genero-linguagem-e-ideologia-volume-1\\\/#breadcrumb\",\"itemListElement\":[{\"@type\":\"ListItem\",\"position\":1,\"name\":\"Home\",\"item\":\"https:\\\/\\\/ponteseditores.com.br\\\/loja3\\\/\"},{\"@type\":\"ListItem\",\"position\":2,\"name\":\"loja\",\"item\":\"https:\\\/\\\/ponteseditores.com.br\\\/loja3\\\/loja\\\/\"},{\"@type\":\"ListItem\",\"position\":3,\"name\":\"Mulheres em Discurso G\u00eanero, Linguagem e Ideologia Volume 1\"}]},{\"@type\":\"WebSite\",\"@id\":\"https:\\\/\\\/ponteseditores.com.br\\\/loja3\\\/#website\",\"url\":\"https:\\\/\\\/ponteseditores.com.br\\\/loja3\\\/\",\"name\":\"Pontes Editores\",\"description\":\"Pontes Editores\",\"publisher\":{\"@id\":\"https:\\\/\\\/ponteseditores.com.br\\\/loja3\\\/#organization\"},\"potentialAction\":[{\"@type\":\"SearchAction\",\"target\":{\"@type\":\"EntryPoint\",\"urlTemplate\":\"https:\\\/\\\/ponteseditores.com.br\\\/loja3\\\/?s={search_term_string}\"},\"query-input\":{\"@type\":\"PropertyValueSpecification\",\"valueRequired\":true,\"valueName\":\"search_term_string\"}}],\"inLanguage\":\"pt-BR\"},{\"@type\":\"Organization\",\"@id\":\"https:\\\/\\\/ponteseditores.com.br\\\/loja3\\\/#organization\",\"name\":\"Pontes Editores\",\"url\":\"https:\\\/\\\/ponteseditores.com.br\\\/loja3\\\/\",\"logo\":{\"@type\":\"ImageObject\",\"inLanguage\":\"pt-BR\",\"@id\":\"https:\\\/\\\/ponteseditores.com.br\\\/loja3\\\/#\\\/schema\\\/logo\\\/image\\\/\",\"url\":\"https:\\\/\\\/ponteseditores.com.br\\\/loja3\\\/wp-content\\\/uploads\\\/2023\\\/12\\\/logo-pontes-editores-v2.png\",\"contentUrl\":\"https:\\\/\\\/ponteseditores.com.br\\\/loja3\\\/wp-content\\\/uploads\\\/2023\\\/12\\\/logo-pontes-editores-v2.png\",\"width\":258,\"height\":100,\"caption\":\"Pontes Editores\"},\"image\":{\"@id\":\"https:\\\/\\\/ponteseditores.com.br\\\/loja3\\\/#\\\/schema\\\/logo\\\/image\\\/\"}}]}<\/script>\n<!-- \/ Yoast SEO plugin. -->","yoast_head_json":{"title":"Mulheres em Discurso G\u00eanero, Linguagem e Ideologia Volume 1 - Pontes Editores","robots":{"index":"index","follow":"follow","max-snippet":"max-snippet:-1","max-image-preview":"max-image-preview:large","max-video-preview":"max-video-preview:-1"},"canonical":"https:\/\/ponteseditores.com.br\/loja3\/pontes-editores-home-2__trashed\/analise-do-discurso\/mulheres-em-discurso-genero-linguagem-e-ideologia-volume-1\/","og_locale":"pt_BR","og_type":"article","og_title":"Mulheres em Discurso G\u00eanero, Linguagem e Ideologia Volume 1 - Pontes Editores","og_description":"Os cap\u00edtulos deste livro: \u201cMulheres em discurso: g\u00eanero, linguagem e ideologia\u201d, abordam os diversos modos de exist\u00eancia hist\u00f3rica e de circula\u00e7\u00e3o discursiva de objetos equ\u00edvocos e paradoxais, enla\u00e7ados a processos de subjetiva\u00e7\u00e3o que envolvem constitutivamente identifica\u00e7\u00f5es de g\u00eanero. Para a an\u00e1lise de discurso a qual nos filiamos \u00e9 a figura da interpela\u00e7\u00e3o ideol\u00f3gica que nos [&hellip;]","og_url":"https:\/\/ponteseditores.com.br\/loja3\/pontes-editores-home-2__trashed\/analise-do-discurso\/mulheres-em-discurso-genero-linguagem-e-ideologia-volume-1\/","og_site_name":"Pontes Editores","article_modified_time":"2024-07-22T16:33:55+00:00","og_image":[{"width":512,"height":768,"url":"https:\/\/ponteseditores.com.br\/loja3\/wp-content\/uploads\/2024\/07\/mulheres-em-discurso-genero-linguagem-e-ideologia-capa.jpg","type":"image\/jpeg"}],"twitter_card":"summary_large_image","twitter_misc":{"Est. tempo de leitura":"2 minutos"},"schema":{"@context":"https:\/\/schema.org","@graph":[{"@type":"WebPage","@id":"https:\/\/ponteseditores.com.br\/loja3\/pontes-editores-home-2__trashed\/analise-do-discurso\/mulheres-em-discurso-genero-linguagem-e-ideologia-volume-1\/","url":"https:\/\/ponteseditores.com.br\/loja3\/pontes-editores-home-2__trashed\/analise-do-discurso\/mulheres-em-discurso-genero-linguagem-e-ideologia-volume-1\/","name":"Mulheres em Discurso G\u00eanero, Linguagem e Ideologia Volume 1 - Pontes Editores","isPartOf":{"@id":"https:\/\/ponteseditores.com.br\/loja3\/#website"},"primaryImageOfPage":{"@id":"https:\/\/ponteseditores.com.br\/loja3\/pontes-editores-home-2__trashed\/analise-do-discurso\/mulheres-em-discurso-genero-linguagem-e-ideologia-volume-1\/#primaryimage"},"image":{"@id":"https:\/\/ponteseditores.com.br\/loja3\/pontes-editores-home-2__trashed\/analise-do-discurso\/mulheres-em-discurso-genero-linguagem-e-ideologia-volume-1\/#primaryimage"},"thumbnailUrl":"https:\/\/ponteseditores.com.br\/loja3\/wp-content\/uploads\/2024\/07\/mulheres-em-discurso-genero-linguagem-e-ideologia-capa.jpg","datePublished":"2024-07-22T16:33:54+00:00","dateModified":"2024-07-22T16:33:55+00:00","breadcrumb":{"@id":"https:\/\/ponteseditores.com.br\/loja3\/pontes-editores-home-2__trashed\/analise-do-discurso\/mulheres-em-discurso-genero-linguagem-e-ideologia-volume-1\/#breadcrumb"},"inLanguage":"pt-BR","potentialAction":[{"@type":"ReadAction","target":["https:\/\/ponteseditores.com.br\/loja3\/pontes-editores-home-2__trashed\/analise-do-discurso\/mulheres-em-discurso-genero-linguagem-e-ideologia-volume-1\/"]}]},{"@type":"ImageObject","inLanguage":"pt-BR","@id":"https:\/\/ponteseditores.com.br\/loja3\/pontes-editores-home-2__trashed\/analise-do-discurso\/mulheres-em-discurso-genero-linguagem-e-ideologia-volume-1\/#primaryimage","url":"https:\/\/ponteseditores.com.br\/loja3\/wp-content\/uploads\/2024\/07\/mulheres-em-discurso-genero-linguagem-e-ideologia-capa.jpg","contentUrl":"https:\/\/ponteseditores.com.br\/loja3\/wp-content\/uploads\/2024\/07\/mulheres-em-discurso-genero-linguagem-e-ideologia-capa.jpg","width":512,"height":768},{"@type":"BreadcrumbList","@id":"https:\/\/ponteseditores.com.br\/loja3\/pontes-editores-home-2__trashed\/analise-do-discurso\/mulheres-em-discurso-genero-linguagem-e-ideologia-volume-1\/#breadcrumb","itemListElement":[{"@type":"ListItem","position":1,"name":"Home","item":"https:\/\/ponteseditores.com.br\/loja3\/"},{"@type":"ListItem","position":2,"name":"loja","item":"https:\/\/ponteseditores.com.br\/loja3\/loja\/"},{"@type":"ListItem","position":3,"name":"Mulheres em Discurso G\u00eanero, Linguagem e Ideologia Volume 1"}]},{"@type":"WebSite","@id":"https:\/\/ponteseditores.com.br\/loja3\/#website","url":"https:\/\/ponteseditores.com.br\/loja3\/","name":"Pontes Editores","description":"Pontes Editores","publisher":{"@id":"https:\/\/ponteseditores.com.br\/loja3\/#organization"},"potentialAction":[{"@type":"SearchAction","target":{"@type":"EntryPoint","urlTemplate":"https:\/\/ponteseditores.com.br\/loja3\/?s={search_term_string}"},"query-input":{"@type":"PropertyValueSpecification","valueRequired":true,"valueName":"search_term_string"}}],"inLanguage":"pt-BR"},{"@type":"Organization","@id":"https:\/\/ponteseditores.com.br\/loja3\/#organization","name":"Pontes Editores","url":"https:\/\/ponteseditores.com.br\/loja3\/","logo":{"@type":"ImageObject","inLanguage":"pt-BR","@id":"https:\/\/ponteseditores.com.br\/loja3\/#\/schema\/logo\/image\/","url":"https:\/\/ponteseditores.com.br\/loja3\/wp-content\/uploads\/2023\/12\/logo-pontes-editores-v2.png","contentUrl":"https:\/\/ponteseditores.com.br\/loja3\/wp-content\/uploads\/2023\/12\/logo-pontes-editores-v2.png","width":258,"height":100,"caption":"Pontes Editores"},"image":{"@id":"https:\/\/ponteseditores.com.br\/loja3\/#\/schema\/logo\/image\/"}}]}},"_links":{"self":[{"href":"https:\/\/ponteseditores.com.br\/loja3\/wp-json\/wp\/v2\/product\/14022","targetHints":{"allow":["GET"]}}],"collection":[{"href":"https:\/\/ponteseditores.com.br\/loja3\/wp-json\/wp\/v2\/product"}],"about":[{"href":"https:\/\/ponteseditores.com.br\/loja3\/wp-json\/wp\/v2\/types\/product"}],"replies":[{"embeddable":true,"href":"https:\/\/ponteseditores.com.br\/loja3\/wp-json\/wp\/v2\/comments?post=14022"}],"version-history":[{"count":0,"href":"https:\/\/ponteseditores.com.br\/loja3\/wp-json\/wp\/v2\/product\/14022\/revisions"}],"wp:featuredmedia":[{"embeddable":true,"href":"https:\/\/ponteseditores.com.br\/loja3\/wp-json\/wp\/v2\/media\/14023"}],"wp:attachment":[{"href":"https:\/\/ponteseditores.com.br\/loja3\/wp-json\/wp\/v2\/media?parent=14022"}],"wp:term":[{"taxonomy":"product_brand","embeddable":true,"href":"https:\/\/ponteseditores.com.br\/loja3\/wp-json\/wp\/v2\/product_brand?post=14022"},{"taxonomy":"product_cat","embeddable":true,"href":"https:\/\/ponteseditores.com.br\/loja3\/wp-json\/wp\/v2\/product_cat?post=14022"},{"taxonomy":"product_tag","embeddable":true,"href":"https:\/\/ponteseditores.com.br\/loja3\/wp-json\/wp\/v2\/product_tag?post=14022"}],"curies":[{"name":"wp","href":"https:\/\/api.w.org\/{rel}","templated":true}]}}